{"id":3320,"date":"2024-12-23T09:06:12","date_gmt":"2024-12-23T09:06:12","guid":{"rendered":"https:\/\/vapestornado.com\/?post_type=product&#038;p=3320"},"modified":"2025-08-23T12:20:34","modified_gmt":"2025-08-23T12:20:34","slug":"bang-box-35k-puffs-high-capacity-long-lasting-disposable-vape","status":"publish","type":"product","link":"https:\/\/vapestornado.com\/sk\/product\/bang-box-35k-puffs-high-capacity-long-lasting-disposable-vape\/","title":{"rendered":"Bang Box 35k \u0165ahov s vysokou kapacitou, dlhotrvaj\u00faca jednorazov\u00e1 e-cigareta"},"content":{"rendered":"<h1>Bang Box 35k \u0165ahov s vysokou kapacitou, dlhotrvaj\u00faca jednorazov\u00e1 e-cigareta<\/h1>\n<p>&nbsp;<\/p>\n<div role=\"article\" data-tabster=\"{&quot;groupper&quot;:{&quot;tabbability&quot;:2},&quot;focusable&quot;:{}}\" data-content=\"ai-message\" aria-labelledby=\"64JRvXrTnY7mRmPkEQLLT-author 64JRvXrTnY7mRmPkEQLLT-content\">\n<div id=\"64JRvXrTnY7mRmPkEQLLT-content\">\n<p>Bang Box 35k Puffs nanovo definuje pohodlie a v\u00fdkon vo svete jednorazov\u00fdch vapiek. Toto zariadenie je navrhnut\u00e9 pre pou\u017e\u00edvate\u013eov, ktor\u00ed h\u013eadaj\u00fa dlhotrvaj\u00faci v\u00fdkon a bohat\u00fa chu\u0165 a poskytuje <strong>35 000+ potiahnut\u00ed<\/strong> z jeho pokro\u010dil\u00e9ho nastavenia. S <strong>23 ml predplnenou e-liquidovou kazetou<\/strong> a <strong>nastavite\u013en\u00fd prietok vzduchu<\/strong>zariadenie uspokoj\u00ed \u0161t\u00fdly vapovania MTL aj DTL a poskytuje prisp\u00f4soben\u00fd z\u00e1\u017eitok pre ka\u017ed\u00e9ho pou\u017e\u00edvate\u013ea. Jeho <strong>dvojit\u00e9 vykurovacie dr\u00f4tov\u00e9 sie\u0165ov\u00e9 jadro (0,8 \u03a9)<\/strong> pracuje s v\u00fdstupn\u00fdm rozsahom <strong>15W-25W<\/strong>, \u010d\u00edm zais\u0165uje konzistentn\u00fa produkciu pary a hladk\u00fa chu\u0165 pri ka\u017edom potiahnut\u00ed. Poh\u00e1\u0148an\u00e9 <strong>112040-950mAh \u010distou kobaltovou bat\u00e9riou<\/strong> s <strong>5A vyb\u00edjac\u00ed pr\u00fad<\/strong>, poskytuje spo\u013eahliv\u00fd a dlhotrvaj\u00faci v\u00fdkon. Robustn\u00e1 bat\u00e9ria zais\u0165uje dlh\u0161ie pou\u017e\u00edvanie a r\u00fdchle nab\u00edjanie cez port Type-C.<\/p>\n<p>V\u010faka kombin\u00e1cii \u0161pi\u010dkov\u00fdch funkci\u00ed a elegantn\u00e9ho dizajnu s\u00fa vapy Bang Box 35000 puffs ide\u00e1lne na celodenn\u00e9 pou\u017e\u00edvanie, \u010di u\u017e relaxujete doma alebo ste na cest\u00e1ch. Kompaktn\u00fd, v\u00fdkonn\u00fd a v\u0161estrann\u00fd, je to dokonal\u00e1 vo\u013eba pre nad\u0161encov vapovania.<\/p>\n<figure id=\"attachment_3482\" aria-describedby=\"caption-attachment-3482\" style=\"width: 742px\" class=\"wp-caption alignnone\"><img fetchpriority=\"high\" decoding=\"async\" class=\"wp-image-3482\" src=\"https:\/\/vapestornado.com\/wp-content\/uploads\/2024\/12\/Bang-Box-35000-puffs-Top-Sale-Vapes-1024x697.jpg\" alt=\"Bang Box 35000 puffs Najpred\u00e1vanej\u0161ie vapy\" width=\"742\" height=\"505\" srcset=\"https:\/\/vapestornado.com\/wp-content\/uploads\/2024\/12\/Bang-Box-35000-puffs-Top-Sale-Vapes-1024x697.jpg 1024w, https:\/\/vapestornado.com\/wp-content\/uploads\/2024\/12\/Bang-Box-35000-puffs-Top-Sale-Vapes-300x204.jpg 300w, https:\/\/vapestornado.com\/wp-content\/uploads\/2024\/12\/Bang-Box-35000-puffs-Top-Sale-Vapes-768x523.jpg 768w, https:\/\/vapestornado.com\/wp-content\/uploads\/2024\/12\/Bang-Box-35000-puffs-Top-Sale-Vapes-600x408.jpg 600w, https:\/\/vapestornado.com\/wp-content\/uploads\/2024\/12\/Bang-Box-35000-puffs-Top-Sale-Vapes.jpg 1500w\" sizes=\"(max-width: 742px) 100vw, 742px\" \/><figcaption id=\"caption-attachment-3482\" class=\"wp-caption-text\">Bang Box 35000 puffs Najpred\u00e1vanej\u0161ie vapy<\/figcaption><\/figure>\n<\/div>\n<\/div>\n<p><img decoding=\"async\" class=\"alignleft wp-image-2951 size-medium\" src=\"https:\/\/vapestornado.com\/wp-content\/uploads\/2024\/12\/Wholesale-Disposable-Vape-265x300.jpg\" alt=\"Ve\u013ekoobchodn\u00fd Jednorazov\u00fd Vape\" width=\"265\" height=\"300\" srcset=\"https:\/\/vapestornado.com\/wp-content\/uploads\/2024\/12\/Wholesale-Disposable-Vape-265x300.jpg 265w, https:\/\/vapestornado.com\/wp-content\/uploads\/2024\/12\/Wholesale-Disposable-Vape-768x871.jpg 768w, https:\/\/vapestornado.com\/wp-content\/uploads\/2024\/12\/Wholesale-Disposable-Vape-600x680.jpg 600w, https:\/\/vapestornado.com\/wp-content\/uploads\/2024\/12\/Wholesale-Disposable-Vape.jpg 823w\" sizes=\"(max-width: 265px) 100vw, 265px\" \/><\/p>\n<h6>Pre z\u013eavnen\u00fa cenu kontaktujte Mandy na WhatsApp<a href=\"https:\/\/wa.me\/8618077105796\" target=\"_blank\" rel=\"noopener\">+8618077105796<\/a><\/h6>\n<div class=\"flex max-w-full flex-col flex-grow\">\n<div class=\"min-h-8 text-message flex w-full flex-col items-end gap-2 whitespace-normal break-words text-start [.text-message+&amp;]:mt-5\" dir=\"auto\" data-message-author-role=\"assistant\" data-message-id=\"cdb991c0-f594-4bff-b2d5-fbbdd7ce9e54\" data-message-model-slug=\"gpt-4o-mini\">\n<div class=\"flex w-full flex-col gap-1 empty:hidden first:pt-[3px]\">\n<div class=\"markdown prose w-full break-words dark:prose-invert light\">\n<h2>\u0160pecifik\u00e1cie bang vape 35k Puffs<\/h2>\n<ul>\n<li><strong>Potiahnut\u00ed<\/strong>: 35,000+<\/li>\n<li><strong>E-liquid<\/strong>: 23 ml predplnen\u00e1 kazeta<\/li>\n<li><strong>Nikot\u00edn<\/strong>: mo\u017enosti 0%, 2%, 3%, 5%<\/li>\n<li><strong>Bat\u00e9ria<\/strong>: 950mAh, nab\u00edjate\u013en\u00e9 cez Type-C<\/li>\n<li><strong>\u0160pir\u00e1lky<\/strong>: <strong>dvojit\u00e9 vykurovacie dr\u00f4tov\u00e9 sie\u0165ov\u00e9 jadro (0,8 \u03a9)<\/strong><\/li>\n<li><strong>Obrazovky<\/strong>: Du\u00e1lne s dotykov\u00fdm ovl\u00e1dan\u00edm<\/li>\n<li><strong>Re\u017eimy<\/strong>: 3-re\u017eimov\u00e9 pr\u00fadenie vzduchu, 2-re\u017eimov\u00e9 prep\u00ednanie v\u00fdkonu<\/li>\n<li><strong>Funkcie<\/strong>: Nastavite\u013en\u00e9 pr\u00fadenie vzduchu, kompaktn\u00e9 a u\u017e\u00edvate\u013esky pr\u00edvetiv\u00e9<\/li>\n<\/ul>\n<\/div>\n<\/div>\n<\/div>\n<\/div>\n<div class=\"mb-2 flex gap-3 empty:hidden -ml-2\">\n<h2 class=\"items-center justify-start rounded-xl p-1 flex\"><\/h2>\n<\/div>\n<h2>Najlep\u0161ie jednorazov\u00e9 vapy s vysokou kapacitou Bang Box 35k \u0164ahov Zoznam pr\u00edchut\u00ed:<\/h2>\n<p>1. JAHODA KIWI<br \/>\n2. MODR\u00c1 MALINA \u013dAD<br \/>\n3. JAHODOV\u00dd MEL\u00d3N<br \/>\n4. MARAKUJA<br \/>\n5. CITR\u00d3NOV\u00c1 COLA S\u00d3DA<br \/>\n6. MEL\u00d3NOV\u00dd \u013dAD<br \/>\n7. MEL\u00d3NOV\u00c1 \u017dUVA\u010cKA<br \/>\n8. KIWI MARAKUJA GUAVA<br \/>\n9. \u010cU\u010cORIEDKOV\u00dd \u013dAD<br \/>\n10. MEL\u00d3NOV\u00c1 \u010cERE\u0160\u0147A<br \/>\n11. RED BULL<br \/>\n12. M\u00c4TOV\u00dd GRAPEFRUIT<\/p>\n<div role=\"article\" data-tabster=\"{&quot;groupper&quot;:{&quot;tabbability&quot;:2},&quot;focusable&quot;:{}}\" data-content=\"ai-message\" aria-labelledby=\"dARUyEWDoEYhnSPXFwx5A-author dARUyEWDoEYhnSPXFwx5A-content\">\n<div id=\"dARUyEWDoEYhnSPXFwx5A-content\">\n<h3>Pre\u010do si vybra\u0165 vape pody Bang Box 35000 \u0164ahov v <a href=\"https:\/\/vapestornado.com\/sk\/store\/\">vapestornado.sk<\/a>?<\/h3>\n<ul>\n<li><strong>Bezkonkuren\u010dn\u00e1 kapacita<\/strong>: U\u017eite si <strong>35 000+ potiahnut\u00ed<\/strong> s ve\u013ekorys\u00fdm <strong>23ml e-liquidu<\/strong> a <strong>nastavite\u013en\u00fd prietok vzduchu<\/strong> pre prisp\u00f4soben\u00fd z\u00e1\u017eitok z vapovania.<\/li>\n<li><strong>Pokro\u010dil\u00e1 technol\u00f3gia<\/strong>: Poh\u00e1\u0148an\u00e9 <strong>950mAh \u010distou kobaltovou bat\u00e9riou<\/strong> s <strong>5A vyb\u00edjanie<\/strong> a <strong>du\u00e1lnym sie\u0165ov\u00fdm jadrom (0.8\u03a9)<\/strong> doru\u010dovanie <strong>15W-25W<\/strong> v\u00fdstup.<\/li>\n<li><strong>U\u017e\u00edvate\u013esky pr\u00edvetiv\u00fd<\/strong>: Kompaktn\u00fd, elegantn\u00fd dizajn s r\u00fdchlym nab\u00edjan\u00edm typu C pre maxim\u00e1lne pohodlie.<\/li>\n<li><strong>V\u00fdhody vapestornado.com<\/strong>: Autentick\u00e9 produkty, konkurencieschopn\u00e9 ceny a r\u00fdchle doru\u010denie po celej Eur\u00f3pe.<\/li>\n<\/ul>\n<\/div>\n<\/div>\n<h3>\u010cast\u00e9 ot\u00e1zky o Bang Box vape s dlhou v\u00fddr\u017eou a 35 000 potiahnut\u00ed<\/h3>\n<p><strong>Ot\u00e1zka: Ako dlho vydr\u017e\u00ed Bang Box 35 000 Puff vape?<\/strong><br \/>\nOdpove\u010f: Poskytuje <strong>35 000 potiahnut\u00ed<\/strong>\u00a0s odoln\u00fdm <strong>950mAh \u010distou kobaltovou bat\u00e9riou<\/strong>, zais\u0165uj\u00facim dlhodob\u00e9 pou\u017e\u00edvanie.<\/p>\n<p><strong>Ot\u00e1zka: D\u00e1 sa nastavi\u0165 pr\u00fadenie vzduchu?<\/strong><br \/>\nOdpove\u010f: \u00c1no, obsahuje <strong>nastavite\u013en\u00fd prietok vzduchu<\/strong>, vhodn\u00e9 pre \u0161t\u00fdly vapovania MTL aj DTL.<\/p>\n<p><strong>Ot\u00e1zka: \u010c\u00edm je ve\u013ekoobchodn\u00fd Vape Bang Box 35k puff jedine\u010dn\u00fd?<\/strong><br \/>\nOdpove\u010f: Je vybaven\u00fd <strong>dvojit\u00fdm sie\u0165ov\u00fdm vykurovac\u00edm dr\u00f4tom (0,8 \u03a9)<\/strong>, pon\u00faka <strong>v\u00fdstup 15W-25W<\/strong>, a kombinuje elegantn\u00fd dizajn s inovat\u00edvnou technol\u00f3giou pre vynikaj\u00faci v\u00fdkon.<\/p>\n<p><strong>Ot\u00e1zka: Kde si m\u00f4\u017eem k\u00fapi\u0165 Bang Box vape 35000 puff Nab\u00edjate\u013en\u00fd Vape?<\/strong><br \/>\nOdpove\u010f: Je k dispoz\u00edcii v <strong>vapestornado.sk<\/strong>, pon\u00faka autentick\u00e9 produkty, skvel\u00e9 ceny a r\u00fdchle doru\u010denie v r\u00e1mci Eur\u00f3py.<\/p>","protected":false},"excerpt":{"rendered":"<p>Bang Box 35000 Puffs pon\u00faka vysokokapacitn\u00e9, dlhotrvaj\u00face vapovanie s 35 000 potiahnutiami, pr\u00e9miov\u00fdmi pr\u00edchu\u0165ami a elegantn\u00fdm, prenosn\u00fdm dizajnom pre v\u00fdnimo\u010dn\u00fd z\u00e1\u017eitok z vapovania.<\/p>\n<figure id=\"attachment_2951\" aria-describedby=\"caption-attachment-2951\" style=\"width: 265px\" class=\"wp-caption alignnone\"><img decoding=\"async\" class=\"size-medium wp-image-2951\" src=\"https:\/\/vapestornado.com\/wp-content\/uploads\/2024\/12\/Wholesale-Disposable-Vape-265x300.jpg\" alt=\"Ve\u013ekoobchodn\u00fd Jednorazov\u00fd Vape\" width=\"265\" height=\"300\" srcset=\"https:\/\/vapestornado.com\/wp-content\/uploads\/2024\/12\/Wholesale-Disposable-Vape-265x300.jpg 265w, https:\/\/vapestornado.com\/wp-content\/uploads\/2024\/12\/Wholesale-Disposable-Vape-768x871.jpg 768w, https:\/\/vapestornado.com\/wp-content\/uploads\/2024\/12\/Wholesale-Disposable-Vape-600x680.jpg 600w, https:\/\/vapestornado.com\/wp-content\/uploads\/2024\/12\/Wholesale-Disposable-Vape.jpg 823w\" sizes=\"(max-width: 265px) 100vw, 265px\" \/><figcaption id=\"caption-attachment-2951\" class=\"wp-caption-text\">Pre z\u013eavnen\u00fa cenu kontaktujte Mandy na WhatsApp\u00a0 <a href=\"https:\/\/wa.me\/8618077105796\">+8618077105796<\/a><\/figcaption><\/figure>\n<p>&nbsp;<\/p>","protected":false},"featured_media":3480,"comment_status":"open","ping_status":"closed","template":"","meta":{"_acf_changed":false,"_uag_custom_page_level_css":"","_lmt_disableupdate":"no","_lmt_disable":"","_monsterinsights_skip_tracking":false,"_monsterinsights_sitenote_active":false,"_monsterinsights_sitenote_note":"","_monsterinsights_sitenote_category":0,"site-sidebar-layout":"default","site-content-layout":"","ast-site-content-layout":"default","site-content-style":"default","site-sidebar-style":"default","ast-global-header-display":"","ast-banner-title-visibility":"","ast-main-header-display":"","ast-hfb-above-header-display":"","ast-hfb-below-header-display":"","ast-hfb-mobile-header-display":"","site-post-title":"","ast-breadcrumbs-content":"","ast-featured-img":"","footer-sml-layout":"","ast-disable-related-posts":"","theme-transparent-header-meta":"default","adv-header-id-meta":"","stick-header-meta":"","header-above-stick-meta":"","header-main-stick-meta":"","header-below-stick-meta":"","astra-migrate-meta-layouts":"set","ast-page-background-enabled":"default","ast-page-background-meta":{"desktop":{"background-color":"","background-image":"","background-repeat":"repeat","background-position":"center center","background-size":"auto","background-attachment":"scroll","background-type":"","background-media":"","overlay-type":"","overlay-color":"","overlay-opacity":"","overlay-gradient":""},"tablet":{"background-color":"","background-image":"","background-repeat":"repeat","background-position":"center center","background-size":"auto","background-attachment":"scroll","background-type":"","background-media":"","overlay-type":"","overlay-color":"","overlay-opacity":"","overlay-gradient":""},"mobile":{"background-color":"","background-image":"","background-repeat":"repeat","background-position":"center center","background-size":"auto","background-attachment":"scroll","background-type":"","background-media":"","overlay-type":"","overlay-color":"","overlay-opacity":"","overlay-gradient":""}},"ast-content-background-meta":{"desktop":{"background-color":"var(--ast-global-color-5)","background-image":"","background-repeat":"repeat","background-position":"center center","background-size":"auto","background-attachment":"scroll","background-type":"","background-media":"","overlay-type":"","overlay-color":"","overlay-opacity":"","overlay-gradient":""},"tablet":{"background-color":"var(--ast-global-color-5)","background-image":"","background-repeat":"repeat","background-position":"center center","background-size":"auto","background-attachment":"scroll","background-type":"","background-media":"","overlay-type":"","overlay-color":"","overlay-opacity":"","overlay-gradient":""},"mobile":{"background-color":"var(--ast-global-color-5)","background-image":"","background-repeat":"repeat","background-position":"center center","background-size":"auto","background-attachment":"scroll","background-type":"","background-media":"","overlay-type":"","overlay-color":"","overlay-opacity":"","overlay-gradient":""}},"_joinchat":{"telephone":"+8618077105796"}},"product_brand":[],"product_cat":[175,64,150,158],"product_tag":[179,97],"class_list":{"0":"post-3320","1":"product","2":"type-product","3":"status-publish","4":"has-post-thumbnail","6":"product_cat-35000-puff","7":"product_cat-bangbox-vape","8":"product_cat-buy-disposable-vapes-in-belgium","9":"product_cat-buy-disposable-vapes-in-spain","10":"product_tag-bang-box-35000","11":"product_tag-hot-sale-disposable-vape","12":"desktop-align-left","13":"tablet-align-left","14":"mobile-align-left","16":"first","17":"instock","18":"sale","19":"shipping-taxable","20":"purchasable","21":"product-type-simple"},"acf":[],"uagb_featured_image_src":{"full":["https:\/\/vapestornado.com\/wp-content\/uploads\/2024\/12\/Bang-Box-35k-puff-disposable-Vape-good-price.jpg",800,800,false],"thumbnail":["https:\/\/vapestornado.com\/wp-content\/uploads\/2024\/12\/Bang-Box-35k-puff-disposable-Vape-good-price-150x150.jpg",150,150,true],"medium":["https:\/\/vapestornado.com\/wp-content\/uploads\/2024\/12\/Bang-Box-35k-puff-disposable-Vape-good-price-300x300.jpg",300,300,true],"medium_large":["https:\/\/vapestornado.com\/wp-content\/uploads\/2024\/12\/Bang-Box-35k-puff-disposable-Vape-good-price-768x768.jpg",768,768,true],"large":["https:\/\/vapestornado.com\/wp-content\/uploads\/2024\/12\/Bang-Box-35k-puff-disposable-Vape-good-price.jpg",800,800,false],"1536x1536":["https:\/\/vapestornado.com\/wp-content\/uploads\/2024\/12\/Bang-Box-35k-puff-disposable-Vape-good-price.jpg",800,800,false],"2048x2048":["https:\/\/vapestornado.com\/wp-content\/uploads\/2024\/12\/Bang-Box-35k-puff-disposable-Vape-good-price.jpg",800,800,false],"trp-custom-language-flag":["https:\/\/vapestornado.com\/wp-content\/uploads\/2024\/12\/Bang-Box-35k-puff-disposable-Vape-good-price.jpg",12,12,false],"woocommerce_thumbnail":["https:\/\/vapestornado.com\/wp-content\/uploads\/2024\/12\/Bang-Box-35k-puff-disposable-Vape-good-price-300x300.jpg",300,300,true],"woocommerce_single":["https:\/\/vapestornado.com\/wp-content\/uploads\/2024\/12\/Bang-Box-35k-puff-disposable-Vape-good-price-600x600.jpg",600,600,true],"woocommerce_gallery_thumbnail":["https:\/\/vapestornado.com\/wp-content\/uploads\/2024\/12\/Bang-Box-35k-puff-disposable-Vape-good-price-100x100.jpg",100,100,true]},"uagb_author_info":{"display_name":"ESMANDY","author_link":"https:\/\/vapestornado.com\/sk\/author\/"},"uagb_comment_info":0,"uagb_excerpt":"Bang Box 35000 Puffs offers high-capacity, long-lasting vaping with 35,000 puffs, premium flavors, and a sleek, portable design for an exceptional vaping experience. [caption id=\"attachment_2951\" align=\"alignnone\" width=\"265\"] Pls Contact Mandy's WhatsApp For Discount Price\u00a0 +8618077105796[\/caption] &nbsp;","_links":{"self":[{"href":"https:\/\/vapestornado.com\/sk\/wp-json\/wp\/v2\/product\/3320","targetHints":{"allow":["GET"]}}],"collection":[{"href":"https:\/\/vapestornado.com\/sk\/wp-json\/wp\/v2\/product"}],"about":[{"href":"https:\/\/vapestornado.com\/sk\/wp-json\/wp\/v2\/types\/product"}],"replies":[{"embeddable":true,"href":"https:\/\/vapestornado.com\/sk\/wp-json\/wp\/v2\/comments?post=3320"}],"wp:featuredmedia":[{"embeddable":true,"href":"https:\/\/vapestornado.com\/sk\/wp-json\/wp\/v2\/media\/3480"}],"wp:attachment":[{"href":"https:\/\/vapestornado.com\/sk\/wp-json\/wp\/v2\/media?parent=3320"}],"wp:term":[{"taxonomy":"product_brand","embeddable":true,"href":"https:\/\/vapestornado.com\/sk\/wp-json\/wp\/v2\/product_brand?post=3320"},{"taxonomy":"product_cat","embeddable":true,"href":"https:\/\/vapestornado.com\/sk\/wp-json\/wp\/v2\/product_cat?post=3320"},{"taxonomy":"product_tag","embeddable":true,"href":"https:\/\/vapestornado.com\/sk\/wp-json\/wp\/v2\/product_tag?post=3320"}],"curies":[{"name":"wp","href":"https:\/\/api.w.org\/{rel}","templated":true}]}}