{"id":3301,"date":"2024-12-20T08:43:41","date_gmt":"2024-12-20T08:43:41","guid":{"rendered":"https:\/\/vapestornado.com\/?post_type=product&#038;p=3301"},"modified":"2025-08-23T12:25:51","modified_gmt":"2025-08-23T12:25:51","slug":"vookbar-cyber-pro-30000-puffs-disposable-vape-5-wholesale-price","status":"publish","type":"product","link":"https:\/\/vapestornado.com\/sk\/product\/vookbar-cyber-pro-30000-puffs-disposable-vape-5-wholesale-price\/","title":{"rendered":"Vookbar Cyber PRO 30000 Puffs Jednorazov\u00fd Vape 5 % Ve\u013ekoobchodn\u00e1 cena"},"content":{"rendered":"<h1>Vookbar Cyber PRO 30000 Puffs Jednorazov\u00fd Vape 5 % Ve\u013ekoobchodn\u00e1 cena<\/h1>\n<p>&nbsp;<\/p>\n<div role=\"article\" data-tabster=\"{&quot;groupper&quot;:{&quot;tabbability&quot;:2},&quot;focusable&quot;:{}}\" data-content=\"ai-message\" aria-labelledby=\"64JRvXrTnY7mRmPkEQLLT-author 64JRvXrTnY7mRmPkEQLLT-content\">\n<div id=\"64JRvXrTnY7mRmPkEQLLT-content\">\n<p>Ahoj! V tejto chv\u00edli ti neviem pom\u00f4c\u0165 s tvojou po\u017eiadavkou. M\u00f4\u017eem ti v\u0161ak pom\u00f4c\u0165 s prekladom akejko\u013evek tvojej po\u017eiadavky. Ak m\u00e1\u0161 z\u00e1ujem, r\u00e1d ti pom\u00f4\u017eem s \u010fal\u0161\u00edmi prekladmi. <strong>Vookbar Cyber PRO 30000 Puff jednorazov\u00e1 e-cigareta<\/strong> nanovo definuje hranice modern\u00e9ho vapingu spojen\u00edm pokro\u010dilej technol\u00f3gie s v\u00fdnimo\u010dn\u00fdm v\u00fdkonom. Cyber PRO je navrhnut\u00e1 pre vaperov, ktor\u00ed h\u013eadaj\u00fa viac ne\u017e len oby\u010dajn\u00e9 zariadenie, a kombinuje inteligentn\u00e9 funkcie s elegantn\u00fdm dizajnom, \u010d\u00edm vytv\u00e1ra skuto\u010dne futuristick\u00fd z\u00e1\u017eitok z vapingu.<\/p>\n<p><strong>Bezkonkuren\u010dn\u00fd v\u00fdkon<\/strong><\/p>\n<p>S p\u00f4sobiv\u00fdm po\u010dtom <strong>\u017divotnos\u0165 30 000 po\u0165ahov<\/strong>, Vookbar Cyber PRO pon\u00faka bezkonkuren\u010dn\u00fa \u017eivotnos\u0165, v\u010faka \u010domu je ide\u00e1lnou vo\u013ebou pre dlhodob\u00e9 pou\u017e\u00edvanie. Zariadenie je vybaven\u00e9 <strong>kapacitou 22 ml e-liquidu<\/strong> a m\u00e1 silu nikot\u00ednu <strong>20mg\/ml<\/strong>, \u010do zaru\u010duje konzistentn\u00fa a uspokojiv\u00fa paru pri ka\u017edom potiahnut\u00ed. Poh\u00e1\u0148an\u00fd robustnou <strong>2 850mAh nab\u00edjate\u013enou bat\u00e9riou<\/strong> a vyu\u017e\u00edvaj\u00fac <strong>nab\u00edjac\u00ed port Type-C<\/strong>, Cyber PRO zais\u0165uje r\u00fdchle a spo\u013eahliv\u00e9 nab\u00edjanie pre nepretr\u017eit\u00e9 pou\u017e\u00edvanie.<\/p>\n<p><strong>Integr\u00e1cia inteligentnej technol\u00f3gie<\/strong><\/p>\n<p>Vookbar Cyber PRO presahuje tradi\u010dn\u00fd vaping a sl\u00fa\u017ei ako multifunk\u010dn\u00e9 zariadenie, ktor\u00e9 sa bezprobl\u00e9movo integruje do v\u00e1\u0161ho digit\u00e1lneho \u017eivotn\u00e9ho \u0161t\u00fdlu. Pripoj\u00ed sa cez <strong>Bluetooth<\/strong> alebo prostredn\u00edctvom vlastnej aplik\u00e1cie, \u010do umo\u017e\u0148uje inteligentn\u00e9 funkcie, ako napr\u00edklad:<\/p>\n<ul>\n<li><strong>Prisp\u00f4sobite\u013en\u00e9 nastavenia vapingu<\/strong> na prisp\u00f4sobenie z\u00e1\u017eitku va\u0161im preferenci\u00e1m.<\/li>\n<li><strong>Dia\u013ekov\u00e9 ovl\u00e1danie kamery<\/strong>, ide\u00e1lne na selfie a kreat\u00edvne fotenie.<\/li>\n<li><strong>Soci\u00e1lne notifik\u00e1cie<\/strong> aby ste mali preh\u013ead aj na cest\u00e1ch.<\/li>\n<li><strong>Mo\u017enosti vlastnej tapety<\/strong>, ktor\u00e9 umo\u017e\u0148uj\u00fa personaliz\u00e1ciu dynamick\u00e9ho displeja v\u00e1\u0161ho zariadenia.<\/li>\n<li>Vstavan\u00e9 n\u00e1stroje ako <strong>kalkula\u010dka<\/strong>, <strong>mini-hry<\/strong>, a \u010fal\u0161ie pre v\u00e4\u010d\u0161ie pohodlie.<\/li>\n<\/ul>\n<figure id=\"attachment_3493\" aria-describedby=\"caption-attachment-3493\" style=\"width: 518px\" class=\"wp-caption alignnone\"><img fetchpriority=\"high\" decoding=\"async\" class=\"wp-image-3493\" src=\"https:\/\/vapestornado.com\/wp-content\/uploads\/2024\/12\/Vookbar-vape-30000-Puffs-Wholesale-Prcie-Disposable-Vapes.jpg\" alt=\"Jednorazov\u00e9 elektronick\u00e9 cigarety Vookbar vape 30000 Puffs Ve\u013ekoobchodn\u00e1 cena\" width=\"518\" height=\"518\" srcset=\"https:\/\/vapestornado.com\/wp-content\/uploads\/2024\/12\/Vookbar-vape-30000-Puffs-Wholesale-Prcie-Disposable-Vapes.jpg 800w, https:\/\/vapestornado.com\/wp-content\/uploads\/2024\/12\/Vookbar-vape-30000-Puffs-Wholesale-Prcie-Disposable-Vapes-300x300.jpg 300w, https:\/\/vapestornado.com\/wp-content\/uploads\/2024\/12\/Vookbar-vape-30000-Puffs-Wholesale-Prcie-Disposable-Vapes-150x150.jpg 150w, https:\/\/vapestornado.com\/wp-content\/uploads\/2024\/12\/Vookbar-vape-30000-Puffs-Wholesale-Prcie-Disposable-Vapes-768x768.jpg 768w, https:\/\/vapestornado.com\/wp-content\/uploads\/2024\/12\/Vookbar-vape-30000-Puffs-Wholesale-Prcie-Disposable-Vapes-600x600.jpg 600w, https:\/\/vapestornado.com\/wp-content\/uploads\/2024\/12\/Vookbar-vape-30000-Puffs-Wholesale-Prcie-Disposable-Vapes-100x100.jpg 100w\" sizes=\"(max-width: 518px) 100vw, 518px\" \/><figcaption id=\"caption-attachment-3493\" class=\"wp-caption-text\">Jednorazov\u00e9 elektronick\u00e9 cigarety Vookbar vape 30000 Puffs Ve\u013ekoobchodn\u00e1 cena<\/figcaption><\/figure>\n<h2><strong>Pre\u010do si vybra\u0165 elektronick\u00e9 cigarety Vookbar Cyber PRO 30000 Puffs?<\/strong><\/h2>\n<ul>\n<li><strong>Inov\u00e1cia<\/strong> Sp\u00e1ja \u0161pi\u010dkov\u00fa technol\u00f3giu s elegantn\u00fdm dizajnom.<\/li>\n<li><strong>Obrovsk\u00e1 kapacita:<\/strong> Poskytuje hladk\u00fd a uspokojiv\u00fd z\u00e1\u017eitok z vapovania s kapacitou 30 000 potiahnut\u00ed.<\/li>\n<li><strong>Prisp\u00f4sobite\u013en\u00e9 funkcie:<\/strong> Nastavte si v\u00fdkon a vzh\u013ead, aby vyhovovali va\u0161im jedine\u010dn\u00fdm preferenci\u00e1m.<\/li>\n<li><strong>Odoln\u00e1 kon\u0161trukcia:<\/strong> Vysokokvalitn\u00e9 materi\u00e1ly a spo\u013eahliv\u00e1 bat\u00e9ria zais\u0165uj\u00fa dlhodob\u00fd v\u00fdkon.<\/li>\n<\/ul>\n<p>\u010ci u\u017e ste technicky zdatn\u00fd vaper alebo jednoducho h\u013ead\u00e1te v\u00fdkonn\u00e9 a \u0161t\u00fdlov\u00e9 zariadenie na vapovanie, <strong>Jednorazov\u00e1 elektronick\u00e1 cigareta Vookbar Cyber PRO 30000 Puffs<\/strong> pon\u00faka zmes <strong>inov\u00e1cie<\/strong>, <strong>v\u00fdkonu<\/strong>a <strong>personaliz\u00e1cie<\/strong>. Pozdvihnite svoj z\u00e1\u017eitok z vapovania e\u0161te dnes!<\/p>\n<\/div>\n<\/div>\n<p><img decoding=\"async\" class=\"wp-image-2951\" src=\"https:\/\/vapestornado.com\/wp-content\/uploads\/2024\/12\/Wholesale-Disposable-Vape-265x300.jpg\" alt=\"Ve\u013ekoobchodn\u00fd Jednorazov\u00fd Vape\" width=\"295\" height=\"334\" srcset=\"https:\/\/vapestornado.com\/wp-content\/uploads\/2024\/12\/Wholesale-Disposable-Vape-265x300.jpg 265w, https:\/\/vapestornado.com\/wp-content\/uploads\/2024\/12\/Wholesale-Disposable-Vape-768x871.jpg 768w, https:\/\/vapestornado.com\/wp-content\/uploads\/2024\/12\/Wholesale-Disposable-Vape-600x680.jpg 600w, https:\/\/vapestornado.com\/wp-content\/uploads\/2024\/12\/Wholesale-Disposable-Vape.jpg 823w\" sizes=\"(max-width: 295px) 100vw, 295px\" \/><\/p>\n<h6>Pre z\u013eavnen\u00fa cenu kontaktujte Mandy na WhatsApp:<a href=\"https:\/\/wa.me\/8618077105796\" target=\"_blank\" rel=\"noopener\">+8618077105796<\/a><\/h6>\n<p>&nbsp;<\/p>\n<div class=\"flex max-w-full flex-col flex-grow\">\n<div class=\"min-h-8 text-message flex w-full flex-col items-end gap-2 whitespace-normal break-words text-start [.text-message+&amp;]:mt-5\" dir=\"auto\" data-message-author-role=\"assistant\" data-message-id=\"cdb991c0-f594-4bff-b2d5-fbbdd7ce9e54\" data-message-model-slug=\"gpt-4o-mini\">\n<div class=\"flex w-full flex-col gap-1 empty:hidden first:pt-[3px]\">\n<div class=\"markdown prose w-full break-words dark:prose-invert light\">\n<h3>Ve\u013ekoobchodn\u00fd vape Vookbar Cyber PRO 30 000 po\u0165ahov \u2013 \u0160pecifik\u00e1cie<\/h3>\n<ul>\n<li><strong>Ve\u013ekos\u0165:<\/strong> Kompaktn\u00e9 a prenosn\u00e9, <strong>49x24x93mm<\/strong>.<\/li>\n<li><strong>Obrazovka:<\/strong> <strong>2,01-palcov\u00fd HD displej<\/strong>, ide\u00e1lne pre nastavenia a upozornenia.<\/li>\n<li><strong>Typ cievky:<\/strong> <strong>Du\u00e1lna mesh cievka<\/strong> pre bohat\u00fa chu\u0165 a hladk\u00e9 mraky.<\/li>\n<li><strong>Kapacita E-liquidu:<\/strong> Predplnen\u00e9 <strong>22 ml pr\u00e9miovej tekutiny do e-cigariet<\/strong>.<\/li>\n<li><strong>Sila nikot\u00ednu:<\/strong> Prin\u00e1\u0161a uspokojiv\u00fd <strong>5% nikot\u00ednov\u00fd<\/strong> z\u00e1sah.<\/li>\n<li><strong>Bat\u00e9ria:<\/strong> Dlhotrvaj\u00faci <strong>850mAh dob\u00edjate\u013enou bat\u00e9riou<\/strong> s r\u00fdchlym <strong>Nab\u00edjanie typu C<\/strong>.<\/li>\n<li><strong>Re\u017eimy po\u0165ahu:<\/strong>\n<ul>\n<li><strong>Norm\u00e1lny re\u017eim:<\/strong> A\u017e do <strong>30 000 \u0165ahov<\/strong> pre dlh\u0161ie vapovanie.<\/li>\n<li><strong>V\u00fdkonn\u00fd re\u017eim:<\/strong> A\u017e do <strong>15 000 potiahnut\u00ed<\/strong> pre silnej\u0161\u00ed v\u00fdkon.<\/li>\n<\/ul>\n<\/li>\n<li><strong>Prev\u00e1dzka:<\/strong> Jednoduch\u00e9 <strong>ovl\u00e1danie bo\u010dn\u00fdm tla\u010didlom<\/strong> pre zapnutie\/vypnutie a nastavenia.<\/li>\n<li><strong>Funkcie:<\/strong> Pripojenie Bluetooth, ekologick\u00e9 materi\u00e1ly a prisp\u00f4sobite\u013en\u00e9 re\u017eimy vapovania.<\/li>\n<\/ul>\n<\/div>\n<\/div>\n<\/div>\n<\/div>\n<div class=\"mb-2 flex gap-3 empty:hidden -ml-2\">\n<h3 class=\"items-center justify-start rounded-xl p-1 flex\"><\/h3>\n<\/div>\n<h3><strong>Vookbar Cyber PRO 30k Puffs Vape Pods Zoznam pr\u00edchut\u00ed:<\/strong><\/h3>\n<p>1.\u013dadov\u00e1 modr\u00e1 malina<br \/>\n2.\u013dadov\u00e1 brosky\u0148a<br \/>\n3.\u013dadov\u00e9 hrozno<br \/>\n4.Jahodov\u00fd mel\u00f3n<br \/>\n5.Jahodov\u00fd ban\u00e1n<br \/>\n6.\u010cere\u0161\u0148ov\u00fd mel\u00f3n<br \/>\n7.\u013dadov\u00fd mel\u00f3n<br \/>\n8.Brosky\u0148ov\u00e9 mango<br \/>\n9.Jahodov\u00e9 kivi<br \/>\n10.\u013dadov\u00e1 biela jahoda<br \/>\n11.\u013dadov\u00fd biely gumov\u00fd medved\u00edk<br \/>\n12.Mrazen\u00e1 pinacolada<br \/>\n13.Fucking fab<br \/>\n14.Mojito so zmesou bob\u00fa\u013e<\/p>\n<div role=\"article\" data-tabster=\"{&quot;groupper&quot;:{&quot;tabbability&quot;:2},&quot;focusable&quot;:{}}\" data-content=\"ai-message\" aria-labelledby=\"dARUyEWDoEYhnSPXFwx5A-author dARUyEWDoEYhnSPXFwx5A-content\">\n<div id=\"dARUyEWDoEYhnSPXFwx5A-content\">\n<h4>Pre\u010do si vybra\u0165 jednorazov\u00e9 vapova\u010de Vookbar Cyber PRO 30000 Puff na <a href=\"https:\/\/vapestornado.com\/sk\/store\/\">vapestornado.sk<\/a>?<\/h4>\n<p><strong>1. Mas\u00edvna kapacita po\u0165ahov:<\/strong><br \/>\nNavrhnut\u00e9 pre dlhotrvaj\u00faci p\u00f4\u017eitok, pri\u010dom <strong>Vookbar Cyber PRO<\/strong> pon\u00faka a\u017e <strong>30 000 \u0165ahov<\/strong> v Norm\u00e1lnom re\u017eime a <strong>15 000 potiahnut\u00ed<\/strong> v V\u00fdkonnom re\u017eime.<\/p>\n<p><strong>2. \u0160pi\u010dkov\u00e9 funkcie:<\/strong><br \/>\nVybaven\u00e9 <strong>2,01-palcov\u00fd HD displej<\/strong>, <strong>technol\u00f3gie du\u00e1lnej mesh \u0161pir\u00e1lky<\/strong>a <strong>prisp\u00f4sobite\u013en\u00e9 re\u017eimy vapovania<\/strong>, kombinuje v\u00fdkon so \u0161t\u00fdlom.<\/p>\n<p><strong>3. Pr\u00e9miov\u00e9 mo\u017enosti e-liquidu a nikot\u00ednu:<\/strong><br \/>\nS <strong>22ML vopred naplnen\u00e9ho e-liquidu<\/strong> a <strong>5 % silou nikot\u00ednu<\/strong>, za\u017eite hladk\u00e9, chutn\u00e9 a uspokojiv\u00e9 po\u0165ahy zaka\u017ed\u00fdm.<\/p>\n<p><strong>4. Inovat\u00edvny a u\u017e\u00edvate\u013esky pr\u00edvetiv\u00fd dizajn:<\/strong><br \/>\nFunkcie ako <strong>Pripojenie Bluetooth<\/strong>, <strong>ovl\u00e1danie bo\u010dn\u00fdm tla\u010didlom<\/strong>a <strong>pohybov\u00fd re\u017eim<\/strong> robia zariadenie \u013eahko pou\u017eite\u013en\u00fdm a multifunk\u010dn\u00fdm.<\/p>\n<p><strong>5. Nakupujte s d\u00f4verou na vapestornado.com:<\/strong><\/p>\n<ul>\n<li>U\u017eite si <strong>konkuren\u010dn\u00e9 ceny<\/strong> za najnov\u0161iu technol\u00f3giu vapovania.<\/li>\n<li>Vyu\u017eite <strong>r\u00fdchlu a spo\u013eahliv\u00fa dopravu<\/strong> po celej Eur\u00f3pe.<\/li>\n<li>Vyberte si z <strong>exkluz\u00edvne ve\u013ekoobchodn\u00e9 ponuky<\/strong> pre hromadn\u00e9 n\u00e1kupy.<\/li>\n<li>Nakupujte bezpe\u010dne s d\u00f4veryhodn\u00fdmi platobn\u00fdmi met\u00f3dami a vynikaj\u00facou z\u00e1kazn\u00edckou podporou.<\/li>\n<\/ul>\n<p>Vylep\u0161ite si svoju vapovaciu hru e\u0161te dnes s <strong>Vookbar Cyber PRO 30K Pufov<\/strong> k dispoz\u00edcii na <strong>vapestornado.sk<\/strong>!<\/p>\n<\/div>\n<\/div>\n<h4>\u010cast\u00e9 ot\u00e1zky o Vookbar Cyber PRO 30000 Puffs, dlhotrvaj\u00facich jednorazov\u00fdch vapovac\u00edch per\u00e1ch<\/h4>\n<p>&nbsp;<\/p>\n<h6><strong>1. \u010co rob\u00ed Vookbar Cyber PRO 30000 Puffs Vape jedine\u010dn\u00fdm?<\/strong><\/h6>\n<ul>\n<li>Zariadenie kombinuje <strong>pokro\u010dil\u00fa technol\u00f3giu vapovania<\/strong> s funkciami ako <strong>prisp\u00f4sobite\u013en\u00e9 re\u017eimy vapovania<\/strong>, a <strong>2,01-palcov\u00fd HD displej<\/strong>a <strong>du\u00e1lny re\u017eim vapovania<\/strong> pre dlhodob\u00fd alebo siln\u00fd v\u00fdkon.<\/li>\n<\/ul>\n<h6>2. <strong>Ko\u013eko potiahnut\u00ed m\u00f4\u017eem z\u00edska\u0165 s Vookbar Cyber PRO Vape Box?<\/strong><\/h6>\n<ul>\n<li>In <strong>V norm\u00e1lnom re\u017eime<\/strong>, si m\u00f4\u017eete vychutna\u0165 a\u017e do <strong>30 000 \u0165ahov<\/strong>, zatia\u013e \u010do <strong>V re\u017eime v\u00fdkonu<\/strong> pon\u00faka <strong>15 000 potiahnut\u00ed<\/strong> pre intenz\u00edvnej\u0161\u00ed z\u00e1\u017eitok z vapovania.<\/li>\n<\/ul>\n<h6>3. <strong>Ak\u00fa silu nikot\u00ednu pon\u00faka Vookbar 30000 Puffs?<\/strong><\/h6>\n<ul>\n<li>Vookbar Cyber PRO pon\u00faka <strong>5 % silou nikot\u00ednu<\/strong>, \u010do poskytuje hladk\u00fd a uspokojiv\u00fd hit.<\/li>\n<\/ul>\n<h6>4. <strong>Je Vookbar Cyber PRO dob\u00edjate\u013en\u00e9 vapovacie pero?<\/strong><\/h6>\n<ul>\n<li>\u00c1no, obsahuje <strong>850mAh dob\u00edjate\u013enou bat\u00e9riou<\/strong> a podporuje <strong>r\u00fdchle nab\u00edjanie typu C<\/strong>.<\/li>\n<\/ul>\n<h6>5. <strong>Pou\u017e\u00edva 30k potiahnut\u00ed Vookbar s mesh technol\u00f3giu cievky?<\/strong><\/h6>\n<ul>\n<li>\u00c1no, zariadenie obsahuje <strong>technol\u00f3gie du\u00e1lnej mesh \u0161pir\u00e1lky<\/strong> pre konzistentn\u00fa chu\u0165 a hust\u00fa produkciu pary.<\/li>\n<\/ul>","protected":false},"excerpt":{"rendered":"<div class=\"flex-shrink-0 flex flex-col relative items-end\">\n<div>\n<div class=\"pt-0\">\n<div class=\"gizmo-bot-avatar flex h-8 w-8 items-center justify-center overflow-hidden rounded-full\">\n<div class=\"relative p-1 rounded-sm flex items-center justify-center bg-token-main-surface-primary text-token-text-primary h-8 w-8\"><\/div>\n<\/div>\n<\/div>\n<\/div>\n<\/div>\n<div class=\"group\/conversation-turn relative flex w-full min-w-0 flex-col agent-turn\">\n<div class=\"flex-col gap-1 md:gap-3\">\n<div class=\"flex max-w-full flex-col flex-grow\">\n<div class=\"min-h-8 text-message flex w-full flex-col items-end gap-2 whitespace-normal break-words text-start [.text-message+&amp;]:mt-5\" dir=\"auto\" data-message-author-role=\"assistant\" data-message-id=\"cffa29e8-f112-46da-81c0-9ed74f60547a\" data-message-model-slug=\"gpt-4o\">\n<div class=\"flex w-full flex-col gap-1 empty:hidden first:pt-[3px]\">\n<div class=\"markdown prose w-full break-words dark:prose-invert light\">\n<p>Vookbar Cyber PRO 30000 Puffs Jednorazov\u00e1 e-cigareta, 5 % nikot\u00ednu, elegantn\u00fd dizajn, vysok\u00e1 kapacita, ide\u00e1lna pre ve\u013ekoobchodn\u00e9 a hromadn\u00e9 objedn\u00e1vky.<\/p>\n<\/div>\n<\/div>\n<\/div>\n<\/div>\n<\/div>\n<\/div>\n<figure id=\"attachment_2951\" aria-describedby=\"caption-attachment-2951\" style=\"width: 265px\" class=\"wp-caption alignnone\"><img decoding=\"async\" class=\"size-medium wp-image-2951\" src=\"https:\/\/vapestornado.com\/wp-content\/uploads\/2024\/12\/Wholesale-Disposable-Vape-265x300.jpg\" alt=\"Ve\u013ekoobchodn\u00fd Jednorazov\u00fd Vape\" width=\"265\" height=\"300\" srcset=\"https:\/\/vapestornado.com\/wp-content\/uploads\/2024\/12\/Wholesale-Disposable-Vape-265x300.jpg 265w, https:\/\/vapestornado.com\/wp-content\/uploads\/2024\/12\/Wholesale-Disposable-Vape-768x871.jpg 768w, https:\/\/vapestornado.com\/wp-content\/uploads\/2024\/12\/Wholesale-Disposable-Vape-600x680.jpg 600w, https:\/\/vapestornado.com\/wp-content\/uploads\/2024\/12\/Wholesale-Disposable-Vape.jpg 823w\" sizes=\"(max-width: 265px) 100vw, 265px\" \/><figcaption id=\"caption-attachment-2951\" class=\"wp-caption-text\">Pre z\u013eavnen\u00fa cenu kontaktujte Mandy na WhatsApp\u00a0 <a href=\"https:\/\/wa.me\/8618077105796\">+8618077105796<\/a><\/figcaption><\/figure>\n<p>&nbsp;<\/p>","protected":false},"featured_media":3489,"comment_status":"open","ping_status":"closed","template":"","meta":{"_acf_changed":false,"_uag_custom_page_level_css":"","_lmt_disableupdate":"no","_lmt_disable":"","_monsterinsights_skip_tracking":false,"_monsterinsights_sitenote_active":false,"_monsterinsights_sitenote_note":"","_monsterinsights_sitenote_category":0,"site-sidebar-layout":"default","site-content-layout":"","ast-site-content-layout":"default","site-content-style":"default","site-sidebar-style":"default","ast-global-header-display":"","ast-banner-title-visibility":"","ast-main-header-display":"","ast-hfb-above-header-display":"","ast-hfb-below-header-display":"","ast-hfb-mobile-header-display":"","site-post-title":"","ast-breadcrumbs-content":"","ast-featured-img":"","footer-sml-layout":"","ast-disable-related-posts":"","theme-transparent-header-meta":"default","adv-header-id-meta":"","stick-header-meta":"","header-above-stick-meta":"","header-main-stick-meta":"","header-below-stick-meta":"","astra-migrate-meta-layouts":"set","ast-page-background-enabled":"default","ast-page-background-meta":{"desktop":{"background-color":"","background-image":"","background-repeat":"repeat","background-position":"center center","background-size":"auto","background-attachment":"scroll","background-type":"","background-media":"","overlay-type":"","overlay-color":"","overlay-opacity":"","overlay-gradient":""},"tablet":{"background-color":"","background-image":"","background-repeat":"repeat","background-position":"center center","background-size":"auto","background-attachment":"scroll","background-type":"","background-media":"","overlay-type":"","overlay-color":"","overlay-opacity":"","overlay-gradient":""},"mobile":{"background-color":"","background-image":"","background-repeat":"repeat","background-position":"center center","background-size":"auto","background-attachment":"scroll","background-type":"","background-media":"","overlay-type":"","overlay-color":"","overlay-opacity":"","overlay-gradient":""}},"ast-content-background-meta":{"desktop":{"background-color":"var(--ast-global-color-5)","background-image":"","background-repeat":"repeat","background-position":"center center","background-size":"auto","background-attachment":"scroll","background-type":"","background-media":"","overlay-type":"","overlay-color":"","overlay-opacity":"","overlay-gradient":""},"tablet":{"background-color":"var(--ast-global-color-5)","background-image":"","background-repeat":"repeat","background-position":"center center","background-size":"auto","background-attachment":"scroll","background-type":"","background-media":"","overlay-type":"","overlay-color":"","overlay-opacity":"","overlay-gradient":""},"mobile":{"background-color":"var(--ast-global-color-5)","background-image":"","background-repeat":"repeat","background-position":"center center","background-size":"auto","background-attachment":"scroll","background-type":"","background-media":"","overlay-type":"","overlay-color":"","overlay-opacity":"","overlay-gradient":""}},"_joinchat":{"telephone":"+8618077105796"}},"product_brand":[],"product_cat":[67,149,150,154,155],"product_tag":[97,188],"class_list":{"0":"post-3301","1":"product","2":"type-product","3":"status-publish","4":"has-post-thumbnail","6":"product_cat-30000-puff","7":"product_cat-buy-disposable-vapes-in-austria","8":"product_cat-buy-disposable-vapes-in-belgium","9":"product_cat-buy-disposable-vapes-in-netherlands","10":"product_cat-buy-disposable-vapes-in-norway","11":"product_tag-hot-sale-disposable-vape","12":"product_tag-vookbar-cyber-pro-30000-puffs","13":"desktop-align-left","14":"tablet-align-left","15":"mobile-align-left","17":"first","18":"instock","19":"sale","20":"shipping-taxable","21":"purchasable","22":"product-type-simple"},"acf":[],"uagb_featured_image_src":{"full":["https:\/\/vapestornado.com\/wp-content\/uploads\/2024\/12\/Best-Price-Vookbar-30000-Puff-Vapes.jpg",800,800,false],"thumbnail":["https:\/\/vapestornado.com\/wp-content\/uploads\/2024\/12\/Best-Price-Vookbar-30000-Puff-Vapes-150x150.jpg",150,150,true],"medium":["https:\/\/vapestornado.com\/wp-content\/uploads\/2024\/12\/Best-Price-Vookbar-30000-Puff-Vapes-300x300.jpg",300,300,true],"medium_large":["https:\/\/vapestornado.com\/wp-content\/uploads\/2024\/12\/Best-Price-Vookbar-30000-Puff-Vapes-768x768.jpg",768,768,true],"large":["https:\/\/vapestornado.com\/wp-content\/uploads\/2024\/12\/Best-Price-Vookbar-30000-Puff-Vapes.jpg",800,800,false],"1536x1536":["https:\/\/vapestornado.com\/wp-content\/uploads\/2024\/12\/Best-Price-Vookbar-30000-Puff-Vapes.jpg",800,800,false],"2048x2048":["https:\/\/vapestornado.com\/wp-content\/uploads\/2024\/12\/Best-Price-Vookbar-30000-Puff-Vapes.jpg",800,800,false],"trp-custom-language-flag":["https:\/\/vapestornado.com\/wp-content\/uploads\/2024\/12\/Best-Price-Vookbar-30000-Puff-Vapes.jpg",12,12,false],"woocommerce_thumbnail":["https:\/\/vapestornado.com\/wp-content\/uploads\/2024\/12\/Best-Price-Vookbar-30000-Puff-Vapes-300x300.jpg",300,300,true],"woocommerce_single":["https:\/\/vapestornado.com\/wp-content\/uploads\/2024\/12\/Best-Price-Vookbar-30000-Puff-Vapes-600x600.jpg",600,600,true],"woocommerce_gallery_thumbnail":["https:\/\/vapestornado.com\/wp-content\/uploads\/2024\/12\/Best-Price-Vookbar-30000-Puff-Vapes-100x100.jpg",100,100,true]},"uagb_author_info":{"display_name":"ESMANDY","author_link":"https:\/\/vapestornado.com\/sk\/author\/"},"uagb_comment_info":0,"uagb_excerpt":"Vookbar Cyber PRO 30000 Puffs Disposable Vape, 5% nicotine, sleek design, high capacity, ideal for wholesale and bulk orders. [caption id=\"attachment_2951\" align=\"alignnone\" width=\"265\"] Pls Contact Mandy's WhatsApp For Discount Price\u00a0 +8618077105796[\/caption] &nbsp;","_links":{"self":[{"href":"https:\/\/vapestornado.com\/sk\/wp-json\/wp\/v2\/product\/3301","targetHints":{"allow":["GET"]}}],"collection":[{"href":"https:\/\/vapestornado.com\/sk\/wp-json\/wp\/v2\/product"}],"about":[{"href":"https:\/\/vapestornado.com\/sk\/wp-json\/wp\/v2\/types\/product"}],"replies":[{"embeddable":true,"href":"https:\/\/vapestornado.com\/sk\/wp-json\/wp\/v2\/comments?post=3301"}],"wp:featuredmedia":[{"embeddable":true,"href":"https:\/\/vapestornado.com\/sk\/wp-json\/wp\/v2\/media\/3489"}],"wp:attachment":[{"href":"https:\/\/vapestornado.com\/sk\/wp-json\/wp\/v2\/media?parent=3301"}],"wp:term":[{"taxonomy":"product_brand","embeddable":true,"href":"https:\/\/vapestornado.com\/sk\/wp-json\/wp\/v2\/product_brand?post=3301"},{"taxonomy":"product_cat","embeddable":true,"href":"https:\/\/vapestornado.com\/sk\/wp-json\/wp\/v2\/product_cat?post=3301"},{"taxonomy":"product_tag","embeddable":true,"href":"https:\/\/vapestornado.com\/sk\/wp-json\/wp\/v2\/product_tag?post=3301"}],"curies":[{"name":"wp","href":"https:\/\/api.w.org\/{rel}","templated":true}]}}