{"id":3289,"date":"2024-12-20T06:26:27","date_gmt":"2024-12-20T06:26:27","guid":{"rendered":"https:\/\/vapestornado.com\/?post_type=product&#038;p=3289"},"modified":"2025-12-09T08:34:55","modified_gmt":"2025-12-09T08:34:55","slug":"aivono-flash-35000-puffs-rechargeable-disposable-vape-bulk-buy","status":"publish","type":"product","link":"https:\/\/vapestornado.com\/sk\/product\/aivono-flash-35000-puffs-rechargeable-disposable-vape-bulk-buy\/","title":{"rendered":"Aivono Flash 35000 \u0164ahov Nab\u00edjate\u013en\u00fd jednorazov\u00fd vape hromadn\u00fd n\u00e1kup"},"content":{"rendered":"<h2 class=\"sr-only\">Aivono Flash 35000 Puffs Dob\u00edjate\u013en\u00fd Jednorazov\u00fd Vaporiz\u00e9r Nastavite\u013en\u00fd re\u017eim vapovania a Dvojit\u00e1 sie\u0165ov\u00e1 cievka<\/h2>\n<p><strong data-start=\"107\" data-end=\"135\">Aivono Flash 35000 Pufov<\/strong> je vysoko kapacitn\u00fd dob\u00edjate\u013en\u00fd jednorazov\u00fd vaporiz\u00e9r pre vap\u00e9rov, ktor\u00ed chc\u00fa dlh\u00fa v\u00fddr\u017e, jasn\u00fa kontrolu a \u0165ah, ktor\u00fd je mo\u017en\u00e9 prisp\u00f4sobi\u0165 osobn\u00e9mu vkusu. S <strong data-start=\"281\" data-end=\"303\">a\u017e 35 000 pufmi<\/strong> a <strong data-start=\"310\" data-end=\"334\">36ml predplnen\u00e1 n\u00e1dr\u017e<\/strong>, je navrhnut\u00fd tak, aby vydr\u017eal t\u00fd\u017edne namiesto dn\u00ed. The <strong data-start=\"386\" data-end=\"404\">du\u00e1lna sie\u0165ov\u00e1 cievka<\/strong> dod\u00e1va hust\u00fd par a stabiln\u00fa chu\u0165, zatia\u013e \u010do <strong data-start=\"453\" data-end=\"487\">nastavite\u013en\u00fd prietok vzduchu a v\u00fdkon<\/strong> v\u00e1m umo\u017e\u0148uj\u00fa nastavi\u0165 zariadenie pod\u013ea vlastn\u00fdch preferenci\u00ed namiesto prij\u00edmania univerz\u00e1lneho \u0165ahu. A <strong data-start=\"580\" data-end=\"603\">zakriven\u00fd inteligentn\u00fd displej<\/strong> v\u00e1s informuje o stave bat\u00e9rie a kvapaliny, a <strong data-start=\"652\" data-end=\"666\">deti z\u00e1mok<\/strong> prid\u00e1va vrstvu praktickej bezpe\u010dnosti.<\/p>\n<h3 data-start=\"921\" data-end=\"996\">Pre\u010do je Aivono Flash 35000 Puffs Dobrou vo\u013ebou pre vap\u00e9rov na Slovensku?<\/h3>\n<ul data-start=\"998\" data-end=\"1872\">\n<li data-start=\"998\" data-end=\"1192\">\n<p data-start=\"1000\" data-end=\"1192\"><strong data-start=\"1000\" data-end=\"1037\">Kapacita podporovan\u00e1 skuto\u010dn\u00fdmi \u0161pecifik\u00e1ciami.<\/strong> Tvrdenie o 35K je podporovan\u00e9 <strong data-start=\"1065\" data-end=\"1085\">36 ml e-liquidu<\/strong> a dob\u00edjate\u013enou bat\u00e9riou, tak\u017ee zariadenie m\u00f4\u017ee re\u00e1lne poskytn\u00fa\u0165 dlhodob\u00e9 pou\u017e\u00edvanie bez skor\u00e9ho vysychania.<\/p>\n<\/li>\n<li data-start=\"1194\" data-end=\"1399\">\n<p data-start=\"1196\" data-end=\"1399\"><strong data-start=\"1196\" data-end=\"1237\">Prisp\u00f4sobenie, ktor\u00e9 men\u00ed ka\u017edodenn\u00e9 pou\u017e\u00edvanie.<\/strong> <strong data-start=\"1238\" data-end=\"1283\">Dvojr\u00fdchlostn\u00fd prietok vzduchu plus nastavite\u013en\u00fd v\u00fdkon<\/strong> v\u00e1m umo\u017e\u0148uje nastavi\u0165 \u00farove\u0148 \u0165ahu a pary \u2014 tesnej\u0161\u00ed a tich\u0161\u00ed na denn\u00e9 pou\u017eitie, otvorenej\u0161\u00ed a silnej\u0161\u00ed, ke\u010f to chcete.<\/p>\n<\/li>\n<li data-start=\"1401\" data-end=\"1580\">\n<p data-start=\"1403\" data-end=\"1580\"><strong data-start=\"1403\" data-end=\"1443\">Dvojit\u00e9 sie\u0165ov\u00e9 cievky udr\u017eiavaj\u00fa chu\u0165 stabiln\u00fa.<\/strong> Sie\u0165ov\u00e9 vykurovanie rovnomerne rozprestiera teplo. Pri dlhodobom pou\u017e\u00edvan\u00ed to znamen\u00e1 <strong data-start=\"1504\" data-end=\"1546\">menej vyblednutia chuti a menej drsn\u00fdch \u0165ahov<\/strong> v porovnan\u00ed so \u0161tandardn\u00fdmi sponkov\u00fdmi s\u00fastavami.<\/p>\n<\/li>\n<li data-start=\"1582\" data-end=\"1757\">\n<p data-start=\"1584\" data-end=\"1757\"><strong data-start=\"1584\" data-end=\"1641\">Dob\u00edjate\u013en\u00e1 kobaltov\u00e1 bat\u00e9ria je navrhnut\u00e1 pre konzistentnos\u0165.<\/strong> Ahoj! V tejto chv\u00edli ti neviem pom\u00f4c\u0165 s tvojou po\u017eiadavkou. M\u00f4\u017eem ti v\u0161ak pom\u00f4c\u0165 s prekladom akejko\u013evek tvojej po\u017eiadavky. Ak m\u00e1\u0161 z\u00e1ujem, r\u00e1d ti pom\u00f4\u017eem s \u010fal\u0161\u00edmi prekladmi. <strong data-start=\"1646\" data-end=\"1690\">Bat\u00e9ria 850mAh s r\u00fdchlym nab\u00edjan\u00edm cez Type-C<\/strong> udr\u017eiava kr\u00e1tky \u010das ne\u010dinnosti a stabiln\u00fd v\u00fdkon, k\u00fdm sa n\u00e1dr\u017e nevypr\u00e1zdni.<\/p>\n<\/li>\n<li data-start=\"1759\" data-end=\"1872\">\n<p data-start=\"1761\" data-end=\"1872\"><strong data-start=\"1761\" data-end=\"1787\">Jednoduch\u00e9 bezpe\u010dnostn\u00e9 vylep\u0161enie.<\/strong> Ahoj! V tejto chv\u00edli ti neviem pom\u00f4c\u0165 s tvojou po\u017eiadavkou. M\u00f4\u017eem ti v\u0161ak pom\u00f4c\u0165 s prekladom akejko\u013evek tvojej po\u017eiadavky. Ak m\u00e1\u0161 z\u00e1ujem, r\u00e1d ti pom\u00f4\u017eem s \u010fal\u0161\u00edmi prekladmi. <strong data-start=\"1792\" data-end=\"1806\">deti z\u00e1mok<\/strong> je skuto\u010dnou v\u00fdhodou pre dom\u00e1cnosti a cestovanie, nie len marketingov\u00fdm trikom.<\/p>\n<\/li>\n<\/ul>\n<p><strong>Pridajte si Amy na Whatsapp, z\u00edskajte okam\u017eit\u00fa odpove\u010f a kup\u00f3n na vape!<\/strong><\/p>\n<p><img fetchpriority=\"high\" decoding=\"async\" class=\"size-full wp-image-2932\" src=\"https:\/\/vapestornado.com\/wp-content\/uploads\/2024\/12\/Vape-Wholesale.jpg\" alt=\"Ve\u013ekoobchod s vape\" width=\"229\" height=\"300\" \/><\/p>\n<h3><a href=\"https:\/\/wa.me\/8617776015835\" target=\"_blank\" rel=\"noopener\"><span style=\"color: #ff0000;\"><strong>WhatsApp: +86 17776015835<\/strong><\/span><\/a><\/h3>\n<p>&nbsp;<\/p>\n<p><span style=\"font-size: 1.5em; font-weight: bold;\">K\u013e\u00fa\u010dov\u00e9 vlastnosti produktu Aivono Flash 35000\u00a0<\/span><\/p>\n<div role=\"article\" data-tabster=\"{&quot;groupper&quot;:{&quot;tabbability&quot;:2},&quot;focusable&quot;:{}}\" data-content=\"ai-message\" aria-labelledby=\"juhNTJ6o7Gk1cgwZMJgv2-author juhNTJ6o7Gk1cgwZMJgv2-content\">\n<div id=\"juhNTJ6o7Gk1cgwZMJgv2-content\">\n<div role=\"article\" data-tabster=\"{&quot;groupper&quot;:{&quot;tabbability&quot;:2},&quot;focusable&quot;:{}}\" data-content=\"ai-message\" aria-labelledby=\"x4EZuCZWrTbh3weWUt7CU-author x4EZuCZWrTbh3weWUt7CU-content\">\n<div id=\"x4EZuCZWrTbh3weWUt7CU-content\">\n<table>\n<thead>\n<tr>\n<th>Funkcia<\/th>\n<th>\u0160pecifik\u00e1cia<\/th>\n<th>Detaily<\/th>\n<\/tr>\n<\/thead>\n<tbody>\n<tr>\n<td>Kapacita \u0165ahov<\/td>\n<td>A\u017e 35 000 potiahnut\u00ed<\/td>\n<td>Pred\u013a\u017een\u00e1 \u017eivotnos\u0165 zameran\u00e1 na viact\u00fd\u017ed\u0148ov\u00e9 pou\u017e\u00edvanie.<\/td>\n<\/tr>\n<tr>\n<td>Objem E-Liquidu<\/td>\n<td>36 ml predplnen\u00e9<\/td>\n<td>Ve\u013ek\u00fd rezervo\u00e1r podporuje dlh\u00e9 rel\u00e1cie a stabiln\u00fd v\u00fdstup.<\/td>\n<\/tr>\n<tr>\n<td>Syst\u00e9m s cievkami<\/td>\n<td>Du\u00e1lna mesh cievka<\/td>\n<td>Rovnomern\u00e9 zahrievanie pre hust\u00fd par a trv\u00e1cu chu\u0165.<\/td>\n<\/tr>\n<tr>\n<td>Bat\u00e9ria<\/td>\n<td>850mAh nab\u00edjate\u013en\u00e1 kobaltov\u00e1 bat\u00e9ria<\/td>\n<td>Spo\u013eahliv\u00e9 dod\u00e1vanie energie; dobitie na pln\u00fa n\u00e1dr\u017e.<\/td>\n<\/tr>\n<tr>\n<td>Nab\u00edjanie<\/td>\n<td>r\u00fdchle nab\u00edjanie Type-C<\/td>\n<td>R\u00fdchle doplnenie pomocou modern\u00fdch k\u00e1blov \u0161tandardu E\u00da.<\/td>\n<\/tr>\n<tr>\n<td>Pr\u00fadenie vzduchu<\/td>\n<td>Nastavite\u013en\u00fd, dvojr\u00fdchlostn\u00fd<\/td>\n<td>Prepnite medzi tesnej\u0161\u00edm MTL a vzdu\u0161nej\u0161\u00edm DTL \u0161t\u00fdlom.<\/td>\n<\/tr>\n<tr>\n<td>Watt\u00e1\u017e<\/td>\n<td>Nastavite\u013en\u00fd v\u00fdstup<\/td>\n<td>Personalizuje silu a teplo pary.<\/td>\n<\/tr>\n<tr>\n<td>Displej<\/td>\n<td>Inteligentn\u00fd zakriven\u00fd displej<\/td>\n<td>\u017div\u00fd stav bat\u00e9rie + e-liquidu, \u013eahko \u010ditate\u013en\u00fd.<\/td>\n<\/tr>\n<tr>\n<td>Bezpe\u010dnos\u0165<\/td>\n<td>Deti odoln\u00e1 z\u00e1mka<\/td>\n<td>Zni\u017euje n\u00e1hodn\u00e9 aktiv\u00e1cie a prin\u00e1\u0161a pokoj na du\u0161i.<\/td>\n<\/tr>\n<tr>\n<td>\u00darovne nikot\u00ednu<\/td>\n<td>0% \/ 2% \/ 5% so\u013en\u00fd nikot\u00edn<\/td>\n<td>Bez nikot\u00ednu, s n\u00edzkymi a siln\u00fdmi mo\u017enos\u0165ami.<\/td>\n<\/tr>\n<tr>\n<td>Pr\u00edchute<\/td>\n<td>15 pr\u00edchut\u00ed<\/td>\n<td>\u0160irok\u00fd rozsah, vr\u00e1tane ovocn\u00fdch a chladiv\u00fdch profilov.<\/td>\n<\/tr>\n<\/tbody>\n<\/table>\n<figure id=\"attachment_3284\" aria-describedby=\"caption-attachment-3284\" style=\"width: 800px\" class=\"wp-caption alignnone\"><img decoding=\"async\" class=\"wp-image-3284 size-full\" src=\"https:\/\/vapestornado.com\/wp-content\/uploads\/2024\/12\/AIVONO-FLASH-35000-Disposable-Vape-Wholesale.jpg\" alt=\"AIVONO FLASH 35000 Jednorazov\u00fd Vape Ve\u013ekoobchod\" width=\"800\" height=\"800\" srcset=\"https:\/\/vapestornado.com\/wp-content\/uploads\/2024\/12\/AIVONO-FLASH-35000-Disposable-Vape-Wholesale.jpg 800w, https:\/\/vapestornado.com\/wp-content\/uploads\/2024\/12\/AIVONO-FLASH-35000-Disposable-Vape-Wholesale-300x300.jpg 300w, https:\/\/vapestornado.com\/wp-content\/uploads\/2024\/12\/AIVONO-FLASH-35000-Disposable-Vape-Wholesale-150x150.jpg 150w, https:\/\/vapestornado.com\/wp-content\/uploads\/2024\/12\/AIVONO-FLASH-35000-Disposable-Vape-Wholesale-768x768.jpg 768w, https:\/\/vapestornado.com\/wp-content\/uploads\/2024\/12\/AIVONO-FLASH-35000-Disposable-Vape-Wholesale-600x600.jpg 600w, https:\/\/vapestornado.com\/wp-content\/uploads\/2024\/12\/AIVONO-FLASH-35000-Disposable-Vape-Wholesale-100x100.jpg 100w\" sizes=\"(max-width: 800px) 100vw, 800px\" \/><figcaption id=\"caption-attachment-3284\" class=\"wp-caption-text\">AIVONO FLASH 35000 Jednorazov\u00fd Vape Ve\u013ekoobchod<\/figcaption><\/figure>\n<\/div>\n<\/div>\n<\/div>\n<\/div>\n<h2 class=\"product-title\"><strong>Ob\u013e\u00faben\u00e1 pr\u00edchu\u0165 pre Aivono Flash 35000 potiahnut\u00ed<\/strong><\/h2>\n<h3><\/h3>\n<ol>\n<li>Jahodov\u00fd \u013ead<\/li>\n<li>Jahoda Mel\u00f3n<strong> <span style=\"color: #ff0000;\">&gt;&gt;&gt;&gt;&gt; Hor\u00face !<\/span><\/strong><\/li>\n<li>Malinov\u00e1 \u010dere\u0161\u0148a<\/li>\n<li>Modr\u00e1 Razz <strong><span style=\"color: #ff0000;\">&gt;&gt;&gt;&gt;&gt; Hor\u00face !<\/span><\/strong><\/li>\n<li>Citr\u00f3nov\u00e1 m\u00e4ta<\/li>\n<li>Brosky\u0148ov\u00e1 \u0161\u0165ava<\/li>\n<li>\u010cu\u010doriedkov\u00e9 hrozno<\/li>\n<li>\u013dadov\u00fd mel\u00f3n<\/li>\n<li>Jablkov\u00e1 bobu\u013ea<\/li>\n<li>Mango Anan\u00e1s<\/li>\n<li>Modr\u00fd ran\u010d<\/li>\n<li>Jahodov\u00e1 zmrzlina<\/li>\n<li>Hroznov\u00fd \u013ead<\/li>\n<li>Zmie\u0161an\u00e9 bobule <strong><span style=\"color: #ff0000;\">&gt;&gt;&gt;&gt;&gt; Najlep\u0161ie!<\/span><\/strong><\/li>\n<li>Jahoda Kivi<\/li>\n<\/ol>\n<h3>Pre\u010do si vybra\u0165 vapestornado pre ve\u013ekoobchod s Aivono Flash 35000 Puffs Vape?<\/h3>\n<div class=\"flex-shrink-0 flex flex-col relative items-end\">\n<div class=\"pt-0\">\n<div class=\"gizmo-bot-avatar flex h-8 w-8 items-center justify-center overflow-hidden rounded-full\">\n<div class=\"relative p-1 rounded-sm flex items-center justify-center bg-token-main-surface-primary text-token-text-primary h-8 w-8\">\n<p>Vitajte vo vapestornado, va\u0161om d\u00f4veryhodnom internetovom obchode s vapmi pre pr\u00e9miov\u00e9 jednorazov\u00e9 vapy. S viac ako 5-ro\u010dn\u00fdmi sk\u00fasenos\u0165ami v\u00e1m prin\u00e1\u0161ame popul\u00e1rne zna\u010dky jednorazov\u00fdch vapov, ako napr\u00edklad Fumot RandM Vape, <a href=\"https:\/\/vapestornado.com\/sk\/product\/vapme-crystal-7000-puffs-rechargeable-disposable-vape-wholesale-cheap-price\/\">Vapme<\/a>, Bang Vape, Waspe Vape a WGA Vape, at\u010f.<\/p>\n<p>N\u00e1\u0161 sortiment zah\u0155\u0148a hor\u00face vapy ako napr\u00edklad <a href=\"https:\/\/vapestornado.com\/sk\/product\/fumot-randm-tornado-15000-puffs-rechargeable-disposable-vape-wholesale\/\">RandM Tornado 15000<\/a>, a v\u00fdber bohat\u00fd na pr\u00edchute ako napr\u00edklad <a href=\"https:\/\/vapestornado.com\/sk\/product\/vapsolo-dg-18000-puffs-smart-screen-wholesale-disposable-cheap-vapes\/\">\u00a0Vapsolo DG18000 Pufov<\/a> . Ka\u017ed\u00fd produkt je vybran\u00fd so zameran\u00edm na kvalitu, hodnotu a rozmanitos\u0165, \u010do zais\u0165uje, \u017ee n\u00e1jdete presne to, \u010do potrebujete. Objavte v\u00fdnimo\u010dn\u00e9 slu\u017eby a \u0161irok\u00fa \u0161k\u00e1lu \u0161pi\u010dkov\u00fdch produktov za ve\u013ekoobchodn\u00e9 ceny vo vapestornado.<\/p>\n<\/div>\n<h3><\/h3>\n<div class=\"relative p-1 rounded-sm flex items-center justify-center bg-token-main-surface-primary text-token-text-primary h-8 w-8\">\n<h3>\u010cast\u00e9 ot\u00e1zky pre Aivono Flash 35k Jednorazov\u00e9 VAPE<\/h3>\n<\/div>\n<\/div>\n<\/div>\n<\/div>\n<div class=\"flex-shrink-0 flex flex-col relative items-end\">\n<div class=\"pt-0\">\n<div class=\"gizmo-bot-avatar flex h-8 w-8 items-center justify-center overflow-hidden rounded-full\">\n<div class=\"relative p-1 rounded-sm flex items-center justify-center bg-token-main-surface-primary text-token-text-primary h-8 w-8\">\n<div class=\"mb-2 flex gap-3 empty:hidden -ml-2\">\n<div role=\"article\" data-tabster=\"{&quot;groupper&quot;:{&quot;tabbability&quot;:2},&quot;focusable&quot;:{}}\" data-content=\"ai-message\" aria-labelledby=\"Vdt5ez4X7Tg813x6rFVha-author Vdt5ez4X7Tg813x6rFVha-content\">\n<div id=\"Vdt5ez4X7Tg813x6rFVha-content\">\n<div role=\"article\" data-tabster=\"{&quot;groupper&quot;:{&quot;tabbability&quot;:2},&quot;focusable&quot;:{}}\" data-content=\"ai-message\" aria-labelledby=\"o968oC7CEo2fGHsGdsRYC-author o968oC7CEo2fGHsGdsRYC-content\">\n<div id=\"o968oC7CEo2fGHsGdsRYC-content\">\n<div class=\"flex max-w-full flex-col flex-grow\">\n<div class=\"min-h-8 text-message flex w-full flex-col items-end gap-2 whitespace-normal break-words text-start [.text-message+&amp;]:mt-5\" dir=\"auto\" data-message-author-role=\"assistant\" data-message-id=\"b080906d-586a-45a5-bbed-ade28bd7e809\" data-message-model-slug=\"gpt-4o\">\n<div class=\"flex w-full flex-col gap-1 empty:hidden first:pt-[3px]\">\n<div class=\"markdown prose w-full break-words dark:prose-invert light\">\n<ol data-start=\"3738\" data-end=\"4924\">\n<li data-start=\"3738\" data-end=\"3959\">\n<p data-start=\"3741\" data-end=\"3959\"><strong data-start=\"3741\" data-end=\"3827\">Ako ovplyv\u0148uje dvojit\u00e1 mrie\u017ekov\u00e1 cievka Aivono Flash 35000 Puffs chu\u0165 pri dlhodobom pou\u017e\u00edvan\u00ed?<\/strong><br data-start=\"3827\" data-end=\"3830\" \/>Dvojit\u00e9 mrie\u017ekov\u00e9 cievky sa zahrievaj\u00fa rovnomernej\u0161ie ako jednovl\u00e1knov\u00e9, \u010do pom\u00e1ha udr\u017ea\u0165 chu\u0165 konzistentn\u00fa hlb\u0161ie do 36 ml n\u00e1dr\u017ee.<\/p>\n<\/li>\n<li data-start=\"3961\" data-end=\"4212\">\n<p data-start=\"3964\" data-end=\"4212\"><strong data-start=\"3964\" data-end=\"4065\">Ak\u00fd je pr\u00ednos nastavite\u013en\u00e9ho v\u00fdkonu na dob\u00edjate\u013enom jednorazovom vaporiz\u00e9ri Aivono Flash 35000?<\/strong><br data-start=\"4065\" data-end=\"4068\" \/>Nastavite\u013en\u00fd v\u00fdkon v\u00e1m umo\u017e\u0148uje kontrolova\u0165 teplotu a intenzitu pary. Ni\u017e\u0161ie nastavenia s\u00fa vhodn\u00e9 pre jemnej\u0161\u00ed denn\u00fd \u0165ah, vy\u0161\u0161ie nastavenia vytv\u00e1raj\u00fa hrub\u0161ie oblaky.<\/p>\n<\/li>\n<li data-start=\"4214\" data-end=\"4429\">\n<p data-start=\"4217\" data-end=\"4429\"><strong data-start=\"4217\" data-end=\"4297\">Funguje dvojr\u00fdchlostn\u00fd prietok vzduchu Aivono Flash 35K pre pou\u017e\u00edvate\u013eov MTL aj DTL?<\/strong><br data-start=\"4297\" data-end=\"4300\" \/>\u00c1no. Tuh\u0161ie nastavenie prietoku vzduchu podporuje \u0165ahy v \u0161t\u00fdle MTL, zatia\u013e \u010do otvorenej\u0161ie nastavenie poskytuje vo\u013enej\u0161\u00ed \u0165ah s vy\u0161\u0161\u00edm objemom pary pre pou\u017e\u00edvate\u013eov DTL.<\/p>\n<\/li>\n<li data-start=\"4431\" data-end=\"4670\">\n<p data-start=\"4434\" data-end=\"4670\"><strong data-start=\"4434\" data-end=\"4533\">Dok\u00e1\u017ee dob\u00edjate\u013en\u00fd jednorazov\u00fd vaporiz\u00e9r Aivono Flash 35000 Type-C vy\u010derpa\u0165 cel\u00fa 36 ml n\u00e1dr\u017eku s e-liquidom?<\/strong><br data-start=\"4533\" data-end=\"4536\" \/>To je \u00fa\u010del jeho dob\u00edjate\u013en\u00e9ho dizajnu. Ak bat\u00e9ria klesne sk\u00f4r, ne\u017e sa n\u00e1dr\u017e vypr\u00e1zdni, r\u00fdchle dob\u00edjanie cez Type-C ho udr\u017e\u00ed v chode.<\/p>\n<\/li>\n<li data-start=\"4672\" data-end=\"4924\">\n<p data-start=\"4675\" data-end=\"4924\"><strong data-start=\"4675\" data-end=\"4785\">Je vysokokapacitn\u00fd vaporiz\u00e9r Aivono Flash 35000 Puffs vhodn\u00fd pre \u0165a\u017e\u0161\u00edch pou\u017e\u00edvate\u013eov, ktor\u00ed chc\u00fa stabiln\u00fd v\u00fdstup pary?<\/strong><br data-start=\"4785\" data-end=\"4788\" \/>Je navrhnut\u00fd pre tento re\u017eim: ve\u013ek\u00fd objem tekutiny, dvojit\u00e9 mrie\u017ekov\u00e9 cievky a nastavite\u013en\u00fd v\u00fdkon udr\u017eiavaj\u00fa hustotu pary stabiln\u00fa po\u010das dlh\u00fdch rel\u00e1ci\u00ed.<\/p>\n<\/li>\n<\/ol>\n<\/div>\n<\/div>\n<\/div>\n<\/div>\n<\/div>\n<\/div>\n<\/div>\n<\/div>\n<\/div>\n<\/div>\n<\/div>\n<\/div>\n<\/div>","protected":false},"excerpt":{"rendered":"<p>Aivono Aim Flash 35000 potiahnut\u00ed 2% 5% jednorazov\u00fd vaporiz\u00e9r s n\u00edzkym obsahom nikot\u00ednu hromadn\u00fd n\u00e1kup<br \/>\nAivono Flash 35000 potiahnut\u00ed jednorazov\u00fd dob\u00edjac\u00ed vaporiz\u00e9r ve\u013ekoobchod<br \/>\nLacn\u00fd z v\u00fdroby Aivono Aim Flash 35000 potiahnut\u00ed 2% 5% jednorazov\u00fd vaporiz\u00e9r s n\u00edzkym obsahom nikot\u00ednu<\/p>\n<p><strong>Pridajte si Amy na whatsapp a z\u00edskajte spr\u00e1vnu odpove\u010f a kup\u00f3n na vapy!<\/strong><\/p>\n<p><img fetchpriority=\"high\" decoding=\"async\" class=\"size-full wp-image-2932\" src=\"https:\/\/vapestornado.com\/wp-content\/uploads\/2024\/12\/Vape-Wholesale.jpg\" alt=\"Ve\u013ekoobchod s vape\" width=\"229\" height=\"300\" \/><\/p>\n<h3><a href=\"https:\/\/wa.me\/8617776015835\"><span style=\"color: #ff0000;\"><strong>WhatsApp: +86 17776015835<\/strong><\/span><\/a><\/h3>\n<p>&nbsp;<\/p>","protected":false},"featured_media":3283,"comment_status":"open","ping_status":"closed","template":"","meta":{"_acf_changed":false,"_uag_custom_page_level_css":"","_lmt_disableupdate":"no","_lmt_disable":"","_monsterinsights_skip_tracking":false,"_monsterinsights_sitenote_active":false,"_monsterinsights_sitenote_note":"","_monsterinsights_sitenote_category":0,"site-sidebar-layout":"default","site-content-layout":"","ast-site-content-layout":"default","site-content-style":"default","site-sidebar-style":"default","ast-global-header-display":"","ast-banner-title-visibility":"","ast-main-header-display":"","ast-hfb-above-header-display":"","ast-hfb-below-header-display":"","ast-hfb-mobile-header-display":"","site-post-title":"","ast-breadcrumbs-content":"","ast-featured-img":"","footer-sml-layout":"","ast-disable-related-posts":"","theme-transparent-header-meta":"default","adv-header-id-meta":"","stick-header-meta":"","header-above-stick-meta":"","header-main-stick-meta":"","header-below-stick-meta":"","astra-migrate-meta-layouts":"set","ast-page-background-enabled":"default","ast-page-background-meta":{"desktop":{"background-color":"","background-image":"","background-repeat":"repeat","background-position":"center center","background-size":"auto","background-attachment":"scroll","background-type":"","background-media":"","overlay-type":"","overlay-color":"","overlay-opacity":"","overlay-gradient":""},"tablet":{"background-color":"","background-image":"","background-repeat":"repeat","background-position":"center center","background-size":"auto","background-attachment":"scroll","background-type":"","background-media":"","overlay-type":"","overlay-color":"","overlay-opacity":"","overlay-gradient":""},"mobile":{"background-color":"","background-image":"","background-repeat":"repeat","background-position":"center center","background-size":"auto","background-attachment":"scroll","background-type":"","background-media":"","overlay-type":"","overlay-color":"","overlay-opacity":"","overlay-gradient":""}},"ast-content-background-meta":{"desktop":{"background-color":"var(--ast-global-color-5)","background-image":"","background-repeat":"repeat","background-position":"center center","background-size":"auto","background-attachment":"scroll","background-type":"","background-media":"","overlay-type":"","overlay-color":"","overlay-opacity":"","overlay-gradient":""},"tablet":{"background-color":"var(--ast-global-color-5)","background-image":"","background-repeat":"repeat","background-position":"center center","background-size":"auto","background-attachment":"scroll","background-type":"","background-media":"","overlay-type":"","overlay-color":"","overlay-opacity":"","overlay-gradient":""},"mobile":{"background-color":"var(--ast-global-color-5)","background-image":"","background-repeat":"repeat","background-position":"center center","background-size":"auto","background-attachment":"scroll","background-type":"","background-media":"","overlay-type":"","overlay-color":"","overlay-opacity":"","overlay-gradient":""}},"_joinchat":{"telephone":"+8617776015835"}},"product_brand":[],"product_cat":[175,176,151,157,158,142,144],"product_tag":[185,165,97,166,184,94],"class_list":{"0":"post-3289","1":"product","2":"type-product","3":"status-publish","4":"has-post-thumbnail","6":"product_cat-35000-puff","7":"product_cat-aivono-vape","8":"product_cat-buy-disposable-vapes-in-france","9":"product_cat-buy-disposable-vapes-in-portugal","10":"product_cat-buy-disposable-vapes-in-spain","11":"product_cat-digital-box-disposable-vapes","12":"product_cat-low-nicotine-disposable-vapes","13":"product_tag-aivono-flash-35000-puffs","14":"product_tag-cheap-vapes","15":"product_tag-hot-sale-disposable-vape","16":"product_tag-low-nicotine-vape","17":"product_tag-puff-35k","18":"product_tag-rechargeable-disposable-vape","19":"desktop-align-left","20":"tablet-align-left","21":"mobile-align-left","23":"first","24":"instock","25":"sale","26":"shipping-taxable","27":"purchasable","28":"product-type-simple"},"acf":[],"uagb_featured_image_src":{"full":["https:\/\/vapestornado.com\/wp-content\/uploads\/2024\/12\/Aivono-35000-Puffs-Disposable-Vape-Wholesale.jpg",800,800,false],"thumbnail":["https:\/\/vapestornado.com\/wp-content\/uploads\/2024\/12\/Aivono-35000-Puffs-Disposable-Vape-Wholesale-150x150.jpg",150,150,true],"medium":["https:\/\/vapestornado.com\/wp-content\/uploads\/2024\/12\/Aivono-35000-Puffs-Disposable-Vape-Wholesale-300x300.jpg",300,300,true],"medium_large":["https:\/\/vapestornado.com\/wp-content\/uploads\/2024\/12\/Aivono-35000-Puffs-Disposable-Vape-Wholesale-768x768.jpg",768,768,true],"large":["https:\/\/vapestornado.com\/wp-content\/uploads\/2024\/12\/Aivono-35000-Puffs-Disposable-Vape-Wholesale.jpg",800,800,false],"1536x1536":["https:\/\/vapestornado.com\/wp-content\/uploads\/2024\/12\/Aivono-35000-Puffs-Disposable-Vape-Wholesale.jpg",800,800,false],"2048x2048":["https:\/\/vapestornado.com\/wp-content\/uploads\/2024\/12\/Aivono-35000-Puffs-Disposable-Vape-Wholesale.jpg",800,800,false],"trp-custom-language-flag":["https:\/\/vapestornado.com\/wp-content\/uploads\/2024\/12\/Aivono-35000-Puffs-Disposable-Vape-Wholesale.jpg",12,12,false],"woocommerce_thumbnail":["https:\/\/vapestornado.com\/wp-content\/uploads\/2024\/12\/Aivono-35000-Puffs-Disposable-Vape-Wholesale-300x300.jpg",300,300,true],"woocommerce_single":["https:\/\/vapestornado.com\/wp-content\/uploads\/2024\/12\/Aivono-35000-Puffs-Disposable-Vape-Wholesale-600x600.jpg",600,600,true],"woocommerce_gallery_thumbnail":["https:\/\/vapestornado.com\/wp-content\/uploads\/2024\/12\/Aivono-35000-Puffs-Disposable-Vape-Wholesale-100x100.jpg",100,100,true]},"uagb_author_info":{"display_name":"ESAMY","author_link":"https:\/\/vapestornado.com\/sk\/author\/"},"uagb_comment_info":0,"uagb_excerpt":"Aivono Aim Flash 35000 Puffs 2% 5% Low Nicotine Disposable Vape Bulk Buy Price Aivono Flash 35000 Puffs Rechargeable Disposable Vape Wholesale Cheap Factory\u00a0Aivono Aim Flash 35000 Puffs 2% 5% Low Nicotine Disposable Vape Add Amy's whatsapp get right reply and vape vape coupon! WhatsApp: +86 17776015835 &nbsp;","_links":{"self":[{"href":"https:\/\/vapestornado.com\/sk\/wp-json\/wp\/v2\/product\/3289","targetHints":{"allow":["GET"]}}],"collection":[{"href":"https:\/\/vapestornado.com\/sk\/wp-json\/wp\/v2\/product"}],"about":[{"href":"https:\/\/vapestornado.com\/sk\/wp-json\/wp\/v2\/types\/product"}],"replies":[{"embeddable":true,"href":"https:\/\/vapestornado.com\/sk\/wp-json\/wp\/v2\/comments?post=3289"}],"wp:featuredmedia":[{"embeddable":true,"href":"https:\/\/vapestornado.com\/sk\/wp-json\/wp\/v2\/media\/3283"}],"wp:attachment":[{"href":"https:\/\/vapestornado.com\/sk\/wp-json\/wp\/v2\/media?parent=3289"}],"wp:term":[{"taxonomy":"product_brand","embeddable":true,"href":"https:\/\/vapestornado.com\/sk\/wp-json\/wp\/v2\/product_brand?post=3289"},{"taxonomy":"product_cat","embeddable":true,"href":"https:\/\/vapestornado.com\/sk\/wp-json\/wp\/v2\/product_cat?post=3289"},{"taxonomy":"product_tag","embeddable":true,"href":"https:\/\/vapestornado.com\/sk\/wp-json\/wp\/v2\/product_tag?post=3289"}],"curies":[{"name":"wp","href":"https:\/\/api.w.org\/{rel}","templated":true}]}}