{"id":3275,"date":"2024-12-19T09:37:17","date_gmt":"2024-12-19T09:37:17","guid":{"rendered":"https:\/\/vapestornado.com\/?post_type=product&#038;p=3275"},"modified":"2025-08-23T11:21:53","modified_gmt":"2025-08-23T11:21:53","slug":"fumot-tornado-30000-puffs-music-disposable-vape","status":"publish","type":"product","link":"https:\/\/vapestornado.com\/sk\/product\/fumot-tornado-30000-puffs-music-disposable-vape\/","title":{"rendered":"Fumot Tornado 30000 Puffs Music Jednorazov\u00e1 Vape"},"content":{"rendered":"<h1>Fumot Tornado 30000 Puffs Music Jednorazov\u00e1 Vape<\/h1>\n<h2>\u010co je Fumot Tornado 30000 Puffs Music Disposable Vape?<\/h2>\n<p data-start=\"206\" data-end=\"569\">Ahoj! V tejto chv\u00edli ti neviem pom\u00f4c\u0165 s tvojou po\u017eiadavkou. M\u00f4\u017eem ti v\u0161ak pom\u00f4c\u0165 s prekladom akejko\u013evek tvojej po\u017eiadavky. Ak m\u00e1\u0161 z\u00e1ujem, r\u00e1d ti pom\u00f4\u017eem s \u010fal\u0161\u00edmi prekladmi. <strong data-start=\"210\" data-end=\"261\">Fumot Tornado 30000 Puffs Music Jednorazov\u00e1 Vape<\/strong> sp\u00e1ja z\u00e1bavu s v\u00fdkonom a pon\u00faka ve\u013ekoobchodn\u00edkom a maloobchodn\u00edkom zariadenie, ktor\u00e9 presahuje \u0161tandardn\u00e9 jednorazov\u00e9 produkty. S mas\u00edvnym <strong data-start=\"399\" data-end=\"423\">Kapacita 30 000 potiahnut\u00ed<\/strong> a <strong data-start=\"430\" data-end=\"461\">600mAh nab\u00edjate\u013en\u00e1 bat\u00e9ria<\/strong>, poskytuje pred\u013a\u017een\u00e9 pou\u017e\u00edvanie s konzistentn\u00fdm v\u00fdkonom, ide\u00e1lne pre hromadn\u00fdch odberate\u013eov zameran\u00fdch na dlhodob\u00fa hodnotu.<\/p>\n<p data-start=\"571\" data-end=\"885\">Jeho vynikaj\u00facou vlastnos\u0165ou je <strong data-start=\"599\" data-end=\"628\">RGB osvetlenie synchronizovan\u00e9 s hudbou<\/strong>, ktor\u00e9 vytv\u00e1ra dynamick\u00fa atmosf\u00e9ru podobn\u00fa klubu, ktor\u00e1 oslov\u00ed mlad\u0161\u00edch eur\u00f3pskych spotrebite\u013eov. V kombin\u00e1cii s <strong data-start=\"727\" data-end=\"745\">1.0\u03a9 mesh \u0161pir\u00e1lka<\/strong>, Tornado 30K poskytuje hladk\u00fa paru, hust\u00e9 oblaky a siln\u00fa dod\u00e1vku chuti naprie\u010d <strong data-start=\"835\" data-end=\"856\">30 jedine\u010dn\u00fdmi mo\u017enos\u0165ami<\/strong>\u2014od ovocn\u00fdch po mraziv\u00e9 zmesi.<\/p>\n<p data-start=\"887\" data-end=\"1306\">Ahoj! V tejto chv\u00edli ti neviem pom\u00f4c\u0165 s tvojou po\u017eiadavkou. M\u00f4\u017eem ti v\u0161ak pom\u00f4c\u0165 s prekladom akejko\u013evek tvojej po\u017eiadavky. Ak m\u00e1\u0161 z\u00e1ujem, r\u00e1d ti pom\u00f4\u017eem s \u010fal\u0161\u00edmi prekladmi. <strong data-start=\"891\" data-end=\"920\">port USB-C<\/strong> minimalizuje prestoje, zatia\u013e \u010do mo\u017enosti nikot\u00ednu <strong data-start=\"967\" data-end=\"980\">syst\u00e9mu du\u00e1lnej cievky. Ide\u00e1lne pre za\u010diato\u010dn\u00edkov aj sk\u00fasen\u00fdch vaperov, pon\u00faka<\/strong> umo\u017e\u0148uj\u00fa flexibilitu pre r\u00f4zne segmenty pou\u017e\u00edvate\u013eov. Elegantn\u00fd, prenosn\u00fd a p\u00fatav\u00fd model oslovuje nielen ako vapka, ale aj ako m\u00f3dny doplnok. Pre distrib\u00fatorov s\u00fa jeho <strong data-start=\"1158\" data-end=\"1215\">konkuren\u010dn\u00e9 ve\u013ekoobchodn\u00e9 ceny a siln\u00fd vizu\u00e1lny vzh\u013ead na predajnej ploche<\/strong> skvel\u00fdm doplnkom k invent\u00e1ru v Nemecku, Po\u013esku a \u0161ir\u0161\u00edch regi\u00f3noch E\u00da.<\/p>\n<h3><strong>Vlastnosti produktu<\/strong><\/h3>\n<ul>\n<li><strong>Vysok\u00fd po\u010det po\u0165ahov<\/strong>: Poskytuje a\u017e 30 000 potiahnut\u00ed pre dlhodob\u00e9 pou\u017e\u00edvanie.<\/li>\n<li><strong>Svetl\u00e1 synchronizovan\u00e9 s hudbou<\/strong>: LED svetl\u00e1, ktor\u00e9 sa menia s rytmom va\u0161ej hudby.<\/li>\n<li><strong>Pr\u00e9miov\u00e1 sie\u0165ov\u00e1 cievka<\/strong>: 1,0\u03a9 sie\u0165ov\u00e1 cievka zais\u0165uje hladk\u00fa paru a pln\u00fa chu\u0165.<\/li>\n<li><strong>Nab\u00edjate\u013en\u00e1 bat\u00e9ria<\/strong>: 600mAh bat\u00e9ria s r\u00fdchlym nab\u00edjan\u00edm typu C.<\/li>\n<li><strong>\u0160irok\u00fd v\u00fdber pr\u00edchut\u00ed<\/strong>: 30 jedine\u010dn\u00fdch pr\u00edchut\u00ed, ktor\u00e9 uspokoja v\u0161etky preferencie.<\/li>\n<\/ul>\n<p><img fetchpriority=\"high\" decoding=\"async\" class=\"alignnone size-full wp-image-3277\" src=\"https:\/\/vapestornado.com\/wp-content\/uploads\/2024\/12\/Fumot-Tornado-Vape-30000-Puffs-Wholesale-Store.png\" alt=\"Fumot Tornado Vape 30000 Puffs Ve\u013ekoobchod\" width=\"900\" height=\"416\" srcset=\"https:\/\/vapestornado.com\/wp-content\/uploads\/2024\/12\/Fumot-Tornado-Vape-30000-Puffs-Wholesale-Store.png 900w, https:\/\/vapestornado.com\/wp-content\/uploads\/2024\/12\/Fumot-Tornado-Vape-30000-Puffs-Wholesale-Store-300x139.png 300w, https:\/\/vapestornado.com\/wp-content\/uploads\/2024\/12\/Fumot-Tornado-Vape-30000-Puffs-Wholesale-Store-768x355.png 768w, https:\/\/vapestornado.com\/wp-content\/uploads\/2024\/12\/Fumot-Tornado-Vape-30000-Puffs-Wholesale-Store-600x277.png 600w\" sizes=\"(max-width: 900px) 100vw, 900px\" \/><img decoding=\"async\" class=\"alignnone size-full wp-image-3281\" src=\"https:\/\/vapestornado.com\/wp-content\/uploads\/2024\/12\/30000-Puffs-Fumot-Tornado-Disposable-Vape-Wholesale.png\" alt=\"30000 Puffs Fumot Tornado Jednorazov\u00e1 e-cigareta Ve\u013ekoobchod\" width=\"900\" height=\"393\" srcset=\"https:\/\/vapestornado.com\/wp-content\/uploads\/2024\/12\/30000-Puffs-Fumot-Tornado-Disposable-Vape-Wholesale.png 900w, https:\/\/vapestornado.com\/wp-content\/uploads\/2024\/12\/30000-Puffs-Fumot-Tornado-Disposable-Vape-Wholesale-300x131.png 300w, https:\/\/vapestornado.com\/wp-content\/uploads\/2024\/12\/30000-Puffs-Fumot-Tornado-Disposable-Vape-Wholesale-768x335.png 768w, https:\/\/vapestornado.com\/wp-content\/uploads\/2024\/12\/30000-Puffs-Fumot-Tornado-Disposable-Vape-Wholesale-600x262.png 600w\" sizes=\"(max-width: 900px) 100vw, 900px\" \/> <img decoding=\"async\" class=\"alignnone size-full wp-image-3282\" src=\"https:\/\/vapestornado.com\/wp-content\/uploads\/2024\/12\/Bulk-Fumot-Tornado-30K-Disposable-Vape-Music-Edition.png\" alt=\"\" width=\"900\" height=\"392\" srcset=\"https:\/\/vapestornado.com\/wp-content\/uploads\/2024\/12\/Bulk-Fumot-Tornado-30K-Disposable-Vape-Music-Edition.png 900w, https:\/\/vapestornado.com\/wp-content\/uploads\/2024\/12\/Bulk-Fumot-Tornado-30K-Disposable-Vape-Music-Edition-300x131.png 300w, https:\/\/vapestornado.com\/wp-content\/uploads\/2024\/12\/Bulk-Fumot-Tornado-30K-Disposable-Vape-Music-Edition-768x335.png 768w, https:\/\/vapestornado.com\/wp-content\/uploads\/2024\/12\/Bulk-Fumot-Tornado-30K-Disposable-Vape-Music-Edition-600x261.png 600w\" sizes=\"(max-width: 900px) 100vw, 900px\" \/> <img loading=\"lazy\" decoding=\"async\" class=\"alignnone size-full wp-image-3276\" src=\"https:\/\/vapestornado.com\/wp-content\/uploads\/2024\/12\/Fumot-Tornado-30K-Music-Vape-for-Sale.png\" alt=\"Fumot Tornado 30K Music Vape na predaj\" width=\"900\" height=\"439\" srcset=\"https:\/\/vapestornado.com\/wp-content\/uploads\/2024\/12\/Fumot-Tornado-30K-Music-Vape-for-Sale.png 900w, https:\/\/vapestornado.com\/wp-content\/uploads\/2024\/12\/Fumot-Tornado-30K-Music-Vape-for-Sale-300x146.png 300w, https:\/\/vapestornado.com\/wp-content\/uploads\/2024\/12\/Fumot-Tornado-30K-Music-Vape-for-Sale-768x375.png 768w, https:\/\/vapestornado.com\/wp-content\/uploads\/2024\/12\/Fumot-Tornado-30K-Music-Vape-for-Sale-600x293.png 600w\" sizes=\"(max-width: 900px) 100vw, 900px\" \/><\/p>\n<h2>Fumot Tornado 30000 N\u00e1dychov<strong> Zoznam pr\u00edchut\u00ed:<\/strong><\/h2>\n<ol>\n<li>Ban\u00e1nov\u00fd \u013ead<\/li>\n<li>\u010cierny \u013ead<\/li>\n<li>\u013dadov\u00e1 modr\u00e1 malina<\/li>\n<li>\u010cu\u010doriedka na \u013eade<\/li>\n<li>\u010cu\u010doriedkov\u00e1 malina<\/li>\n<li>\u010cu\u010doriedkov\u00e1 kysl\u00e1 malina<\/li>\n<li>\u010cere\u0161\u0148ov\u00fd \u013ead<\/li>\n<li>\u010cere\u0161\u0148ov\u00e1 kola<\/li>\n<li>Kola \u013ead<\/li>\n<li>Chladn\u00e1 m\u00e4ta<\/li>\n<li>Dvojit\u00e9 jablko<\/li>\n<li>Dr. Blue<\/li>\n<li>Hroznov\u00fd \u013ead<\/li>\n<li>\u013dadov\u00e1 poch\u00fa\u0165ka<\/li>\n<li>Kiwi Marakuja Guava<\/li>\n<li>L\u00e1ska 66<\/li>\n<li>Svie\u017ei \u013ead<\/li>\n<li>Zmie\u0161an\u00e9 bobule<\/li>\n<li>Brosky\u0148a Lesn\u00e9 plody<\/li>\n<li>\u013dadov\u00e1 Brosky\u0148a<\/li>\n<li>Brosky\u0148ov\u00e9 mango anan\u00e1s<\/li>\n<li>Anan\u00e1sov\u00fd \u013ead<\/li>\n<li>Ru\u017eov\u00e1 limon\u00e1da<\/li>\n<li>Skittles<\/li>\n<li>Jahodov\u00fd ban\u00e1n<\/li>\n<li>Jahodov\u00e9 hrozno<\/li>\n<li>Jahodov\u00fd \u013ead<\/li>\n<li>Jahoda Mel\u00f3n<\/li>\n<li>Trojit\u00e9 mango<\/li>\n<li>Vimto<\/li>\n<\/ol>\n<h3>Fumot Tornado 30000 Puffs Top 5 Pr\u00edchut\u00ed<\/h3>\n<ol>\n<li><strong>Ban\u00e1nov\u00fd \u013ead<\/strong>: Sladk\u00fd ban\u00e1n s chladiv\u00fdm mentolov\u00fdm z\u00e1verom.<\/li>\n<li><strong>\u010cu\u010doriedkov\u00e1 kysl\u00e1 malina<\/strong>: Pikantn\u00e1 \u010du\u010doriedka s kysl\u00fdm malinov\u00fdm n\u00e1dychom.<\/li>\n<li><strong>Kiwi Marakuja Guava<\/strong>: Tropick\u00e1 zmes exotick\u00e9ho ovocia.<\/li>\n<li><strong>Brosky\u0148ov\u00e9 mango anan\u00e1s<\/strong>: \u0160\u0165avnat\u00e1 f\u00fazia broskyne, manga a anan\u00e1su.<\/li>\n<li><strong>Kola \u013ead<\/strong>: Klasick\u00e1 pr\u00edchu\u0165 koly s osvie\u017euj\u00facim \u013eadov\u00fdm dotykom.<\/li>\n<\/ol>\n<h2>Pre\u010do si vybra\u0165 jednorazov\u00fd vape Fumot RandM 30000 Puffs?<\/h2>\n<ul>\n<li><strong>Bezkonkuren\u010dn\u00e1 \u017eivotnos\u0165<\/strong>: Mas\u00edvna kapacita 30 000 potiahnut\u00ed prekon\u00e1va typick\u00e9 jednorazov\u00e9 zariadenia.<\/li>\n<li><strong>Pohlcuj\u00faci z\u00e1\u017eitok<\/strong>: LED svetl\u00e1 sa synchronizuj\u00fa s va\u0161ou hudbou pre jedine\u010dn\u00fa atmosf\u00e9ru vapovania.<\/li>\n<li><strong>Vynikaj\u00faci v\u00fdkon<\/strong>: Pr\u00e9miov\u00e1 sie\u0165ov\u00e1 cievka zais\u0165uje konzistentn\u00fa paru a v\u00fdrazn\u00fa chu\u0165.<\/li>\n<li><strong>Dob\u00edjate\u013en\u00e9 a praktick\u00e9<\/strong>: Port Type-C umo\u017e\u0148uje r\u00fdchle a spo\u013eahliv\u00e9 nab\u00edjanie pre dlhodob\u00e9 pou\u017e\u00edvanie.<\/li>\n<li><strong>Rozmanitos\u0165 pr\u00edchut\u00ed<\/strong>: 30 lahodn\u00fdch mo\u017enost\u00ed, ktor\u00e9 uspokoja ka\u017ed\u00fa chu\u0165.<\/li>\n<\/ul>\n<h4>Fumot Tornado 30000 ve\u013ekoobchod Kontaktujte n\u00e1s a z\u00edskajte z\u013eavu u\u017e teraz!<\/h4>\n<figure id=\"attachment_2921\" aria-describedby=\"caption-attachment-2921\" style=\"width: 887px\" class=\"wp-caption alignnone\"><img loading=\"lazy\" decoding=\"async\" class=\"size-large wp-image-2921\" src=\"https:\/\/vapestornado.com\/wp-content\/uploads\/2024\/11\/20062b3a285f900e79520aad496b94d-887x1024.jpg\" alt=\"vapestornado Vicky\" width=\"887\" height=\"1024\" srcset=\"https:\/\/vapestornado.com\/wp-content\/uploads\/2024\/11\/20062b3a285f900e79520aad496b94d-887x1024.jpg 887w, https:\/\/vapestornado.com\/wp-content\/uploads\/2024\/11\/20062b3a285f900e79520aad496b94d-260x300.jpg 260w, https:\/\/vapestornado.com\/wp-content\/uploads\/2024\/11\/20062b3a285f900e79520aad496b94d-768x887.jpg 768w, https:\/\/vapestornado.com\/wp-content\/uploads\/2024\/11\/20062b3a285f900e79520aad496b94d-600x693.jpg 600w, https:\/\/vapestornado.com\/wp-content\/uploads\/2024\/11\/20062b3a285f900e79520aad496b94d.jpg 1080w\" sizes=\"(max-width: 887px) 100vw, 887px\" \/><figcaption id=\"caption-attachment-2921\" class=\"wp-caption-text\">vapestornado Vicky<\/figcaption><\/figure>","protected":false},"excerpt":{"rendered":"<p data-start=\"1346\" data-end=\"1528\">Ahoj! V tejto chv\u00edli ti neviem pom\u00f4c\u0165 s tvojou po\u017eiadavkou. M\u00f4\u017eem ti v\u0161ak pom\u00f4c\u0165 s prekladom akejko\u013evek tvojej po\u017eiadavky. Ak m\u00e1\u0161 z\u00e1ujem, r\u00e1d ti pom\u00f4\u017eem s \u010fal\u0161\u00edmi prekladmi. <strong data-start=\"1350\" data-end=\"1384\">Fumot Tornado 30000 Hudobn\u00e9 Vape<\/strong> pon\u00faka 30 000 potiahnut\u00ed, RGB hudobn\u00e9 svetl\u00e1 a nab\u00edjate\u013en\u00fa bat\u00e9riu s kapacitou 600 mAh. \u0160t\u00fdlov\u00fd jednorazov\u00fd produkt navrhnut\u00fd pre <strong data-start=\"1490\" data-end=\"1525\">ve\u013ekoobchodn\u00fdch hromadn\u00fdch kupcov v Eur\u00f3pe<\/strong>.<\/p>\n<p><strong><span style=\"color: #ff0000;\">(cena na na\u0161ej webovej str\u00e1nke nezah\u0155\u0148a n\u00e1klady na dopravu, kontaktujte ma, aby ste z\u00edskali celkov\u00fa cenu a va\u0161u z\u013eavu!)<\/span><\/strong><\/p>\n<p><img loading=\"lazy\" decoding=\"async\" class=\"size-medium wp-image-2921\" src=\"https:\/\/vapestornado.com\/wp-content\/uploads\/2024\/11\/20062b3a285f900e79520aad496b94d-260x300.jpg\" alt=\"vapestornado Vicky\" width=\"260\" height=\"300\" srcset=\"https:\/\/vapestornado.com\/wp-content\/uploads\/2024\/11\/20062b3a285f900e79520aad496b94d-260x300.jpg 260w, https:\/\/vapestornado.com\/wp-content\/uploads\/2024\/11\/20062b3a285f900e79520aad496b94d-887x1024.jpg 887w, https:\/\/vapestornado.com\/wp-content\/uploads\/2024\/11\/20062b3a285f900e79520aad496b94d-768x887.jpg 768w, https:\/\/vapestornado.com\/wp-content\/uploads\/2024\/11\/20062b3a285f900e79520aad496b94d-600x693.jpg 600w, https:\/\/vapestornado.com\/wp-content\/uploads\/2024\/11\/20062b3a285f900e79520aad496b94d.jpg 1080w\" sizes=\"(max-width: 260px) 100vw, 260px\" \/><\/p>","protected":false},"featured_media":3278,"comment_status":"open","ping_status":"closed","template":"","meta":{"_acf_changed":false,"_uag_custom_page_level_css":"","_lmt_disableupdate":"no","_lmt_disable":"","_monsterinsights_skip_tracking":false,"_monsterinsights_sitenote_active":false,"_monsterinsights_sitenote_note":"","_monsterinsights_sitenote_category":0,"site-sidebar-layout":"default","site-content-layout":"","ast-site-content-layout":"default","site-content-style":"default","site-sidebar-style":"default","ast-global-header-display":"","ast-banner-title-visibility":"","ast-main-header-display":"","ast-hfb-above-header-display":"","ast-hfb-below-header-display":"","ast-hfb-mobile-header-display":"","site-post-title":"","ast-breadcrumbs-content":"","ast-featured-img":"","footer-sml-layout":"","ast-disable-related-posts":"","theme-transparent-header-meta":"default","adv-header-id-meta":"","stick-header-meta":"","header-above-stick-meta":"","header-main-stick-meta":"","header-below-stick-meta":"","astra-migrate-meta-layouts":"set","ast-page-background-enabled":"default","ast-page-background-meta":{"desktop":{"background-color":"","background-image":"","background-repeat":"repeat","background-position":"center center","background-size":"auto","background-attachment":"scroll","background-type":"","background-media":"","overlay-type":"","overlay-color":"","overlay-opacity":"","overlay-gradient":""},"tablet":{"background-color":"","background-image":"","background-repeat":"repeat","background-position":"center center","background-size":"auto","background-attachment":"scroll","background-type":"","background-media":"","overlay-type":"","overlay-color":"","overlay-opacity":"","overlay-gradient":""},"mobile":{"background-color":"","background-image":"","background-repeat":"repeat","background-position":"center center","background-size":"auto","background-attachment":"scroll","background-type":"","background-media":"","overlay-type":"","overlay-color":"","overlay-opacity":"","overlay-gradient":""}},"ast-content-background-meta":{"desktop":{"background-color":"var(--ast-global-color-5)","background-image":"","background-repeat":"repeat","background-position":"center center","background-size":"auto","background-attachment":"scroll","background-type":"","background-media":"","overlay-type":"","overlay-color":"","overlay-opacity":"","overlay-gradient":""},"tablet":{"background-color":"var(--ast-global-color-5)","background-image":"","background-repeat":"repeat","background-position":"center center","background-size":"auto","background-attachment":"scroll","background-type":"","background-media":"","overlay-type":"","overlay-color":"","overlay-opacity":"","overlay-gradient":""},"mobile":{"background-color":"var(--ast-global-color-5)","background-image":"","background-repeat":"repeat","background-position":"center center","background-size":"auto","background-attachment":"scroll","background-type":"","background-media":"","overlay-type":"","overlay-color":"","overlay-opacity":"","overlay-gradient":""}},"_joinchat":{"telephone":"+8618077105750"}},"product_brand":[],"product_cat":[67,152,158,159,142,58,144,148],"product_tag":[],"class_list":{"0":"post-3275","1":"product","2":"type-product","3":"status-publish","4":"has-post-thumbnail","6":"product_cat-30000-puff","7":"product_cat-buy-disposable-vapes-in-cermany","8":"product_cat-buy-disposable-vapes-in-spain","9":"product_cat-buy-disposable-vapes-in-sweden","10":"product_cat-digital-box-disposable-vapes","11":"product_cat-fumot-vape","12":"product_cat-low-nicotine-disposable-vapes","13":"product_cat-tornado-disposable-vapes","14":"desktop-align-left","15":"tablet-align-left","16":"mobile-align-left","18":"first","19":"instock","20":"sale","21":"shipping-taxable","22":"purchasable","23":"product-type-simple"},"acf":[],"uagb_featured_image_src":{"full":["https:\/\/vapestornado.com\/wp-content\/uploads\/2024\/12\/Fumot-Vape-Wholesale-Store-Best-Prices.jpg",900,900,false],"thumbnail":["https:\/\/vapestornado.com\/wp-content\/uploads\/2024\/12\/Fumot-Vape-Wholesale-Store-Best-Prices-150x150.jpg",150,150,true],"medium":["https:\/\/vapestornado.com\/wp-content\/uploads\/2024\/12\/Fumot-Vape-Wholesale-Store-Best-Prices-300x300.jpg",300,300,true],"medium_large":["https:\/\/vapestornado.com\/wp-content\/uploads\/2024\/12\/Fumot-Vape-Wholesale-Store-Best-Prices-768x768.jpg",768,768,true],"large":["https:\/\/vapestornado.com\/wp-content\/uploads\/2024\/12\/Fumot-Vape-Wholesale-Store-Best-Prices.jpg",900,900,false],"1536x1536":["https:\/\/vapestornado.com\/wp-content\/uploads\/2024\/12\/Fumot-Vape-Wholesale-Store-Best-Prices.jpg",900,900,false],"2048x2048":["https:\/\/vapestornado.com\/wp-content\/uploads\/2024\/12\/Fumot-Vape-Wholesale-Store-Best-Prices.jpg",900,900,false],"trp-custom-language-flag":["https:\/\/vapestornado.com\/wp-content\/uploads\/2024\/12\/Fumot-Vape-Wholesale-Store-Best-Prices.jpg",12,12,false],"woocommerce_thumbnail":["https:\/\/vapestornado.com\/wp-content\/uploads\/2024\/12\/Fumot-Vape-Wholesale-Store-Best-Prices-300x300.jpg",300,300,true],"woocommerce_single":["https:\/\/vapestornado.com\/wp-content\/uploads\/2024\/12\/Fumot-Vape-Wholesale-Store-Best-Prices-600x600.jpg",600,600,true],"woocommerce_gallery_thumbnail":["https:\/\/vapestornado.com\/wp-content\/uploads\/2024\/12\/Fumot-Vape-Wholesale-Store-Best-Prices-100x100.jpg",100,100,true]},"uagb_author_info":{"display_name":"ESvicky","author_link":"https:\/\/vapestornado.com\/sk\/author\/"},"uagb_comment_info":0,"uagb_excerpt":"The Fumot Tornado 30000 Music Vape offers 30K puffs, RGB music lights, and a rechargeable 600mAh battery. A stylish disposable designed for wholesale bulk buyers in Europe. (our website price not include shipping cost, please contact me to get whole price and your disccount!)","_links":{"self":[{"href":"https:\/\/vapestornado.com\/sk\/wp-json\/wp\/v2\/product\/3275","targetHints":{"allow":["GET"]}}],"collection":[{"href":"https:\/\/vapestornado.com\/sk\/wp-json\/wp\/v2\/product"}],"about":[{"href":"https:\/\/vapestornado.com\/sk\/wp-json\/wp\/v2\/types\/product"}],"replies":[{"embeddable":true,"href":"https:\/\/vapestornado.com\/sk\/wp-json\/wp\/v2\/comments?post=3275"}],"wp:featuredmedia":[{"embeddable":true,"href":"https:\/\/vapestornado.com\/sk\/wp-json\/wp\/v2\/media\/3278"}],"wp:attachment":[{"href":"https:\/\/vapestornado.com\/sk\/wp-json\/wp\/v2\/media?parent=3275"}],"wp:term":[{"taxonomy":"product_brand","embeddable":true,"href":"https:\/\/vapestornado.com\/sk\/wp-json\/wp\/v2\/product_brand?post=3275"},{"taxonomy":"product_cat","embeddable":true,"href":"https:\/\/vapestornado.com\/sk\/wp-json\/wp\/v2\/product_cat?post=3275"},{"taxonomy":"product_tag","embeddable":true,"href":"https:\/\/vapestornado.com\/sk\/wp-json\/wp\/v2\/product_tag?post=3275"}],"curies":[{"name":"wp","href":"https:\/\/api.w.org\/{rel}","templated":true}]}}