{"id":3238,"date":"2024-12-19T03:54:42","date_gmt":"2024-12-19T03:54:42","guid":{"rendered":"https:\/\/vapestornado.com\/?post_type=product&#038;p=3238"},"modified":"2025-12-11T09:33:33","modified_gmt":"2025-12-11T09:33:33","slug":"bang-vape-35000-puffs-low-nicotine-bulk-buy-rechargeable-disposable-vapes-box-wholesale-price","status":"publish","type":"product","link":"https:\/\/vapestornado.com\/sk\/product\/bang-vape-35000-puffs-low-nicotine-bulk-buy-rechargeable-disposable-vapes-box-wholesale-price\/","title":{"rendered":"Bang Vape 35000 Puffs N\u00edzky Nikot\u00edn Hromadn\u00fd N\u00e1kup Nab\u00edjate\u013en\u00e9 Jednorazov\u00e9 Vapy Box Ve\u013ekoobchodn\u00e1 Cena"},"content":{"rendered":"<h2 class=\"product-title\">Bang Vape 35000 Pufov Jednorazov\u00fd BangBOX 35K Dlh\u00e1 V\u00fddr\u017e<\/h2>\n<p><strong data-start=\"105\" data-end=\"130\">Bang Vape 35000 Pufov<\/strong> je navrhnut\u00fd pre vapery, ktor\u00ed chc\u00fa v\u00e1\u017ene kapacity, jasn\u00fa kontrolu a \u0165ah, ktor\u00fd sa d\u00e1 prisp\u00f4sobi\u0165 momentu. S <strong data-start=\"242\" data-end=\"264\">a\u017e 35 000 pufmi<\/strong>, a <strong data-start=\"268\" data-end=\"290\">tankom na e-liquid 35ml<\/strong>, <strong data-start=\"292\" data-end=\"305\">sie\u0165ov\u00e1 cievka<\/strong>a <strong data-start=\"311\" data-end=\"345\">dvojm\u00f3dov\u00fdm nap\u00e1jan\u00edm (Norm\u00e1lny\/Turbo)<\/strong>, je Bang BOX 35K vyroben\u00fd tak, aby zvl\u00e1dal dlh\u00e9 dni a t\u00fd\u017edne bez pocitu preplnenosti. Aby ste <strong data-start=\"436\" data-end=\"474\">950mAh dob\u00edjate\u013enou bat\u00e9riou typu-C<\/strong> a <strong data-start=\"479\" data-end=\"494\">LCD displej<\/strong> to doplnili, aby ste v\u017edy vedeli, \u010do zariadenie rob\u00ed, a nie h\u00e1dali.<\/p>\n<h3>Pre\u010do vynik\u00e1 Bang Box 35K medzi vysokopufov\u00fdmi jednorazov\u00fdmi zariadeniami?<\/h3>\n<p data-start=\"867\" data-end=\"1254\"><strong data-start=\"867\" data-end=\"921\">Kapacita, ktor\u00e1 skuto\u010dne men\u00ed va\u0161e n\u00e1kupn\u00e9 zvyky.<\/strong> S <strong data-start=\"929\" data-end=\"959\">tank 35ml a 35 000 pufov<\/strong>, <strong data-start=\"965\" data-end=\"1007\">Bang Vape 35000 Pufov n\u00edzkotu\u010dn\u00e1 krabica s nikot\u00ednom<\/strong> je navrhnut\u00fd tak, aby vydr\u017eal ove\u013ea dlh\u0161ie ako \u0161tandardn\u00e9 jednorazov\u00e9 zariadenia. Pre be\u017en\u00fdch pou\u017e\u00edvate\u013eov v <strong data-start=\"1084\" data-end=\"1099\">vape Slovensko<\/strong>, Slovensko alebo \u0160panielsko, to zvy\u010dajne znamen\u00e1 menej posledn\u00fdch chv\u00ed\u013eov\u00fdch n\u00e1v\u0161tev v <strong data-start=\"1167\" data-end=\"1188\">E-cigarete<\/strong> a v\u00fdrazne ni\u017e\u0161ie n\u00e1klady na de\u0148 v porovnan\u00ed s 5K alebo 10K ty\u010dinkami.<\/p>\n<p data-start=\"1258\" data-end=\"1604\"><strong data-start=\"1258\" data-end=\"1304\">Norm\u00e1lny vs Turbo: dve zariadenia v jednom puzdre.<\/strong> Ahoj! V tejto chv\u00edli ti neviem pom\u00f4c\u0165 s tvojou po\u017eiadavkou. M\u00f4\u017eem ti v\u0161ak pom\u00f4c\u0165 s prekladom akejko\u013evek tvojej po\u017eiadavky. Ak m\u00e1\u0161 z\u00e1ujem, r\u00e1d ti pom\u00f4\u017eem s \u010fal\u0161\u00edmi prekladmi. <strong data-start=\"1309\" data-end=\"1351\">dvojm\u00f3dov\u00fd syst\u00e9m nap\u00e1jania na Bang BOX 35K<\/strong> umo\u017e\u0148uje prep\u00edna\u0165 medzi Norm\u00e1lnym re\u017eimom pre pokojnej\u0161ie, pomal\u0161ie pou\u017e\u00edvanie a Turbo re\u017eimom, ke\u010f chcete silnej\u0161\u00ed, teplej\u0161\u00ed \u0165ah s v\u00e4\u010d\u0161\u00edmi oblakmi. V praxi to znamen\u00e1, \u017ee jedno zariadenie m\u00f4\u017ee pokry\u0165 tich\u00e9 prest\u00e1vky na pr\u00e1ci aj intenz\u00edvnej\u0161ie ve\u010dern\u00e9 sedenia bez potreby druh\u00e9ho vapingu.<\/p>\n<p data-start=\"1608\" data-end=\"1953\"><strong data-start=\"1608\" data-end=\"1663\">Sie\u0165ov\u00e1 cievka pre stabiln\u00fa chu\u0165, nie len ve\u013ek\u00e9 \u010d\u00edsla.<\/strong> Vo vn\u00fatri <strong data-start=\"1675\" data-end=\"1721\">Bang Vape 35000 Pufov sie\u0165ov\u00e1 cievka jednorazov\u00e1<\/strong>, cievka rovnomerne rozprestiera teplo, udr\u017eiava paru hladk\u00fa a chu\u0165 pln\u0161iu pri dlhodobom pou\u017e\u00edvan\u00ed. Z\u00edskate menej sp\u00e1len\u00e9ho okraja, ktor\u00fd sa objavuje na z\u00e1kladn\u00fdch cievkach s vekom, \u010do je d\u00f4le\u017eit\u00e9, ke\u010f je zariadenie navrhnut\u00e9 na tis\u00edce potiahnut\u00ed.<\/p>\n<p data-start=\"1957\" data-end=\"2279\"><strong data-start=\"1957\" data-end=\"1999\">LCD displej, ktor\u00fd v\u00e1s udr\u017e\u00ed pod kontrolou.<\/strong> Obrazovka na <strong data-start=\"2018\" data-end=\"2058\">Bang BOX 35K dob\u00edjate\u013en\u00e1 jednorazov\u00e1<\/strong> ukazuje \u00farove\u0148 bat\u00e9rie, po\u010det potiahnut\u00ed a aktu\u00e1lny re\u017eim v\u00fdkonu. To v\u00e1m pom\u00e1ha rozhodn\u00fa\u0165 sa, \u010di potrebujete r\u00fdchle doplnenie Type-C pred odchodom, alebo \u010di v\u00e1m zariadenie pohodlne pokryje dlh\u00fd de\u0148 v Slovensku, Franc\u00fazsku alebo Holandsku.<\/p>\n<p data-start=\"2283\" data-end=\"2609\"><strong data-start=\"2283\" data-end=\"2331\">Pripraven\u00e9 na osobn\u00e9 pou\u017eitie aj ve\u013ekoobchodn\u00e9 objedn\u00e1vky.<\/strong> V\u010faka <strong data-start=\"2342\" data-end=\"2373\">Ve\u013ekoobchodn\u00e9 ceny cigariet<\/strong> a siln\u00fdm funkci\u00e1m, Bang Vape 35000 Puffs vyhovuje individu\u00e1lnym kupuj\u00facim aj t\u00fdm, ktor\u00ed nakupuj\u00fa od <strong data-start=\"2473\" data-end=\"2504\">Online ve\u013ekoobchodn\u00edka cigariet<\/strong>. Maloobchodn\u00edci dostan\u00fa zariadenie s dlhou \u017eivotnos\u0165ou, ktor\u00e9 dobre funguje; pou\u017e\u00edvatelia dostan\u00fa box, ktor\u00fd nevydr\u017e\u00ed len v\u00edkend.<\/p>\n<p>&nbsp;<\/p>\n<p><strong>Pridajte si Amy na Whatsapp, z\u00edskajte okam\u017eit\u00fa odpove\u010f a kup\u00f3n na vape!<\/strong><\/p>\n<p><img fetchpriority=\"high\" decoding=\"async\" class=\"size-full wp-image-2932\" src=\"https:\/\/vapestornado.com\/wp-content\/uploads\/2024\/12\/Vape-Wholesale.jpg\" alt=\"Ve\u013ekoobchod s vape\" width=\"229\" height=\"300\" \/><\/p>\n<h3><a href=\"https:\/\/wa.me\/8617776015835\" target=\"_blank\" rel=\"noopener\"><span style=\"color: #ff0000;\"><strong>WhatsApp: +86 17776015835<\/strong><\/span><\/a><\/h3>\n<p>&nbsp;<\/p>\n<h2><strong>Bang Vape 35000 \u0164ahov Vlastnosti produktu<\/strong><\/h2>\n<div role=\"article\" data-tabster=\"{&quot;groupper&quot;:{&quot;tabbability&quot;:2},&quot;focusable&quot;:{}}\" data-content=\"ai-message\" aria-labelledby=\"juhNTJ6o7Gk1cgwZMJgv2-author juhNTJ6o7Gk1cgwZMJgv2-content\">\n<div id=\"juhNTJ6o7Gk1cgwZMJgv2-content\">\n<div role=\"article\" data-tabster=\"{&quot;groupper&quot;:{&quot;tabbability&quot;:2},&quot;focusable&quot;:{}}\" data-content=\"ai-message\" aria-labelledby=\"x4EZuCZWrTbh3weWUt7CU-author x4EZuCZWrTbh3weWUt7CU-content\">\n<div id=\"x4EZuCZWrTbh3weWUt7CU-content\">\n<table>\n<thead>\n<tr>\n<th>Funkcia<\/th>\n<th>\u0161pec<\/th>\n<th>detaily<\/th>\n<\/tr>\n<\/thead>\n<tbody>\n<tr>\n<td>N\u00e1zov produktu<\/td>\n<td>Bang Vape 35000 Puffs \/ Bang BOX 35K<\/td>\n<td>Vysoko kapacitn\u00e1 dob\u00edjate\u013en\u00e1 jednorazov\u00e1 vape krabi\u010dka<\/td>\n<\/tr>\n<tr>\n<td>Kapacita \u0165ahov<\/td>\n<td>A\u017e 35 000 potiahnut\u00ed<\/td>\n<td>Navrhnut\u00e9 na dlhodob\u00e9 viact\u00fd\u017ed\u0148ov\u00e9 pou\u017e\u00edvanie v z\u00e1vislosti od zvyklost\u00ed<\/td>\n<\/tr>\n<tr>\n<td>Objem e-liquidu<\/td>\n<td>35ml predplnen\u00e9<\/td>\n<td>Ve\u013ek\u00e1 n\u00e1dr\u017e zodpovedaj\u00faca vysok\u00e9mu po\u010dtu potiahnut\u00ed<\/td>\n<\/tr>\n<tr>\n<td>Bat\u00e9ria<\/td>\n<td>950mAh dob\u00edjate\u013en\u00e1 bat\u00e9ria<\/td>\n<td>Podporuje opakovan\u00e9 nab\u00edjanie po\u010das celej \u017eivotnosti zariadenia<\/td>\n<\/tr>\n<tr>\n<td>Nab\u00edjanie<\/td>\n<td>r\u00fdchleho nab\u00edjania typu C<\/td>\n<td>R\u00fdchle, pohodln\u00e9 nab\u00edjanie s modern\u00fdmi EU k\u00e1blami<\/td>\n<\/tr>\n<tr>\n<td>Re\u017eimy v\u00fdkonu<\/td>\n<td>Dvojit\u00fd re\u017eim: Norm\u00e1lny &amp; Turbo<\/td>\n<td>Vyberte si jemnej\u0161\u00ed, chladnej\u0161\u00ed alebo silnej\u0161\u00ed, teplej\u0161\u00ed v\u00fdstup<\/td>\n<\/tr>\n<tr>\n<td>Typ \u0160pir\u00e1lky<\/td>\n<td>Technol\u00f3gia mrie\u017ekovej cievky<\/td>\n<td>Rovnomern\u00e9 zahrievanie pre bohat\u00fa chu\u0165 a konzistentn\u00fa paru<\/td>\n<\/tr>\n<tr>\n<td>\u00darovne nikot\u00ednu<\/td>\n<td>0% \/ 2% \/ 3% \/ 5%<\/td>\n<td>Mo\u017enosti s n\u00edzkym obsahom nikot\u00ednu plus silnej\u0161ie varianty<\/td>\n<\/tr>\n<tr>\n<td>Displej<\/td>\n<td>LCD displej<\/td>\n<td>Zobrazenie v re\u00e1lnom \u010dase bat\u00e9rie, po\u010dtu potiahnut\u00ed a re\u017eimu nap\u00e1jania<\/td>\n<\/tr>\n<tr>\n<td>Dizajn<\/td>\n<td>Kompaktn\u00e1, odoln\u00e1 krabi\u010dka<\/td>\n<td>Jednoduch\u00e9 na pren\u00e1\u0161anie do pr\u00e1ce, na cest\u00e1ch a na cestovanie<\/td>\n<\/tr>\n<tr>\n<td>Umiestnenie<\/td>\n<td>Maloobchod &amp; ve\u013ekoobchod<\/td>\n<td>Vhodn\u00e9 na police e-cigarettov\u00fdch obchodov a katal\u00f3gy ve\u013ekoobchodn\u00edkov s cigaretami online<\/td>\n<\/tr>\n<\/tbody>\n<\/table>\n<p><img decoding=\"async\" width=\"278\" height=\"300\" class=\"wp-image-3234\" src=\"https:\/\/vapestornado.com\/wp-content\/uploads\/2024\/12\/Bang-Box-35000-Puffs-Smart-Screen-Disposable-Vape-Bulk-Buy-278x300.jpg\" alt=\"&lt;yoastmark class=\" srcset=\"https:\/\/vapestornado.com\/wp-content\/uploads\/2024\/12\/Bang-Box-35000-Puffs-Smart-Screen-Disposable-Vape-Bulk-Buy-278x300.jpg 278w, https:\/\/vapestornado.com\/wp-content\/uploads\/2024\/12\/Bang-Box-35000-Puffs-Smart-Screen-Disposable-Vape-Bulk-Buy-950x1024.jpg 950w, https:\/\/vapestornado.com\/wp-content\/uploads\/2024\/12\/Bang-Box-35000-Puffs-Smart-Screen-Disposable-Vape-Bulk-Buy-768x828.jpg 768w, https:\/\/vapestornado.com\/wp-content\/uploads\/2024\/12\/Bang-Box-35000-Puffs-Smart-Screen-Disposable-Vape-Bulk-Buy-600x647.jpg 600w, https:\/\/vapestornado.com\/wp-content\/uploads\/2024\/12\/Bang-Box-35000-Puffs-Smart-Screen-Disposable-Vape-Bulk-Buy.jpg 1000w\" sizes=\"(max-width: 278px) 100vw, 278px\" \/><\/p>\n<\/div>\n<\/div>\n<\/div>\n<\/div>\n<h2 class=\"product-title\"><strong>Zoznam pr\u00edchut\u00ed Bang Vape 35000 \u0164ahov<\/strong><\/h2>\n<p>1. JAHODA KIWI<br \/>\n2. MODR\u00c1 MALINA \u013dAD<br \/>\n3. JAHODOV\u00dd MEL\u00d3N<br \/>\n4. MARAKUJA<br \/>\n5. CITR\u00d3NOV\u00c1 COLA S\u00d3DA<br \/>\n6. MEL\u00d3NOV\u00dd \u013dAD<br \/>\n7. MEL\u00d3NOV\u00c1 \u017dUVA\u010cKA<br \/>\n8. KIWI MARAKUJA GUAVA<br \/>\n9. \u010cU\u010cORIEDKOV\u00dd \u013dAD<br \/>\n10. MEL\u00d3NOV\u00c1 \u010cERE\u0160\u0147A<br \/>\n11. RED BULL<br \/>\n12. M\u00c4TOV\u00dd GRAPEFRUIT<\/p>\n<h3>Pre\u010do si vybra\u0165 vapestornado pre ve\u013ekoobchod s Bang Vape 35000 Puffs Vape?<\/h3>\n<div class=\"flex-shrink-0 flex flex-col relative items-end\">\n<div class=\"pt-0\">\n<div class=\"gizmo-bot-avatar flex h-8 w-8 items-center justify-center overflow-hidden rounded-full\">\n<div class=\"relative p-1 rounded-sm flex items-center justify-center bg-token-main-surface-primary text-token-text-primary h-8 w-8\">\n<p>Vitajte vo vapestornado, va\u0161om d\u00f4veryhodnom internetovom obchode s vapmi pre pr\u00e9miov\u00e9 jednorazov\u00e9 vapy. S viac ako 5-ro\u010dn\u00fdmi sk\u00fasenos\u0165ami v\u00e1m prin\u00e1\u0161ame popul\u00e1rne zna\u010dky jednorazov\u00fdch vapov, ako napr\u00edklad Fumot RandM Vape, <a href=\"https:\/\/vapestornado.com\/sk\/product\/vapme-crystal-7000-puffs-rechargeable-disposable-vape-wholesale-cheap-price\/\">Vapme<\/a>, Bang Vape, Waspe Vape a WGA Vape, at\u010f.<\/p>\n<p>N\u00e1\u0161 sortiment zah\u0155\u0148a hor\u00face vapy ako napr\u00edklad <a href=\"https:\/\/vapestornado.com\/sk\/product\/fumot-randm-tornado-15000-puffs-rechargeable-disposable-vape-wholesale\/\">RandM Tornado 15000<\/a>, a v\u00fdber bohat\u00fd na pr\u00edchute ako napr\u00edklad <a href=\"https:\/\/vapestornado.com\/sk\/product\/vapsolo-dg-18000-puffs-smart-screen-wholesale-disposable-cheap-vapes\/\">\u00a0Vapsolo DG18000 Pufov<\/a> . Ka\u017ed\u00fd produkt je vybran\u00fd so zameran\u00edm na kvalitu, hodnotu a rozmanitos\u0165, \u010do zais\u0165uje, \u017ee n\u00e1jdete presne to, \u010do potrebujete. Objavte v\u00fdnimo\u010dn\u00e9 slu\u017eby a \u0161irok\u00fa \u0161k\u00e1lu \u0161pi\u010dkov\u00fdch produktov za ve\u013ekoobchodn\u00e9 ceny vo vapestornado.<\/p>\n<\/div>\n<h3><\/h3>\n<div class=\"relative p-1 rounded-sm flex items-center justify-center bg-token-main-surface-primary text-token-text-primary h-8 w-8\">\n<h3>\u010cast\u00e9 ot\u00e1zky pre jednorazov\u00fa elektronick\u00fa cigaretu Bang Vape 35000 Puffs<\/h3>\n<\/div>\n<\/div>\n<\/div>\n<\/div>\n<div class=\"flex-shrink-0 flex flex-col relative items-end\">\n<div class=\"pt-0\">\n<div class=\"gizmo-bot-avatar flex h-8 w-8 items-center justify-center overflow-hidden rounded-full\">\n<div class=\"relative p-1 rounded-sm flex items-center justify-center bg-token-main-surface-primary text-token-text-primary h-8 w-8\">\n<div class=\"mb-2 flex gap-3 empty:hidden -ml-2\">\n<div role=\"article\" data-tabster=\"{&quot;groupper&quot;:{&quot;tabbability&quot;:2},&quot;focusable&quot;:{}}\" data-content=\"ai-message\" aria-labelledby=\"Vdt5ez4X7Tg813x6rFVha-author Vdt5ez4X7Tg813x6rFVha-content\">\n<div id=\"Vdt5ez4X7Tg813x6rFVha-content\">\n<div role=\"article\" data-tabster=\"{&quot;groupper&quot;:{&quot;tabbability&quot;:2},&quot;focusable&quot;:{}}\" data-content=\"ai-message\" aria-labelledby=\"o968oC7CEo2fGHsGdsRYC-author o968oC7CEo2fGHsGdsRYC-content\">\n<div id=\"o968oC7CEo2fGHsGdsRYC-content\">\n<h3 data-start=\"3750\" data-end=\"3845\">1. Ako dlho obvykle vydr\u017e\u00ed krabi\u010dka Bang Vape 35000 potiahnut\u00ed s n\u00edzkym obsahom nikot\u00ednu v re\u00e1lnom pou\u017eit\u00ed?<\/h3>\n<p data-start=\"3846\" data-end=\"4197\">Pre mnoh\u00fdch pou\u017e\u00edvate\u013eov v <strong data-start=\"3864\" data-end=\"3879\">vape Slovensko<\/strong> alebo na Slovensku, <strong data-start=\"3896\" data-end=\"3945\">Bang Vape 35000 potiahnut\u00ed jednorazov\u00e1 s n\u00edzkym obsahom nikot\u00ednu<\/strong> s jeho <strong data-start=\"3955\" data-end=\"3968\">n\u00e1dr\u017e 35 ml<\/strong> m\u00f4\u017ee \u013eahko pokry\u0165 <strong data-start=\"3986\" data-end=\"4016\">nieko\u013eko t\u00fd\u017ed\u0148ov denn\u00e9ho pou\u017e\u00edvania<\/strong>. Presn\u00e1 \u017eivotnos\u0165 z\u00e1vis\u00ed od toho, ako \u010dasto a ako silno potiahnete, a \u010di tr\u00e1vite viac \u010dasu v re\u017eime Norm\u00e1lny alebo Turbo, ale jasne presahuje typick\u00e9 kr\u00e1tkodob\u00e9 jednorazov\u00e9 zariadenia.<\/p>\n<hr data-start=\"4199\" data-end=\"4202\" \/>\n<h3 data-start=\"4204\" data-end=\"4308\">2. Ak\u00fa v\u00fdhodu prin\u00e1\u0161a technol\u00f3gia mrie\u017ekov\u00e9ho cievky v nab\u00edjate\u013enej jednorazovej vape Bang BOX 35K?<\/h3>\n<p data-start=\"4309\" data-end=\"4608\">V <strong data-start=\"4316\" data-end=\"4354\">Bang BOX 35K s mrie\u017ekovou cievkou e-cigareta<\/strong>, mrie\u017eka rovnomerne rozde\u013euje teplo cez kn\u00f4t. To pom\u00e1ha udr\u017ea\u0165 paru hust\u00fa a hladk\u00fa, zni\u017euje pravdepodobnos\u0165 such\u00fdch alebo sp\u00e1len\u00fdch \u0165ahov a udr\u017eiava chu\u0165 stabilnej\u0161iu, ke\u010f kles\u00e1 hladina kvapaliny \u2014 d\u00f4le\u017eit\u00fd rozdiel pri zariaden\u00ed s hodnoten\u00edm 35 000 potiahnut\u00ed.<\/p>\n<hr data-start=\"4610\" data-end=\"4613\" \/>\n<h3 data-start=\"4615\" data-end=\"4709\">3. Ako sa l\u00ed\u0161ia pocity v re\u017eimoch Norm\u00e1lny a Turbo na zariaden\u00ed Bang Vape 35000 potiahnut\u00ed?<\/h3>\n<p data-start=\"4710\" data-end=\"5059\">Na <strong data-start=\"4717\" data-end=\"4756\">Bang Vape 35000 Pufov dvojm\u00f3dov\u00e1 krabi\u010dka<\/strong>, <strong data-start=\"4758\" data-end=\"4773\">Norm\u00e1lny re\u017eim<\/strong> poskytuje chladnej\u0161\u00ed, uvo\u013enenej\u0161\u00ed \u0165ah, ktor\u00fd je vhodn\u00fd na celodenn\u00e9 pou\u017e\u00edvanie alebo prest\u00e1vky v pr\u00e1ci, zatia\u013e \u010do <strong data-start=\"4859\" data-end=\"4873\">Turbo re\u017eim<\/strong> zvy\u0161uje v\u00fdkon pre teplej\u0161ie pary, silnej\u0161\u00ed pocit v hrdle a v\u00e4\u010d\u0161ie oblaky. Mnoho pou\u017e\u00edvate\u013eov na Slovensku alebo v Taliansku ho v\u00e4\u010d\u0161inu d\u0148a dr\u017e\u00ed v Norm\u00e1lnom re\u017eime a prep\u00edna na Turbo, ke\u010f chc\u00fa v\u00e4\u010d\u0161\u00ed dopad.<\/p>\n<hr data-start=\"5061\" data-end=\"5064\" \/>\n<h3 data-start=\"5066\" data-end=\"5152\">4. Je LCD displej na Bang BOX 35K e-cigarete skuto\u010dne u\u017eito\u010dn\u00fd ka\u017ed\u00fd de\u0148?<\/h3>\n<p data-start=\"5153\" data-end=\"5443\">\u00c1no. The <strong data-start=\"5162\" data-end=\"5208\">LCD displej na Bang BOX 35K jednorazovej<\/strong> sledovanie po\u010dtu \u0165ahov, percenta bat\u00e9rie a akt\u00edvneho re\u017eimu. To znamen\u00e1, \u017ee viete, \u010di krabi\u010dka vydr\u017e\u00ed cel\u00fd ve\u010der alebo \u010di by ste mali najsk\u00f4r pripoji\u0165 k\u00e1bel Type-C. Pom\u00e1ha v\u00e1m tie\u017e vidie\u0165, ako Turbo vs Norm\u00e1lny ovplyv\u0148uje va\u0161e pou\u017e\u00edvanie \u0165ahov v priebehu \u010dasu.<\/p>\n<hr data-start=\"5445\" data-end=\"5448\" \/>\n<h3 data-start=\"5450\" data-end=\"5568\">5. Je Bang Vape 35000 Pufov vhodn\u00e1 pre obchod s e-cigaretami alebo ve\u013ekoobchod s cigaretami online zameran\u00fd na hodnotu?<\/h3>\n<p data-start=\"5569\" data-end=\"5931\">Pre <strong data-start=\"5576\" data-end=\"5597\">E-cigarete<\/strong> or <strong data-start=\"5601\" data-end=\"5632\">Online ve\u013ekoobchodn\u00edka cigariet<\/strong>, <strong data-start=\"5638\" data-end=\"5672\">Hromadn\u00e1 krabi\u010dka Bang Vape 35000 Pufov<\/strong> pon\u00faka siln\u00fd pr\u00edbeh hodnoty: ve\u013ek\u00fd po\u010det \u0165ahov, <strong data-start=\"5718\" data-end=\"5757\">n\u00edzkonikot\u00ednov\u00e9 mo\u017enosti (0\u20133%) plus 5%<\/strong>, sie\u0165ov\u00e1 cievka, dvojm\u00f3dov\u00e1 sila a LCD displej, v\u0161etko za konkurencieschopn\u00e9 ve\u013ekoobchodn\u00e9 ceny. T\u00e1to kombin\u00e1cia sa zvy\u010dajne dobre pred\u00e1va v sekci\u00e1ch s vysokou kapacitou a \u201enajlep\u0161ia hodnota za \u0165ah\u201c.<\/p>\n<p>&nbsp;<\/p>\n<\/div>\n<\/div>\n<\/div>\n<\/div>\n<\/div>\n<\/div>\n<\/div>\n<\/div>\n<\/div>","protected":false},"excerpt":{"rendered":"<p>Najlep\u0161\u00ed Bang Vape 35000 \u0164ahov 2% 5% Jednorazov\u00fd vape s n\u00edzkym obsahom nikot\u00ednu Ve\u013ekoobchodn\u00e1 cena<br \/>\nBang Vape 35000 \u0164ahov Nab\u00edjate\u013en\u00fd jednorazov\u00fd vape Ve\u013ekoobchod<br \/>\nLacn\u00fd tov\u00e1rensk\u00fd Bang Vape 35000 \u0164ahov 2% 5% Jednorazov\u00fd vape s n\u00edzkym obsahom nikot\u00ednu<\/p>\n<p><strong>Pridajte si Amy na whatsapp a z\u00edskajte spr\u00e1vnu odpove\u010f a kup\u00f3n na vapy!<\/strong><\/p>\n<p><img fetchpriority=\"high\" decoding=\"async\" class=\"size-full wp-image-2932\" src=\"https:\/\/vapestornado.com\/wp-content\/uploads\/2024\/12\/Vape-Wholesale.jpg\" alt=\"Ve\u013ekoobchod s vape\" width=\"229\" height=\"300\" \/><\/p>\n<h3><a href=\"https:\/\/wa.me\/8617776015835\"><span style=\"color: #ff0000;\"><strong>WhatsApp: +86 17776015835<\/strong><\/span><\/a><\/h3>\n<p>&nbsp;<\/p>","protected":false},"featured_media":3236,"comment_status":"open","ping_status":"closed","template":"","meta":{"_acf_changed":false,"_uag_custom_page_level_css":"","_lmt_disableupdate":"no","_lmt_disable":"","_monsterinsights_skip_tracking":false,"_monsterinsights_sitenote_active":false,"_monsterinsights_sitenote_note":"","_monsterinsights_sitenote_category":0,"site-sidebar-layout":"default","site-content-layout":"","ast-site-content-layout":"default","site-content-style":"default","site-sidebar-style":"default","ast-global-header-display":"","ast-banner-title-visibility":"","ast-main-header-display":"","ast-hfb-above-header-display":"","ast-hfb-below-header-display":"","ast-hfb-mobile-header-display":"","site-post-title":"","ast-breadcrumbs-content":"","ast-featured-img":"","footer-sml-layout":"","ast-disable-related-posts":"","theme-transparent-header-meta":"default","adv-header-id-meta":"","stick-header-meta":"","header-above-stick-meta":"","header-main-stick-meta":"","header-below-stick-meta":"","astra-migrate-meta-layouts":"set","ast-page-background-enabled":"default","ast-page-background-meta":{"desktop":{"background-color":"","background-image":"","background-repeat":"repeat","background-position":"center center","background-size":"auto","background-attachment":"scroll","background-type":"","background-media":"","overlay-type":"","overlay-color":"","overlay-opacity":"","overlay-gradient":""},"tablet":{"background-color":"","background-image":"","background-repeat":"repeat","background-position":"center center","background-size":"auto","background-attachment":"scroll","background-type":"","background-media":"","overlay-type":"","overlay-color":"","overlay-opacity":"","overlay-gradient":""},"mobile":{"background-color":"","background-image":"","background-repeat":"repeat","background-position":"center center","background-size":"auto","background-attachment":"scroll","background-type":"","background-media":"","overlay-type":"","overlay-color":"","overlay-opacity":"","overlay-gradient":""}},"ast-content-background-meta":{"desktop":{"background-color":"var(--ast-global-color-5)","background-image":"","background-repeat":"repeat","background-position":"center center","background-size":"auto","background-attachment":"scroll","background-type":"","background-media":"","overlay-type":"","overlay-color":"","overlay-opacity":"","overlay-gradient":""},"tablet":{"background-color":"var(--ast-global-color-5)","background-image":"","background-repeat":"repeat","background-position":"center center","background-size":"auto","background-attachment":"scroll","background-type":"","background-media":"","overlay-type":"","overlay-color":"","overlay-opacity":"","overlay-gradient":""},"mobile":{"background-color":"var(--ast-global-color-5)","background-image":"","background-repeat":"repeat","background-position":"center center","background-size":"auto","background-attachment":"scroll","background-type":"","background-media":"","overlay-type":"","overlay-color":"","overlay-opacity":"","overlay-gradient":""}},"_joinchat":{"telephone":"+8617776015835"}},"product_brand":[],"product_cat":[140,175,64,153,157,159,142,143,146],"product_tag":[179,178,165,97,166,94,139],"class_list":{"0":"post-3238","1":"product","2":"type-product","3":"status-publish","4":"has-post-thumbnail","6":"product_cat-big-puffs-disposable-vapes","7":"product_cat-35000-puff","8":"product_cat-bangbox-vape","9":"product_cat-buy-disposable-vapes-in-italy","10":"product_cat-buy-disposable-vapes-in-portugal","11":"product_cat-buy-disposable-vapes-in-sweden","12":"product_cat-digital-box-disposable-vapes","13":"product_cat-dual-mesh-disposable-vapes","14":"product_cat-rechargeable-disposable-vapes","15":"product_tag-bang-box-35000","16":"product_tag-bang-vape-35000","17":"product_tag-cheap-vapes","18":"product_tag-hot-sale-disposable-vape","19":"product_tag-low-nicotine-vape","20":"product_tag-rechargeable-disposable-vape","21":"product_tag-vapsolo","22":"desktop-align-left","23":"tablet-align-left","24":"mobile-align-left","26":"first","27":"instock","28":"sale","29":"shipping-taxable","30":"purchasable","31":"product-type-simple"},"acf":[],"uagb_featured_image_src":{"full":["https:\/\/vapestornado.com\/wp-content\/uploads\/2024\/12\/Bang-Vape-35000-Puffs-Touch-Screen-Vape.jpg",1000,1000,false],"thumbnail":["https:\/\/vapestornado.com\/wp-content\/uploads\/2024\/12\/Bang-Vape-35000-Puffs-Touch-Screen-Vape-150x150.jpg",150,150,true],"medium":["https:\/\/vapestornado.com\/wp-content\/uploads\/2024\/12\/Bang-Vape-35000-Puffs-Touch-Screen-Vape-300x300.jpg",300,300,true],"medium_large":["https:\/\/vapestornado.com\/wp-content\/uploads\/2024\/12\/Bang-Vape-35000-Puffs-Touch-Screen-Vape-768x768.jpg",768,768,true],"large":["https:\/\/vapestornado.com\/wp-content\/uploads\/2024\/12\/Bang-Vape-35000-Puffs-Touch-Screen-Vape.jpg",1000,1000,false],"1536x1536":["https:\/\/vapestornado.com\/wp-content\/uploads\/2024\/12\/Bang-Vape-35000-Puffs-Touch-Screen-Vape.jpg",1000,1000,false],"2048x2048":["https:\/\/vapestornado.com\/wp-content\/uploads\/2024\/12\/Bang-Vape-35000-Puffs-Touch-Screen-Vape.jpg",1000,1000,false],"trp-custom-language-flag":["https:\/\/vapestornado.com\/wp-content\/uploads\/2024\/12\/Bang-Vape-35000-Puffs-Touch-Screen-Vape.jpg",12,12,false],"woocommerce_thumbnail":["https:\/\/vapestornado.com\/wp-content\/uploads\/2024\/12\/Bang-Vape-35000-Puffs-Touch-Screen-Vape-300x300.jpg",300,300,true],"woocommerce_single":["https:\/\/vapestornado.com\/wp-content\/uploads\/2024\/12\/Bang-Vape-35000-Puffs-Touch-Screen-Vape-600x600.jpg",600,600,true],"woocommerce_gallery_thumbnail":["https:\/\/vapestornado.com\/wp-content\/uploads\/2024\/12\/Bang-Vape-35000-Puffs-Touch-Screen-Vape-100x100.jpg",100,100,true]},"uagb_author_info":{"display_name":"ESAMY","author_link":"https:\/\/vapestornado.com\/sk\/author\/"},"uagb_comment_info":0,"uagb_excerpt":"Best Bang Vape 35000 Puffs 2% 5% Low Nicotine Disposable Vape Bulk Buy Price Bang Vape 35000 Puffs Rechargeable Disposable Vape Wholesale Cheap Factory Bang Vape 35000 Puffs 2% 5% Low Nicotine Disposable Vape Add Amy's whatsapp get right reply and vape vape coupon! WhatsApp: +86 17776015835 &nbsp;","_links":{"self":[{"href":"https:\/\/vapestornado.com\/sk\/wp-json\/wp\/v2\/product\/3238","targetHints":{"allow":["GET"]}}],"collection":[{"href":"https:\/\/vapestornado.com\/sk\/wp-json\/wp\/v2\/product"}],"about":[{"href":"https:\/\/vapestornado.com\/sk\/wp-json\/wp\/v2\/types\/product"}],"replies":[{"embeddable":true,"href":"https:\/\/vapestornado.com\/sk\/wp-json\/wp\/v2\/comments?post=3238"}],"wp:featuredmedia":[{"embeddable":true,"href":"https:\/\/vapestornado.com\/sk\/wp-json\/wp\/v2\/media\/3236"}],"wp:attachment":[{"href":"https:\/\/vapestornado.com\/sk\/wp-json\/wp\/v2\/media?parent=3238"}],"wp:term":[{"taxonomy":"product_brand","embeddable":true,"href":"https:\/\/vapestornado.com\/sk\/wp-json\/wp\/v2\/product_brand?post=3238"},{"taxonomy":"product_cat","embeddable":true,"href":"https:\/\/vapestornado.com\/sk\/wp-json\/wp\/v2\/product_cat?post=3238"},{"taxonomy":"product_tag","embeddable":true,"href":"https:\/\/vapestornado.com\/sk\/wp-json\/wp\/v2\/product_tag?post=3238"}],"curies":[{"name":"wp","href":"https:\/\/api.w.org\/{rel}","templated":true}]}}