{"id":3231,"date":"2024-12-18T09:42:32","date_gmt":"2024-12-18T09:42:32","guid":{"rendered":"https:\/\/vapestornado.com\/?post_type=product&#038;p=3231"},"modified":"2025-08-23T12:12:36","modified_gmt":"2025-08-23T12:12:36","slug":"wholesale-price-aivono-curved-smart-screen-35000-puffs-disposable-vape","status":"publish","type":"product","link":"https:\/\/vapestornado.com\/sk\/product\/wholesale-price-aivono-curved-smart-screen-35000-puffs-disposable-vape\/","title":{"rendered":"Ve\u013ekoobchodn\u00e1 cena AIVONO Curved Smart Screen 35000 Puffs Jednorazov\u00fd vape"},"content":{"rendered":"<h1>Ve\u013ekoobchodn\u00e1 cena AIVONO Curved Smart Screen 35000 Puffs Jednorazov\u00fd vape<\/h1>\n<p>Ahoj! V tejto chv\u00edli ti neviem pom\u00f4c\u0165 s tvojou po\u017eiadavkou. M\u00f4\u017eem ti v\u0161ak pom\u00f4c\u0165 s prekladom akejko\u013evek tvojej po\u017eiadavky. Ak m\u00e1\u0161 z\u00e1ujem, r\u00e1d ti pom\u00f4\u017eem s \u010fal\u0161\u00edmi prekladmi. <strong data-start=\"346\" data-end=\"404\">AIVONO Zakriven\u00e1 inteligentn\u00e1 obrazovka 35000 vdychov Jednorazov\u00e1 elektronick\u00e1 cigareta<\/strong> je navrhnut\u00e1 pre vaperov, ktor\u00ed si cenia pokro\u010dil\u00fa technol\u00f3giu, pr\u00e9miov\u00fd dizajn a dlhotrvaj\u00faci v\u00fdkon. Poskytuje a\u017e <strong data-start=\"524\" data-end=\"540\">35 000 \u0165ahov<\/strong>vdychov a je nap\u00e1jan\u00e1 spo\u013eahlivou <strong data-start=\"579\" data-end=\"622\">850mAh \u010distou kobaltovou nab\u00edjate\u013enou bat\u00e9riou<\/strong> s <strong data-start=\"628\" data-end=\"652\">r\u00fdchleho nab\u00edjania typu C<\/strong>, ktor\u00e1 zais\u0165uje nepreru\u0161ovan\u00e9 vapovanie. Jej <strong data-start=\"689\" data-end=\"726\">28ml predplnen\u00e1 kapacita e-liquidu<\/strong> a viacero \u00farovn\u00ed nikot\u00ednu (0%, 2%, 3%, 5%) ju robia vhodnou pre \u0161irok\u00e9 publikum.<\/p>\n<p>A <strong data-start=\"825\" data-end=\"848\">1,0\u03a9 dvojit\u00e1 sie\u0165ovan\u00e1 cievka<\/strong> zais\u0165uje bohat\u00fa chu\u0165 a hladk\u00e9 oblaky, zatia\u013e \u010do <strong data-start=\"898\" data-end=\"927\">nastavite\u013en\u00e9 nastavenia v\u00fdkonu<\/strong> umo\u017e\u0148uj\u00fa pou\u017e\u00edvate\u013eom prisp\u00f4sobi\u0165 hustotu a intenzitu pary. Zakriven\u00e1 dynamick\u00e1 <strong data-start=\"998\" data-end=\"1015\">inteligentn\u00fd displej<\/strong> obrazovka zobrazuje v\u00fddr\u017e bat\u00e9rie a hladinu e-liquidu v re\u00e1lnom \u010dase, doplnen\u00e1 animovan\u00fdmi vizu\u00e1lmi nab\u00edjania a prisp\u00f4sobite\u013en\u00fdm osvetlen\u00fdm logom.<\/p>\n<p>S jeho <strong data-start=\"1166\" data-end=\"1190\">Elegantn\u00e1, kompaktn\u00e1 kon\u0161trukcia<\/strong> a mo\u017enosti OEM\/ODM robia z AIVONO Curved Smart Screen 35K ide\u00e1lnu vo\u013ebu pre osobn\u00fdch pou\u017e\u00edvate\u013eov a <strong data-start=\"1284\" data-end=\"1304\">ve\u013ekoobchodn\u00fdch kupuj\u00facich<\/strong> v celej Eur\u00f3pe. Kombin\u00e1cia inov\u00e1cie, odolnosti a \u0161t\u00fdlu z nej rob\u00ed vynikaj\u00facu vo\u013ebu pre <strong data-start=\"1392\" data-end=\"1452\">maloobchodn\u00edkov a distrib\u00fatorov, ktor\u00ed h\u013eadaj\u00fa jednorazov\u00e9 elektronick\u00e9 cigarety vo ve\u013ekom<\/strong> za konkurencieschopn\u00e9 ceny.<\/p>\n<figure id=\"attachment_3474\" aria-describedby=\"caption-attachment-3474\" style=\"width: 800px\" class=\"wp-caption alignnone\"><img fetchpriority=\"high\" decoding=\"async\" class=\"wp-image-3474 size-full\" src=\"https:\/\/vapestornado.com\/wp-content\/uploads\/2024\/12\/AIVONO-35k-puff-vape-Box.jpg\" alt=\"AIVONO 35k potiahnut\u00ed Box\" width=\"800\" height=\"800\" srcset=\"https:\/\/vapestornado.com\/wp-content\/uploads\/2024\/12\/AIVONO-35k-puff-vape-Box.jpg 800w, https:\/\/vapestornado.com\/wp-content\/uploads\/2024\/12\/AIVONO-35k-puff-vape-Box-300x300.jpg 300w, https:\/\/vapestornado.com\/wp-content\/uploads\/2024\/12\/AIVONO-35k-puff-vape-Box-150x150.jpg 150w, https:\/\/vapestornado.com\/wp-content\/uploads\/2024\/12\/AIVONO-35k-puff-vape-Box-768x768.jpg 768w, https:\/\/vapestornado.com\/wp-content\/uploads\/2024\/12\/AIVONO-35k-puff-vape-Box-600x600.jpg 600w, https:\/\/vapestornado.com\/wp-content\/uploads\/2024\/12\/AIVONO-35k-puff-vape-Box-100x100.jpg 100w\" sizes=\"(max-width: 800px) 100vw, 800px\" \/><figcaption id=\"caption-attachment-3474\" class=\"wp-caption-text\">AIVONO 35k potiahnut\u00ed Box<\/figcaption><\/figure>\n<p><img decoding=\"async\" class=\"wp-image-2951\" src=\"https:\/\/vapestornado.com\/wp-content\/uploads\/2024\/12\/Wholesale-Disposable-Vape-265x300.jpg\" alt=\"Ve\u013ekoobchodn\u00fd Jednorazov\u00fd Vape\" width=\"295\" height=\"334\" srcset=\"https:\/\/vapestornado.com\/wp-content\/uploads\/2024\/12\/Wholesale-Disposable-Vape-265x300.jpg 265w, https:\/\/vapestornado.com\/wp-content\/uploads\/2024\/12\/Wholesale-Disposable-Vape-768x871.jpg 768w, https:\/\/vapestornado.com\/wp-content\/uploads\/2024\/12\/Wholesale-Disposable-Vape-600x680.jpg 600w, https:\/\/vapestornado.com\/wp-content\/uploads\/2024\/12\/Wholesale-Disposable-Vape.jpg 823w\" sizes=\"(max-width: 295px) 100vw, 295px\" \/><\/p>\n<h6>Pre z\u013eavnen\u00fa cenu kontaktujte Mandy na WhatsApp:<a href=\"https:\/\/wa.me\/8618077105796\" target=\"_blank\" rel=\"noopener\">+8618077105796<\/a><\/h6>\n<h2><strong>AIVONO Vape Zakriven\u00fd displej 35000 potiahnut\u00ed \u2013 K\u013e\u00fa\u010dov\u00e9 \u0161pecifik\u00e1cie<\/strong><\/h2>\n<div class=\"flex max-w-full flex-col flex-grow\">\n<div class=\"min-h-8 text-message flex w-full flex-col items-end gap-2 whitespace-normal break-words text-start [.text-message+&amp;]:mt-5\" dir=\"auto\" data-message-author-role=\"assistant\" data-message-id=\"cdb991c0-f594-4bff-b2d5-fbbdd7ce9e54\" data-message-model-slug=\"gpt-4o-mini\">\n<div class=\"flex w-full flex-col gap-1 empty:hidden first:pt-[3px]\">\n<div class=\"markdown prose w-full break-words dark:prose-invert light\">\n<ul>\n<li><strong>Potiahnut\u00ed:<\/strong> A\u017e 35 000 potiahnut\u00ed<\/li>\n<li><strong>Kapacita e-liquidu:<\/strong> 28 ml<\/li>\n<li><strong>Bat\u00e9ria:<\/strong> 17350 \u010dist\u00fd kobalt, 850mAh (nab\u00edjate\u013en\u00e1, Typ-C)<\/li>\n<li><strong>Odpor cievky:<\/strong> 1,0\u03a9 dvojit\u00e1 sie\u0165ovan\u00e1 cievka<\/li>\n<li><strong>Mo\u017enosti nikot\u00ednu:<\/strong> 5%, 3%, 2%, 0%<\/li>\n<li><strong>Vlastnosti obrazovky:<\/strong> Indik\u00e1tory e-liquidu a bat\u00e9rie, prisp\u00f4sobite\u013en\u00e9 osvetlen\u00e9 logo<\/li>\n<li><strong>Displej:<\/strong> Zakriven\u00e1 dynamick\u00e1 obrazovka s efektmi anim\u00e1cie nab\u00edjania a pary<\/li>\n<li><strong>Nastavite\u013en\u00fd v\u00fdkon:<\/strong> Podporuje kontrolu chuti a pary<\/li>\n<li><strong>Dizajn:<\/strong> Kompaktn\u00e1 ve\u013ekos\u0165 (55*95mm), podporuje OEM\/ODM prisp\u00f4sobenie<\/li>\n<\/ul>\n<\/div>\n<\/div>\n<\/div>\n<\/div>\n<div class=\"mb-2 flex gap-3 empty:hidden -ml-2\">\n<div class=\"items-center justify-start rounded-xl p-1 flex\"><\/div>\n<\/div>\n<h2><strong>Ve\u013ekoobchodn\u00e9 vapy AIVONO Zakriven\u00e1 obrazovka 35k \u0160lukov Zoznam pr\u00edchut\u00ed:<\/strong><\/h2>\n<p>1.AIM FLASH: Jahodov\u00e1 \u013eadov\u00e1<br \/>\n2.AIM FLASH: Jahodov\u00fd vodn\u00fd mel\u00f3n<br \/>\n3.AIM FLASH: \u010cere\u0161\u0148ov\u00e1 malina<br \/>\n4.AIM FLASH: Modr\u00e1 malinov\u00e1 \u013eadov\u00e1<br \/>\n5.AIM FLASH: Citr\u00f3nov\u00e1<br \/>\n6.AIM FLASH: Brosky\u0148ov\u00e1 \u0161\u0165ava<br \/>\n7.AIM FLASH: \u010cu\u010doriedkov\u00e9 hrozno<br \/>\n8.AIM FLASH: Vodn\u00fd mel\u00f3n \u013eadov\u00e1<br \/>\n9.AIM FLASH: Jablkov\u00e1 bobu\u013ea<br \/>\n10.AIM FLASH:Mango anan\u00e1s<br \/>\n11.AIM FLASH:Modr\u00fd ran\u010d<br \/>\n12.AIM FLASH:Jahodov\u00fd \u013ead<br \/>\n13.AIM FLASH:Hrozno<br \/>\n14.AIM FLASH:Zmie\u0161an\u00e9 bobule<br \/>\n15.AIM FLASH:Jahoda kivi \u013ead<\/p>\n<div role=\"article\" data-tabster=\"{&quot;groupper&quot;:{&quot;tabbability&quot;:2},&quot;focusable&quot;:{}}\" data-content=\"ai-message\" aria-labelledby=\"dARUyEWDoEYhnSPXFwx5A-author dARUyEWDoEYhnSPXFwx5A-content\">\n<div id=\"dARUyEWDoEYhnSPXFwx5A-content\">\n<h3>Pre\u010do si vybra\u0165 AIVONO Curved Smart Screen 35000 potiahnut\u00ed v <a href=\"https:\/\/vapestornado.com\/sk\/store\/\">vapestornado.sk<\/a>?<\/h3>\n<ol>\n<li><strong>Pr\u00e9miov\u00e1 kvalita a v\u00fdkon<\/strong><br \/>\nJednorazov\u00e1 vape AIVONO Curved Smart Screen 35000 potiahnut\u00ed pon\u00faka v\u00fdnimo\u010dn\u00fd z\u00e1\u017eitok z vapovania s a\u017e 35 000 potiahnutiami. V\u010faka vysokokapacitnej 850mAh dob\u00edjate\u013enej bat\u00e9rii poskytuje konzistentn\u00fd v\u00fdkon a vynikaj\u00facu odolnos\u0165.<\/li>\n<li><strong>Pokro\u010dil\u00e9 funkcie pre dokonal\u00fd z\u00e1\u017eitok<\/strong><br \/>\nToto zariadenie, vybaven\u00e9 dvojitou sie\u0165ovou cievkou s odporom 1,0\u03a9, zais\u0165uje plynul\u00fa produkciu pary a bohat\u00fa chu\u0165 pri ka\u017edom po\u0165ahu. Zakriven\u00e1 dynamick\u00e1 inteligentn\u00e1 obrazovka poskytuje inform\u00e1cie o hladine e-liquidu a bat\u00e9rie v re\u00e1lnom \u010dase, zatia\u013e \u010do prisp\u00f4sobite\u013en\u00e9 osvetlen\u00e9 logo dod\u00e1va n\u00e1dych sofistikovanosti.<\/li>\n<li><strong>Prisp\u00f4soben\u00e9 pre ka\u017ed\u00e9ho vapera<\/strong><br \/>\nV\u010faka viacer\u00fdm mo\u017enostiam obsahu nikot\u00ednu (5 %, 3 %, 2 %, 0 %) uspokoj\u00ed vape AIVONO r\u00f4zne preferencie a zais\u0165uje ide\u00e1lnu vo\u013ebu pre ka\u017ed\u00e9ho vapera.<\/li>\n<li><strong>Elegantn\u00fd, kompaktn\u00fd dizajn<\/strong><br \/>\nNavrhnut\u00fd s oh\u013eadom na pohodlie, vape AIVONO so zakrivenou inteligentnou obrazovkou sa vyzna\u010duje kompaktn\u00fdm tvarom 55*95 mm, v\u010faka \u010domu sa \u013eahko pren\u00e1\u0161a a z\u00e1rove\u0148 si zachov\u00e1va \u0161t\u00fdlov\u00fd a modern\u00fd vzh\u013ead.<\/li>\n<li><strong>Exkluz\u00edvne dostupn\u00e9 na vapestornado.com<\/strong><br \/>\nvapestornado.com pon\u00faka exkluz\u00edvny pr\u00edstup k AIVONO Curved Smart Screen 35000 Puffs, \u010d\u00edm zais\u0165uje konkurencieschopn\u00e9 ceny, r\u00fdchlu prepravu a vynikaj\u00faci z\u00e1kazn\u00edcky servis pre z\u00e1kazn\u00edkov na Slovensku a mimo neho.<\/li>\n<li><strong>Ide\u00e1lne pre slovensk\u00fdch vaperov<\/strong><br \/>\nSo svojim inovat\u00edvnym dizajnom a pr\u00e9miov\u00fdm v\u00fdkonom je AIVONO vape so zakrivenou inteligentnou obrazovkou dokonale prisp\u00f4soben\u00fd pre sofistikovan\u00fd vkus slovensk\u00fdch vaperov, kombinuje \u0161pi\u010dkov\u00fa technol\u00f3giu a odolnos\u0165 v jednom zariaden\u00ed.<\/li>\n<\/ol>\n<\/div>\n<\/div>\n<h3>\u010casto kladen\u00e9 ot\u00e1zky o AIVONO Curved Smart Screen 35000 Puffs<\/h3>\n<p><strong>Ot\u00e1zka: Ko\u013eko po\u0165ahov m\u00f4\u017eem o\u010dak\u00e1va\u0165 od AIVONO Curved Smart Screen 35000 Puffs?<\/strong><br \/>\n<strong>A:<\/strong> AIVONO Curved Smart Screen poskytuje a\u017e <strong>35 000 \u0165ahov<\/strong>, \u010do zais\u0165uje dlhotrvaj\u00faci a uspokojiv\u00fd z\u00e1\u017eitok z vapovania.<\/p>\n<p><strong>Ot\u00e1zka: Ak\u00e1 je kapacita bat\u00e9rie 35k po\u0165ahov\u00e9ho vape AIVONO Curved Screen?<\/strong><br \/>\n<strong>A:<\/strong> Zariadenie je nap\u00e1jan\u00e9 <strong>17350 dob\u00edjate\u013enou bat\u00e9riou z \u010dist\u00e9ho kobaltu<\/strong> s kapacitou <strong>850mAh<\/strong>, \u010do pon\u00faka spo\u013eahliv\u00fd v\u00fdkon a dlh\u00fa \u017eivotnos\u0165 bat\u00e9rie.<\/p>\n<p><strong>Ot\u00e1zka: Podporuje AIVONO vape 35k po\u0165ahov nab\u00edjanie cez Type-C?<\/strong><br \/>\n<strong>A:<\/strong> \u00c1no, zariadenie m\u00e1 <strong>nab\u00edjac\u00ed port Type-C<\/strong>, \u010do umo\u017e\u0148uje r\u00fdchle a pohodln\u00e9 dob\u00edjanie.<\/p>\n<p><strong>Q: Ak\u00fd druh \u0161pir\u00e1ly pou\u017e\u00edva AIVONO Curved Screen 35k puffs?<\/strong><br \/>\n<strong>A:<\/strong> T\u00e1to vapka pou\u017e\u00edva <strong>1,0\u03a9 dvojit\u00e1 sie\u0165ovan\u00e1 cievka<\/strong>, \u010do zais\u0165uje hladk\u00fa a konzistentn\u00fa produkciu pary, spolu s bohat\u00fdmi a chutn\u00fdmi potiahnutiami.<\/p>\n<p><strong>Q: Ako m\u00f4\u017eem skontrolova\u0165 hladinu e-liquidu a bat\u00e9rie na AIVONO Curved Smart Screen 35000 vape bare?<\/strong><br \/>\n<strong>A:<\/strong> Zariadenie obsahuje <strong>zakriven\u00e1 dynamick\u00e1 inteligentn\u00e1 obrazovka<\/strong> ktor\u00e1 zobrazuje hladinu e-liquidu a bat\u00e9rie v re\u00e1lnom \u010dase, tak\u017ee v\u017edy viete, kedy je potrebn\u00e9 dobi\u0165 alebo doplni\u0165.<\/p>\n<p><strong>Q: \u010co rob\u00ed AIVONO Curved Smart Screen 35k Vapes s lacnou cenou ide\u00e1lnym pre slovensk\u00fdch vaperov?<\/strong><br \/>\n<strong>A:<\/strong> AIVONO Curved 35k puff vape kombinuje \u0161pi\u010dkov\u00fa technol\u00f3giu, elegantn\u00fd dizajn a viacero mo\u017enost\u00ed nikot\u00ednu, \u010do z neho rob\u00ed ide\u00e1lnu vo\u013ebu pre n\u00e1ro\u010dn\u00e9 preferencie slovensk\u00fdch vaperov.<\/p>","protected":false},"excerpt":{"rendered":"<p>AIVONO Zakriven\u00fd Smart Screen 35000 potiahnut\u00ed: Pr\u00e9miov\u00e1 jednorazov\u00e1 e-cigareta, 35 000 potiahnut\u00ed, prisp\u00f4sobite\u013en\u00e9 funkcie, dvojit\u00e1 sie\u0165ov\u00e1 \u0161pir\u00e1lka, nab\u00edjanie Type-C, ide\u00e1lne pre vaperov zo Slovenska.<\/p>\n<figure id=\"attachment_2951\" aria-describedby=\"caption-attachment-2951\" style=\"width: 265px\" class=\"wp-caption alignnone\"><img decoding=\"async\" class=\"size-medium wp-image-2951\" src=\"https:\/\/vapestornado.com\/wp-content\/uploads\/2024\/12\/Wholesale-Disposable-Vape-265x300.jpg\" alt=\"Ve\u013ekoobchodn\u00fd Jednorazov\u00fd Vape\" width=\"265\" height=\"300\" srcset=\"https:\/\/vapestornado.com\/wp-content\/uploads\/2024\/12\/Wholesale-Disposable-Vape-265x300.jpg 265w, https:\/\/vapestornado.com\/wp-content\/uploads\/2024\/12\/Wholesale-Disposable-Vape-768x871.jpg 768w, https:\/\/vapestornado.com\/wp-content\/uploads\/2024\/12\/Wholesale-Disposable-Vape-600x680.jpg 600w, https:\/\/vapestornado.com\/wp-content\/uploads\/2024\/12\/Wholesale-Disposable-Vape.jpg 823w\" sizes=\"(max-width: 265px) 100vw, 265px\" \/><figcaption id=\"caption-attachment-2951\" class=\"wp-caption-text\">Pre z\u013eavnen\u00fa cenu kontaktujte Mandy na WhatsApp\u00a0 <a href=\"https:\/\/wa.me\/8618077105796\">+8618077105796<\/a><\/figcaption><\/figure>\n<p>&nbsp;<\/p>","protected":false},"featured_media":3479,"comment_status":"open","ping_status":"closed","template":"","meta":{"_acf_changed":false,"_uag_custom_page_level_css":"","_lmt_disableupdate":"no","_lmt_disable":"","_monsterinsights_skip_tracking":false,"_monsterinsights_sitenote_active":false,"_monsterinsights_sitenote_note":"","_monsterinsights_sitenote_category":0,"site-sidebar-layout":"default","site-content-layout":"","ast-site-content-layout":"default","site-content-style":"default","site-sidebar-style":"default","ast-global-header-display":"","ast-banner-title-visibility":"","ast-main-header-display":"","ast-hfb-above-header-display":"","ast-hfb-below-header-display":"","ast-hfb-mobile-header-display":"","site-post-title":"","ast-breadcrumbs-content":"","ast-featured-img":"","footer-sml-layout":"","ast-disable-related-posts":"","theme-transparent-header-meta":"default","adv-header-id-meta":"","stick-header-meta":"","header-above-stick-meta":"","header-main-stick-meta":"","header-below-stick-meta":"","astra-migrate-meta-layouts":"set","ast-page-background-enabled":"default","ast-page-background-meta":{"desktop":{"background-color":"","background-image":"","background-repeat":"repeat","background-position":"center center","background-size":"auto","background-attachment":"scroll","background-type":"","background-media":"","overlay-type":"","overlay-color":"","overlay-opacity":"","overlay-gradient":""},"tablet":{"background-color":"","background-image":"","background-repeat":"repeat","background-position":"center center","background-size":"auto","background-attachment":"scroll","background-type":"","background-media":"","overlay-type":"","overlay-color":"","overlay-opacity":"","overlay-gradient":""},"mobile":{"background-color":"","background-image":"","background-repeat":"repeat","background-position":"center center","background-size":"auto","background-attachment":"scroll","background-type":"","background-media":"","overlay-type":"","overlay-color":"","overlay-opacity":"","overlay-gradient":""}},"ast-content-background-meta":{"desktop":{"background-color":"var(--ast-global-color-5)","background-image":"","background-repeat":"repeat","background-position":"center center","background-size":"auto","background-attachment":"scroll","background-type":"","background-media":"","overlay-type":"","overlay-color":"","overlay-opacity":"","overlay-gradient":""},"tablet":{"background-color":"var(--ast-global-color-5)","background-image":"","background-repeat":"repeat","background-position":"center center","background-size":"auto","background-attachment":"scroll","background-type":"","background-media":"","overlay-type":"","overlay-color":"","overlay-opacity":"","overlay-gradient":""},"mobile":{"background-color":"var(--ast-global-color-5)","background-image":"","background-repeat":"repeat","background-position":"center center","background-size":"auto","background-attachment":"scroll","background-type":"","background-media":"","overlay-type":"","overlay-color":"","overlay-opacity":"","overlay-gradient":""}},"_joinchat":{"telephone":"+8618077105796"}},"product_brand":[],"product_cat":[175,176,140,153,157],"product_tag":[177,97],"class_list":{"0":"post-3231","1":"product","2":"type-product","3":"status-publish","4":"has-post-thumbnail","6":"product_cat-35000-puff","7":"product_cat-aivono-vape","8":"product_cat-big-puffs-disposable-vapes","9":"product_cat-buy-disposable-vapes-in-italy","10":"product_cat-buy-disposable-vapes-in-portugal","11":"product_tag-aivono-35000-puffs","12":"product_tag-hot-sale-disposable-vape","13":"desktop-align-left","14":"tablet-align-left","15":"mobile-align-left","17":"first","18":"instock","19":"sale","20":"shipping-taxable","21":"purchasable","22":"product-type-simple"},"acf":[],"uagb_featured_image_src":{"full":["https:\/\/vapestornado.com\/wp-content\/uploads\/2024\/12\/AIVONO-35000-Puffs-Good-Sale-Vape.jpg",800,800,false],"thumbnail":["https:\/\/vapestornado.com\/wp-content\/uploads\/2024\/12\/AIVONO-35000-Puffs-Good-Sale-Vape-150x150.jpg",150,150,true],"medium":["https:\/\/vapestornado.com\/wp-content\/uploads\/2024\/12\/AIVONO-35000-Puffs-Good-Sale-Vape-300x300.jpg",300,300,true],"medium_large":["https:\/\/vapestornado.com\/wp-content\/uploads\/2024\/12\/AIVONO-35000-Puffs-Good-Sale-Vape-768x768.jpg",768,768,true],"large":["https:\/\/vapestornado.com\/wp-content\/uploads\/2024\/12\/AIVONO-35000-Puffs-Good-Sale-Vape.jpg",800,800,false],"1536x1536":["https:\/\/vapestornado.com\/wp-content\/uploads\/2024\/12\/AIVONO-35000-Puffs-Good-Sale-Vape.jpg",800,800,false],"2048x2048":["https:\/\/vapestornado.com\/wp-content\/uploads\/2024\/12\/AIVONO-35000-Puffs-Good-Sale-Vape.jpg",800,800,false],"trp-custom-language-flag":["https:\/\/vapestornado.com\/wp-content\/uploads\/2024\/12\/AIVONO-35000-Puffs-Good-Sale-Vape.jpg",12,12,false],"woocommerce_thumbnail":["https:\/\/vapestornado.com\/wp-content\/uploads\/2024\/12\/AIVONO-35000-Puffs-Good-Sale-Vape-300x300.jpg",300,300,true],"woocommerce_single":["https:\/\/vapestornado.com\/wp-content\/uploads\/2024\/12\/AIVONO-35000-Puffs-Good-Sale-Vape-600x600.jpg",600,600,true],"woocommerce_gallery_thumbnail":["https:\/\/vapestornado.com\/wp-content\/uploads\/2024\/12\/AIVONO-35000-Puffs-Good-Sale-Vape-100x100.jpg",100,100,true]},"uagb_author_info":{"display_name":"ESMANDY","author_link":"https:\/\/vapestornado.com\/sk\/author\/"},"uagb_comment_info":0,"uagb_excerpt":"AIVONO Curved Smart Screen 35000 Puff\u00a0 vape pods : Premium disposable vape, 35,000 puffs, customizable features, dual mesh coil, Type-C charging, ideal for European vapers. [caption id=\"attachment_2951\" align=\"alignnone\" width=\"265\"] Pls Contact Mandy's WhatsApp For Discount Price\u00a0 +8618077105796[\/caption] &nbsp;","_links":{"self":[{"href":"https:\/\/vapestornado.com\/sk\/wp-json\/wp\/v2\/product\/3231","targetHints":{"allow":["GET"]}}],"collection":[{"href":"https:\/\/vapestornado.com\/sk\/wp-json\/wp\/v2\/product"}],"about":[{"href":"https:\/\/vapestornado.com\/sk\/wp-json\/wp\/v2\/types\/product"}],"replies":[{"embeddable":true,"href":"https:\/\/vapestornado.com\/sk\/wp-json\/wp\/v2\/comments?post=3231"}],"wp:featuredmedia":[{"embeddable":true,"href":"https:\/\/vapestornado.com\/sk\/wp-json\/wp\/v2\/media\/3479"}],"wp:attachment":[{"href":"https:\/\/vapestornado.com\/sk\/wp-json\/wp\/v2\/media?parent=3231"}],"wp:term":[{"taxonomy":"product_brand","embeddable":true,"href":"https:\/\/vapestornado.com\/sk\/wp-json\/wp\/v2\/product_brand?post=3231"},{"taxonomy":"product_cat","embeddable":true,"href":"https:\/\/vapestornado.com\/sk\/wp-json\/wp\/v2\/product_cat?post=3231"},{"taxonomy":"product_tag","embeddable":true,"href":"https:\/\/vapestornado.com\/sk\/wp-json\/wp\/v2\/product_tag?post=3231"}],"curies":[{"name":"wp","href":"https:\/\/api.w.org\/{rel}","templated":true}]}}