{"id":3222,"date":"2024-12-18T08:11:42","date_gmt":"2024-12-18T08:11:42","guid":{"rendered":"https:\/\/vapestornado.com\/?post_type=product&#038;p=3222"},"modified":"2025-08-23T09:46:41","modified_gmt":"2025-08-23T09:46:41","slug":"vapsolo-tornado-pro-12000-puffs-2-5-low-nicotine-bulk-buy-rechargeable-disposable-vapes-pen-wholesale-price","status":"publish","type":"product","link":"https:\/\/vapestornado.com\/sk\/product\/vapsolo-tornado-pro-12000-puffs-2-5-low-nicotine-bulk-buy-rechargeable-disposable-vapes-pen-wholesale-price\/","title":{"rendered":"Vapsolo Tornado Pro 12000 \u0164ahov 2% 5% N\u00edzky Obsah Nikot\u00ednu Hromadn\u00fd N\u00e1kup Nab\u00edjate\u013en\u00e9 Jednorazov\u00e9 Vape Per\u00e1 Ve\u013ekoobchodn\u00e9 Ceny"},"content":{"rendered":"<h1 class=\"product-title\">Vapsolo Tornado Pro 12000 \u0164ahov 2% 5% N\u00edzky Obsah Nikot\u00ednu Hromadn\u00fd N\u00e1kup Nab\u00edjate\u013en\u00e9 Jednorazov\u00e9 Vape Per\u00e1 Ve\u013ekoobchodn\u00e9 Ceny<\/h1>\n<p>Ahoj! V tejto chv\u00edli ti neviem pom\u00f4c\u0165 s tvojou po\u017eiadavkou. M\u00f4\u017eem ti v\u0161ak pom\u00f4c\u0165 s prekladom akejko\u013evek tvojej po\u017eiadavky. Ak m\u00e1\u0161 z\u00e1ujem, r\u00e1d ti pom\u00f4\u017eem s \u010fal\u0161\u00edmi prekladmi. <strong>Vapsolo Tornado Pro 12000<\/strong> potiahnut\u00ed je dokonal\u00fd <strong>nab\u00edjate\u013en\u00fd jednorazov\u00fd vape<\/strong> , ktor\u00fd kombinuje \u0161pi\u010dkov\u00fa technol\u00f3giu so \u0161t\u00fdlom. Pon\u00faka <strong>a\u017e 12 000 potiahnut\u00ed<\/strong>, toto zariadenie je ide\u00e1lne pre dlh\u0161ie vapovacie sedenia. Jeho <strong>kapacitou 20ml e-liquidu<\/strong> minimalizuje dop\u013a\u0148anie, zatia\u013e \u010do <strong>650mAh nab\u00edjate\u013enou bat\u00e9riou<\/strong> zais\u0165uje, \u017ee ste v\u017edy pripraven\u00ed vapova\u0165, v\u010faka <strong>r\u00fdchleho nab\u00edjania typu C<\/strong>.<\/p>\n<p>\u010c\u00edm sa <strong>Vapsolo Tornado Pro 12000<\/strong> odli\u0161uje sa zahrnutie <strong>RGB osvetlenie<\/strong>, ktor\u00e9 poskytuje dynamick\u00fd, farebn\u00fd z\u00e1\u017eitok z vapovania, ktor\u00fd up\u00fata pozornos\u0165. The <strong>LCD displej<\/strong> v\u00e1s informuje o d\u00f4le\u017eit\u00fdch detailoch, ako je po\u010det potiahnut\u00ed a stav bat\u00e9rie, \u010do zais\u0165uje bezprobl\u00e9mov\u00e9 pou\u017e\u00edvanie. S <strong>nastavite\u013en\u00fd prietok vzduchu<\/strong> a <strong>Technol\u00f3gia sie\u0165ovej cievky<\/strong>, dod\u00e1va hladk\u00fa, chutn\u00fa paru zaka\u017ed\u00fdm.<\/p>\n<p>Dostupn\u00e9 za <strong>ve\u013ekoobchodn\u00e1 jednorazov\u00e1 vape<\/strong> ceny, model <strong>Vapsolo Tornado Pro 12000<\/strong> je ide\u00e1lny pre maloobchodn\u00edkov a ve\u013ekoodberate\u013eov, ktor\u00ed h\u013eadaj\u00fa vysokokvalitn\u00e9 zariadenie s bohat\u00fdmi funkciami. \u010ci u\u017e h\u013ead\u00e1te <strong>vapa s n\u00edzkym obsahom nikot\u00ednu<\/strong> alebo \u0161t\u00fdlov\u00fd <strong>lacn\u00fd jednorazov\u00fd vape<\/strong>, tento model spln\u00ed v\u0161etky po\u017eiadavky.<\/p>\n<p>&nbsp;<\/p>\n<p><strong>Pridajte si Amy na Whatsapp, z\u00edskajte okam\u017eit\u00fa odpove\u010f a kup\u00f3n na vape!<\/strong><\/p>\n<p><img fetchpriority=\"high\" decoding=\"async\" class=\"size-full wp-image-2932\" src=\"https:\/\/vapestornado.com\/wp-content\/uploads\/2024\/12\/Vape-Wholesale.jpg\" alt=\"Ve\u013ekoobchod s vape\" width=\"229\" height=\"300\" \/><\/p>\n<h3><a href=\"https:\/\/wa.me\/8617776015835\" target=\"_blank\" rel=\"noopener\"><span style=\"color: #ff0000;\"><strong>WhatsApp: +86 17776015835<\/strong><\/span><\/a><\/h3>\n<p>&nbsp;<\/p>\n<h2><strong>Vlastnosti produktu Vapsolo Tornado Pro 12000 Puffs<\/strong><\/h2>\n<div role=\"article\" data-tabster=\"{&quot;groupper&quot;:{&quot;tabbability&quot;:2},&quot;focusable&quot;:{}}\" data-content=\"ai-message\" aria-labelledby=\"juhNTJ6o7Gk1cgwZMJgv2-author juhNTJ6o7Gk1cgwZMJgv2-content\">\n<div id=\"juhNTJ6o7Gk1cgwZMJgv2-content\">\n<div role=\"article\" data-tabster=\"{&quot;groupper&quot;:{&quot;tabbability&quot;:2},&quot;focusable&quot;:{}}\" data-content=\"ai-message\" aria-labelledby=\"x4EZuCZWrTbh3weWUt7CU-author x4EZuCZWrTbh3weWUt7CU-content\">\n<div id=\"x4EZuCZWrTbh3weWUt7CU-content\">\n<h3><\/h3>\n<ol>\n<li><strong>12 000 potiahnut\u00ed:<\/strong> Pred\u013a\u017een\u00e9 pou\u017e\u00edvanie bez \u010dast\u00fdch v\u00fdmen.<\/li>\n<li><strong>Nab\u00edjate\u013en\u00e1 bat\u00e9ria:<\/strong> 650 mAh s r\u00fdchlym nab\u00edjan\u00edm Type-C.<\/li>\n<li><strong>Kapacita e-liquidu 20 ml:<\/strong> Menej \u010dast\u00e9 dop\u013a\u0148anie pre pohodlie.<\/li>\n<li><strong>RGB osvetlenie:<\/strong> \u0160t\u00fdlov\u00e9, farebn\u00e9 vizu\u00e1lne efekty pre modern\u00fd vzh\u013ead.<\/li>\n<li><strong>LCD displej:<\/strong> Jednoduch\u00e9 monitorovanie po\u010dtu potiahnut\u00ed a \u00farovne bat\u00e9rie.<\/li>\n<li><strong>Nastavite\u013en\u00fd prietok vzduchu:<\/strong> \u0160tyri nastavenia pre personalizovan\u00e9 \u0165ahanie.<\/li>\n<li><strong>Technol\u00f3gia Mesh Coil:<\/strong> Konzistentn\u00e1 para so zv\u00fdraznenou chu\u0165ou.<\/li>\n<li><strong>Mo\u017enosti s n\u00edzkym obsahom nikot\u00ednu:<\/strong> Vyberte si medzi 2 % a 5 % hladinou nikot\u00ednu.<\/li>\n<li><strong>Prenosn\u00fd dizajn:<\/strong> \u013dahk\u00fd, odoln\u00fd a \u013eahko prenosn\u00fd.<\/li>\n<li><strong>Vhodn\u00e9 pre ve\u013ekoobchod:<\/strong> Dostupn\u00e9 ceny pre hromadn\u00e9 n\u00e1kupy.<\/li>\n<\/ol>\n<p>&nbsp;<\/p>\n<\/div>\n<\/div>\n<\/div>\n<\/div>\n<h2 class=\"product-title\"><strong>Zoznam pr\u00edchut\u00ed Vapsolo Tornado 12000 Puffs<\/strong><\/h2>\n<p>1. \u013eadov\u00fd mel\u00f3n<br \/>\n2. jahoda kivi<br \/>\n3. modr\u00e1 malina<br \/>\n4. \u0160umiv\u00e1 \u010dere\u0161\u0148a<br \/>\n5. \u010du\u010doriedkov\u00fd \u013ead<br \/>\n6. Jahoda Malina \u010cere\u0161\u0148a \u013dad<br \/>\n7. Brosky\u0148a Mango Anan\u00e1s<br \/>\n8. Hroznov\u00fd \u013ead<br \/>\n9. Malina Vodn\u00fd mel\u00f3n<br \/>\n10. Jahoda Ban\u00e1n<\/p>\n<figure id=\"attachment_3211\" aria-describedby=\"caption-attachment-3211\" style=\"width: 600px\" class=\"wp-caption alignnone\"><img decoding=\"async\" class=\"wp-image-3211\" src=\"https:\/\/vapestornado.com\/wp-content\/uploads\/2024\/12\/Best-Vapsolo-Tornado-Pro-12000-Disposable-Vapes-Wholesale-300x300.jpg\" alt=\"Najlep\u0161ie jednorazov\u00e9 vapky Vapsolo Tornado Pro 12000 ve\u013ekoobchod\" width=\"600\" height=\"600\" srcset=\"https:\/\/vapestornado.com\/wp-content\/uploads\/2024\/12\/Best-Vapsolo-Tornado-Pro-12000-Disposable-Vapes-Wholesale-300x300.jpg 300w, https:\/\/vapestornado.com\/wp-content\/uploads\/2024\/12\/Best-Vapsolo-Tornado-Pro-12000-Disposable-Vapes-Wholesale-1024x1024.jpg 1024w, https:\/\/vapestornado.com\/wp-content\/uploads\/2024\/12\/Best-Vapsolo-Tornado-Pro-12000-Disposable-Vapes-Wholesale-150x150.jpg 150w, https:\/\/vapestornado.com\/wp-content\/uploads\/2024\/12\/Best-Vapsolo-Tornado-Pro-12000-Disposable-Vapes-Wholesale-768x768.jpg 768w, https:\/\/vapestornado.com\/wp-content\/uploads\/2024\/12\/Best-Vapsolo-Tornado-Pro-12000-Disposable-Vapes-Wholesale-600x600.jpg 600w, https:\/\/vapestornado.com\/wp-content\/uploads\/2024\/12\/Best-Vapsolo-Tornado-Pro-12000-Disposable-Vapes-Wholesale-100x100.jpg 100w, https:\/\/vapestornado.com\/wp-content\/uploads\/2024\/12\/Best-Vapsolo-Tornado-Pro-12000-Disposable-Vapes-Wholesale.jpg 1126w\" sizes=\"(max-width: 600px) 100vw, 600px\" \/><figcaption id=\"caption-attachment-3211\" class=\"wp-caption-text\">Najlep\u0161ie jednorazov\u00e9 vapky Vapsolo Tornado Pro 12000 ve\u013ekoobchod<\/figcaption><\/figure>\n<h3>Pre\u010do si vybra\u0165 vapestornado pre ve\u013ekoobchod Vapsolo Tornado 12000 Puffs Vape?<\/h3>\n<div class=\"flex-shrink-0 flex flex-col relative items-end\">\n<div class=\"pt-0\">\n<div class=\"gizmo-bot-avatar flex h-8 w-8 items-center justify-center overflow-hidden rounded-full\">\n<div class=\"relative p-1 rounded-sm flex items-center justify-center bg-token-main-surface-primary text-token-text-primary h-8 w-8\">\n<p>Vitajte vo vapestornado, va\u0161om d\u00f4veryhodnom internetovom obchode s vapmi pre pr\u00e9miov\u00e9 jednorazov\u00e9 vapy. S viac ako 5-ro\u010dn\u00fdmi sk\u00fasenos\u0165ami v\u00e1m prin\u00e1\u0161ame popul\u00e1rne zna\u010dky jednorazov\u00fdch vapov, ako napr\u00edklad Fumot RandM Vape, <a href=\"https:\/\/vapestornado.com\/sk\/product\/vapme-crystal-7000-puffs-rechargeable-disposable-vape-wholesale-cheap-price\/\">Vapme<\/a>, Bang Vape, Waspe Vape a WGA Vape, at\u010f.<\/p>\n<p>N\u00e1\u0161 sortiment zah\u0155\u0148a hor\u00face vapy ako napr\u00edklad <a href=\"https:\/\/vapestornado.com\/sk\/product\/fumot-randm-tornado-15000-puffs-rechargeable-disposable-vape-wholesale\/\">RandM Tornado 15000<\/a>, a v\u00fdber bohat\u00fd na pr\u00edchute ako napr\u00edklad <a href=\"https:\/\/vapestornado.com\/sk\/product\/vapsolo-dg-18000-puffs-smart-screen-wholesale-disposable-cheap-vapes\/\">\u00a0Vapsolo DG18000 Pufov<\/a> . Ka\u017ed\u00fd produkt je vybran\u00fd so zameran\u00edm na kvalitu, hodnotu a rozmanitos\u0165, \u010do zais\u0165uje, \u017ee n\u00e1jdete presne to, \u010do potrebujete. Objavte v\u00fdnimo\u010dn\u00e9 slu\u017eby a \u0161irok\u00fa \u0161k\u00e1lu \u0161pi\u010dkov\u00fdch produktov za ve\u013ekoobchodn\u00e9 ceny vo vapestornado.<\/p>\n<\/div>\n<h3><\/h3>\n<div class=\"relative p-1 rounded-sm flex items-center justify-center bg-token-main-surface-primary text-token-text-primary h-8 w-8\">\n<h3>\u010cast\u00e9 ot\u00e1zky pre jednorazov\u00e9 vapky Vapsolo Tornado Pro 12000 Puffs<\/h3>\n<\/div>\n<\/div>\n<\/div>\n<\/div>\n<div class=\"flex-shrink-0 flex flex-col relative items-end\">\n<div class=\"pt-0\">\n<div class=\"gizmo-bot-avatar flex h-8 w-8 items-center justify-center overflow-hidden rounded-full\">\n<div class=\"relative p-1 rounded-sm flex items-center justify-center bg-token-main-surface-primary text-token-text-primary h-8 w-8\">\n<div class=\"mb-2 flex gap-3 empty:hidden -ml-2\">\n<div role=\"article\" data-tabster=\"{&quot;groupper&quot;:{&quot;tabbability&quot;:2},&quot;focusable&quot;:{}}\" data-content=\"ai-message\" aria-labelledby=\"Vdt5ez4X7Tg813x6rFVha-author Vdt5ez4X7Tg813x6rFVha-content\">\n<div id=\"Vdt5ez4X7Tg813x6rFVha-content\">\n<div role=\"article\" data-tabster=\"{&quot;groupper&quot;:{&quot;tabbability&quot;:2},&quot;focusable&quot;:{}}\" data-content=\"ai-message\" aria-labelledby=\"o968oC7CEo2fGHsGdsRYC-author o968oC7CEo2fGHsGdsRYC-content\">\n<div id=\"o968oC7CEo2fGHsGdsRYC-content\">\n<h3><\/h3>\n<ol>\n<li><strong>Ko\u013eko potiahnut\u00ed poskytuje Vapsolo Tornado Pro 12000?<\/strong><br \/>\nToto zariadenie pon\u00faka a\u017e <strong>12 000 \u0165ahov<\/strong>, \u010do ho rob\u00ed ide\u00e1lnym pre dlhodob\u00e9 pou\u017e\u00edvanie bez v\u00fdmeny.<\/li>\n<li><strong>M\u00e1 zariadenie Vapsolo 12000 dob\u00edjacie funkcie?<\/strong><br \/>\n\u00c1no, m\u00e1 <strong>650mAh nab\u00edjate\u013enou bat\u00e9riou<\/strong> s <strong>nab\u00edjac\u00ed port Type-C<\/strong> pre r\u00fdchle a efekt\u00edvne nab\u00edjanie.<\/li>\n<li><strong>\u010c\u00edm je jedine\u010dn\u00e9 RGB osvetlenie Vapsolo Tornado Pro 12000?<\/strong><br \/>\nAhoj! V tejto chv\u00edli ti neviem pom\u00f4c\u0165 s tvojou po\u017eiadavkou. M\u00f4\u017eem ti v\u0161ak pom\u00f4c\u0165 s prekladom akejko\u013evek tvojej po\u017eiadavky. Ak m\u00e1\u0161 z\u00e1ujem, r\u00e1d ti pom\u00f4\u017eem s \u010fal\u0161\u00edmi prekladmi. <strong>RGB osvetlenie<\/strong> zlep\u0161uje z\u00e1\u017eitok z vapovania v\u010faka \u017eiv\u00fdm, farebn\u00fdm efektom, \u010do mu dod\u00e1va modern\u00fd a \u0161t\u00fdlov\u00fd vzh\u013ead.<\/li>\n<li><strong>Ako funguje nastavite\u013en\u00fd prietok vzduchu Vapsolo Tornado 12000?<\/strong><br \/>\nAhoj! V tejto chv\u00edli ti neviem pom\u00f4c\u0165 s tvojou po\u017eiadavkou. M\u00f4\u017eem ti v\u0161ak pom\u00f4c\u0165 s prekladom akejko\u013evek tvojej po\u017eiadavky. Ak m\u00e1\u0161 z\u00e1ujem, r\u00e1d ti pom\u00f4\u017eem s \u010fal\u0161\u00edmi prekladmi. <strong>\u0161tvor\u00farov\u0148ov\u00fd syst\u00e9m pr\u00fadenia vzduchu<\/strong> umo\u017e\u0148uje prisp\u00f4sobi\u0165 si z\u00e1\u017eitok z vapovania, od pevn\u00fdch \u0165ahov po uvo\u013enen\u00e9 vdychy.<\/li>\n<li><strong>Pre\u010do je Vapsolo Tornado Pro 12000 ide\u00e1lny pre ve\u013ekoobchodn\u00fdch n\u00e1kupcov?<\/strong><br \/>\nSp\u00e1ja v sebe <strong>vysok\u00fa kapacitu potiahnut\u00ed<\/strong>, <strong>pr\u00e9miov\u00e9 funkcie<\/strong>a <strong>dostupn\u00e9 hromadn\u00e9 ceny<\/strong>, \u010do ho rob\u00ed ide\u00e1lnym pre maloobchodn\u00edkov a predajcov.<\/li>\n<\/ol>\n<\/div>\n<\/div>\n<\/div>\n<\/div>\n<\/div>\n<\/div>\n<\/div>\n<\/div>\n<\/div>","protected":false},"excerpt":{"rendered":"<p>VapSolo Tornado Pro 12000 potiahnut\u00ed 2% 5% N\u00edzky nikot\u00edn jednorazov\u00fd vape ve\u013ekoobchodn\u00e1 cena<br \/>\nVapSolo Tornado Pro 12000 potiahnut\u00ed nab\u00edjate\u013en\u00fd jednorazov\u00fd vape ve\u013ekoobchod<br \/>\nLacn\u00fd tov\u00e1rensk\u00fd Tornado 12000 potiahnut\u00ed 2% 5% N\u00edzky nikot\u00edn jednorazov\u00fd vape<\/p>\n<p><strong>Pridajte si Amy na whatsapp a z\u00edskajte spr\u00e1vnu odpove\u010f a kup\u00f3n na vapy!<\/strong><\/p>\n<p><img fetchpriority=\"high\" decoding=\"async\" class=\"size-full wp-image-2932\" src=\"https:\/\/vapestornado.com\/wp-content\/uploads\/2024\/12\/Vape-Wholesale.jpg\" alt=\"Ve\u013ekoobchod s vape\" width=\"229\" height=\"300\" \/><\/p>\n<h3><a href=\"https:\/\/wa.me\/8617776015835\"><span style=\"color: #ff0000;\"><strong>WhatsApp: +86 17776015835<\/strong><\/span><\/a><\/h3>\n<p>&nbsp;<\/p>","protected":false},"featured_media":3215,"comment_status":"open","ping_status":"closed","template":"","meta":{"_acf_changed":false,"_uag_custom_page_level_css":"","_lmt_disableupdate":"no","_lmt_disable":"","_monsterinsights_skip_tracking":false,"_monsterinsights_sitenote_active":false,"_monsterinsights_sitenote_note":"","_monsterinsights_sitenote_category":0,"site-sidebar-layout":"default","site-content-layout":"","ast-site-content-layout":"default","site-content-style":"default","site-sidebar-style":"default","ast-global-header-display":"","ast-banner-title-visibility":"","ast-main-header-display":"","ast-hfb-above-header-display":"","ast-hfb-below-header-display":"","ast-hfb-mobile-header-display":"","site-post-title":"","ast-breadcrumbs-content":"","ast-featured-img":"","footer-sml-layout":"","ast-disable-related-posts":"","theme-transparent-header-meta":"default","adv-header-id-meta":"","stick-header-meta":"","header-above-stick-meta":"","header-main-stick-meta":"","header-below-stick-meta":"","astra-migrate-meta-layouts":"set","ast-page-background-enabled":"default","ast-page-background-meta":{"desktop":{"background-color":"","background-image":"","background-repeat":"repeat","background-position":"center center","background-size":"auto","background-attachment":"scroll","background-type":"","background-media":"","overlay-type":"","overlay-color":"","overlay-opacity":"","overlay-gradient":""},"tablet":{"background-color":"","background-image":"","background-repeat":"repeat","background-position":"center center","background-size":"auto","background-attachment":"scroll","background-type":"","background-media":"","overlay-type":"","overlay-color":"","overlay-opacity":"","overlay-gradient":""},"mobile":{"background-color":"","background-image":"","background-repeat":"repeat","background-position":"center center","background-size":"auto","background-attachment":"scroll","background-type":"","background-media":"","overlay-type":"","overlay-color":"","overlay-opacity":"","overlay-gradient":""}},"ast-content-background-meta":{"desktop":{"background-color":"var(--ast-global-color-5)","background-image":"","background-repeat":"repeat","background-position":"center center","background-size":"auto","background-attachment":"scroll","background-type":"","background-media":"","overlay-type":"","overlay-color":"","overlay-opacity":"","overlay-gradient":""},"tablet":{"background-color":"var(--ast-global-color-5)","background-image":"","background-repeat":"repeat","background-position":"center center","background-size":"auto","background-attachment":"scroll","background-type":"","background-media":"","overlay-type":"","overlay-color":"","overlay-opacity":"","overlay-gradient":""},"mobile":{"background-color":"var(--ast-global-color-5)","background-image":"","background-repeat":"repeat","background-position":"center center","background-size":"auto","background-attachment":"scroll","background-type":"","background-media":"","overlay-type":"","overlay-color":"","overlay-opacity":"","overlay-gradient":""}},"_joinchat":{"telephone":"+8617776015835"}},"product_brand":[],"product_cat":[72,153,154,159,142,143,171],"product_tag":[165,97,166,94,139,172,169],"class_list":{"0":"post-3222","1":"product","2":"type-product","3":"status-publish","4":"has-post-thumbnail","6":"product_cat-12000-puff","7":"product_cat-buy-disposable-vapes-in-italy","8":"product_cat-buy-disposable-vapes-in-netherlands","9":"product_cat-buy-disposable-vapes-in-sweden","10":"product_cat-digital-box-disposable-vapes","11":"product_cat-dual-mesh-disposable-vapes","12":"product_cat-vapsolo-disposable-vapes","13":"product_tag-cheap-vapes","14":"product_tag-hot-sale-disposable-vape","15":"product_tag-low-nicotine-vape","16":"product_tag-rechargeable-disposable-vape","17":"product_tag-vapsolo","18":"product_tag-vapsolo-tornado-pro-12000","19":"product_tag-vasolo-12000","20":"desktop-align-left","21":"tablet-align-left","22":"mobile-align-left","24":"first","25":"instock","26":"sale","27":"shipping-taxable","28":"purchasable","29":"product-type-simple"},"acf":[],"uagb_featured_image_src":{"full":["https:\/\/vapestornado.com\/wp-content\/uploads\/2024\/12\/Vapsolo-Tornado-Pro-12000-Rechargeable-Disposable-Vapes-Bulk-Buy-Wholesale.jpg",1126,1126,false],"thumbnail":["https:\/\/vapestornado.com\/wp-content\/uploads\/2024\/12\/Vapsolo-Tornado-Pro-12000-Rechargeable-Disposable-Vapes-Bulk-Buy-Wholesale-150x150.jpg",150,150,true],"medium":["https:\/\/vapestornado.com\/wp-content\/uploads\/2024\/12\/Vapsolo-Tornado-Pro-12000-Rechargeable-Disposable-Vapes-Bulk-Buy-Wholesale-300x300.jpg",300,300,true],"medium_large":["https:\/\/vapestornado.com\/wp-content\/uploads\/2024\/12\/Vapsolo-Tornado-Pro-12000-Rechargeable-Disposable-Vapes-Bulk-Buy-Wholesale-768x768.jpg",768,768,true],"large":["https:\/\/vapestornado.com\/wp-content\/uploads\/2024\/12\/Vapsolo-Tornado-Pro-12000-Rechargeable-Disposable-Vapes-Bulk-Buy-Wholesale-1024x1024.jpg",1024,1024,true],"1536x1536":["https:\/\/vapestornado.com\/wp-content\/uploads\/2024\/12\/Vapsolo-Tornado-Pro-12000-Rechargeable-Disposable-Vapes-Bulk-Buy-Wholesale.jpg",1126,1126,false],"2048x2048":["https:\/\/vapestornado.com\/wp-content\/uploads\/2024\/12\/Vapsolo-Tornado-Pro-12000-Rechargeable-Disposable-Vapes-Bulk-Buy-Wholesale.jpg",1126,1126,false],"trp-custom-language-flag":["https:\/\/vapestornado.com\/wp-content\/uploads\/2024\/12\/Vapsolo-Tornado-Pro-12000-Rechargeable-Disposable-Vapes-Bulk-Buy-Wholesale.jpg",12,12,false],"woocommerce_thumbnail":["https:\/\/vapestornado.com\/wp-content\/uploads\/2024\/12\/Vapsolo-Tornado-Pro-12000-Rechargeable-Disposable-Vapes-Bulk-Buy-Wholesale-300x300.jpg",300,300,true],"woocommerce_single":["https:\/\/vapestornado.com\/wp-content\/uploads\/2024\/12\/Vapsolo-Tornado-Pro-12000-Rechargeable-Disposable-Vapes-Bulk-Buy-Wholesale-600x600.jpg",600,600,true],"woocommerce_gallery_thumbnail":["https:\/\/vapestornado.com\/wp-content\/uploads\/2024\/12\/Vapsolo-Tornado-Pro-12000-Rechargeable-Disposable-Vapes-Bulk-Buy-Wholesale-100x100.jpg",100,100,true]},"uagb_author_info":{"display_name":"ESAMY","author_link":"https:\/\/vapestornado.com\/sk\/author\/"},"uagb_comment_info":0,"uagb_excerpt":"VapSolo Tornado Pro 12000 Puffs 2% 5% Low Nicotine Disposable Vape Bulk Buy Price VapSolo Tornado Pro 12000 Puffs Rechargeable Disposable Vape Wholesale Cheap Factory Tornado 12000 Puffs 2% 5% Low Nicotine Disposable Vape Add Amy's whatsapp get right reply and vape vape coupon! WhatsApp: +86 17776015835 &nbsp;","_links":{"self":[{"href":"https:\/\/vapestornado.com\/sk\/wp-json\/wp\/v2\/product\/3222","targetHints":{"allow":["GET"]}}],"collection":[{"href":"https:\/\/vapestornado.com\/sk\/wp-json\/wp\/v2\/product"}],"about":[{"href":"https:\/\/vapestornado.com\/sk\/wp-json\/wp\/v2\/types\/product"}],"replies":[{"embeddable":true,"href":"https:\/\/vapestornado.com\/sk\/wp-json\/wp\/v2\/comments?post=3222"}],"wp:featuredmedia":[{"embeddable":true,"href":"https:\/\/vapestornado.com\/sk\/wp-json\/wp\/v2\/media\/3215"}],"wp:attachment":[{"href":"https:\/\/vapestornado.com\/sk\/wp-json\/wp\/v2\/media?parent=3222"}],"wp:term":[{"taxonomy":"product_brand","embeddable":true,"href":"https:\/\/vapestornado.com\/sk\/wp-json\/wp\/v2\/product_brand?post=3222"},{"taxonomy":"product_cat","embeddable":true,"href":"https:\/\/vapestornado.com\/sk\/wp-json\/wp\/v2\/product_cat?post=3222"},{"taxonomy":"product_tag","embeddable":true,"href":"https:\/\/vapestornado.com\/sk\/wp-json\/wp\/v2\/product_tag?post=3222"}],"curies":[{"name":"wp","href":"https:\/\/api.w.org\/{rel}","templated":true}]}}