{"id":3201,"date":"2024-12-18T03:39:14","date_gmt":"2024-12-18T03:39:14","guid":{"rendered":"https:\/\/vapestornado.com\/?post_type=product&#038;p=3201"},"modified":"2025-08-23T09:47:27","modified_gmt":"2025-08-23T09:47:27","slug":"vapsolo-viking-12000-puffs-2-5-low-nicotine-bulk-buy-rechargeable-disposable-vapes-pen-wholesale-price","status":"publish","type":"product","link":"https:\/\/vapestornado.com\/sk\/product\/vapsolo-viking-12000-puffs-2-5-low-nicotine-bulk-buy-rechargeable-disposable-vapes-pen-wholesale-price\/","title":{"rendered":"VapSolo Viking 12000 \u0165ahov 2% 5% N\u00edzky obsah nikot\u00ednu N\u00e1kup vo ve\u013ekom Nab\u00edjate\u013en\u00e9 jednorazov\u00e9 vape per\u00e1 Ve\u013ekoobchodn\u00e1 cena"},"content":{"rendered":"<h1 class=\"product-title\">VapSolo Viking 12000 \u0165ahov 2% 5% N\u00edzky obsah nikot\u00ednu N\u00e1kup vo ve\u013ekom Nab\u00edjate\u013en\u00e9 jednorazov\u00e9 vape per\u00e1 Ve\u013ekoobchodn\u00e1 cena<\/h1>\n<p data-start=\"403\" data-end=\"652\">Ahoj! V tejto chv\u00edli ti neviem pom\u00f4c\u0165 s tvojou po\u017eiadavkou. M\u00f4\u017eem ti v\u0161ak pom\u00f4c\u0165 s prekladom akejko\u013evek tvojej po\u017eiadavky. Ak m\u00e1\u0161 z\u00e1ujem, r\u00e1d ti pom\u00f4\u017eem s \u010fal\u0161\u00edmi prekladmi. <strong data-start=\"407\" data-end=\"453\">VapSolo Viking 12000 Puffs Jednorazov\u00e1 Vape<\/strong> poskytuje roz\u0161\u00edren\u00fd v\u00fdkon a flexibilitu v elegantnom, prenosnom dizajne. S <strong data-start=\"536\" data-end=\"562\">kapacitou 22 ml e-liquidu<\/strong> a a\u017e <strong data-start=\"573\" data-end=\"589\">12 000 \u0165ahov<\/strong>, poskytuje dlhotrvaj\u00face pou\u017e\u00edvanie bez neust\u00e1lych v\u00fdmen.<\/p>\n<p data-start=\"654\" data-end=\"909\">Poh\u00e1\u0148an\u00fd <strong data-start=\"667\" data-end=\"698\">650mAh nab\u00edjate\u013enou bat\u00e9riou<\/strong> s <strong data-start=\"704\" data-end=\"728\">r\u00fdchleho nab\u00edjania typu C<\/strong>, Viking 12K zais\u0165uje konzistentn\u00e9 rel\u00e1cie a efekt\u00edvne dob\u00edjanie. Dod\u00e1va sa v <strong data-start=\"811\" data-end=\"843\">2% a 5% sil\u00e1ch nikot\u00ednu<\/strong>, v\u010faka \u010domu je vhodn\u00fd pre mierne aj silnej\u0161ie preferencie.<\/p>\n<p data-start=\"911\" data-end=\"1150\">Vybaven\u00e9 s <strong data-start=\"925\" data-end=\"949\">Technol\u00f3gia sie\u0165ovej cievky<\/strong> a <strong data-start=\"954\" data-end=\"984\">4-\u00farov\u0148ov\u00e9 nastavite\u013en\u00e9 pr\u00fadenie vzduchu<\/strong>, toto zariadenie zaru\u010duje hladk\u00fa produkciu pary a prisp\u00f4sobite\u013en\u00e9 \u0165ahy. The <strong data-start=\"1061\" data-end=\"1076\">LCD displej<\/strong> prid\u00e1va pohodlie t\u00fdm, \u017ee zobrazuje po\u010det potiahnut\u00ed a stav bat\u00e9rie v re\u00e1lnom \u010dase.<\/p>\n<p data-start=\"1152\" data-end=\"1410\">\u013dahk\u00fd a \u013eahko prenosn\u00fd, <strong data-start=\"1187\" data-end=\"1211\">VapSolo Viking 12000<\/strong> je ide\u00e1lny pre be\u017en\u00fdch pou\u017e\u00edvate\u013eov aj ve\u013ekoobchodn\u00edkov. Jeho kombin\u00e1cia kapacity, pokro\u010dil\u00fdch funkci\u00ed a konkurencieschopn\u00fdch <strong data-start=\"1326\" data-end=\"1347\">ve\u013ekoobchodn\u00fdmi cenami<\/strong> z neho rob\u00ed ziskov\u00fa mo\u017enos\u0165 pre maloobchodn\u00edkov a distrib\u00fatorov.<\/p>\n<p><strong>Pridajte si Amy na Whatsapp, z\u00edskajte okam\u017eit\u00fa odpove\u010f a kup\u00f3n na vape!<\/strong><\/p>\n<p><img fetchpriority=\"high\" decoding=\"async\" class=\"size-full wp-image-2932\" src=\"https:\/\/vapestornado.com\/wp-content\/uploads\/2024\/12\/Vape-Wholesale.jpg\" alt=\"Ve\u013ekoobchod s vape\" width=\"229\" height=\"300\" \/><\/p>\n<h3><a href=\"https:\/\/wa.me\/8617776015835\" target=\"_blank\" rel=\"noopener\"><span style=\"color: #ff0000;\"><strong>WhatsApp: +86 17776015835<\/strong><\/span><\/a><\/h3>\n<p>&nbsp;<\/p>\n<h2><strong>Vlastnosti produktu VapSolo Viking 12000<\/strong><\/h2>\n<div role=\"article\" data-tabster=\"{&quot;groupper&quot;:{&quot;tabbability&quot;:2},&quot;focusable&quot;:{}}\" data-content=\"ai-message\" aria-labelledby=\"juhNTJ6o7Gk1cgwZMJgv2-author juhNTJ6o7Gk1cgwZMJgv2-content\">\n<div id=\"juhNTJ6o7Gk1cgwZMJgv2-content\">\n<div role=\"article\" data-tabster=\"{&quot;groupper&quot;:{&quot;tabbability&quot;:2},&quot;focusable&quot;:{}}\" data-content=\"ai-message\" aria-labelledby=\"x4EZuCZWrTbh3weWUt7CU-author x4EZuCZWrTbh3weWUt7CU-content\">\n<div id=\"x4EZuCZWrTbh3weWUt7CU-content\">\n<h3><\/h3>\n<ol>\n<li><strong>12 000 potiahnut\u00ed na zariadenie:<\/strong> Pred\u013a\u017een\u00e9 pou\u017e\u00edvanie pre bezprobl\u00e9mov\u00e9 vapovanie.<\/li>\n<li><strong>Mo\u017enosti s n\u00edzkym obsahom nikot\u00ednu:<\/strong> K dispoz\u00edcii v 2% a 5%, vyhovuj\u00face r\u00f4znym preferenci\u00e1m.<\/li>\n<li><strong>Nab\u00edjate\u013en\u00e1 bat\u00e9ria:<\/strong> Kapacita 650 mAh s pohodln\u00fdm r\u00fdchlym nab\u00edjan\u00edm typu C.<\/li>\n<li><strong>4-\u00farov\u0148ov\u00fd Nastavite\u013en\u00fd prietok vzduchu:<\/strong> Prisp\u00f4sobte si svoj \u0161t\u00fdl vapovania s presnos\u0165ou.<\/li>\n<li><strong>Technol\u00f3gia Mesh Coil:<\/strong> Zaka\u017ed\u00fdm poskytuje hladk\u00fa paru a vylep\u0161en\u00fa chu\u0165.<\/li>\n<li><strong>Kapacita 22 ml E-liquidu:<\/strong> Poskytuje dlh\u0161ie vapovacie rel\u00e1cie bez \u010dast\u00e9ho dop\u013a\u0148ania.<\/li>\n<li><strong>LCD displej:<\/strong> Jednoducho sledujte po\u010det potiahnut\u00ed a stav bat\u00e9rie v re\u00e1lnom \u010dase.<\/li>\n<li><strong>Kompaktn\u00fd a \u013eahk\u00fd:<\/strong> Prenosn\u00fd dizajn s hmotnos\u0165ou iba 95 g pre jednoduch\u00e9 pou\u017eitie na cest\u00e1ch.<\/li>\n<li><strong>Dostupn\u00e9 ve\u013ekoobchodn\u00e9 ceny:<\/strong> Ide\u00e1lne pre hromadn\u00e9 n\u00e1kupy a \u010fal\u0161\u00ed predaj.<\/li>\n<li><strong>Pr\u00e9miov\u00e1 zna\u010dka jednorazov\u00fdch elektronick\u00fdch cigariet:<\/strong> Kombinuje pohodlie, v\u00fdkon a \u0161t\u00fdl.<\/li>\n<\/ol>\n<\/div>\n<\/div>\n<\/div>\n<\/div>\n<h2 class=\"product-title\"><strong>Zoznam pr\u00edchut\u00ed VapSolo 12000 \u0164ahov<\/strong><\/h2>\n<p>1. \u010du\u010doriedka malina<br \/>\n2. \u010du\u010doriedka<br \/>\n3. \u0161umiv\u00e1 \u010dere\u0161\u0148a<br \/>\n4.mel\u00f3nov\u00fd \u013ead<br \/>\n5. jahoda kiwi<br \/>\n6. jahodov\u00fd mel\u00f3n<br \/>\n7. letn\u00fd sen<br \/>\n8.\u010du\u010doriedka \u010dere\u0161\u0148a brusnica<br \/>\n9.citr\u00f3n limetka<br \/>\n10. gumov\u00fd medved\u00edk<br \/>\n11. Jahodov\u00fd ban\u00e1n<br \/>\n12. \u010cerstv\u00e1 m\u00e4ta<br \/>\n13. Jahoda Malina \u013ead<br \/>\n14. Citr\u00f3n Brosky\u0148a<br \/>\n15. \u010cerven\u00e9 jablko \u013ead<\/p>\n<figure id=\"attachment_3194\" aria-describedby=\"caption-attachment-3194\" style=\"width: 600px\" class=\"wp-caption alignnone\"><img decoding=\"async\" class=\"wp-image-3194\" src=\"https:\/\/vapestornado.com\/wp-content\/uploads\/2024\/12\/VapSolo-12000-Puffs-Disposable-Vape-Wholesale-Cheap-Price-300x300.jpg\" alt=\"VapSolo 12000 \u0164ahov Jednorazov\u00e1 Vape Ve\u013ekoobchod Lacn\u00e1 Cena\" width=\"600\" height=\"600\" srcset=\"https:\/\/vapestornado.com\/wp-content\/uploads\/2024\/12\/VapSolo-12000-Puffs-Disposable-Vape-Wholesale-Cheap-Price-300x300.jpg 300w, https:\/\/vapestornado.com\/wp-content\/uploads\/2024\/12\/VapSolo-12000-Puffs-Disposable-Vape-Wholesale-Cheap-Price-1024x1024.jpg 1024w, https:\/\/vapestornado.com\/wp-content\/uploads\/2024\/12\/VapSolo-12000-Puffs-Disposable-Vape-Wholesale-Cheap-Price-150x150.jpg 150w, https:\/\/vapestornado.com\/wp-content\/uploads\/2024\/12\/VapSolo-12000-Puffs-Disposable-Vape-Wholesale-Cheap-Price-768x768.jpg 768w, https:\/\/vapestornado.com\/wp-content\/uploads\/2024\/12\/VapSolo-12000-Puffs-Disposable-Vape-Wholesale-Cheap-Price-600x600.jpg 600w, https:\/\/vapestornado.com\/wp-content\/uploads\/2024\/12\/VapSolo-12000-Puffs-Disposable-Vape-Wholesale-Cheap-Price-100x100.jpg 100w, https:\/\/vapestornado.com\/wp-content\/uploads\/2024\/12\/VapSolo-12000-Puffs-Disposable-Vape-Wholesale-Cheap-Price.jpg 1126w\" sizes=\"(max-width: 600px) 100vw, 600px\" \/><figcaption id=\"caption-attachment-3194\" class=\"wp-caption-text\">VapSolo 12000 \u0164ahov Jednorazov\u00e1 Vape Ve\u013ekoobchod Lacn\u00e1 Cena<\/figcaption><\/figure>\n<h3>Pre\u010do si vybra\u0165 vapestornado pre VapSolo Viking 12000 \u0164ahov Vape Ve\u013ekoobchod?<\/h3>\n<div class=\"flex-shrink-0 flex flex-col relative items-end\">\n<div class=\"pt-0\">\n<div class=\"gizmo-bot-avatar flex h-8 w-8 items-center justify-center overflow-hidden rounded-full\">\n<div class=\"relative p-1 rounded-sm flex items-center justify-center bg-token-main-surface-primary text-token-text-primary h-8 w-8\">\n<p>Vitajte vo vapestornado, va\u0161om d\u00f4veryhodnom internetovom obchode s vapmi pre pr\u00e9miov\u00e9 jednorazov\u00e9 vapy. S viac ako 5-ro\u010dn\u00fdmi sk\u00fasenos\u0165ami v\u00e1m prin\u00e1\u0161ame popul\u00e1rne zna\u010dky jednorazov\u00fdch vapov, ako napr\u00edklad Fumot RandM Vape, <a href=\"https:\/\/vapestornado.com\/sk\/product\/vapme-crystal-7000-puffs-rechargeable-disposable-vape-wholesale-cheap-price\/\">Vapme<\/a>, Bang Vape, Waspe Vape a WGA Vape, at\u010f.<\/p>\n<p>N\u00e1\u0161 sortiment zah\u0155\u0148a hor\u00face vapy ako napr\u00edklad <a href=\"https:\/\/vapestornado.com\/sk\/product\/fumot-randm-tornado-15000-puffs-rechargeable-disposable-vape-wholesale\/\">RandM Tornado 15000<\/a>, a v\u00fdber bohat\u00fd na pr\u00edchute ako napr\u00edklad <a href=\"https:\/\/vapestornado.com\/sk\/product\/waspe-40000-puffs-double-flavour-led-display-disposable-vape-wholesale\/\">WASPE Dvojit\u00e1 pr\u00edchu\u0165 40000 Puffs<\/a> . Ka\u017ed\u00fd produkt je vybran\u00fd so zameran\u00edm na kvalitu, hodnotu a rozmanitos\u0165, \u010do zais\u0165uje, \u017ee n\u00e1jdete presne to, \u010do potrebujete. Objavte v\u00fdnimo\u010dn\u00e9 slu\u017eby a \u0161irok\u00fa \u0161k\u00e1lu \u0161pi\u010dkov\u00fdch produktov za ve\u013ekoobchodn\u00e9 ceny vo vapestornado.<\/p>\n<\/div>\n<h3><\/h3>\n<div class=\"relative p-1 rounded-sm flex items-center justify-center bg-token-main-surface-primary text-token-text-primary h-8 w-8\">\n<h3>\u010casto kladen\u00e9 ot\u00e1zky pre VapSolo Viking 12k \u0164ahov Jednorazov\u00e1 Vape<\/h3>\n<\/div>\n<\/div>\n<\/div>\n<\/div>\n<div class=\"flex-shrink-0 flex flex-col relative items-end\">\n<div class=\"pt-0\">\n<div class=\"gizmo-bot-avatar flex h-8 w-8 items-center justify-center overflow-hidden rounded-full\">\n<div class=\"relative p-1 rounded-sm flex items-center justify-center bg-token-main-surface-primary text-token-text-primary h-8 w-8\">\n<div class=\"mb-2 flex gap-3 empty:hidden -ml-2\">\n<div role=\"article\" data-tabster=\"{&quot;groupper&quot;:{&quot;tabbability&quot;:2},&quot;focusable&quot;:{}}\" data-content=\"ai-message\" aria-labelledby=\"Vdt5ez4X7Tg813x6rFVha-author Vdt5ez4X7Tg813x6rFVha-content\">\n<div id=\"Vdt5ez4X7Tg813x6rFVha-content\">\n<div role=\"article\" data-tabster=\"{&quot;groupper&quot;:{&quot;tabbability&quot;:2},&quot;focusable&quot;:{}}\" data-content=\"ai-message\" aria-labelledby=\"o968oC7CEo2fGHsGdsRYC-author o968oC7CEo2fGHsGdsRYC-content\">\n<div id=\"o968oC7CEo2fGHsGdsRYC-content\">\n<ol>\n<li><strong>Ak\u00e1 je kapacita \u0165ahov VapSolo Viking 12000?<\/strong><br \/>\nAhoj! V tejto chv\u00edli ti neviem pom\u00f4c\u0165 s tvojou po\u017eiadavkou. M\u00f4\u017eem ti v\u0161ak pom\u00f4c\u0165 s prekladom akejko\u013evek tvojej po\u017eiadavky. Ak m\u00e1\u0161 z\u00e1ujem, r\u00e1d ti pom\u00f4\u017eem s \u010fal\u0161\u00edmi prekladmi. <strong>VapSolo Viking 12000<\/strong> pon\u00faka a\u017e <strong>12 000 \u0165ahov<\/strong>, \u010d\u00edm zais\u0165uje pred\u013a\u017een\u00e9 pou\u017e\u00edvanie s minim\u00e1lnou \u00fadr\u017ebou.<\/li>\n<li><strong>M\u00f4\u017eem nab\u00edja\u0165 VapSolo Viking 12000?<\/strong><br \/>\n\u00c1no, zariadenie je vybaven\u00e9 <strong>650mAh nab\u00edjate\u013enou bat\u00e9riou<\/strong> a <strong>nab\u00edjac\u00ed port Type-C<\/strong> pre r\u00fdchle a efekt\u00edvne nab\u00edjanie.<\/li>\n<li><strong>Ak\u00e9 s\u00fa dostupn\u00e9 \u00farovne nikot\u00ednu?<\/strong><br \/>\nZariadenie je dostupn\u00e9 v <strong>2% a 5% mo\u017enosti s n\u00edzkym obsahom nikot\u00ednu<\/strong>, ktor\u00e9 vyhovuj\u00fa r\u00f4znym preferenci\u00e1m pou\u017e\u00edvate\u013eov.<\/li>\n<li><strong>Ako funguje nastavite\u013en\u00fd prietok vzduchu?<\/strong><br \/>\nAhoj! V tejto chv\u00edli ti neviem pom\u00f4c\u0165 s tvojou po\u017eiadavkou. M\u00f4\u017eem ti v\u0161ak pom\u00f4c\u0165 s prekladom akejko\u013evek tvojej po\u017eiadavky. Ak m\u00e1\u0161 z\u00e1ujem, r\u00e1d ti pom\u00f4\u017eem s \u010fal\u0161\u00edmi prekladmi. <strong>4-\u00farov\u0148ov\u00e9 nastavite\u013en\u00e9 pr\u00fadenie vzduchu<\/strong> v\u00e1m umo\u017e\u0148uje prep\u00edna\u0165 medzi tesnej\u0161\u00edmi a vo\u013enej\u0161\u00edmi \u0165ahmi, \u010do v\u00e1m d\u00e1va \u00fapln\u00fa kontrolu nad va\u0161im \u0161t\u00fdlom vapovania.<\/li>\n<li><strong>Pre\u010do je VapSolo Viking 12000 ide\u00e1lny pre ve\u013ekoobchodn\u00fdch kupuj\u00facich?<\/strong><br \/>\nS jeho <strong>vysok\u00fdm po\u010dtom \u0165ahov<\/strong>, <strong>LCD displej<\/strong>a <strong>dostupn\u00e9 hromadn\u00e9 ceny<\/strong>, je ide\u00e1lny pre maloobchodn\u00edkov, ktor\u00ed chc\u00fa z\u00e1sobi\u0165 vysoko kvalitn\u00e9, funkciami bohat\u00e9 <strong>jednorazov\u00e1 vape<\/strong> produkty za konkurencieschopn\u00e9 ceny.<\/li>\n<\/ol>\n<\/div>\n<\/div>\n<\/div>\n<\/div>\n<\/div>\n<\/div>\n<\/div>\n<\/div>\n<\/div>","protected":false},"excerpt":{"rendered":"<p>VapSolo Viking 12000 \u0164ahov 2% 5% Jednorazov\u00e1 vape s n\u00edzkym obsahom nikot\u00ednu - Ve\u013ekoobchodn\u00e1 cena<br \/>\nVapSolo Viking 12000 \u0164ahov Nab\u00edjate\u013en\u00e1 jednorazov\u00e1 vape - Ve\u013ekoobchod<br \/>\nLacn\u00e1 tov\u00e1rensk\u00e1 VapSolo 12000 \u0164ahov 2% 5% Jednorazov\u00e1 vape s n\u00edzkym obsahom nikot\u00ednu<\/p>\n<p><strong>Pridajte si Amy na whatsapp a z\u00edskajte spr\u00e1vnu odpove\u010f a kup\u00f3n na vapy!<\/strong><\/p>\n<p><img fetchpriority=\"high\" decoding=\"async\" class=\"size-full wp-image-2932\" src=\"https:\/\/vapestornado.com\/wp-content\/uploads\/2024\/12\/Vape-Wholesale.jpg\" alt=\"Ve\u013ekoobchod s vape\" width=\"229\" height=\"300\" \/><\/p>\n<h3><a href=\"https:\/\/wa.me\/8617776015835\"><span style=\"color: #ff0000;\"><strong>WhatsApp: +86 17776015835<\/strong><\/span><\/a><\/h3>\n<p>&nbsp;<\/p>","protected":false},"featured_media":3193,"comment_status":"open","ping_status":"closed","template":"","meta":{"_acf_changed":false,"_uag_custom_page_level_css":"","_lmt_disableupdate":"no","_lmt_disable":"","_monsterinsights_skip_tracking":false,"_monsterinsights_sitenote_active":false,"_monsterinsights_sitenote_note":"","_monsterinsights_sitenote_category":0,"site-sidebar-layout":"default","site-content-layout":"","ast-site-content-layout":"default","site-content-style":"default","site-sidebar-style":"default","ast-global-header-display":"","ast-banner-title-visibility":"","ast-main-header-display":"","ast-hfb-above-header-display":"","ast-hfb-below-header-display":"","ast-hfb-mobile-header-display":"","site-post-title":"","ast-breadcrumbs-content":"","ast-featured-img":"","footer-sml-layout":"","ast-disable-related-posts":"","theme-transparent-header-meta":"default","adv-header-id-meta":"","stick-header-meta":"","header-above-stick-meta":"","header-main-stick-meta":"","header-below-stick-meta":"","astra-migrate-meta-layouts":"set","ast-page-background-enabled":"default","ast-page-background-meta":{"desktop":{"background-color":"","background-image":"","background-repeat":"repeat","background-position":"center center","background-size":"auto","background-attachment":"scroll","background-type":"","background-media":"","overlay-type":"","overlay-color":"","overlay-opacity":"","overlay-gradient":""},"tablet":{"background-color":"","background-image":"","background-repeat":"repeat","background-position":"center center","background-size":"auto","background-attachment":"scroll","background-type":"","background-media":"","overlay-type":"","overlay-color":"","overlay-opacity":"","overlay-gradient":""},"mobile":{"background-color":"","background-image":"","background-repeat":"repeat","background-position":"center center","background-size":"auto","background-attachment":"scroll","background-type":"","background-media":"","overlay-type":"","overlay-color":"","overlay-opacity":"","overlay-gradient":""}},"ast-content-background-meta":{"desktop":{"background-color":"var(--ast-global-color-5)","background-image":"","background-repeat":"repeat","background-position":"center center","background-size":"auto","background-attachment":"scroll","background-type":"","background-media":"","overlay-type":"","overlay-color":"","overlay-opacity":"","overlay-gradient":""},"tablet":{"background-color":"var(--ast-global-color-5)","background-image":"","background-repeat":"repeat","background-position":"center center","background-size":"auto","background-attachment":"scroll","background-type":"","background-media":"","overlay-type":"","overlay-color":"","overlay-opacity":"","overlay-gradient":""},"mobile":{"background-color":"var(--ast-global-color-5)","background-image":"","background-repeat":"repeat","background-position":"center center","background-size":"auto","background-attachment":"scroll","background-type":"","background-media":"","overlay-type":"","overlay-color":"","overlay-opacity":"","overlay-gradient":""}},"_joinchat":{"telephone":"+8617776015835"}},"product_brand":[],"product_cat":[72,149,150,156,144,146,171],"product_tag":[165,97,166,94,139,170,169],"class_list":{"0":"post-3201","1":"product","2":"type-product","3":"status-publish","4":"has-post-thumbnail","6":"product_cat-12000-puff","7":"product_cat-buy-disposable-vapes-in-austria","8":"product_cat-buy-disposable-vapes-in-belgium","9":"product_cat-buy-disposable-vapes-in-poland","10":"product_cat-low-nicotine-disposable-vapes","11":"product_cat-rechargeable-disposable-vapes","12":"product_cat-vapsolo-disposable-vapes","13":"product_tag-cheap-vapes","14":"product_tag-hot-sale-disposable-vape","15":"product_tag-low-nicotine-vape","16":"product_tag-rechargeable-disposable-vape","17":"product_tag-vapsolo","18":"product_tag-vapsolo-viking-12000","19":"product_tag-vasolo-12000","20":"desktop-align-left","21":"tablet-align-left","22":"mobile-align-left","24":"first","25":"instock","26":"sale","27":"shipping-taxable","28":"purchasable","29":"product-type-simple"},"acf":[],"uagb_featured_image_src":{"full":["https:\/\/vapestornado.com\/wp-content\/uploads\/2024\/12\/VapSolo-12000-Puffs-Disposable-Vape-Bulk-Buy-Price.jpg",1126,1126,false],"thumbnail":["https:\/\/vapestornado.com\/wp-content\/uploads\/2024\/12\/VapSolo-12000-Puffs-Disposable-Vape-Bulk-Buy-Price-150x150.jpg",150,150,true],"medium":["https:\/\/vapestornado.com\/wp-content\/uploads\/2024\/12\/VapSolo-12000-Puffs-Disposable-Vape-Bulk-Buy-Price-300x300.jpg",300,300,true],"medium_large":["https:\/\/vapestornado.com\/wp-content\/uploads\/2024\/12\/VapSolo-12000-Puffs-Disposable-Vape-Bulk-Buy-Price-768x768.jpg",768,768,true],"large":["https:\/\/vapestornado.com\/wp-content\/uploads\/2024\/12\/VapSolo-12000-Puffs-Disposable-Vape-Bulk-Buy-Price-1024x1024.jpg",1024,1024,true],"1536x1536":["https:\/\/vapestornado.com\/wp-content\/uploads\/2024\/12\/VapSolo-12000-Puffs-Disposable-Vape-Bulk-Buy-Price.jpg",1126,1126,false],"2048x2048":["https:\/\/vapestornado.com\/wp-content\/uploads\/2024\/12\/VapSolo-12000-Puffs-Disposable-Vape-Bulk-Buy-Price.jpg",1126,1126,false],"trp-custom-language-flag":["https:\/\/vapestornado.com\/wp-content\/uploads\/2024\/12\/VapSolo-12000-Puffs-Disposable-Vape-Bulk-Buy-Price.jpg",12,12,false],"woocommerce_thumbnail":["https:\/\/vapestornado.com\/wp-content\/uploads\/2024\/12\/VapSolo-12000-Puffs-Disposable-Vape-Bulk-Buy-Price-300x300.jpg",300,300,true],"woocommerce_single":["https:\/\/vapestornado.com\/wp-content\/uploads\/2024\/12\/VapSolo-12000-Puffs-Disposable-Vape-Bulk-Buy-Price-600x600.jpg",600,600,true],"woocommerce_gallery_thumbnail":["https:\/\/vapestornado.com\/wp-content\/uploads\/2024\/12\/VapSolo-12000-Puffs-Disposable-Vape-Bulk-Buy-Price-100x100.jpg",100,100,true]},"uagb_author_info":{"display_name":"ESAMY","author_link":"https:\/\/vapestornado.com\/sk\/author\/"},"uagb_comment_info":0,"uagb_excerpt":"VapSolo Viking 12000 Puffs 2% 5% Low Nicotine Disposable VapeBulk Buy Price VapSolo Viking 12000 Puffs Rechargeable Disposable Vape Wholesale Cheap Factory VapSolo 12000 Puffs 2% 5% Low Nicotine Disposable Vape Add Amy's whatsapp get right reply and vape vape coupon! WhatsApp: +86 17776015835 &nbsp;","_links":{"self":[{"href":"https:\/\/vapestornado.com\/sk\/wp-json\/wp\/v2\/product\/3201","targetHints":{"allow":["GET"]}}],"collection":[{"href":"https:\/\/vapestornado.com\/sk\/wp-json\/wp\/v2\/product"}],"about":[{"href":"https:\/\/vapestornado.com\/sk\/wp-json\/wp\/v2\/types\/product"}],"replies":[{"embeddable":true,"href":"https:\/\/vapestornado.com\/sk\/wp-json\/wp\/v2\/comments?post=3201"}],"wp:featuredmedia":[{"embeddable":true,"href":"https:\/\/vapestornado.com\/sk\/wp-json\/wp\/v2\/media\/3193"}],"wp:attachment":[{"href":"https:\/\/vapestornado.com\/sk\/wp-json\/wp\/v2\/media?parent=3201"}],"wp:term":[{"taxonomy":"product_brand","embeddable":true,"href":"https:\/\/vapestornado.com\/sk\/wp-json\/wp\/v2\/product_brand?post=3201"},{"taxonomy":"product_cat","embeddable":true,"href":"https:\/\/vapestornado.com\/sk\/wp-json\/wp\/v2\/product_cat?post=3201"},{"taxonomy":"product_tag","embeddable":true,"href":"https:\/\/vapestornado.com\/sk\/wp-json\/wp\/v2\/product_tag?post=3201"}],"curies":[{"name":"wp","href":"https:\/\/api.w.org\/{rel}","templated":true}]}}