{"id":3179,"date":"2024-12-16T03:01:14","date_gmt":"2024-12-16T03:01:14","guid":{"rendered":"https:\/\/vapestornado.com\/?post_type=product&#038;p=3179"},"modified":"2025-08-23T09:54:56","modified_gmt":"2025-08-23T09:54:56","slug":"china-factory-vapsolo-super-15000-puffs-disposable-wholesale-price-disposable-vape-rechargeable-disposable-vapes-pen-bulk-buy-wholesale","status":"publish","type":"product","link":"https:\/\/vapestornado.com\/sk\/product\/china-factory-vapsolo-super-15000-puffs-disposable-wholesale-price-disposable-vape-rechargeable-disposable-vapes-pen-bulk-buy-wholesale\/","title":{"rendered":"\u010c\u00ednska tov\u00e1re\u0148 Vapsolo Super 15000 \u0165ahov Jednorazov\u00fd ve\u013ekoobchod Cena Nab\u00edjate\u013en\u00e9 jednorazov\u00e9 vaporiz\u00e9ry N\u00e1kup vo ve\u013ekom Ve\u013ekoobchod"},"content":{"rendered":"<h1 class=\"product-title\">\u010c\u00ednska tov\u00e1re\u0148 Vapsolo Super 15000 \u0165ahov Jednorazov\u00fd ve\u013ekoobchod Cena Nab\u00edjate\u013en\u00e9 jednorazov\u00e9 vaporiz\u00e9ry N\u00e1kup vo ve\u013ekom Ve\u013ekoobchod<\/h1>\n<p data-start=\"396\" data-end=\"669\">Ahoj! V tejto chv\u00edli ti neviem pom\u00f4c\u0165 s tvojou po\u017eiadavkou. M\u00f4\u017eem ti v\u0161ak pom\u00f4c\u0165 s prekladom akejko\u013evek tvojej po\u017eiadavky. Ak m\u00e1\u0161 z\u00e1ujem, r\u00e1d ti pom\u00f4\u017eem s \u010fal\u0161\u00edmi prekladmi. <strong data-start=\"400\" data-end=\"445\">Vapsolo Super 15000 Puffs Jednorazov\u00e1 Vape<\/strong> kombinuje kapacitu, v\u00fdkon a prisp\u00f4sobenie v kompaktnom zariaden\u00ed. S a\u017e <strong data-start=\"528\" data-end=\"544\">15 000 potiahnut\u00ed<\/strong> a <strong data-start=\"551\" data-end=\"584\">25 ml predplnenej n\u00e1dr\u017eky na e-liquid<\/strong>, poskytuje dlhotrvaj\u00facu spokojnos\u0165 pre osobn\u00e9 pou\u017eitie aj pre ve\u013ekoobchodn\u00fdch kupuj\u00facich.<\/p>\n<p data-start=\"671\" data-end=\"981\">Poh\u00e1\u0148an\u00fd <strong data-start=\"684\" data-end=\"715\">650mAh nab\u00edjate\u013enou bat\u00e9riou<\/strong> s <strong data-start=\"721\" data-end=\"745\">r\u00fdchleho nab\u00edjania typu C<\/strong>, Super 15K zais\u0165uje konzistentn\u00fd v\u00fdkon a minim\u00e1lne prestoje. Jeho <strong data-start=\"813\" data-end=\"843\">4-\u00farov\u0148ov\u00e9 nastavite\u013en\u00e9 pr\u00fadenie vzduchu<\/strong> umo\u017e\u0148uje pou\u017e\u00edvate\u013eom vybra\u0165 si medzi u\u017e\u0161\u00edmi MTL \u0165ahmi alebo hlad\u0161\u00edmi, otvoren\u00fdmi z\u00e1sahmi, zatia\u013e \u010do <strong data-start=\"922\" data-end=\"935\">sie\u0165ov\u00e1 cievka<\/strong> zvy\u0161uje podanie chuti a hustotu pary.<\/p>\n<p data-start=\"983\" data-end=\"1292\">Dostupn\u00e9 v <strong data-start=\"996\" data-end=\"1020\">mo\u017enostiach s n\u00edzkym obsahom nikot\u00ednu<\/strong>, <strong data-start=\"1026\" data-end=\"1049\">Vapsolo Super 15000<\/strong> je navrhnut\u00fd tak, aby vyhovoval r\u00f4znym preferenci\u00e1m. Kombin\u00e1cia pokro\u010dil\u00fdch funkci\u00ed, odolnej kvality vyhotovenia a konkurencieschopn\u00fdch <strong data-start=\"1159\" data-end=\"1180\">ve\u013ekoobchodn\u00fdmi cenami<\/strong>, je silnou vo\u013ebou pre maloobchodn\u00edkov, distrib\u00fatorov a hromadn\u00fdch kupuj\u00facich, ktor\u00ed h\u013eadaj\u00fa jednorazov\u00e9 vapy s vysok\u00fdm dopytom.<\/p>\n<p><strong>Pridajte si Amy na Whatsapp, z\u00edskajte okam\u017eit\u00fa odpove\u010f a kup\u00f3n na vape!<\/strong><\/p>\n<p><img fetchpriority=\"high\" decoding=\"async\" class=\"size-full wp-image-2932\" src=\"https:\/\/vapestornado.com\/wp-content\/uploads\/2024\/12\/Vape-Wholesale.jpg\" alt=\"Ve\u013ekoobchod s vape\" width=\"229\" height=\"300\" \/><\/p>\n<h3><a href=\"https:\/\/wa.me\/8617776015835\" target=\"_blank\" rel=\"noopener\"><span style=\"color: #ff0000;\"><strong>WhatsApp: +86 17776015835<\/strong><\/span><\/a><\/h3>\n<p>&nbsp;<\/p>\n<h2><strong>Vapsolo Super 15000 Vlastnosti produktu<\/strong><\/h2>\n<div role=\"article\" data-tabster=\"{&quot;groupper&quot;:{&quot;tabbability&quot;:2},&quot;focusable&quot;:{}}\" data-content=\"ai-message\" aria-labelledby=\"juhNTJ6o7Gk1cgwZMJgv2-author juhNTJ6o7Gk1cgwZMJgv2-content\">\n<div id=\"juhNTJ6o7Gk1cgwZMJgv2-content\">\n<div role=\"article\" data-tabster=\"{&quot;groupper&quot;:{&quot;tabbability&quot;:2},&quot;focusable&quot;:{}}\" data-content=\"ai-message\" aria-labelledby=\"x4EZuCZWrTbh3weWUt7CU-author x4EZuCZWrTbh3weWUt7CU-content\">\n<div id=\"x4EZuCZWrTbh3weWUt7CU-content\">\n<h3><\/h3>\n<ol>\n<li><strong>Kapacita 15 000 potiahnut\u00ed:<\/strong> Dlhotrvaj\u00face pou\u017e\u00edvanie pre nepreru\u0161ovan\u00e9 uspokojenie.<\/li>\n<li><strong>25 ml Z\u00e1sobn\u00edk na E-Liquid:<\/strong> Ve\u013ek\u00e1 kapacita pre menej dop\u013a\u0148an\u00ed a maxim\u00e1lne pohodlie.<\/li>\n<li><strong>650mAh Nab\u00edjate\u013en\u00e1 bat\u00e9ria:<\/strong> Spo\u013eahliv\u00fd v\u00fdkon s r\u00fdchlym nab\u00edjan\u00edm typu C.<\/li>\n<li><strong>4-\u00farov\u0148ov\u00fd Nastavite\u013en\u00fd prietok vzduchu:<\/strong> Prisp\u00f4sobite\u013en\u00e9 \u0165ahanie pre prisp\u00f4soben\u00fd z\u00e1\u017eitok z vapovania.<\/li>\n<li><strong>Technol\u00f3gia Mesh Coil:<\/strong> Zvy\u0161uje chu\u0165 a poskytuje hladk\u00fa a konzistentn\u00fa paru.<\/li>\n<li><strong>Kompaktn\u00fd a prenosn\u00fd dizajn:<\/strong> \u013dahko sa pren\u00e1\u0161a a pou\u017e\u00edva kdeko\u013evek.<\/li>\n<li><strong>Mo\u017enosti Vape s n\u00edzkym obsahom nikot\u00ednu:<\/strong> Ide\u00e1lne pre t\u00fdch, ktor\u00ed h\u013eadaj\u00fa zn\u00ed\u017een\u00e9 hladiny nikot\u00ednu.<\/li>\n<li><strong>Dostupn\u00e9 ve\u013ekoobchodn\u00e9 ceny:<\/strong> Ide\u00e1lne pre hromadn\u00e9 n\u00e1kupy a \u010fal\u0161\u00ed predaj.<\/li>\n<li><strong>Odoln\u00e1 kon\u0161trukcia:<\/strong> Navrhnut\u00e9 pre dlhodob\u00e9 pou\u017e\u00edvanie bez kompromisov v kvalite.<\/li>\n<li><strong>\u0160pi\u010dkov\u00e1 zna\u010dka jednorazov\u00fdch vape:<\/strong> D\u00f4veryhodn\u00e1 vo\u013eba pre vysokokvalitn\u00e9 jednorazov\u00e9 vape.<\/li>\n<\/ol>\n<\/div>\n<\/div>\n<\/div>\n<\/div>\n<h2 class=\"product-title\"><strong>Zoznam pr\u00edchut\u00ed Vapsolo Super 15000 \u0165ahov<\/strong><\/h2>\n<p>1.modr\u00e1 raz z<br \/>\n2.\u010du\u010doriedkov\u00fd \u013ead<br \/>\n3.dvojit\u00e9 jablko<br \/>\n4.mel\u00f3nov\u00fd \u013ead<br \/>\n5. jahoda kiwi<br \/>\n6.zmie\u0161an\u00e9 bobule<br \/>\n7.\u010derven\u00fd b\u00fdk<br \/>\n8.\u010du\u010doriedka \u010dere\u0161\u0148a brusnica<br \/>\n9.citr\u00f3n limetka<br \/>\n10.skittles<br \/>\n11.Letn\u00fd sen<br \/>\n12.Jahoda ban\u00e1n<br \/>\n13.Malinov\u00fd mel\u00f3n<br \/>\n14.\u010cu\u010doriedkov\u00e1 \u010dere\u0161\u0148ov\u00e1 kola<br \/>\n15.\u010cierny \u013ead Drakov\u00e9 ovocie Jahoda<\/p>\n<h3>Pre\u010do si vybra\u0165 vapestornado pre ve\u013ekoobchod s Vapsolo Super 15000 Puffs Vape?<\/h3>\n<div class=\"flex-shrink-0 flex flex-col relative items-end\">\n<div class=\"pt-0\">\n<div class=\"gizmo-bot-avatar flex h-8 w-8 items-center justify-center overflow-hidden rounded-full\">\n<div class=\"relative p-1 rounded-sm flex items-center justify-center bg-token-main-surface-primary text-token-text-primary h-8 w-8\">\n<p>Vitajte vo vapestornado, va\u0161om d\u00f4veryhodnom internetovom obchode s vapmi pre pr\u00e9miov\u00e9 jednorazov\u00e9 vapy. S viac ako 5-ro\u010dn\u00fdmi sk\u00fasenos\u0165ami v\u00e1m prin\u00e1\u0161ame popul\u00e1rne zna\u010dky jednorazov\u00fdch vapov, ako napr\u00edklad Fumot RandM Vape, <a href=\"https:\/\/vapestornado.com\/sk\/product\/vapme-crystal-7000-puffs-rechargeable-disposable-vape-wholesale-cheap-price\/\">Vapme<\/a>, Bang Vape, Waspe Vape a WGA Vape, at\u010f.<\/p>\n<p>N\u00e1\u0161 sortiment zah\u0155\u0148a hor\u00face vapy ako napr\u00edklad <a href=\"https:\/\/vapestornado.com\/sk\/product\/fumot-randm-tornado-15000-puffs-rechargeable-disposable-vape-wholesale\/\">RandM Tornado 15000<\/a>, a v\u00fdber bohat\u00fd na pr\u00edchute ako napr\u00edklad <a href=\"https:\/\/vapestornado.com\/sk\/product\/waspe-40000-puffs-double-flavour-led-display-disposable-vape-wholesale\/\">WASPE Dvojit\u00e1 pr\u00edchu\u0165 40000 Puffs<\/a> . Ka\u017ed\u00fd produkt je vybran\u00fd so zameran\u00edm na kvalitu, hodnotu a rozmanitos\u0165, \u010do zais\u0165uje, \u017ee n\u00e1jdete presne to, \u010do potrebujete. Objavte v\u00fdnimo\u010dn\u00e9 slu\u017eby a \u0161irok\u00fa \u0161k\u00e1lu \u0161pi\u010dkov\u00fdch produktov za ve\u013ekoobchodn\u00e9 ceny vo vapestornado.<\/p>\n<\/div>\n<h3><\/h3>\n<div class=\"relative p-1 rounded-sm flex items-center justify-center bg-token-main-surface-primary text-token-text-primary h-8 w-8\">\n<h3>\u010cast\u00e9 ot\u00e1zky pre jednorazov\u00fa vapku Vapsolo Super 15000 Puff<\/h3>\n<\/div>\n<\/div>\n<\/div>\n<\/div>\n<div class=\"flex-shrink-0 flex flex-col relative items-end\">\n<div class=\"pt-0\">\n<div class=\"gizmo-bot-avatar flex h-8 w-8 items-center justify-center overflow-hidden rounded-full\">\n<div class=\"relative p-1 rounded-sm flex items-center justify-center bg-token-main-surface-primary text-token-text-primary h-8 w-8\">\n<div class=\"mb-2 flex gap-3 empty:hidden -ml-2\">\n<div role=\"article\" data-tabster=\"{&quot;groupper&quot;:{&quot;tabbability&quot;:2},&quot;focusable&quot;:{}}\" data-content=\"ai-message\" aria-labelledby=\"Vdt5ez4X7Tg813x6rFVha-author Vdt5ez4X7Tg813x6rFVha-content\">\n<div id=\"Vdt5ez4X7Tg813x6rFVha-content\">\n<div role=\"article\" data-tabster=\"{&quot;groupper&quot;:{&quot;tabbability&quot;:2},&quot;focusable&quot;:{}}\" data-content=\"ai-message\" aria-labelledby=\"o968oC7CEo2fGHsGdsRYC-author o968oC7CEo2fGHsGdsRYC-content\">\n<div id=\"o968oC7CEo2fGHsGdsRYC-content\">\n<h3><\/h3>\n<ol>\n<li><strong>Ko\u013eko potiahnut\u00ed poskytuje Vapsolo Super 15k?<\/strong><br \/>\nAhoj! V tejto chv\u00edli ti neviem pom\u00f4c\u0165 s tvojou po\u017eiadavkou. M\u00f4\u017eem ti v\u0161ak pom\u00f4c\u0165 s prekladom akejko\u013evek tvojej po\u017eiadavky. Ak m\u00e1\u0161 z\u00e1ujem, r\u00e1d ti pom\u00f4\u017eem s \u010fal\u0161\u00edmi prekladmi. <strong>Vapsolo 15000<\/strong> poskytuje a\u017e <strong>15 000 potiahnut\u00ed<\/strong>, v\u010faka \u010domu je vysoko odoln\u00fd a m\u00e1 dlh\u00fa \u017eivotnos\u0165.<\/li>\n<li><strong>M\u00f4\u017eem si prisp\u00f4sobi\u0165 pr\u00fadenie vzduchu?<\/strong><br \/>\n\u00c1no, obsahuje <strong>4-\u00farov\u0148ov\u00e9 nastavite\u013en\u00e9 pr\u00fadenie vzduchu<\/strong>, \u010do v\u00e1m umo\u017e\u0148uje prisp\u00f4sobi\u0165 si \u0165ah pod\u013ea va\u0161ich preferenci\u00ed.<\/li>\n<li><strong>Je Vapsolo Super 15000 nab\u00edjate\u013en\u00fd?<\/strong><br \/>\nAbsol\u00fatne! Dod\u00e1va sa s <strong>650mAh nab\u00edjate\u013enou bat\u00e9riou<\/strong> a <strong>nab\u00edjac\u00ed port Type-C<\/strong> pre r\u00fdchle dobitie.<\/li>\n<li><strong>\u010co rob\u00ed Vapsolo Super 15000 vhodn\u00fdm pre ve\u013ekoobchod?<\/strong><br \/>\nJeho <strong>n\u00edzka cena<\/strong>, vysok\u00fd po\u010det potiahnut\u00ed a pr\u00e9miov\u00e9 funkcie ho robia ide\u00e1lnym pre <strong>ve\u013ekoobchodn\u00e9 jednorazov\u00e9 vapy<\/strong> a hromadn\u00fdch kupuj\u00facich.<\/li>\n<li><strong>Je Vapsolo Super 15000 dobrou vo\u013ebou pre pou\u017e\u00edvate\u013eov s n\u00edzkym obsahom nikot\u00ednu?<\/strong><br \/>\n\u00c1no, toto <strong>jednorazov\u00fd vap s n\u00edzkym obsahom nikot\u00ednu<\/strong> je ide\u00e1lne pre pou\u017e\u00edvate\u013eov, ktor\u00ed h\u013eadaj\u00fa zn\u00ed\u017een\u00e9 hladiny nikot\u00ednu a z\u00e1rove\u0148 si u\u017e\u00edvaj\u00fa pr\u00e9miov\u00fd z\u00e1\u017eitok z vapovania.<\/li>\n<\/ol>\n<\/div>\n<\/div>\n<\/div>\n<\/div>\n<\/div>\n<\/div>\n<\/div>\n<\/div>\n<\/div>","protected":false},"excerpt":{"rendered":"<p>Vapsolo Super 15000 \u0164ahov 2% 5% N\u00edzky Obsah Nikot\u00ednu Ve\u013ekoobchodn\u00e1 Cena<br \/>\nVapsolo Super 15000 \u0164ahov Nab\u00edjate\u013en\u00e1 Jednorazov\u00e1 Elektronick\u00e1 Cigareta<br \/>\n\u010c\u00ednska Tov\u00e1re\u0148 Vapsolo 15000 \u0164ahov 2% 5% Jednorazov\u00e1 Elektronick\u00e1 Cigareta s N\u00edzkym Obsahom Nikot\u00ednu<\/p>\n<p><strong>Pridajte si Amy na whatsapp a z\u00edskajte spr\u00e1vnu odpove\u010f a kup\u00f3n na vapy!<\/strong><\/p>\n<p><img fetchpriority=\"high\" decoding=\"async\" class=\"size-full wp-image-2932\" src=\"https:\/\/vapestornado.com\/wp-content\/uploads\/2024\/12\/Vape-Wholesale.jpg\" alt=\"Ve\u013ekoobchod s vape\" width=\"229\" height=\"300\" \/><\/p>\n<h3><a href=\"https:\/\/wa.me\/8617776015835\"><span style=\"color: #ff0000;\"><strong>WhatsApp: +86 17776015835<\/strong><\/span><\/a><\/h3>\n<p>&nbsp;<\/p>","protected":false},"featured_media":3189,"comment_status":"open","ping_status":"closed","template":"","meta":{"_acf_changed":false,"_uag_custom_page_level_css":"","_lmt_disableupdate":"no","_lmt_disable":"","_monsterinsights_skip_tracking":false,"_monsterinsights_sitenote_active":false,"_monsterinsights_sitenote_note":"","_monsterinsights_sitenote_category":0,"site-sidebar-layout":"default","site-content-layout":"","ast-site-content-layout":"default","site-content-style":"default","site-sidebar-style":"default","ast-global-header-display":"","ast-banner-title-visibility":"","ast-main-header-display":"","ast-hfb-above-header-display":"","ast-hfb-below-header-display":"","ast-hfb-mobile-header-display":"","site-post-title":"","ast-breadcrumbs-content":"","ast-featured-img":"","footer-sml-layout":"","ast-disable-related-posts":"","theme-transparent-header-meta":"default","adv-header-id-meta":"","stick-header-meta":"","header-above-stick-meta":"","header-main-stick-meta":"","header-below-stick-meta":"","astra-migrate-meta-layouts":"set","ast-page-background-enabled":"default","ast-page-background-meta":{"desktop":{"background-color":"","background-image":"","background-repeat":"repeat","background-position":"center center","background-size":"auto","background-attachment":"scroll","background-type":"","background-media":"","overlay-type":"","overlay-color":"","overlay-opacity":"","overlay-gradient":""},"tablet":{"background-color":"","background-image":"","background-repeat":"repeat","background-position":"center center","background-size":"auto","background-attachment":"scroll","background-type":"","background-media":"","overlay-type":"","overlay-color":"","overlay-opacity":"","overlay-gradient":""},"mobile":{"background-color":"","background-image":"","background-repeat":"repeat","background-position":"center center","background-size":"auto","background-attachment":"scroll","background-type":"","background-media":"","overlay-type":"","overlay-color":"","overlay-opacity":"","overlay-gradient":""}},"ast-content-background-meta":{"desktop":{"background-color":"var(--ast-global-color-5)","background-image":"","background-repeat":"repeat","background-position":"center center","background-size":"auto","background-attachment":"scroll","background-type":"","background-media":"","overlay-type":"","overlay-color":"","overlay-opacity":"","overlay-gradient":""},"tablet":{"background-color":"var(--ast-global-color-5)","background-image":"","background-repeat":"repeat","background-position":"center center","background-size":"auto","background-attachment":"scroll","background-type":"","background-media":"","overlay-type":"","overlay-color":"","overlay-opacity":"","overlay-gradient":""},"mobile":{"background-color":"var(--ast-global-color-5)","background-image":"","background-repeat":"repeat","background-position":"center center","background-size":"auto","background-attachment":"scroll","background-type":"","background-media":"","overlay-type":"","overlay-color":"","overlay-opacity":"","overlay-gradient":""}},"_joinchat":{"telephone":"+8617776015835"}},"product_brand":[],"product_cat":[71,140,157,159,143,146,171],"product_tag":[165,97,166,94,139,168,167],"class_list":{"0":"post-3179","1":"product","2":"type-product","3":"status-publish","4":"has-post-thumbnail","6":"product_cat-15000-puff","7":"product_cat-big-puffs-disposable-vapes","8":"product_cat-buy-disposable-vapes-in-portugal","9":"product_cat-buy-disposable-vapes-in-sweden","10":"product_cat-dual-mesh-disposable-vapes","11":"product_cat-rechargeable-disposable-vapes","12":"product_cat-vapsolo-disposable-vapes","13":"product_tag-cheap-vapes","14":"product_tag-hot-sale-disposable-vape","15":"product_tag-low-nicotine-vape","16":"product_tag-rechargeable-disposable-vape","17":"product_tag-vapsolo","18":"product_tag-vapsolo-15000","19":"product_tag-vapsolo-super-15000","20":"desktop-align-left","21":"tablet-align-left","22":"mobile-align-left","24":"first","25":"instock","26":"sale","27":"shipping-taxable","28":"purchasable","29":"product-type-simple"},"acf":[],"uagb_featured_image_src":{"full":["https:\/\/vapestornado.com\/wp-content\/uploads\/2024\/12\/Vapsolo-Super-15000-Puffs-Disposable-Vapes-Bulk-Buy.jpg",1713,1713,false],"thumbnail":["https:\/\/vapestornado.com\/wp-content\/uploads\/2024\/12\/Vapsolo-Super-15000-Puffs-Disposable-Vapes-Bulk-Buy-150x150.jpg",150,150,true],"medium":["https:\/\/vapestornado.com\/wp-content\/uploads\/2024\/12\/Vapsolo-Super-15000-Puffs-Disposable-Vapes-Bulk-Buy-300x300.jpg",300,300,true],"medium_large":["https:\/\/vapestornado.com\/wp-content\/uploads\/2024\/12\/Vapsolo-Super-15000-Puffs-Disposable-Vapes-Bulk-Buy-768x768.jpg",768,768,true],"large":["https:\/\/vapestornado.com\/wp-content\/uploads\/2024\/12\/Vapsolo-Super-15000-Puffs-Disposable-Vapes-Bulk-Buy-1024x1024.jpg",1024,1024,true],"1536x1536":["https:\/\/vapestornado.com\/wp-content\/uploads\/2024\/12\/Vapsolo-Super-15000-Puffs-Disposable-Vapes-Bulk-Buy-1536x1536.jpg",1536,1536,true],"2048x2048":["https:\/\/vapestornado.com\/wp-content\/uploads\/2024\/12\/Vapsolo-Super-15000-Puffs-Disposable-Vapes-Bulk-Buy.jpg",1713,1713,false],"trp-custom-language-flag":["https:\/\/vapestornado.com\/wp-content\/uploads\/2024\/12\/Vapsolo-Super-15000-Puffs-Disposable-Vapes-Bulk-Buy.jpg",12,12,false],"woocommerce_thumbnail":["https:\/\/vapestornado.com\/wp-content\/uploads\/2024\/12\/Vapsolo-Super-15000-Puffs-Disposable-Vapes-Bulk-Buy-300x300.jpg",300,300,true],"woocommerce_single":["https:\/\/vapestornado.com\/wp-content\/uploads\/2024\/12\/Vapsolo-Super-15000-Puffs-Disposable-Vapes-Bulk-Buy-600x600.jpg",600,600,true],"woocommerce_gallery_thumbnail":["https:\/\/vapestornado.com\/wp-content\/uploads\/2024\/12\/Vapsolo-Super-15000-Puffs-Disposable-Vapes-Bulk-Buy-100x100.jpg",100,100,true]},"uagb_author_info":{"display_name":"ESAMY","author_link":"https:\/\/vapestornado.com\/sk\/author\/"},"uagb_comment_info":0,"uagb_excerpt":"Vapsolo Super 15000 Puffs 2% 5% Low Nicotine Bulk Buy Price Vapsolo Super 15000 Puffs Rechargeable Disposable Vape China Factory Vapsolo 15000 Puffs 2% 5% Low Nicotine Disposable Vape Add Amy's whatsapp get right reply and vape vape coupon! WhatsApp: +86 17776015835 &nbsp;","_links":{"self":[{"href":"https:\/\/vapestornado.com\/sk\/wp-json\/wp\/v2\/product\/3179","targetHints":{"allow":["GET"]}}],"collection":[{"href":"https:\/\/vapestornado.com\/sk\/wp-json\/wp\/v2\/product"}],"about":[{"href":"https:\/\/vapestornado.com\/sk\/wp-json\/wp\/v2\/types\/product"}],"replies":[{"embeddable":true,"href":"https:\/\/vapestornado.com\/sk\/wp-json\/wp\/v2\/comments?post=3179"}],"wp:featuredmedia":[{"embeddable":true,"href":"https:\/\/vapestornado.com\/sk\/wp-json\/wp\/v2\/media\/3189"}],"wp:attachment":[{"href":"https:\/\/vapestornado.com\/sk\/wp-json\/wp\/v2\/media?parent=3179"}],"wp:term":[{"taxonomy":"product_brand","embeddable":true,"href":"https:\/\/vapestornado.com\/sk\/wp-json\/wp\/v2\/product_brand?post=3179"},{"taxonomy":"product_cat","embeddable":true,"href":"https:\/\/vapestornado.com\/sk\/wp-json\/wp\/v2\/product_cat?post=3179"},{"taxonomy":"product_tag","embeddable":true,"href":"https:\/\/vapestornado.com\/sk\/wp-json\/wp\/v2\/product_tag?post=3179"}],"curies":[{"name":"wp","href":"https:\/\/api.w.org\/{rel}","templated":true}]}}