{"id":3178,"date":"2024-12-16T02:59:47","date_gmt":"2024-12-16T02:59:47","guid":{"rendered":"https:\/\/vapestornado.com\/?post_type=product&#038;p=3178"},"modified":"2025-08-23T09:55:35","modified_gmt":"2025-08-23T09:55:35","slug":"waspe-15000-puffs-low-nicotine-tornado-vape-bulk-buy-cheap-price","status":"publish","type":"product","link":"https:\/\/vapestornado.com\/sk\/product\/waspe-15000-puffs-low-nicotine-tornado-vape-bulk-buy-cheap-price\/","title":{"rendered":"Waspe 15000 \u0164ahov N\u00edzky Obsah Nikot\u00ednu Tornado Vape Hromadn\u00fd N\u00e1kup Lacn\u00e1 Cena"},"content":{"rendered":"<h1 class=\"product-title\">Waspe 15000 \u0164ahov N\u00edzky Obsah Nikot\u00ednu Tornado Vape Hromadn\u00fd N\u00e1kup Lacn\u00e1 Cena<\/h1>\n<p data-start=\"297\" data-end=\"604\">he <strong data-start=\"301\" data-end=\"346\">Waspe 15000 Puffs Tornado Jednorazov\u00e1 Vape<\/strong> kombinuje roz\u0161\u00edren\u00fa kapacitu, pohodlie a pokro\u010dil\u00e9 funkcie, \u010do z neho rob\u00ed siln\u00fa vo\u013ebu pre individu\u00e1lnych pou\u017e\u00edvate\u013eov aj ve\u013ekoobchodn\u00fdch kupuj\u00facich. S a\u017e <strong data-start=\"496\" data-end=\"512\">15 000 potiahnut\u00ed<\/strong> a kompaktn\u00fdm dizajnom poskytuje dlhotrvaj\u00faci v\u00fdkon bez \u010dastej v\u00fdmeny.<\/p>\n<p data-start=\"606\" data-end=\"854\">Vybaven\u00e9 <strong data-start=\"622\" data-end=\"642\">\u010dist\u00fd LED displej<\/strong>, pou\u017e\u00edvatelia m\u00f4\u017eu sledova\u0165 po\u010det potiahnut\u00ed a \u017eivotnos\u0165 bat\u00e9rie v re\u00e1lnom \u010dase. The <strong data-start=\"708\" data-end=\"726\">0,8\u03a9 mesh \u0161pir\u00e1lka<\/strong> zvy\u0161uje dod\u00e1vanie chuti a produkciu pary, zatia\u013e \u010do <strong data-start=\"784\" data-end=\"808\">r\u00fdchleho nab\u00edjania typu C<\/strong> zais\u0165uje r\u00fdchle zapnutie pre nepretr\u017eit\u00e9 pou\u017e\u00edvanie.<\/p>\n<p data-start=\"856\" data-end=\"1111\">Dostupn\u00e9 v <strong data-start=\"869\" data-end=\"910\">0%, 2%, 3% a 5% s obsahom nikot\u00ednu<\/strong>, tento <strong data-start=\"917\" data-end=\"938\">vapa s n\u00edzkym obsahom nikot\u00ednu<\/strong> uspokojuje \u0161irok\u00fa \u0161k\u00e1lu preferenci\u00ed. Pre ve\u013ekoobchodn\u00edkov a hromadn\u00fdch kupuj\u00facich <strong data-start=\"1015\" data-end=\"1033\">Waspe 15K Vaporiz\u00e9r<\/strong> pon\u00faka konkurencieschopn\u00e9 ceny, spo\u013eahliv\u00fd v\u00fdkon a siln\u00fd dopyt na trhu.<\/p>\n<p><strong>Pridajte si Amy na Whatsapp, z\u00edskajte okam\u017eit\u00fa odpove\u010f a kup\u00f3n na vape!<\/strong><\/p>\n<p><img fetchpriority=\"high\" decoding=\"async\" class=\"size-full wp-image-2932\" src=\"https:\/\/vapestornado.com\/wp-content\/uploads\/2024\/12\/Vape-Wholesale.jpg\" alt=\"Ve\u013ekoobchod s vape\" width=\"229\" height=\"300\" \/><\/p>\n<h3><a href=\"https:\/\/wa.me\/8617776015835\" target=\"_blank\" rel=\"noopener\"><span style=\"color: #ff0000;\"><strong>WhatsApp: +86 17776015835<\/strong><\/span><\/a><\/h3>\n<p>&nbsp;<\/p>\n<h2><strong>Waspe 15000 potiahnut\u00ed Vlastnosti produktu<\/strong><\/h2>\n<div role=\"article\" data-tabster=\"{&quot;groupper&quot;:{&quot;tabbability&quot;:2},&quot;focusable&quot;:{}}\" data-content=\"ai-message\" aria-labelledby=\"juhNTJ6o7Gk1cgwZMJgv2-author juhNTJ6o7Gk1cgwZMJgv2-content\">\n<div id=\"juhNTJ6o7Gk1cgwZMJgv2-content\">\n<div role=\"article\" data-tabster=\"{&quot;groupper&quot;:{&quot;tabbability&quot;:2},&quot;focusable&quot;:{}}\" data-content=\"ai-message\" aria-labelledby=\"x4EZuCZWrTbh3weWUt7CU-author x4EZuCZWrTbh3weWUt7CU-content\">\n<div id=\"x4EZuCZWrTbh3weWUt7CU-content\">\n<ul>\n<li><strong>Vlastn\u00e9 mo\u017enosti nikot\u00ednu:<\/strong> Vyberte si medzi 0%, 2%, 3% alebo 5% nikot\u00ednom pre z\u00e1\u017eitok na mieru.<\/li>\n<li><strong>Roz\u0161\u00edren\u00e1 kapacita potiahnut\u00ed:<\/strong> A\u017e 15 000 po\u0165ahov s ve\u013ekou 22ml n\u00e1dr\u017ekou na e-liquid.<\/li>\n<li><strong>LED obrazovka:<\/strong> Preh\u013eadn\u00fd displej zobrazuje \u017eivotnos\u0165 bat\u00e9rie a po\u010det po\u0165ahov.<\/li>\n<li><strong>R\u00fdchle nab\u00edjanie:<\/strong> Port Type-C pre r\u00fdchle a pohodln\u00e9 nab\u00edjanie.<\/li>\n<li><strong>Technol\u00f3gia Mesh Coil:<\/strong> 0.8\u03a9 cievka zais\u0165uje bohat\u00fa chu\u0165 a hladk\u00fa paru.<\/li>\n<li><strong>Prenosn\u00fd a elegantn\u00fd dizajn:<\/strong> Kompaktn\u00fd a \u0161t\u00fdlov\u00fd na pou\u017eitie na cest\u00e1ch.<\/li>\n<li><strong>Vape s n\u00edzkym obsahom nikot\u00ednu:<\/strong> Ide\u00e1lne pre t\u00fdch, ktor\u00ed h\u013eadaj\u00fa mo\u017enosti so zn\u00ed\u017een\u00fdm obsahom nikot\u00ednu.<\/li>\n<li><strong>Priate\u013esk\u00fd k ve\u013ekoobchodn\u00edkom:<\/strong> Mo\u017enosti hromadn\u00e9ho n\u00e1kupu pre maloobchodn\u00edkov za konkurencieschopn\u00e9 ceny.<\/li>\n<li><strong>Odoln\u00e1 kon\u0161trukcia:<\/strong> Navrhnut\u00e9 pre spo\u013eahlivos\u0165 a dlhodob\u00fd v\u00fdkon.<\/li>\n<li><strong>Cenovo dostupn\u00e1 kvalita:<\/strong> A <strong>lacn\u00fa cenu vape<\/strong> s pr\u00e9miov\u00fdmi funkciami.<\/li>\n<\/ul>\n<\/div>\n<\/div>\n<\/div>\n<\/div>\n<h2 class=\"product-title\"><strong>Zoznam pr\u00edchut\u00ed Waspe Tornado 15000 Puffs<\/strong><\/h2>\n<p>1 Mel\u00f3nov\u00fd \u013ead<br \/>\n2 Jahoda Vodn\u00fd mel\u00f3n<br \/>\n3 Pomaran\u010dov\u00e1 s\u00f3da<br \/>\n4 Dvojit\u00e9 jablko<br \/>\n5 Jahoda Kiwi<br \/>\n6 \u010cere\u0161\u0148a<br \/>\n7 Hrozno<br \/>\n8 Zmie\u0161an\u00e9 bobule<br \/>\n9 \u010cu\u010doriedkov\u00fd \u013ead<br \/>\n10 Jahodov\u00e9 mango<br \/>\n11 Citr\u00f3n s modrou malinou<br \/>\n12 Brosky\u0148ov\u00fd \u013ead<\/p>\n<h3>Pre\u010do si vybra\u0165 vapestornado pre ve\u013ekoobchodn\u00fd predaj vape Waspe 15k Puffs?<\/h3>\n<div class=\"flex-shrink-0 flex flex-col relative items-end\">\n<div class=\"pt-0\">\n<div class=\"gizmo-bot-avatar flex h-8 w-8 items-center justify-center overflow-hidden rounded-full\">\n<div class=\"relative p-1 rounded-sm flex items-center justify-center bg-token-main-surface-primary text-token-text-primary h-8 w-8\">\n<p>Vitajte vo vapestornado, va\u0161om d\u00f4veryhodnom internetovom obchode s vapmi pre pr\u00e9miov\u00e9 jednorazov\u00e9 vapy. S viac ako 5-ro\u010dn\u00fdmi sk\u00fasenos\u0165ami v\u00e1m prin\u00e1\u0161ame popul\u00e1rne zna\u010dky jednorazov\u00fdch vapov, ako napr\u00edklad Fumot RandM Vape, <a href=\"https:\/\/vapestornado.com\/sk\/product\/vapme-crystal-7000-puffs-rechargeable-disposable-vape-wholesale-cheap-price\/\">Vapme<\/a>, Bang Vape, Waspe Vape a WGA Vape, at\u010f.<\/p>\n<p>N\u00e1\u0161 sortiment zah\u0155\u0148a hor\u00face vapy ako napr\u00edklad <a href=\"https:\/\/vapestornado.com\/sk\/product\/fumot-randm-tornado-15000-puffs-rechargeable-disposable-vape-wholesale\/\">RandM Tornado 15000<\/a>, a v\u00fdber bohat\u00fd na pr\u00edchute ako napr\u00edklad <a href=\"https:\/\/vapestornado.com\/sk\/product\/waspe-40000-puffs-double-flavour-led-display-disposable-vape-wholesale\/\">WASPE Dvojit\u00e1 pr\u00edchu\u0165 40000 Puffs<\/a> . Ka\u017ed\u00fd produkt je vybran\u00fd so zameran\u00edm na kvalitu, hodnotu a rozmanitos\u0165, \u010do zais\u0165uje, \u017ee n\u00e1jdete presne to, \u010do potrebujete. Objavte v\u00fdnimo\u010dn\u00e9 slu\u017eby a \u0161irok\u00fa \u0161k\u00e1lu \u0161pi\u010dkov\u00fdch produktov za ve\u013ekoobchodn\u00e9 ceny vo vapestornado.<\/p>\n<\/div>\n<h3><\/h3>\n<div class=\"relative p-1 rounded-sm flex items-center justify-center bg-token-main-surface-primary text-token-text-primary h-8 w-8\">\n<h3>\u010casto kladen\u00e9 ot\u00e1zky pre jednorazov\u00fd vape Waspe 15000 Puffs<\/h3>\n<\/div>\n<\/div>\n<\/div>\n<\/div>\n<div class=\"flex-shrink-0 flex flex-col relative items-end\">\n<div class=\"pt-0\">\n<div class=\"gizmo-bot-avatar flex h-8 w-8 items-center justify-center overflow-hidden rounded-full\">\n<div class=\"relative p-1 rounded-sm flex items-center justify-center bg-token-main-surface-primary text-token-text-primary h-8 w-8\">\n<div class=\"mb-2 flex gap-3 empty:hidden -ml-2\">\n<div role=\"article\" data-tabster=\"{&quot;groupper&quot;:{&quot;tabbability&quot;:2},&quot;focusable&quot;:{}}\" data-content=\"ai-message\" aria-labelledby=\"Vdt5ez4X7Tg813x6rFVha-author Vdt5ez4X7Tg813x6rFVha-content\">\n<div id=\"Vdt5ez4X7Tg813x6rFVha-content\">\n<div role=\"article\" data-tabster=\"{&quot;groupper&quot;:{&quot;tabbability&quot;:2},&quot;focusable&quot;:{}}\" data-content=\"ai-message\" aria-labelledby=\"o968oC7CEo2fGHsGdsRYC-author o968oC7CEo2fGHsGdsRYC-content\">\n<div id=\"o968oC7CEo2fGHsGdsRYC-content\">\n<h3><\/h3>\n<ol>\n<li><strong>Ak\u00e1 je kapacita potiahnut\u00ed Waspe 15000?<\/strong><br \/>\nAhoj! V tejto chv\u00edli ti neviem pom\u00f4c\u0165 s tvojou po\u017eiadavkou. M\u00f4\u017eem ti v\u0161ak pom\u00f4c\u0165 s prekladom akejko\u013evek tvojej po\u017eiadavky. Ak m\u00e1\u0161 z\u00e1ujem, r\u00e1d ti pom\u00f4\u017eem s \u010fal\u0161\u00edmi prekladmi. <strong>Torn\u00e1do 15000<\/strong> pon\u00faka a\u017e <strong>15 000 potiahnut\u00ed<\/strong> s ve\u013ekou 22ml kapacitou e-liquidu.<\/li>\n<li><strong>M\u00f4\u017eem si nastavi\u0165 hladinu nikot\u00ednu?<\/strong><br \/>\n\u00c1no, m\u00f4\u017eete si vybra\u0165 z <strong>koncentr\u00e1ci\u00ed nikot\u00ednu 0 %, 2 %, 3 % alebo 5 %<\/strong> pre personalizovan\u00fd z\u00e1\u017eitok z vapovania.<\/li>\n<li><strong>Podporuje Waspe 15000 r\u00fdchle nab\u00edjanie?<\/strong><br \/>\nUr\u010dite! Je vybaven\u00fd <strong>nab\u00edjac\u00ed port Type-C<\/strong> pre r\u00fdchle a efekt\u00edvne nab\u00edjanie.<\/li>\n<li><strong>Pre\u010do je Waspe 15000 ide\u00e1lny pre ve\u013ekoobchod?<\/strong><br \/>\nJeho <strong>n\u00edzka cena<\/strong>, vysok\u00fd dopyt a pr\u00e9miov\u00e9 funkcie ho robia ide\u00e1lnym pre <strong>ve\u013ekoobchodn\u00e9 ceny vape<\/strong> a hromadn\u00fdch kupuj\u00facich.<\/li>\n<li><strong>Je Waspe 15000 vhodn\u00fd pre pou\u017e\u00edvate\u013eov s n\u00edzkym obsahom nikot\u00ednu?<\/strong><br \/>\n\u00c1no, je navrhnut\u00fd tak, aby bol <strong>vapa s n\u00edzkym obsahom nikot\u00ednu<\/strong>, v\u010faka \u010domu je ide\u00e1lny pre pou\u017e\u00edvate\u013eov, ktor\u00ed h\u013eadaj\u00fa mo\u017enosti so zn\u00ed\u017een\u00fdm obsahom nikot\u00ednu.<\/li>\n<\/ol>\n<\/div>\n<\/div>\n<\/div>\n<\/div>\n<\/div>\n<\/div>\n<\/div>\n<\/div>\n<\/div>","protected":false},"excerpt":{"rendered":"<p>Vapsolo DG 18000 Smart Screen Ve\u013ekoobchod Jednorazov\u00e1 Vapa<br \/>\nVapsolo DG 18000 potiahnut\u00ed 2% 5% N\u00edzky obsah nikot\u00ednu Hromadn\u00fd n\u00e1kup Vap<br \/>\nVapsolo DG18000 potiahnut\u00ed 2% 5% N\u00edzky obsah nikot\u00ednu Nab\u00edjate\u013en\u00e1 jednorazov\u00e1 Vapa<\/p>\n<p><strong>Pridajte si Amy na whatsapp a z\u00edskajte spr\u00e1vnu odpove\u010f a kup\u00f3n na vapy!<\/strong><\/p>\n<p><img fetchpriority=\"high\" decoding=\"async\" class=\"size-full wp-image-2932\" src=\"https:\/\/vapestornado.com\/wp-content\/uploads\/2024\/12\/Vape-Wholesale.jpg\" alt=\"Ve\u013ekoobchod s vape\" width=\"229\" height=\"300\" \/><\/p>\n<h3><a href=\"https:\/\/wa.me\/8617776015835\"><span style=\"color: #ff0000;\"><strong>WhatsApp: +86 17776015835<\/strong><\/span><\/a><\/h3>\n<p>&nbsp;<\/p>","protected":false},"featured_media":3184,"comment_status":"open","ping_status":"closed","template":"","meta":{"_acf_changed":false,"_uag_custom_page_level_css":"","_lmt_disableupdate":"no","_lmt_disable":"","_monsterinsights_skip_tracking":false,"_monsterinsights_sitenote_active":false,"_monsterinsights_sitenote_note":"","_monsterinsights_sitenote_category":0,"site-sidebar-layout":"default","site-content-layout":"","ast-site-content-layout":"default","site-content-style":"default","site-sidebar-style":"default","ast-global-header-display":"","ast-banner-title-visibility":"","ast-main-header-display":"","ast-hfb-above-header-display":"","ast-hfb-below-header-display":"","ast-hfb-mobile-header-display":"","site-post-title":"","ast-breadcrumbs-content":"","ast-featured-img":"","footer-sml-layout":"","ast-disable-related-posts":"","theme-transparent-header-meta":"default","adv-header-id-meta":"","stick-header-meta":"","header-above-stick-meta":"","header-main-stick-meta":"","header-below-stick-meta":"","astra-migrate-meta-layouts":"set","ast-page-background-enabled":"default","ast-page-background-meta":{"desktop":{"background-color":"","background-image":"","background-repeat":"repeat","background-position":"center center","background-size":"auto","background-attachment":"scroll","background-type":"","background-media":"","overlay-type":"","overlay-color":"","overlay-opacity":"","overlay-gradient":""},"tablet":{"background-color":"","background-image":"","background-repeat":"repeat","background-position":"center center","background-size":"auto","background-attachment":"scroll","background-type":"","background-media":"","overlay-type":"","overlay-color":"","overlay-opacity":"","overlay-gradient":""},"mobile":{"background-color":"","background-image":"","background-repeat":"repeat","background-position":"center center","background-size":"auto","background-attachment":"scroll","background-type":"","background-media":"","overlay-type":"","overlay-color":"","overlay-opacity":"","overlay-gradient":""}},"ast-content-background-meta":{"desktop":{"background-color":"var(--ast-global-color-5)","background-image":"","background-repeat":"repeat","background-position":"center center","background-size":"auto","background-attachment":"scroll","background-type":"","background-media":"","overlay-type":"","overlay-color":"","overlay-opacity":"","overlay-gradient":""},"tablet":{"background-color":"var(--ast-global-color-5)","background-image":"","background-repeat":"repeat","background-position":"center center","background-size":"auto","background-attachment":"scroll","background-type":"","background-media":"","overlay-type":"","overlay-color":"","overlay-opacity":"","overlay-gradient":""},"mobile":{"background-color":"var(--ast-global-color-5)","background-image":"","background-repeat":"repeat","background-position":"center center","background-size":"auto","background-attachment":"scroll","background-type":"","background-media":"","overlay-type":"","overlay-color":"","overlay-opacity":"","overlay-gradient":""}},"_joinchat":{"telephone":"+8617776015835"}},"product_brand":[],"product_cat":[71,152,160,142,144,148,60],"product_tag":[97,94,114,164,163],"class_list":{"0":"post-3178","1":"product","2":"type-product","3":"status-publish","4":"has-post-thumbnail","6":"product_cat-15000-puff","7":"product_cat-buy-disposable-vapes-in-cermany","8":"product_cat-buy-disposable-vapes-in-switzerland","9":"product_cat-digital-box-disposable-vapes","10":"product_cat-low-nicotine-disposable-vapes","11":"product_cat-tornado-disposable-vapes","12":"product_cat-waspe-fihp-vape","13":"product_tag-hot-sale-disposable-vape","14":"product_tag-rechargeable-disposable-vape","15":"product_tag-tornado-vape","16":"product_tag-waspe-15000","17":"product_tag-waspe-vape","18":"desktop-align-left","19":"tablet-align-left","20":"mobile-align-left","22":"first","23":"instock","24":"sale","25":"shipping-taxable","26":"purchasable","27":"product-type-simple"},"acf":[],"uagb_featured_image_src":{"full":["https:\/\/vapestornado.com\/wp-content\/uploads\/2024\/12\/WASPE-15000-Puffs-Disposable-Vape.jpg",1713,1713,false],"thumbnail":["https:\/\/vapestornado.com\/wp-content\/uploads\/2024\/12\/WASPE-15000-Puffs-Disposable-Vape-150x150.jpg",150,150,true],"medium":["https:\/\/vapestornado.com\/wp-content\/uploads\/2024\/12\/WASPE-15000-Puffs-Disposable-Vape-300x300.jpg",300,300,true],"medium_large":["https:\/\/vapestornado.com\/wp-content\/uploads\/2024\/12\/WASPE-15000-Puffs-Disposable-Vape-768x768.jpg",768,768,true],"large":["https:\/\/vapestornado.com\/wp-content\/uploads\/2024\/12\/WASPE-15000-Puffs-Disposable-Vape-1024x1024.jpg",1024,1024,true],"1536x1536":["https:\/\/vapestornado.com\/wp-content\/uploads\/2024\/12\/WASPE-15000-Puffs-Disposable-Vape-1536x1536.jpg",1536,1536,true],"2048x2048":["https:\/\/vapestornado.com\/wp-content\/uploads\/2024\/12\/WASPE-15000-Puffs-Disposable-Vape.jpg",1713,1713,false],"trp-custom-language-flag":["https:\/\/vapestornado.com\/wp-content\/uploads\/2024\/12\/WASPE-15000-Puffs-Disposable-Vape.jpg",12,12,false],"woocommerce_thumbnail":["https:\/\/vapestornado.com\/wp-content\/uploads\/2024\/12\/WASPE-15000-Puffs-Disposable-Vape-300x300.jpg",300,300,true],"woocommerce_single":["https:\/\/vapestornado.com\/wp-content\/uploads\/2024\/12\/WASPE-15000-Puffs-Disposable-Vape-600x600.jpg",600,600,true],"woocommerce_gallery_thumbnail":["https:\/\/vapestornado.com\/wp-content\/uploads\/2024\/12\/WASPE-15000-Puffs-Disposable-Vape-100x100.jpg",100,100,true]},"uagb_author_info":{"display_name":"ESAMY","author_link":"https:\/\/vapestornado.com\/sk\/author\/"},"uagb_comment_info":0,"uagb_excerpt":"Vapsolo DG 18000 Smart Screen Wholesale Disposable Vape Vapsolo DG 18000 Puffs 2% 5% Low Nicotine Bulk Buy Vapes Vapsolo DG18000 Puffs 2% 5% Low Nicotine Rechargeable Disposable Vape Add Amy's whatsapp get right reply and vape vape coupon! WhatsApp: +86 17776015835 &nbsp;","_links":{"self":[{"href":"https:\/\/vapestornado.com\/sk\/wp-json\/wp\/v2\/product\/3178","targetHints":{"allow":["GET"]}}],"collection":[{"href":"https:\/\/vapestornado.com\/sk\/wp-json\/wp\/v2\/product"}],"about":[{"href":"https:\/\/vapestornado.com\/sk\/wp-json\/wp\/v2\/types\/product"}],"replies":[{"embeddable":true,"href":"https:\/\/vapestornado.com\/sk\/wp-json\/wp\/v2\/comments?post=3178"}],"wp:featuredmedia":[{"embeddable":true,"href":"https:\/\/vapestornado.com\/sk\/wp-json\/wp\/v2\/media\/3184"}],"wp:attachment":[{"href":"https:\/\/vapestornado.com\/sk\/wp-json\/wp\/v2\/media?parent=3178"}],"wp:term":[{"taxonomy":"product_brand","embeddable":true,"href":"https:\/\/vapestornado.com\/sk\/wp-json\/wp\/v2\/product_brand?post=3178"},{"taxonomy":"product_cat","embeddable":true,"href":"https:\/\/vapestornado.com\/sk\/wp-json\/wp\/v2\/product_cat?post=3178"},{"taxonomy":"product_tag","embeddable":true,"href":"https:\/\/vapestornado.com\/sk\/wp-json\/wp\/v2\/product_tag?post=3178"}],"curies":[{"name":"wp","href":"https:\/\/api.w.org\/{rel}","templated":true}]}}