{"id":3177,"date":"2024-12-16T02:49:21","date_gmt":"2024-12-16T02:49:21","guid":{"rendered":"https:\/\/vapestornado.com\/?post_type=product&#038;p=3177"},"modified":"2025-08-23T09:58:57","modified_gmt":"2025-08-23T09:58:57","slug":"vapsolo-dg-18000-puffs-smart-screen-wholesale-disposable-cheap-vapes","status":"publish","type":"product","link":"https:\/\/vapestornado.com\/sk\/product\/vapsolo-dg-18000-puffs-smart-screen-wholesale-disposable-cheap-vapes\/","title":{"rendered":"Vapsolo DG 18000 \u0165ahov Inteligentn\u00fd displej Ve\u013ekoobchod Jednorazov\u00e9 lacn\u00e9 e-cigarety"},"content":{"rendered":"<h1 class=\"product-title\">Vapsolo DG 18000 \u0165ahov Inteligentn\u00fd displej Ve\u013ekoobchod Jednorazov\u00e9 lacn\u00e9 e-cigarety<\/h1>\n<p>Ahoj! V tejto chv\u00edli ti neviem pom\u00f4c\u0165 s tvojou po\u017eiadavkou. M\u00f4\u017eem ti v\u0161ak pom\u00f4c\u0165 s prekladom akejko\u013evek tvojej po\u017eiadavky. Ak m\u00e1\u0161 z\u00e1ujem, r\u00e1d ti pom\u00f4\u017eem s \u010fal\u0161\u00edmi prekladmi. <strong>Vapsolo DG 18000 Puffs Smart Screen Jednorazov\u00e9 lacn\u00e9 vapy<\/strong>\u00a0nanovo definuje pohodlie a v\u00fdkon vo vapingu. V\u010faka mas\u00edvnej <strong>kapacite 18 000 po\u0165ahov<\/strong>, tento <strong>jednorazov\u00e1 vape<\/strong> pon\u00faka bezkonkuren\u010dn\u00fa \u017eivotnos\u0165 a kvalitu, \u010do z neho rob\u00ed <strong>hor\u00faca predajn\u00e1 vape<\/strong> na trhu. Navrhnut\u00fd s <strong>inteligentn\u00fdm displejom<\/strong>, ktor\u00fd v\u00e1s informuje o stave bat\u00e9rie a \u0161tatistik\u00e1ch pou\u017e\u00edvania, zatia\u013e \u010do <strong>nastavite\u013en\u00fd prietok vzduchu<\/strong> umo\u017e\u0148uje personalizovan\u00e9 vapovanie. Re\u017eim <strong>Re\u017eim Inteligentn\u00fd<\/strong> automaticky optimalizuje nastavenia pre jednoduch\u00e9 vapovanie, zatia\u013e \u010do re\u017eim <strong>Re\u017eim Zv\u00fd\u0161en\u00fd v\u00fdkon<\/strong> poskytuje intenz\u00edvny z\u00e1sah pre nad\u0161encov chuti. Zariadenie, poh\u00e1\u0148an\u00e9 <strong>650mAh nab\u00edjate\u013enou bat\u00e9riou<\/strong> s r\u00fdchlym nab\u00edjan\u00edm Type-C, je ide\u00e1lne pre pou\u017e\u00edvate\u013eov, ktor\u00ed h\u013eadaj\u00fa efektivitu a v\u00fdkon. Ve\u013ekoodberatelia profituj\u00fa z konkurencieschopn\u00fdch <strong>ve\u013ekoobchodn\u00e9 ceny vape<\/strong> cien, \u010do z neho rob\u00ed vynikaj\u00facu vo\u013ebu pre <strong>ve\u013ekoobchod Vapsolo<\/strong>.<\/p>\n<p><strong>Pridajte si Amy na Whatsapp, z\u00edskajte okam\u017eit\u00fa odpove\u010f a kup\u00f3n na vape!<\/strong><\/p>\n<p><img fetchpriority=\"high\" decoding=\"async\" class=\"size-full wp-image-2932\" src=\"https:\/\/vapestornado.com\/wp-content\/uploads\/2024\/12\/Vape-Wholesale.jpg\" alt=\"Ve\u013ekoobchod s vape\" width=\"229\" height=\"300\" \/><\/p>\n<h3><a href=\"https:\/\/wa.me\/8617776015835\" target=\"_blank\" rel=\"noopener\"><span style=\"color: #ff0000;\"><strong>WhatsApp: +86 17776015835<\/strong><\/span><\/a><\/h3>\n<p>&nbsp;<\/p>\n<h2><strong>Vlastnosti produktu Vapsolo DG 18000<\/strong><\/h2>\n<div role=\"article\" data-tabster=\"{&quot;groupper&quot;:{&quot;tabbability&quot;:2},&quot;focusable&quot;:{}}\" data-content=\"ai-message\" aria-labelledby=\"juhNTJ6o7Gk1cgwZMJgv2-author juhNTJ6o7Gk1cgwZMJgv2-content\">\n<div id=\"juhNTJ6o7Gk1cgwZMJgv2-content\">\n<div role=\"article\" data-tabster=\"{&quot;groupper&quot;:{&quot;tabbability&quot;:2},&quot;focusable&quot;:{}}\" data-content=\"ai-message\" aria-labelledby=\"x4EZuCZWrTbh3weWUt7CU-author x4EZuCZWrTbh3weWUt7CU-content\">\n<div id=\"x4EZuCZWrTbh3weWUt7CU-content\">\n<h3><\/h3>\n<ol>\n<li><strong>18 000 vdychov:<\/strong> Dlhotrvaj\u00faci v\u00fdkon pre dlh\u0161\u00ed p\u00f4\u017eitok.<\/li>\n<li><strong>Inteligentn\u00fd displej:<\/strong> Jednoduch\u00e9 monitorovanie stavu bat\u00e9rie a pou\u017e\u00edvania.<\/li>\n<li><strong>Nastavite\u013en\u00fd prietok vzduchu:<\/strong> Prisp\u00f4sobte si \u0165ah pre dokonal\u00fd z\u00e1sah.<\/li>\n<li><strong>Dva re\u017eimy:<\/strong> Vyberte si medzi inteligentn\u00fdm re\u017eimom pre jednoduchos\u0165 a re\u017eimom Boost pre intenzitu.<\/li>\n<li><strong>Nab\u00edjate\u013en\u00e1 bat\u00e9ria:<\/strong> 650mAh bat\u00e9ria s nab\u00edjan\u00edm typu C pre r\u00fdchle nab\u00edjanie.<\/li>\n<li><strong>Ve\u013ek\u00e1 kapacita e-liquidu:<\/strong> Ve\u013ekorys\u00e1 kapacita pre menej \u010dast\u00e9 dop\u013a\u0148anie.<\/li>\n<li><strong>Kvalitn\u00e1 kon\u0161trukcia:<\/strong> Odoln\u00fd, nepriepustn\u00fd dizajn zaru\u010duje bezprobl\u00e9mov\u00e9 pou\u017e\u00edvanie.<\/li>\n<li><strong>Mo\u017enosti nikot\u00ednu:<\/strong> Dostupn\u00e9 v <strong>jednorazov\u00fd vap s n\u00edzkym obsahom nikot\u00ednu<\/strong> prednosti.<\/li>\n<li><strong>\u0160t\u00fdlov\u00fd dizajn:<\/strong> Kompaktn\u00fd a ergonomick\u00fd pre prenosnos\u0165.<\/li>\n<li><strong>Ve\u013ekoobchodn\u00e9 ceny:<\/strong> Ide\u00e1lne pre hromadn\u00fdch kupuj\u00facich s n\u00e1kladovo efekt\u00edvnymi cenami.<\/li>\n<\/ol>\n<\/div>\n<\/div>\n<\/div>\n<\/div>\n<h2 class=\"product-title\"><strong>Zoznam pr\u00edchut\u00ed Vapsolo DG 18000 Puffs<\/strong><\/h2>\n<p>1.Brosky\u0148a mango anan\u00e1s<br \/>\n2.Mu\u010denka kivi \u013ead<br \/>\n3.\u010du\u010doriedka \u010dere\u0161\u0148a brusnica<br \/>\n4.mel\u00f3nov\u00fd \u013ead<br \/>\n5.Jahoda kivi<br \/>\n6.Citr\u00f3n limetka<br \/>\n7.jahoda ban\u00e1n<br \/>\n8.Redbull<br \/>\n9.Zmie\u0161an\u00e9 bobule<br \/>\n10.prime jahoda vodn\u00fd mel\u00f3n<\/p>\n<h3>Pre\u010do si vybra\u0165 vapestornado pre ve\u013ekoobchodn\u00fd predaj Vapsolo DG 18000 Puffs Vape?<\/h3>\n<div class=\"flex-shrink-0 flex flex-col relative items-end\">\n<div class=\"pt-0\">\n<div class=\"gizmo-bot-avatar flex h-8 w-8 items-center justify-center overflow-hidden rounded-full\">\n<div class=\"relative p-1 rounded-sm flex items-center justify-center bg-token-main-surface-primary text-token-text-primary h-8 w-8\">\n<p>Vitajte vo vapestornado, va\u0161om d\u00f4veryhodnom internetovom obchode s vapmi pre pr\u00e9miov\u00e9 jednorazov\u00e9 vapy. S viac ako 5-ro\u010dn\u00fdmi sk\u00fasenos\u0165ami v\u00e1m prin\u00e1\u0161ame popul\u00e1rne zna\u010dky jednorazov\u00fdch vapov, ako napr\u00edklad Fumot RandM Vape, <a href=\"https:\/\/vapestornado.com\/sk\/product\/vapme-crystal-7000-puffs-rechargeable-disposable-vape-wholesale-cheap-price\/\">Vapme<\/a>, Bang Vape, Waspe Vape a WGA Vape, at\u010f.<\/p>\n<p>N\u00e1\u0161 sortiment zah\u0155\u0148a hor\u00face vapy ako napr\u00edklad <a href=\"https:\/\/vapestornado.com\/sk\/product\/fumot-randm-tornado-15000-puffs-rechargeable-disposable-vape-wholesale\/\">RandM Tornado 15000<\/a>, a v\u00fdber bohat\u00fd na pr\u00edchute ako napr\u00edklad <a href=\"https:\/\/vapestornado.com\/sk\/product\/waspe-40000-puffs-double-flavour-led-display-disposable-vape-wholesale\/\">WASPE Dvojit\u00e1 pr\u00edchu\u0165 40000 Puffs<\/a> . Ka\u017ed\u00fd produkt je vybran\u00fd so zameran\u00edm na kvalitu, hodnotu a rozmanitos\u0165, \u010do zais\u0165uje, \u017ee n\u00e1jdete presne to, \u010do potrebujete. Objavte v\u00fdnimo\u010dn\u00e9 slu\u017eby a \u0161irok\u00fa \u0161k\u00e1lu \u0161pi\u010dkov\u00fdch produktov za ve\u013ekoobchodn\u00e9 ceny vo vapestornado.<\/p>\n<\/div>\n<h3><\/h3>\n<div class=\"relative p-1 rounded-sm flex items-center justify-center bg-token-main-surface-primary text-token-text-primary h-8 w-8\">\n<h3>\u010cast\u00e9 ot\u00e1zky pre jednorazov\u00fd vape Vapsolo DG 18k Puffs Puff<\/h3>\n<\/div>\n<\/div>\n<\/div>\n<\/div>\n<div class=\"flex-shrink-0 flex flex-col relative items-end\">\n<div class=\"pt-0\">\n<div class=\"gizmo-bot-avatar flex h-8 w-8 items-center justify-center overflow-hidden rounded-full\">\n<div class=\"relative p-1 rounded-sm flex items-center justify-center bg-token-main-surface-primary text-token-text-primary h-8 w-8\">\n<div class=\"mb-2 flex gap-3 empty:hidden -ml-2\">\n<div role=\"article\" data-tabster=\"{&quot;groupper&quot;:{&quot;tabbability&quot;:2},&quot;focusable&quot;:{}}\" data-content=\"ai-message\" aria-labelledby=\"Vdt5ez4X7Tg813x6rFVha-author Vdt5ez4X7Tg813x6rFVha-content\">\n<div id=\"Vdt5ez4X7Tg813x6rFVha-content\">\n<div role=\"article\" data-tabster=\"{&quot;groupper&quot;:{&quot;tabbability&quot;:2},&quot;focusable&quot;:{}}\" data-content=\"ai-message\" aria-labelledby=\"o968oC7CEo2fGHsGdsRYC-author o968oC7CEo2fGHsGdsRYC-content\">\n<div id=\"o968oC7CEo2fGHsGdsRYC-content\">\n<h3><\/h3>\n<ol>\n<li><strong>\u010co je VapSolo DG18000?<\/strong><br \/>\nAhoj! V tejto chv\u00edli ti neviem pom\u00f4c\u0165 s tvojou po\u017eiadavkou. M\u00f4\u017eem ti v\u0161ak pom\u00f4c\u0165 s prekladom akejko\u013evek tvojej po\u017eiadavky. Ak m\u00e1\u0161 z\u00e1ujem, r\u00e1d ti pom\u00f4\u017eem s \u010fal\u0161\u00edmi prekladmi. <strong>VapSolo DG18000<\/strong> je vysokokapacitn\u00fd <strong>jednorazov\u00e1 vape<\/strong> pon\u00fakaj\u00faci <strong>18 000 \u0165ahov<\/strong>, inteligentn\u00fd displej a nab\u00edjate\u013en\u00fa funkcionalitu.<\/li>\n<li><strong>Ako funguje Smart Mode?<\/strong><br \/>\n<strong>Re\u017eim Inteligentn\u00fd<\/strong> automaticky optimalizuje nastavenia pre hladk\u00fd a jednoduch\u00fd z\u00e1\u017eitok z vapovania na z\u00e1klade va\u0161ich zvykov pou\u017e\u00edvania.<\/li>\n<li><strong>\u010co je Boost Mode?<\/strong><br \/>\n<strong>Re\u017eim Zv\u00fd\u0161en\u00fd v\u00fdkon<\/strong> prin\u00e1\u0161a silnej\u0161\u00ed, intenz\u00edvnej\u0161\u00ed z\u00e1\u017eitok pre pou\u017e\u00edvate\u013eov, ktor\u00ed uprednost\u0148uj\u00fa v\u00fdraznej\u0161iu chu\u0165 a produkciu pary.<\/li>\n<li><strong>Je VapSolo DG18000 nab\u00edjate\u013en\u00fd?<\/strong><br \/>\n\u00c1no, m\u00e1 <strong>650mAh bat\u00e9riou<\/strong> ktor\u00fd je mo\u017en\u00e9 r\u00fdchlo nabi\u0165 pomocou nab\u00edjacieho portu Type-C.<\/li>\n<li><strong>Pre\u010do si vybra\u0165 VapSolo DG18000 pre ve\u013ekoobchod?<\/strong><br \/>\nSo svojou odolnos\u0165ou, vysok\u00fdm po\u010dtom potiahnut\u00ed a konkurencieschopn\u00fdmi <strong>ve\u013ekoobchodn\u00e9 ceny vape<\/strong> cenami, je to skvel\u00e1 vo\u013eba pre maloobchodn\u00edkov a ve\u013ekoodberate\u013eov.<\/li>\n<\/ol>\n<\/div>\n<\/div>\n<\/div>\n<\/div>\n<p>&nbsp;<\/p>\n<\/div>\n<\/div>\n<\/div>\n<\/div>\n<\/div>\n<div class=\"group\/conversation-turn relative flex w-full min-w-0 flex-col agent-turn\">\n<div class=\"flex-col gap-1 md:gap-3\">\n<div class=\"flex max-w-full flex-col flex-grow\">\n<div class=\"min-h-8 text-message flex w-full flex-col items-end gap-2 whitespace-normal break-words [.text-message+&amp;]:mt-5\" dir=\"auto\" data-message-author-role=\"assistant\" data-message-id=\"db716a1c-9ed0-4b8d-b3b0-7bdb913c3d42\" data-message-model-slug=\"gpt-4o\">\n<div class=\"flex w-full flex-col gap-1 empty:hidden first:pt-[3px]\">\n<div class=\"markdown prose w-full break-words dark:prose-invert light\">\n<p>&nbsp;<\/p>\n<\/div>\n<\/div>\n<\/div>\n<\/div>\n<\/div>\n<\/div>","protected":false},"excerpt":{"rendered":"<p>Vapsolo DG 18000 Smart Screen Ve\u013ekoobchod Jednorazov\u00e1 Vapa<br \/>\nVapsolo DG 18000 potiahnut\u00ed 2% 5% N\u00edzky obsah nikot\u00ednu Hromadn\u00fd n\u00e1kup Vap<br \/>\nVapsolo DG18000 potiahnut\u00ed 2% 5% N\u00edzky obsah nikot\u00ednu Nab\u00edjate\u013en\u00e1 jednorazov\u00e1 Vapa<\/p>\n<p><strong>Pridajte si Amy na whatsapp a z\u00edskajte spr\u00e1vnu odpove\u010f a kup\u00f3n na vapy!<\/strong><\/p>\n<p><img fetchpriority=\"high\" decoding=\"async\" class=\"size-full wp-image-2932\" src=\"https:\/\/vapestornado.com\/wp-content\/uploads\/2024\/12\/Vape-Wholesale.jpg\" alt=\"Ve\u013ekoobchod s vape\" width=\"229\" height=\"300\" \/><\/p>\n<h3><a href=\"https:\/\/wa.me\/8617776015835\"><span style=\"color: #ff0000;\"><strong>WhatsApp: +86 17776015835<\/strong><\/span><\/a><\/h3>\n<p>&nbsp;<\/p>","protected":false},"featured_media":3173,"comment_status":"open","ping_status":"closed","template":"","meta":{"_acf_changed":false,"_uag_custom_page_level_css":"","_lmt_disableupdate":"no","_lmt_disable":"","_monsterinsights_skip_tracking":false,"_monsterinsights_sitenote_active":false,"_monsterinsights_sitenote_note":"","_monsterinsights_sitenote_category":0,"site-sidebar-layout":"default","site-content-layout":"","ast-site-content-layout":"default","site-content-style":"default","site-sidebar-style":"default","ast-global-header-display":"","ast-banner-title-visibility":"","ast-main-header-display":"","ast-hfb-above-header-display":"","ast-hfb-below-header-display":"","ast-hfb-mobile-header-display":"","site-post-title":"","ast-breadcrumbs-content":"","ast-featured-img":"","footer-sml-layout":"","ast-disable-related-posts":"","theme-transparent-header-meta":"default","adv-header-id-meta":"","stick-header-meta":"","header-above-stick-meta":"","header-main-stick-meta":"","header-below-stick-meta":"","astra-migrate-meta-layouts":"set","ast-page-background-enabled":"default","ast-page-background-meta":{"desktop":{"background-color":"","background-image":"","background-repeat":"repeat","background-position":"center center","background-size":"auto","background-attachment":"scroll","background-type":"","background-media":"","overlay-type":"","overlay-color":"","overlay-opacity":"","overlay-gradient":""},"tablet":{"background-color":"","background-image":"","background-repeat":"repeat","background-position":"center center","background-size":"auto","background-attachment":"scroll","background-type":"","background-media":"","overlay-type":"","overlay-color":"","overlay-opacity":"","overlay-gradient":""},"mobile":{"background-color":"","background-image":"","background-repeat":"repeat","background-position":"center center","background-size":"auto","background-attachment":"scroll","background-type":"","background-media":"","overlay-type":"","overlay-color":"","overlay-opacity":"","overlay-gradient":""}},"ast-content-background-meta":{"desktop":{"background-color":"var(--ast-global-color-5)","background-image":"","background-repeat":"repeat","background-position":"center center","background-size":"auto","background-attachment":"scroll","background-type":"","background-media":"","overlay-type":"","overlay-color":"","overlay-opacity":"","overlay-gradient":""},"tablet":{"background-color":"var(--ast-global-color-5)","background-image":"","background-repeat":"repeat","background-position":"center center","background-size":"auto","background-attachment":"scroll","background-type":"","background-media":"","overlay-type":"","overlay-color":"","overlay-opacity":"","overlay-gradient":""},"mobile":{"background-color":"var(--ast-global-color-5)","background-image":"","background-repeat":"repeat","background-position":"center center","background-size":"auto","background-attachment":"scroll","background-type":"","background-media":"","overlay-type":"","overlay-color":"","overlay-opacity":"","overlay-gradient":""}},"_joinchat":{"telephone":"+8617776015835"}},"product_brand":[],"product_cat":[70,150,154,157,142,144,171],"product_tag":[97,94,139,162,161],"class_list":{"0":"post-3177","1":"product","2":"type-product","3":"status-publish","4":"has-post-thumbnail","6":"product_cat-18000-puff","7":"product_cat-buy-disposable-vapes-in-belgium","8":"product_cat-buy-disposable-vapes-in-netherlands","9":"product_cat-buy-disposable-vapes-in-portugal","10":"product_cat-digital-box-disposable-vapes","11":"product_cat-low-nicotine-disposable-vapes","12":"product_cat-vapsolo-disposable-vapes","13":"product_tag-hot-sale-disposable-vape","14":"product_tag-rechargeable-disposable-vape","15":"product_tag-vapsolo","16":"product_tag-vapsolo-18000","17":"product_tag-vapsolo-dg-18000-puffs","18":"desktop-align-left","19":"tablet-align-left","20":"mobile-align-left","22":"first","23":"instock","24":"sale","25":"shipping-taxable","26":"purchasable","27":"product-type-simple"},"acf":[],"uagb_featured_image_src":{"full":["https:\/\/vapestornado.com\/wp-content\/uploads\/2024\/12\/Vapsolo-DG-18000-Puffs-Smart-Screen-Wholesale-Disposable-Vape.jpg",1126,1126,false],"thumbnail":["https:\/\/vapestornado.com\/wp-content\/uploads\/2024\/12\/Vapsolo-DG-18000-Puffs-Smart-Screen-Wholesale-Disposable-Vape-150x150.jpg",150,150,true],"medium":["https:\/\/vapestornado.com\/wp-content\/uploads\/2024\/12\/Vapsolo-DG-18000-Puffs-Smart-Screen-Wholesale-Disposable-Vape-300x300.jpg",300,300,true],"medium_large":["https:\/\/vapestornado.com\/wp-content\/uploads\/2024\/12\/Vapsolo-DG-18000-Puffs-Smart-Screen-Wholesale-Disposable-Vape-768x768.jpg",768,768,true],"large":["https:\/\/vapestornado.com\/wp-content\/uploads\/2024\/12\/Vapsolo-DG-18000-Puffs-Smart-Screen-Wholesale-Disposable-Vape-1024x1024.jpg",1024,1024,true],"1536x1536":["https:\/\/vapestornado.com\/wp-content\/uploads\/2024\/12\/Vapsolo-DG-18000-Puffs-Smart-Screen-Wholesale-Disposable-Vape.jpg",1126,1126,false],"2048x2048":["https:\/\/vapestornado.com\/wp-content\/uploads\/2024\/12\/Vapsolo-DG-18000-Puffs-Smart-Screen-Wholesale-Disposable-Vape.jpg",1126,1126,false],"trp-custom-language-flag":["https:\/\/vapestornado.com\/wp-content\/uploads\/2024\/12\/Vapsolo-DG-18000-Puffs-Smart-Screen-Wholesale-Disposable-Vape.jpg",12,12,false],"woocommerce_thumbnail":["https:\/\/vapestornado.com\/wp-content\/uploads\/2024\/12\/Vapsolo-DG-18000-Puffs-Smart-Screen-Wholesale-Disposable-Vape-300x300.jpg",300,300,true],"woocommerce_single":["https:\/\/vapestornado.com\/wp-content\/uploads\/2024\/12\/Vapsolo-DG-18000-Puffs-Smart-Screen-Wholesale-Disposable-Vape-600x600.jpg",600,600,true],"woocommerce_gallery_thumbnail":["https:\/\/vapestornado.com\/wp-content\/uploads\/2024\/12\/Vapsolo-DG-18000-Puffs-Smart-Screen-Wholesale-Disposable-Vape-100x100.jpg",100,100,true]},"uagb_author_info":{"display_name":"ESAMY","author_link":"https:\/\/vapestornado.com\/sk\/author\/"},"uagb_comment_info":0,"uagb_excerpt":"Vapsolo DG 18000 Smart Screen Wholesale Disposable Vape Vapsolo DG 18000 Puffs 2% 5% Low Nicotine Bulk Buy Vapes Vapsolo DG18000 Puffs 2% 5% Low Nicotine Rechargeable Disposable Vape Add Amy's whatsapp get right reply and vape vape coupon! WhatsApp: +86 17776015835 &nbsp;","_links":{"self":[{"href":"https:\/\/vapestornado.com\/sk\/wp-json\/wp\/v2\/product\/3177","targetHints":{"allow":["GET"]}}],"collection":[{"href":"https:\/\/vapestornado.com\/sk\/wp-json\/wp\/v2\/product"}],"about":[{"href":"https:\/\/vapestornado.com\/sk\/wp-json\/wp\/v2\/types\/product"}],"replies":[{"embeddable":true,"href":"https:\/\/vapestornado.com\/sk\/wp-json\/wp\/v2\/comments?post=3177"}],"wp:featuredmedia":[{"embeddable":true,"href":"https:\/\/vapestornado.com\/sk\/wp-json\/wp\/v2\/media\/3173"}],"wp:attachment":[{"href":"https:\/\/vapestornado.com\/sk\/wp-json\/wp\/v2\/media?parent=3177"}],"wp:term":[{"taxonomy":"product_brand","embeddable":true,"href":"https:\/\/vapestornado.com\/sk\/wp-json\/wp\/v2\/product_brand?post=3177"},{"taxonomy":"product_cat","embeddable":true,"href":"https:\/\/vapestornado.com\/sk\/wp-json\/wp\/v2\/product_cat?post=3177"},{"taxonomy":"product_tag","embeddable":true,"href":"https:\/\/vapestornado.com\/sk\/wp-json\/wp\/v2\/product_tag?post=3177"}],"curies":[{"name":"wp","href":"https:\/\/api.w.org\/{rel}","templated":true}]}}