{"id":3171,"date":"2024-12-14T09:23:10","date_gmt":"2024-12-14T09:23:10","guid":{"rendered":"https:\/\/vapestornado.com\/?post_type=product&#038;p=3171"},"modified":"2025-08-23T10:02:23","modified_gmt":"2025-08-23T10:02:23","slug":"waspe-40000-puffs-double-flavor-rechargeable-vape-cheap-price","status":"publish","type":"product","link":"https:\/\/vapestornado.com\/sk\/product\/waspe-40000-puffs-double-flavor-rechargeable-vape-cheap-price\/","title":{"rendered":"WASPE 40000 Puffs Dvojit\u00e1 pr\u00edchu\u0165 Nab\u00edjac\u00ed vape N\u00edzka cena"},"content":{"rendered":"<h1>WASPE 40000 Puffs Dvojit\u00e1 pr\u00edchu\u0165 Nab\u00edjac\u00ed vape N\u00edzka cena<\/h1>\n<p>&nbsp;<\/p>\n<div role=\"article\" data-tabster=\"{&quot;groupper&quot;:{&quot;tabbability&quot;:2},&quot;focusable&quot;:{}}\" data-content=\"ai-message\" aria-labelledby=\"64JRvXrTnY7mRmPkEQLLT-author 64JRvXrTnY7mRmPkEQLLT-content\">\n<div id=\"64JRvXrTnY7mRmPkEQLLT-content\">\n<p>Nab\u00edjate\u013en\u00e1 vapka WASPE 40000 \u0165ahov s dvojitou pr\u00edchu\u0165ou kombinuje pokro\u010dil\u00fa technol\u00f3giu s vynikaj\u00facim podan\u00edm chuti. WASPE VAPES, navrhnut\u00e9 pre dlhodob\u00e9 pou\u017e\u00edvanie, pon\u00faka a\u017e 40 000 \u0165ahov, \u010d\u00edm zais\u0165uje dlhotrvaj\u00facu spokojnos\u0165. Dvojit\u00e9 0,9\u03a9 mesh \u0161pir\u00e1lky poskytuj\u00fa hladk\u00fa, pln\u00fa paru so zv\u00fd\u0161enou intenzitou chuti a uspokojiv\u00fdm pocitom v hrdle. Jeho kapacita 36 ml e-liquidu zni\u017euje potrebu \u010dast\u00e9ho dop\u013a\u0148ania, zatia\u013e \u010do 850 mAh nab\u00edjate\u013en\u00e1 bat\u00e9ria zais\u0165uje spo\u013eahliv\u00fd v\u00fdkon. Funkcia r\u00fdchleho nab\u00edjania typu C minimalizuje prestoje. Inteligentn\u00fd LED displej pon\u00faka aktualiz\u00e1cie v re\u00e1lnom \u010dase o \u00farovni bat\u00e9rie a e-liquidu pre v\u00e4\u010d\u0161ie pohodlie. V\u010faka syst\u00e9mu s dvojitou pr\u00edchu\u0165ou m\u00f4\u017eu pou\u017e\u00edvatelia bez n\u00e1mahy prep\u00edna\u0165 medzi dvoma odli\u0161n\u00fdmi pr\u00edchu\u0165ami, \u010d\u00edm sa zvy\u0161uje z\u00e1\u017eitok z vapovania. Dostupn\u00e9 v 2 % a 5 % nikot\u00ednov\u00fdch sil\u00e1ch a 16 jedine\u010dn\u00fdch pr\u00edchutiach, vyhovuje nov\u00fdm aj sk\u00fasen\u00fdm vaperom. Vyberte si vapku WASPE FIHP 40000 \u0165ahov pre \u0161pi\u010dkov\u00e9 funkcie, elegantn\u00fd dizajn a pr\u00e9miov\u00fd z\u00e1\u017eitok z vapovania prisp\u00f4soben\u00fd va\u0161im preferenci\u00e1m.<\/p>\n<\/div>\n<\/div>\n<p><img fetchpriority=\"high\" decoding=\"async\" class=\"alignnone size-medium wp-image-4245\" src=\"https:\/\/vapestornado.com\/wp-content\/uploads\/2024\/12\/Waspe-DOUBLE-FLAVOUR-40k-Vape-Cheap-Price-300x300.jpg\" alt=\"\" width=\"300\" height=\"300\" srcset=\"https:\/\/vapestornado.com\/wp-content\/uploads\/2024\/12\/Waspe-DOUBLE-FLAVOUR-40k-Vape-Cheap-Price-300x300.jpg 300w, https:\/\/vapestornado.com\/wp-content\/uploads\/2024\/12\/Waspe-DOUBLE-FLAVOUR-40k-Vape-Cheap-Price-1024x1024.jpg 1024w, https:\/\/vapestornado.com\/wp-content\/uploads\/2024\/12\/Waspe-DOUBLE-FLAVOUR-40k-Vape-Cheap-Price-150x150.jpg 150w, https:\/\/vapestornado.com\/wp-content\/uploads\/2024\/12\/Waspe-DOUBLE-FLAVOUR-40k-Vape-Cheap-Price-768x768.jpg 768w, https:\/\/vapestornado.com\/wp-content\/uploads\/2024\/12\/Waspe-DOUBLE-FLAVOUR-40k-Vape-Cheap-Price-12x12.jpg 12w, https:\/\/vapestornado.com\/wp-content\/uploads\/2024\/12\/Waspe-DOUBLE-FLAVOUR-40k-Vape-Cheap-Price-600x600.jpg 600w, https:\/\/vapestornado.com\/wp-content\/uploads\/2024\/12\/Waspe-DOUBLE-FLAVOUR-40k-Vape-Cheap-Price-100x100.jpg 100w, https:\/\/vapestornado.com\/wp-content\/uploads\/2024\/12\/Waspe-DOUBLE-FLAVOUR-40k-Vape-Cheap-Price.jpg 1500w\" sizes=\"(max-width: 300px) 100vw, 300px\" \/><\/p>\n<p><img decoding=\"async\" class=\"wp-image-2951\" src=\"https:\/\/vapestornado.com\/wp-content\/uploads\/2024\/12\/Wholesale-Disposable-Vape-265x300.jpg\" alt=\"Ve\u013ekoobchodn\u00fd Jednorazov\u00fd Vape\" width=\"295\" height=\"334\" srcset=\"https:\/\/vapestornado.com\/wp-content\/uploads\/2024\/12\/Wholesale-Disposable-Vape-265x300.jpg 265w, https:\/\/vapestornado.com\/wp-content\/uploads\/2024\/12\/Wholesale-Disposable-Vape-768x871.jpg 768w, https:\/\/vapestornado.com\/wp-content\/uploads\/2024\/12\/Wholesale-Disposable-Vape-600x680.jpg 600w, https:\/\/vapestornado.com\/wp-content\/uploads\/2024\/12\/Wholesale-Disposable-Vape.jpg 823w\" sizes=\"(max-width: 295px) 100vw, 295px\" \/><\/p>\n<h6>Pre z\u013eavnen\u00fa cenu kontaktujte Mandy na WhatsApp:<a href=\"https:\/\/wa.me\/8618077105796\" target=\"_blank\" rel=\"noopener\">+8618077105796<\/a><\/h6>\n<p>&nbsp;<\/p>\n<h2><strong>\u0160pecifik\u00e1cie jednorazov\u00fdch vapiek WASPE 40000 \u0165ahov<\/strong><\/h2>\n<ul>\n<li><strong>Sila nikot\u00ednu<\/strong>: Dostupn\u00e9 v 2 % a 5 % mo\u017enostiach pre prisp\u00f4soben\u00fd z\u00e1\u017eitok z vapovania.<\/li>\n<li><strong>Kapacita \u0165ahov<\/strong>: A\u017e 40 000 \u0165ahov, ide\u00e1lne pre dlhodob\u00e9 pou\u017e\u00edvanie s minim\u00e1lnymi v\u00fdmenami.<\/li>\n<li><strong>Kapacita e-liquidu<\/strong>: Predplnen\u00e9 36 ml pr\u00e9miov\u00e9ho vape d\u017e\u00fasu pre dlhotrvaj\u00face sedenia.<\/li>\n<li><strong>Pokro\u010dil\u00e9 mesh \u0161pir\u00e1lky<\/strong>: Dvojit\u00e9 0,9\u03a9 mesh \u0161pir\u00e1lky poskytuj\u00fa hladk\u00fa, bohat\u00fa paru a zv\u00fdraznen\u00fa chu\u0165.<\/li>\n<li><strong>Nab\u00edjate\u013en\u00e9 cez Type-C<\/strong>: R\u00fdchle a efekt\u00edvne nab\u00edjanie cez Type-C minimalizuje prestoje.<\/li>\n<li><strong>Kapacita bat\u00e9rie<\/strong>: Robustn\u00e1 850 mAh nab\u00edjate\u013en\u00e1 bat\u00e9ria zais\u0165uje konzistentn\u00fd v\u00fdkon.<\/li>\n<li><strong>Inteligentn\u00fd LED displej<\/strong>: Aktualiz\u00e1cie stavu bat\u00e9rie a hladiny e-liquidu v re\u00e1lnom \u010dase pre bezprobl\u00e9mov\u00e9 pou\u017e\u00edvanie.<\/li>\n<li><strong>Technol\u00f3gia du\u00e1lnej pr\u00edchute<\/strong>: Prep\u00ednajte medzi dvoma odli\u0161n\u00fdmi pr\u00edchu\u0165ami pre dynamick\u00fd a prisp\u00f4soben\u00fd z\u00e1\u017eitok z vapovania.<\/li>\n<\/ul>\n<h2><strong>Zoznam pr\u00edchut\u00ed WASPE Tornado Vape 40k Puffs:<\/strong><\/h2>\n<p class=\"selectable-text copyable-text x15bjb6t x1n2onr6\" dir=\"ltr\"><span class=\"selectable-text copyable-text false\">1. Mel\u00f3nov\u00fd \u013ead<\/span><\/p>\n<p class=\"selectable-text copyable-text x15bjb6t x1n2onr6\" dir=\"ltr\"><span class=\"selectable-text copyable-text false x1sdyfia xss6m8b\">2.<\/span><span class=\"selectable-text copyable-text false\"> \u0160umiv\u00fd \u010dere\u0161\u0148ov\u00fd \u013ead<\/span><\/p>\n<p class=\"selectable-text copyable-text x15bjb6t x1n2onr6\" dir=\"ltr\"><span class=\"selectable-text copyable-text false x1sdyfia xss6m8b\">3.<\/span><span class=\"selectable-text copyable-text false\"> Jahodov\u00fd mel\u00f3n<\/span><\/p>\n<p class=\"selectable-text copyable-text x15bjb6t x1n2onr6\" dir=\"ltr\"><span class=\"selectable-text copyable-text false x1sdyfia xss6m8b\">4.<\/span><span class=\"selectable-text copyable-text false\"> Red Bull \u013ead<\/span><\/p>\n<p class=\"selectable-text copyable-text x15bjb6t x1n2onr6\" dir=\"ltr\"><span class=\"selectable-text copyable-text false x1sdyfia xss6m8b\">5.<\/span><span class=\"selectable-text copyable-text false\"> Brosky\u0148ov\u00fd \u013ead<\/span><\/p>\n<p class=\"selectable-text copyable-text x15bjb6t x1n2onr6\" dir=\"ltr\"><span class=\"selectable-text copyable-text false x1sdyfia xss6m8b\">6.<\/span><span class=\"selectable-text copyable-text false\"> Hroznov\u00fd \u013ead<\/span><\/p>\n<p class=\"selectable-text copyable-text x15bjb6t x1n2onr6\" dir=\"ltr\"><span class=\"selectable-text copyable-text false x1sdyfia xss6m8b\">7.<\/span><span class=\"selectable-text copyable-text false\"> Malinov\u00e1 limon\u00e1da s modr\u00fdm n\u00e1dychom<\/span><\/p>\n<p class=\"selectable-text copyable-text x15bjb6t x1n2onr6\" dir=\"ltr\"><span class=\"selectable-text copyable-text false x1sdyfia xss6m8b\">8.<\/span><span class=\"selectable-text copyable-text false\"> Zmie\u0161an\u00e9 bobule<\/span><\/p>\n<p class=\"selectable-text copyable-text x15bjb6t x1n2onr6\" dir=\"ltr\"><span class=\"selectable-text copyable-text false x1sdyfia xss6m8b\">9.<\/span><span class=\"selectable-text copyable-text false\"> Jahoda, malina, \u010dere\u0161\u0148a<\/span><\/p>\n<p class=\"selectable-text copyable-text x15bjb6t x1n2onr6\" dir=\"ltr\"><span class=\"selectable-text copyable-text false x1sdyfia xss6m8b\">10.<\/span><span class=\"selectable-text copyable-text false\"> Jahodov\u00fd ban\u00e1n<\/span><\/p>\n<p class=\"selectable-text copyable-text x15bjb6t x1n2onr6\" dir=\"ltr\"><span class=\"selectable-text copyable-text false x1sdyfia xss6m8b\">11.<\/span><span class=\"selectable-text copyable-text false\"> Jahodov\u00e1 mel\u00f3nov\u00e1 \u017euva\u010dka<\/span><\/p>\n<p class=\"selectable-text copyable-text x15bjb6t x1n2onr6\" dir=\"ltr\"><span class=\"selectable-text copyable-text false x1sdyfia xss6m8b\">12.<\/span><span class=\"selectable-text copyable-text false\"> \u010cere\u0161\u0148ov\u00e1 kola s \u013eadom<\/span><\/p>\n<p class=\"selectable-text copyable-text x15bjb6t x1n2onr6\" dir=\"ltr\"><span class=\"selectable-text copyable-text false x1sdyfia xss6m8b\">13.<\/span><span class=\"selectable-text copyable-text false\"> Kysl\u00e9 jablko a malina<\/span><\/p>\n<p class=\"selectable-text copyable-text x15bjb6t x1n2onr6\" dir=\"ltr\"><span class=\"selectable-text copyable-text false x1sdyfia xss6m8b\">14.<\/span><span class=\"selectable-text copyable-text false\"> Brosky\u0148a a bobule<\/span><\/p>\n<p class=\"selectable-text copyable-text x15bjb6t x1n2onr6\" dir=\"ltr\"><span class=\"selectable-text copyable-text false x1sdyfia xss6m8b\">15.<\/span><span class=\"selectable-text copyable-text false\"> \u010du\u010doriedkov\u00fd \u013ead<\/span><\/p>\n<p class=\"selectable-text copyable-text x15bjb6t x1n2onr6\" dir=\"ltr\"><span class=\"selectable-text copyable-text false x1sdyfia xss6m8b\">16.<\/span><span class=\"selectable-text copyable-text false\"> Jahodov\u00e1 \u010dere\u0161\u0148a<\/span><\/p>\n<div role=\"article\" data-tabster=\"{&quot;groupper&quot;:{&quot;tabbability&quot;:2},&quot;focusable&quot;:{}}\" data-content=\"ai-message\" aria-labelledby=\"dARUyEWDoEYhnSPXFwx5A-author dARUyEWDoEYhnSPXFwx5A-content\">\n<div id=\"dARUyEWDoEYhnSPXFwx5A-content\">\n<h2><strong>Pre\u010do si vybra\u0165 WASPE 40k Puffs Vape Pody na vapestornado.com?<\/strong><\/h2>\n<ul>\n<li><strong>Bezkonkuren\u010dn\u00e1 \u017eivotnos\u0165<\/strong>: S p\u00f4sobiv\u00fdmi 40 000 potiahnutiami je WASPE 40K ide\u00e1lny pre vaperov, ktor\u00ed h\u013eadaj\u00fa dlh\u0161ie pou\u017e\u00edvanie bez \u010dastej v\u00fdmeny.<\/li>\n<li><strong>Pokro\u010dil\u00e1 technol\u00f3gia vapingu<\/strong>: V\u010faka du\u00e1lnym 0,9\u03a9 mesh \u0161pir\u00e1lkam toto zariadenie zais\u0165uje hladk\u00fa paru pln\u00fa chuti pri ka\u017edom potiahnut\u00ed a pon\u00faka pr\u00e9miov\u00fd z\u00e1\u017eitok z vapingu.<\/li>\n<li><strong>Obrovsk\u00e1 kapacita e-liquidu<\/strong>: Predplnen\u00e9 36 ml kvalitn\u00e9ho vape d\u017e\u00fasu, navrhnut\u00e9 pre nepreru\u0161ovan\u00e9, dlhotrvaj\u00face vapovanie.<\/li>\n<li><strong>Pohodln\u00e9 dob\u00edjanie<\/strong>: WASPE 40000 puff, vybaven\u00fd 850mAh Type-C nab\u00edjate\u013enou bat\u00e9riou, poskytuje spo\u013eahliv\u00fd v\u00fdkon a r\u00fdchle nab\u00edjanie, v\u010faka \u010domu ste v\u017edy pripraven\u00ed na vapovanie.<\/li>\n<li><strong>Inovat\u00edvna funkcia du\u00e1lnej pr\u00edchute<\/strong>: Vychutnajte si dve pr\u00edchute v jednom zariaden\u00ed, ktor\u00e9 pon\u00faka prisp\u00f4sobite\u013en\u00fd a dynamick\u00fd z\u00e1\u017eitok z vapingu prisp\u00f4soben\u00fd va\u0161im preferenci\u00e1m.<\/li>\n<li><strong>U\u017e\u00edvate\u013esky pr\u00edvetiv\u00fd dizajn<\/strong>: Inteligentn\u00fd LED displej v\u00e1s informuje o stave bat\u00e9rie a hladine e-liquidu, \u010do prid\u00e1va vrstvu pohodlia do va\u0161ej vapovacej rutiny.<\/li>\n<li><strong>Flexibiln\u00e9 mo\u017enosti nikot\u00ednu<\/strong>: Dostupn\u00e9 v sil\u00e1ch nikot\u00ednu 2% a 5%, vhodn\u00e9 pre za\u010diato\u010dn\u00edkov aj sk\u00fasen\u00fdch vaperov.<\/li>\n<li><strong>Pr\u00e9miov\u00e9 slu\u017eby vapestornado<\/strong>: Nakupovanie na vapestornado.com znamen\u00e1 pr\u00edstup k autentick\u00fdm produktom, konkurencieschopn\u00fdm cen\u00e1m a v\u00fdnimo\u010dnej z\u00e1kazn\u00edckej podpore.<\/li>\n<\/ul>\n<\/div>\n<\/div>\n<h2>\u010casto kladen\u00e9 ot\u00e1zky o <strong>Nab\u00edjate\u013en\u00e9 vapy WASPE 40K Puffs za ve\u013ekoobchodn\u00fa cenu<\/strong><\/h2>\n<p><strong>Ot\u00e1zka 1: Ako m\u00f4\u017eem sledova\u0165 svoju objedn\u00e1vku WASPE VAPES 40k Puffs?<\/strong><br \/>\nOdpove\u010f: Po odoslan\u00ed va\u0161ej objedn\u00e1vky dostanete e-mailom sledovacie \u010d\u00edslo na monitorovanie priebehu doru\u010denia.<\/p>\n<p><strong>Ot\u00e1zka 2: Ak\u00fd je odhadovan\u00fd \u010das doru\u010denia pre WASPE 40000 PUFF?<\/strong><br \/>\nOdpove\u010f: Objedn\u00e1vky odoslan\u00e9 z \u010c\u00edny zvy\u010dajne trvaj\u00fa 7-14 pracovn\u00fdch dn\u00ed, zatia\u013e \u010do objedn\u00e1vky z eur\u00f3pskych skladov dorazia do 3-6 pracovn\u00fdch dn\u00ed.<\/p>\n<p><strong>Ot\u00e1zka 3: M\u00f4\u017eem z\u00edska\u0165 r\u00fdchlej\u0161ie doru\u010denie?<\/strong><br \/>\nOdpove\u010f: Pre r\u00fdchlej\u0161ie doru\u010denie zv\u00e1\u017ete objednanie produktov, ktor\u00e9 s\u00fa na sklade v na\u0161ich eur\u00f3pskych skladoch.<\/p>\n<p><strong>Ot\u00e1zka 4: M\u00f4\u017eem si vybra\u0165 konkr\u00e9tne pr\u00edchute pre WASPE FIHP VAPE 40000 PUFFS?<\/strong><br \/>\nOdpove\u010f: Pr\u00edchute s\u00fa zvy\u010dajne usporiadan\u00e9 n\u00e1hodne, ale pri pokladni m\u00f4\u017eete zanecha\u0165 pozn\u00e1mku s va\u0161imi preferenciami a my sa pok\u00fasime vyhovie\u0165.<\/p>\n<p><strong>Ot\u00e1zka 5: Posielate WASPE 40000 puffs do zahrani\u010dia?<\/strong><br \/>\nOdpove\u010f: \u00c1no, posielame do v\u00e4\u010d\u0161iny kraj\u00edn sveta a zabezpe\u010dujeme coln\u00e9 odbavenie.<\/p>\n<p><strong>Ot\u00e1zka 6: Ako m\u00f4\u017eem kontaktova\u0165 z\u00e1kazn\u00edcky servis?<\/strong><br \/>\nOdpove\u010f: Kontaktujte n\u00e1s e-mailom, cez WhatsApp alebo prostredn\u00edctvom live chatu na na\u0161ej webovej str\u00e1nke pre r\u00fdchlu pomoc.<\/p>","protected":false},"excerpt":{"rendered":"<ul>\n<li><strong>Z\u00edskajte nab\u00edjate\u013en\u00fa vapku WASPE FIHP 40000 \u0165ahov za bezkonkuren\u010dn\u00e9 ceny<\/strong><\/li>\n<li><strong>Ve\u013ekoobchodn\u00e9 ponuky na vapky WASPE FIHP 40K \u0165ahov \u2013 U\u0161etrite ve\u013ea na hromadn\u00fdch objedn\u00e1vkach<\/strong><\/li>\n<li><strong>Nakupujte vapku WASPE 40000 \u0165ahov s dvojitou pr\u00edchu\u0165ou \u2013 Pokro\u010dil\u00e9 funkcie, dostupn\u00e9 ceny<\/strong><\/li>\n<\/ul>\n<figure id=\"attachment_2951\" aria-describedby=\"caption-attachment-2951\" style=\"width: 265px\" class=\"wp-caption alignnone\"><img decoding=\"async\" class=\"size-medium wp-image-2951\" src=\"https:\/\/vapestornado.com\/wp-content\/uploads\/2024\/12\/Wholesale-Disposable-Vape-265x300.jpg\" alt=\"Ve\u013ekoobchodn\u00fd Jednorazov\u00fd Vape\" width=\"265\" height=\"300\" srcset=\"https:\/\/vapestornado.com\/wp-content\/uploads\/2024\/12\/Wholesale-Disposable-Vape-265x300.jpg 265w, https:\/\/vapestornado.com\/wp-content\/uploads\/2024\/12\/Wholesale-Disposable-Vape-768x871.jpg 768w, https:\/\/vapestornado.com\/wp-content\/uploads\/2024\/12\/Wholesale-Disposable-Vape-600x680.jpg 600w, https:\/\/vapestornado.com\/wp-content\/uploads\/2024\/12\/Wholesale-Disposable-Vape.jpg 823w\" sizes=\"(max-width: 265px) 100vw, 265px\" \/><figcaption id=\"caption-attachment-2951\" class=\"wp-caption-text\">Pre z\u013eavnen\u00fa cenu kontaktujte Mandy na WhatsApp\u00a0 <a href=\"https:\/\/wa.me\/8618077105796\">+8618077105796<\/a><\/figcaption><\/figure>\n<p>&nbsp;<\/p>","protected":false},"featured_media":4245,"comment_status":"open","ping_status":"closed","template":"","meta":{"_acf_changed":false,"_uag_custom_page_level_css":"","_lmt_disableupdate":"no","_lmt_disable":"","_monsterinsights_skip_tracking":false,"_monsterinsights_sitenote_active":false,"_monsterinsights_sitenote_note":"","_monsterinsights_sitenote_category":0,"site-sidebar-layout":"default","site-content-layout":"","ast-site-content-layout":"default","site-content-style":"default","site-sidebar-style":"default","ast-global-header-display":"","ast-banner-title-visibility":"","ast-main-header-display":"","ast-hfb-above-header-display":"","ast-hfb-below-header-display":"","ast-hfb-mobile-header-display":"","site-post-title":"","ast-breadcrumbs-content":"","ast-featured-img":"","footer-sml-layout":"","ast-disable-related-posts":"","theme-transparent-header-meta":"default","adv-header-id-meta":"","stick-header-meta":"","header-above-stick-meta":"","header-main-stick-meta":"","header-below-stick-meta":"","astra-migrate-meta-layouts":"set","ast-page-background-enabled":"default","ast-page-background-meta":{"desktop":{"background-color":"","background-image":"","background-repeat":"repeat","background-position":"center center","background-size":"auto","background-attachment":"scroll","background-type":"","background-media":"","overlay-type":"","overlay-color":"","overlay-opacity":"","overlay-gradient":""},"tablet":{"background-color":"","background-image":"","background-repeat":"repeat","background-position":"center center","background-size":"auto","background-attachment":"scroll","background-type":"","background-media":"","overlay-type":"","overlay-color":"","overlay-opacity":"","overlay-gradient":""},"mobile":{"background-color":"","background-image":"","background-repeat":"repeat","background-position":"center center","background-size":"auto","background-attachment":"scroll","background-type":"","background-media":"","overlay-type":"","overlay-color":"","overlay-opacity":"","overlay-gradient":""}},"ast-content-background-meta":{"desktop":{"background-color":"var(--ast-global-color-5)","background-image":"","background-repeat":"repeat","background-position":"center center","background-size":"auto","background-attachment":"scroll","background-type":"","background-media":"","overlay-type":"","overlay-color":"","overlay-opacity":"","overlay-gradient":""},"tablet":{"background-color":"var(--ast-global-color-5)","background-image":"","background-repeat":"repeat","background-position":"center center","background-size":"auto","background-attachment":"scroll","background-type":"","background-media":"","overlay-type":"","overlay-color":"","overlay-opacity":"","overlay-gradient":""},"mobile":{"background-color":"var(--ast-global-color-5)","background-image":"","background-repeat":"repeat","background-position":"center center","background-size":"auto","background-attachment":"scroll","background-type":"","background-media":"","overlay-type":"","overlay-color":"","overlay-opacity":"","overlay-gradient":""}},"_joinchat":{"telephone":"+8618077105796"}},"product_brand":[],"product_cat":[65,149,153,156,157,158,60],"product_tag":[97,89],"class_list":{"0":"post-3171","1":"product","2":"type-product","3":"status-publish","4":"has-post-thumbnail","6":"product_cat-40000-puff","7":"product_cat-buy-disposable-vapes-in-austria","8":"product_cat-buy-disposable-vapes-in-italy","9":"product_cat-buy-disposable-vapes-in-poland","10":"product_cat-buy-disposable-vapes-in-portugal","11":"product_cat-buy-disposable-vapes-in-spain","12":"product_cat-waspe-fihp-vape","13":"product_tag-hot-sale-disposable-vape","14":"product_tag-waspe-40000-puffs","15":"desktop-align-left","16":"tablet-align-left","17":"mobile-align-left","19":"first","20":"instock","21":"sale","22":"shipping-taxable","23":"purchasable","24":"product-type-simple"},"acf":[],"uagb_featured_image_src":{"full":["https:\/\/vapestornado.com\/wp-content\/uploads\/2024\/12\/Waspe-DOUBLE-FLAVOUR-40k-Vape-Cheap-Price.jpg",1500,1500,false],"thumbnail":["https:\/\/vapestornado.com\/wp-content\/uploads\/2024\/12\/Waspe-DOUBLE-FLAVOUR-40k-Vape-Cheap-Price-150x150.jpg",150,150,true],"medium":["https:\/\/vapestornado.com\/wp-content\/uploads\/2024\/12\/Waspe-DOUBLE-FLAVOUR-40k-Vape-Cheap-Price-300x300.jpg",300,300,true],"medium_large":["https:\/\/vapestornado.com\/wp-content\/uploads\/2024\/12\/Waspe-DOUBLE-FLAVOUR-40k-Vape-Cheap-Price-768x768.jpg",768,768,true],"large":["https:\/\/vapestornado.com\/wp-content\/uploads\/2024\/12\/Waspe-DOUBLE-FLAVOUR-40k-Vape-Cheap-Price-1024x1024.jpg",1024,1024,true],"1536x1536":["https:\/\/vapestornado.com\/wp-content\/uploads\/2024\/12\/Waspe-DOUBLE-FLAVOUR-40k-Vape-Cheap-Price.jpg",1500,1500,false],"2048x2048":["https:\/\/vapestornado.com\/wp-content\/uploads\/2024\/12\/Waspe-DOUBLE-FLAVOUR-40k-Vape-Cheap-Price.jpg",1500,1500,false],"trp-custom-language-flag":["https:\/\/vapestornado.com\/wp-content\/uploads\/2024\/12\/Waspe-DOUBLE-FLAVOUR-40k-Vape-Cheap-Price-12x12.jpg",12,12,true],"woocommerce_thumbnail":["https:\/\/vapestornado.com\/wp-content\/uploads\/2024\/12\/Waspe-DOUBLE-FLAVOUR-40k-Vape-Cheap-Price-300x300.jpg",300,300,true],"woocommerce_single":["https:\/\/vapestornado.com\/wp-content\/uploads\/2024\/12\/Waspe-DOUBLE-FLAVOUR-40k-Vape-Cheap-Price-600x600.jpg",600,600,true],"woocommerce_gallery_thumbnail":["https:\/\/vapestornado.com\/wp-content\/uploads\/2024\/12\/Waspe-DOUBLE-FLAVOUR-40k-Vape-Cheap-Price-100x100.jpg",100,100,true]},"uagb_author_info":{"display_name":"ESMANDY","author_link":"https:\/\/vapestornado.com\/sk\/author\/"},"uagb_comment_info":0,"uagb_excerpt":"Get WASPE FIHP 40000 Puff Rechargeable Vape at Unbeatable Prices Wholesale Deals on WASPE FIHP 40K Puffs Vapes \u2013 Save Big on Bulk Orders Shop WASPE 40000 Puffs Dual Flavor Vape \u2013 Advanced Features, Affordable Prices [caption id=\"attachment_2951\" align=\"alignnone\" width=\"265\"] Pls Contact Mandy's WhatsApp For Discount Price\u00a0 +8618077105796[\/caption] &nbsp;","_links":{"self":[{"href":"https:\/\/vapestornado.com\/sk\/wp-json\/wp\/v2\/product\/3171","targetHints":{"allow":["GET"]}}],"collection":[{"href":"https:\/\/vapestornado.com\/sk\/wp-json\/wp\/v2\/product"}],"about":[{"href":"https:\/\/vapestornado.com\/sk\/wp-json\/wp\/v2\/types\/product"}],"replies":[{"embeddable":true,"href":"https:\/\/vapestornado.com\/sk\/wp-json\/wp\/v2\/comments?post=3171"}],"wp:featuredmedia":[{"embeddable":true,"href":"https:\/\/vapestornado.com\/sk\/wp-json\/wp\/v2\/media\/4245"}],"wp:attachment":[{"href":"https:\/\/vapestornado.com\/sk\/wp-json\/wp\/v2\/media?parent=3171"}],"wp:term":[{"taxonomy":"product_brand","embeddable":true,"href":"https:\/\/vapestornado.com\/sk\/wp-json\/wp\/v2\/product_brand?post=3171"},{"taxonomy":"product_cat","embeddable":true,"href":"https:\/\/vapestornado.com\/sk\/wp-json\/wp\/v2\/product_cat?post=3171"},{"taxonomy":"product_tag","embeddable":true,"href":"https:\/\/vapestornado.com\/sk\/wp-json\/wp\/v2\/product_tag?post=3171"}],"curies":[{"name":"wp","href":"https:\/\/api.w.org\/{rel}","templated":true}]}}