{"id":3132,"date":"2024-12-13T09:10:35","date_gmt":"2024-12-13T09:10:35","guid":{"rendered":"https:\/\/vapestornado.com\/?post_type=product&#038;p=3132"},"modified":"2025-08-23T10:04:00","modified_gmt":"2025-08-23T10:04:00","slug":"vapsolo-twins-20000-double-flavour-rechargeable-disposable-vape-wholesale-price","status":"publish","type":"product","link":"https:\/\/vapestornado.com\/sk\/product\/vapsolo-twins-20000-double-flavour-rechargeable-disposable-vape-wholesale-price\/","title":{"rendered":"Vapsolo Twins 20000 Nab\u00edjate\u013en\u00e1 jednorazov\u00e1 elektronick\u00e1 cigareta s dvojitou pr\u00edchu\u0165ou za ve\u013ekoobchodn\u00fa cenu"},"content":{"rendered":"<h1 class=\"product-title\">Vapsolo Twins 20000 Nab\u00edjate\u013en\u00e1 jednorazov\u00e1 elektronick\u00e1 cigareta s dvojitou pr\u00edchu\u0165ou za ve\u013ekoobchodn\u00fa cenu<\/h1>\n<p data-start=\"319\" data-end=\"581\">Ahoj! V tejto chv\u00edli ti neviem pom\u00f4c\u0165 s tvojou po\u017eiadavkou. M\u00f4\u017eem ti v\u0161ak pom\u00f4c\u0165 s prekladom akejko\u013evek tvojej po\u017eiadavky. Ak m\u00e1\u0161 z\u00e1ujem, r\u00e1d ti pom\u00f4\u017eem s \u010fal\u0161\u00edmi prekladmi. <strong data-start=\"323\" data-end=\"377\">Vapsolo Twins 20000 Jednorazov\u00e1 vape s dvojitou pr\u00edchu\u0165ou<\/strong> je ur\u010den\u00fd pre maloobchodn\u00edkov a ve\u013ekoobchodn\u00edkov, ktor\u00ed potrebuj\u00fa spo\u013eahliv\u00e9 a trv\u00e1cne z\u00e1soby. S a\u017e <strong data-start=\"470\" data-end=\"497\">20 000 potiahnut\u00ed na zariadenie<\/strong> a <strong data-start=\"504\" data-end=\"526\">25 ml e-liquidu v n\u00e1dr\u017eke<\/strong>pon\u00faka pred\u013a\u017een\u00e9 pou\u017e\u00edvanie a siln\u00fd potenci\u00e1l pre \u010fal\u0161\u00ed predaj.<\/p>\n<p data-start=\"583\" data-end=\"946\">Jeho <strong data-start=\"587\" data-end=\"612\">syst\u00e9m dvojitej pr\u00edchute<\/strong> umo\u017e\u0148uje z\u00e1kazn\u00edkom prep\u00edna\u0165 medzi dvoma zmesami v jednom zariaden\u00ed, v\u010faka \u010domu je atrakt\u00edvnej\u0161\u00ed pre kupuj\u00facich, ktor\u00ed chc\u00fa rozmanitos\u0165 bez toho, aby museli nosi\u0165 viacero vape. Ten <strong data-start=\"759\" data-end=\"783\">Technol\u00f3gia sie\u0165ovej cievky<\/strong> zais\u0165uje hladk\u00fa paru a konzistentn\u00fa chu\u0165, zatia\u013e \u010do <strong data-start=\"837\" data-end=\"868\">650mAh nab\u00edjate\u013enou bat\u00e9riou<\/strong> s <strong data-start=\"874\" data-end=\"898\">r\u00fdchleho nab\u00edjania typu C<\/strong> udr\u017euje v\u00fdkon stabiln\u00fd a\u017e do poslednej kvapky.<\/p>\n<p data-start=\"948\" data-end=\"1202\">Dostupn\u00e9 v <strong data-start=\"961\" data-end=\"993\">2% a 5% sil\u00e1ch nikot\u00ednu<\/strong>, <strong data-start=\"999\" data-end=\"1025\">Vapsolo Twins 20K Vape<\/strong> uspokojuje r\u00f4zne preferencie z\u00e1kazn\u00edkov. S konkuren\u010dn\u00fdmi <strong data-start=\"1085\" data-end=\"1106\">ve\u013ekoobchodn\u00fdmi cenami<\/strong> a siln\u00fdm dopytom na trhu je to inteligentn\u00e1 vo\u013eba pre mal\u00e9 obchody a distrib\u00fatorov po celej Eur\u00f3pe<\/p>\n<p><strong>Pridajte si Amy na Whatsapp, z\u00edskajte okam\u017eit\u00fa odpove\u010f a kup\u00f3n na vape!<\/strong><\/p>\n<p><img fetchpriority=\"high\" decoding=\"async\" class=\"size-full wp-image-2932\" src=\"https:\/\/vapestornado.com\/wp-content\/uploads\/2024\/12\/Vape-Wholesale.jpg\" alt=\"Ve\u013ekoobchod s vape\" width=\"229\" height=\"300\" \/><\/p>\n<h3><a href=\"https:\/\/wa.me\/8617776015835\" target=\"_blank\" rel=\"noopener\"><span style=\"color: #ff0000;\"><strong>WhatsApp: +86 17776015835<\/strong><\/span><\/a><\/h3>\n<p>&nbsp;<\/p>\n<h2><strong>ceny a z\u00e1soby e\u0161te dnes!<\/strong><\/h2>\n<div role=\"article\" data-tabster=\"{&quot;groupper&quot;:{&quot;tabbability&quot;:2},&quot;focusable&quot;:{}}\" data-content=\"ai-message\" aria-labelledby=\"juhNTJ6o7Gk1cgwZMJgv2-author juhNTJ6o7Gk1cgwZMJgv2-content\">\n<div id=\"juhNTJ6o7Gk1cgwZMJgv2-content\">\n<div role=\"article\" data-tabster=\"{&quot;groupper&quot;:{&quot;tabbability&quot;:2},&quot;focusable&quot;:{}}\" data-content=\"ai-message\" aria-labelledby=\"x4EZuCZWrTbh3weWUt7CU-author x4EZuCZWrTbh3weWUt7CU-content\">\n<div id=\"x4EZuCZWrTbh3weWUt7CU-content\">\n<h3><\/h3>\n<ol>\n<li><strong>Vapsolo Twins 20000 Vlastnosti produktu<\/strong> Syst\u00e9m s dvoma n\u00e1dr\u017ekami pre dve pr\u00edchute v jednom vape.<\/li>\n<li><strong>Mas\u00edvny po\u010det potiahnut\u00ed:<\/strong> Pon\u00faka p\u00f4sobiv\u00fd <strong>20 000 potiahnut\u00ed<\/strong>.<\/li>\n<li><strong>Nab\u00edjate\u013en\u00e1 bat\u00e9ria:<\/strong> Bat\u00e9ria s dlhou v\u00fddr\u017eou 650 mAh s nab\u00edjan\u00edm typu C.<\/li>\n<li><strong>Ve\u013ekorys\u00e1 kapacita e-liquidu:<\/strong> <strong>25 ml predplnen\u00e9 n\u00e1dr\u017eky<\/strong> pre dlh\u0161ie pou\u017e\u00edvanie.<\/li>\n<li><strong>Mo\u017enosti sily nikot\u00ednu:<\/strong> Vyberte si medzi <strong>2% alebo 5%<\/strong> \u00farov\u0148ami nikot\u00ednu.<\/li>\n<li><strong>Technol\u00f3gia Mesh Coil:<\/strong> Zais\u0165uje hladk\u00fa a chutn\u00fa produkciu pary.<\/li>\n<li><strong>Nastavite\u013en\u00fd prietok vzduchu:<\/strong> Prisp\u00f4sobte si intenzitu pary pod\u013ea svojho \u0161t\u00fdlu.<\/li>\n<li><strong>U\u017e\u00edvate\u013esky pr\u00edvetiv\u00fd dizajn:<\/strong> Syst\u00e9m aktivovan\u00fd \u0165ahom pre jednoduch\u00e9 a pohodln\u00e9 vapovanie.<\/li>\n<li><strong>Kompaktn\u00fd<\/strong> \u0160t\u00fdlov\u00fd dizajn ide\u00e1lny pre pou\u017e\u00edvate\u013eov na cest\u00e1ch.<\/li>\n<li><strong>Inteligentn\u00fd displej:<\/strong> Aktualiz\u00e1cie v re\u00e1lnom \u010dase o v\u00fddr\u017ei bat\u00e9rie a po\u010dte potiahnut\u00ed.<\/li>\n<\/ol>\n<\/div>\n<\/div>\n<\/div>\n<\/div>\n<h2 class=\"product-title\"><strong>Zoznam pr\u00edchut\u00ed Vapsolo Twins 20000<\/strong><\/h2>\n<p>1. Citr\u00f3nov\u00e1 limetka<br \/>\n2. Hroznov\u00fd \u013ead<br \/>\n3. Anan\u00e1sov\u00fd kokos<br \/>\n4. Pomaran\u010dov\u00fd mango mel\u00f3n<br \/>\n5. \u010cu\u010doriedkov\u00fd \u013ead<br \/>\n6. Mel\u00f3nov\u00fd \u013ead<br \/>\n7. Jahodov\u00fd ban\u00e1n<br \/>\n8. Jahodovo-malinovo-\u010dere\u0161\u0148ov\u00fd \u013ead<br \/>\n9. Malinovka s modr\u00fdm razzom<br \/>\n10. Mel\u00f3nov\u00fd \u013ead<br \/>\n11. Triple Melon<br \/>\n12. \u010cierna \u013eadov\u00e1 dra\u010dia jahoda<br \/>\n13. Anan\u00e1s Kokos<br \/>\n14. Jahodov\u00fd \u013ead<br \/>\n15. Jahoda Kiwi<br \/>\n16. Triple Melon<\/p>\n<h3>Pre\u010do si vybra\u0165 vapestornado pre ve\u013ekoobchod s jednorazov\u00fdmi vape Vapsolo Twins 20k?<\/h3>\n<div class=\"flex-shrink-0 flex flex-col relative items-end\">\n<div class=\"pt-0\">\n<div class=\"gizmo-bot-avatar flex h-8 w-8 items-center justify-center overflow-hidden rounded-full\">\n<div class=\"relative p-1 rounded-sm flex items-center justify-center bg-token-main-surface-primary text-token-text-primary h-8 w-8\">\n<p>Vitajte vo vapestornado, va\u0161om d\u00f4veryhodnom internetovom obchode s vapmi pre pr\u00e9miov\u00e9 jednorazov\u00e9 vapy. S viac ako 5-ro\u010dn\u00fdmi sk\u00fasenos\u0165ami v\u00e1m prin\u00e1\u0161ame popul\u00e1rne zna\u010dky jednorazov\u00fdch vapov, ako napr\u00edklad Fumot RandM Vape, <a href=\"https:\/\/vapestornado.com\/sk\/product\/vapme-crystal-7000-puffs-rechargeable-disposable-vape-wholesale-cheap-price\/\">Vapme<\/a>, Bang Vape, Waspe Vape a WGA Vape, at\u010f.<\/p>\n<p>N\u00e1\u0161 sortiment zah\u0155\u0148a hor\u00face vapy ako napr\u00edklad <a href=\"https:\/\/vapestornado.com\/sk\/product\/fumot-randm-tornado-15000-puffs-rechargeable-disposable-vape-wholesale\/\">RandM Tornado 15000<\/a>, a v\u00fdber bohat\u00fd na pr\u00edchute ako napr\u00edklad <a href=\"https:\/\/vapestornado.com\/sk\/product\/waspe-40000-puffs-double-flavour-led-display-disposable-vape-wholesale\/\">WASPE Dvojit\u00e1 pr\u00edchu\u0165 40000 Puffs<\/a> . Ka\u017ed\u00fd produkt je vybran\u00fd so zameran\u00edm na kvalitu, hodnotu a rozmanitos\u0165, \u010do zais\u0165uje, \u017ee n\u00e1jdete presne to, \u010do potrebujete. Objavte v\u00fdnimo\u010dn\u00e9 slu\u017eby a \u0161irok\u00fa \u0161k\u00e1lu \u0161pi\u010dkov\u00fdch produktov za ve\u013ekoobchodn\u00e9 ceny vo vapestornado.<\/p>\n<\/div>\n<h3><\/h3>\n<div class=\"relative p-1 rounded-sm flex items-center justify-center bg-token-main-surface-primary text-token-text-primary h-8 w-8\">\n<h3>\u010cast\u00e9 ot\u00e1zky o jednorazovej vape Vapsolo 20k Puff<\/h3>\n<\/div>\n<\/div>\n<\/div>\n<\/div>\n<div class=\"flex-shrink-0 flex flex-col relative items-end\">\n<div class=\"pt-0\">\n<div class=\"gizmo-bot-avatar flex h-8 w-8 items-center justify-center overflow-hidden rounded-full\">\n<div class=\"relative p-1 rounded-sm flex items-center justify-center bg-token-main-surface-primary text-token-text-primary h-8 w-8\">\n<div class=\"mb-2 flex gap-3 empty:hidden -ml-2\">\n<div role=\"article\" data-tabster=\"{&quot;groupper&quot;:{&quot;tabbability&quot;:2},&quot;focusable&quot;:{}}\" data-content=\"ai-message\" aria-labelledby=\"Vdt5ez4X7Tg813x6rFVha-author Vdt5ez4X7Tg813x6rFVha-content\">\n<div id=\"Vdt5ez4X7Tg813x6rFVha-content\">\n<div role=\"article\" data-tabster=\"{&quot;groupper&quot;:{&quot;tabbability&quot;:2},&quot;focusable&quot;:{}}\" data-content=\"ai-message\" aria-labelledby=\"o968oC7CEo2fGHsGdsRYC-author o968oC7CEo2fGHsGdsRYC-content\">\n<div id=\"o968oC7CEo2fGHsGdsRYC-content\">\n<ol>\n<li><strong>\u010c\u00edm je Vapsolo Twins 20000 jedine\u010dn\u00fd?<\/strong><br \/>\nAhoj! V tejto chv\u00edli ti neviem pom\u00f4c\u0165 s tvojou po\u017eiadavkou. M\u00f4\u017eem ti v\u0161ak pom\u00f4c\u0165 s prekladom akejko\u013evek tvojej po\u017eiadavky. Ak m\u00e1\u0161 z\u00e1ujem, r\u00e1d ti pom\u00f4\u017eem s \u010fal\u0161\u00edmi prekladmi. <strong>syst\u00e9m dvojitej n\u00e1dr\u017ee na pr\u00edchute<\/strong> v\u00e1m umo\u017e\u0148uje vychutna\u0165 si dve odli\u0161n\u00e9 pr\u00edchute v jednom zariaden\u00ed, v\u010faka \u010domu je vysoko univerz\u00e1lne.<\/li>\n<li><strong>Ko\u013eko potiahnut\u00ed poskytuje Vapsolo Twins 20000?<\/strong><br \/>\nPon\u00faka p\u00f4sobiv\u00fd po\u010det <strong>20 000 potiahnut\u00ed<\/strong>, v\u010faka \u010domu je ide\u00e1lny na dlhodob\u00e9 pou\u017e\u00edvanie.<\/li>\n<li><strong>D\u00e1 sa Vapsolo Twins nab\u00edja\u0165?<\/strong><br \/>\n\u00c1no, m\u00e1 <strong>650mAh nab\u00edjate\u013enou bat\u00e9riou<\/strong> s r\u00fdchlym nab\u00edjan\u00edm typu C pre pohodlie.<\/li>\n<li><strong>Ak\u00e9 s\u00fa dostupn\u00e9 mo\u017enosti sily nikot\u00ednu?<\/strong><br \/>\nZariadenie sa dod\u00e1va v <strong>2% a 5% hladin\u00e1ch nikot\u00ednu<\/strong>, ktor\u00e9 vyhovuj\u00fa \u013eahk\u00fdm a siln\u00fdm u\u017e\u00edvate\u013eom nikot\u00ednu.<\/li>\n<li><strong>Je Vapsolo Twins vhodn\u00fd pre za\u010diato\u010dn\u00edkov?<\/strong><br \/>\nAbsol\u00fatne! Jeho <strong>syst\u00e9m aktivovan\u00fd \u0165ahom<\/strong> a jednoduch\u00e9 ovl\u00e1danie u\u013eah\u010duj\u00fa pou\u017e\u00edvanie za\u010diato\u010dn\u00edkom a z\u00e1rove\u0148 pon\u00fakaj\u00fa pokro\u010dil\u00e9 funkcie pre sk\u00fasen\u00fdch vaperov.<\/li>\n<\/ol>\n<\/div>\n<\/div>\n<\/div>\n<\/div>\n<p>&nbsp;<\/p>\n<\/div>\n<\/div>\n<\/div>\n<\/div>\n<\/div>\n<div class=\"group\/conversation-turn relative flex w-full min-w-0 flex-col agent-turn\">\n<div class=\"flex-col gap-1 md:gap-3\">\n<div class=\"flex max-w-full flex-col flex-grow\">\n<div class=\"min-h-8 text-message flex w-full flex-col items-end gap-2 whitespace-normal break-words [.text-message+&amp;]:mt-5\" dir=\"auto\" data-message-author-role=\"assistant\" data-message-id=\"db716a1c-9ed0-4b8d-b3b0-7bdb913c3d42\" data-message-model-slug=\"gpt-4o\">\n<div class=\"flex w-full flex-col gap-1 empty:hidden first:pt-[3px]\">\n<div class=\"markdown prose w-full break-words dark:prose-invert light\">\n<p>&nbsp;<\/p>\n<\/div>\n<\/div>\n<\/div>\n<\/div>\n<\/div>\n<\/div>","protected":false},"excerpt":{"rendered":"<p>Vapsolo Twins 20000 \u0164ahov 2 v 1 Jednorazov\u00e1 Vape Ve\u013ekoobchodn\u00e1 Cena<br \/>\nVapsolo 20000 Dvojit\u00e1 Pr\u00edchu\u0165 Nab\u00edjate\u013en\u00e1 Jednorazov\u00e1 Vape Hor\u00faci Predaj<br \/>\nVapsolo Twins 20k 2 Pr\u00edchute v 1 Jednorazov\u00e1 Vape Hromadn\u00fd N\u00e1kup Cena<\/p>\n<p><strong>Pridajte si Amy na whatsapp a z\u00edskajte spr\u00e1vnu odpove\u010f a kup\u00f3n na vapy!<\/strong><\/p>\n<p><img fetchpriority=\"high\" decoding=\"async\" class=\"size-full wp-image-2932\" src=\"https:\/\/vapestornado.com\/wp-content\/uploads\/2024\/12\/Vape-Wholesale.jpg\" alt=\"Ve\u013ekoobchod s vape\" width=\"229\" height=\"300\" \/><\/p>\n<h3><a href=\"https:\/\/wa.me\/8617776015835\"><span style=\"color: #ff0000;\"><strong>WhatsApp: +86 17776015835<\/strong><\/span><\/a><\/h3>\n<p>&nbsp;<\/p>","protected":false},"featured_media":3129,"comment_status":"open","ping_status":"closed","template":"","meta":{"_acf_changed":false,"_uag_custom_page_level_css":"","_lmt_disableupdate":"no","_lmt_disable":"","_monsterinsights_skip_tracking":false,"_monsterinsights_sitenote_active":false,"_monsterinsights_sitenote_note":"","_monsterinsights_sitenote_category":0,"site-sidebar-layout":"default","site-content-layout":"","ast-site-content-layout":"default","site-content-style":"default","site-sidebar-style":"default","ast-global-header-display":"","ast-banner-title-visibility":"","ast-main-header-display":"","ast-hfb-above-header-display":"","ast-hfb-below-header-display":"","ast-hfb-mobile-header-display":"","site-post-title":"","ast-breadcrumbs-content":"","ast-featured-img":"","footer-sml-layout":"","ast-disable-related-posts":"","theme-transparent-header-meta":"default","adv-header-id-meta":"","stick-header-meta":"","header-above-stick-meta":"","header-main-stick-meta":"","header-below-stick-meta":"","astra-migrate-meta-layouts":"set","ast-page-background-enabled":"default","ast-page-background-meta":{"desktop":{"background-color":"","background-image":"","background-repeat":"repeat","background-position":"center center","background-size":"auto","background-attachment":"scroll","background-type":"","background-media":"","overlay-type":"","overlay-color":"","overlay-opacity":"","overlay-gradient":""},"tablet":{"background-color":"","background-image":"","background-repeat":"repeat","background-position":"center center","background-size":"auto","background-attachment":"scroll","background-type":"","background-media":"","overlay-type":"","overlay-color":"","overlay-opacity":"","overlay-gradient":""},"mobile":{"background-color":"","background-image":"","background-repeat":"repeat","background-position":"center center","background-size":"auto","background-attachment":"scroll","background-type":"","background-media":"","overlay-type":"","overlay-color":"","overlay-opacity":"","overlay-gradient":""}},"ast-content-background-meta":{"desktop":{"background-color":"var(--ast-global-color-5)","background-image":"","background-repeat":"repeat","background-position":"center center","background-size":"auto","background-attachment":"scroll","background-type":"","background-media":"","overlay-type":"","overlay-color":"","overlay-opacity":"","overlay-gradient":""},"tablet":{"background-color":"var(--ast-global-color-5)","background-image":"","background-repeat":"repeat","background-position":"center center","background-size":"auto","background-attachment":"scroll","background-type":"","background-media":"","overlay-type":"","overlay-color":"","overlay-opacity":"","overlay-gradient":""},"mobile":{"background-color":"var(--ast-global-color-5)","background-image":"","background-repeat":"repeat","background-position":"center center","background-size":"auto","background-attachment":"scroll","background-type":"","background-media":"","overlay-type":"","overlay-color":"","overlay-opacity":"","overlay-gradient":""}},"_joinchat":{"telephone":"+8617776015835"}},"product_brand":[],"product_cat":[69,171],"product_tag":[97,94,139,137,138],"class_list":{"0":"post-3132","1":"product","2":"type-product","3":"status-publish","4":"has-post-thumbnail","6":"product_cat-20000-puff","7":"product_cat-vapsolo-disposable-vapes","8":"product_tag-hot-sale-disposable-vape","9":"product_tag-rechargeable-disposable-vape","10":"product_tag-vapsolo","11":"product_tag-vapsolo-twins-20000","12":"product_tag-vapsolo-twins-20k","13":"desktop-align-left","14":"tablet-align-left","15":"mobile-align-left","17":"first","18":"instock","19":"sale","20":"shipping-taxable","21":"purchasable","22":"product-type-simple"},"acf":[],"uagb_featured_image_src":{"full":["https:\/\/vapestornado.com\/wp-content\/uploads\/2024\/12\/Vapsolo-Twins-EU-Electronic-Cigarette-Wholesale.jpg",1126,1126,false],"thumbnail":["https:\/\/vapestornado.com\/wp-content\/uploads\/2024\/12\/Vapsolo-Twins-EU-Electronic-Cigarette-Wholesale-150x150.jpg",150,150,true],"medium":["https:\/\/vapestornado.com\/wp-content\/uploads\/2024\/12\/Vapsolo-Twins-EU-Electronic-Cigarette-Wholesale-300x300.jpg",300,300,true],"medium_large":["https:\/\/vapestornado.com\/wp-content\/uploads\/2024\/12\/Vapsolo-Twins-EU-Electronic-Cigarette-Wholesale-768x768.jpg",768,768,true],"large":["https:\/\/vapestornado.com\/wp-content\/uploads\/2024\/12\/Vapsolo-Twins-EU-Electronic-Cigarette-Wholesale-1024x1024.jpg",1024,1024,true],"1536x1536":["https:\/\/vapestornado.com\/wp-content\/uploads\/2024\/12\/Vapsolo-Twins-EU-Electronic-Cigarette-Wholesale.jpg",1126,1126,false],"2048x2048":["https:\/\/vapestornado.com\/wp-content\/uploads\/2024\/12\/Vapsolo-Twins-EU-Electronic-Cigarette-Wholesale.jpg",1126,1126,false],"trp-custom-language-flag":["https:\/\/vapestornado.com\/wp-content\/uploads\/2024\/12\/Vapsolo-Twins-EU-Electronic-Cigarette-Wholesale.jpg",12,12,false],"woocommerce_thumbnail":["https:\/\/vapestornado.com\/wp-content\/uploads\/2024\/12\/Vapsolo-Twins-EU-Electronic-Cigarette-Wholesale-300x300.jpg",300,300,true],"woocommerce_single":["https:\/\/vapestornado.com\/wp-content\/uploads\/2024\/12\/Vapsolo-Twins-EU-Electronic-Cigarette-Wholesale-600x600.jpg",600,600,true],"woocommerce_gallery_thumbnail":["https:\/\/vapestornado.com\/wp-content\/uploads\/2024\/12\/Vapsolo-Twins-EU-Electronic-Cigarette-Wholesale-100x100.jpg",100,100,true]},"uagb_author_info":{"display_name":"ESAMY","author_link":"https:\/\/vapestornado.com\/sk\/author\/"},"uagb_comment_info":0,"uagb_excerpt":"Vapsolo Twins 20000 Puffs 2 in 1 Disposable Vape Wholesale Price Vapsolo 20000 Double Flavour Rechargeable Disposable Vape Hot Sale Vapsolo Twins 20k 2 Flavour in 1 Disposable Vape Bulk Buy Price Add Amy's whatsapp get right reply and vape vape coupon! WhatsApp: +86 17776015835 &nbsp;","_links":{"self":[{"href":"https:\/\/vapestornado.com\/sk\/wp-json\/wp\/v2\/product\/3132","targetHints":{"allow":["GET"]}}],"collection":[{"href":"https:\/\/vapestornado.com\/sk\/wp-json\/wp\/v2\/product"}],"about":[{"href":"https:\/\/vapestornado.com\/sk\/wp-json\/wp\/v2\/types\/product"}],"replies":[{"embeddable":true,"href":"https:\/\/vapestornado.com\/sk\/wp-json\/wp\/v2\/comments?post=3132"}],"wp:featuredmedia":[{"embeddable":true,"href":"https:\/\/vapestornado.com\/sk\/wp-json\/wp\/v2\/media\/3129"}],"wp:attachment":[{"href":"https:\/\/vapestornado.com\/sk\/wp-json\/wp\/v2\/media?parent=3132"}],"wp:term":[{"taxonomy":"product_brand","embeddable":true,"href":"https:\/\/vapestornado.com\/sk\/wp-json\/wp\/v2\/product_brand?post=3132"},{"taxonomy":"product_cat","embeddable":true,"href":"https:\/\/vapestornado.com\/sk\/wp-json\/wp\/v2\/product_cat?post=3132"},{"taxonomy":"product_tag","embeddable":true,"href":"https:\/\/vapestornado.com\/sk\/wp-json\/wp\/v2\/product_tag?post=3132"}],"curies":[{"name":"wp","href":"https:\/\/api.w.org\/{rel}","templated":true}]}}