{"id":3107,"date":"2024-12-13T02:59:26","date_gmt":"2024-12-13T02:59:26","guid":{"rendered":"https:\/\/vapestornado.com\/?post_type=product&#038;p=3107"},"modified":"2025-08-22T10:31:24","modified_gmt":"2025-08-22T10:31:24","slug":"randm-tornado-music-30000-puffs-fumot-bulk-sale-disposable","status":"publish","type":"product","link":"https:\/\/vapestornado.com\/sk\/product\/randm-tornado-music-30000-puffs-fumot-bulk-sale-disposable\/","title":{"rendered":"Randm Tornado Music 30000 Fumot Ve\u013ekoobchod Predaj Jednorazov\u00e9 Vape"},"content":{"rendered":"<h1>Randm Tornado Music 30000 Puffs Fumot Ve\u013ekoobchodn\u00fd predaj jednorazovej vape<\/h1>\n<p data-start=\"293\" data-end=\"626\">Ahoj! V tejto chv\u00edli ti neviem pom\u00f4c\u0165 s tvojou po\u017eiadavkou. M\u00f4\u017eem ti v\u0161ak pom\u00f4c\u0165 s prekladom akejko\u013evek tvojej po\u017eiadavky. Ak m\u00e1\u0161 z\u00e1ujem, r\u00e1d ti pom\u00f4\u017eem s \u010fal\u0161\u00edmi prekladmi. <strong data-start=\"297\" data-end=\"364\">Randm Tornado Music 30000 Puffs Fumot Ve\u013ekoobchodn\u00fd predaj jednorazovej vape<\/strong> je ur\u010den\u00e1 pre vaperov, ktor\u00ed chc\u00fa dlhotrvaj\u00faci v\u00fdkon a pohodlie. S p\u00f4sobiv\u00fdm <strong data-start=\"458\" data-end=\"482\">Kapacita 30 000 potiahnut\u00ed<\/strong>, a <strong data-start=\"486\" data-end=\"517\">600mAh nab\u00edjate\u013en\u00e1 bat\u00e9ria<\/strong>a pokro\u010dilou <strong data-start=\"532\" data-end=\"569\">technol\u00f3giou pr\u00fadenia vzduchu s 1,0\u03a9 mesh cievkou<\/strong>poskytuje hladk\u00fa a konzistentn\u00fa paru pri ka\u017edom potiahnut\u00ed.<\/p>\n<p data-start=\"628\" data-end=\"848\">Kompaktn\u00fd a \u0161t\u00fdlov\u00fd Tornado Music 30K sa \u013eahko pren\u00e1\u0161a a je ide\u00e1lny na celodenn\u00e9 vapovanie. Predplnen\u00fd \u0161irokou \u0161k\u00e1lou <strong data-start=\"750\" data-end=\"771\">30 jedine\u010dn\u00fdch pr\u00edchut\u00ed<\/strong>pon\u00faka nie\u010do pre ka\u017ed\u00fa chu\u0165 \u2013 od ovocn\u00fdch po \u013eadov\u00e9 zmesi.<\/p>\n<p data-start=\"850\" data-end=\"1048\">Pre ve\u013ekoobchodn\u00edkov a maloobchodn\u00edkov <strong data-start=\"885\" data-end=\"920\">Fumot Randm 30k Jednorazov\u00e1 Vape<\/strong> kombinuje vysok\u00fa kapacitu, siln\u00e9 rozpoznanie zna\u010dky a hodnotu ve\u013ekoobchodn\u00e9ho predaja, \u010do z nej rob\u00ed ziskov\u00fa vo\u013ebu pre slovensk\u00fd trh.<\/p>\n<p><img fetchpriority=\"high\" decoding=\"async\" class=\"wp-image-3114 alignleft\" src=\"https:\/\/vapestornado.com\/wp-content\/uploads\/2024\/12\/Randm-tornado-vape-30000-puffs.jpg\" alt=\"Randm tornado vape 30000 \u0165ahov ve\u013ekoobchodn\u00e1 cena\" width=\"559\" height=\"559\" srcset=\"https:\/\/vapestornado.com\/wp-content\/uploads\/2024\/12\/Randm-tornado-vape-30000-puffs.jpg 800w, https:\/\/vapestornado.com\/wp-content\/uploads\/2024\/12\/Randm-tornado-vape-30000-puffs-300x300.jpg 300w, https:\/\/vapestornado.com\/wp-content\/uploads\/2024\/12\/Randm-tornado-vape-30000-puffs-150x150.jpg 150w, https:\/\/vapestornado.com\/wp-content\/uploads\/2024\/12\/Randm-tornado-vape-30000-puffs-768x768.jpg 768w, https:\/\/vapestornado.com\/wp-content\/uploads\/2024\/12\/Randm-tornado-vape-30000-puffs-600x600.jpg 600w, https:\/\/vapestornado.com\/wp-content\/uploads\/2024\/12\/Randm-tornado-vape-30000-puffs-100x100.jpg 100w\" sizes=\"(max-width: 559px) 100vw, 559px\" \/><\/p>\n<p style=\"padding-left: 40px;\">\u00a0<img decoding=\"async\" class=\"wp-image-3124 alignleft\" src=\"https:\/\/vapestornado.com\/wp-content\/uploads\/2024\/12\/LYN-whatsapp-846x1024.jpg\" alt=\"LYN whatsapp\" width=\"290\" height=\"351\" srcset=\"https:\/\/vapestornado.com\/wp-content\/uploads\/2024\/12\/LYN-whatsapp-846x1024.jpg 846w, https:\/\/vapestornado.com\/wp-content\/uploads\/2024\/12\/LYN-whatsapp-248x300.jpg 248w, https:\/\/vapestornado.com\/wp-content\/uploads\/2024\/12\/LYN-whatsapp-768x930.jpg 768w, https:\/\/vapestornado.com\/wp-content\/uploads\/2024\/12\/LYN-whatsapp-600x726.jpg 600w, https:\/\/vapestornado.com\/wp-content\/uploads\/2024\/12\/LYN-whatsapp.jpg 1046w\" sizes=\"(max-width: 290px) 100vw, 290px\" \/><\/p>\n<p><em><strong><span style=\"color: #ff0000;\">Kontaktujte ma naskenovan\u00edm tohto k\u00f3du, ak sa chcete dozvedie\u0165 viac o potiahnutiach<\/span><\/strong><\/em><\/p>\n<p><em><strong>Whatsapp\uff1a<a href=\"https:\/\/wa.me\/8617840853976\" target=\"_blank\" rel=\"noopener\">+86178 4085 3976<\/a><\/strong><\/em><\/p>\n<p>&nbsp;<\/p>\n<h2><\/h2>\n<h2><strong>Hlavn\u00e9 vlastnosti produktu Pre 30k Music Fumot Vape.<br \/>\n<\/strong><\/h2>\n<p>(1) bat\u00e9ria\uff1a<span style=\"color: #ff0000;\">600mAh<\/span> nab\u00edjate\u013en\u00e1, aby sa zabezpe\u010dil dlhotrvaj\u00faci v\u00fdkon.<\/p>\n<p>(2) Nikot\u00edn\uff1aposkytuje <span style=\"color: #ff0000;\">2%\/5% nikot\u00edn<\/span> na v\u00fdber pre r\u00f4znych pou\u017e\u00edvate\u013eov.<\/p>\n<p>(3) Potiahnutia: pon\u00faka<span style=\"color: #ff0000;\">30 000 potiahnut\u00ed<\/span>,m\u00f4\u017ee sa pou\u017e\u00edva\u0165 dlh\u00fa dobu a bez potreby \u010dastej v\u00fdmeny.<\/p>\n<p>(4) <span style=\"color: #ff0000;\">30 pr\u00edchut\u00ed<\/span>\uff1aje mo\u017en\u00e9 vybra\u0165 si viac pr\u00edchut\u00ed a 50ks si m\u00f4\u017ee vybra\u0165 aspo\u0148 5 pr\u00edchut\u00ed.<\/p>\n<p>(5) Nab\u00edjac\u00ed port\uff1a<span style=\"color: #ff0000;\">Typ-C<\/span> rozhranie r\u00fdchleho nab\u00edjania, podporuje funkciu nab\u00edjania.<\/p>\n<p>(6) <span style=\"color: #ff0000;\">Hudobn\u00e9 svetlo<\/span>\uff1aSvetlo Randm 30k sa bude meni\u0165 synchronizovane s hudbou po\u010das pou\u017e\u00edvania, \u010d\u00edm sa vytvor\u00ed vylep\u0161en\u00fd z\u00e1\u017eitok z vapovania.<\/p>\n<h2><strong>Ak\u00e9 pr\u00edchute s\u00fa dostupn\u00e9 pre 30k Fumot jednorazov\u00fa vape?<br \/>\n<\/strong><\/h2>\n<p><em><span style=\"color: #000000;\"><strong>1. Ban\u00e1nov\u00fd \u013ead: <\/strong><\/span><\/em>Jemn\u00e1 zmes zrel\u00fdch ban\u00e1nov s osvie\u017euj\u00facim \u013eadov\u00fdm z\u00e1verom.<br \/>\n<span style=\"color: #000000;\"><strong><em>2. \u010cierny \u013ead:<\/em> <\/strong><\/span>V\u00fdrazn\u00e1 \u010dierna r\u00edbez\u013ea s chladiv\u00fdm mentolov\u00fdm n\u00e1dychom.<br \/>\n<em><strong><span style=\"color: #000000;\">3. Modr\u00fd Razz \u013ead:<\/span> <\/strong><\/em>Sladk\u00e1 a pikantn\u00e1 modr\u00e1 malina s mraziv\u00fdm kopancom.<br \/>\n<em><strong><span style=\"color: #000000;\">4. \u010cu\u010doriedka na \u013eade:<\/span><\/strong> <\/em>\u0160\u0165avnat\u00e9 \u010du\u010doriedky sp\u00e1rovan\u00e9 s mraziv\u00fdm mentolov\u00fdm v\u00e1nkom.<br \/>\n<em><strong><span style=\"color: #000000;\">5. \u010cu\u010doriedkov\u00e1 malina:<\/span><\/strong><\/em> Lahodn\u00e1 zmes sladk\u00fdch \u010du\u010doriedok a kysl\u00fdch mal\u00edn.<br \/>\n<em><strong><span style=\"color: #000000;\">6. Kysl\u00e1 \u010du\u010doriedkov\u00e1 malina:<\/span> <\/strong><\/em>\u010cu\u010doriedky a maliny s kysl\u00fdm okrajom.<br \/>\n<em><strong><span style=\"color: #000000;\">7. \u010cere\u0161\u0148ov\u00fd \u013ead:<\/span> <\/strong><\/em>Sladk\u00e9 \u010dere\u0161ne s osvie\u017euj\u00facim \u013eadov\u00fdm dotykom.<br \/>\n<em><strong><span style=\"color: #000000;\">8. \u010cere\u0161\u0148ov\u00e1 kola:<\/span> <\/strong><\/em>Klasick\u00e1 pr\u00edchu\u0165 koly s n\u00e1dychom \u010dere\u0161ne.<br \/>\n<em><strong><span style=\"color: #000000;\">9. Kola \u013ead:<\/span> <\/strong><\/em>\u0160umiv\u00e1 kola s chladiv\u00fdm mentolov\u00fdm z\u00e1verom.<br \/>\n<em><strong><span style=\"color: #000000;\">10. Chladiv\u00e1 m\u00e4ta:<\/span><\/strong> <\/em>Svie\u017ea a osvie\u017euj\u00faca m\u00e4tov\u00e1 pr\u00edchu\u0165.<br \/>\n<em><strong><span style=\"color: #000000;\">11. Dvojit\u00e9 jablko:<\/span><\/strong> <\/em>Zmes sladk\u00fdch a kysl\u00fdch jab\u013ak.<br \/>\n<em><strong><span style=\"color: #000000;\">12. Dr. Blue:<\/span><\/strong> <\/em>Tajomn\u00e1 zmes bob\u00fa\u013e s chladiv\u00fdm z\u00e1verom.<br \/>\n<em><strong><span style=\"color: #000000;\">13. Hroznov\u00fd \u013ead:<\/span> <\/strong><\/em>Sladk\u00e9 hrozno s mraziv\u00fdm mentolov\u00fdm n\u00e1dychom.<br \/>\n<em><strong><span style=\"color: #000000;\">14. \u013dadov\u00e1 \u0161\u0165ava:<\/span> <\/strong><\/em>Nostalgick\u00e1 zmes ovocn\u00fdch pr\u00edchut\u00ed nanukov.<br \/>\n<em><strong><span style=\"color: #000000;\">15. Kiwi Passion Fruit Guava:<\/span><\/strong> <\/em>Exotick\u00e1 zmes kiwi, mu\u010denky a guavy.<br \/>\n<em><strong><span style=\"color: #000000;\">16. Love 66:<\/span> <\/strong><\/em>Jedine\u010dn\u00e1 zmes tropick\u00e9ho ovocia s n\u00e1dychom mentolu.<br \/>\n<em><strong><span style=\"color: #000000;\">17. Lush Ice:<\/span><\/strong> <\/em>Mel\u00f3n s osvie\u017euj\u00facim \u013eadov\u00fdm z\u00e1verom.<br \/>\n<em><strong><span style=\"color: #000000;\">18. Zmie\u0161an\u00e9 bobule:<\/span><\/strong><\/em> Zmes r\u00f4znych bob\u00fa\u013e.<br \/>\n<em><strong><span style=\"color: #000000;\">19. Brosky\u0148ov\u00e1 bobu\u013ea:<\/span> <\/strong><\/em>\u0160\u0165avnat\u00e9 broskyne s bobu\u013eov\u00fdm n\u00e1dychom.<br \/>\n<em><strong><span style=\"color: #000000;\">20. Brosky\u0148ov\u00fd \u013ead:<\/span> <\/strong><\/em>Sladk\u00e9 broskyne s chladiv\u00fdm mentolov\u00fdm z\u00e1verom.<br \/>\n<em><strong><span style=\"color: #000000;\">21. Brosky\u0148ov\u00e9 mango anan\u00e1s:<\/span><\/strong> <\/em>Tropick\u00e1 zmes broskyne, manga a anan\u00e1su.<br \/>\n<em><strong><span style=\"color: #000000;\">22. Anan\u00e1sov\u00fd \u013ead:<\/span> <\/strong><\/em>Sladk\u00fd a pikantn\u00fd anan\u00e1s s mraziv\u00fdm dotykom.<br \/>\n<em><strong><span style=\"color: #000000;\">23. Ru\u017eov\u00e1 limon\u00e1da:<\/span> <\/strong><\/em>\u0160tip\u013eav\u00e1 limon\u00e1da s n\u00e1dychom bob\u00fa\u013e.<br \/>\n<em><strong><span style=\"color: #000000;\">24. Skittles:<\/span> <\/strong><\/em>D\u00faha ovocn\u00fdch pr\u00edchut\u00ed.<br \/>\n<em><strong><span style=\"color: #000000;\">25. Jahodov\u00fd ban\u00e1n:<\/span> <\/strong><\/em>Klasick\u00e1 zmes sladk\u00fdch jah\u00f4d a kr\u00e9mov\u00fdch ban\u00e1nov.<br \/>\n<em><strong><span style=\"color: #000000;\">26. Jahodov\u00e9 hrozno:<\/span><\/strong> <\/em>Sladk\u00e9 jahody v kombin\u00e1cii so \u0161\u0165avnat\u00fdm hroznom.<br \/>\n<em><strong><span style=\"color: #000000;\">27. Jahodov\u00e1 zmrzlina:<\/span><\/strong> <\/em>\u010cerstv\u00e9 jahody s chladiv\u00fdm mentolov\u00fdm zakon\u010den\u00edm.<br \/>\n<em><strong><span style=\"color: #000000;\">28. Jahoda mel\u00f3n:<\/span> <\/strong><\/em>Osvie\u017euj\u00faca zmes jah\u00f4d a mel\u00f3nu.<br \/>\n<em><strong><span style=\"color: #000000;\">29. Trojit\u00fd mango:<\/span> <\/strong><\/em>Intenz\u00edvna mangov\u00e1 pr\u00edchu\u0165 s trojn\u00e1sobnou silou.<br \/>\n<em><strong><span style=\"color: #000000;\">30. Vimto:<\/span> <\/strong><\/em>Jedine\u010dn\u00e1 zmes r\u00f4znych druhov ovocia in\u0161pirovan\u00e1 klasick\u00fdm n\u00e1pojom.<\/p>\n<div class=\"flex-shrink-0 flex flex-col relative items-end\">\n<div class=\"pt-0\">\n<div class=\"gizmo-bot-avatar flex h-8 w-8 items-center justify-center overflow-hidden rounded-full\">\n<div class=\"relative p-1 rounded-sm flex items-center justify-center bg-token-main-surface-primary text-token-text-primary h-8 w-8\">\n<h2><strong>\u010casto kladen\u00e9 ot\u00e1zky:<\/strong><\/h2>\n<h4>Ot\u00e1zka: Pre\u010do si vybra\u0165 jednorazov\u00fa elektronick\u00fa cigaretu Fumot RANDM Tornado 30000 potiahnut\u00ed?<\/h4>\n<p><span style=\"color: #000000;\"><b>A\uff1a<\/b><\/span>Vyberte si Fumot RANDM Tornado 15000 potiahnut\u00ed pre dlhotrvaj\u00face, chutn\u00e9 a bezprobl\u00e9mov\u00e9 vapovanie. Ide\u00e1lne pre hromadn\u00e9 n\u00e1kupy.<\/p>\n<h4>Ot\u00e1zka: Ak\u00e1 je minim\u00e1lna ve\u013ekoobchodn\u00e1 objedn\u00e1vka jednorazovej elektronickej cigarety Fumot 30k?<\/h4>\n<p><span style=\"color: #000000;\"><b>A\uff1a<\/b><\/span>Minim\u00e1lna objedn\u00e1vka jednorazovej elektronickej cigarety Fumot 30k Tornado Music je 50 kusov, \u010d\u00edm viac si objedn\u00e1te, t\u00fdm lep\u0161iu cenu dostanete.<\/p>\n<h4>Ot\u00e1zka: Zvy\u0161uje sa z\u013eava s po\u010dtom objedn\u00e1vok?<\/h4>\n<p><span style=\"color: #000000;\"><b>A\uff1a<\/b>Pon\u00fakame z\u013eavu u\u017e pri ve\u013emi n\u00edzkej cene, ale cena sa nebude zni\u017eova\u0165 s n\u00e1rastom mno\u017estva objedn\u00e1vky. Budeme sa v\u0161ak sna\u017ei\u0165, aby sme v\u00e1m vybavili vzorku. D\u00fafame, \u017ee v\u00e1m to prinesie dobr\u00fa sk\u00fasenos\u0165.<\/span><\/p>\n<h4>Ot\u00e1zka: M\u00f4\u017eem si s\u00e1m sledova\u0165 bal\u00edk?<\/h4>\n<p><strong><span style=\"color: #000000;\"><b>A\uff1a<\/b><\/span><\/strong><span style=\"color: #000000;\">\u00c1no, akon\u00e1hle bude bal\u00edk odoslan\u00fd, po\u0161leme v\u00e1m sledovacie \u010d\u00edslo, <\/span><span style=\"color: #000000;\">aby ste mohli skontrolova\u0165 jej stav. Okrem toho budeme z\u00e1sielku sledova\u0165, k\u00fdm ju nedostanete, \u010d\u00edm zaru\u010d\u00edme, \u017ee budete priebe\u017ene informovan\u00ed.<\/span><\/p>\n<p>\u010fal\u0161ie elektronick\u00e9 cigarety, ktor\u00e9 by sa v\u00e1m mohli p\u00e1\u010di\u0165<br \/>\n<a href=\"https:\/\/vapestornado.com\/sk\/product-category\/30000-puff\/\">30000 potiahnut\u00ed elektronick\u00e1 cigareta<\/a><\/p>\n<\/div>\n<\/div>\n<\/div>\n<\/div>","protected":false},"excerpt":{"rendered":"<p><em><strong>Randm 30k jednorazov\u00e1 hudobn\u00e1 vape, ktor\u00e1 m\u00f4\u017ee pon\u00faknu\u0165 30 000 potiahnut\u00ed a 30 pr\u00edchut\u00ed na v\u00fdber.\u00a0 <\/strong><\/em><\/p>\n<p><em><strong>M\u00e1me 2%\/5% hladinu nikot\u00ednu, ktor\u00fa si m\u00f4\u017eete vybra\u0165 vo Fumot 15k vape. Okrem toho pred\u00e1vame za ve\u013ekoobchodn\u00e9 ceny a m\u00e1me najlep\u0161ie slu\u017eby.<\/strong><\/em><\/p>\n<figure id=\"attachment_3124\" aria-describedby=\"caption-attachment-3124\" style=\"width: 248px\" class=\"wp-caption alignleft\"><img decoding=\"async\" class=\"size-medium wp-image-3124\" src=\"https:\/\/vapestornado.com\/wp-content\/uploads\/2024\/12\/LYN-whatsapp-248x300.jpg\" alt=\"LYN whatsapp\" width=\"248\" height=\"300\" srcset=\"https:\/\/vapestornado.com\/wp-content\/uploads\/2024\/12\/LYN-whatsapp-248x300.jpg 248w, https:\/\/vapestornado.com\/wp-content\/uploads\/2024\/12\/LYN-whatsapp-846x1024.jpg 846w, https:\/\/vapestornado.com\/wp-content\/uploads\/2024\/12\/LYN-whatsapp-768x930.jpg 768w, https:\/\/vapestornado.com\/wp-content\/uploads\/2024\/12\/LYN-whatsapp-600x726.jpg 600w, https:\/\/vapestornado.com\/wp-content\/uploads\/2024\/12\/LYN-whatsapp.jpg 1046w\" sizes=\"(max-width: 248px) 100vw, 248px\" \/><figcaption id=\"caption-attachment-3124\" class=\"wp-caption-text\"><a href=\"https:\/\/wa.me\/8617840853976\"><em><strong>Kontaktujte Lyn, ak sa chcete dozvedie\u0165 viac o potiahnutiach<\/strong><\/em><\/a><\/figcaption><\/figure>","protected":false},"featured_media":3109,"comment_status":"open","ping_status":"closed","template":"","meta":{"_acf_changed":false,"_uag_custom_page_level_css":"","_lmt_disableupdate":"no","_lmt_disable":"","_monsterinsights_skip_tracking":false,"_monsterinsights_sitenote_active":false,"_monsterinsights_sitenote_note":"","_monsterinsights_sitenote_category":0,"site-sidebar-layout":"default","site-content-layout":"","ast-site-content-layout":"default","site-content-style":"default","site-sidebar-style":"default","ast-global-header-display":"","ast-banner-title-visibility":"","ast-main-header-display":"","ast-hfb-above-header-display":"","ast-hfb-below-header-display":"","ast-hfb-mobile-header-display":"","site-post-title":"","ast-breadcrumbs-content":"","ast-featured-img":"","footer-sml-layout":"","ast-disable-related-posts":"","theme-transparent-header-meta":"default","adv-header-id-meta":"","stick-header-meta":"","header-above-stick-meta":"","header-main-stick-meta":"","header-below-stick-meta":"","astra-migrate-meta-layouts":"set","ast-page-background-enabled":"default","ast-page-background-meta":{"desktop":{"background-color":"","background-image":"","background-repeat":"repeat","background-position":"center center","background-size":"auto","background-attachment":"scroll","background-type":"","background-media":"","overlay-type":"","overlay-color":"","overlay-opacity":"","overlay-gradient":""},"tablet":{"background-color":"","background-image":"","background-repeat":"repeat","background-position":"center center","background-size":"auto","background-attachment":"scroll","background-type":"","background-media":"","overlay-type":"","overlay-color":"","overlay-opacity":"","overlay-gradient":""},"mobile":{"background-color":"","background-image":"","background-repeat":"repeat","background-position":"center center","background-size":"auto","background-attachment":"scroll","background-type":"","background-media":"","overlay-type":"","overlay-color":"","overlay-opacity":"","overlay-gradient":""}},"ast-content-background-meta":{"desktop":{"background-color":"var(--ast-global-color-5)","background-image":"","background-repeat":"repeat","background-position":"center center","background-size":"auto","background-attachment":"scroll","background-type":"","background-media":"","overlay-type":"","overlay-color":"","overlay-opacity":"","overlay-gradient":""},"tablet":{"background-color":"var(--ast-global-color-5)","background-image":"","background-repeat":"repeat","background-position":"center center","background-size":"auto","background-attachment":"scroll","background-type":"","background-media":"","overlay-type":"","overlay-color":"","overlay-opacity":"","overlay-gradient":""},"mobile":{"background-color":"var(--ast-global-color-5)","background-image":"","background-repeat":"repeat","background-position":"center center","background-size":"auto","background-attachment":"scroll","background-type":"","background-media":"","overlay-type":"","overlay-color":"","overlay-opacity":"","overlay-gradient":""}},"_joinchat":{"telephone":"17776015835"}},"product_brand":[],"product_cat":[19,67,58],"product_tag":[83,125,124,126,78,114],"class_list":{"0":"post-3107","1":"product","2":"type-product","3":"status-publish","4":"has-post-thumbnail","6":"product_cat-vapes","7":"product_cat-30000-puff","8":"product_cat-fumot-vape","9":"product_tag-fumot-vape","10":"product_tag-randm-30000","11":"product_tag-randm-tornado-30000","12":"product_tag-randm-tornado-30k","13":"product_tag-randm-vape","14":"product_tag-tornado-vape","15":"desktop-align-left","16":"tablet-align-left","17":"mobile-align-left","19":"first","20":"instock","21":"sale","22":"shipping-taxable","23":"purchasable","24":"product-type-simple"},"acf":[],"uagb_featured_image_src":{"full":["https:\/\/vapestornado.com\/wp-content\/uploads\/2024\/12\/Randm-disposable-vape-30k-puffs.jpg",800,800,false],"thumbnail":["https:\/\/vapestornado.com\/wp-content\/uploads\/2024\/12\/Randm-disposable-vape-30k-puffs-150x150.jpg",150,150,true],"medium":["https:\/\/vapestornado.com\/wp-content\/uploads\/2024\/12\/Randm-disposable-vape-30k-puffs-300x300.jpg",300,300,true],"medium_large":["https:\/\/vapestornado.com\/wp-content\/uploads\/2024\/12\/Randm-disposable-vape-30k-puffs-768x768.jpg",768,768,true],"large":["https:\/\/vapestornado.com\/wp-content\/uploads\/2024\/12\/Randm-disposable-vape-30k-puffs.jpg",800,800,false],"1536x1536":["https:\/\/vapestornado.com\/wp-content\/uploads\/2024\/12\/Randm-disposable-vape-30k-puffs.jpg",800,800,false],"2048x2048":["https:\/\/vapestornado.com\/wp-content\/uploads\/2024\/12\/Randm-disposable-vape-30k-puffs.jpg",800,800,false],"trp-custom-language-flag":["https:\/\/vapestornado.com\/wp-content\/uploads\/2024\/12\/Randm-disposable-vape-30k-puffs.jpg",12,12,false],"woocommerce_thumbnail":["https:\/\/vapestornado.com\/wp-content\/uploads\/2024\/12\/Randm-disposable-vape-30k-puffs-300x300.jpg",300,300,true],"woocommerce_single":["https:\/\/vapestornado.com\/wp-content\/uploads\/2024\/12\/Randm-disposable-vape-30k-puffs-600x600.jpg",600,600,true],"woocommerce_gallery_thumbnail":["https:\/\/vapestornado.com\/wp-content\/uploads\/2024\/12\/Randm-disposable-vape-30k-puffs-100x100.jpg",100,100,true]},"uagb_author_info":{"display_name":"ESLYN","author_link":"https:\/\/vapestornado.com\/sk\/author\/"},"uagb_comment_info":0,"uagb_excerpt":"Randm 30k disaposable music vape that can offer 30,000 puffs and 30 flavors to choose.\u00a0 We have 2% or 5% Nicotine level can be choose in Fumot 30k vapes. Beside,we are sale Bulk price and have best service. [caption id=\"attachment_3124\" align=\"alignleft\" width=\"248\"] Contact Lyn to know more about puffs[\/caption]","_links":{"self":[{"href":"https:\/\/vapestornado.com\/sk\/wp-json\/wp\/v2\/product\/3107","targetHints":{"allow":["GET"]}}],"collection":[{"href":"https:\/\/vapestornado.com\/sk\/wp-json\/wp\/v2\/product"}],"about":[{"href":"https:\/\/vapestornado.com\/sk\/wp-json\/wp\/v2\/types\/product"}],"replies":[{"embeddable":true,"href":"https:\/\/vapestornado.com\/sk\/wp-json\/wp\/v2\/comments?post=3107"}],"wp:featuredmedia":[{"embeddable":true,"href":"https:\/\/vapestornado.com\/sk\/wp-json\/wp\/v2\/media\/3109"}],"wp:attachment":[{"href":"https:\/\/vapestornado.com\/sk\/wp-json\/wp\/v2\/media?parent=3107"}],"wp:term":[{"taxonomy":"product_brand","embeddable":true,"href":"https:\/\/vapestornado.com\/sk\/wp-json\/wp\/v2\/product_brand?post=3107"},{"taxonomy":"product_cat","embeddable":true,"href":"https:\/\/vapestornado.com\/sk\/wp-json\/wp\/v2\/product_cat?post=3107"},{"taxonomy":"product_tag","embeddable":true,"href":"https:\/\/vapestornado.com\/sk\/wp-json\/wp\/v2\/product_tag?post=3107"}],"curies":[{"name":"wp","href":"https:\/\/api.w.org\/{rel}","templated":true}]}}