{"id":3103,"date":"2024-12-12T09:36:42","date_gmt":"2024-12-12T09:36:42","guid":{"rendered":"https:\/\/vapestornado.com\/?post_type=product&#038;p=3103"},"modified":"2025-08-23T11:16:54","modified_gmt":"2025-08-23T11:16:54","slug":"randm-tornado-7k-puffs-hot-sale-rechargeable-vape","status":"publish","type":"product","link":"https:\/\/vapestornado.com\/sk\/product\/randm-tornado-7k-puffs-hot-sale-rechargeable-vape\/","title":{"rendered":"Randm Tornado 7k \u0164ahov Hor\u00faci Predaj Nab\u00edjate\u013en\u00e1 Vape"},"content":{"rendered":"<h1>Randm Tornado 7k \u0164ahov Hor\u00faci Predaj Nab\u00edjate\u013en\u00e1 Vape<\/h1>\n<p>&nbsp;<\/p>\n<div role=\"article\" data-tabster=\"{&quot;groupper&quot;:{&quot;tabbability&quot;:2},&quot;focusable&quot;:{}}\" data-content=\"ai-message\" aria-labelledby=\"64JRvXrTnY7mRmPkEQLLT-author 64JRvXrTnY7mRmPkEQLLT-content\">\n<div id=\"64JRvXrTnY7mRmPkEQLLT-content\">\n<p>Pozdvihnite svoj z\u00e1\u017eitok z vapovania s Randm Tornado 7000 \u0164ahov Predplnen\u00fdm nab\u00edjate\u013en\u00fdm vape, vrcholom luxusu a v\u00fdkonu. Toto \u0161pi\u010dkov\u00e9 zariadenie sa p\u00fd\u0161i pozoruhodnou kapacitou n\u00e1dr\u017ee 15 ml, ktor\u00e1 poskytuje pred\u013a\u017een\u00e9 pote\u0161enie z vapovania bez neust\u00e1lej potreby dop\u013a\u0148ania. Robustn\u00e1 bat\u00e9ria s kapacitou 850 mAh zais\u0165uje bezprobl\u00e9mov\u00e9 a nepreru\u0161ovan\u00e9 pou\u017e\u00edvanie, v\u010faka \u010domu je spo\u013eahliv\u00fdm spolo\u010dn\u00edkom doma aj na cest\u00e1ch.<\/p>\n<p>Jednou z v\u00fdnimo\u010dn\u00fdch vlastnost\u00ed RandM Vape Tornado 7000 je jeho v\u0161estrannos\u0165 s e-liquidmi. To v\u00e1m umo\u017en\u00ed presk\u00fama\u0165 rozmanit\u00fa \u0161k\u00e1lu pr\u00edchut\u00ed, od povzbudzuj\u00facich ovocn\u00fdch zmes\u00ed a\u017e po bohat\u00fd a uspokojuj\u00faci tabak. Prisp\u00f4sobte si svoju cestu vapovan\u00edm tak, aby vyhovovala va\u0161im sofistikovan\u00fdm chu\u0165ov\u00fdm bunk\u00e1m, a zaistite, \u017ee ka\u017ed\u00fd \u0165ah bude jedine\u010dn\u00fdm z\u00e1\u017eitkom.<\/p>\n<p>Pokro\u010dil\u00e1 technol\u00f3gia mesh coil zabudovan\u00e1 v RandM Tornado 7k \u0165ahoch maximalizuje produkciu chuti a pary a premie\u0148a ka\u017ed\u00fd n\u00e1dych na vynikaj\u00faci chu\u0165ov\u00fd z\u00e1\u017eitok. Jeho u\u017e\u00edvate\u013esky pr\u00edvetiv\u00fd dizajn v spojen\u00ed s pohodln\u00fdm nab\u00edjac\u00edm syst\u00e9mom USB-C rob\u00ed toto zariadenie rovnako praktick\u00fdm, ako je v\u00fdkonn\u00e9.<\/p>\n<p>Pre t\u00fdch, ktor\u00ed po\u017eaduj\u00fa to najlep\u0161ie v kvalite a v\u00fdkone, je RandM Tornado 7000 jednorazov\u00fd vape tou najlep\u0161ou vo\u013ebou. Jeho kombin\u00e1cia vynikaj\u00facej kon\u0161trukcie, inovat\u00edvnych funkci\u00ed a v\u0161estrannosti chut\u00ed stanovuje nov\u00fd \u0161tandard v luxusnom vapovan\u00ed. Za\u017eite rozdiel so zariaden\u00edm navrhnut\u00fdm pre znalcov, ktor\u00ed oce\u0148uj\u00fa tie najlep\u0161ie veci v \u017eivote.<\/p>\n<\/div>\n<\/div>\n<p>&nbsp;<\/p>\n<p><img fetchpriority=\"high\" decoding=\"async\" class=\"wp-image-2951\" src=\"https:\/\/vapestornado.com\/wp-content\/uploads\/2024\/12\/Wholesale-Disposable-Vape-265x300.jpg\" alt=\"Ve\u013ekoobchodn\u00fd Jednorazov\u00fd Vape\" width=\"295\" height=\"334\" srcset=\"https:\/\/vapestornado.com\/wp-content\/uploads\/2024\/12\/Wholesale-Disposable-Vape-265x300.jpg 265w, https:\/\/vapestornado.com\/wp-content\/uploads\/2024\/12\/Wholesale-Disposable-Vape-768x871.jpg 768w, https:\/\/vapestornado.com\/wp-content\/uploads\/2024\/12\/Wholesale-Disposable-Vape-600x680.jpg 600w, https:\/\/vapestornado.com\/wp-content\/uploads\/2024\/12\/Wholesale-Disposable-Vape.jpg 823w\" sizes=\"(max-width: 295px) 100vw, 295px\" \/><\/p>\n<h6>Pre z\u013eavnen\u00fa cenu kontaktujte Mandy na WhatsApp:<a href=\"https:\/\/wa.me\/8618077105796\" target=\"_blank\" rel=\"noopener\">+8618077105796<\/a><\/h6>\n<h2><strong>Randm Vape 7000 \u0164ahov \u2013 K\u013e\u00fa\u010dov\u00e9 \u0160pecifik\u00e1cie<\/strong><\/h2>\n<ul>\n<li><strong>Kapacita bat\u00e9rie<\/strong>: 850mAh pre pred\u013a\u017een\u00e9 vapovacie rel\u00e1cie.<\/li>\n<li><strong>Objem E-Liquidu<\/strong>: 15ml n\u00e1dr\u017e zais\u0165uje trval\u00fa chu\u0165 a spokojnos\u0165.<\/li>\n<li><strong>Po\u010det \u0164ahov<\/strong>: A\u017e 7 000 \u0165ahov pre dlhodob\u00e9 pou\u017e\u00edvanie.<\/li>\n<li><strong>Nab\u00edjanie<\/strong>: Vybaven\u00e9 portom USB-C pre r\u00fdchle a pohodln\u00e9 nab\u00edjanie.<\/li>\n<li><strong>Typ \u0160pir\u00e1lky<\/strong>: Pokro\u010dil\u00e1 mesh coil pre hlad\u0161iu a chutnej\u0161iu paru.<\/li>\n<li><strong>Funkcia Osvetlenia<\/strong>: RGB osvetlenie n\u00e1dr\u017ee dod\u00e1va \u0161t\u00fdlov\u00fd a dynamick\u00fd vizu\u00e1lny prvok.<\/li>\n<\/ul>\n<h2><strong>Zoznam pr\u00edchut\u00ed Tornado Vape Randm 7k Puffs:<\/strong><\/h2>\n<p>1 Chladiv\u00e1 m\u00e4ta<br \/>\n2 Bujn\u00fd \u013ead<br \/>\n3 Mandar\u00ednkov\u00fd \u013ead<br \/>\n4 Jahodov\u00fd donut<br \/>\n5 Gumov\u00fd medved\u00edk<br \/>\n6 \u010cu\u010doriedka s \u013eadom<br \/>\n7 Mango s \u013eadom<br \/>\n8 Brosky\u0148ov\u00fd \u013ead<br \/>\n9 Ban\u00e1nov\u00fd \u013ead<br \/>\n10 Hroznov\u00fd \u013ead<br \/>\n11 Ru\u017eov\u00e1 limon\u00e1da<br \/>\n12 Pina Colada Rum<br \/>\n13 Zmie\u0161an\u00e9 bobule<br \/>\n14 Ban\u00e1nov\u00fd milkshake<br \/>\n15 Jahodov\u00fd mel\u00f3n<br \/>\n16 \u010cerven\u00e9 jablko s citr\u00f3nom<br \/>\n17 Anan\u00e1sov\u00fd \u013ead<br \/>\n18 Cukrov\u00e1 vata<br \/>\n19 Jahoda s ban\u00e1nom<br \/>\n20 Jahodov\u00fd \u013ead<br \/>\n21 Jahoda s kiwi<br \/>\n22.\u010cerven\u00e1 energetick\u00e1 s \u013eadom<br \/>\n23.Modr\u00e1 malinov\u00e1 limon\u00e1da<br \/>\n24.\u010cerven\u00e9 jablko s \u013eadom<br \/>\n25.Bobu\u013eov\u00e1 limon\u00e1da<br \/>\n26. \u010cu\u010doriedkov\u00e1 \u017euva\u010dka<br \/>\n27. Bluesour Malina<br \/>\n28. Dr. Blue<br \/>\n29. Jablko Brosky\u0148a Hru\u0161ka<br \/>\n30. \u010cu\u010doriedka Gran\u00e1tov\u00e9 jablko<br \/>\n31. Vimto<br \/>\n32. Kiwi Marakuja Guava<br \/>\n33. Colaice<br \/>\n34. Kysl\u00e9 jablko<br \/>\n35. \u010cierne r\u00edbezle Mentol<br \/>\n36. Tigria krv<br \/>\n37. Brosky\u0148ovo-\u010du\u010doriedkov\u00fd cukr\u00edk<br \/>\n38. Brosky\u0148a Mango<br \/>\n39. Jahodov\u00fd Red Bull<br \/>\n40. \u010cernicov\u00fd \u013ead<br \/>\n41. Jahodovo-mel\u00f3nov\u00e1 limon\u00e1da<br \/>\n42. \u010cere\u0161\u0148a<br \/>\n43. Modr\u00e1 malina \u010cere\u0161\u0148a<br \/>\n44. Skittles<br \/>\n45. \u010cu\u010doriedkov\u00e1 malina<br \/>\n46. Jahodov\u00e9 hrozno<br \/>\n47. \u010cu\u010doriedka \u010cere\u0161\u0148a Brusnica<br \/>\n48. Jablkov\u00e1 bobu\u013eov\u00e1 bomba<br \/>\n49. \u010cere\u0161\u0148ov\u00e1 kola<br \/>\n50. Citr\u00f3n<br \/>\n51. Ru\u017eov\u00fd v\u00fdbuch<br \/>\n52. Tichomorsk\u00fd chladi\u010d<br \/>\n53. \u013dadov\u00e1 poch\u00fa\u0165ka<br \/>\n54. Bingo drvi\u010d<br \/>\n55. Vimto drvi\u010d<br \/>\n56. Tabak<\/p>\n<div role=\"article\" data-tabster=\"{&quot;groupper&quot;:{&quot;tabbability&quot;:2},&quot;focusable&quot;:{}}\" data-content=\"ai-message\" aria-labelledby=\"dARUyEWDoEYhnSPXFwx5A-author dARUyEWDoEYhnSPXFwx5A-content\">\n<div id=\"dARUyEWDoEYhnSPXFwx5A-content\">\n<h2>Pre\u010do si vybra\u0165 RandM Tornado 7000 Puffs Vapes v <a href=\"https:\/\/vapestornado.com\/sk\/store\/\">vapestornado.sk<\/a>?<\/h2>\n<p><strong>1. Vynikaj\u00faca kapacita n\u00e1dr\u017ee<\/strong>: RandM Tornado 7000 Puffs Vape m\u00e1 vynikaj\u00facu kapacitu n\u00e1dr\u017ee 15 ml, ktor\u00e1 poskytuje dlh\u0161ie vapovacie rel\u00e1cie bez potreby neust\u00e1leho dop\u013a\u0148ania. Ide\u00e1lne pre dlh\u00e9 dni a neru\u0161en\u00e9 pote\u0161enie.<\/p>\n<p><strong>2. Robustn\u00fd v\u00fdkon bat\u00e9rie<\/strong>: Toto zariadenie, vybaven\u00e9 nab\u00edjate\u013enou bat\u00e9riou s kapacitou 850 mAh, zaru\u010duje nepretr\u017eit\u00fd a spo\u013eahliv\u00fd v\u00fdkon, v\u010faka \u010domu nikdy nezme\u0161k\u00e1te \u017eiadny okamih, \u010di u\u017e ste doma alebo na cest\u00e1ch.<\/p>\n<p><strong>3. V\u0161estrannos\u0165 pr\u00edchut\u00ed<\/strong>: RandM Tornado 7000, kompatibiln\u00fd s r\u00f4znymi e-liquidmi, v\u00e1m umo\u017e\u0148uje prisp\u00f4sobi\u0165 si z\u00e1\u017eitok z vapovania. Od zmes\u00ed \u010derstv\u00e9ho ovocia a\u017e po bohat\u00e9 tabakov\u00e9 pr\u00edchute, va\u0161e mo\u017enosti s\u00fa neobmedzen\u00e9.<\/p>\n<p><strong>4. Pokro\u010dil\u00e1 technol\u00f3gia Mesh Coil<\/strong>: Inovat\u00edvna technol\u00f3gia mesh coil zais\u0165uje optim\u00e1lny rozvoj chuti a produkciu pary, \u010d\u00edm premie\u0148a ka\u017ed\u00e9 potiahnutie na vynikaj\u00faci chu\u0165ov\u00fd z\u00e1\u017eitok. Za\u017eite vrchol intenzity chuti s ka\u017ed\u00fdm n\u00e1dychom.<\/p>\n<p><strong>5. U\u017e\u00edvate\u013esky pr\u00edvetiv\u00fd dizajn<\/strong>: V\u010faka \u013eahk\u00e9mu dop\u013a\u0148aniu a praktick\u00e9mu syst\u00e9mu nab\u00edjania USB-C je RandM Tornado 7000 navrhnut\u00fd pre pohodlie a efektivitu. Nie je len v\u00fdkonn\u00fd; je tie\u017e neuverite\u013ene \u013eahko pou\u017eite\u013en\u00fd.<\/p>\n<p>Vyberte si Vape Pod RandM Tornado 7000 Puffs od <a href=\"https:\/\/vapestornado.com\/sk\/store\/\">vapestornado.sk<\/a> pre z\u00e1\u017eitok z vapovania, ktor\u00fd kombinuje luxus, v\u00fdkon a v\u0161estrannos\u0165.<\/p>\n<\/div>\n<\/div>\n<h2>\u010cast\u00e9 ot\u00e1zky o nab\u00edjate\u013enom vape RandM Tornado 7000 Puffs<\/h2>\n<p><strong>Ot\u00e1zka: Ko\u013eko potiahnut\u00ed m\u00f4\u017eem o\u010dak\u00e1va\u0165 od RandM Tornado 7000?<\/strong><\/p>\n<p><strong>A:<\/strong> RandM Tornado 7000 pon\u00faka pribli\u017ene 7 000 potiahnut\u00ed na jedno zariadenie, \u010do zais\u0165uje dlhotrvaj\u00faci z\u00e1\u017eitok z vapovania.<\/p>\n<p><strong>Ot\u00e1zka: Ak\u00e1 je kapacita bat\u00e9rie RandM Tornado 7000?<\/strong><\/p>\n<p><strong>A:<\/strong> RandM Tornado 7000 je vybaven\u00fd nab\u00edjate\u013enou bat\u00e9riou s kapacitou 850 mAh, ktor\u00e1 poskytuje konzistentn\u00fd v\u00fdkon a spo\u013eahlivos\u0165.<\/p>\n<p><strong>Ot\u00e1zka: Ako nabijem vape pero RandM Tornado 7000 puff?<\/strong><\/p>\n<p><strong>A:<\/strong> Zariadenie je vybaven\u00e9 nab\u00edjac\u00edm portom USB-C, ktor\u00fd u\u013eah\u010duje nab\u00edjanie. Jednoducho pripojte zariadenie ku kompatibilnej nab\u00edja\u010dke a pod\u013ea potreby dobite.<\/p>\n<p><strong>Ot\u00e1zka: Ak\u00fa kapacitu e-liquidu m\u00e1 randm vape Tornado 7000 potiahnut\u00ed?<\/strong><\/p>\n<p><strong>A:<\/strong> Kapacita n\u00e1dr\u017eky RandM Tornado 7k puff je 15 ml, \u010do zais\u0165uje dlh\u0161ie pou\u017e\u00edvanie bez \u010dast\u00e9ho dop\u013a\u0148ania.<\/p>\n<p>&nbsp;<\/p>","protected":false},"excerpt":{"rendered":"<p><strong>Z\u00edskajte Randm Tornado 7000 \u0164ahov za Zv\u00fdhodnen\u00fa Cenu Dnes<\/strong><\/p>\n<p><strong>Dostupn\u00e1 Ve\u013ekoobchodn\u00e1 Cena pre Randm Tornado 7000 \u0164ahov Vape<\/strong><\/p>\n<p><strong>K\u00fapte Randm Tornado 7000 \u0164ahov Vape vo Ve\u013ekom pre Maxim\u00e1lne \u00daspory<\/strong><\/p>\n<figure id=\"attachment_2951\" aria-describedby=\"caption-attachment-2951\" style=\"width: 265px\" class=\"wp-caption alignnone\"><img decoding=\"async\" class=\"size-medium wp-image-2951\" src=\"https:\/\/vapestornado.com\/wp-content\/uploads\/2024\/12\/Wholesale-Disposable-Vape-265x300.jpg\" alt=\"Ve\u013ekoobchodn\u00fd Jednorazov\u00fd Vape\" width=\"265\" height=\"300\" srcset=\"https:\/\/vapestornado.com\/wp-content\/uploads\/2024\/12\/Wholesale-Disposable-Vape-265x300.jpg 265w, https:\/\/vapestornado.com\/wp-content\/uploads\/2024\/12\/Wholesale-Disposable-Vape-768x871.jpg 768w, https:\/\/vapestornado.com\/wp-content\/uploads\/2024\/12\/Wholesale-Disposable-Vape-600x680.jpg 600w, https:\/\/vapestornado.com\/wp-content\/uploads\/2024\/12\/Wholesale-Disposable-Vape.jpg 823w\" sizes=\"(max-width: 265px) 100vw, 265px\" \/><figcaption id=\"caption-attachment-2951\" class=\"wp-caption-text\">Pre z\u013eavnen\u00fa cenu kontaktujte Mandy na WhatsApp\u00a0 <a href=\"https:\/\/wa.me\/8618077105796\">+8618077105796<\/a><\/figcaption><\/figure>\n<p>&nbsp;<\/p>","protected":false},"featured_media":3117,"comment_status":"open","ping_status":"closed","template":"","meta":{"_acf_changed":false,"_uag_custom_page_level_css":"","_lmt_disableupdate":"no","_lmt_disable":"","_monsterinsights_skip_tracking":false,"_monsterinsights_sitenote_active":false,"_monsterinsights_sitenote_note":"","_monsterinsights_sitenote_category":0,"site-sidebar-layout":"default","site-content-layout":"","ast-site-content-layout":"default","site-content-style":"default","site-sidebar-style":"default","ast-global-header-display":"","ast-banner-title-visibility":"","ast-main-header-display":"","ast-hfb-above-header-display":"","ast-hfb-below-header-display":"","ast-hfb-mobile-header-display":"","site-post-title":"","ast-breadcrumbs-content":"","ast-featured-img":"","footer-sml-layout":"","ast-disable-related-posts":"","theme-transparent-header-meta":"default","adv-header-id-meta":"","stick-header-meta":"","header-above-stick-meta":"","header-main-stick-meta":"","header-below-stick-meta":"","astra-migrate-meta-layouts":"set","ast-page-background-enabled":"default","ast-page-background-meta":{"desktop":{"background-color":"","background-image":"","background-repeat":"repeat","background-position":"center center","background-size":"auto","background-attachment":"scroll","background-type":"","background-media":"","overlay-type":"","overlay-color":"","overlay-opacity":"","overlay-gradient":""},"tablet":{"background-color":"","background-image":"","background-repeat":"repeat","background-position":"center center","background-size":"auto","background-attachment":"scroll","background-type":"","background-media":"","overlay-type":"","overlay-color":"","overlay-opacity":"","overlay-gradient":""},"mobile":{"background-color":"","background-image":"","background-repeat":"repeat","background-position":"center center","background-size":"auto","background-attachment":"scroll","background-type":"","background-media":"","overlay-type":"","overlay-color":"","overlay-opacity":"","overlay-gradient":""}},"ast-content-background-meta":{"desktop":{"background-color":"var(--ast-global-color-5)","background-image":"","background-repeat":"repeat","background-position":"center center","background-size":"auto","background-attachment":"scroll","background-type":"","background-media":"","overlay-type":"","overlay-color":"","overlay-opacity":"","overlay-gradient":""},"tablet":{"background-color":"var(--ast-global-color-5)","background-image":"","background-repeat":"repeat","background-position":"center center","background-size":"auto","background-attachment":"scroll","background-type":"","background-media":"","overlay-type":"","overlay-color":"","overlay-opacity":"","overlay-gradient":""},"mobile":{"background-color":"var(--ast-global-color-5)","background-image":"","background-repeat":"repeat","background-position":"center center","background-size":"auto","background-attachment":"scroll","background-type":"","background-media":"","overlay-type":"","overlay-color":"","overlay-opacity":"","overlay-gradient":""}},"_joinchat":{"telephone":"+8618077105796"}},"product_brand":[],"product_cat":[58,74,153,154,148],"product_tag":[97,127],"class_list":{"0":"post-3103","1":"product","2":"type-product","3":"status-publish","4":"has-post-thumbnail","6":"product_cat-fumot-vape","7":"product_cat-7000-puff","8":"product_cat-buy-disposable-vapes-in-italy","9":"product_cat-buy-disposable-vapes-in-netherlands","10":"product_cat-tornado-disposable-vapes","11":"product_tag-hot-sale-disposable-vape","12":"product_tag-randm-tornado-7000","13":"desktop-align-left","14":"tablet-align-left","15":"mobile-align-left","17":"first","18":"instock","19":"sale","20":"shipping-taxable","21":"purchasable","22":"product-type-simple"},"acf":[],"uagb_featured_image_src":{"full":["https:\/\/vapestornado.com\/wp-content\/uploads\/2024\/12\/Randm-7000-Puff-Strawberry-Watermelon-Lemonade.jpg",800,800,false],"thumbnail":["https:\/\/vapestornado.com\/wp-content\/uploads\/2024\/12\/Randm-7000-Puff-Strawberry-Watermelon-Lemonade-150x150.jpg",150,150,true],"medium":["https:\/\/vapestornado.com\/wp-content\/uploads\/2024\/12\/Randm-7000-Puff-Strawberry-Watermelon-Lemonade-300x300.jpg",300,300,true],"medium_large":["https:\/\/vapestornado.com\/wp-content\/uploads\/2024\/12\/Randm-7000-Puff-Strawberry-Watermelon-Lemonade-768x768.jpg",768,768,true],"large":["https:\/\/vapestornado.com\/wp-content\/uploads\/2024\/12\/Randm-7000-Puff-Strawberry-Watermelon-Lemonade.jpg",800,800,false],"1536x1536":["https:\/\/vapestornado.com\/wp-content\/uploads\/2024\/12\/Randm-7000-Puff-Strawberry-Watermelon-Lemonade.jpg",800,800,false],"2048x2048":["https:\/\/vapestornado.com\/wp-content\/uploads\/2024\/12\/Randm-7000-Puff-Strawberry-Watermelon-Lemonade.jpg",800,800,false],"trp-custom-language-flag":["https:\/\/vapestornado.com\/wp-content\/uploads\/2024\/12\/Randm-7000-Puff-Strawberry-Watermelon-Lemonade.jpg",12,12,false],"woocommerce_thumbnail":["https:\/\/vapestornado.com\/wp-content\/uploads\/2024\/12\/Randm-7000-Puff-Strawberry-Watermelon-Lemonade-300x300.jpg",300,300,true],"woocommerce_single":["https:\/\/vapestornado.com\/wp-content\/uploads\/2024\/12\/Randm-7000-Puff-Strawberry-Watermelon-Lemonade-600x600.jpg",600,600,true],"woocommerce_gallery_thumbnail":["https:\/\/vapestornado.com\/wp-content\/uploads\/2024\/12\/Randm-7000-Puff-Strawberry-Watermelon-Lemonade-100x100.jpg",100,100,true]},"uagb_author_info":{"display_name":"ESMANDY","author_link":"https:\/\/vapestornado.com\/sk\/author\/"},"uagb_comment_info":0,"uagb_excerpt":"Grab Randm Tornado 7000 Puffs at a Discount Price Today Affordable Wholesale Price for Randm Tornado 7000 Puffs Vapes Bulk Buy Randm Tornado 7000 Puff Vape for Maximum Savings [caption id=\"attachment_2951\" align=\"alignnone\" width=\"265\"] Pls Contact Mandy's WhatsApp For Discount Price\u00a0 +8618077105796[\/caption] &nbsp;","_links":{"self":[{"href":"https:\/\/vapestornado.com\/sk\/wp-json\/wp\/v2\/product\/3103","targetHints":{"allow":["GET"]}}],"collection":[{"href":"https:\/\/vapestornado.com\/sk\/wp-json\/wp\/v2\/product"}],"about":[{"href":"https:\/\/vapestornado.com\/sk\/wp-json\/wp\/v2\/types\/product"}],"replies":[{"embeddable":true,"href":"https:\/\/vapestornado.com\/sk\/wp-json\/wp\/v2\/comments?post=3103"}],"wp:featuredmedia":[{"embeddable":true,"href":"https:\/\/vapestornado.com\/sk\/wp-json\/wp\/v2\/media\/3117"}],"wp:attachment":[{"href":"https:\/\/vapestornado.com\/sk\/wp-json\/wp\/v2\/media?parent=3103"}],"wp:term":[{"taxonomy":"product_brand","embeddable":true,"href":"https:\/\/vapestornado.com\/sk\/wp-json\/wp\/v2\/product_brand?post=3103"},{"taxonomy":"product_cat","embeddable":true,"href":"https:\/\/vapestornado.com\/sk\/wp-json\/wp\/v2\/product_cat?post=3103"},{"taxonomy":"product_tag","embeddable":true,"href":"https:\/\/vapestornado.com\/sk\/wp-json\/wp\/v2\/product_tag?post=3103"}],"curies":[{"name":"wp","href":"https:\/\/api.w.org\/{rel}","templated":true}]}}