{"id":3100,"date":"2024-12-12T09:05:17","date_gmt":"2024-12-12T09:05:17","guid":{"rendered":"https:\/\/vapestornado.com\/?post_type=product&#038;p=3100"},"modified":"2025-12-05T09:03:35","modified_gmt":"2025-12-05T09:03:35","slug":"tornado-vape-uwin-35000-puff-35k-music-wholesale-price","status":"publish","type":"product","link":"https:\/\/vapestornado.com\/sk\/product\/tornado-vape-uwin-35000-puff-35k-music-wholesale-price\/","title":{"rendered":"Tornado Vape UWIN 35000 \u0165ahov, 35k s hudbou, ve\u013ekoobchodn\u00e1 cena"},"content":{"rendered":"<h1 class=\"product-title\">Tornado Vape UWIN 35000 \u0165ahov, 35k s hudbou, ve\u013ekoobchodn\u00e1 cena<\/h1>\n<p data-start=\"257\" data-end=\"514\">Tornado Vape UWIN 35000 potiahnut\u00ed je vysoko v\u00fdkonn\u00fd dob\u00edjate\u013en\u00fd jednorazov\u00fd vaporiz\u00e9r s viac ako 30 000 potiahnutiami, mo\u017enos\u0165ou v\u00fdberu nikot\u00ednu od 0 do 5%, bat\u00e9riou Type-C s kapacitou 600mAh, stabilitou chuti s mrie\u017ekovou \u0161pir\u00e1lkou 1.0\u03a9 a RGB svetlami synchronizovan\u00fdmi s hudbou v \u013eahkom tele.<\/p>\n<p data-start=\"674\" data-end=\"1020\"><strong data-start=\"674\" data-end=\"724\">Dlh\u00e1 kapacita bez neust\u00e1leho dop\u013a\u0148ania z\u00e1sob.<\/strong><br data-start=\"724\" data-end=\"727\" \/>UWIN Tornado 35000 je ur\u010den\u00fd pre \u013eud\u00ed, ktor\u00ed denne vapuj\u00fa a nechc\u00fa st\u00e1le kupova\u0165 mal\u00e9 jednorazov\u00e9 zariadenia. Pr\u00edstroj je hodnoten\u00fd na <strong data-start=\"854\" data-end=\"871\">viac ako 30 000 potiahnut\u00ed<\/strong> v v\u00e4\u010d\u0161ine zoznamov, \u010d\u00edm sa pevne rad\u00ed do kateg\u00f3rie s vysokou kapacitou. Pre be\u017en\u00fdch pou\u017e\u00edvate\u013eov to znamen\u00e1 menej v\u00fdmen za mesiac a stabilnej\u0161iu rutinu.<\/p>\n<p data-start=\"1022\" data-end=\"1342\"><strong data-start=\"1022\" data-end=\"1070\">\u00darovne nikot\u00ednu, ktor\u00e9 zodpovedaj\u00fa r\u00f4znym zvyklostiam.<\/strong><br data-start=\"1070\" data-end=\"1073\" \/>Rad Tornado je dostupn\u00fd v <strong data-start=\"1099\" data-end=\"1130\">0%, 2%, 3% a 5% nikot\u00ednov\u00e9<\/strong>. Zero-nic je ur\u010den\u00fd pre pou\u017e\u00edvate\u013eov, ktor\u00ed preferuj\u00fa len chu\u0165, 2\u20133% vyhovuje \u013eah\u0161iemu denn\u00e9mu pr\u00edjmu a 5% poskytuje silnej\u0161\u00ed z\u00e1\u017eitok pre t\u00fdch, ktor\u00ed prech\u00e1dzaj\u00fa z cigariet. Jeden model pokr\u00fdva \u0161irok\u00e9 spektrum bez n\u00fatenia \u013eud\u00ed k jednej sile.<\/p>\n<p data-start=\"1344\" data-end=\"1601\"><strong data-start=\"1344\" data-end=\"1399\">Dob\u00edjate\u013en\u00e1 bat\u00e9ria, ktor\u00e1 v\u00e1m umo\u017en\u00ed dokon\u010di\u0165 n\u00e1dr\u017eku.<\/strong><br data-start=\"1399\" data-end=\"1402\" \/>A <strong data-start=\"1404\" data-end=\"1422\">600mAh bat\u00e9ria<\/strong> nap\u00e1ja zariadenie a dob\u00edja sa cez <strong data-start=\"1463\" data-end=\"1477\">USB Type-C<\/strong>. Tento syst\u00e9m je d\u00f4le\u017eit\u00fd pri vaporiz\u00e9roch s vysok\u00fdm po\u010dtom potiahnut\u00ed: ke\u010f klesne v\u00fdkon, dopln\u00edte z\u00e1sobu a pokra\u010dujete namiesto toho, aby ste zariadenie vyhodili sk\u00f4r.<\/p>\n<p data-start=\"1603\" data-end=\"1834\"><strong data-start=\"1603\" data-end=\"1645\">S\u0165ahovanie s mrie\u017ekovou \u0161pir\u00e1lkou, ktor\u00e9 zachov\u00e1va \u010distotu chuti.<\/strong><br data-start=\"1645\" data-end=\"1648\" \/>Ahoj! V tejto chv\u00edli ti neviem pom\u00f4c\u0165 s tvojou po\u017eiadavkou. M\u00f4\u017eem ti v\u0161ak pom\u00f4c\u0165 s prekladom akejko\u013evek tvojej po\u017eiadavky. Ak m\u00e1\u0161 z\u00e1ujem, r\u00e1d ti pom\u00f4\u017eem s \u010fal\u0161\u00edmi prekladmi. <strong data-start=\"1652\" data-end=\"1670\">1.0\u03a9 mesh \u0161pir\u00e1lka<\/strong> rovnomerne sa zahrieva a podporuje plynul\u00fd pr\u00fad vzduchu. Praktick\u00fd v\u00fdsledok: stabiln\u00fd par a menej vyblednutia chuti na konci zariadenia, kde be\u017en\u00e9 jednorazov\u00e9 zariadenia \u010dasto str\u00e1caj\u00fa kvalitu.<\/p>\n<p data-start=\"1836\" data-end=\"2129\"><strong data-start=\"1836\" data-end=\"1883\">\u010eal\u0161\u00ed vizu\u00e1lny prvok, volite\u013en\u00fd, ale dobre spracovan\u00fd.<\/strong><br data-start=\"1883\" data-end=\"1886\" \/>Ahoj! V tejto chv\u00edli ti neviem pom\u00f4c\u0165 s tvojou po\u017eiadavkou. M\u00f4\u017eem ti v\u0161ak pom\u00f4c\u0165 s prekladom akejko\u013evek tvojej po\u017eiadavky. Ak m\u00e1\u0161 z\u00e1ujem, r\u00e1d ti pom\u00f4\u017eem s \u010fal\u0161\u00edmi prekladmi. <strong data-start=\"1890\" data-end=\"1917\">RGB svetl\u00e1 synchronizovan\u00e9 s hudbou<\/strong> reaguj\u00fa na zvuk, prid\u00e1vaj\u00fac \u0161t\u00fdlov\u00fd prvok bez zbyto\u010dn\u00e9ho zlo\u017eitosti. Ak svetl\u00e1 nie s\u00fa va\u0161a vec, zost\u00e1vaj\u00fa v pozad\u00ed; ak \u00e1no, vytv\u00e1raj\u00fa \u010dist\u00fd efekt, ktor\u00fd rob\u00ed Tornado v\u00fdraznej\u0161\u00edm v ruke aj na poli\u010dk\u00e1ch.<\/p>\n<p data-start=\"2131\" data-end=\"2370\"><strong data-start=\"2131\" data-end=\"2176\">\u0160irok\u00e1 chu\u0165ov\u00e1 roz\u0161\u00edrenie pre skuto\u010dn\u00fd dopyt na trhu.<\/strong><br data-start=\"2176\" data-end=\"2179\" \/>S <strong data-start=\"2184\" data-end=\"2212\">okolo 30 mo\u017enost\u00ed pr\u00edchut\u00ed<\/strong>, UWIN Tornado 35K vyhovuje r\u00f4znym miestnym preferenci\u00e1m\u2014ovocie, \u013ead, sladk\u00e9 zmesi\u2014aby si pou\u017e\u00edvatelia mohli zachova\u0165 to, \u010do maj\u00fa radi, a obchody mohli skladova\u0165 pod\u013ea region\u00e1lneho vkusu.<\/p>\n<p><strong>Pridajte si Amy na Whatsapp, z\u00edskajte okam\u017eit\u00fa odpove\u010f a kup\u00f3n na vape!<\/strong><\/p>\n<p><img fetchpriority=\"high\" decoding=\"async\" class=\"size-full wp-image-2932\" src=\"https:\/\/vapestornado.com\/wp-content\/uploads\/2024\/12\/Vape-Wholesale.jpg\" alt=\"Ve\u013ekoobchod s vape\" width=\"229\" height=\"300\" \/><\/p>\n<h3><a href=\"https:\/\/wa.me\/8617776015835\" target=\"_blank\" rel=\"noopener\"><span style=\"color: #ff0000;\"><strong>WhatsApp: +86 17776015835<\/strong><\/span><\/a><\/h3>\n<p>&nbsp;<\/p>\n<h2><strong>Funkcie produktu Tornado Vape UWIN 35000<\/strong><\/h2>\n<div role=\"article\" data-tabster=\"{&quot;groupper&quot;:{&quot;tabbability&quot;:2},&quot;focusable&quot;:{}}\" data-content=\"ai-message\" aria-labelledby=\"juhNTJ6o7Gk1cgwZMJgv2-author juhNTJ6o7Gk1cgwZMJgv2-content\">\n<div id=\"juhNTJ6o7Gk1cgwZMJgv2-content\">\n<table>\n<thead>\n<tr>\n<th>Funkcia \/ Parameter<\/th>\n<th align=\"right\">\u0160pecifik\u00e1cia<\/th>\n<th>Vysvetlenie<\/th>\n<\/tr>\n<\/thead>\n<tbody>\n<tr>\n<td>N\u00e1zov produktu<\/td>\n<td align=\"right\">Jednorazov\u00fd vaporiz\u00e9r UWIN Tornado 35000<\/td>\n<td>Jasn\u00e9 pomenovanie pre opakovan\u00e9 objedn\u00e1vky a vyh\u013ead\u00e1vanie.<\/td>\n<\/tr>\n<tr>\n<td>Kapacita \u0165ahov<\/td>\n<td align=\"right\">Viac ako 30 000 potiahnut\u00ed (hodnotenie v zozname)<\/td>\n<td>Vysoko v\u00fdkonn\u00fd jednorazov\u00fd; menej v\u00fdmen zariaden\u00ed.<\/td>\n<\/tr>\n<tr>\n<td>Mo\u017enosti nikot\u00ednu<\/td>\n<td align=\"right\">0% \/ 2% \/ 3% \/ 5%<\/td>\n<td>Vyberte si \u013eahk\u00e9, stredn\u00e9, siln\u00e9 alebo bez nikot\u00ednu.<\/td>\n<\/tr>\n<tr>\n<td>Bat\u00e9ria<\/td>\n<td align=\"right\">Dob\u00edjate\u013en\u00fd 600mAh<\/td>\n<td>Dob\u00edjajte, aby zariadenie nezhaslo sk\u00f4r, ne\u017e ho dokon\u010d\u00edte.<\/td>\n<\/tr>\n<tr>\n<td>Nab\u00edjanie<\/td>\n<td align=\"right\">USB Type-C<\/td>\n<td>Be\u017en\u00fd k\u00e1bel, r\u00fdchle doplnenie.<\/td>\n<\/tr>\n<tr>\n<td>Typ \u0160pir\u00e1lky<\/td>\n<td align=\"right\">1.0\u03a9 mesh \u0161pir\u00e1lka<\/td>\n<td>Rovnomern\u00e9 zahrievanie = hlad\u0161\u00ed \u0165ah, stabilnej\u0161ia chu\u0165.<\/td>\n<\/tr>\n<tr>\n<td>Osvetlenie<\/td>\n<td align=\"right\">RGB LED di\u00f3dy synchronizovan\u00e9 s hudbou<\/td>\n<td>Vizu\u00e1lny efekt reaguj\u00faci na hudbu; prid\u00e1va atraktivitu na poli\u010dke.<\/td>\n<\/tr>\n<tr>\n<td>Pr\u00edchute<\/td>\n<td align=\"right\">~30 mo\u017enost\u00ed<\/td>\n<td>Pokrytie \u0161irok\u00e9ho spektra preferenci\u00ed pre trhy E\u00da.<\/td>\n<\/tr>\n<tr>\n<td>Tvarov\u00e9 prevedenie<\/td>\n<td align=\"right\">\u013dahk\u00fd, prenosn\u00fd<\/td>\n<td>Jednoduch\u00e9 na pren\u00e1\u0161anie do pr\u00e1ce a na cest\u00e1ch.<\/td>\n<\/tr>\n<tr>\n<td>Aktiv\u00e1cia<\/td>\n<td align=\"right\">Aktiv\u00e1cia potiahnut\u00edm<\/td>\n<td>Na vapovanie nie s\u00fa potrebn\u00e9 \u017eiadne tla\u010didl\u00e1.<\/td>\n<\/tr>\n<\/tbody>\n<\/table>\n<\/div>\n<\/div>\n<h2 class=\"product-title\"><strong>Zoznam pr\u00edchut\u00ed Tornado Vape UWIN 35000<\/strong><\/h2>\n<p>1. \u010cu\u010doriedkov\u00e1 malina<br \/>\n2. Hroznov\u00fd \u013ead<br \/>\n3.Jahoda Vodn\u00fd mel\u00f3n<br \/>\n4. \u010cu\u010doriedka s \u013eadom<br \/>\n5. Mel\u00f3n s \u013eadom<br \/>\n6. \u010cere\u0161\u0148a s \u013eadom<br \/>\n7. Jahoda, malina, \u010dere\u0161\u0148a s \u013eadom<br \/>\n8. Kiwi, mu\u010denka, guava<br \/>\n9. Jahoda s \u013eadom<br \/>\n10. Brosky\u0148a, mango, anan\u00e1s<br \/>\n11. \u010cu\u010doriedka, \u010dere\u0161\u0148a, brusnica<br \/>\n12.Brosky\u0148a Bobule<br \/>\n13. \u010cere\u0161\u0148ov\u00e1 kola<br \/>\n14. Zmie\u0161an\u00e9 bobule<br \/>\n15. P\u00e1n Modr\u00fd<br \/>\n16. Letn\u00e1 brosky\u0148ov\u00e1 \u013eadov\u00e1 trie\u0161\u0165<\/p>\n<h3>Pre\u010do si vybra\u0165 vapestornado pre ve\u013ekoobchodn\u00fd predaj Vapme 15000 Puff Vape?<\/h3>\n<div class=\"flex-shrink-0 flex flex-col relative items-end\">\n<div class=\"pt-0\">\n<div class=\"gizmo-bot-avatar flex h-8 w-8 items-center justify-center overflow-hidden rounded-full\">\n<div class=\"relative p-1 rounded-sm flex items-center justify-center bg-token-main-surface-primary text-token-text-primary h-8 w-8\">\n<p>Vitajte vo vapestornado, va\u0161om d\u00f4veryhodnom internetovom obchode s vapmi pre pr\u00e9miov\u00e9 jednorazov\u00e9 vapy. S viac ako 5-ro\u010dn\u00fdmi sk\u00fasenos\u0165ami v\u00e1m prin\u00e1\u0161ame popul\u00e1rne zna\u010dky jednorazov\u00fdch vapov, ako napr\u00edklad Fumot RandM Vape, <a href=\"https:\/\/vapestornado.com\/sk\/product\/vapme-crystal-7000-puffs-rechargeable-disposable-vape-wholesale-cheap-price\/\">Vapme<\/a>, Bang Vape, Waspe Vape a WGA Vape, at\u010f.<\/p>\n<p>N\u00e1\u0161 sortiment zah\u0155\u0148a hor\u00face vapy ako napr\u00edklad <a href=\"https:\/\/vapestornado.com\/sk\/product\/fumot-randm-tornado-15000-puffs-rechargeable-disposable-vape-wholesale\/\">RandM Tornado 15000<\/a>, a v\u00fdber bohat\u00fd na pr\u00edchute ako napr\u00edklad <a href=\"https:\/\/vapestornado.com\/sk\/product\/waspe-40000-puffs-double-flavour-led-display-disposable-vape-wholesale\/\">WASPE Dvojit\u00e1 pr\u00edchu\u0165 40000 Puffs<\/a> . Ka\u017ed\u00fd produkt je vybran\u00fd so zameran\u00edm na kvalitu, hodnotu a rozmanitos\u0165, \u010do zais\u0165uje, \u017ee n\u00e1jdete presne to, \u010do potrebujete. Objavte v\u00fdnimo\u010dn\u00e9 slu\u017eby a \u0161irok\u00fa \u0161k\u00e1lu \u0161pi\u010dkov\u00fdch produktov za ve\u013ekoobchodn\u00e9 ceny vo vapestornado.<\/p>\n<\/div>\n<h3><\/h3>\n<div class=\"relative p-1 rounded-sm flex items-center justify-center bg-token-main-surface-primary text-token-text-primary h-8 w-8\">\n<h3>\u010casto kladen\u00e9 ot\u00e1zky k jednorazov\u00e9mu vaporiz\u00e9ru Tornado Vape UWIN 35000 s potiahnut\u00edm<\/h3>\n<p data-start=\"3378\" data-end=\"3561\"><strong data-start=\"3378\" data-end=\"3451\">1. Potrebujem \u0161peci\u00e1lnu nab\u00edja\u010dku na jednorazov\u00fd UWIN Tornado 35K?<\/strong><br data-start=\"3451\" data-end=\"3454\" \/>Nie. Zariadenie <strong data-start=\"3462\" data-end=\"3482\">UWIN Tornado 35K<\/strong> pou\u017e\u00edva <strong data-start=\"3488\" data-end=\"3502\">USB Type-C<\/strong>, tak\u017ee ak\u00fdko\u013evek \u0161tandardn\u00fd k\u00e1bel Type-C a bezpe\u010dn\u00fd USB adapt\u00e9r funguj\u00fa.<\/p>\n<p data-start=\"3563\" data-end=\"3830\"><strong data-start=\"3563\" data-end=\"3635\">2. Ako siln\u00fd je n\u00e1raz nikot\u00ednu v rade UWIN Tornado 35000?<\/strong><br data-start=\"3635\" data-end=\"3638\" \/>Sila z\u00e1vis\u00ed od zvolenej mo\u017enosti. <strong data-start=\"3679\" data-end=\"3710\">UWIN Tornado 35000 2% alebo 3%<\/strong> poskytuje mierny denn\u00fd n\u00e1raz, zatia\u013e \u010do <strong data-start=\"3749\" data-end=\"3763\">verzia 5%<\/strong> je bli\u017e\u0161ie k tomu, \u010do o\u010dak\u00e1vaj\u00fa \u0165a\u017e\u0161\u00ed faj\u010diari. <strong data-start=\"3806\" data-end=\"3812\">0%<\/strong> je \u010disto chu\u0165.<\/p>\n<p data-start=\"3832\" data-end=\"4050\"><strong data-start=\"3832\" data-end=\"3912\">3. Udr\u017e\u00ed mesh cievka UWIN Tornado 35000 stabiln\u00fa chu\u0165 pri dlhodobom pou\u017e\u00edvan\u00ed?<\/strong><br data-start=\"3912\" data-end=\"3915\" \/>Ahoj! V tejto chv\u00edli ti neviem pom\u00f4c\u0165 s tvojou po\u017eiadavkou. M\u00f4\u017eem ti v\u0161ak pom\u00f4c\u0165 s prekladom akejko\u013evek tvojej po\u017eiadavky. Ak m\u00e1\u0161 z\u00e1ujem, r\u00e1d ti pom\u00f4\u017eem s \u010fal\u0161\u00edmi prekladmi. <strong data-start=\"3919\" data-end=\"3937\">1.0\u03a9 mesh \u0161pir\u00e1lka<\/strong> je navrhnut\u00e1 na rovnomern\u00e9 zahrievanie, \u010do pom\u00e1ha zni\u017eova\u0165 pokles chuti v neskor\u0161\u00edch f\u00e1zach, be\u017en\u00fd pri vysokokapacitn\u00fdch jednorazov\u00fdch zariadeniach.<\/p>\n<p data-start=\"4052\" data-end=\"4286\"><strong data-start=\"4052\" data-end=\"4120\">4. Je UWIN Tornado 35000 vhodn\u00fd na nosenie cel\u00fd de\u0148?<\/strong><br data-start=\"4120\" data-end=\"4123\" \/>\u00c1no. Napriek vysok\u00e9mu po\u010dtu potiahnut\u00ed, <strong data-start=\"4162\" data-end=\"4200\">jednorazov\u00fd vaporiz\u00e9r UWIN Tornado 35000<\/strong> zost\u00e1va \u013eahk\u00fd a vhodn\u00fd do vrecka, \u010do ho rob\u00ed praktick\u00fdm na prest\u00e1vky v pr\u00e1ci alebo na cestovanie.<\/p>\n<p data-start=\"4288\" data-end=\"4521\"><strong data-start=\"4288\" data-end=\"4364\">5. Ak\u00fd m\u00e1 zmysel sveteln\u00fd efekt LED svetiel synchronizovan\u00fdch s hudbou UWIN Tornado 35000?<\/strong><br data-start=\"4364\" data-end=\"4367\" \/>S\u00fa volite\u013en\u00fdm \u0161t\u00fdlov\u00fdm prvkom, nie hlavn\u00fdm funkciou. LED svetl\u00e1 reaguj\u00fa na hudbu alebo okolit\u00e9 zvuky a prid\u00e1vaj\u00fa \u010dist\u00fd vizu\u00e1lny efekt bez zmeny v\u00fdkonu vaporiz\u00e9ra.<\/p>\n<\/div>\n<\/div>\n<\/div>\n<\/div>","protected":false},"excerpt":{"rendered":"<p>UWIN Tornado 35000 Jednorazov\u00fd vaporiz\u00e9r s viac ako 30 000 potiahnutiami<br \/>\nUWIN Tornado 35K Typ-C dob\u00edjate\u013en\u00e1 sie\u0165ov\u00e1 \u0161pir\u00e1lka s v\u00fdkonom<br \/>\nUWIN Tornado 35000 RGB svetl\u00e1 synchronizovan\u00e9 s hudbou a 30 pr\u00edchut\u00ed<\/p>\n<p><strong>Pridajte si Amy na whatsapp a z\u00edskajte spr\u00e1vnu odpove\u010f a kup\u00f3n na vapy!<\/strong><\/p>\n<p><img fetchpriority=\"high\" decoding=\"async\" class=\"size-full wp-image-2932\" src=\"https:\/\/vapestornado.com\/wp-content\/uploads\/2024\/12\/Vape-Wholesale.jpg\" alt=\"Ve\u013ekoobchod s vape\" width=\"229\" height=\"300\" \/><\/p>\n<h3><a href=\"https:\/\/wa.me\/8617776015835\"><span style=\"color: #ff0000;\"><strong>WhatsApp: +86 17776015835<\/strong><\/span><\/a><\/h3>\n<p>&nbsp;<\/p>","protected":false},"featured_media":3084,"comment_status":"open","ping_status":"closed","template":"","meta":{"_acf_changed":false,"_uag_custom_page_level_css":"","_lmt_disableupdate":"no","_lmt_disable":"","_monsterinsights_skip_tracking":false,"_monsterinsights_sitenote_active":false,"_monsterinsights_sitenote_note":"","_monsterinsights_sitenote_category":0,"site-sidebar-layout":"default","site-content-layout":"","ast-site-content-layout":"default","site-content-style":"default","site-sidebar-style":"default","ast-global-header-display":"","ast-banner-title-visibility":"","ast-main-header-display":"","ast-hfb-above-header-display":"","ast-hfb-below-header-display":"","ast-hfb-mobile-header-display":"","site-post-title":"","ast-breadcrumbs-content":"","ast-featured-img":"","footer-sml-layout":"","ast-disable-related-posts":"","theme-transparent-header-meta":"default","adv-header-id-meta":"","stick-header-meta":"","header-above-stick-meta":"","header-main-stick-meta":"","header-below-stick-meta":"","astra-migrate-meta-layouts":"set","ast-page-background-enabled":"default","ast-page-background-meta":{"desktop":{"background-color":"","background-image":"","background-repeat":"repeat","background-position":"center center","background-size":"auto","background-attachment":"scroll","background-type":"","background-media":"","overlay-type":"","overlay-color":"","overlay-opacity":"","overlay-gradient":""},"tablet":{"background-color":"","background-image":"","background-repeat":"repeat","background-position":"center center","background-size":"auto","background-attachment":"scroll","background-type":"","background-media":"","overlay-type":"","overlay-color":"","overlay-opacity":"","overlay-gradient":""},"mobile":{"background-color":"","background-image":"","background-repeat":"repeat","background-position":"center center","background-size":"auto","background-attachment":"scroll","background-type":"","background-media":"","overlay-type":"","overlay-color":"","overlay-opacity":"","overlay-gradient":""}},"ast-content-background-meta":{"desktop":{"background-color":"var(--ast-global-color-5)","background-image":"","background-repeat":"repeat","background-position":"center center","background-size":"auto","background-attachment":"scroll","background-type":"","background-media":"","overlay-type":"","overlay-color":"","overlay-opacity":"","overlay-gradient":""},"tablet":{"background-color":"var(--ast-global-color-5)","background-image":"","background-repeat":"repeat","background-position":"center center","background-size":"auto","background-attachment":"scroll","background-type":"","background-media":"","overlay-type":"","overlay-color":"","overlay-opacity":"","overlay-gradient":""},"mobile":{"background-color":"var(--ast-global-color-5)","background-image":"","background-repeat":"repeat","background-position":"center center","background-size":"auto","background-attachment":"scroll","background-type":"","background-media":"","overlay-type":"","overlay-color":"","overlay-opacity":"","overlay-gradient":""}},"_joinchat":{"telephone":"+8617776015835"}},"product_brand":[],"product_cat":[19,175,154,156,158,141,233],"product_tag":[97,94,114,133,480],"class_list":{"0":"post-3100","1":"product","2":"type-product","3":"status-publish","4":"has-post-thumbnail","6":"product_cat-vapes","7":"product_cat-35000-puff","8":"product_cat-buy-disposable-vapes-in-netherlands","9":"product_cat-buy-disposable-vapes-in-poland","10":"product_cat-buy-disposable-vapes-in-spain","11":"product_cat-crystal-disposable-vapes","12":"product_cat-uwin-vape","13":"product_tag-hot-sale-disposable-vape","14":"product_tag-rechargeable-disposable-vape","15":"product_tag-tornado-vape","16":"product_tag-uwin-tornado-35000","17":"product_tag-uwin-vape","18":"desktop-align-left","19":"tablet-align-left","20":"mobile-align-left","22":"first","23":"instock","24":"sale","25":"shipping-taxable","26":"purchasable","27":"product-type-simple"},"acf":[],"uagb_featured_image_src":{"full":["https:\/\/vapestornado.com\/wp-content\/uploads\/2024\/12\/Tornado-Vape-35000-UWIN-Disposable-Vape.jpg",1126,1126,false],"thumbnail":["https:\/\/vapestornado.com\/wp-content\/uploads\/2024\/12\/Tornado-Vape-35000-UWIN-Disposable-Vape-150x150.jpg",150,150,true],"medium":["https:\/\/vapestornado.com\/wp-content\/uploads\/2024\/12\/Tornado-Vape-35000-UWIN-Disposable-Vape-300x300.jpg",300,300,true],"medium_large":["https:\/\/vapestornado.com\/wp-content\/uploads\/2024\/12\/Tornado-Vape-35000-UWIN-Disposable-Vape-768x768.jpg",768,768,true],"large":["https:\/\/vapestornado.com\/wp-content\/uploads\/2024\/12\/Tornado-Vape-35000-UWIN-Disposable-Vape-1024x1024.jpg",1024,1024,true],"1536x1536":["https:\/\/vapestornado.com\/wp-content\/uploads\/2024\/12\/Tornado-Vape-35000-UWIN-Disposable-Vape.jpg",1126,1126,false],"2048x2048":["https:\/\/vapestornado.com\/wp-content\/uploads\/2024\/12\/Tornado-Vape-35000-UWIN-Disposable-Vape.jpg",1126,1126,false],"trp-custom-language-flag":["https:\/\/vapestornado.com\/wp-content\/uploads\/2024\/12\/Tornado-Vape-35000-UWIN-Disposable-Vape.jpg",12,12,false],"woocommerce_thumbnail":["https:\/\/vapestornado.com\/wp-content\/uploads\/2024\/12\/Tornado-Vape-35000-UWIN-Disposable-Vape-300x300.jpg",300,300,true],"woocommerce_single":["https:\/\/vapestornado.com\/wp-content\/uploads\/2024\/12\/Tornado-Vape-35000-UWIN-Disposable-Vape-600x600.jpg",600,600,true],"woocommerce_gallery_thumbnail":["https:\/\/vapestornado.com\/wp-content\/uploads\/2024\/12\/Tornado-Vape-35000-UWIN-Disposable-Vape-100x100.jpg",100,100,true]},"uagb_author_info":{"display_name":"ESAMY","author_link":"https:\/\/vapestornado.com\/sk\/author\/"},"uagb_comment_info":0,"uagb_excerpt":"UWIN Tornado 35000 Disposable Vape with 30,000+ Puffs UWIN Tornado 35K Type-C Rechargeable Mesh Coil Performance UWIN Tornado 35000 Music-Synced RGB Lights and 30 Flavors Add Amy's whatsapp get right reply and vape vape coupon! WhatsApp: +86 17776015835 &nbsp;","_links":{"self":[{"href":"https:\/\/vapestornado.com\/sk\/wp-json\/wp\/v2\/product\/3100","targetHints":{"allow":["GET"]}}],"collection":[{"href":"https:\/\/vapestornado.com\/sk\/wp-json\/wp\/v2\/product"}],"about":[{"href":"https:\/\/vapestornado.com\/sk\/wp-json\/wp\/v2\/types\/product"}],"replies":[{"embeddable":true,"href":"https:\/\/vapestornado.com\/sk\/wp-json\/wp\/v2\/comments?post=3100"}],"wp:featuredmedia":[{"embeddable":true,"href":"https:\/\/vapestornado.com\/sk\/wp-json\/wp\/v2\/media\/3084"}],"wp:attachment":[{"href":"https:\/\/vapestornado.com\/sk\/wp-json\/wp\/v2\/media?parent=3100"}],"wp:term":[{"taxonomy":"product_brand","embeddable":true,"href":"https:\/\/vapestornado.com\/sk\/wp-json\/wp\/v2\/product_brand?post=3100"},{"taxonomy":"product_cat","embeddable":true,"href":"https:\/\/vapestornado.com\/sk\/wp-json\/wp\/v2\/product_cat?post=3100"},{"taxonomy":"product_tag","embeddable":true,"href":"https:\/\/vapestornado.com\/sk\/wp-json\/wp\/v2\/product_tag?post=3100"}],"curies":[{"name":"wp","href":"https:\/\/api.w.org\/{rel}","templated":true}]}}