{"id":3099,"date":"2024-12-12T08:20:28","date_gmt":"2024-12-12T08:20:28","guid":{"rendered":"https:\/\/vapestornado.com\/?post_type=product&#038;p=3099"},"modified":"2025-12-05T09:13:20","modified_gmt":"2025-12-05T09:13:20","slug":"vapme-shisha-hookah-15000-puff-rechargeable-disposable-vape-wholesale-poland","status":"publish","type":"product","link":"https:\/\/vapestornado.com\/sk\/product\/vapme-shisha-hookah-15000-puff-rechargeable-disposable-vape-wholesale-poland\/","title":{"rendered":"Vapme Shisha Hookah 15000 \u0164ahov Nab\u00edjate\u013en\u00e1 Jednorazov\u00e1 Vape Ve\u013ekoobchod Po\u013esko"},"content":{"rendered":"<h1 class=\"product-title\">Vapme Shisha Hookah 15000 \u0164ahov Nab\u00edjate\u013en\u00e1 Jednorazov\u00e1 Vape Ve\u013ekoobchod Po\u013esko<\/h1>\n<p data-start=\"87\" data-end=\"383\">Ahoj! V tejto chv\u00edli ti neviem pom\u00f4c\u0165 s tvojou po\u017eiadavkou. M\u00f4\u017eem ti v\u0161ak pom\u00f4c\u0165 s prekladom akejko\u013evek tvojej po\u017eiadavky. Ak m\u00e1\u0161 z\u00e1ujem, r\u00e1d ti pom\u00f4\u017eem s \u010fal\u0161\u00edmi prekladmi. <strong data-start=\"91\" data-end=\"136\">Vapme Shisha Hookah 15000 jednorazov\u00fdch vape<\/strong> poskytuje \u0161\u00ed\u0161u \u0161t\u00fdlov\u00fa rel\u00e1ciu v kompaktnom, \u013eahko prenosnom tele. Navrhnut\u00e9 na dlhodob\u00e9 denn\u00e9 pou\u017e\u00edvanie, poskytuje v\u00fddr\u017e, ktor\u00fa \u013eudia o\u010dak\u00e1vaj\u00fa od <strong data-start=\"274\" data-end=\"307\">Vapme Shisha Hookah 15K n\u00e1dychov<\/strong> zariadenia, podporovan\u00e9ho 25ml predplnenou n\u00e1dr\u017eou a nab\u00edjate\u013en\u00fdm nap\u00e1jac\u00edm syst\u00e9mom.<\/p>\n<p data-start=\"385\" data-end=\"653\">Toto je prav\u00e9 <strong data-start=\"400\" data-end=\"426\">15000 n\u00e1dychov \u0161\u00ed\u0161a vape<\/strong> navrhnut\u00e9 okolo otvoren\u00e9ho, hladk\u00e9ho potiahnutia. <strong data-start=\"469\" data-end=\"506\">0,6\u03a9 \u0161\u00ed\u0161a \u0161t\u00fdlov\u00fd jednorazov\u00fd vape<\/strong> cievkov\u00fd syst\u00e9m produkuje hustej\u0161iu paru a \u0161ir\u0161\u00ed n\u00e1dych ne\u017e tesn\u00e9 MTL jednorazov\u00e9, \u010do poskytuje bli\u017e\u0161\u00ed pocit \u0161\u00ed\u0161e bez ak\u00e9hoko\u013evek nastavenia, uhlia alebo neporiadku.<\/p>\n<p data-start=\"655\" data-end=\"1025\">Kapacita je podporen\u00e1 skuto\u010dn\u00fdm objemom tekutiny. Ako <strong data-start=\"702\" data-end=\"728\">Vapme Hookah vape 25ml<\/strong> model, nesie dostatok e-\u0161\u0165avy, aby zodpovedal svojmu vysok\u00e9mu hodnoteniu n\u00e1dychov, tak\u017ee pou\u017e\u00edvatelia nevy\u010derpaj\u00fa zariadenie za p\u00e1r dn\u00ed. Ke\u010f bat\u00e9ria klesne, <strong data-start=\"876\" data-end=\"922\">Typ-C nab\u00edjate\u013en\u00fd jednorazov\u00fd \u0161\u00ed\u0161a vape<\/strong> syst\u00e9m umo\u017e\u0148uje r\u00fdchle a jednoduch\u00e9 dobitie, \u010do umo\u017e\u0148uje pou\u017e\u00edvate\u013eom dokon\u010di\u0165 cel\u00fa n\u00e1dr\u017e namiesto pred\u010dasn\u00e9ho vyhodenia.<\/p>\n<p data-start=\"1027\" data-end=\"1209\">Nikot\u00edn je dostupn\u00fd v dvoch rozumn\u00fdch mo\u017enostiach\u20140% pre rel\u00e1cie len s pr\u00edchu\u0165ou a 2% pre \u013eahk\u00fd ka\u017edodenn\u00fd z\u00e1sah\u2014plus \u0161irok\u00fa \u0161k\u00e1lu pr\u00edchut\u00ed, aby si pou\u017e\u00edvatelia mohli dlhodobo vybra\u0165 to, \u010do maj\u00fa radi.<\/p>\n<p><strong style=\"font-size: 16px;\">Kontaktujte Amy pre spr\u00e1vnu odpove\u010f a vape kup\u00f3n!<\/strong><\/p>\n<p><img fetchpriority=\"high\" decoding=\"async\" class=\"size-full wp-image-2932\" src=\"https:\/\/vapestornado.com\/wp-content\/uploads\/2024\/12\/Vape-Wholesale.jpg\" alt=\"Ve\u013ekoobchod s vape\" width=\"229\" height=\"300\" \/><\/p>\n<h3><a href=\"https:\/\/wa.me\/8617776015835\" target=\"_blank\" rel=\"noopener\"><span style=\"color: #ff0000;\"><strong>WhatsApp: +86 17776015835<\/strong><\/span><\/a><\/h3>\n<p>&nbsp;<\/p>\n<h2><strong>Vlastnosti produktu Vapme Shisha Hookah 15000<\/strong><\/h2>\n<table>\n<thead>\n<tr>\n<th>Funkcia<\/th>\n<th align=\"right\">\u0160pecifik\u00e1cia<\/th>\n<th>Vysvetlenie<\/th>\n<\/tr>\n<\/thead>\n<tbody>\n<tr>\n<td>N\u00e1zov produktu<\/td>\n<td align=\"right\">Vapme Shisha Hookah 15000<\/td>\n<td>Jasn\u00e9 pomenovanie pre opakovan\u00e9 objedn\u00e1vky a vyh\u013ead\u00e1vanie.<\/td>\n<\/tr>\n<tr>\n<td>Kapacita \u0165ahov<\/td>\n<td align=\"right\">A\u017e 15 000 potiahnut\u00ed<\/td>\n<td>Dlh\u0161ie pou\u017e\u00edvanie ako \u0161tandardn\u00e9 disposables; menej v\u00fdmen.<\/td>\n<\/tr>\n<tr>\n<td>Objem E-Liquidu<\/td>\n<td align=\"right\">25ml predplnen\u00e9<\/td>\n<td>Ve\u013ek\u00e1 n\u00e1dr\u017e podporuje hodnotenie 15K.<\/td>\n<\/tr>\n<tr>\n<td>Cievka \/ Odpor<\/td>\n<td align=\"right\">0,6\u03a9<\/td>\n<td>Viac otvoren\u00fd \u0165ah a hustej\u0161ia para, bli\u017e\u0161ie k \u0161t\u00fdlu shisha.<\/td>\n<\/tr>\n<tr>\n<td>Bat\u00e9ria<\/td>\n<td align=\"right\">650mAh nab\u00edjate\u013en\u00e1<\/td>\n<td>Dobite, aby ste mohli pou\u017ei\u0165 cel\u00fd tank.<\/td>\n<\/tr>\n<tr>\n<td>Nab\u00edjanie<\/td>\n<td align=\"right\">USB Type-C<\/td>\n<td>Be\u017en\u00fd \u0161tandard k\u00e1bla; r\u00fdchle doplnenia.<\/td>\n<\/tr>\n<tr>\n<td>Mo\u017enosti nikot\u00ednu<\/td>\n<td align=\"right\">0% \/ 2%<\/td>\n<td>Vyberte si len pr\u00edchu\u0165 alebo \u013eahk\u00fd nikot\u00ednov\u00fd z\u00e1sah.<\/td>\n<\/tr>\n<tr>\n<td>Mo\u017enosti chuti<\/td>\n<td align=\"right\">24 pr\u00edchut\u00ed<\/td>\n<td>Sortiment pre r\u00f4zne preferencie a opakovan\u00e9 predaje.<\/td>\n<\/tr>\n<tr>\n<td>Aktiv\u00e1cia<\/td>\n<td align=\"right\">Aktiv\u00e1cia potiahnut\u00edm<\/td>\n<td>\u017diadne tla\u010didl\u00e1; inhalujte na vapovanie.<\/td>\n<\/tr>\n<\/tbody>\n<\/table>\n<h2 class=\"product-title\"><strong>Zoznam pr\u00edchut\u00ed Vapme 15000 E Shisha<\/strong><\/h2>\n<ol start=\"1\">\n<li>\u010cu\u010doriedka na \u013eade<\/li>\n<li>Kiwi Marakuja Guava<\/li>\n<li>Limon\u00e1da z modrej maliny<\/li>\n<li>Jahoda Kivi<\/li>\n<li>Zmie\u0161an\u00e9 bobule<\/li>\n<li>Jahoda Mel\u00f3n<\/li>\n<li>Hroznov\u00fd \u013ead<\/li>\n<li>\u013dadov\u00fd mel\u00f3n<\/li>\n<li>Brosky\u0148a Mango Anan\u00e1s<\/li>\n<li>Jahodov\u00fd \u013ead<\/li>\n<li>\u013dadov\u00e1 Brosky\u0148a<\/li>\n<li>Mango Ban\u00e1n<\/li>\n<li>\u010cere\u0161\u0148ov\u00e1 bobu\u013ea<\/li>\n<li>\u010cu\u010doriedkov\u00e1 malina<\/li>\n<li>L\u00e1ska 66<\/li>\n<li>Vodov\u00fd mel\u00f3n B\u00fdk<\/li>\n<li>Jahodov\u00e9 hrozno<\/li>\n<li>Jahodov\u00fd malinov\u00fd cukr\u00edk<\/li>\n<li>Mamba<\/li>\n<li>Vodov\u00fd mel\u00f3n \u010cere\u0161\u0148a<\/li>\n<li>Mrazen\u00e9 Jablko<\/li>\n<li>Citr\u00f3nov\u00e1 m\u00e4ta<\/li>\n<li>\u010cierne r\u00edbezle \u013ead<\/li>\n<li>Anan\u00e1sov\u00fd kokteil<\/li>\n<\/ol>\n<h3>Pre\u010do si vybra\u0165 vapestornado pre ve\u013ekoobchodn\u00fd predaj Vapme 15000 Puff Vape?<\/h3>\n<div class=\"flex-shrink-0 flex flex-col relative items-end\">\n<div class=\"pt-0\">\n<div class=\"gizmo-bot-avatar flex h-8 w-8 items-center justify-center overflow-hidden rounded-full\">\n<div class=\"relative p-1 rounded-sm flex items-center justify-center bg-token-main-surface-primary text-token-text-primary h-8 w-8\">\n<p>Vitajte vo vapestornado, va\u0161om d\u00f4veryhodnom internetovom obchode s vapmi pre pr\u00e9miov\u00e9 jednorazov\u00e9 vapy. S viac ako 5-ro\u010dn\u00fdmi sk\u00fasenos\u0165ami v\u00e1m prin\u00e1\u0161ame popul\u00e1rne zna\u010dky jednorazov\u00fdch vapov, ako napr\u00edklad Fumot RandM Vape, <a href=\"https:\/\/vapestornado.com\/sk\/product\/vapme-crystal-7000-puffs-rechargeable-disposable-vape-wholesale-cheap-price\/\">Vapme<\/a>, Bang Vape, Waspe Vape a WGA Vape, at\u010f.<\/p>\n<p>N\u00e1\u0161 sortiment zah\u0155\u0148a hor\u00face vapy ako napr\u00edklad <a href=\"https:\/\/vapestornado.com\/sk\/product\/fumot-randm-tornado-15000-puffs-rechargeable-disposable-vape-wholesale\/\">RandM Tornado 15000<\/a>, a v\u00fdber bohat\u00fd na pr\u00edchute ako napr\u00edklad <a href=\"https:\/\/vapestornado.com\/sk\/product\/waspe-40000-puffs-double-flavour-led-display-disposable-vape-wholesale\/\">WASPE Dvojit\u00e1 pr\u00edchu\u0165 40000 Puffs<\/a> . Ka\u017ed\u00fd produkt je vybran\u00fd so zameran\u00edm na kvalitu, hodnotu a rozmanitos\u0165, \u010do zais\u0165uje, \u017ee n\u00e1jdete presne to, \u010do potrebujete. Objavte v\u00fdnimo\u010dn\u00e9 slu\u017eby a \u0161irok\u00fa \u0161k\u00e1lu \u0161pi\u010dkov\u00fdch produktov za ve\u013ekoobchodn\u00e9 ceny vo vapestornado.<\/p>\n<\/div>\n<h3><\/h3>\n<div class=\"relative p-1 rounded-sm flex items-center justify-center bg-token-main-surface-primary text-token-text-primary h-8 w-8\">\n<h3>\u010cast\u00e9 ot\u00e1zky pre jednorazov\u00fa elektronick\u00fa cigaretu Vapme Shisha 15000 Puff<\/h3>\n<p data-start=\"2743\" data-end=\"2944\"><strong data-start=\"2743\" data-end=\"2812\">1. Potrebujem \u0161peci\u00e1lnu nab\u00edja\u010dku pre Vapme Shisha 15K?<\/strong><br data-start=\"2812\" data-end=\"2815\" \/>Nie. Zariadenie <strong data-start=\"2823\" data-end=\"2861\">Vapme Shisha 15K jednorazov\u00fd<\/strong> sa nab\u00edja cez <strong data-start=\"2874\" data-end=\"2888\">USB Type-C<\/strong>, tak\u017ee ak\u00fdko\u013evek \u0161tandardn\u00fd k\u00e1bel Type-C a bezpe\u010dn\u00fd adapt\u00e9r funguj\u00fa.<\/p>\n<p data-start=\"2946\" data-end=\"3170\"><strong data-start=\"2946\" data-end=\"3021\">2. Je Vapme Shisha 15000 bli\u017e\u0161ie k \u0165ahu shisha alebo cigarety?<\/strong><br data-start=\"3021\" data-end=\"3024\" \/>Prikl\u00e1\u0148a sa k shishe. <strong data-start=\"3045\" data-end=\"3058\">0,6\u03a9 cievka<\/strong> na <strong data-start=\"3066\" data-end=\"3100\">Vapme Shisha 15000 vape<\/strong> poskytuje otvorenej\u0161\u00ed n\u00e1dych a hustej\u0161iu paru ne\u017e tesn\u00e9 MTL jednorazov\u00e9 zariadenia.<\/p>\n<p data-start=\"3172\" data-end=\"3428\"><strong data-start=\"3172\" data-end=\"3247\">3. Ak\u00fd nikot\u00edn je dostupn\u00fd v rade Vapme 15k shisha?<\/strong><br data-start=\"3247\" data-end=\"3250\" \/>S\u00fa dve mo\u017enosti: <strong data-start=\"3273\" data-end=\"3279\">0%<\/strong> bez nikot\u00ednu a <strong data-start=\"3300\" data-end=\"3306\">2%<\/strong> \u013eahk\u00fd, stabiln\u00fd z\u00e1sah. <strong data-start=\"3336\" data-end=\"3377\">Vapme 150000 Shisha 2% nikot\u00ednov\u00e1<\/strong> verzia vyhovuje faj\u010diarom, ktor\u00ed chc\u00fa nie\u010do mierne.<\/p>\n<p data-start=\"3430\" data-end=\"3683\"><strong data-start=\"3430\" data-end=\"3510\">4. Ako dlho vydr\u017e\u00ed jednorazov\u00e1 Vapme Shisha 15000 pri dennom pou\u017e\u00edvan\u00ed?<\/strong><br data-start=\"3510\" data-end=\"3513\" \/>Pou\u017e\u00edvanie sa l\u00ed\u0161i, ale <strong data-start=\"3535\" data-end=\"3557\">Hodnotenie 15 000 potiahnut\u00ed<\/strong> plus <strong data-start=\"3563\" data-end=\"3578\">25 ml tekutiny<\/strong> zvy\u010dajne vydr\u017e\u00ed ove\u013ea dlh\u0161ie ako mal\u00e9 jednorazov\u00e9 zariadenia, najm\u00e4 ke\u010f pod\u013ea potreby dob\u00edjate bat\u00e9riu.<\/p>\n<p data-start=\"3685\" data-end=\"3961\"><strong data-start=\"3685\" data-end=\"3758\">5. Ak\u00e9 pr\u00edchute s\u00fa dostupn\u00e9 pre Vapme Shisha s 15 000 potiahnutiami?<\/strong><br data-start=\"3758\" data-end=\"3761\" \/>Toto <strong data-start=\"3765\" data-end=\"3801\">Vapme <\/strong>\u00a0vape l\u00ednia pon\u00faka <strong data-start=\"3814\" data-end=\"3828\">24 pr\u00edchut\u00ed<\/strong>, zah\u0155\u0148aj\u00faca ovocn\u00e9, \u013eadov\u00e9 a slad\u0161ie zmesi. Obchody m\u00f4\u017eu ma\u0165 sortiment pod\u013ea miestneho dopytu a pou\u017e\u00edvatelia sa m\u00f4\u017eu dr\u017ea\u0165 zn\u00e1meho profilu.<\/p>\n<\/div>\n<\/div>\n<\/div>\n<\/div>","protected":false},"excerpt":{"rendered":"<p>Vapme Shisha Hookah 15000 jednorazov\u00fdch vape ve\u013ekoobchodn\u00e1 k\u00fapa za n\u00edzku cenu<br \/>\nVapme 15K n\u00e1dychov jednorazov\u00e1 Shisha Hookah ve\u013ekoobchodn\u00e1 cena<br \/>\nVapme Shisha 15k nab\u00edjate\u013en\u00e9 vape s pln\u00fdmi pr\u00edchu\u0165ami na sklade<\/p>\n<p><strong>Pridajte si Amy na whatsapp a z\u00edskajte spr\u00e1vnu odpove\u010f a kup\u00f3n na vapy!<\/strong><\/p>\n<p><img fetchpriority=\"high\" decoding=\"async\" class=\"size-full wp-image-2932\" src=\"https:\/\/vapestornado.com\/wp-content\/uploads\/2024\/12\/Vape-Wholesale.jpg\" alt=\"Ve\u013ekoobchod s vape\" width=\"229\" height=\"300\" \/><\/p>\n<h3><a href=\"https:\/\/wa.me\/8617776015835\"><span style=\"color: #ff0000;\"><strong>WhatsApp: +86 17776015835<\/strong><\/span><\/a><\/h3>\n<p>&nbsp;<\/p>","protected":false},"featured_media":3094,"comment_status":"open","ping_status":"closed","template":"","meta":{"_acf_changed":false,"_uag_custom_page_level_css":"","_lmt_disableupdate":"no","_lmt_disable":"","_monsterinsights_skip_tracking":false,"_monsterinsights_sitenote_active":false,"_monsterinsights_sitenote_note":"","_monsterinsights_sitenote_category":0,"site-sidebar-layout":"default","site-content-layout":"","ast-site-content-layout":"default","site-content-style":"default","site-sidebar-style":"default","ast-global-header-display":"","ast-banner-title-visibility":"","ast-main-header-display":"","ast-hfb-above-header-display":"","ast-hfb-below-header-display":"","ast-hfb-mobile-header-display":"","site-post-title":"","ast-breadcrumbs-content":"","ast-featured-img":"","footer-sml-layout":"","ast-disable-related-posts":"","theme-transparent-header-meta":"default","adv-header-id-meta":"","stick-header-meta":"","header-above-stick-meta":"","header-main-stick-meta":"","header-below-stick-meta":"","astra-migrate-meta-layouts":"set","ast-page-background-enabled":"default","ast-page-background-meta":{"desktop":{"background-color":"","background-image":"","background-repeat":"repeat","background-position":"center center","background-size":"auto","background-attachment":"scroll","background-type":"","background-media":"","overlay-type":"","overlay-color":"","overlay-opacity":"","overlay-gradient":""},"tablet":{"background-color":"","background-image":"","background-repeat":"repeat","background-position":"center center","background-size":"auto","background-attachment":"scroll","background-type":"","background-media":"","overlay-type":"","overlay-color":"","overlay-opacity":"","overlay-gradient":""},"mobile":{"background-color":"","background-image":"","background-repeat":"repeat","background-position":"center center","background-size":"auto","background-attachment":"scroll","background-type":"","background-media":"","overlay-type":"","overlay-color":"","overlay-opacity":"","overlay-gradient":""}},"ast-content-background-meta":{"desktop":{"background-color":"var(--ast-global-color-5)","background-image":"","background-repeat":"repeat","background-position":"center center","background-size":"auto","background-attachment":"scroll","background-type":"","background-media":"","overlay-type":"","overlay-color":"","overlay-opacity":"","overlay-gradient":""},"tablet":{"background-color":"var(--ast-global-color-5)","background-image":"","background-repeat":"repeat","background-position":"center center","background-size":"auto","background-attachment":"scroll","background-type":"","background-media":"","overlay-type":"","overlay-color":"","overlay-opacity":"","overlay-gradient":""},"mobile":{"background-color":"var(--ast-global-color-5)","background-image":"","background-repeat":"repeat","background-position":"center center","background-size":"auto","background-attachment":"scroll","background-type":"","background-media":"","overlay-type":"","overlay-color":"","overlay-opacity":"","overlay-gradient":""}},"_joinchat":{"telephone":"+8617776015835"}},"product_brand":[],"product_cat":[71,150,154,156,144,146,147,61],"product_tag":[131,93,132,130],"class_list":{"0":"post-3099","1":"product","2":"type-product","3":"status-publish","4":"has-post-thumbnail","6":"product_cat-15000-puff","7":"product_cat-buy-disposable-vapes-in-belgium","8":"product_cat-buy-disposable-vapes-in-netherlands","9":"product_cat-buy-disposable-vapes-in-poland","10":"product_cat-low-nicotine-disposable-vapes","11":"product_cat-rechargeable-disposable-vapes","12":"product_cat-shisha-hookah-disposable-vapes","13":"product_cat-vapme-shisha","14":"product_tag-shisha-hookah","15":"product_tag-vape-wholesale","16":"product_tag-vapme-shisha-15000","17":"product_tag-vapme-shisha-hookah-15000","18":"desktop-align-left","19":"tablet-align-left","20":"mobile-align-left","22":"first","23":"instock","24":"sale","25":"shipping-taxable","26":"purchasable","27":"product-type-simple"},"acf":[],"uagb_featured_image_src":{"full":["https:\/\/vapestornado.com\/wp-content\/uploads\/2024\/12\/JNR-Vapme-Shisha-Hookah-15000-Wholesale.jpg",1126,1126,false],"thumbnail":["https:\/\/vapestornado.com\/wp-content\/uploads\/2024\/12\/JNR-Vapme-Shisha-Hookah-15000-Wholesale-150x150.jpg",150,150,true],"medium":["https:\/\/vapestornado.com\/wp-content\/uploads\/2024\/12\/JNR-Vapme-Shisha-Hookah-15000-Wholesale-300x300.jpg",300,300,true],"medium_large":["https:\/\/vapestornado.com\/wp-content\/uploads\/2024\/12\/JNR-Vapme-Shisha-Hookah-15000-Wholesale-768x768.jpg",768,768,true],"large":["https:\/\/vapestornado.com\/wp-content\/uploads\/2024\/12\/JNR-Vapme-Shisha-Hookah-15000-Wholesale-1024x1024.jpg",1024,1024,true],"1536x1536":["https:\/\/vapestornado.com\/wp-content\/uploads\/2024\/12\/JNR-Vapme-Shisha-Hookah-15000-Wholesale.jpg",1126,1126,false],"2048x2048":["https:\/\/vapestornado.com\/wp-content\/uploads\/2024\/12\/JNR-Vapme-Shisha-Hookah-15000-Wholesale.jpg",1126,1126,false],"trp-custom-language-flag":["https:\/\/vapestornado.com\/wp-content\/uploads\/2024\/12\/JNR-Vapme-Shisha-Hookah-15000-Wholesale.jpg",12,12,false],"woocommerce_thumbnail":["https:\/\/vapestornado.com\/wp-content\/uploads\/2024\/12\/JNR-Vapme-Shisha-Hookah-15000-Wholesale-300x300.jpg",300,300,true],"woocommerce_single":["https:\/\/vapestornado.com\/wp-content\/uploads\/2024\/12\/JNR-Vapme-Shisha-Hookah-15000-Wholesale-600x600.jpg",600,600,true],"woocommerce_gallery_thumbnail":["https:\/\/vapestornado.com\/wp-content\/uploads\/2024\/12\/JNR-Vapme-Shisha-Hookah-15000-Wholesale-100x100.jpg",100,100,true]},"uagb_author_info":{"display_name":"ESAMY","author_link":"https:\/\/vapestornado.com\/sk\/author\/"},"uagb_comment_info":0,"uagb_excerpt":"Vapme Shisha Hookah 15000 Disposable Vape Bulk Buy Cheap Price Vapme 15K Puff Disposable Shisha Hookah Wholesale Price Vapme Shisha 15k Rechargeable Vape with Full Flavors in Stock Add Amy's whatsapp get right reply and vape vape coupon! WhatsApp: +86 17776015835 &nbsp;","_links":{"self":[{"href":"https:\/\/vapestornado.com\/sk\/wp-json\/wp\/v2\/product\/3099","targetHints":{"allow":["GET"]}}],"collection":[{"href":"https:\/\/vapestornado.com\/sk\/wp-json\/wp\/v2\/product"}],"about":[{"href":"https:\/\/vapestornado.com\/sk\/wp-json\/wp\/v2\/types\/product"}],"replies":[{"embeddable":true,"href":"https:\/\/vapestornado.com\/sk\/wp-json\/wp\/v2\/comments?post=3099"}],"wp:featuredmedia":[{"embeddable":true,"href":"https:\/\/vapestornado.com\/sk\/wp-json\/wp\/v2\/media\/3094"}],"wp:attachment":[{"href":"https:\/\/vapestornado.com\/sk\/wp-json\/wp\/v2\/media?parent=3099"}],"wp:term":[{"taxonomy":"product_brand","embeddable":true,"href":"https:\/\/vapestornado.com\/sk\/wp-json\/wp\/v2\/product_brand?post=3099"},{"taxonomy":"product_cat","embeddable":true,"href":"https:\/\/vapestornado.com\/sk\/wp-json\/wp\/v2\/product_cat?post=3099"},{"taxonomy":"product_tag","embeddable":true,"href":"https:\/\/vapestornado.com\/sk\/wp-json\/wp\/v2\/product_tag?post=3099"}],"curies":[{"name":"wp","href":"https:\/\/api.w.org\/{rel}","templated":true}]}}