{"id":3083,"date":"2024-12-11T09:26:24","date_gmt":"2024-12-11T09:26:24","guid":{"rendered":"https:\/\/vapestornado.com\/?post_type=product&#038;p=3083"},"modified":"2025-08-23T11:13:51","modified_gmt":"2025-08-23T11:13:51","slug":"randm-vape-tornado-7000-puffs-disposable-vape-bulk-buy-price-germany","status":"publish","type":"product","link":"https:\/\/vapestornado.com\/sk\/product\/randm-vape-tornado-7000-puffs-disposable-vape-bulk-buy-price-germany\/","title":{"rendered":"RandM Vape Tornado 7000 potiahnut\u00ed jednorazov\u00fd vape hromadn\u00fd n\u00e1kup cena Slovensko"},"content":{"rendered":"<h1 class=\"product-title\">RandM Vape Tornado 7000 potiahnut\u00ed jednorazov\u00fd vape hromadn\u00fd n\u00e1kup cena Slovensko<\/h1>\n<p data-start=\"178\" data-end=\"507\">Ahoj! V tejto chv\u00edli ti neviem pom\u00f4c\u0165 s tvojou po\u017eiadavkou. M\u00f4\u017eem ti v\u0161ak pom\u00f4c\u0165 s prekladom akejko\u013evek tvojej po\u017eiadavky. Ak m\u00e1\u0161 z\u00e1ujem, r\u00e1d ti pom\u00f4\u017eem s \u010fal\u0161\u00edmi prekladmi. <strong data-start=\"182\" data-end=\"220\">RandM Tornado 7000 Jednorazov\u00e1 Vape<\/strong> je siln\u00fd predajca na nemeckom trhu, ktor\u00fd kombinuje spo\u013eahliv\u00fd v\u00fdkon so \u0161irokou \u0161k\u00e1lou pr\u00edchut\u00ed za konkurencieschopn\u00fa cenu <strong data-start=\"336\" data-end=\"354\">ve\u013ekoobchodn\u00e9 ceny<\/strong>. S a\u017e <strong data-start=\"367\" data-end=\"391\">7 000 potiahnut\u00ed na jednotku<\/strong>, tento model pon\u00faka maloobchodn\u00edkom cenovo dostupn\u00fa, ale odoln\u00fa mo\u017enos\u0165 pre z\u00e1kazn\u00edkov, ktor\u00ed h\u013eadaj\u00fa chu\u0165 aj pohodlie.<span id=\"1\" class=\"notranslate immersive-translate-target-wrapper\" lang=\"zh-CN\" translate=\"no\" data-immersive-translate-loading-id=\"\">\u00a0 <\/span><\/p>\n<p data-start=\"509\" data-end=\"785\">Vybaven\u00e9 <strong data-start=\"525\" data-end=\"557\">1000mAh dob\u00edjacia bat\u00e9ria<\/strong> a <strong data-start=\"562\" data-end=\"586\">r\u00fdchleho nab\u00edjania typu C<\/strong>, RandM 7K zais\u0165uje nepretr\u017eit\u00e9 pou\u017e\u00edvanie bez zbyto\u010dn\u00e9ho plytvania e-liquidom. A <strong data-start=\"654\" data-end=\"683\">nastavite\u013en\u00e9ho pr\u00fadenia vzduchu<\/strong> umo\u017e\u0148uje pou\u017e\u00edvate\u013eom prep\u00edna\u0165 medzi tesnej\u0161\u00edmi alebo otvorenej\u0161\u00edmi \u0165ahmi, v\u010faka \u010domu je vhodn\u00fd pre r\u00f4zne preferencie.<\/p>\n<p data-start=\"787\" data-end=\"1022\">S <strong data-start=\"792\" data-end=\"816\">56 variantov pr\u00edchut\u00ed<\/strong> od ovocn\u00fdch po dezertn\u00e9 profily, toto zariadenie uspokojuje r\u00f4zne nemeck\u00e9 z\u00e1kazn\u00edcke z\u00e1kladne. Ten <strong data-start=\"915\" data-end=\"938\">form\u00e1t s n\u00edzkym obsahom nikot\u00ednu<\/strong> (2% alebo menej) z neho rob\u00ed atrakt\u00edvnu mo\u017enos\u0165 pre vaperov, ktor\u00ed h\u013eadaj\u00fa hlad\u0161ie sedenia.<\/p>\n<p data-start=\"1024\" data-end=\"1096\">Pre distrib\u00fatorov a majite\u013eov predajn\u00ed, <strong data-start=\"1062\" data-end=\"1084\">RandM Tornado 7000<\/strong> poskytuje:<\/p>\n<ul data-start=\"1097\" data-end=\"1349\">\n<li data-start=\"1097\" data-end=\"1151\">\n<p data-start=\"1099\" data-end=\"1151\">Stredn\u00fd rozsah kapacity \u0165ahov, ide\u00e1lny pre ka\u017edodenn\u00fd predaj<\/p>\n<\/li>\n<li data-start=\"1152\" data-end=\"1200\">\n<p data-start=\"1154\" data-end=\"1200\">\u0160irok\u00fd katal\u00f3g pr\u00edchut\u00ed pre opakovan\u00e9 n\u00e1kupy<\/p>\n<\/li>\n<li data-start=\"1201\" data-end=\"1257\">\n<p data-start=\"1203\" data-end=\"1257\">Nab\u00edjate\u013en\u00fd dizajn, zni\u017euj\u00faci vr\u00e1tenie a reklam\u00e1cie<\/p>\n<\/li>\n<li data-start=\"1258\" data-end=\"1349\">\n<p data-start=\"1260\" data-end=\"1349\"><strong data-start=\"1260\" data-end=\"1312\">Ve\u013ekoobchodn\u00e9 balenie a konkurencieschopn\u00e9 ceny pri n\u00e1kupe vo ve\u013ekom<\/strong> prisp\u00f4soben\u00e9 pre trhy E\u00da a Nemecka<\/p>\n<\/li>\n<\/ul>\n<p><strong>Pridajte si Amy na Whatsapp, z\u00edskajte okam\u017eit\u00fa odpove\u010f a kup\u00f3n na vape!<\/strong><\/p>\n<p><img fetchpriority=\"high\" decoding=\"async\" class=\"size-full wp-image-2932\" src=\"https:\/\/vapestornado.com\/wp-content\/uploads\/2024\/12\/Vape-Wholesale.jpg\" alt=\"Ve\u013ekoobchod s vape\" width=\"229\" height=\"300\" \/><\/p>\n<h3><a href=\"https:\/\/wa.me\/8617776015835\" target=\"_blank\" rel=\"noopener\"><span style=\"color: #ff0000;\"><strong>WhatsApp: +86 17776015835<\/strong><\/span><\/a><\/h3>\n<p>&nbsp;<\/p>\n<h2><strong>Funkcie produktu RandM Tornado 7000<\/strong><\/h2>\n<p>Integrovan\u00e1 1000mAh bat\u00e9ria<br \/>\nNab\u00edjate\u013en\u00e1 bat\u00e9ria<br \/>\n7000 po\u0165ahov na zariadenie<br \/>\nOvl\u00e1danie prietoku vzduchu<br \/>\nDostupn\u00fdch 56 pr\u00edchut\u00ed<br \/>\nNab\u00edjanie cez Type-C<\/p>\n<h2 class=\"product-title\"><strong>Zoznam pr\u00edchut\u00ed RandM Tornado 7000<\/strong><\/h2>\n<p>1 Chladiv\u00e1 m\u00e4ta<br \/>\n2 Bujn\u00fd \u013ead<br \/>\n3 Mandar\u00ednkov\u00fd \u013ead<br \/>\n4 Jahodov\u00fd donut<br \/>\n5 Gumov\u00fd medved\u00edk<br \/>\n6 \u010cu\u010doriedka s \u013eadom<br \/>\n7 Mango s \u013eadom<br \/>\n8 Brosky\u0148ov\u00fd \u013ead<br \/>\n9 Ban\u00e1nov\u00fd \u013ead<br \/>\n10 Hroznov\u00fd \u013ead<br \/>\n11 Ru\u017eov\u00e1 limon\u00e1da<br \/>\n12 Pina Colada Rum<br \/>\n13 Zmie\u0161an\u00e9 bobule<br \/>\n14 Ban\u00e1nov\u00fd milkshake<br \/>\n15 Jahodov\u00fd mel\u00f3n<br \/>\n16 \u010cerven\u00e9 jablko s citr\u00f3nom<br \/>\n17 Anan\u00e1sov\u00fd \u013ead<br \/>\n18 Cukrov\u00e1 vata<br \/>\n19 Jahoda s ban\u00e1nom<br \/>\n20 Jahodov\u00fd \u013ead<br \/>\n21 Jahoda s kiwi<br \/>\n22.\u010cerven\u00e1 energetick\u00e1 s \u013eadom<br \/>\n23.Modr\u00e1 malinov\u00e1 limon\u00e1da<br \/>\n24.\u010cerven\u00e9 jablko s \u013eadom<br \/>\n25.Bobu\u013eov\u00e1 limon\u00e1da<br \/>\n26. \u010cu\u010doriedkov\u00e1 \u017euva\u010dka<br \/>\n27. Bluesour Malina<br \/>\n28. Dr. Blue<br \/>\n29. Jablko Brosky\u0148a Hru\u0161ka<br \/>\n30. \u010cu\u010doriedka Gran\u00e1tov\u00e9 jablko<br \/>\n31. Vimto<br \/>\n32. Kiwi Marakuja Guava<br \/>\n33. Colaice<br \/>\n34. Kysl\u00e9 jablko<br \/>\n35. \u010cierne r\u00edbezle Mentol<br \/>\n36. Tigria krv<br \/>\n37. Brosky\u0148ovo-\u010du\u010doriedkov\u00fd cukr\u00edk<br \/>\n38. Brosky\u0148a Mango<br \/>\n39. Jahodov\u00fd Red Bull<br \/>\n40. \u010cernicov\u00fd \u013ead<br \/>\n41. Jahodovo-mel\u00f3nov\u00e1 limon\u00e1da<br \/>\n42. \u010cere\u0161\u0148a<br \/>\n43. Modr\u00e1 malina \u010cere\u0161\u0148a<br \/>\n44. Skittles<br \/>\n45. \u010cu\u010doriedkov\u00e1 malina<br \/>\n46. Jahodov\u00e9 hrozno<br \/>\n47. \u010cu\u010doriedka \u010cere\u0161\u0148a Brusnica<br \/>\n48. Jablkov\u00e1 bobu\u013eov\u00e1 bomba<br \/>\n49. \u010cere\u0161\u0148ov\u00e1 kola<br \/>\n50. Citr\u00f3n<br \/>\n51. Ru\u017eov\u00fd v\u00fdbuch<br \/>\n52. Tichomorsk\u00fd chladi\u010d<br \/>\n53. \u013dadov\u00e1 poch\u00fa\u0165ka<br \/>\n54. Bingo drvi\u010d<\/p>\n<h2>Pre\u010do si vybra\u0165 vapestornado pre ve\u013ekoobchod s vapmi Fumot RandM 7k?<\/h2>\n<div class=\"flex-shrink-0 flex flex-col relative items-end\">\n<div class=\"pt-0\">\n<div class=\"gizmo-bot-avatar flex h-8 w-8 items-center justify-center overflow-hidden rounded-full\">\n<div class=\"relative p-1 rounded-sm flex items-center justify-center bg-token-main-surface-primary text-token-text-primary h-8 w-8\">\n<p>Vitajte vo vapestornado, va\u0161om d\u00f4veryhodnom internetovom obchode s vapmi pre pr\u00e9miov\u00e9 jednorazov\u00e9 vapy. S viac ako 5-ro\u010dn\u00fdmi sk\u00fasenos\u0165ami v\u00e1m prin\u00e1\u0161ame popul\u00e1rne zna\u010dky jednorazov\u00fdch vapov, ako napr\u00edklad Fumot RandM Vape, <a href=\"https:\/\/vapestornado.com\/sk\/product\/vapme-crystal-7000-puffs-rechargeable-disposable-vape-wholesale-cheap-price\/\">Vapme<\/a>, Bang Vape, Waspe Vape a WGA Vape, at\u010f.<\/p>\n<p>N\u00e1\u0161 sortiment zah\u0155\u0148a hor\u00face vapy ako napr\u00edklad <a href=\"https:\/\/vapestornado.com\/sk\/product\/fumot-randm-tornado-15000-puffs-rechargeable-disposable-vape-wholesale\/\">RandM Tornado 15000<\/a>, a v\u00fdber bohat\u00fd na pr\u00edchute ako napr\u00edklad <a href=\"https:\/\/vapestornado.com\/sk\/product\/waspe-40000-puffs-double-flavour-led-display-disposable-vape-wholesale\/\">WASPE Dvojit\u00e1 pr\u00edchu\u0165 40000 Puffs<\/a> . Ka\u017ed\u00fd produkt je vybran\u00fd so zameran\u00edm na kvalitu, hodnotu a rozmanitos\u0165, \u010do zais\u0165uje, \u017ee n\u00e1jdete presne to, \u010do potrebujete. Objavte v\u00fdnimo\u010dn\u00e9 slu\u017eby a \u0161irok\u00fa \u0161k\u00e1lu \u0161pi\u010dkov\u00fdch produktov za ve\u013ekoobchodn\u00e9 ceny vo vapestornado.<\/p>\n<\/div>\n<h3><\/h3>\n<div class=\"relative p-1 rounded-sm flex items-center justify-center bg-token-main-surface-primary text-token-text-primary h-8 w-8\">\n<h2>\u010casto kladen\u00e9 ot\u00e1zky k jednorazov\u00e9mu vapu RandM 7000 Music<\/h2>\n<\/div>\n<\/div>\n<\/div>\n<\/div>\n<div class=\"flex-shrink-0 flex flex-col relative items-end\">\n<div class=\"pt-0\">\n<div class=\"gizmo-bot-avatar flex h-8 w-8 items-center justify-center overflow-hidden rounded-full\">\n<div class=\"relative p-1 rounded-sm flex items-center justify-center bg-token-main-surface-primary text-token-text-primary h-8 w-8\">\n<div class=\"mb-2 flex gap-3 empty:hidden -ml-2\">\n<h3><\/h3>\n<ol>\n<li><strong>Ko\u013eko po\u0165ahov poskytuje RandM 7000?<\/strong><br \/>\nRandM 7000 pon\u00faka p\u00f4sobiv\u00fdch 7 000 po\u0165ahov na jedno zariadenie, \u010do zais\u0165uje dlhotrvaj\u00face pou\u017e\u00edvanie pri ka\u017edej vapovacej rel\u00e1cii.<\/li>\n<li><strong>Je mo\u017en\u00e9 RandM 7000 nabi\u0165?<\/strong><br \/>\n\u00c1no, zariadenie je vybaven\u00e9 nab\u00edjate\u013enou 1000mAh bat\u00e9riou a pre pohodlie podporuje r\u00fdchle nab\u00edjanie cez Type-C.<\/li>\n<li><strong>Ko\u013eko pr\u00edchut\u00ed je k dispoz\u00edcii pre Fumot Tornado 7000?<\/strong><br \/>\nFumot Tornado 7000 prich\u00e1dza s 56 r\u00f4znymi pr\u00edchu\u0165ami, ktor\u00e9 pon\u00fakaj\u00fa \u0161irok\u00fa \u0161k\u00e1lu na uspokojenie r\u00f4znorod\u00fdch preferenci\u00ed.<\/li>\n<li><strong>Je RandM Tornado 7k vhodn\u00fd pre u\u017e\u00edvate\u013eov s n\u00edzkym obsahom nikot\u00ednu?<\/strong><br \/>\n\u00c1no, RandM Tornado 7k je <strong>jednorazov\u00fd vap s n\u00edzkym obsahom nikot\u00ednu<\/strong>, \u010do z neho rob\u00ed skvel\u00fa vo\u013ebu pre t\u00fdch, ktor\u00ed preferuj\u00fa jemnej\u0161\u00ed a miernej\u0161\u00ed z\u00e1\u017eitok z vapovania.<\/li>\n<li><strong>M\u00f4\u017eem k\u00fapi\u0165 RandM Tornado 7000 vo ve\u013ekom za ve\u013ekoobchodn\u00e9 ceny?<\/strong><br \/>\nUr\u010dite! RandM Tornado 7000 je k dispoz\u00edcii pre <strong>ve\u013ekoobchodn\u00e9 ceny vape<\/strong>, pon\u00faka konkurencieschopn\u00e9 ceny pri hromadnom n\u00e1kupe pre maloobchodn\u00edkov na Slovensku a mimo neho.<\/li>\n<\/ol>\n<p>&nbsp;<\/p>\n<\/div>\n<\/div>\n<\/div>\n<\/div>\n<\/div>\n<div class=\"group\/conversation-turn relative flex w-full min-w-0 flex-col agent-turn\">\n<div class=\"flex-col gap-1 md:gap-3\">\n<div class=\"flex max-w-full flex-col flex-grow\">\n<div class=\"min-h-8 text-message flex w-full flex-col items-end gap-2 whitespace-normal break-words [.text-message+&amp;]:mt-5\" dir=\"auto\" data-message-author-role=\"assistant\" data-message-id=\"db716a1c-9ed0-4b8d-b3b0-7bdb913c3d42\" data-message-model-slug=\"gpt-4o\">\n<div class=\"flex w-full flex-col gap-1 empty:hidden first:pt-[3px]\">\n<div class=\"markdown prose w-full break-words dark:prose-invert light\">\n<p>&nbsp;<\/p>\n<\/div>\n<\/div>\n<\/div>\n<\/div>\n<\/div>\n<\/div>","protected":false},"excerpt":{"rendered":"<p>Ahoj! V tejto chv\u00edli ti neviem pom\u00f4c\u0165 s tvojou po\u017eiadavkou. M\u00f4\u017eem ti v\u0161ak pom\u00f4c\u0165 s prekladom akejko\u013evek tvojej po\u017eiadavky. Ak m\u00e1\u0161 z\u00e1ujem, r\u00e1d ti pom\u00f4\u017eem s \u010fal\u0161\u00edmi prekladmi. <strong data-start=\"1398\" data-end=\"1426\">RandM Tornado 7000 \u0164ahov<\/strong> pon\u00faka 56 pr\u00edchut\u00ed, 1000mAh nab\u00edjate\u013en\u00fa bat\u00e9riu a nastavite\u013en\u00fd prietok vzduchu. Jednorazov\u00e1 vape s strednou kapacitou ur\u010den\u00e1 pre <strong data-start=\"1545\" data-end=\"1578\">ve\u013ekoobchodn\u00fdch kupuj\u00facich v Nemecku<\/strong> za konkurencieschopn\u00e9 ceny.<\/p>\n<p><strong>Pridajte si Amy na whatsapp a z\u00edskajte spr\u00e1vnu odpove\u010f a kup\u00f3n na vapy!<\/strong><\/p>\n<p><img fetchpriority=\"high\" decoding=\"async\" class=\"size-full wp-image-2932\" src=\"https:\/\/vapestornado.com\/wp-content\/uploads\/2024\/12\/Vape-Wholesale.jpg\" alt=\"Ve\u013ekoobchod s vape\" width=\"229\" height=\"300\" \/><\/p>\n<h3><a href=\"https:\/\/wa.me\/8617776015835\"><span style=\"color: #ff0000;\"><strong>WhatsApp: +86 17776015835<\/strong><\/span><\/a><\/h3>\n<p>&nbsp;<\/p>","protected":false},"featured_media":3080,"comment_status":"open","ping_status":"closed","template":"","meta":{"_acf_changed":false,"_uag_custom_page_level_css":"","_lmt_disableupdate":"no","_lmt_disable":"","_monsterinsights_skip_tracking":false,"_monsterinsights_sitenote_active":false,"_monsterinsights_sitenote_note":"","_monsterinsights_sitenote_category":0,"site-sidebar-layout":"default","site-content-layout":"","ast-site-content-layout":"default","site-content-style":"default","site-sidebar-style":"default","ast-global-header-display":"","ast-banner-title-visibility":"","ast-main-header-display":"","ast-hfb-above-header-display":"","ast-hfb-below-header-display":"","ast-hfb-mobile-header-display":"","site-post-title":"","ast-breadcrumbs-content":"","ast-featured-img":"","footer-sml-layout":"","ast-disable-related-posts":"","theme-transparent-header-meta":"default","adv-header-id-meta":"","stick-header-meta":"","header-above-stick-meta":"","header-main-stick-meta":"","header-below-stick-meta":"","astra-migrate-meta-layouts":"set","ast-page-background-enabled":"default","ast-page-background-meta":{"desktop":{"background-color":"","background-image":"","background-repeat":"repeat","background-position":"center center","background-size":"auto","background-attachment":"scroll","background-type":"","background-media":"","overlay-type":"","overlay-color":"","overlay-opacity":"","overlay-gradient":""},"tablet":{"background-color":"","background-image":"","background-repeat":"repeat","background-position":"center center","background-size":"auto","background-attachment":"scroll","background-type":"","background-media":"","overlay-type":"","overlay-color":"","overlay-opacity":"","overlay-gradient":""},"mobile":{"background-color":"","background-image":"","background-repeat":"repeat","background-position":"center center","background-size":"auto","background-attachment":"scroll","background-type":"","background-media":"","overlay-type":"","overlay-color":"","overlay-opacity":"","overlay-gradient":""}},"ast-content-background-meta":{"desktop":{"background-color":"var(--ast-global-color-5)","background-image":"","background-repeat":"repeat","background-position":"center center","background-size":"auto","background-attachment":"scroll","background-type":"","background-media":"","overlay-type":"","overlay-color":"","overlay-opacity":"","overlay-gradient":""},"tablet":{"background-color":"var(--ast-global-color-5)","background-image":"","background-repeat":"repeat","background-position":"center center","background-size":"auto","background-attachment":"scroll","background-type":"","background-media":"","overlay-type":"","overlay-color":"","overlay-opacity":"","overlay-gradient":""},"mobile":{"background-color":"var(--ast-global-color-5)","background-image":"","background-repeat":"repeat","background-position":"center center","background-size":"auto","background-attachment":"scroll","background-type":"","background-media":"","overlay-type":"","overlay-color":"","overlay-opacity":"","overlay-gradient":""}},"_joinchat":{"telephone":"+8617776015835"}},"product_brand":[],"product_cat":[74,151,152,143,58,144,148],"product_tag":[83,128,127,129,78,114,93],"class_list":{"0":"post-3083","1":"product","2":"type-product","3":"status-publish","4":"has-post-thumbnail","6":"product_cat-7000-puff","7":"product_cat-buy-disposable-vapes-in-france","8":"product_cat-buy-disposable-vapes-in-cermany","9":"product_cat-dual-mesh-disposable-vapes","10":"product_cat-fumot-vape","11":"product_cat-low-nicotine-disposable-vapes","12":"product_cat-tornado-disposable-vapes","13":"product_tag-fumot-vape","14":"product_tag-randm-7000","15":"product_tag-randm-tornado-7000","16":"product_tag-randm-tornado-7000-germany","17":"product_tag-randm-vape","18":"product_tag-tornado-vape","19":"product_tag-vape-wholesale","20":"desktop-align-left","21":"tablet-align-left","22":"mobile-align-left","24":"first","25":"instock","26":"sale","27":"shipping-taxable","28":"purchasable","29":"product-type-simple"},"acf":[],"uagb_featured_image_src":{"full":["https:\/\/vapestornado.com\/wp-content\/uploads\/2024\/12\/RandM-Tornado-7000-Puffs-Disposable-Vape.jpg",1126,1126,false],"thumbnail":["https:\/\/vapestornado.com\/wp-content\/uploads\/2024\/12\/RandM-Tornado-7000-Puffs-Disposable-Vape-150x150.jpg",150,150,true],"medium":["https:\/\/vapestornado.com\/wp-content\/uploads\/2024\/12\/RandM-Tornado-7000-Puffs-Disposable-Vape-300x300.jpg",300,300,true],"medium_large":["https:\/\/vapestornado.com\/wp-content\/uploads\/2024\/12\/RandM-Tornado-7000-Puffs-Disposable-Vape-768x768.jpg",768,768,true],"large":["https:\/\/vapestornado.com\/wp-content\/uploads\/2024\/12\/RandM-Tornado-7000-Puffs-Disposable-Vape-1024x1024.jpg",1024,1024,true],"1536x1536":["https:\/\/vapestornado.com\/wp-content\/uploads\/2024\/12\/RandM-Tornado-7000-Puffs-Disposable-Vape.jpg",1126,1126,false],"2048x2048":["https:\/\/vapestornado.com\/wp-content\/uploads\/2024\/12\/RandM-Tornado-7000-Puffs-Disposable-Vape.jpg",1126,1126,false],"trp-custom-language-flag":["https:\/\/vapestornado.com\/wp-content\/uploads\/2024\/12\/RandM-Tornado-7000-Puffs-Disposable-Vape.jpg",12,12,false],"woocommerce_thumbnail":["https:\/\/vapestornado.com\/wp-content\/uploads\/2024\/12\/RandM-Tornado-7000-Puffs-Disposable-Vape-300x300.jpg",300,300,true],"woocommerce_single":["https:\/\/vapestornado.com\/wp-content\/uploads\/2024\/12\/RandM-Tornado-7000-Puffs-Disposable-Vape-600x600.jpg",600,600,true],"woocommerce_gallery_thumbnail":["https:\/\/vapestornado.com\/wp-content\/uploads\/2024\/12\/RandM-Tornado-7000-Puffs-Disposable-Vape-100x100.jpg",100,100,true]},"uagb_author_info":{"display_name":"ESAMY","author_link":"https:\/\/vapestornado.com\/sk\/author\/"},"uagb_comment_info":0,"uagb_excerpt":"The RandM Tornado 7000 Puffs offers 56 flavours, 1000mAh rechargeable battery, and adjustable airflow. A mid-capacity disposable vape designed for Germany wholesale bulk buyers at competitive prices. Add Amy's whatsapp get right reply and vape vape coupon! WhatsApp: +86 17776015835 &nbsp;","_links":{"self":[{"href":"https:\/\/vapestornado.com\/sk\/wp-json\/wp\/v2\/product\/3083","targetHints":{"allow":["GET"]}}],"collection":[{"href":"https:\/\/vapestornado.com\/sk\/wp-json\/wp\/v2\/product"}],"about":[{"href":"https:\/\/vapestornado.com\/sk\/wp-json\/wp\/v2\/types\/product"}],"replies":[{"embeddable":true,"href":"https:\/\/vapestornado.com\/sk\/wp-json\/wp\/v2\/comments?post=3083"}],"wp:featuredmedia":[{"embeddable":true,"href":"https:\/\/vapestornado.com\/sk\/wp-json\/wp\/v2\/media\/3080"}],"wp:attachment":[{"href":"https:\/\/vapestornado.com\/sk\/wp-json\/wp\/v2\/media?parent=3083"}],"wp:term":[{"taxonomy":"product_brand","embeddable":true,"href":"https:\/\/vapestornado.com\/sk\/wp-json\/wp\/v2\/product_brand?post=3083"},{"taxonomy":"product_cat","embeddable":true,"href":"https:\/\/vapestornado.com\/sk\/wp-json\/wp\/v2\/product_cat?post=3083"},{"taxonomy":"product_tag","embeddable":true,"href":"https:\/\/vapestornado.com\/sk\/wp-json\/wp\/v2\/product_tag?post=3083"}],"curies":[{"name":"wp","href":"https:\/\/api.w.org\/{rel}","templated":true}]}}