{"id":3076,"date":"2024-12-11T08:15:21","date_gmt":"2024-12-11T08:15:21","guid":{"rendered":"https:\/\/vapestornado.com\/?post_type=product&#038;p=3076"},"modified":"2025-12-09T09:39:23","modified_gmt":"2025-12-09T09:39:23","slug":"randm-tornado-30000-puffs-music-rechargeable-disposable-vape-pen-wholesale","status":"publish","type":"product","link":"https:\/\/vapestornado.com\/sk\/product\/randm-tornado-30000-puffs-music-rechargeable-disposable-vape-pen-wholesale\/","title":{"rendered":"RandM Tornado 30000 \u0165ahov Music nab\u00edjate\u013en\u00e9 jednorazov\u00e9 vape pero ve\u013ekoobchod"},"content":{"rendered":"<h1 class=\"product-title\">RandM Tornado 30000 \u0165ahov Music nab\u00edjate\u013en\u00e9 jednorazov\u00e9 vape pero ve\u013ekoobchod<\/h1>\n<p data-start=\"1141\" data-end=\"1425\">Fumot RandM Tornado 30000 \u0164ahov je nab\u00edjate\u013en\u00e1 jednorazovka s 30 000 \u0165ahmi, 1.0\u03a9 mesh \u0161pir\u00e1lkou a LED osvetlen\u00edm synchronizovan\u00fdm s hudbou, vyroben\u00e1 pre dlh\u00e9 sedenia, stabiln\u00fa chu\u0165 a v\u00fdnimo\u010dn\u00fd \u0161t\u00fdl.<\/p>\n<p data-start=\"915\" data-end=\"1120\"><strong data-start=\"915\" data-end=\"946\">Dlh\u00e1 \u017eivotnos\u0165 bez objemu.<\/strong> Ahoj! V tejto chv\u00edli ti neviem pom\u00f4c\u0165 s tvojou po\u017eiadavkou. M\u00f4\u017eem ti v\u0161ak pom\u00f4c\u0165 s prekladom akejko\u013evek tvojej po\u017eiadavky. Ak m\u00e1\u0161 z\u00e1ujem, r\u00e1d ti pom\u00f4\u017eem s \u010fal\u0161\u00edmi prekladmi. <strong data-start=\"951\" data-end=\"1000\">RandM Tornado 30000 \u0164ahov jednorazov\u00e9 vape pero<\/strong> je zameran\u00e9 na be\u017en\u00fdch pou\u017e\u00edvate\u013eov, ktor\u00ed chc\u00fa zariadenie, ktor\u00e9 vydr\u017e\u00ed t\u00fd\u017edne, nie dni, a z\u00e1rove\u0148 sa \u013eahko pren\u00e1\u0161a pri ka\u017edodenn\u00fdch \u010dinnostiach.<\/p>\n<p data-start=\"1124\" data-end=\"1346\"><strong data-start=\"1124\" data-end=\"1172\">Stabilita mesh \u0161pir\u00e1lky pri vysokom po\u010dte \u0165ahov.<\/strong> Tento FUMOT<strong data-start=\"1177\" data-end=\"1232\">\u00a030K mesh \u0161pir\u00e1lka nab\u00edjate\u013en\u00e1 jednorazovka<\/strong> pou\u017e\u00edva <strong data-start=\"1240\" data-end=\"1258\">1.0\u03a9 mesh \u0161pir\u00e1lka<\/strong> poskytuje hladk\u00e9 \u0165ahy, hust\u00fa paru a pomal\u0161ie vyblednutie chuti hlboko do rozsahu 30K.<\/p>\n<p data-start=\"1350\" data-end=\"1534\"><strong data-start=\"1350\" data-end=\"1397\">Type-C nap\u00e1janie, ktor\u00e9 zabra\u0148uje plytvaniu e-liquidom.<\/strong> S <strong data-start=\"1405\" data-end=\"1455\">650mAh Type-C nab\u00edjate\u013en\u00e1 Tornado Vape 30k<\/strong>, dob\u00edjate, ke\u010f je to potrebn\u00e9, a vapujete, k\u00fdm zariadenie skuto\u010dne nedokon\u010d\u00ed.<\/p>\n<p data-start=\"1538\" data-end=\"1781\"><strong data-start=\"1538\" data-end=\"1577\">LED synchronizovan\u00e9 s hudbou pre spolo\u010densk\u00e9 prostredie.<\/strong> Fumot <strong data-start=\"1582\" data-end=\"1616\">Tornado Vape<\/strong> pulzuje svetlami do v\u00e1\u0161ho playlistu, funkcia, ktor\u00e1 sa silno pred\u00e1va v <strong data-start=\"1682\" data-end=\"1736\">Nemecku, Po\u013esku, \u0160panielsku, Taliansku a Holandsku<\/strong>, najm\u00e4 v no\u010dnom a v\u00edkendovom prostred\u00ed.<\/p>\n<p data-start=\"1785\" data-end=\"1987\"><strong data-start=\"1785\" data-end=\"1820\">\u0160irok\u00e1 rot\u00e1cia pr\u00edchut\u00ed zabudovan\u00e1.<\/strong> Dvadsa\u0165 pr\u00edchut\u00ed pokr\u00fdva ovocn\u00e9, \u013eadov\u00e9 a klasick\u00e9 profily, tak\u017ee <strong data-start=\"1884\" data-end=\"1922\">RandM 30K jednorazovka<\/strong> zost\u00e1va zauj\u00edmav\u00e9 aj pri dlhodobom pou\u017e\u00edvan\u00ed bez potreby druh\u00e9ho zariadenia.<\/p>\n<p><strong>Pridajte si Amy na Whatsapp, z\u00edskajte okam\u017eit\u00fa odpove\u010f a kup\u00f3n na vape!<\/strong><\/p>\n<p><img fetchpriority=\"high\" decoding=\"async\" class=\"size-full wp-image-2932\" src=\"https:\/\/vapestornado.com\/wp-content\/uploads\/2024\/12\/Vape-Wholesale.jpg\" alt=\"Ve\u013ekoobchod s vape\" width=\"229\" height=\"300\" \/><\/p>\n<h3><a href=\"https:\/\/wa.me\/8617776015835\" target=\"_blank\" rel=\"noopener\"><span style=\"color: #ff0000;\"><strong>WhatsApp: +86 17776015835<\/strong><\/span><\/a><\/h3>\n<p>&nbsp;<\/p>\n<h2><strong>Vlastnosti produktu RandM Tornado 30000<\/strong><\/h2>\n<table>\n<thead>\n<tr>\n<th>Funkcia<\/th>\n<th>\u0160pecifik\u00e1cia<\/th>\n<th>Detaily<\/th>\n<\/tr>\n<\/thead>\n<tbody>\n<tr>\n<td>N\u00e1zov produktu<\/td>\n<td>RandM Tornado 30000 Pufov Hudobn\u00fd Vape<\/td>\n<td>Vysoko kapacitn\u00fd dob\u00edjate\u013en\u00fd jednorazov\u00fd s \u013eahk\u00fdmi funkciami.<\/td>\n<\/tr>\n<tr>\n<td>Kapacita \u0165ahov<\/td>\n<td>A\u017e 30 000 pufov<\/td>\n<td>Navrhnut\u00e9 pre dlhodob\u00e9 denn\u00e9 pou\u017e\u00edvanie s men\u0161\u00edm po\u010dtom v\u00fdmen.<\/td>\n<\/tr>\n<tr>\n<td>Typ \u0160pir\u00e1lky<\/td>\n<td>1.0\u03a9 mesh \u0161pir\u00e1lka<\/td>\n<td>Rovnomern\u00e9 zahrievanie pre hladk\u00fd p\u00e1r a konzistentn\u00fa chu\u0165.<\/td>\n<\/tr>\n<tr>\n<td>Bat\u00e9ria<\/td>\n<td>650mAh nab\u00edjate\u013en\u00e1<\/td>\n<td>Spo\u013eahliv\u00fd v\u00fdkon; dob\u00edjajte na vyu\u017eitie celej \u017eivotnosti zariadenia.<\/td>\n<\/tr>\n<tr>\n<td>Nab\u00edjanie<\/td>\n<td>r\u00fdchle nab\u00edjanie Type-C<\/td>\n<td>R\u00fdchle doplnenie pomocou modern\u00fdch k\u00e1blov \u0161tandardu E\u00da.<\/td>\n<\/tr>\n<tr>\n<td>Funkcia Osvetlenia<\/td>\n<td>Syst\u00e9m LED synchronizovan\u00fd s hudbou<\/td>\n<td>LED di\u00f3dy pulzuj\u00fa v rytme hudby pre vizu\u00e1lny, interakt\u00edvny efekt.<\/td>\n<\/tr>\n<tr>\n<td>Rozsah Chuti<\/td>\n<td>30 chut\u00ed<\/td>\n<td>\u0160irok\u00fd v\u00fdber pre dlhodob\u00fa rot\u00e1ciu.<\/td>\n<\/tr>\n<tr>\n<td>\u0160t\u00fdl Nikot\u00ednu<\/td>\n<td>Podpora n\u00edzkeho obsahu nikot\u00ednu<\/td>\n<td>Vhodn\u00e9 pre pou\u017e\u00edvate\u013eov, ktor\u00ed preferuj\u00fa jemnej\u0161\u00ed z\u00e1\u017eitok.<\/td>\n<\/tr>\n<tr>\n<td>Umiestnenie<\/td>\n<td>Model na predaj v maloobchode a ve\u013ekoobchode s vysokou obratnos\u0165ou<\/td>\n<td>Dizajn s vplyvom na reg\u00e1l a dlh\u00e1 v\u00fddr\u017e bat\u00e9rie.<\/td>\n<\/tr>\n<\/tbody>\n<\/table>\n<h2 class=\"product-title\"><strong>Zoznam pr\u00edchut\u00ed RandM Tornado 30000<\/strong><\/h2>\n<p>1. Ban\u00e1nov\u00fd \u013ead<br \/>\n2. \u010cierny \u013ead<br \/>\n3. Modr\u00fd malinov\u00fd \u013ead<br \/>\n4. \u010cu\u010doriedka na \u013eade<br \/>\n5. \u010cu\u010doriedka Malina<br \/>\n6. \u010cu\u010doriedka Kysl\u00e1 Malina<br \/>\n7. \u010cere\u0161\u0148ov\u00fd \u013ead<br \/>\n8. \u010cere\u0161\u0148ov\u00e1 Cola<br \/>\n9. Cola \u013ead<br \/>\n10. Chladiv\u00e1 M\u00e4ta<br \/>\n11. Dvojit\u00e9 Jablko<br \/>\n12. Dr. Blue<br \/>\n13. Hroznov\u00fd \u013ead<br \/>\n14. \u013dadov\u00e1 Poch\u00fa\u0165ka<br \/>\n15. Kiwi Marakuja Guava<br \/>\n16. L\u00e1ska 66<br \/>\n17. Lush Ice<br \/>\n18. Zmie\u0161an\u00e9 bobule<br \/>\n19. Brosky\u0148ov\u00e1 bobu\u013ea<br \/>\n20. Brosky\u0148ov\u00fd \u013ead<br \/>\n21. Brosky\u0148ov\u00e9 mango anan\u00e1s<br \/>\n22. Anan\u00e1sov\u00fd \u013ead<br \/>\n23. Ru\u017eov\u00e1 limon\u00e1da<br \/>\n24. Skittles<br \/>\n25. Jahodov\u00fd ban\u00e1n<br \/>\n26. Jahodov\u00e9 hrozno<br \/>\n27. Jahodov\u00fd \u013ead<br \/>\n28. Jahodov\u00fd mel\u00f3n<br \/>\n29. Trojit\u00e9 mango<br \/>\n30. Vimto<\/p>\n<h2>Pre\u010do si vybra\u0165 vapestornado pre ve\u013ekoobchod Fumot 30k Vape?<\/h2>\n<div class=\"flex-shrink-0 flex flex-col relative items-end\">\n<div class=\"pt-0\">\n<div class=\"gizmo-bot-avatar flex h-8 w-8 items-center justify-center overflow-hidden rounded-full\">\n<div class=\"relative p-1 rounded-sm flex items-center justify-center bg-token-main-surface-primary text-token-text-primary h-8 w-8\">\n<p>Vitajte vo vapestornado, va\u0161om d\u00f4veryhodnom internetovom obchode s vapmi pre pr\u00e9miov\u00e9 jednorazov\u00e9 vapy. S viac ako 5-ro\u010dn\u00fdmi sk\u00fasenos\u0165ami v\u00e1m prin\u00e1\u0161ame popul\u00e1rne zna\u010dky jednorazov\u00fdch vapov, ako napr\u00edklad Fumot RandM Vape, <a href=\"https:\/\/vapestornado.com\/sk\/product\/vapme-crystal-7000-puffs-rechargeable-disposable-vape-wholesale-cheap-price\/\">Vapme<\/a>, Bang Vape, Waspe Vape a WGA Vape, at\u010f.<\/p>\n<p>N\u00e1\u0161 sortiment zah\u0155\u0148a hor\u00face vapy ako napr\u00edklad <a href=\"https:\/\/vapestornado.com\/sk\/product\/fumot-randm-tornado-15000-puffs-rechargeable-disposable-vape-wholesale\/\">RandM Tornado 15000<\/a>, a v\u00fdber bohat\u00fd na pr\u00edchute ako napr\u00edklad <a href=\"https:\/\/vapestornado.com\/sk\/product\/waspe-40000-puffs-double-flavour-led-display-disposable-vape-wholesale\/\">WASPE Dvojit\u00e1 pr\u00edchu\u0165 40000 Puffs<\/a> . Ka\u017ed\u00fd produkt je vybran\u00fd so zameran\u00edm na kvalitu, hodnotu a rozmanitos\u0165, \u010do zais\u0165uje, \u017ee n\u00e1jdete presne to, \u010do potrebujete. Objavte v\u00fdnimo\u010dn\u00e9 slu\u017eby a \u0161irok\u00fa \u0161k\u00e1lu \u0161pi\u010dkov\u00fdch produktov za ve\u013ekoobchodn\u00e9 ceny vo vapestornado.<\/p>\n<\/div>\n<h3><\/h3>\n<div class=\"relative p-1 rounded-sm flex items-center justify-center bg-token-main-surface-primary text-token-text-primary h-8 w-8\">\n<h2>\u010cast\u00e9 ot\u00e1zky pre jednorazov\u00fa elektronick\u00fa cigaretu RandM 30k Music<\/h2>\n<\/div>\n<\/div>\n<\/div>\n<\/div>\n<div class=\"flex-shrink-0 flex flex-col relative items-end\">\n<div class=\"pt-0\">\n<div class=\"gizmo-bot-avatar flex h-8 w-8 items-center justify-center overflow-hidden rounded-full\">\n<div class=\"relative p-1 rounded-sm flex items-center justify-center bg-token-main-surface-primary text-token-text-primary h-8 w-8\">\n<div class=\"mb-2 flex gap-3 empty:hidden -ml-2\">\n<h2 data-start=\"2910\" data-end=\"2929\"><\/h2>\n<ol data-start=\"2931\" data-end=\"4128\">\n<li data-start=\"2931\" data-end=\"3167\">\n<p data-start=\"2934\" data-end=\"3167\"><strong data-start=\"2934\" data-end=\"3034\">Ako udr\u017eiava mesh cievka RandM Tornado 30000 Pufov jednorazov\u00e9ho zariadenia stabiln\u00fa chu\u0165 po\u010das dlhodob\u00e9ho pou\u017e\u00edvania?<\/strong><br data-start=\"3034\" data-end=\"3037\" \/>Ahoj! V tejto chv\u00edli ti neviem pom\u00f4c\u0165 s tvojou po\u017eiadavkou. M\u00f4\u017eem ti v\u0161ak pom\u00f4c\u0165 s prekladom akejko\u013evek tvojej po\u017eiadavky. Ak m\u00e1\u0161 z\u00e1ujem, r\u00e1d ti pom\u00f4\u017eem s \u010fal\u0161\u00edmi prekladmi. <strong data-start=\"3041\" data-end=\"3059\">1.0\u03a9 mesh \u0161pir\u00e1lka<\/strong> rovnomerne rozprestiera teplo, \u010do pom\u00e1ha pary zosta\u0165 hladkou a chu\u0165 zosta\u0165 pr\u00edtomnou hlb\u0161ie do \u017eivotnosti zariadenia.<\/p>\n<\/li>\n<li data-start=\"3169\" data-end=\"3415\">\n<p data-start=\"3172\" data-end=\"3415\"><strong data-start=\"3172\" data-end=\"3281\">\u010co rob\u00ed dob\u00edjate\u013en\u00fd jednorazov\u00fd vaporiz\u00e9r RandM Tornado 30K Music odli\u0161n\u00fdm od \u0161tandardn\u00e9ho zariadenia s kapacitou 30K?<\/strong><br data-start=\"3281\" data-end=\"3284\" \/>Ahoj! V tejto chv\u00edli ti neviem pom\u00f4c\u0165 s tvojou po\u017eiadavkou. M\u00f4\u017eem ti v\u0161ak pom\u00f4c\u0165 s prekladom akejko\u013evek tvojej po\u017eiadavky. Ak m\u00e1\u0161 z\u00e1ujem, r\u00e1d ti pom\u00f4\u017eem s \u010fal\u0161\u00edmi prekladmi. <strong data-start=\"3288\" data-end=\"3315\">osvetlenie LED synchronizovan\u00e9 s hudbou<\/strong> reaguje na va\u0161u playlistu, vytv\u00e1ra vizu\u00e1lny rytmick\u00fd efekt, ktor\u00fd sa hod\u00ed do spolo\u010densk\u00fdch a no\u010dn\u00fdch prostred\u00ed.<\/p>\n<\/li>\n<li data-start=\"3417\" data-end=\"3661\">\n<p data-start=\"3420\" data-end=\"3661\"><strong data-start=\"3420\" data-end=\"3533\">Dokon\u010d\u00ed Fumot Tornado 30000 Type-C dob\u00edjate\u013en\u00fd vaporiz\u00e9r svoju pln\u00fa kapacitu na \u0165ahy bez poklesu bat\u00e9rie?<\/strong><br data-start=\"3533\" data-end=\"3536\" \/>Dob\u00edjate\u013enos\u0165 rie\u0161i probl\u00e9m s po\u010diato\u010dnou bat\u00e9riou. Ke\u010f je v\u00fdkon n\u00edzky, doplnenie cez Type-C udr\u017e\u00ed zariadenie v prev\u00e1dzke, k\u00fdm sa \u0165ahy nezakon\u010dia.<\/p>\n<\/li>\n<li data-start=\"3663\" data-end=\"3885\">\n<p data-start=\"3666\" data-end=\"3885\"><strong data-start=\"3666\" data-end=\"3768\">Je Fumot 30K LED jednorazov\u00fd vaporiz\u00e9r vhodn\u00fd na ka\u017edodenn\u00e9 nosenie aj na ve\u010dern\u00e9 v\u00fdlety?<\/strong><br data-start=\"3768\" data-end=\"3771\" \/>\u00c1no. Zosta\u0165 prenosn\u00fd na ka\u017edodenn\u00e9 pou\u017eitie, zatia\u013e \u010do funkcia LED prid\u00e1va atraktivitu v baroch, kluboch a v\u00edkendov\u00fdch prostrediach.<\/p>\n<\/li>\n<li data-start=\"3887\" data-end=\"4128\">\n<p data-start=\"3890\" data-end=\"4128\"><strong data-start=\"3890\" data-end=\"3982\">Ako pom\u00e1haj\u00fa 30 pr\u00edchut\u00ed v RandM Tornado 30000 Puffs Music Vape dlhodob\u00fdm pou\u017e\u00edvate\u013eom?<\/strong><br data-start=\"3982\" data-end=\"3985\" \/>Ve\u013ek\u00fd v\u00fdber pr\u00edchut\u00ed rob\u00ed zariadenia na dlh\u00e9 pou\u017e\u00edvanie pr\u00edjemnej\u0161\u00edmi, umo\u017e\u0148uje pou\u017e\u00edvate\u013eom strieda\u0165 profily namiesto toho, aby zostali zablokovan\u00ed pri jednej chuti na t\u00fd\u017edne.<\/p>\n<\/li>\n<\/ol>\n<\/div>\n<\/div>\n<\/div>\n<\/div>\n<\/div>\n<div class=\"group\/conversation-turn relative flex w-full min-w-0 flex-col agent-turn\">\n<div class=\"flex-col gap-1 md:gap-3\">\n<div class=\"flex max-w-full flex-col flex-grow\">\n<div class=\"min-h-8 text-message flex w-full flex-col items-end gap-2 whitespace-normal break-words [.text-message+&amp;]:mt-5\" dir=\"auto\" data-message-author-role=\"assistant\" data-message-id=\"db716a1c-9ed0-4b8d-b3b0-7bdb913c3d42\" data-message-model-slug=\"gpt-4o\">\n<div class=\"flex w-full flex-col gap-1 empty:hidden first:pt-[3px]\">\n<div class=\"markdown prose w-full break-words dark:prose-invert light\">\n<p>&nbsp;<\/p>\n<\/div>\n<\/div>\n<\/div>\n<\/div>\n<\/div>\n<\/div>","protected":false},"excerpt":{"rendered":"<p data-start=\"1465\" data-end=\"1662\">Fumot RandM Tornado 30000 \u0164ahov Hudobn\u00e1 nab\u00edjate\u013en\u00e1 jednorazov\u00e1 vape s 1.0\u03a9 mesh \u0161pir\u00e1lkou, 650mAh Type-C r\u00fdchlym nab\u00edjan\u00edm, LED osvetlen\u00edm synchronizovan\u00fdm s hudbou a 20 pr\u00edchu\u0165ami. Vyroben\u00e9 pre dlh\u00e9, plynul\u00e9 sedenia a siln\u00fd maloobchodn\u00fd dopyt v E\u00da. V\u00fdnimo\u010dn\u00e1 jednorazovka navrhnut\u00e1 pre <strong data-start=\"1624\" data-end=\"1659\">ve\u013ekoobchodn\u00fdch hromadn\u00fdch kupcov v Eur\u00f3pe<\/strong>.<\/p>\n<p><strong>Pridajte si Amy na whatsapp a z\u00edskajte spr\u00e1vnu odpove\u010f a kup\u00f3n na vapy!<\/strong><\/p>\n<p><img fetchpriority=\"high\" decoding=\"async\" class=\"size-full wp-image-2932\" src=\"https:\/\/vapestornado.com\/wp-content\/uploads\/2024\/12\/Vape-Wholesale.jpg\" alt=\"Ve\u013ekoobchod s vape\" width=\"229\" height=\"300\" \/><\/p>\n<h3><a href=\"https:\/\/wa.me\/8617776015835\"><span style=\"color: #ff0000;\"><strong>WhatsApp: +86 17776015835<\/strong><\/span><\/a><\/h3>\n<p>&nbsp;<\/p>","protected":false},"featured_media":3025,"comment_status":"open","ping_status":"closed","template":"","meta":{"_acf_changed":false,"_uag_custom_page_level_css":"","_lmt_disableupdate":"no","_lmt_disable":"","_monsterinsights_skip_tracking":false,"_monsterinsights_sitenote_active":false,"_monsterinsights_sitenote_note":"","_monsterinsights_sitenote_category":0,"site-sidebar-layout":"default","site-content-layout":"","ast-site-content-layout":"default","site-content-style":"default","site-sidebar-style":"default","ast-global-header-display":"","ast-banner-title-visibility":"","ast-main-header-display":"","ast-hfb-above-header-display":"","ast-hfb-below-header-display":"","ast-hfb-mobile-header-display":"","site-post-title":"","ast-breadcrumbs-content":"","ast-featured-img":"","footer-sml-layout":"","ast-disable-related-posts":"","theme-transparent-header-meta":"default","adv-header-id-meta":"","stick-header-meta":"","header-above-stick-meta":"","header-main-stick-meta":"","header-below-stick-meta":"","astra-migrate-meta-layouts":"set","ast-page-background-enabled":"default","ast-page-background-meta":{"desktop":{"background-color":"","background-image":"","background-repeat":"repeat","background-position":"center center","background-size":"auto","background-attachment":"scroll","background-type":"","background-media":"","overlay-type":"","overlay-color":"","overlay-opacity":"","overlay-gradient":""},"tablet":{"background-color":"","background-image":"","background-repeat":"repeat","background-position":"center center","background-size":"auto","background-attachment":"scroll","background-type":"","background-media":"","overlay-type":"","overlay-color":"","overlay-opacity":"","overlay-gradient":""},"mobile":{"background-color":"","background-image":"","background-repeat":"repeat","background-position":"center center","background-size":"auto","background-attachment":"scroll","background-type":"","background-media":"","overlay-type":"","overlay-color":"","overlay-opacity":"","overlay-gradient":""}},"ast-content-background-meta":{"desktop":{"background-color":"var(--ast-global-color-5)","background-image":"","background-repeat":"repeat","background-position":"center center","background-size":"auto","background-attachment":"scroll","background-type":"","background-media":"","overlay-type":"","overlay-color":"","overlay-opacity":"","overlay-gradient":""},"tablet":{"background-color":"var(--ast-global-color-5)","background-image":"","background-repeat":"repeat","background-position":"center center","background-size":"auto","background-attachment":"scroll","background-type":"","background-media":"","overlay-type":"","overlay-color":"","overlay-opacity":"","overlay-gradient":""},"mobile":{"background-color":"var(--ast-global-color-5)","background-image":"","background-repeat":"repeat","background-position":"center center","background-size":"auto","background-attachment":"scroll","background-type":"","background-media":"","overlay-type":"","overlay-color":"","overlay-opacity":"","overlay-gradient":""}},"_joinchat":{"telephone":"+8617776015835"}},"product_brand":[],"product_cat":[67,153,154,160,142,58,148],"product_tag":[83,125,124,126,78,114],"class_list":{"0":"post-3076","1":"product","2":"type-product","3":"status-publish","4":"has-post-thumbnail","6":"product_cat-30000-puff","7":"product_cat-buy-disposable-vapes-in-italy","8":"product_cat-buy-disposable-vapes-in-netherlands","9":"product_cat-buy-disposable-vapes-in-switzerland","10":"product_cat-digital-box-disposable-vapes","11":"product_cat-fumot-vape","12":"product_cat-tornado-disposable-vapes","13":"product_tag-fumot-vape","14":"product_tag-randm-30000","15":"product_tag-randm-tornado-30000","16":"product_tag-randm-tornado-30k","17":"product_tag-randm-vape","18":"product_tag-tornado-vape","19":"desktop-align-left","20":"tablet-align-left","21":"mobile-align-left","23":"first","24":"instock","25":"sale","26":"shipping-taxable","27":"purchasable","28":"product-type-simple"},"acf":[],"uagb_featured_image_src":{"full":["https:\/\/vapestornado.com\/wp-content\/uploads\/2024\/12\/Randm-Tornado-30K-Puffs-Rechargeable-Disposable-Vapes.jpg",1126,1126,false],"thumbnail":["https:\/\/vapestornado.com\/wp-content\/uploads\/2024\/12\/Randm-Tornado-30K-Puffs-Rechargeable-Disposable-Vapes-150x150.jpg",150,150,true],"medium":["https:\/\/vapestornado.com\/wp-content\/uploads\/2024\/12\/Randm-Tornado-30K-Puffs-Rechargeable-Disposable-Vapes-300x300.jpg",300,300,true],"medium_large":["https:\/\/vapestornado.com\/wp-content\/uploads\/2024\/12\/Randm-Tornado-30K-Puffs-Rechargeable-Disposable-Vapes-768x768.jpg",768,768,true],"large":["https:\/\/vapestornado.com\/wp-content\/uploads\/2024\/12\/Randm-Tornado-30K-Puffs-Rechargeable-Disposable-Vapes-1024x1024.jpg",1024,1024,true],"1536x1536":["https:\/\/vapestornado.com\/wp-content\/uploads\/2024\/12\/Randm-Tornado-30K-Puffs-Rechargeable-Disposable-Vapes.jpg",1126,1126,false],"2048x2048":["https:\/\/vapestornado.com\/wp-content\/uploads\/2024\/12\/Randm-Tornado-30K-Puffs-Rechargeable-Disposable-Vapes.jpg",1126,1126,false],"trp-custom-language-flag":["https:\/\/vapestornado.com\/wp-content\/uploads\/2024\/12\/Randm-Tornado-30K-Puffs-Rechargeable-Disposable-Vapes.jpg",12,12,false],"woocommerce_thumbnail":["https:\/\/vapestornado.com\/wp-content\/uploads\/2024\/12\/Randm-Tornado-30K-Puffs-Rechargeable-Disposable-Vapes-300x300.jpg",300,300,true],"woocommerce_single":["https:\/\/vapestornado.com\/wp-content\/uploads\/2024\/12\/Randm-Tornado-30K-Puffs-Rechargeable-Disposable-Vapes-600x600.jpg",600,600,true],"woocommerce_gallery_thumbnail":["https:\/\/vapestornado.com\/wp-content\/uploads\/2024\/12\/Randm-Tornado-30K-Puffs-Rechargeable-Disposable-Vapes-100x100.jpg",100,100,true]},"uagb_author_info":{"display_name":"ESAMY","author_link":"https:\/\/vapestornado.com\/sk\/author\/"},"uagb_comment_info":0,"uagb_excerpt":"Fumot RandM Tornado 30000 Puffs Music rechargeable disposable vape with 1.0\u03a9 mesh coil, 650mAh Type-C fast charging, music-sync LED lighting, and 20 flavours. Built for long, smooth sessions and strong EU retail demand.\u00a0A standout disposable designed for wholesale bulk buyers in Europe. Add Amy's whatsapp get right reply and vape vape coupon! WhatsApp: +86 17776015835&hellip;","_links":{"self":[{"href":"https:\/\/vapestornado.com\/sk\/wp-json\/wp\/v2\/product\/3076","targetHints":{"allow":["GET"]}}],"collection":[{"href":"https:\/\/vapestornado.com\/sk\/wp-json\/wp\/v2\/product"}],"about":[{"href":"https:\/\/vapestornado.com\/sk\/wp-json\/wp\/v2\/types\/product"}],"replies":[{"embeddable":true,"href":"https:\/\/vapestornado.com\/sk\/wp-json\/wp\/v2\/comments?post=3076"}],"wp:featuredmedia":[{"embeddable":true,"href":"https:\/\/vapestornado.com\/sk\/wp-json\/wp\/v2\/media\/3025"}],"wp:attachment":[{"href":"https:\/\/vapestornado.com\/sk\/wp-json\/wp\/v2\/media?parent=3076"}],"wp:term":[{"taxonomy":"product_brand","embeddable":true,"href":"https:\/\/vapestornado.com\/sk\/wp-json\/wp\/v2\/product_brand?post=3076"},{"taxonomy":"product_cat","embeddable":true,"href":"https:\/\/vapestornado.com\/sk\/wp-json\/wp\/v2\/product_cat?post=3076"},{"taxonomy":"product_tag","embeddable":true,"href":"https:\/\/vapestornado.com\/sk\/wp-json\/wp\/v2\/product_tag?post=3076"}],"curies":[{"name":"wp","href":"https:\/\/api.w.org\/{rel}","templated":true}]}}