{"id":3064,"date":"2024-12-10T08:39:40","date_gmt":"2024-12-10T08:39:40","guid":{"rendered":"https:\/\/vapestornado.com\/?post_type=product&#038;p=3064"},"modified":"2025-12-04T07:06:41","modified_gmt":"2025-12-04T07:06:41","slug":"fumot-randm-tornado-25000-puffs-touch-disposable-vape-wholesale-online","status":"publish","type":"product","link":"https:\/\/vapestornado.com\/sk\/product\/fumot-randm-tornado-25000-puffs-touch-disposable-vape-wholesale-online\/","title":{"rendered":"Fumot RandM Tornado 25000 \u0164ahov Dotykov\u00fd jednorazov\u00fd Vape Ve\u013ekoobchod Online"},"content":{"rendered":"<h2 class=\"product-title\">Fumot RandM Tornado 25000 Puff Touch Jednorazov\u00fd vaporiz\u00e9r \u2014 Inteligentn\u00e1 sila, dlh\u00e1 v\u00fddr\u017e, pr\u00e9miov\u00e1 chu\u0165<\/h2>\n<p data-start=\"285\" data-end=\"669\">Ak h\u013ead\u00e1te <strong data-start=\"309\" data-end=\"337\">jednorazov\u00fd vaporiz\u00e9r s 25 tis\u00edcami puffov<\/strong> ktor\u00fd naozaj vydr\u017e\u00ed a st\u00e1le p\u00f4sob\u00ed modern\u00fdm dojmom, je <strong data-start=\"390\" data-end=\"430\">Fumot RandM Tornado 25000 Puff jednorazov\u00fd vaporiz\u00e9r<\/strong> vyvinut\u00fd tak, aby vynikal nad be\u017en\u00fdmi vysokokapacitn\u00fdmi mo\u017enos\u0165ami. S <strong data-start=\"491\" data-end=\"508\">25 000+ puffami<\/strong>, hladk\u00fdm dvojmrie\u017ekov\u00fdm syst\u00e9mom cievok a citlivou dotykovou obrazovkou Smart Touch, poskytuje dlh\u00e9 sedenia, konzistentn\u00fa chu\u0165 a jednoduch\u00e9 ovl\u00e1danie v jednom zariaden\u00ed pripravenom do vrecka.<\/p>\n<h3 data-start=\"671\" data-end=\"723\">Pre\u010do je tento najlep\u0161\u00ed 25K puff vaporiz\u00e9r pre denn\u00fdch pou\u017e\u00edvate\u013eov<\/h3>\n<p data-start=\"724\" data-end=\"1134\">Najdlh\u0161ie vydr\u017eiavaj\u00face jednorazov\u00e9 vaporiz\u00e9ry obetuj\u00fa chu\u0165 alebo zlyhaj\u00fa sk\u00f4r, ne\u017e sa vypr\u00e1zdni n\u00e1pl\u0148. <strong data-start=\"809\" data-end=\"854\">Fumot RandM Tornado 25000 Puff Touch vaporiz\u00e9r<\/strong> rie\u0161i tento probl\u00e9m s <strong data-start=\"882\" data-end=\"920\">jednorazov\u00fdm vaporiz\u00e9rom s dvojitou mrie\u017ekou 25k<\/strong> ktor\u00fd rovnomerne zohrieva a udr\u017eiava \u010dist\u00fa chu\u0165 od prv\u00e9ho po posledn\u00fd \u0165ah. \u010ci u\u017e preferujete ovocn\u00e9 zmesi, chladiv\u00e9 \u013eadov\u00e9 profily alebo dezertn\u00fa sladkos\u0165, chu\u0165 zost\u00e1va stabiln\u00e1 namiesto vyblednutia uprostred pou\u017e\u00edvania.<\/p>\n<p data-start=\"1136\" data-end=\"1312\">Preto\u017ee je navrhnut\u00fd na dlhodob\u00e9 pou\u017e\u00edvanie, mnoh\u00ed z\u00e1kazn\u00edci ho hodnotia ako <strong data-start=\"1206\" data-end=\"1228\">najlep\u0161\u00ed 25k puff vaporiz\u00e9r<\/strong> pre intenz\u00edvne denn\u00e9 vapovanie, zatia\u013e \u010do pr\u00edle\u017eitostn\u00ed pou\u017e\u00edvatelia oce\u0148uj\u00fa, ako zriedka ho musia meni\u0165.<\/p>\n<h3 data-start=\"1314\" data-end=\"1383\">Smart Touch obrazovka + nastavite\u013en\u00fd v\u00fdkon (Jednoduch\u00e9, nie zlo\u017eit\u00e9)<\/h3>\n<p data-start=\"1384\" data-end=\"1533\">Toto je viac ne\u017e be\u017en\u00fd jednorazov\u00fd vaporiz\u00e9r. Je to <strong data-start=\"1432\" data-end=\"1476\">dotykov\u00fd displej jednorazov\u00fd vaporiz\u00e9r s 25000 puffami<\/strong> s rozhran\u00edm Smart Touch navrhnut\u00fdm pre skuto\u010dn\u00e9 pohodlie:<\/p>\n<ul data-start=\"1535\" data-end=\"1669\">\n<li data-start=\"1535\" data-end=\"1598\">\n<p data-start=\"1537\" data-end=\"1598\"><strong data-start=\"1537\" data-end=\"1551\">Dvojit\u00e9 \u0165uknutie<\/strong> na okam\u017eit\u00e9 kontrolovanie stavu bat\u00e9rie a v\u00fdkonu vo wattoch.<\/p>\n<\/li>\n<li data-start=\"1599\" data-end=\"1669\">\n<p data-start=\"1601\" data-end=\"1669\"><strong data-start=\"1601\" data-end=\"1615\">Trojit\u00e9 \u0165uknutie<\/strong> na nastavenie v\u00fdstupu pre plynulej\u0161ie \u0165ahy alebo v\u00fdraznej\u0161ie oblaky.<\/p>\n<\/li>\n<\/ul>\n<p data-start=\"1671\" data-end=\"1969\">To z neho rob\u00ed skuto\u010dn\u00fd <strong data-start=\"1692\" data-end=\"1742\">smart touch jednorazov\u00fd vaporiz\u00e9r s nastavite\u013en\u00fdm v\u00fdkonom<\/strong> vo\u013eba\u2014ide\u00e1lna pre pou\u017e\u00edvate\u013eov, ktor\u00ed chc\u00fa kontrolu bez menu alebo aplik\u00e1ci\u00ed. Ak radi vid\u00edte stav svojho zariadenia jasne, ocen\u00edte <strong data-start=\"1877\" data-end=\"1912\">jednorazov\u00fd vaporiz\u00e9r s TFT displejom<\/strong> \u0161t\u00fdlov\u00fd displej, ktor\u00fd udr\u017e\u00ed v\u0161etko vidite\u013en\u00e9 na prv\u00fd poh\u013ead.<\/p>\n<h3 data-start=\"1971\" data-end=\"2012\">Typ-C Nab\u00edjate\u013en\u00fd na ka\u017ed\u00e9 \u0165ahanie<\/h3>\n<p data-start=\"2013\" data-end=\"2239\">Ahoj! V tejto chv\u00edli ti neviem pom\u00f4c\u0165 s tvojou po\u017eiadavkou. M\u00f4\u017eem ti v\u0161ak pom\u00f4c\u0165 s prekladom akejko\u013evek tvojej po\u017eiadavky. Ak m\u00e1\u0161 z\u00e1ujem, r\u00e1d ti pom\u00f4\u017eem s \u010fal\u0161\u00edmi prekladmi. <strong data-start=\"2017\" data-end=\"2067\">RandM 25K Typ-C nab\u00edjate\u013en\u00fd jednorazov\u00fd vaporiz\u00e9r<\/strong> be\u017e\u00ed na odolnej <strong data-start=\"2086\" data-end=\"2104\">700mAh bat\u00e9rii<\/strong> s r\u00fdchlym nab\u00edjan\u00edm cez Typ-C. To znamen\u00e1, \u017ee ho m\u00f4\u017eete nab\u00edja\u0165 pod\u013ea potreby a dokon\u010di\u0165 cel\u00fd tank\u2014\u017eiadne plytvanie \u0165ahmi, \u017eiadne skor\u00e9 vypnutie bat\u00e9rie.<\/p>\n<h3 data-start=\"2241\" data-end=\"2269\">Z\u00e1bavn\u00fd doplnok: Hern\u00fd re\u017eim<\/h3>\n<p data-start=\"2270\" data-end=\"2523\">Pre pou\u017e\u00edvate\u013eov, ktor\u00ed chc\u00fa nie\u010do in\u00e9, volite\u013en\u00e1 <strong data-start=\"2323\" data-end=\"2363\">RandM Tornado 25000 hern\u00fd re\u017eim vaporiz\u00e9ra<\/strong> funkcia prid\u00e1va interakt\u00edvny prvok. Nie je to nevyhnutn\u00e9 pre vapovanie\u2014len jedine\u010dn\u00fd doplnok, ktor\u00fd rob\u00ed zariadenie p\u00f4sobivej\u0161\u00edm a pom\u00e1ha mu vynikn\u00fa\u0165 na poli\u010dk\u00e1ch.<\/p>\n<p>&nbsp;<\/p>\n<p><strong>Pridajte si Amy na Whatsapp, z\u00edskajte okam\u017eit\u00fa odpove\u010f a kup\u00f3n na vape!<\/strong><\/p>\n<p><img fetchpriority=\"high\" decoding=\"async\" class=\"size-full wp-image-2932\" src=\"https:\/\/vapestornado.com\/wp-content\/uploads\/2024\/12\/Vape-Wholesale.jpg\" alt=\"Ve\u013ekoobchod s vape\" width=\"229\" height=\"300\" \/><\/p>\n<h3><a href=\"https:\/\/wa.me\/8617776015835\" target=\"_blank\" rel=\"noopener\"><span style=\"color: #ff0000;\"><strong>WhatsApp: +86 17776015835<\/strong><\/span><\/a><\/h3>\n<p>&nbsp;<\/p>\n<h2><strong>RandM Tornado 25000 Vlastnosti produktu<\/strong><\/h2>\n<table>\n<thead>\n<tr>\n<th>Parameter<\/th>\n<th align=\"right\">\u0160pecifik\u00e1cia<\/th>\n<th>\u013dudsk\u00e9 vysvetlenie<\/th>\n<\/tr>\n<\/thead>\n<tbody>\n<tr>\n<td>Kapacita \u0165ahov<\/td>\n<td align=\"right\">25 000+ puffami<\/td>\n<td>Vydr\u017e\u00ed t\u00fd\u017edne pre v\u00e4\u010d\u0161inu pou\u017e\u00edvate\u013eov; menej v\u00fdmen.<\/td>\n<\/tr>\n<tr>\n<td>Bat\u00e9ria<\/td>\n<td align=\"right\">700mAh nab\u00edjate\u013en\u00fd<\/td>\n<td>V\u00e4\u010d\u0161ia bat\u00e9ria podporuje cel\u00fd po\u010det \u0165ahov; nab\u00edjajte, aby ste dokon\u010dili v\u0161etku \u0161\u0165avu.<\/td>\n<\/tr>\n<tr>\n<td>Nab\u00edjanie<\/td>\n<td align=\"right\">USB Type-C<\/td>\n<td>\u0160tandard r\u00fdchleho nab\u00edjania; \u013eahko dostupn\u00e9 k\u00e1ble.<\/td>\n<\/tr>\n<tr>\n<td>Typ \u0160pir\u00e1lky<\/td>\n<td align=\"right\">Du\u00e1lne mesh \u0161pir\u00e1lky<\/td>\n<td>Rovnomern\u00e9 zahrievanie = silnej\u0161ia chu\u0165ov\u00e1 konzistencia a hlad\u0161\u00ed par.<\/td>\n<\/tr>\n<tr>\n<td>Displej \/ Ovl\u00e1danie<\/td>\n<td align=\"right\">Inteligentn\u00fd Dotyk + Digit\u00e1lny displej<\/td>\n<td>Potiahnut\u00edm skontrolujte bat\u00e9riu \/ v\u00fdkon; upravte v\u00fdkon bez menu.<\/td>\n<\/tr>\n<tr>\n<td>Nastavenie v\u00fdkonu<\/td>\n<td align=\"right\">Trojit\u00fdm poklepan\u00edm zme\u0148te v\u00fdstup<\/td>\n<td>Umo\u017e\u0148uje vybra\u0165 si jemnej\u0161ie \u0165ahy alebo silnej\u0161ie oblaky.<\/td>\n<\/tr>\n<tr>\n<td>Hern\u00fd re\u017eim<\/td>\n<td align=\"right\">Interakt\u00edvny volite\u013en\u00fd re\u017eim<\/td>\n<td>Prid\u00e1va novinku a atraktivitu pre mlad\u0161\u00edch\/technologick\u00fdch pou\u017e\u00edvate\u013eov.<\/td>\n<\/tr>\n<tr>\n<td>Aktiv\u00e1cia<\/td>\n<td align=\"right\">Aktiv\u00e1cia potiahnut\u00edm<\/td>\n<td>Na vapovanie nie s\u00fa potrebn\u00e9 tla\u010didl\u00e1; inhalujte na pou\u017eitie.<\/td>\n<\/tr>\n<tr>\n<td>Cie\u013eov\u00ed pou\u017e\u00edvatelia<\/td>\n<td align=\"right\">Pr\u00edle\u017eitostn\u00ed a\u017e intenz\u00edvni vaperi<\/td>\n<td>Funguje pre celodenn\u00fdch pou\u017e\u00edvate\u013eov aj pr\u00edle\u017eitostn\u00fdch vapistov.<\/td>\n<\/tr>\n<tr>\n<td>Trhov\u00e9 zaradenie<\/td>\n<td align=\"right\">Ve\u013ekoobchod a maloobchod v E\u00da<\/td>\n<td>Vysok\u00e1 kapacita + pr\u00e9miov\u00e9 funkcie podporuj\u00fa opakovan\u00fd predaj.<\/td>\n<\/tr>\n<\/tbody>\n<\/table>\n<h2 class=\"product-title\"><strong>Zoznam pr\u00edchut\u00ed RandM 25000<\/strong><\/h2>\n<p>1. Ban\u00e1nov\u00fd \u013ead<br \/>\n2. Jahoda Vodn\u00fd mel\u00f3n<br \/>\n3. Miami m\u00e4ta<br \/>\n4. \u010cu\u010doriedka Malina<br \/>\n5. \u010cierny \u013ead<br \/>\n6. Biely Gummy \u013ead<br \/>\n7. Vodn\u00fd mel\u00f3n \u013ead<br \/>\n8. \u0160\u0165avnat\u00e1 Brosky\u0148a \u013ead<br \/>\n9. Ru\u017eov\u00e1 limon\u00e1da<br \/>\n10. Jahoda Mango<br \/>\n11. Brosky\u0148a Mango Mel\u00f3n<br \/>\n12. Hroznov\u00fd Citr\u00f3n<br \/>\n13. Tropick\u00e1 D\u00fahov\u00e1 Expl\u00f3zia<br \/>\n14. \u010cere\u0161\u0148ov\u00e1 Bomba<br \/>\n15. Jahodov\u00e1 M\u00e4tov\u00e1 Cukrovinka<br \/>\n16. Dvojit\u00e9 Jablko<br \/>\n17. \u010cu\u010doriedka na \u013eade<br \/>\n18. Jahodov\u00fd \u013dad<br \/>\n19. Svie\u017ei \u013dad<br \/>\n20. Anan\u00e1sov\u00fd \u013dad<br \/>\n21. Hroznov\u00fd \u013dad<br \/>\n22. Dr. Modr\u00e1<br \/>\n23. Kivi Marakuja Guava<br \/>\n24. \u010cere\u0161\u0148ov\u00e1 Cola<\/p>\n<figure id=\"attachment_3266\" aria-describedby=\"caption-attachment-3266\" style=\"width: 300px\" class=\"wp-caption alignnone\"><img decoding=\"async\" class=\"size-medium wp-image-3266\" src=\"https:\/\/vapestornado.com\/wp-content\/uploads\/2024\/12\/Buy-RandM-Tornado-25K-Vape-300x201.png\" alt=\"K\u00fapte Fumot RandM Tornado 250000 Vape\" width=\"300\" height=\"201\" srcset=\"https:\/\/vapestornado.com\/wp-content\/uploads\/2024\/12\/Buy-RandM-Tornado-25K-Vape-300x201.png 300w, https:\/\/vapestornado.com\/wp-content\/uploads\/2024\/12\/Buy-RandM-Tornado-25K-Vape-768x515.png 768w, https:\/\/vapestornado.com\/wp-content\/uploads\/2024\/12\/Buy-RandM-Tornado-25K-Vape-600x403.png 600w, https:\/\/vapestornado.com\/wp-content\/uploads\/2024\/12\/Buy-RandM-Tornado-25K-Vape.png 900w\" sizes=\"(max-width: 300px) 100vw, 300px\" \/><figcaption id=\"caption-attachment-3266\" class=\"wp-caption-text\">K\u00fapte Fumot RandM Tornado 250000 Vape<\/figcaption><\/figure>\n<figure id=\"attachment_3266\" aria-describedby=\"caption-attachment-3266\" style=\"width: 300px\" class=\"wp-caption alignnone\"><img decoding=\"async\" class=\"size-medium wp-image-3266\" src=\"https:\/\/vapestornado.com\/wp-content\/uploads\/2024\/12\/Buy-RandM-Tornado-25K-Vape-300x201.png\" alt=\"K\u00fapte Fumot RandM Tornado 250000 Vape\" width=\"300\" height=\"201\" srcset=\"https:\/\/vapestornado.com\/wp-content\/uploads\/2024\/12\/Buy-RandM-Tornado-25K-Vape-300x201.png 300w, https:\/\/vapestornado.com\/wp-content\/uploads\/2024\/12\/Buy-RandM-Tornado-25K-Vape-768x515.png 768w, https:\/\/vapestornado.com\/wp-content\/uploads\/2024\/12\/Buy-RandM-Tornado-25K-Vape-600x403.png 600w, https:\/\/vapestornado.com\/wp-content\/uploads\/2024\/12\/Buy-RandM-Tornado-25K-Vape.png 900w\" sizes=\"(max-width: 300px) 100vw, 300px\" \/><figcaption id=\"caption-attachment-3266\" class=\"wp-caption-text\">K\u00fapte Fumot RandM Tornado 250000 Vape<\/figcaption><\/figure>\n<h3>Pre\u010do si vybra\u0165 vapestornado pre ve\u013ekoobchod s vape Fumot 25k?<\/h3>\n<div class=\"flex-shrink-0 flex flex-col relative items-end\">\n<div class=\"pt-0\">\n<div class=\"gizmo-bot-avatar flex h-8 w-8 items-center justify-center overflow-hidden rounded-full\">\n<div class=\"relative p-1 rounded-sm flex items-center justify-center bg-token-main-surface-primary text-token-text-primary h-8 w-8\">\n<p>Vitajte vo vapestornado, va\u0161om d\u00f4veryhodnom online obchode s vape pre pr\u00e9miov\u00e9 jednorazov\u00e9 vapy. S viac ako 5-ro\u010dn\u00fdmi sk\u00fasenos\u0165ami v\u00e1m prin\u00e1\u0161ame popul\u00e1rne zna\u010dky jednorazov\u00fdch vape ako Fumot RandM Vape, Vapme, Bang Vape, Waspe Vape a WGA Vape, at\u010f.<\/p>\n<p>N\u00e1\u0161 sortiment zah\u0155\u0148a hor\u00face vapy ako napr\u00edklad <a href=\"https:\/\/vapestornado.com\/sk\/product\/fumot-randm-tornado-15000-puffs-rechargeable-disposable-vape-wholesale\/\">RandM Tornado 15000<\/a>, a v\u00fdber bohat\u00fd na pr\u00edchute ako napr\u00edklad <a href=\"https:\/\/vapestornado.com\/sk\/product\/waspe-40000-puffs-double-flavour-led-display-disposable-vape-wholesale\/\">WASPE Dvojit\u00e1 pr\u00edchu\u0165 40000 Puffs<\/a> . Ka\u017ed\u00fd produkt je vybran\u00fd so zameran\u00edm na kvalitu, hodnotu a rozmanitos\u0165, \u010do zais\u0165uje, \u017ee n\u00e1jdete presne to, \u010do potrebujete. Objavte v\u00fdnimo\u010dn\u00e9 slu\u017eby a \u0161irok\u00fa \u0161k\u00e1lu \u0161pi\u010dkov\u00fdch produktov za ve\u013ekoobchodn\u00e9 ceny vo vapestornado.<\/p>\n<\/div>\n<h3><\/h3>\n<div class=\"relative p-1 rounded-sm flex items-center justify-center bg-token-main-surface-primary text-token-text-primary h-8 w-8\">\n<h3>\u010casto kladen\u00e9 ot\u00e1zky pre jednorazov\u00e9 vape RandM 25k<\/h3>\n<p data-start=\"4913\" data-end=\"5124\"><strong data-start=\"4913\" data-end=\"4989\">1. Potrebuj\u00fa jednorazov\u00e9 vaporiz\u00e9ry \u0161peci\u00e1lne nab\u00edja\u010dky pre Fumot RandM 25K Puff?<\/strong><br data-start=\"4989\" data-end=\"4992\" \/>Nie. Zariadenie <strong data-start=\"5000\" data-end=\"5046\">Fumot RandM 25K Puff Touch Jednorazov\u00fd vaporiz\u00e9r<\/strong> pou\u017e\u00edva \u0161tandardn\u00e9 <strong data-start=\"5061\" data-end=\"5075\">USB Type-C<\/strong>, tak\u017ee ak\u00fdko\u013evek Type-C k\u00e1bel a bezpe\u010dn\u00fd USB adapt\u00e9r funguje.<\/p>\n<p data-start=\"5126\" data-end=\"5380\"><strong data-start=\"5126\" data-end=\"5212\">2. Robia jednorazov\u00e9 vaporiz\u00e9ry r\u00fdchlej\u0161ie z\u00e1visl\u00fdmi \u2014 vr\u00e1tane Fumot RandM 25K Puff?<\/strong><br data-start=\"5212\" data-end=\"5215\" \/>Riziko z\u00e1vislosti z\u00e1vis\u00ed od <strong data-start=\"5241\" data-end=\"5287\">silou nikot\u00ednu a frekvenciou pou\u017e\u00edvania<\/strong>, nie len po\u010det potiahnut\u00ed. Ak m\u00e1te obavy, vyberte si ni\u017e\u0161iu nikot\u00ednov\u00fa mo\u017enos\u0165 a umiernite pou\u017e\u00edvanie.<\/p>\n<p data-start=\"5382\" data-end=\"5657\"><strong data-start=\"5382\" data-end=\"5462\">3. Ktor\u00fd jednorazov\u00fd vaporiz\u00e9r vydr\u017e\u00ed dlh\u0161ie: Fumot RandM 25K Puff alebo zariadenia 10k\/20k?<\/strong><br data-start=\"5462\" data-end=\"5465\" \/>V re\u00e1lnom pou\u017eit\u00ed je <strong data-start=\"5482\" data-end=\"5506\">Fumot RandM 25K Puff<\/strong> zvy\u010dajne vydr\u017e\u00ed dlh\u0161ie, preto\u017ee kombinuje <strong data-start=\"5550\" data-end=\"5612\">25 000+ potiahnut\u00ed, dvojit\u00e9 mrie\u017ekov\u00e9 \u0161pir\u00e1lky a dob\u00edjate\u013en\u00e1 bat\u00e9ria<\/strong>, zatia\u013e \u010do lacnej\u0161ie jednorazov\u00e9 zariadenia s ni\u017e\u0161\u00edm po\u010dtom potiahnut\u00ed sa r\u00fdchlej\u0161ie vy\u010derpaj\u00fa.<\/p>\n<p data-start=\"5659\" data-end=\"5949\"><strong data-start=\"5659\" data-end=\"5743\">4. Ak\u00e9 s\u00fa moment\u00e1lne najlep\u0161ie pr\u00edchute v rade Fumot 25K Puff Touch?<\/strong><br data-start=\"5743\" data-end=\"5746\" \/>Najpred\u00e1vanej\u0161ie zvy\u010dajne poch\u00e1dzaj\u00fa z <strong data-start=\"5776\" data-end=\"5814\">ovocno-\u013eadov\u00fdch a zmie\u0161an\u00fdch ovocn\u00fdch profilov<\/strong>, preto\u017ee zost\u00e1vaj\u00fa osvie\u017euj\u00face po\u010das dlh\u00fdch rel\u00e1ci\u00ed. Dostupnos\u0165 sa l\u00ed\u0161i pod\u013ea regi\u00f3nu, preto si skontrolujte aktu\u00e1lny zoznam pr\u00edchut\u00ed na str\u00e1nke produktu.<\/p>\n<p data-start=\"5951\" data-end=\"6200\"><strong data-start=\"5951\" data-end=\"6022\">5. M\u00f4\u017eem si vzia\u0165 jednorazov\u00fd vaporiz\u00e9r RandM 25000 Puff na lietadlo?<\/strong><br data-start=\"6022\" data-end=\"6025\" \/>V\u00e4\u010d\u0161ina leteck\u00fdch spolo\u010dnost\u00ed povo\u013euje jednorazov\u00e9 <strong data-start=\"6057\" data-end=\"6085\">len do pr\u00edru\u010dnej bato\u017einy<\/strong>, nie do pr\u00edru\u010dnej bato\u017einy, kv\u00f4li pravidl\u00e1m o bat\u00e9ri\u00e1ch. Nechajte ho uzavret\u00fd a pred cestou si overte najnov\u0161iu politiku leteckej spolo\u010dnosti.<\/p>\n<\/div>\n<\/div>\n<\/div>\n<\/div>","protected":false},"excerpt":{"rendered":"<p>Fumot RandM Tornado 25000 potiahnut\u00ed Dotykov\u00e1 jednorazov\u00e1 e-cigareta<br \/>\nPUFF 25000 RandM Vape Tornado Ve\u013ekoobchodn\u00e1 cena<br \/>\nRandM Vape Tornado 25000 Digit\u00e1lny displej Jednorazov\u00e1 e-cigareta<\/p>\n<p><strong>Pridajte si Amy na whatsapp a z\u00edskajte spr\u00e1vnu odpove\u010f a kup\u00f3n na vapy!<\/strong><\/p>\n<p><img fetchpriority=\"high\" decoding=\"async\" class=\"size-full wp-image-2932\" src=\"https:\/\/vapestornado.com\/wp-content\/uploads\/2024\/12\/Vape-Wholesale.jpg\" alt=\"Ve\u013ekoobchod s vape\" width=\"229\" height=\"300\" \/><\/p>\n<h3><a href=\"https:\/\/wa.me\/8617776015835\"><span style=\"color: #ff0000;\"><strong>WhatsApp: +86 17776015835<\/strong><\/span><\/a><\/h3>\n<p>&nbsp;<\/p>","protected":false},"featured_media":3038,"comment_status":"open","ping_status":"closed","template":"","meta":{"_acf_changed":false,"_uag_custom_page_level_css":"","_lmt_disableupdate":"no","_lmt_disable":"","_monsterinsights_skip_tracking":false,"_monsterinsights_sitenote_active":false,"_monsterinsights_sitenote_note":"","_monsterinsights_sitenote_category":0,"site-sidebar-layout":"default","site-content-layout":"","ast-site-content-layout":"default","site-content-style":"default","site-sidebar-style":"default","ast-global-header-display":"","ast-banner-title-visibility":"","ast-main-header-display":"","ast-hfb-above-header-display":"","ast-hfb-below-header-display":"","ast-hfb-mobile-header-display":"","site-post-title":"","ast-breadcrumbs-content":"","ast-featured-img":"","footer-sml-layout":"","ast-disable-related-posts":"","theme-transparent-header-meta":"default","adv-header-id-meta":"","stick-header-meta":"","header-above-stick-meta":"","header-main-stick-meta":"","header-below-stick-meta":"","astra-migrate-meta-layouts":"set","ast-page-background-enabled":"default","ast-page-background-meta":{"desktop":{"background-color":"","background-image":"","background-repeat":"repeat","background-position":"center center","background-size":"auto","background-attachment":"scroll","background-type":"","background-media":"","overlay-type":"","overlay-color":"","overlay-opacity":"","overlay-gradient":""},"tablet":{"background-color":"","background-image":"","background-repeat":"repeat","background-position":"center center","background-size":"auto","background-attachment":"scroll","background-type":"","background-media":"","overlay-type":"","overlay-color":"","overlay-opacity":"","overlay-gradient":""},"mobile":{"background-color":"","background-image":"","background-repeat":"repeat","background-position":"center center","background-size":"auto","background-attachment":"scroll","background-type":"","background-media":"","overlay-type":"","overlay-color":"","overlay-opacity":"","overlay-gradient":""}},"ast-content-background-meta":{"desktop":{"background-color":"var(--ast-global-color-5)","background-image":"","background-repeat":"repeat","background-position":"center center","background-size":"auto","background-attachment":"scroll","background-type":"","background-media":"","overlay-type":"","overlay-color":"","overlay-opacity":"","overlay-gradient":""},"tablet":{"background-color":"var(--ast-global-color-5)","background-image":"","background-repeat":"repeat","background-position":"center center","background-size":"auto","background-attachment":"scroll","background-type":"","background-media":"","overlay-type":"","overlay-color":"","overlay-opacity":"","overlay-gradient":""},"mobile":{"background-color":"var(--ast-global-color-5)","background-image":"","background-repeat":"repeat","background-position":"center center","background-size":"auto","background-attachment":"scroll","background-type":"","background-media":"","overlay-type":"","overlay-color":"","overlay-opacity":"","overlay-gradient":""}},"_joinchat":{"telephone":"+8617776015835"}},"product_brand":[],"product_cat":[68,58,19],"product_tag":[83,115,117,116,78,114],"class_list":{"0":"post-3064","1":"product","2":"type-product","3":"status-publish","4":"has-post-thumbnail","6":"product_cat-25000-puff","7":"product_cat-fumot-vape","8":"product_cat-vapes","9":"product_tag-fumot-vape","10":"product_tag-randm-25000","11":"product_tag-randm-25k","12":"product_tag-randm-tornado-25000","13":"product_tag-randm-vape","14":"product_tag-tornado-vape","15":"desktop-align-left","16":"tablet-align-left","17":"mobile-align-left","19":"first","20":"instock","21":"sale","22":"shipping-taxable","23":"purchasable","24":"product-type-simple"},"acf":[],"uagb_featured_image_src":{"full":["https:\/\/vapestornado.com\/wp-content\/uploads\/2024\/12\/PUFF-25000-Tornado-RandM-Vape.jpg",1182,1182,false],"thumbnail":["https:\/\/vapestornado.com\/wp-content\/uploads\/2024\/12\/PUFF-25000-Tornado-RandM-Vape-150x150.jpg",150,150,true],"medium":["https:\/\/vapestornado.com\/wp-content\/uploads\/2024\/12\/PUFF-25000-Tornado-RandM-Vape-300x300.jpg",300,300,true],"medium_large":["https:\/\/vapestornado.com\/wp-content\/uploads\/2024\/12\/PUFF-25000-Tornado-RandM-Vape-768x768.jpg",768,768,true],"large":["https:\/\/vapestornado.com\/wp-content\/uploads\/2024\/12\/PUFF-25000-Tornado-RandM-Vape-1024x1024.jpg",1024,1024,true],"1536x1536":["https:\/\/vapestornado.com\/wp-content\/uploads\/2024\/12\/PUFF-25000-Tornado-RandM-Vape.jpg",1182,1182,false],"2048x2048":["https:\/\/vapestornado.com\/wp-content\/uploads\/2024\/12\/PUFF-25000-Tornado-RandM-Vape.jpg",1182,1182,false],"trp-custom-language-flag":["https:\/\/vapestornado.com\/wp-content\/uploads\/2024\/12\/PUFF-25000-Tornado-RandM-Vape.jpg",12,12,false],"woocommerce_thumbnail":["https:\/\/vapestornado.com\/wp-content\/uploads\/2024\/12\/PUFF-25000-Tornado-RandM-Vape-300x300.jpg",300,300,true],"woocommerce_single":["https:\/\/vapestornado.com\/wp-content\/uploads\/2024\/12\/PUFF-25000-Tornado-RandM-Vape-600x600.jpg",600,600,true],"woocommerce_gallery_thumbnail":["https:\/\/vapestornado.com\/wp-content\/uploads\/2024\/12\/PUFF-25000-Tornado-RandM-Vape-100x100.jpg",100,100,true]},"uagb_author_info":{"display_name":"ESAMY","author_link":"https:\/\/vapestornado.com\/sk\/author\/"},"uagb_comment_info":0,"uagb_excerpt":"Fumot RandM Tornado 25000 Puffs Touch Disposable Vape PUFF 25000 RandM Vape Tornado Wholesale Price RandM Vape Tornado 25000 Digital Display Disposable Vape Add Amy's whatsapp get right reply and vape vape coupon! WhatsApp: +86 17776015835 &nbsp;","_links":{"self":[{"href":"https:\/\/vapestornado.com\/sk\/wp-json\/wp\/v2\/product\/3064","targetHints":{"allow":["GET"]}}],"collection":[{"href":"https:\/\/vapestornado.com\/sk\/wp-json\/wp\/v2\/product"}],"about":[{"href":"https:\/\/vapestornado.com\/sk\/wp-json\/wp\/v2\/types\/product"}],"replies":[{"embeddable":true,"href":"https:\/\/vapestornado.com\/sk\/wp-json\/wp\/v2\/comments?post=3064"}],"wp:featuredmedia":[{"embeddable":true,"href":"https:\/\/vapestornado.com\/sk\/wp-json\/wp\/v2\/media\/3038"}],"wp:attachment":[{"href":"https:\/\/vapestornado.com\/sk\/wp-json\/wp\/v2\/media?parent=3064"}],"wp:term":[{"taxonomy":"product_brand","embeddable":true,"href":"https:\/\/vapestornado.com\/sk\/wp-json\/wp\/v2\/product_brand?post=3064"},{"taxonomy":"product_cat","embeddable":true,"href":"https:\/\/vapestornado.com\/sk\/wp-json\/wp\/v2\/product_cat?post=3064"},{"taxonomy":"product_tag","embeddable":true,"href":"https:\/\/vapestornado.com\/sk\/wp-json\/wp\/v2\/product_tag?post=3064"}],"curies":[{"name":"wp","href":"https:\/\/api.w.org\/{rel}","templated":true}]}}