{"id":3033,"date":"2024-12-10T06:54:50","date_gmt":"2024-12-10T06:54:50","guid":{"rendered":"https:\/\/vapestornado.com\/?post_type=product&#038;p=3033"},"modified":"2025-08-23T10:12:12","modified_gmt":"2025-08-23T10:12:12","slug":"wga-crystal-pro-max-15k-puffs-wholesale-price-vape-pods","status":"publish","type":"product","link":"https:\/\/vapestornado.com\/sk\/product\/wga-crystal-pro-max-15k-puffs-wholesale-price-vape-pods\/","title":{"rendered":"WGA Crystal Pro Max 15k \u0165ahov ve\u013ekoobchodn\u00e1 cena vape pody"},"content":{"rendered":"<h1>WGA Crystal Pro Max 15k \u0165ahov ve\u013ekoobchodn\u00e1 cena vape pody<\/h1>\n<p data-start=\"286\" data-end=\"581\">Ahoj! V tejto chv\u00edli ti neviem pom\u00f4c\u0165 s tvojou po\u017eiadavkou. M\u00f4\u017eem ti v\u0161ak pom\u00f4c\u0165 s prekladom akejko\u013evek tvojej po\u017eiadavky. Ak m\u00e1\u0161 z\u00e1ujem, r\u00e1d ti pom\u00f4\u017eem s \u010fal\u0161\u00edmi prekladmi. <strong data-start=\"290\" data-end=\"339\">WGA Crystal Pro Max 15K \u0164ahov Jednorazov\u00e1 Vape<\/strong> je ur\u010den\u00fd pre ve\u013ekoobchodn\u00edkov a maloobchodn\u00edkov, ktor\u00ed h\u013eadaj\u00fa spo\u013eahliv\u00e9 produkty s vysok\u00fdm dopytom pre eur\u00f3psky trh. S a\u017e <strong data-start=\"457\" data-end=\"484\">15,000 potiahnut\u00ed na jedno zariadenie<\/strong> a <strong data-start=\"491\" data-end=\"524\">25 ml predplnenej n\u00e1dr\u017eky na e-liquid<\/strong>\u0165ahmi poskytuje pred\u013a\u017een\u00e9 pou\u017e\u00edvanie a siln\u00fd potenci\u00e1l pre \u010fal\u0161\u00ed predaj.<\/p>\n<p data-start=\"583\" data-end=\"874\">Poh\u00e1\u0148an\u00fd <strong data-start=\"596\" data-end=\"627\">650mAh nab\u00edjate\u013enou bat\u00e9riou<\/strong> s <strong data-start=\"633\" data-end=\"657\">r\u00fdchleho nab\u00edjania typu C<\/strong>Crystal Pro Max zais\u0165uje konzistentn\u00e9 sedenia bez preru\u0161enia. A <strong data-start=\"732\" data-end=\"759\">LED indik\u00e1tor v re\u00e1lnom \u010dase<\/strong> informuje pou\u017e\u00edvate\u013eov o stave bat\u00e9rie, zatia\u013e \u010do <strong data-start=\"810\" data-end=\"828\">0,8\u03a9 mesh \u0161pir\u00e1lka<\/strong> zvy\u0161uje hustotu pary a podanie chuti.<\/p>\n<p data-start=\"876\" data-end=\"1231\">Kompaktn\u00fd a prenosn\u00fd s rozmermi <strong data-start=\"900\" data-end=\"923\">43 mm \u00d7 23 mm \u00d7 105 mm<\/strong>, <strong data-start=\"929\" data-end=\"961\">WGA Crystal Pro Max 15K Vape<\/strong> sa \u013eahko pren\u00e1\u0161a, \u0161t\u00fdlovo vyzer\u00e1 na displeji a je k dispoz\u00edcii v \u0161irokej \u0161k\u00e1le chu\u0165ov\u00fdch profilov, aby vyhovoval r\u00f4znym preferenci\u00e1m. Jeho kombin\u00e1cia kapacity, dizajnu a konkurencieschopnosti <strong data-start=\"1133\" data-end=\"1154\">ve\u013ekoobchodn\u00fdmi cenami<\/strong> z neho rob\u00ed vynikaj\u00facu vo\u013ebu pre maloobchodn\u00edkov a distrib\u00fatorov v celej Eur\u00f3pe.<\/p>\n<p>&nbsp;<\/p>\n<p><img fetchpriority=\"high\" decoding=\"async\" class=\"size-medium wp-image-2951\" src=\"https:\/\/vapestornado.com\/wp-content\/uploads\/2024\/12\/Wholesale-Disposable-Vape-265x300.jpg\" alt=\"Ve\u013ekoobchodn\u00fd Jednorazov\u00fd Vape\" width=\"265\" height=\"300\" srcset=\"https:\/\/vapestornado.com\/wp-content\/uploads\/2024\/12\/Wholesale-Disposable-Vape-265x300.jpg 265w, https:\/\/vapestornado.com\/wp-content\/uploads\/2024\/12\/Wholesale-Disposable-Vape-768x871.jpg 768w, https:\/\/vapestornado.com\/wp-content\/uploads\/2024\/12\/Wholesale-Disposable-Vape-600x680.jpg 600w, https:\/\/vapestornado.com\/wp-content\/uploads\/2024\/12\/Wholesale-Disposable-Vape.jpg 823w\" sizes=\"(max-width: 265px) 100vw, 265px\" \/><\/p>\n<h6><span style=\"font-size: 1.1em; font-weight: bold;\">Pre z\u013eavnen\u00fa cenu kontaktujte Mandy na WhatsApp<\/span><a style=\"font-size: 1.1em; font-weight: bold; background-color: #ffffff;\" href=\"https:\/\/wa.me\/8618077105796\" target=\"_blank\" rel=\"noopener\">+8618077105796<\/a><\/h6>\n<p>&nbsp;<\/p>\n<h2><strong>WGA The Crystal Pro Max Extra 15 000 Puffs Vape \u2013 K\u013e\u00fa\u010dov\u00e9 \u0161pecifik\u00e1cie<\/strong><\/h2>\n<ul>\n<li><strong>Rozsiahla kapacita \u0165ahov<\/strong>: Poskytuje a\u017e 15 000 potiahnut\u00ed na zariadenie, \u010do pon\u00faka dlh\u0161ie pou\u017e\u00edvanie a zn\u00ed\u017een\u00fa potrebu v\u00fdmeny.<\/li>\n<li><strong>650mAh Nab\u00edjate\u013en\u00e1 bat\u00e9ria<\/strong>: Obsahuje odoln\u00fa 650mAh bat\u00e9riu pre stabiln\u00e9 nap\u00e1janie po\u010das ka\u017edej rel\u00e1cie.<\/li>\n<li><strong>Efekt\u00edvne nab\u00edjanie typu C<\/strong>: Obsahuje modern\u00fd port typu C pre r\u00fdchle a pohodln\u00e9 nab\u00edjanie, aby bolo va\u0161e zariadenie pripraven\u00e9.<\/li>\n<li><strong>Ve\u013ek\u00e1 kapacita e-liquidu<\/strong>: Vybaven\u00e9 25 ml z\u00e1sobn\u00edkom na e-liquid, ktor\u00fd podporuje dlh\u00e9 vapovacie rel\u00e1cie bez neust\u00e1leho dop\u013a\u0148ania.<\/li>\n<li><strong>LED displej stavu bat\u00e9rie<\/strong>: Obsahuje LED indik\u00e1tor v re\u00e1lnom \u010dase na sledovanie \u00farovne bat\u00e9rie a predch\u00e1dzanie neo\u010dak\u00e1van\u00fdm preru\u0161eniam.<\/li>\n<li><strong>Prenosn\u00fd a \u0161t\u00fdlov\u00fd dizajn<\/strong>: Kompaktn\u00e9 rozmery 43 mm x 23 mm x 105 mm zais\u0165uj\u00fa jednoduch\u00fa manipul\u00e1ciu a prenosnos\u0165, ide\u00e1lne na pou\u017eitie na cest\u00e1ch.<\/li>\n<\/ul>\n<h2><strong>Zoznam pr\u00edchut\u00ed WGA Crystal Pro Max 15k Puffs:<\/strong><\/h2>\n<p>1.MEL\u00d3NOV\u00dd \u013dAD<br \/>\n2.\u010cU\u010cORIEDKOV\u00c1 MALINA<br \/>\n3.\u0160UMIV\u00c1 \u010cERE\u0160\u0147A<br \/>\n4.GUMOV\u00dd MEDVED\u00cdK<br \/>\n5. CITR\u00d3N LIME<br \/>\n6. JAHODOV\u00dd \u013dAD<br \/>\n7. \u010cU\u010cORIEDKOV\u00c1 KYSL\u00c1 MALINA<br \/>\n8. MODR\u00dd RAZZ \u013dAD<br \/>\n9. P\u00c1N MODR\u00dd<br \/>\n10. SKITTLES<br \/>\n11. \u010cU\u010cORIEDKA \u010cERE\u0160\u0147A BRUSNICA<br \/>\n12. \u0160\u0164AVNAT\u00c1 BROSKY\u0147A<br \/>\n13. Jahodov\u00e1 malinov\u00e1 \u010dere\u0161\u0148a \u013ead<br \/>\n14. HUBBA BUBBA<br \/>\n15. Ostru\u017eina \u010du\u010doriedka malina<br \/>\n16. Jahodov\u00e1 nanuk<br \/>\n17. \u010cu\u010doriedkov\u00e1 nanuk<br \/>\n18. Prime jahoda mel\u00f3n<br \/>\n19. Jahodov\u00e1 \u010dere\u0161\u0148ov\u00e1 \u017euva\u010dka<br \/>\n20. Malinov\u00e1 \u010dere\u0161\u0148a \u013ead<br \/>\n21. ANAN\u00c1SOV\u00dd \u013dAD<br \/>\n22. LETN\u00dd SEN<br \/>\n23. WGA RU\u017dOV\u00c1<br \/>\n24. \u010cERSTV\u00c1 M\u00c4TA<br \/>\n25. DVOJIT\u00c9 JABLKO<br \/>\n26. TROJIT\u00c9 MANGO<br \/>\n27. \u010cIERNY DRAK ICE<br \/>\n28. COLA ICE<br \/>\n29. ANAN\u00c1S CITR\u00d3N<br \/>\n30. MR BLACK<br \/>\n31. KIWI MARAKUJA GUAVA<\/p>\n<h3><strong>Pre\u010do si vybra\u0165 WGA The Crystal Pro Max 15 000 Puffs Vapes?<\/strong><\/h3>\n<ul>\n<li><strong>V\u00fdnimo\u010dn\u00e9 chu\u0165ov\u00e9 profily<\/strong>: Ponorte sa do vybran\u00e9ho v\u00fdberu \u017eiv\u00fdch a osvie\u017euj\u00facich ovocn\u00fdch pr\u00edchut\u00ed, z ktor\u00fdch ka\u017ed\u00e1 je vytvoren\u00e1 tak, aby poskytovala neust\u00e1le pr\u00edjemn\u00fd z\u00e1\u017eitok z vapovania.<\/li>\n<li><strong>Bezprobl\u00e9mov\u00e9 pohodlie<\/strong>: Tento jednorazov\u00fd vape, navrhnut\u00fd s oh\u013eadom na jednoduchos\u0165, pon\u00faka bezprobl\u00e9mov\u00fd a bezstresov\u00fd sp\u00f4sob, ako si vychutna\u0165 pr\u00e9miov\u00e9 vapovanie kedyko\u013evek a kdeko\u013evek.<\/li>\n<li><strong>Trvanlivos\u0165 a v\u00fdkon<\/strong>: S a\u017e 15 000 potiahnutiami, robustnou 650mAh nab\u00edjate\u013enou bat\u00e9riou a 25ml kapacitou e-liquidu je tento vape skon\u0161truovan\u00fd tak, aby poskytoval spo\u013eahliv\u00fd v\u00fdkon po\u010das dlh\u0161ieho obdobia.<\/li>\n<li><strong>Modern\u00fd a kompaktn\u00fd dizajn<\/strong>: Jeho elegantn\u00e9 rozmery a elegantn\u00e1 kon\u0161trukcia zais\u0165uj\u00fa prenosnos\u0165 bez obetovania \u0161t\u00fdlu alebo funk\u010dnosti.<\/li>\n<\/ul>\n<p>Ahoj! V tejto chv\u00edli ti neviem pom\u00f4c\u0165 s tvojou po\u017eiadavkou. M\u00f4\u017eem ti v\u0161ak pom\u00f4c\u0165 s prekladom akejko\u013evek tvojej po\u017eiadavky. Ak m\u00e1\u0161 z\u00e1ujem, r\u00e1d ti pom\u00f4\u017eem s \u010fal\u0161\u00edmi prekladmi. <strong>WGA The Crystal Pro Max Extra 15000 Pufov Vape Pod\u00a0<\/strong> je dokonalou vo\u013ebou pre vaperov, ktor\u00ed h\u013eadaj\u00fa pohodlie, v\u00fdkon a v\u00fdnimo\u010dn\u00fd zmyslov\u00fd z\u00e1\u017eitok. \u010cak\u00e1 na v\u00e1s dokonal\u00e9 spojenie \u0161pi\u010dkovej technol\u00f3gie a vynikaj\u00facej chuti.<\/p>\n<p>&nbsp;<\/p>\n<h3><strong>\u010cast\u00e9 ot\u00e1zky o WGA The Crystal Pro Max 15 000 Puffs Nab\u00edjate\u013en\u00fd Vape<\/strong><\/h3>\n<ol>\n<li><strong>Ko\u013eko potiahnut\u00ed pon\u00faka WGA Crystal Pro Max puff 15k?<\/strong><br \/>\nZariadenie poskytuje a\u017e 15 000 potiahnut\u00ed, v\u010faka \u010domu je ide\u00e1lne na dlhodob\u00e9 pou\u017e\u00edvanie bez \u010dastej v\u00fdmeny.<\/li>\n<li><strong>Ak\u00fd typ bat\u00e9rie pou\u017e\u00edva?<\/strong><br \/>\nObsahuje 650mAh nab\u00edjate\u013en\u00fa bat\u00e9riu s nab\u00edjac\u00edm portom typu C, ktor\u00e1 zais\u0165uje r\u00fdchle a efekt\u00edvne nab\u00edjanie.<\/li>\n<li><strong>Ak\u00e1 je kapacita e-liquidu Vape 15000 Puffs <a href=\"https:\/\/vapestornado.com\/sk\/product\/wga-crystal-pro-max-15k-puffs-wholesale-price-vape-pods\/\">WGA Vape<\/a>?<\/strong><br \/>\nCrystal Pro Max sa dod\u00e1va s ve\u013ekorysou kapacitou 25 ml e-liquidu, ktor\u00e1 pon\u00faka dlh\u0161ie vapovacie rel\u00e1cie.<\/li>\n<li><strong>M\u00e1 WGA Crystal Vape 15000 Puffs indik\u00e1tor bat\u00e9rie?<\/strong><br \/>\n\u00c1no, obsahuje LED indik\u00e1tor bat\u00e9rie v re\u00e1lnom \u010dase, tak\u017ee m\u00f4\u017eete sledova\u0165 \u00farove\u0148 bat\u00e9rie a pod\u013ea potreby ju dob\u00edja\u0165.<\/li>\n<li><strong>D\u00e1 sa e-liquid WGA 15000 Puffs doplni\u0165?<\/strong><br \/>\nNie, WGA Crystal Pro Max 15000 Puffs je predplnen\u00e9 jednorazov\u00e9 zariadenie a nepodporuje dop\u013a\u0148anie.<\/li>\n<\/ol>","protected":false},"excerpt":{"rendered":"<p>WGA Crystal Pro Max 15k Puffs vape pody za ve\u013ekoobchodn\u00e9 ceny. U\u017eite si dlhotrvaj\u00face potiahnutia, pr\u00e9miov\u00e9 pr\u00edchute a mo\u017enosti hromadn\u00e9ho n\u00e1kupu pre va\u0161e podnikanie.<\/p>\n<figure id=\"attachment_2951\" aria-describedby=\"caption-attachment-2951\" style=\"width: 265px\" class=\"wp-caption alignnone\"><img fetchpriority=\"high\" decoding=\"async\" class=\"size-medium wp-image-2951\" src=\"https:\/\/vapestornado.com\/wp-content\/uploads\/2024\/12\/Wholesale-Disposable-Vape-265x300.jpg\" alt=\"Ve\u013ekoobchodn\u00fd Jednorazov\u00fd Vape\" width=\"265\" height=\"300\" srcset=\"https:\/\/vapestornado.com\/wp-content\/uploads\/2024\/12\/Wholesale-Disposable-Vape-265x300.jpg 265w, https:\/\/vapestornado.com\/wp-content\/uploads\/2024\/12\/Wholesale-Disposable-Vape-768x871.jpg 768w, https:\/\/vapestornado.com\/wp-content\/uploads\/2024\/12\/Wholesale-Disposable-Vape-600x680.jpg 600w, https:\/\/vapestornado.com\/wp-content\/uploads\/2024\/12\/Wholesale-Disposable-Vape.jpg 823w\" sizes=\"(max-width: 265px) 100vw, 265px\" \/><figcaption id=\"caption-attachment-2951\" class=\"wp-caption-text\">Pre z\u013eavnen\u00fa cenu kontaktujte Mandy na WhatsApp<a href=\"https:\/\/wa.me\/8618077105796\">+8618077105796<\/a><\/figcaption><\/figure>\n<p>&nbsp;<\/p>","protected":false},"featured_media":3052,"comment_status":"open","ping_status":"closed","template":"","meta":{"_acf_changed":false,"_uag_custom_page_level_css":"","_lmt_disableupdate":"no","_lmt_disable":"","_monsterinsights_skip_tracking":false,"_monsterinsights_sitenote_active":false,"_monsterinsights_sitenote_note":"","_monsterinsights_sitenote_category":0,"site-sidebar-layout":"default","site-content-layout":"","ast-site-content-layout":"default","site-content-style":"default","site-sidebar-style":"default","ast-global-header-display":"","ast-banner-title-visibility":"","ast-main-header-display":"","ast-hfb-above-header-display":"","ast-hfb-below-header-display":"","ast-hfb-mobile-header-display":"","site-post-title":"","ast-breadcrumbs-content":"","ast-featured-img":"","footer-sml-layout":"","ast-disable-related-posts":"","theme-transparent-header-meta":"default","adv-header-id-meta":"","stick-header-meta":"","header-above-stick-meta":"","header-main-stick-meta":"","header-below-stick-meta":"","astra-migrate-meta-layouts":"set","ast-page-background-enabled":"default","ast-page-background-meta":{"desktop":{"background-color":"","background-image":"","background-repeat":"repeat","background-position":"center center","background-size":"auto","background-attachment":"scroll","background-type":"","background-media":"","overlay-type":"","overlay-color":"","overlay-opacity":"","overlay-gradient":""},"tablet":{"background-color":"","background-image":"","background-repeat":"repeat","background-position":"center center","background-size":"auto","background-attachment":"scroll","background-type":"","background-media":"","overlay-type":"","overlay-color":"","overlay-opacity":"","overlay-gradient":""},"mobile":{"background-color":"","background-image":"","background-repeat":"repeat","background-position":"center center","background-size":"auto","background-attachment":"scroll","background-type":"","background-media":"","overlay-type":"","overlay-color":"","overlay-opacity":"","overlay-gradient":""}},"ast-content-background-meta":{"desktop":{"background-color":"var(--ast-global-color-5)","background-image":"","background-repeat":"repeat","background-position":"center center","background-size":"auto","background-attachment":"scroll","background-type":"","background-media":"","overlay-type":"","overlay-color":"","overlay-opacity":"","overlay-gradient":""},"tablet":{"background-color":"var(--ast-global-color-5)","background-image":"","background-repeat":"repeat","background-position":"center center","background-size":"auto","background-attachment":"scroll","background-type":"","background-media":"","overlay-type":"","overlay-color":"","overlay-opacity":"","overlay-gradient":""},"mobile":{"background-color":"var(--ast-global-color-5)","background-image":"","background-repeat":"repeat","background-position":"center center","background-size":"auto","background-attachment":"scroll","background-type":"","background-media":"","overlay-type":"","overlay-color":"","overlay-opacity":"","overlay-gradient":""}},"_joinchat":{"telephone":"+8618077105796"}},"product_brand":[],"product_cat":[71,140,153,158,159,160,141,59],"product_tag":[97,111],"class_list":{"0":"post-3033","1":"product","2":"type-product","3":"status-publish","4":"has-post-thumbnail","6":"product_cat-15000-puff","7":"product_cat-big-puffs-disposable-vapes","8":"product_cat-buy-disposable-vapes-in-italy","9":"product_cat-buy-disposable-vapes-in-spain","10":"product_cat-buy-disposable-vapes-in-sweden","11":"product_cat-buy-disposable-vapes-in-switzerland","12":"product_cat-crystal-disposable-vapes","13":"product_cat-wga-crystal-vape","14":"product_tag-hot-sale-disposable-vape","15":"product_tag-wga-15k-puffs","16":"desktop-align-left","17":"tablet-align-left","18":"mobile-align-left","20":"first","21":"instock","22":"sale","23":"shipping-taxable","24":"purchasable","25":"product-type-simple"},"acf":[],"uagb_featured_image_src":{"full":["https:\/\/vapestornado.com\/wp-content\/uploads\/2024\/12\/WGA-15000-PUFFS-JUICY-PEACH-Disposable-Vape.jpg",800,800,false],"thumbnail":["https:\/\/vapestornado.com\/wp-content\/uploads\/2024\/12\/WGA-15000-PUFFS-JUICY-PEACH-Disposable-Vape-150x150.jpg",150,150,true],"medium":["https:\/\/vapestornado.com\/wp-content\/uploads\/2024\/12\/WGA-15000-PUFFS-JUICY-PEACH-Disposable-Vape-300x300.jpg",300,300,true],"medium_large":["https:\/\/vapestornado.com\/wp-content\/uploads\/2024\/12\/WGA-15000-PUFFS-JUICY-PEACH-Disposable-Vape-768x768.jpg",768,768,true],"large":["https:\/\/vapestornado.com\/wp-content\/uploads\/2024\/12\/WGA-15000-PUFFS-JUICY-PEACH-Disposable-Vape.jpg",800,800,false],"1536x1536":["https:\/\/vapestornado.com\/wp-content\/uploads\/2024\/12\/WGA-15000-PUFFS-JUICY-PEACH-Disposable-Vape.jpg",800,800,false],"2048x2048":["https:\/\/vapestornado.com\/wp-content\/uploads\/2024\/12\/WGA-15000-PUFFS-JUICY-PEACH-Disposable-Vape.jpg",800,800,false],"trp-custom-language-flag":["https:\/\/vapestornado.com\/wp-content\/uploads\/2024\/12\/WGA-15000-PUFFS-JUICY-PEACH-Disposable-Vape.jpg",12,12,false],"woocommerce_thumbnail":["https:\/\/vapestornado.com\/wp-content\/uploads\/2024\/12\/WGA-15000-PUFFS-JUICY-PEACH-Disposable-Vape-300x300.jpg",300,300,true],"woocommerce_single":["https:\/\/vapestornado.com\/wp-content\/uploads\/2024\/12\/WGA-15000-PUFFS-JUICY-PEACH-Disposable-Vape-600x600.jpg",600,600,true],"woocommerce_gallery_thumbnail":["https:\/\/vapestornado.com\/wp-content\/uploads\/2024\/12\/WGA-15000-PUFFS-JUICY-PEACH-Disposable-Vape-100x100.jpg",100,100,true]},"uagb_author_info":{"display_name":"ESMANDY","author_link":"https:\/\/vapestornado.com\/sk\/author\/"},"uagb_comment_info":0,"uagb_excerpt":"WGA Crystal Pro Max 15k Puffs vape pods at wholesale prices. Enjoy long-lasting puffs, premium flavors, and bulk purchase options for your business. [caption id=\"attachment_2951\" align=\"alignnone\" width=\"265\"] Pls Contact Mandy's WhatsApp For Discount Price+8618077105796[\/caption] &nbsp;","_links":{"self":[{"href":"https:\/\/vapestornado.com\/sk\/wp-json\/wp\/v2\/product\/3033","targetHints":{"allow":["GET"]}}],"collection":[{"href":"https:\/\/vapestornado.com\/sk\/wp-json\/wp\/v2\/product"}],"about":[{"href":"https:\/\/vapestornado.com\/sk\/wp-json\/wp\/v2\/types\/product"}],"replies":[{"embeddable":true,"href":"https:\/\/vapestornado.com\/sk\/wp-json\/wp\/v2\/comments?post=3033"}],"wp:featuredmedia":[{"embeddable":true,"href":"https:\/\/vapestornado.com\/sk\/wp-json\/wp\/v2\/media\/3052"}],"wp:attachment":[{"href":"https:\/\/vapestornado.com\/sk\/wp-json\/wp\/v2\/media?parent=3033"}],"wp:term":[{"taxonomy":"product_brand","embeddable":true,"href":"https:\/\/vapestornado.com\/sk\/wp-json\/wp\/v2\/product_brand?post=3033"},{"taxonomy":"product_cat","embeddable":true,"href":"https:\/\/vapestornado.com\/sk\/wp-json\/wp\/v2\/product_cat?post=3033"},{"taxonomy":"product_tag","embeddable":true,"href":"https:\/\/vapestornado.com\/sk\/wp-json\/wp\/v2\/product_tag?post=3033"}],"curies":[{"name":"wp","href":"https:\/\/api.w.org\/{rel}","templated":true}]}}