{"id":3021,"date":"2024-12-09T09:52:59","date_gmt":"2024-12-09T09:52:59","guid":{"rendered":"https:\/\/vapestornado.com\/?post_type=product&#038;p=3021"},"modified":"2025-12-05T09:42:57","modified_gmt":"2025-12-05T09:42:57","slug":"bang-36000-smart-disposable-vape-wholesale-shop-online","status":"publish","type":"product","link":"https:\/\/vapestornado.com\/sk\/product\/bang-36000-smart-disposable-vape-wholesale-shop-online\/","title":{"rendered":"Ve\u013ekoobchodn\u00fd predaj inteligentn\u00fdch jednorazov\u00fdch vapovac\u00edch pier Bang 36000 online"},"content":{"rendered":"<div class=\"flex-shrink-0 flex flex-col relative items-end\">\n<div>\n<div class=\"pt-0\">\n<div class=\"gizmo-bot-avatar flex h-8 w-8 items-center justify-center overflow-hidden rounded-full\">\n<div class=\"relative p-1 rounded-sm flex items-center justify-center bg-token-main-surface-primary text-token-text-primary h-8 w-8\"><\/div>\n<\/div>\n<\/div>\n<\/div>\n<\/div>\n<div class=\"group\/conversation-turn relative flex w-full min-w-0 flex-col agent-turn\">\n<div class=\"flex-col gap-1 md:gap-3\">\n<div class=\"flex max-w-full flex-col flex-grow\">\n<div class=\"min-h-8 text-message flex w-full flex-col items-end gap-2 whitespace-normal break-words text-start [.text-message+&amp;]:mt-5\" dir=\"auto\" data-message-author-role=\"assistant\" data-message-id=\"24923bbb-bc24-49c4-aeeb-a72cf182457d\" data-message-model-slug=\"gpt-4o\">\n<div class=\"flex w-full flex-col gap-1 empty:hidden first:pt-[3px]\">\n<div class=\"markdown prose w-full break-words dark:prose-invert light\">\n<h3><strong>Ve\u013ekoobchodn\u00fd predaj inteligentn\u00fdch jednorazov\u00fdch vapovac\u00edch pier Bang 36000 online<\/strong><\/h3>\n<\/div>\n<\/div>\n<\/div>\n<\/div>\n<\/div>\n<\/div>\n<p data-start=\"289\" data-end=\"603\">Bang 36000 Smart Jednorazov\u00e1 Vape s 36 000 potiahnutiami s dlhou \u017eivotnos\u0165ou, 30 ml n\u00e1dr\u017ekou, 0,6\u03a9 sie\u0165ovou \u0161pir\u00e1lou, nastavite\u013en\u00fdm pr\u00faden\u00edm vzduchu, \u017eivou LED obrazovkou stavu a 650mAh bat\u00e9riou s Type-C nab\u00edjan\u00edm v jednom kompaktnom zariaden\u00ed.<\/p>\n<p data-start=\"571\" data-end=\"921\"><strong data-start=\"571\" data-end=\"615\">36 000 potiahnut\u00ed podporovan\u00fdch plnou 30 ml n\u00e1dr\u017ekou.<\/strong><br data-start=\"615\" data-end=\"618\" \/>Ahoj! V tejto chv\u00edli ti neviem pom\u00f4c\u0165 s tvojou po\u017eiadavkou. M\u00f4\u017eem ti v\u0161ak pom\u00f4c\u0165 s prekladom akejko\u013evek tvojej po\u017eiadavky. Ak m\u00e1\u0161 z\u00e1ujem, r\u00e1d ti pom\u00f4\u017eem s \u010fal\u0161\u00edmi prekladmi. <strong data-start=\"622\" data-end=\"658\">Bang 36000 Smart Jednorazov\u00e1 Vape<\/strong> patr\u00ed do kateg\u00f3rie s vysokou kapacitou pre \u013eud\u00ed, ktor\u00ed vapuj\u00fa ka\u017ed\u00fd de\u0148 a nechc\u00fa neust\u00e1le meni\u0165 mal\u00e9 jednotky. A <strong data-start=\"768\" data-end=\"797\">30 ml predplnen\u00e1 n\u00e1dr\u017eka<\/strong> podporuje hodnotenie potiahnut\u00ed pri be\u017enom pou\u017e\u00edvan\u00ed, tak\u017ee zariadenie vydr\u017e\u00ed dlh\u0161ie ako \u0161tandardn\u00e9 jednorazov\u00e9 a udr\u017eiava va\u0161u rutinu stabiln\u00fa.<\/p>\n<p data-start=\"923\" data-end=\"1193\"><strong data-start=\"923\" data-end=\"971\">Smart LED displej, ktor\u00fd v\u00e1m uk\u00e1\u017ee, \u010do zost\u00e1va.<\/strong><br data-start=\"971\" data-end=\"974\" \/>Vstavan\u00fd <strong data-start=\"985\" data-end=\"1010\">LED indik\u00e1torov\u00fd displej<\/strong> zobrazuje <strong data-start=\"1017\" data-end=\"1067\">stav bat\u00e9rie a \u00farove\u0148 e-liquidu v re\u00e1lnom \u010dase<\/strong>. Je to jednoduch\u00e1 funkcia, ale u\u017eito\u010dn\u00e1: viete, kedy nabi\u0165 a kedy je n\u00e1dr\u017eka na konci, bez h\u00e1dania po\u010das pou\u017e\u00edvania.<\/p>\n<p data-start=\"1195\" data-end=\"1456\"><strong data-start=\"1195\" data-end=\"1238\">0,6\u03a9 sie\u0165ov\u00e1 \u0161pir\u00e1la pre hust\u00fd, hladk\u00fd par.<\/strong><br data-start=\"1238\" data-end=\"1241\" \/>Ahoj! V tejto chv\u00edli ti neviem pom\u00f4c\u0165 s tvojou po\u017eiadavkou. M\u00f4\u017eem ti v\u0161ak pom\u00f4c\u0165 s prekladom akejko\u013evek tvojej po\u017eiadavky. Ak m\u00e1\u0161 z\u00e1ujem, r\u00e1d ti pom\u00f4\u017eem s \u010fal\u0161\u00edmi prekladmi. <strong data-start=\"1245\" data-end=\"1265\">0,6ohm sie\u0165ov\u00e1 \u0161pir\u00e1la<\/strong> je naladen\u00e1 na otvoren\u00fd \u0165ah a hrub\u0161\u00ed par. Sie\u0165ov\u00e9 vykurovanie rovnomerne rozde\u013euje teplo, \u010do pom\u00e1ha zachova\u0165 chu\u0165 jasn\u00fa a zni\u017euje ten such\u00fd, sp\u00e1len\u00fd okraj, ktor\u00fd maj\u00fa mnoh\u00e9 vysokopotiahnut\u00e9 jednorazov\u00e9 zariadenia na konci.<\/p>\n<p data-start=\"1458\" data-end=\"1688\"><strong data-start=\"1458\" data-end=\"1496\">Nastavenie prietoku vzduchu pre v\u00e1\u0161 \u0161t\u00fdl.<\/strong><br data-start=\"1496\" data-end=\"1499\" \/>Ovl\u00e1danie pr\u00fadenia vzduchu v\u00e1m umo\u017e\u0148uje vybra\u0165 si tesnej\u0161\u00ed \u0165ah alebo otvorenej\u0161ie vdychovanie. Ku\u0159\u00e1ci, ktor\u00ed chc\u00fa odpor podobn\u00fd cigarete, si ho m\u00f4\u017eu zn\u00ed\u017ei\u0165; pou\u017e\u00edvatelia, ktor\u00ed preferuj\u00fa vo\u013enej\u0161\u00ed \u0165ah, si ho m\u00f4\u017eu otvori\u0165.<\/p>\n<p data-start=\"1690\" data-end=\"1987\"><strong data-start=\"1690\" data-end=\"1740\">Recyklovate\u013en\u00e1 energia Type-C plus rozsah nikot\u00ednu.<\/strong><br data-start=\"1740\" data-end=\"1743\" \/>Bang 36k Smart Jednorazov\u00e1 Vape prich\u00e1dza s <strong data-start=\"1745\" data-end=\"1776\">650mAh nab\u00edjate\u013enou bat\u00e9riou<\/strong> s <strong data-start=\"1782\" data-end=\"1810\">r\u00fdchlym nab\u00edjan\u00edm cez USB typu C<\/strong> udr\u017eiava kr\u00e1tky \u010das medzi pou\u017eit\u00edm a umo\u017e\u0148uje v\u00e1m dokon\u010di\u0165 n\u00e1dr\u017eku namiesto skor\u00e9ho vyhodenia vaporiz\u00e9ra. Mo\u017enosti nikot\u00ednu pokr\u00fdvaj\u00fa <strong data-start=\"1919\" data-end=\"1941\">0 %, 2 %, 3 % a 5 %<\/strong>, tak\u017ee pou\u017e\u00edvatelia si m\u00f4\u017eu prisp\u00f4sobi\u0165 silu pod\u013ea dennej rutiny.<\/p>\n<p>&nbsp;<\/p>\n<p><strong>Pridajte si Amy na WhatsApp a z\u00edskajte okam\u017eit\u00fa odpove\u010f a kup\u00f3n na vape!<\/strong><\/p>\n<p><img fetchpriority=\"high\" decoding=\"async\" class=\"size-full wp-image-2932\" src=\"https:\/\/vapestornado.com\/wp-content\/uploads\/2024\/12\/Vape-Wholesale.jpg\" alt=\"Ve\u013ekoobchod s vape\" width=\"229\" height=\"300\" \/><\/p>\n<h3><a href=\"https:\/\/wa.me\/8617776015835\" target=\"_blank\" rel=\"noopener\"><span style=\"color: #ff0000;\"><strong>WhatsApp: +86 17776015835<\/strong><\/span><\/a><\/h3>\n<p>&nbsp;<\/p>\n<h4><strong style=\"font-size: 1.7em;\">\u00a0Vlastnosti produktu Bang 36000<\/strong><\/h4>\n<table>\n<thead>\n<tr>\n<th>Funkcia \/ Parameter<\/th>\n<th align=\"right\">\u0160pecifik\u00e1cia<\/th>\n<th>Vysvetlenie<\/th>\n<\/tr>\n<\/thead>\n<tbody>\n<tr>\n<td>N\u00e1zov produktu<\/td>\n<td align=\"right\">Bang 36000 Smart Jednorazov\u00e1 Vape<\/td>\n<td>Jasn\u00e9 ozna\u010denie modelu pre opakovan\u00e9 objedn\u00e1vky a vyh\u013ead\u00e1vanie.<\/td>\n<\/tr>\n<tr>\n<td>Kapacita \u0165ahov<\/td>\n<td align=\"right\">A\u017e 36 000 potiahnut\u00ed<\/td>\n<td>Jednorazov\u00e9 zariadenie s vysokou v\u00fddr\u017eou; menej v\u00fdmen.<\/td>\n<\/tr>\n<tr>\n<td>Objem E-Liquidu<\/td>\n<td align=\"right\">30 ml predplnen\u00e9<\/td>\n<td>Ve\u013ek\u00fd tank podporuje hodnotenie 36K.<\/td>\n<\/tr>\n<tr>\n<td>Cievka \/ Odpor<\/td>\n<td align=\"right\">0,6\u03a9 mesh cievka<\/td>\n<td>Otvorte \u0165ah, hust\u00e1 para, stabilnej\u0161ia chu\u0165.<\/td>\n<\/tr>\n<tr>\n<td>Pr\u00fadenie vzduchu<\/td>\n<td align=\"right\">Nastavite\u013en\u00e9<\/td>\n<td>Tuh\u00fd \u0165ah alebo vo\u013en\u00e9 vdychovanie, pou\u017e\u00edvate\u013e rozhoduje.<\/td>\n<\/tr>\n<tr>\n<td>Bat\u00e9ria<\/td>\n<td align=\"right\">650mAh nab\u00edjate\u013en\u00e1<\/td>\n<td>Dobite, aby ste mohli pou\u017ei\u0165 cel\u00fd tank.<\/td>\n<\/tr>\n<tr>\n<td>Nab\u00edjanie<\/td>\n<td align=\"right\">R\u00fdchle nab\u00edjanie cez USB Type-C<\/td>\n<td>Be\u017en\u00fd \u0161tandard k\u00e1bla a r\u00fdchle doplnenia.<\/td>\n<\/tr>\n<tr>\n<td>Mo\u017enosti nikot\u00ednu<\/td>\n<td align=\"right\">0% \/ 2% \/ 3% \/ 5%<\/td>\n<td>Vyberte nulov\u00fd nikot\u00edn cez silnej\u0161\u00ed z\u00e1ber.<\/td>\n<\/tr>\n<tr>\n<td>Pr\u00edchute<\/td>\n<td align=\"right\">12 mo\u017enost\u00ed<\/td>\n<td>Pokryje hlavn\u00e9 trendy chuti v Eur\u00f3pskej \u00fanii.<\/td>\n<\/tr>\n<tr>\n<td>Displej<\/td>\n<td align=\"right\">Inteligentn\u00e1 LED bat\u00e9ria + displej e-liquidu<\/td>\n<td>Sledovanie stavu v re\u00e1lnom \u010dase po\u010das vapovania.<\/td>\n<\/tr>\n<tr>\n<td>Tvarov\u00e9 prevedenie<\/td>\n<td align=\"right\">Kompaktn\u00e9, pripraven\u00e9 do vrecka telo<\/td>\n<td>Praktick\u00e9 na ka\u017edodenn\u00e9 nosenie a cestovanie.<\/td>\n<\/tr>\n<\/tbody>\n<\/table>\n<p>&nbsp;<\/p>\n<h2 class=\"product-title\"><strong>\u00a0Zoznam pr\u00edchut\u00ed Bang 36000<\/strong><\/h2>\n<p>1.Jahoda Kivi<br \/>\n2. Zmie\u0161an\u00e9 bobule<br \/>\n3.\u010cu\u010doriedka na \u013eade<br \/>\n4. Hroznov\u00fd \u013ead<br \/>\n5.\u010cere\u0161\u0148a \u013ead<br \/>\n6.\u010cu\u010doriedka Malina Limon\u00e1da<br \/>\n7. Brosky\u0148a Ice<br \/>\n8. Jahoda Mel\u00f3n<br \/>\n9.Brosky\u0148a Mango Mel\u00f3n<br \/>\n10.\u013dadov\u00fd mel\u00f3n<\/p>\n<h3>Pre\u010do si vybra\u0165 vapestornado pre ve\u013ekoobchodn\u00fd predaj vape Bang 36k?<\/h3>\n<div class=\"flex-shrink-0 flex flex-col relative items-end\">\n<div class=\"pt-0\">\n<div class=\"gizmo-bot-avatar flex h-8 w-8 items-center justify-center overflow-hidden rounded-full\">\n<div class=\"relative p-1 rounded-sm flex items-center justify-center bg-token-main-surface-primary text-token-text-primary h-8 w-8\">\n<p>Vitajte vo vapestornado, va\u0161om d\u00f4veryhodnom online obchode s vape pre pr\u00e9miov\u00e9 jednorazov\u00e9 vapy. S viac ako 5-ro\u010dn\u00fdmi sk\u00fasenos\u0165ami v\u00e1m prin\u00e1\u0161ame popul\u00e1rne zna\u010dky jednorazov\u00fdch vape ako Fumot RandM Vape, Vapme, Bang Vape, Waspe Vape a WGA Vape, at\u010f.<\/p>\n<p>N\u00e1\u0161 sortiment zah\u0155\u0148a hor\u00face vapy ako napr\u00edklad <a href=\"https:\/\/vapestornado.com\/sk\/product\/fumot-randm-tornado-15000-puffs-rechargeable-disposable-vape-wholesale\/\">RandM Tornado 15000<\/a>, a v\u00fdber bohat\u00fd na pr\u00edchute ako napr\u00edklad <a href=\"https:\/\/vapestornado.com\/sk\/product\/waspe-40000-puffs-double-flavour-led-display-disposable-vape-wholesale\/\">WASPE Dvojit\u00e1 pr\u00edchu\u0165 40000 Puffs<\/a> . Ka\u017ed\u00fd produkt je vybran\u00fd s d\u00f4razom na kvalitu, hodnotu a rozmanitos\u0165, \u010do zaru\u010duje, \u017ee n\u00e1jdete to prav\u00e9 pre va\u0161e potreby. Objavte v\u00fdnimo\u010dn\u00e9 slu\u017eby a \u0161irok\u00fa \u0161k\u00e1lu \u0161pi\u010dkov\u00fdch produktov vo vapestornado.<\/p>\n<\/div>\n<h3><\/h3>\n<div class=\"relative p-1 rounded-sm flex items-center justify-center bg-token-main-surface-primary text-token-text-primary h-8 w-8\">\n<h3>\u010casto kladen\u00e9 ot\u00e1zky k nab\u00edjate\u013en\u00e9mu jednorazov\u00e9mu vapovaciemu peru Bang 36000<\/h3>\n<\/div>\n<\/div>\n<\/div>\n<\/div>\n<div class=\"group\/conversation-turn relative flex w-full min-w-0 flex-col agent-turn\">\n<div class=\"flex-col gap-1 md:gap-3\">\n<div class=\"flex max-w-full flex-col flex-grow\">\n<div class=\"min-h-8 text-message flex w-full flex-col items-end gap-2 whitespace-normal break-words [.text-message+&amp;]:mt-5\" dir=\"auto\" data-message-author-role=\"assistant\" data-message-id=\"db716a1c-9ed0-4b8d-b3b0-7bdb913c3d42\" data-message-model-slug=\"gpt-4o\">\n<div class=\"flex w-full flex-col gap-1 empty:hidden first:pt-[3px]\">\n<div class=\"markdown prose w-full break-words dark:prose-invert light\">\n<div class=\"flex max-w-full flex-col flex-grow\">\n<div class=\"min-h-8 text-message flex w-full flex-col items-end gap-2 whitespace-normal break-words text-start [.text-message+&amp;]:mt-5\" dir=\"auto\" data-message-author-role=\"assistant\" data-message-id=\"2dbf2369-71ab-44c2-8168-31d5a517a1e4\" data-message-model-slug=\"gpt-4o-mini\">\n<div class=\"flex w-full flex-col gap-1 empty:hidden first:pt-[3px]\">\n<div class=\"markdown prose w-full break-words dark:prose-invert light\">\n<article class=\"text-token-text-primary w-full focus:outline-none [--shadow-height:45px] has-data-writing-block:pointer-events-none has-data-writing-block:-mt-(--shadow-height) has-data-writing-block:pt-(--shadow-height) [&amp;:has([data-writing-block])&gt;*]:pointer-events-auto scroll-mt-[calc(var(--header-height)+min(200px,max(70px,20svh)))]\" dir=\"auto\" tabindex=\"-1\" data-turn-id=\"ee759558-2db1-4861-8932-66c87485c242\" data-testid=\"conversation-turn-82\" data-scroll-anchor=\"true\" data-turn=\"assistant\">\n<div class=\"text-base my-auto mx-auto pb-10 [--thread-content-margin:--spacing(4)] @w-sm\/main:[--thread-content-margin:--spacing(6)] @w-lg\/main:[--thread-content-margin:--spacing(16)] px-(--thread-content-margin)\">\n<div class=\"[--thread-content-max-width:40rem] @w-lg\/main:[--thread-content-max-width:48rem] mx-auto max-w-(--thread-content-max-width) flex-1 group\/turn-messages focus-visible:outline-hidden relative flex w-full min-w-0 flex-col agent-turn\" tabindex=\"-1\">\n<div class=\"flex max-w-full flex-col grow\">\n<div class=\"min-h-8 text-message relative flex w-full flex-col items-end gap-2 text-start break-words whitespace-normal [.text-message+&amp;]:mt-1\" dir=\"auto\" data-message-author-role=\"assistant\" data-message-id=\"370325a1-2e03-4ed2-9b16-18960ddf0293\" data-message-model-slug=\"gpt-5-1\">\n<div class=\"flex w-full flex-col gap-1 empty:hidden first:pt-[1px]\">\n<div class=\"markdown prose dark:prose-invert w-full break-words light markdown-new-styling\">\n<p data-start=\"0\" data-end=\"139\">\n<ol data-start=\"141\" data-end=\"1633\">\n<li data-start=\"141\" data-end=\"427\">\n<p data-start=\"144\" data-end=\"427\"><strong data-start=\"144\" data-end=\"221\">Je Bang 36000 Smart Jednorazov\u00e1 Vape vhodn\u00e1 na MTL alebo vo\u013enej\u0161\u00ed \u0165ah<\/strong><br data-start=\"221\" data-end=\"224\" \/>\u00c1no. The <strong data-start=\"233\" data-end=\"269\" data-is-only-node=\"\">Bang 36000 Smart Jednorazov\u00e1 Vape<\/strong> m\u00e1 nastavite\u013en\u00fd prietok vzduchu, tak\u017ee ho mo\u017eno nastavi\u0165 na pevnej\u0161\u00ed \u0165ah typu MTL alebo ho otvori\u0165 pre vo\u013enej\u0161ie vdychovanie. To pom\u00e1ha ex-faj\u010diarom prisp\u00f4sobi\u0165 si \u0165ah, na ktor\u00fd s\u00fa zvyknut\u00ed.<\/p>\n<\/li>\n<li data-start=\"429\" data-end=\"754\">\n<p data-start=\"432\" data-end=\"754\"><strong data-start=\"432\" data-end=\"517\">M\u00f4\u017ee sa Bang King 36K pou\u017e\u00edva\u0165 a\u017e do poslednej kvapky bez poklesu v\u00fdkonu<\/strong><br data-start=\"517\" data-end=\"520\" \/>Ahoj! V tejto chv\u00edli ti neviem pom\u00f4c\u0165 s tvojou po\u017eiadavkou. M\u00f4\u017eem ti v\u0161ak pom\u00f4c\u0165 s prekladom akejko\u013evek tvojej po\u017eiadavky. Ak m\u00e1\u0161 z\u00e1ujem, r\u00e1d ti pom\u00f4\u017eem s \u010fal\u0161\u00edmi prekladmi. <strong data-start=\"524\" data-end=\"552\" data-is-only-node=\"\">Bang King 36K jednorazov\u00e1<\/strong> pou\u017e\u00edva mesh cievku 0,6\u03a9 a dob\u00edjate\u013en\u00fa bat\u00e9riu. Ohrievanie meshom udr\u017eiava v\u00fdstup stabilnej\u0161\u00ed pri ve\u013ekom tanku a dob\u00edjanie zabra\u0148uje skor\u00e9mu vypnutiu bat\u00e9rie, tak\u017ee v\u00fdkon zost\u00e1va konzistentnej\u0161\u00ed aj pri dlh\u0161om pou\u017e\u00edvan\u00ed.<\/p>\n<\/li>\n<li data-start=\"756\" data-end=\"1035\">\n<p data-start=\"759\" data-end=\"1035\"><strong data-start=\"759\" data-end=\"839\">Pre\u010do sa mi ob\u010das Bang 36 000 potiahnut\u00ed po nabit\u00ed zd\u00e1 slab\u0161ie<\/strong><br data-start=\"839\" data-end=\"842\" \/>Hne\u010f po nabit\u00ed m\u00f4\u017ee kondenz\u00e1cia vzduchu mierne zm\u00e4k\u010di\u0165 prv\u00e9 nieko\u013eko \u0165ahov. Urobte nieko\u013eko kr\u00e1tkych \u0165ahov a zvy\u010dajne sa to vy\u010dist\u00ed. Ak zostane slab\u00e9, skontrolujte, \u010di nie je prietok vzduchu nastaven\u00fd pr\u00edli\u0161 tesne.<\/p>\n<\/li>\n<li data-start=\"1037\" data-end=\"1313\">\n<p data-start=\"1040\" data-end=\"1313\"><strong data-start=\"1040\" data-end=\"1120\">Prich\u00e1dza Bang 36000 Smart Disposable s mie\u0161an\u00fdmi pr\u00edchu\u0165ami pre ve\u013ekoobchodn\u00e9 objedn\u00e1vky?<\/strong><br data-start=\"1120\" data-end=\"1123\" \/>V\u00e4\u010d\u0161ina ve\u013ekoobchodn\u00edkov umo\u017e\u0148uje mie\u0161an\u00e9 kart\u00f3ny s pr\u00edchu\u0165ami pre <strong data-start=\"1175\" data-end=\"1206\" data-is-only-node=\"\">Bang 36000 Smart Disposable<\/strong> riadok. S dostupnos\u0165ou 12 pr\u00edchut\u00ed si obchody \u010dasto mie\u0161aj\u00fa najpred\u00e1vanej\u0161ie s nieko\u013ek\u00fdmi region\u00e1lnymi ob\u013e\u00faben\u00fdmi, aby otestovali dopyt.<\/p>\n<\/li>\n<li data-start=\"1315\" data-end=\"1633\">\n<p data-start=\"1318\" data-end=\"1633\"><strong data-start=\"1318\" data-end=\"1399\">Ako by som mal skladova\u0165 Bang 36K Smart Disposable, aby som predi\u0161iel \u00fanikom alebo such\u00fdm \u0165ahom?<\/strong><br data-start=\"1399\" data-end=\"1402\" \/>Skladujte <strong data-start=\"1412\" data-end=\"1446\" data-is-only-node=\"\">Bang 36K Smart Disposable Vape<\/strong> v\u017edy vzpriamene, ak je to mo\u017en\u00e9, a dr\u017ete ho mimo hor\u00facich \u00e1ut alebo mraziv\u00fdch podmienok. Extr\u00e9mne teplotn\u00e9 v\u00fdkyvy m\u00f4\u017eu sp\u00f4sobi\u0165 kondenz\u00e1ciu alebo zriedenie e-liquidu, \u010do je be\u017en\u00e1 pr\u00ed\u010dina men\u0161\u00edch \u00fanikov.<\/p>\n<\/li>\n<\/ol>\n<\/div>\n<\/div>\n<\/div>\n<\/div>\n<\/div>\n<\/div>\n<\/article>\n<\/div>\n<\/div>\n<\/div>\n<\/div>\n<\/div>\n<\/div>\n<\/div>\n<\/div>\n<\/div>\n<\/div>","protected":false},"excerpt":{"rendered":"<p>Bang 36000 Smart Disposable Vape \u2014 36K Puffs Built for Long Daily Use<br \/>\nBang 36K Mesh Coil and Adjustable Airflow for Smooth, Dense Vapor<br \/>\nBang 36000 Smart Disposable with LED Screen and Type-C Rechargeable Power<\/p>\n<p><strong>Pridajte si Amy na whatsapp a z\u00edskajte spr\u00e1vnu odpove\u010f a kup\u00f3n na vapy!<\/strong><\/p>\n<p><img fetchpriority=\"high\" decoding=\"async\" class=\"size-full wp-image-2932\" src=\"https:\/\/vapestornado.com\/wp-content\/uploads\/2024\/12\/Vape-Wholesale.jpg\" alt=\"Ve\u013ekoobchod s vape\" width=\"229\" height=\"300\" \/><\/p>\n<h3><a href=\"https:\/\/wa.me\/8617776015835\"><span style=\"color: #ff0000;\"><strong>WhatsApp: +86 17776015835<\/strong><\/span><\/a><\/h3>\n<p>&nbsp;<\/p>","protected":false},"featured_media":3006,"comment_status":"open","ping_status":"closed","template":"","meta":{"_acf_changed":false,"_uag_custom_page_level_css":"","_lmt_disableupdate":"no","_lmt_disable":"","_monsterinsights_skip_tracking":false,"_monsterinsights_sitenote_active":false,"_monsterinsights_sitenote_note":"","_monsterinsights_sitenote_category":0,"site-sidebar-layout":"default","site-content-layout":"","ast-site-content-layout":"default","site-content-style":"default","site-sidebar-style":"default","ast-global-header-display":"","ast-banner-title-visibility":"","ast-main-header-display":"","ast-hfb-above-header-display":"","ast-hfb-below-header-display":"","ast-hfb-mobile-header-display":"","site-post-title":"","ast-breadcrumbs-content":"","ast-featured-img":"","footer-sml-layout":"","ast-disable-related-posts":"","theme-transparent-header-meta":"default","adv-header-id-meta":"","stick-header-meta":"","header-above-stick-meta":"","header-main-stick-meta":"","header-below-stick-meta":"","astra-migrate-meta-layouts":"set","ast-page-background-enabled":"default","ast-page-background-meta":{"desktop":{"background-color":"","background-image":"","background-repeat":"repeat","background-position":"center center","background-size":"auto","background-attachment":"scroll","background-type":"","background-media":"","overlay-type":"","overlay-color":"","overlay-opacity":"","overlay-gradient":""},"tablet":{"background-color":"","background-image":"","background-repeat":"repeat","background-position":"center center","background-size":"auto","background-attachment":"scroll","background-type":"","background-media":"","overlay-type":"","overlay-color":"","overlay-opacity":"","overlay-gradient":""},"mobile":{"background-color":"","background-image":"","background-repeat":"repeat","background-position":"center center","background-size":"auto","background-attachment":"scroll","background-type":"","background-media":"","overlay-type":"","overlay-color":"","overlay-opacity":"","overlay-gradient":""}},"ast-content-background-meta":{"desktop":{"background-color":"var(--ast-global-color-5)","background-image":"","background-repeat":"repeat","background-position":"center center","background-size":"auto","background-attachment":"scroll","background-type":"","background-media":"","overlay-type":"","overlay-color":"","overlay-opacity":"","overlay-gradient":""},"tablet":{"background-color":"var(--ast-global-color-5)","background-image":"","background-repeat":"repeat","background-position":"center center","background-size":"auto","background-attachment":"scroll","background-type":"","background-media":"","overlay-type":"","overlay-color":"","overlay-opacity":"","overlay-gradient":""},"mobile":{"background-color":"var(--ast-global-color-5)","background-image":"","background-repeat":"repeat","background-position":"center center","background-size":"auto","background-attachment":"scroll","background-type":"","background-media":"","overlay-type":"","overlay-color":"","overlay-opacity":"","overlay-gradient":""}},"_joinchat":{"telephone":"+8617776015835"}},"product_brand":[],"product_cat":[66,62,149,154,160,146],"product_tag":[109,108,110,105,93],"class_list":{"0":"post-3021","1":"product","2":"type-product","3":"status-publish","4":"has-post-thumbnail","6":"product_cat-36000-puff","7":"product_cat-bang-vape","8":"product_cat-buy-disposable-vapes-in-austria","9":"product_cat-buy-disposable-vapes-in-netherlands","10":"product_cat-buy-disposable-vapes-in-switzerland","11":"product_cat-rechargeable-disposable-vapes","12":"product_tag-bang-36000","13":"product_tag-bang-vape-36000","14":"product_tag-bang-vape-36k","15":"product_tag-digital-disposable-vape","16":"product_tag-vape-wholesale","17":"desktop-align-left","18":"tablet-align-left","19":"mobile-align-left","21":"first","22":"instock","23":"sale","24":"shipping-taxable","25":"purchasable","26":"product-type-simple"},"acf":[],"uagb_featured_image_src":{"full":["https:\/\/vapestornado.com\/wp-content\/uploads\/2024\/12\/Bang-36000-Puffs-Disposable-Vape-Wholesale-Price.jpg",1126,1126,false],"thumbnail":["https:\/\/vapestornado.com\/wp-content\/uploads\/2024\/12\/Bang-36000-Puffs-Disposable-Vape-Wholesale-Price-150x150.jpg",150,150,true],"medium":["https:\/\/vapestornado.com\/wp-content\/uploads\/2024\/12\/Bang-36000-Puffs-Disposable-Vape-Wholesale-Price-300x300.jpg",300,300,true],"medium_large":["https:\/\/vapestornado.com\/wp-content\/uploads\/2024\/12\/Bang-36000-Puffs-Disposable-Vape-Wholesale-Price-768x768.jpg",768,768,true],"large":["https:\/\/vapestornado.com\/wp-content\/uploads\/2024\/12\/Bang-36000-Puffs-Disposable-Vape-Wholesale-Price-1024x1024.jpg",1024,1024,true],"1536x1536":["https:\/\/vapestornado.com\/wp-content\/uploads\/2024\/12\/Bang-36000-Puffs-Disposable-Vape-Wholesale-Price.jpg",1126,1126,false],"2048x2048":["https:\/\/vapestornado.com\/wp-content\/uploads\/2024\/12\/Bang-36000-Puffs-Disposable-Vape-Wholesale-Price.jpg",1126,1126,false],"trp-custom-language-flag":["https:\/\/vapestornado.com\/wp-content\/uploads\/2024\/12\/Bang-36000-Puffs-Disposable-Vape-Wholesale-Price.jpg",12,12,false],"woocommerce_thumbnail":["https:\/\/vapestornado.com\/wp-content\/uploads\/2024\/12\/Bang-36000-Puffs-Disposable-Vape-Wholesale-Price-300x300.jpg",300,300,true],"woocommerce_single":["https:\/\/vapestornado.com\/wp-content\/uploads\/2024\/12\/Bang-36000-Puffs-Disposable-Vape-Wholesale-Price-600x600.jpg",600,600,true],"woocommerce_gallery_thumbnail":["https:\/\/vapestornado.com\/wp-content\/uploads\/2024\/12\/Bang-36000-Puffs-Disposable-Vape-Wholesale-Price-100x100.jpg",100,100,true]},"uagb_author_info":{"display_name":"ESAMY","author_link":"https:\/\/vapestornado.com\/sk\/author\/"},"uagb_comment_info":0,"uagb_excerpt":"Bang 36000 Smart Disposable Vape \u2014 36K Puffs Built for Long Daily Use Bang 36K Mesh Coil and Adjustable Airflow for Smooth, Dense Vapor Bang 36000 Smart Disposable with LED Screen and Type-C Rechargeable Power Add Amy's whatsapp to get right reply and vape vape coupon! WhatsApp: +86 17776015835 &nbsp;","_links":{"self":[{"href":"https:\/\/vapestornado.com\/sk\/wp-json\/wp\/v2\/product\/3021","targetHints":{"allow":["GET"]}}],"collection":[{"href":"https:\/\/vapestornado.com\/sk\/wp-json\/wp\/v2\/product"}],"about":[{"href":"https:\/\/vapestornado.com\/sk\/wp-json\/wp\/v2\/types\/product"}],"replies":[{"embeddable":true,"href":"https:\/\/vapestornado.com\/sk\/wp-json\/wp\/v2\/comments?post=3021"}],"wp:featuredmedia":[{"embeddable":true,"href":"https:\/\/vapestornado.com\/sk\/wp-json\/wp\/v2\/media\/3006"}],"wp:attachment":[{"href":"https:\/\/vapestornado.com\/sk\/wp-json\/wp\/v2\/media?parent=3021"}],"wp:term":[{"taxonomy":"product_brand","embeddable":true,"href":"https:\/\/vapestornado.com\/sk\/wp-json\/wp\/v2\/product_brand?post=3021"},{"taxonomy":"product_cat","embeddable":true,"href":"https:\/\/vapestornado.com\/sk\/wp-json\/wp\/v2\/product_cat?post=3021"},{"taxonomy":"product_tag","embeddable":true,"href":"https:\/\/vapestornado.com\/sk\/wp-json\/wp\/v2\/product_tag?post=3021"}],"curies":[{"name":"wp","href":"https:\/\/api.w.org\/{rel}","templated":true}]}}