{"id":3020,"date":"2024-12-09T09:13:52","date_gmt":"2024-12-09T09:13:52","guid":{"rendered":"https:\/\/vapestornado.com\/?post_type=product&#038;p=3020"},"modified":"2025-08-23T10:17:17","modified_gmt":"2025-08-23T10:17:17","slug":"vapme-uwin-crystal-10000-puff-vape-pen-cheap-price-2-5-nicotine","status":"publish","type":"product","link":"https:\/\/vapestornado.com\/sk\/product\/vapme-uwin-crystal-10000-puff-vape-pen-cheap-price-2-5-nicotine\/","title":{"rendered":"Vapme UWIN Crystal 10000 \u0164AHOV Vape Pero N\u00edzka Cena 2% 5% Nikot\u00edn"},"content":{"rendered":"<h1>Vapme UWIN Crystal 10000 \u0164AHOV Vape Pero N\u00edzka Cena 2% 5% Nikot\u00edn<\/h1>\n<p data-start=\"391\" data-end=\"692\">Ahoj! V tejto chv\u00edli ti neviem pom\u00f4c\u0165 s tvojou po\u017eiadavkou. M\u00f4\u017eem ti v\u0161ak pom\u00f4c\u0165 s prekladom akejko\u013evek tvojej po\u017eiadavky. Ak m\u00e1\u0161 z\u00e1ujem, r\u00e1d ti pom\u00f4\u017eem s \u010fal\u0161\u00edmi prekladmi. <strong data-start=\"395\" data-end=\"439\">Jednorazov\u00e1 e-cigareta UWIN Crystal 10000 Puffs<\/strong> kombinuje kapacitu, dizajn a spo\u013eahliv\u00fd v\u00fdkon, \u010do z nej rob\u00ed siln\u00fa vo\u013ebu pre <strong data-start=\"523\" data-end=\"562\">ve\u013ekoobchodn\u00edkov a maloobchodn\u00edkov v Eur\u00f3pe<\/strong>. S a\u017e <strong data-start=\"575\" data-end=\"591\">10 000 \u0165ahov<\/strong> a <strong data-start=\"599\" data-end=\"632\">18 ml predplnen\u00e1 n\u00e1dr\u017e na e-liquid<\/strong>, pon\u00faka dlh\u0161ie pou\u017e\u00edvanie v porovnan\u00ed so \u0161tandardn\u00fdmi jednorazov\u00fdmi e-cigaretami.<\/p>\n<p data-start=\"694\" data-end=\"952\">Poh\u00e1\u0148an\u00fd <strong data-start=\"707\" data-end=\"738\">650mAh nab\u00edjate\u013enou bat\u00e9riou<\/strong> s <strong data-start=\"744\" data-end=\"768\">r\u00fdchleho nab\u00edjania typu C<\/strong>, UWIN 10K zais\u0165uje stabiln\u00fd v\u00fdkon a zn\u00ed\u017een\u00fd \u010das odst\u00e1vky. Jeho <strong data-start=\"831\" data-end=\"849\">0,8\u03a9 mesh \u0161pir\u00e1lka<\/strong> poskytuje hladk\u00fa produkciu pary a konzistentn\u00e9 podanie chuti, \u010do oslovuje \u0161irok\u00fa \u0161k\u00e1lu pou\u017e\u00edvate\u013eov.<\/p>\n<p data-start=\"954\" data-end=\"1246\">V\u010faka <strong data-start=\"966\" data-end=\"994\">transparentn\u00e9 kri\u0161t\u00e1\u013eov\u00e9 telo<\/strong> s <strong data-start=\"1000\" data-end=\"1016\">RGB osvetlenie<\/strong>, t\u00e1to e-cigareta vynik\u00e1 na pultoch obchodov a z\u00e1rove\u0148 zost\u00e1va kompaktn\u00e1 a \u013eahko sa pren\u00e1\u0161a. Dostupn\u00e9 v <strong data-start=\"1112\" data-end=\"1144\">2% a 5% sil\u00e1ch nikot\u00ednu<\/strong>, <strong data-start=\"1150\" data-end=\"1177\">UWIN Crystal 10000 Vapov<\/strong> uspokojuje r\u00f4zne potreby z\u00e1kazn\u00edkov, od pr\u00edle\u017eitostn\u00fdch a\u017e po pravideln\u00fdch vaperov.<\/p>\n<p data-start=\"1248\" data-end=\"1373\">Pre ve\u013ekoobchodn\u00edkov je jeho <strong data-start=\"1269\" data-end=\"1297\">konkuren\u010dn\u00e9 hromadn\u00e9 ceny<\/strong> a siln\u00e1 pr\u00ed\u0165a\u017elivos\u0165 pre spotrebite\u013eov z neho robia ziskov\u00fd produkt na uskladnenie v roku 2025.<\/p>\n<p><img fetchpriority=\"high\" decoding=\"async\" class=\"size-medium wp-image-2951\" src=\"https:\/\/vapestornado.com\/wp-content\/uploads\/2024\/12\/Wholesale-Disposable-Vape-265x300.jpg\" alt=\"Ve\u013ekoobchodn\u00fd Jednorazov\u00fd Vape\" width=\"265\" height=\"300\" srcset=\"https:\/\/vapestornado.com\/wp-content\/uploads\/2024\/12\/Wholesale-Disposable-Vape-265x300.jpg 265w, https:\/\/vapestornado.com\/wp-content\/uploads\/2024\/12\/Wholesale-Disposable-Vape-768x871.jpg 768w, https:\/\/vapestornado.com\/wp-content\/uploads\/2024\/12\/Wholesale-Disposable-Vape-600x680.jpg 600w, https:\/\/vapestornado.com\/wp-content\/uploads\/2024\/12\/Wholesale-Disposable-Vape.jpg 823w\" sizes=\"(max-width: 265px) 100vw, 265px\" \/><\/p>\n<h6>Pre z\u013eavnen\u00fa cenu kontaktujte Mandy na WhatsApp<a href=\"https:\/\/wa.me\/8618077105796\" target=\"_blank\" rel=\"noopener\">+8618077105796<\/a><\/h6>\n<p>&nbsp;<\/p>\n<h2><strong>K\u013e\u00fa\u010dov\u00e9 vlastnosti Uwin Crystal 10000 Puffs vape podov<\/strong><\/h2>\n<ul>\n<li><strong>A\u017e 10000 Puffs<\/strong>: Dlhotrvaj\u00faci v\u00fdkon pre dlhodob\u00e9 pou\u017e\u00edvanie.<\/li>\n<li><strong>Viacero s\u00edl nikot\u00ednu<\/strong>: Dostupn\u00e9 v 0%, 2%, 3% a 5% nikot\u00ednov\u00fdch variantoch.<\/li>\n<li><strong>Kapacita 18 ml E-liquidu<\/strong>: Ve\u013ek\u00e1 n\u00e1dr\u017eka pre menej dopl\u0148ovan\u00ed.<\/li>\n<li><strong>650mAh Nab\u00edjate\u013en\u00e1 bat\u00e9ria<\/strong>: R\u00fdchle nab\u00edjanie typu C pre r\u00fdchle nap\u00e1janie.<\/li>\n<li><strong>0,8\u03a9 Mesh Coil<\/strong>: Vylep\u0161en\u00e1 chu\u0165 a produkcia pary.<\/li>\n<li><strong>RGB svetl\u00e1<\/strong>: Dynamick\u00e9 osvetlenie pre modern\u00fd vzh\u013ead.<\/li>\n<li><strong>Hromadn\u00fd n\u00e1kup<\/strong>: Ve\u013ekoobchodn\u00e9 mo\u017enosti s 200 kusmi v kart\u00f3ne.<\/li>\n<li><strong>Prenosn\u00e9 a \u013eahk\u00e9<\/strong>: \u013dahko sa pren\u00e1\u0161a a je ide\u00e1lne pre za\u010diato\u010dn\u00edkov aj sk\u00fasen\u00fdch vaperov.<\/li>\n<\/ul>\n<h2><strong>\u0160irok\u00e1 ponuka pr\u00edchut\u00ed<\/strong><\/h2>\n<p>Uwin Crystal 10000 Puffs pon\u00faka starostlivo vybran\u00fa \u0161k\u00e1lu 15 osobit\u00fdch pr\u00edchut\u00ed, ktor\u00e9 s\u00fa navrhnut\u00e9 tak, aby uspokojili ka\u017ed\u00e9ho. \u010ci u\u017e preferujete sladk\u00e9, ovocn\u00e9 zmesi, alebo chladiv\u00e9 mentoly, n\u00e1jde sa pr\u00edchu\u0165 pre ka\u017ed\u00e9ho. Tu je bli\u017e\u0161\u00ed poh\u013ead na dostupn\u00e9 mo\u017enosti:<\/p>\n<p>1. \u010cu\u010doriedkov\u00e1 malina<br \/>\n2.Hrozno \u013ead<br \/>\n3.Jahoda Vodn\u00fd mel\u00f3n<br \/>\n4.\u010cu\u010doriedka \u013ead<br \/>\n5.Vodn\u00fd mel\u00f3n \u013ead<br \/>\n6.\u010cere\u0161\u0148a \u013ead<br \/>\n7.Jahoda malina \u010dere\u0161\u0148a<br \/>\n8.Kivi Mu\u010denka guava<br \/>\n9.Jahoda \u013ead<br \/>\n10.Brosky\u0148a \u013ead<br \/>\n11.Jahoda kivi<br \/>\n12.Brosky\u0148a bobu\u013eov\u00e9 ovocie<br \/>\n13.\u010cere\u0161\u0148ov\u00e1 kola<br \/>\n14.Zmes bobu\u013eov\u00e9ho ovocia<br \/>\n15.P\u00e1n modr\u00fd<\/p>\n<h3><strong>Pre\u010do si vybra\u0165 <a href=\"https:\/\/vapestornado.com\/sk\/product\/vapme-uwin-crystal-10000-puff-vape-pen-cheap-price-2-5-nicotine\/\">Uwin Crystal 10000 Pufov<\/a> zo Slovenska <a href=\"https:\/\/vapestornado.com\/sk\/store\/\">vapestornado.sk<\/a>?<\/strong><\/h3>\n<ul>\n<li><strong>Pr\u00e9miov\u00e1 kvalita<\/strong>: Uwin Crystal 10000 Puffs pon\u00faka v\u00fdnimo\u010dn\u00fd v\u00fdkon s pokro\u010dilou mesh coil technol\u00f3giou, ktor\u00e1 zais\u0165uje hladk\u00fa pr\u00edchu\u0165 a hust\u00fa paru s ka\u017ed\u00fdm potiahnut\u00edm.<\/li>\n<li><strong>Dlhotrvaj\u00face<\/strong>: S kapacitou a\u017e 10 000 po\u0165ahov a objemom 18 ml e-liquidu, toto zariadenie pon\u00faka pred\u013a\u017een\u00e9 pou\u017e\u00edvanie, \u010do z neho rob\u00ed n\u00e1kladovo efekt\u00edvnu mo\u017enos\u0165 pre pr\u00edle\u017eitostn\u00fdch aj pravideln\u00fdch vaperov.<\/li>\n<li><strong>Prisp\u00f4sobite\u013en\u00e9 \u00farovne nikot\u00ednu<\/strong>: Dostupn\u00e9 v sil\u00e1ch nikot\u00ednu 0 %, 2 %, 3 % a 5 %, \u010do uspokoj\u00ed \u0161irok\u00fa \u0161k\u00e1lu preferenci\u00ed.<\/li>\n<li><strong>R\u00fdchle nab\u00edjanie<\/strong>: 650mAh nab\u00edjate\u013en\u00e1 bat\u00e9ria s nab\u00edjan\u00edm typu C zais\u0165uje r\u00fdchle a spo\u013eahliv\u00e9 dobitie, tak\u017ee m\u00f4\u017eete vapova\u0165 dlh\u0161ie.<\/li>\n<li><strong>Elegantn\u00fd a \u0161t\u00fdlov\u00fd<\/strong>: Prieh\u013eadn\u00fd dizajn so \u017eiv\u00fdmi RGB svetlami nielen\u017ee zlep\u0161uje estetiku, ale tie\u017e z neho rob\u00ed v\u00fdnimo\u010dn\u00fd doplnok.<\/li>\n<li><strong>Pohodlie<\/strong>: \u013dahko sa pren\u00e1\u0161a a je pripraven\u00fd na pou\u017eitie, ide\u00e1lny na vapovanie na cest\u00e1ch.<\/li>\n<li><strong>Konkuren\u010dn\u00e9 ceny<\/strong>: vapestornado pon\u00faka Uwin Crystal 10000 Puffs za bezkonkuren\u010dn\u00fa cenu, s mo\u017enos\u0165ami hromadn\u00e9ho n\u00e1kupu pre ve\u013ekoobchodn\u00edkov.<\/li>\n<li><strong>Spo\u013eahliv\u00e9 slu\u017eby<\/strong>: U\u017eite si r\u00fdchlu dopravu, vynikaj\u00facu z\u00e1kazn\u00edcku podporu a bezprobl\u00e9mov\u00e9 nakupovanie na vapestornado.com.<\/li>\n<\/ul>\n<p>&nbsp;<\/p>\n<h3><strong>V\u00fdhody n\u00e1kupu vo ve\u013ekom od vapestornado.com<\/strong><\/h3>\n<ul>\n<li><strong>\u00daspora n\u00e1kladov<\/strong>: N\u00e1kup vo ve\u013ekom zni\u017euje n\u00e1klady na jednotku, \u010do zvy\u0161uje va\u0161u celkov\u00fa ziskovos\u0165.<\/li>\n<li><strong>Kon\u0161tantn\u00e1 dostupnos\u0165<\/strong>: Udr\u017eujte si spo\u013eahliv\u00e9 z\u00e1soby, aby ste bez preru\u0161enia uspokojili dopyt z\u00e1kazn\u00edkov, \u010do je ide\u00e1lne pre udr\u017eanie plynul\u00e9ho chodu podnikania.<\/li>\n<li><strong>Flexibiln\u00e9 objedn\u00e1vky<\/strong>: Prisp\u00f4sobte si svoj hromadn\u00fd n\u00e1kup r\u00f4znymi pr\u00edchu\u0165ami a silami nikot\u00ednu, aby ste uspokojili svoju z\u00e1kazn\u00edcku z\u00e1klad\u0148u.<\/li>\n<li><strong>Exkluz\u00edvne ve\u013ekoobchodn\u00e9 z\u013eavy<\/strong>: Vyu\u017eite \u0161peci\u00e1lne ceny pri hromadn\u00fdch objedn\u00e1vkach, \u010d\u00edm si zaist\u00edte najlep\u0161iu hodnotu za pr\u00e9miov\u00e9 produkty.<\/li>\n<\/ul>\n<div class=\"flex-shrink-0 flex flex-col relative items-end\">\n<div>\n<div class=\"pt-0\">\n<div class=\"gizmo-bot-avatar flex h-8 w-8 items-center justify-center overflow-hidden rounded-full\">\n<div class=\"relative p-1 rounded-sm flex items-center justify-center bg-token-main-surface-primary text-token-text-primary h-8 w-8\"><\/div>\n<\/div>\n<\/div>\n<\/div>\n<\/div>\n<div class=\"group\/conversation-turn relative flex w-full min-w-0 flex-col agent-turn\">\n<div class=\"flex-col gap-1 md:gap-3\">\n<div class=\"flex max-w-full flex-col flex-grow\">\n<div class=\"min-h-8 text-message flex w-full flex-col items-end gap-2 whitespace-normal break-words text-start [.text-message+&amp;]:mt-5\" dir=\"auto\" data-message-author-role=\"assistant\" data-message-id=\"782e374d-2cea-4922-b41d-46c77a1b831e\" data-message-model-slug=\"gpt-4o\">\n<div class=\"flex w-full flex-col gap-1 empty:hidden first:pt-[3px]\">\n<div class=\"markdown prose w-full break-words dark:prose-invert light\">\n<h3><strong>\u010casto kladen\u00e9 ot\u00e1zky o dob\u00edjate\u013enom vape Uwin Crystal 10000 Puffs<\/strong><\/h3>\n<\/div>\n<\/div>\n<\/div>\n<\/div>\n<\/div>\n<\/div>\n<div class=\"flex max-w-full flex-col flex-grow\">\n<div class=\"min-h-8 text-message flex w-full flex-col items-end gap-2 whitespace-normal break-words text-start [.text-message+&amp;]:mt-5\" dir=\"auto\" data-message-author-role=\"assistant\" data-message-id=\"782e374d-2cea-4922-b41d-46c77a1b831e\" data-message-model-slug=\"gpt-4o\">\n<div class=\"flex w-full flex-col gap-1 empty:hidden first:pt-[3px]\">\n<div class=\"markdown prose w-full break-words dark:prose-invert light\">\n<ol>\n<li><strong>Ako dlho vydr\u017e\u00ed Uwin Crystal Vape 10000 Puffs?<\/strong><br \/>\nS a\u017e 10 000 po\u0165ahmi je toto zariadenie navrhnut\u00e9 tak, aby vydr\u017ealo nieko\u013eko dn\u00ed alebo dokonca t\u00fd\u017ed\u0148ov, v z\u00e1vislosti od zvyklost\u00ed pou\u017e\u00edvania.<\/li>\n<li><strong>Je Uwin Crystal 10k Puffs dob\u00edjate\u013en\u00fd?<\/strong><br \/>\n\u00c1no, m\u00e1 650mAh nab\u00edjate\u013en\u00fa bat\u00e9riu s nab\u00edjan\u00edm typu C pre r\u00fdchle a efekt\u00edvne nab\u00edjanie.<\/li>\n<li><strong>Ak\u00e9 sily nikot\u00ednu s\u00fa k dispoz\u00edcii pre Uwin Crystal 10000 Puffs?<\/strong><br \/>\nToto zariadenie sa dod\u00e1va s hladinami nikot\u00ednu 0 %, 2 %, 3 % a 5 %, \u010do pon\u00faka mo\u017enosti, ktor\u00e9 vyhovuj\u00fa r\u00f4znym preferenci\u00e1m.<\/li>\n<li><strong>V \u010dom je Uwin Crystal 10000 Puff jedine\u010dn\u00fd?<\/strong><br \/>\nUwin Crystal vynik\u00e1 svojou 18ml kapacitou e-liquidu, pokro\u010dilou 0,8\u03a9 mesh cievkou pre lep\u0161\u00ed chu\u0165ov\u00fd z\u00e1\u017eitok, elegantn\u00fdm kri\u0161t\u00e1\u013eovo \u010dist\u00fdm dizajnom a dynamick\u00fdm RGB osvetlen\u00edm.<\/li>\n<li><strong>M\u00f4\u017eem si zak\u00fapi\u0165 Uwin Crystal 10000 Puffs vo ve\u013ekom?<\/strong><br \/>\n\u00c1no, vapestornado pon\u00faka ve\u013ekoobchodn\u00e9 mo\u017enosti s 200 kusmi v kart\u00f3ne, \u010do je ide\u00e1lne pre maloobchodn\u00edkov alebo firmy.<\/li>\n<li><strong>Je jednorazov\u00fd vape Uwin Crystal 10000 Puffs vhodn\u00fd pre za\u010diato\u010dn\u00edkov?<\/strong><br \/>\nUr\u010dite! Jeho u\u017e\u00edvate\u013esky pr\u00edvetiv\u00fd dizajn s aktiv\u00e1ciou po\u0165ahom ho rob\u00ed ide\u00e1lnym pre nov\u00fdch aj sk\u00fasen\u00fdch vaperov.<\/li>\n<\/ol>\n<\/div>\n<\/div>\n<\/div>\n<\/div>\n<div class=\"mb-2 flex gap-3 empty:hidden -ml-2\">\n<div class=\"items-center justify-start rounded-xl p-1 flex\"><\/div>\n<\/div>","protected":false},"excerpt":{"rendered":"<p>UWIN Crystal 10000 Puffs nab\u00edjate\u013en\u00fd vape pon\u00faka dlhotrvaj\u00faci v\u00fdkon, \u017eiv\u00fd dizajn a pr\u00e9miov\u00fa chu\u0165 s pokro\u010dilou technol\u00f3giou vapovania.<\/p>\n<figure id=\"attachment_2951\" aria-describedby=\"caption-attachment-2951\" style=\"width: 265px\" class=\"wp-caption alignnone\"><img fetchpriority=\"high\" decoding=\"async\" class=\"size-medium wp-image-2951\" src=\"https:\/\/vapestornado.com\/wp-content\/uploads\/2024\/12\/Wholesale-Disposable-Vape-265x300.jpg\" alt=\"Ve\u013ekoobchodn\u00fd Jednorazov\u00fd Vape\" width=\"265\" height=\"300\" srcset=\"https:\/\/vapestornado.com\/wp-content\/uploads\/2024\/12\/Wholesale-Disposable-Vape-265x300.jpg 265w, https:\/\/vapestornado.com\/wp-content\/uploads\/2024\/12\/Wholesale-Disposable-Vape-768x871.jpg 768w, https:\/\/vapestornado.com\/wp-content\/uploads\/2024\/12\/Wholesale-Disposable-Vape-600x680.jpg 600w, https:\/\/vapestornado.com\/wp-content\/uploads\/2024\/12\/Wholesale-Disposable-Vape.jpg 823w\" sizes=\"(max-width: 265px) 100vw, 265px\" \/><figcaption id=\"caption-attachment-2951\" class=\"wp-caption-text\">Kontaktujte Mandy pre z\u013eavu<a href=\"https:\/\/wa.me\/8618077105796\">+86 18077105796<\/a><\/figcaption><\/figure>\n<p>&nbsp;<\/p>","protected":false},"featured_media":3009,"comment_status":"open","ping_status":"closed","template":"","meta":{"_acf_changed":false,"_uag_custom_page_level_css":"","_lmt_disableupdate":"no","_lmt_disable":"","_monsterinsights_skip_tracking":false,"_monsterinsights_sitenote_active":false,"_monsterinsights_sitenote_note":"","_monsterinsights_sitenote_category":0,"site-sidebar-layout":"default","site-content-layout":"","ast-site-content-layout":"default","site-content-style":"default","site-sidebar-style":"default","ast-global-header-display":"","ast-banner-title-visibility":"","ast-main-header-display":"","ast-hfb-above-header-display":"","ast-hfb-below-header-display":"","ast-hfb-mobile-header-display":"","site-post-title":"","ast-breadcrumbs-content":"","ast-featured-img":"","footer-sml-layout":"","ast-disable-related-posts":"","theme-transparent-header-meta":"default","adv-header-id-meta":"","stick-header-meta":"","header-above-stick-meta":"","header-main-stick-meta":"","header-below-stick-meta":"","astra-migrate-meta-layouts":"set","ast-page-background-enabled":"default","ast-page-background-meta":{"desktop":{"background-color":"","background-image":"","background-repeat":"repeat","background-position":"center center","background-size":"auto","background-attachment":"scroll","background-type":"","background-media":"","overlay-type":"","overlay-color":"","overlay-opacity":"","overlay-gradient":""},"tablet":{"background-color":"","background-image":"","background-repeat":"repeat","background-position":"center center","background-size":"auto","background-attachment":"scroll","background-type":"","background-media":"","overlay-type":"","overlay-color":"","overlay-opacity":"","overlay-gradient":""},"mobile":{"background-color":"","background-image":"","background-repeat":"repeat","background-position":"center center","background-size":"auto","background-attachment":"scroll","background-type":"","background-media":"","overlay-type":"","overlay-color":"","overlay-opacity":"","overlay-gradient":""}},"ast-content-background-meta":{"desktop":{"background-color":"var(--ast-global-color-5)","background-image":"","background-repeat":"repeat","background-position":"center center","background-size":"auto","background-attachment":"scroll","background-type":"","background-media":"","overlay-type":"","overlay-color":"","overlay-opacity":"","overlay-gradient":""},"tablet":{"background-color":"var(--ast-global-color-5)","background-image":"","background-repeat":"repeat","background-position":"center center","background-size":"auto","background-attachment":"scroll","background-type":"","background-media":"","overlay-type":"","overlay-color":"","overlay-opacity":"","overlay-gradient":""},"mobile":{"background-color":"var(--ast-global-color-5)","background-image":"","background-repeat":"repeat","background-position":"center center","background-size":"auto","background-attachment":"scroll","background-type":"","background-media":"","overlay-type":"","overlay-color":"","overlay-opacity":"","overlay-gradient":""}},"_joinchat":{"telephone":"+8618077105796"}},"product_brand":[],"product_cat":[106,140,149,150,153,155,158,141,233],"product_tag":[97,107],"class_list":{"0":"post-3020","1":"product","2":"type-product","3":"status-publish","4":"has-post-thumbnail","6":"product_cat-10000-puff","7":"product_cat-big-puffs-disposable-vapes","8":"product_cat-buy-disposable-vapes-in-austria","9":"product_cat-buy-disposable-vapes-in-belgium","10":"product_cat-buy-disposable-vapes-in-italy","11":"product_cat-buy-disposable-vapes-in-norway","12":"product_cat-buy-disposable-vapes-in-spain","13":"product_cat-crystal-disposable-vapes","14":"product_cat-uwin-vape","15":"product_tag-hot-sale-disposable-vape","16":"product_tag-uwin-crystal-10000-puffs","17":"desktop-align-left","18":"tablet-align-left","19":"mobile-align-left","21":"first","22":"instock","23":"sale","24":"shipping-taxable","25":"purchasable","26":"product-type-simple"},"acf":[],"uagb_featured_image_src":{"full":["https:\/\/vapestornado.com\/wp-content\/uploads\/2024\/12\/UWIN-Crystal-10000-Puffs-Vape-Pen-cherry-cola.jpg",800,800,false],"thumbnail":["https:\/\/vapestornado.com\/wp-content\/uploads\/2024\/12\/UWIN-Crystal-10000-Puffs-Vape-Pen-cherry-cola-150x150.jpg",150,150,true],"medium":["https:\/\/vapestornado.com\/wp-content\/uploads\/2024\/12\/UWIN-Crystal-10000-Puffs-Vape-Pen-cherry-cola-300x300.jpg",300,300,true],"medium_large":["https:\/\/vapestornado.com\/wp-content\/uploads\/2024\/12\/UWIN-Crystal-10000-Puffs-Vape-Pen-cherry-cola-768x768.jpg",768,768,true],"large":["https:\/\/vapestornado.com\/wp-content\/uploads\/2024\/12\/UWIN-Crystal-10000-Puffs-Vape-Pen-cherry-cola.jpg",800,800,false],"1536x1536":["https:\/\/vapestornado.com\/wp-content\/uploads\/2024\/12\/UWIN-Crystal-10000-Puffs-Vape-Pen-cherry-cola.jpg",800,800,false],"2048x2048":["https:\/\/vapestornado.com\/wp-content\/uploads\/2024\/12\/UWIN-Crystal-10000-Puffs-Vape-Pen-cherry-cola.jpg",800,800,false],"trp-custom-language-flag":["https:\/\/vapestornado.com\/wp-content\/uploads\/2024\/12\/UWIN-Crystal-10000-Puffs-Vape-Pen-cherry-cola.jpg",12,12,false],"woocommerce_thumbnail":["https:\/\/vapestornado.com\/wp-content\/uploads\/2024\/12\/UWIN-Crystal-10000-Puffs-Vape-Pen-cherry-cola-300x300.jpg",300,300,true],"woocommerce_single":["https:\/\/vapestornado.com\/wp-content\/uploads\/2024\/12\/UWIN-Crystal-10000-Puffs-Vape-Pen-cherry-cola-600x600.jpg",600,600,true],"woocommerce_gallery_thumbnail":["https:\/\/vapestornado.com\/wp-content\/uploads\/2024\/12\/UWIN-Crystal-10000-Puffs-Vape-Pen-cherry-cola-100x100.jpg",100,100,true]},"uagb_author_info":{"display_name":"ESMANDY","author_link":"https:\/\/vapestornado.com\/sk\/author\/"},"uagb_comment_info":0,"uagb_excerpt":"UWIN Crystal 10000 Puffs Rechargeable vape offers long-lasting performance, vibrant design, and premium flavor with advanced vaping technology. [caption id=\"attachment_2951\" align=\"alignnone\" width=\"265\"] Contact Mandy For Discount Price+86 18077105796[\/caption] &nbsp;","_links":{"self":[{"href":"https:\/\/vapestornado.com\/sk\/wp-json\/wp\/v2\/product\/3020","targetHints":{"allow":["GET"]}}],"collection":[{"href":"https:\/\/vapestornado.com\/sk\/wp-json\/wp\/v2\/product"}],"about":[{"href":"https:\/\/vapestornado.com\/sk\/wp-json\/wp\/v2\/types\/product"}],"replies":[{"embeddable":true,"href":"https:\/\/vapestornado.com\/sk\/wp-json\/wp\/v2\/comments?post=3020"}],"wp:featuredmedia":[{"embeddable":true,"href":"https:\/\/vapestornado.com\/sk\/wp-json\/wp\/v2\/media\/3009"}],"wp:attachment":[{"href":"https:\/\/vapestornado.com\/sk\/wp-json\/wp\/v2\/media?parent=3020"}],"wp:term":[{"taxonomy":"product_brand","embeddable":true,"href":"https:\/\/vapestornado.com\/sk\/wp-json\/wp\/v2\/product_brand?post=3020"},{"taxonomy":"product_cat","embeddable":true,"href":"https:\/\/vapestornado.com\/sk\/wp-json\/wp\/v2\/product_cat?post=3020"},{"taxonomy":"product_tag","embeddable":true,"href":"https:\/\/vapestornado.com\/sk\/wp-json\/wp\/v2\/product_tag?post=3020"}],"curies":[{"name":"wp","href":"https:\/\/api.w.org\/{rel}","templated":true}]}}