{"id":3000,"date":"2024-12-09T07:00:42","date_gmt":"2024-12-09T07:00:42","guid":{"rendered":"https:\/\/vapestornado.com\/?post_type=product&#038;p=3000"},"modified":"2025-08-23T10:18:27","modified_gmt":"2025-08-23T10:18:27","slug":"waspe-25000-puffs-digital-disposable-vape-wholesale-price-in-poland","status":"publish","type":"product","link":"https:\/\/vapestornado.com\/sk\/product\/waspe-25000-puffs-digital-disposable-vape-wholesale-price-in-poland\/","title":{"rendered":"Waspe 25000 \u0164ahov Digit\u00e1lna Jednorazov\u00e1 Vape Ve\u013ekoobchodn\u00e1 Cena v Po\u013esku"},"content":{"rendered":"<h1 class=\"product-title\">Waspe 25000 \u0164ahov Digit\u00e1lna Jednorazov\u00e1 Vape Ve\u013ekoobchodn\u00e1 Cena v Po\u013esku<\/h1>\n<p data-start=\"525\" data-end=\"808\">Ahoj! V tejto chv\u00edli ti neviem pom\u00f4c\u0165 s tvojou po\u017eiadavkou. M\u00f4\u017eem ti v\u0161ak pom\u00f4c\u0165 s prekladom akejko\u013evek tvojej po\u017eiadavky. Ak m\u00e1\u0161 z\u00e1ujem, r\u00e1d ti pom\u00f4\u017eem s \u010fal\u0161\u00edmi prekladmi. <strong data-start=\"529\" data-end=\"574\">Jednorazov\u00fdm digit\u00e1lnym vape WASPE 25000 Puffs<\/strong> je praktickou vo\u013ebou pre ve\u013ekoobchodn\u00edkov a maloobchodn\u00edkov v Po\u013esku, ktor\u00ed h\u013eadaj\u00fa dlhotrvaj\u00faci a funkciami bohat\u00fd tovar. S a\u017e <strong data-start=\"690\" data-end=\"715\">25 000 potiahnutiami na jednotku<\/strong> a <strong data-start=\"722\" data-end=\"744\">syst\u00e9m s dvoma pr\u00edchu\u0165ami<\/strong>, poskytuje z\u00e1kazn\u00edkom pred\u013a\u017een\u00e9 pou\u017e\u00edvanie a v\u00e4\u010d\u0161iu rozmanitos\u0165.<\/p>\n<p data-start=\"810\" data-end=\"1090\">Vybaven\u00e9 <strong data-start=\"826\" data-end=\"848\">digit\u00e1lna LED obrazovka<\/strong>, Waspe 25K informuje pou\u017e\u00edvate\u013eov o stave bat\u00e9rie a po\u010dte potiahnut\u00ed v re\u00e1lnom \u010dase. Jeho <strong data-start=\"937\" data-end=\"960\">dob\u00edjate\u013en\u00fd dizajn<\/strong> s <strong data-start=\"966\" data-end=\"990\">r\u00fdchleho nab\u00edjania typu C<\/strong> zais\u0165uje konzistentn\u00fd v\u00fdkon a zni\u017euje plytvanie, \u010do ho rob\u00ed n\u00e1kladovo efekt\u00edvnym a ekologick\u00fdm.<\/p>\n<p data-start=\"1092\" data-end=\"1373\">Dostupn\u00e9 v r\u00f4znych <strong data-start=\"1114\" data-end=\"1133\">hladin\u00e1ch nikot\u00ednu<\/strong> a <strong data-start=\"1138\" data-end=\"1161\">kombin\u00e1ci\u00e1ch pr\u00edchut\u00ed<\/strong>, <strong data-start=\"1167\" data-end=\"1185\">Waspe 25K Vaporiz\u00e9r<\/strong> oslovuje \u0161irok\u00fa spotrebite\u013esk\u00fa z\u00e1klad\u0148u, od za\u010diato\u010dn\u00edkov a\u017e po sk\u00fasen\u00fdch vaperov. Kompaktn\u00fd a prenosn\u00fd, hod\u00ed sa na ka\u017edodenn\u00e9 pou\u017eitie a z\u00e1rove\u0148 poskytuje konzistentn\u00fa chu\u0165 v\u010faka pokro\u010dilej technol\u00f3gii cievky.<\/p>\n<p data-start=\"1375\" data-end=\"1604\">Pre distrib\u00fatorov a majite\u013eov obchodov v Po\u013esku <strong data-start=\"1423\" data-end=\"1449\">Waspe 25000 P\u00fa\u0161\u0165ov Vaporiz\u00e9r<\/strong> kombinuje vysok\u00fa kapacitu potiahnut\u00ed, inovat\u00edvne funkcie a <strong data-start=\"1504\" data-end=\"1537\">konkuren\u010dn\u00e9 ve\u013ekoobchodn\u00e9 ceny<\/strong>, \u010do z neho rob\u00ed ziskov\u00fd pr\u00edrastok do z\u00e1sob jednorazov\u00fdch vape.<\/p>\n<p>&nbsp;<\/p>\n<p><strong>Pridajte si Amy na WhatsApp a z\u00edskajte okam\u017eit\u00fa odpove\u010f a kup\u00f3n na vape!<\/strong><\/p>\n<p><img fetchpriority=\"high\" decoding=\"async\" class=\"size-full wp-image-2932\" src=\"https:\/\/vapestornado.com\/wp-content\/uploads\/2024\/12\/Vape-Wholesale.jpg\" alt=\"Ve\u013ekoobchod s vape\" width=\"229\" height=\"300\" \/><\/p>\n<h3><a href=\"https:\/\/wa.me\/8617776015835\" target=\"_blank\" rel=\"noopener\"><span style=\"color: #ff0000;\"><strong>WhatsApp: +86 17776015835<\/strong><\/span><\/a><\/h3>\n<p>&nbsp;<\/p>\n<h4><strong style=\"font-size: 1.7em;\">Vlastnosti produktu Waspe Vape 25000<\/strong><\/h4>\n<ul>\n<li><strong>25 000 potiahnut\u00ed \u010distej spokojnosti<\/strong>: U\u017eite si dlh\u00e9 vapovacie sedenia s a\u017e <strong>25 000 \u0165ahov<\/strong>, \u010do rob\u00ed z <strong>WASPE 25000 potiahnut\u00ed<\/strong> ide\u00e1lnu vo\u013ebu pre \u013eahk\u00fdch aj n\u00e1ro\u010dn\u00fdch pou\u017e\u00edvate\u013eov.<\/li>\n<li><strong>Viacero s\u00edl nikot\u00ednu<\/strong>: Vyberte si z <strong>0%, 2% alebo 5% nikot\u00ednu<\/strong>, \u010do pon\u00faka z\u00e1\u017eitok na mieru pre pou\u017e\u00edvate\u013eov, ktor\u00ed h\u013eadaj\u00fa <strong>jednorazov\u00fd vap s n\u00edzkym obsahom nikot\u00ednu<\/strong> alebo silnej\u0161\u00ed z\u00e1sah.<\/li>\n<li><strong>Kapacita e-liquidu 25 ml<\/strong>: Predplnen\u00e9 ve\u013ekorys\u00fdm objemom <strong>25ml e-liquidu<\/strong>, \u010do zais\u0165uje menej preru\u0161en\u00ed a dlh\u0161ie pote\u0161enie.<\/li>\n<li><strong>Pokro\u010dil\u00e9 du\u00e1lne sie\u0165ov\u00e9 cievky<\/strong>: Integrovan\u00e9 du\u00e1lne sie\u0165ov\u00e9 cievky zaru\u010duj\u00fa hladk\u00fa produkciu pary, konzistentn\u00fa chu\u0165 a pr\u00e9miov\u00fd z\u00e1\u017eitok pri ka\u017edom potiahnut\u00ed.<\/li>\n<li><strong>Digit\u00e1lny LED displej<\/strong>: <strong>Jednorazov\u00fd vape s LED displejom<\/strong> obsahuje inteligentn\u00fd LCD displej, ktor\u00fd v\u00e1m umo\u017en\u00ed sledova\u0165 <strong>\u017eivotnos\u0165 bat\u00e9rie a po\u010det potiahnut\u00ed<\/strong> bez n\u00e1mahy.<\/li>\n<li><strong>Nab\u00edjate\u013en\u00e9 a odoln\u00e9<\/strong>: Poh\u00e1\u0148an\u00e9 <strong>650mAh bat\u00e9riou<\/strong> a podporovan\u00e9 <strong>r\u00fdchleho nab\u00edjania typu C<\/strong>, tento <strong>nab\u00edjac\u00ed vap<\/strong> v\u00e1s udr\u017e\u00ed v prev\u00e1dzke na dlh\u0161iu dobu bez dlh\u00fdch prestojov.<\/li>\n<li><strong>Kompaktn\u00fd dizajn pre hromadn\u00fd n\u00e1kup<\/strong>\u013dahk\u00fd a \u013eahko ovl\u00e1date\u013en\u00fd, Waspe 25k je ide\u00e1lny pre hromadn\u00e9 n\u00e1kupy, \u010do ho rob\u00ed vhodn\u00fdm pre distrib\u00fatorov, ktor\u00ed h\u013eadaj\u00fa spo\u013eahliv\u00fd produkt pre <strong>ve\u013ekoobchodn\u00e9 ceny vape<\/strong>.<\/li>\n<\/ul>\n<p>&nbsp;<\/p>\n<h2 class=\"product-title\"><strong>WASPE 25000 Zoznam pr\u00edchut\u00ed<\/strong><\/h2>\n<p>1.Jahoda Kivi<br \/>\n2. Zmie\u0161an\u00e9 bobule<br \/>\n3.\u010cu\u010doriedka na \u013eade<br \/>\n4. Hroznov\u00fd \u013ead<br \/>\n5.\u010cere\u0161\u0148a \u013ead<br \/>\n6.\u010cu\u010doriedka Malina Limon\u00e1da<br \/>\n7. Brosky\u0148a Ice<br \/>\n8. Jahoda Mel\u00f3n<br \/>\n9.Brosky\u0148a Mango Mel\u00f3n<br \/>\n10.\u013dadov\u00fd mel\u00f3n<\/p>\n<h3>Pre\u010do si vybra\u0165 vapestornado pre ve\u013ekoobchodn\u00fd predaj WASPE 25k Vape?<\/h3>\n<div class=\"flex-shrink-0 flex flex-col relative items-end\">\n<div class=\"pt-0\">\n<div class=\"gizmo-bot-avatar flex h-8 w-8 items-center justify-center overflow-hidden rounded-full\">\n<div class=\"relative p-1 rounded-sm flex items-center justify-center bg-token-main-surface-primary text-token-text-primary h-8 w-8\">\n<p>Vitajte vo vapestornado, va\u0161om d\u00f4veryhodnom online obchode s vape pre pr\u00e9miov\u00e9 jednorazov\u00e9 vapy. S viac ako 5-ro\u010dn\u00fdmi sk\u00fasenos\u0165ami v\u00e1m prin\u00e1\u0161ame popul\u00e1rne zna\u010dky jednorazov\u00fdch vape ako Fumot RandM Vape, Vapme, Bang Vape, Waspe Vape a WGA Vape, at\u010f.<\/p>\n<p>N\u00e1\u0161 sortiment zah\u0155\u0148a hor\u00face vapy ako napr\u00edklad <a href=\"https:\/\/vapestornado.com\/sk\/product\/fumot-randm-tornado-15000-puffs-rechargeable-disposable-vape-wholesale\/\">RandM Tornado 15000<\/a>, a v\u00fdber bohat\u00fd na pr\u00edchute ako napr\u00edklad <a href=\"https:\/\/vapestornado.com\/sk\/product\/waspe-40000-puffs-double-flavour-led-display-disposable-vape-wholesale\/\">WASPE Dvojit\u00e1 pr\u00edchu\u0165 40000 Puffs<\/a> . Ka\u017ed\u00fd produkt je vybran\u00fd s d\u00f4razom na kvalitu, hodnotu a rozmanitos\u0165, \u010do zaru\u010duje, \u017ee n\u00e1jdete to prav\u00e9 pre va\u0161e potreby. Objavte v\u00fdnimo\u010dn\u00e9 slu\u017eby a \u0161irok\u00fa \u0161k\u00e1lu \u0161pi\u010dkov\u00fdch produktov vo vapestornado.<\/p>\n<\/div>\n<h3><\/h3>\n<div class=\"relative p-1 rounded-sm flex items-center justify-center bg-token-main-surface-primary text-token-text-primary h-8 w-8\">\n<h3>\u010cast\u00e9 ot\u00e1zky pre WASPE 25k Dob\u00edjate\u013en\u00e1 jednorazov\u00e1 e-cigareta<\/h3>\n<\/div>\n<\/div>\n<\/div>\n<\/div>\n<div class=\"group\/conversation-turn relative flex w-full min-w-0 flex-col agent-turn\">\n<div class=\"flex-col gap-1 md:gap-3\">\n<div class=\"flex max-w-full flex-col flex-grow\">\n<div class=\"min-h-8 text-message flex w-full flex-col items-end gap-2 whitespace-normal break-words [.text-message+&amp;]:mt-5\" dir=\"auto\" data-message-author-role=\"assistant\" data-message-id=\"db716a1c-9ed0-4b8d-b3b0-7bdb913c3d42\" data-message-model-slug=\"gpt-4o\">\n<div class=\"flex w-full flex-col gap-1 empty:hidden first:pt-[3px]\">\n<div class=\"markdown prose w-full break-words dark:prose-invert light\">\n<h3><\/h3>\n<ol>\n<li><strong>Kde si m\u00f4\u017eem k\u00fapi\u0165 Waspe 25000 Puffs Digital Disposable Vape za ve\u013ekoobchodn\u00fa cenu na Slovensku?<\/strong><br \/>\nWaspe 25000 Puffs Digital Disposable Vape si m\u00f4\u017eete zak\u00fapi\u0165 za konkurencieschopn\u00e9 ve\u013ekoobchodn\u00e9 ceny u d\u00f4veryhodn\u00fdch distrib\u00fatorov, ktor\u00ed sa \u0161pecializuj\u00fa na <strong>ve\u013ekoobchodn\u00e9 ceny vape<\/strong> na Slovensku.<\/li>\n<li><strong>Ko\u013eko potiahnut\u00ed poskytuje Waspe 25000 Puffs Digital Disposable Vape?<\/strong><br \/>\nWaspe 25k poskytuje p\u00f4sobiv\u00fdch <strong>25 000 \u0165ahov<\/strong>, \u010do zais\u0165uje dlhodob\u00e9 pou\u017e\u00edvanie a vynikaj\u00facu hodnotu za peniaze.<\/li>\n<li><strong>\u010c\u00edm sa Waspe 25000 Puffs vape odli\u0161uje od in\u00fdch jednorazov\u00fdch vapovac\u00edch zariaden\u00ed?<\/strong><br \/>\nWaspe 25k vynik\u00e1 svojim <strong>LED digit\u00e1lna obrazovka<\/strong> na sledovanie po\u010dtu potiahnut\u00ed a stavu bat\u00e9rie, <strong>du\u00e1lna pr\u00edchu\u0165<\/strong> mo\u017enosti a <strong>dob\u00edjate\u013en\u00fd dizajn<\/strong> nap\u00e1jan\u00fd r\u00fdchlym nab\u00edjan\u00edm <strong>portom typu C<\/strong>.<\/li>\n<li><strong>Ak\u00e9 \u00farovne nikot\u00ednu s\u00fa k dispoz\u00edcii pre jednorazov\u00fd vape Waspe 25000 Puffs?<\/strong><br \/>\nWaspe 25k pon\u00faka tri mo\u017enosti sily nikot\u00ednu: <strong>0%, 2% a 5%<\/strong>, ktor\u00e9 vyhovuj\u00fa pou\u017e\u00edvate\u013eom, ktor\u00ed preferuj\u00fa <strong>jednorazov\u00fd vap s n\u00edzkym obsahom nikot\u00ednu<\/strong> alebo silnej\u0161ie \u0165ahy.<\/li>\n<li><strong>Ako Waspe 25k zais\u0165uje vynikaj\u00faci z\u00e1\u017eitok z vapovania?<\/strong><br \/>\nVybaven\u00e9 s <strong>dvojit\u00fdmi mesh \u0161pir\u00e1lkami<\/strong> pre vylep\u0161en\u00fa produkciu pary, ve\u013ek\u00fd <strong>objem e-liquidu 25 ml<\/strong>, a prisp\u00f4sobite\u013en\u00fd prietok vzduchu, Waspe 25k poskytuje konzistentn\u00e9, chu\u0165ov\u00e9 \u0165ahy pre v\u00fdnimo\u010dn\u00fd z\u00e1\u017eitok z vapovania.<\/li>\n<\/ol>\n<\/div>\n<\/div>\n<\/div>\n<\/div>\n<\/div>\n<\/div>","protected":false},"excerpt":{"rendered":"<p>Ahoj! V tejto chv\u00edli ti neviem pom\u00f4c\u0165 s tvojou po\u017eiadavkou. M\u00f4\u017eem ti v\u0161ak pom\u00f4c\u0165 s prekladom akejko\u013evek tvojej po\u017eiadavky. Ak m\u00e1\u0161 z\u00e1ujem, r\u00e1d ti pom\u00f4\u017eem s \u010fal\u0161\u00edmi prekladmi. <strong data-start=\"290\" data-end=\"327\">Jednorazov\u00e1 vape Waspe 25000 Puffs<\/strong> pon\u00faka du\u00e1lne pr\u00edchute, LED displej a a\u017e 25 tis\u00edc potiahnut\u00ed. Ide\u00e1lne pre <strong data-start=\"395\" data-end=\"425\">ve\u013ekoobchodn\u00fdch odberate\u013eov v Po\u013esku<\/strong>, kombinuj\u00fac kapacitu, rozmanitos\u0165 pr\u00edchut\u00ed a konkurencieschopn\u00e9 ceny pri hromadnom n\u00e1kupe.<\/p>\n<p><strong>Pridajte si Amy na whatsapp a z\u00edskajte spr\u00e1vnu odpove\u010f a kup\u00f3n na vapy!<\/strong><\/p>\n<p><img fetchpriority=\"high\" decoding=\"async\" class=\"size-full wp-image-2932\" src=\"https:\/\/vapestornado.com\/wp-content\/uploads\/2024\/12\/Vape-Wholesale.jpg\" alt=\"Ve\u013ekoobchod s vape\" width=\"229\" height=\"300\" \/><\/p>\n<h3><a href=\"https:\/\/wa.me\/8617776015835\"><span style=\"color: #ff0000;\"><strong>WhatsApp: +86 17776015835<\/strong><\/span><\/a><\/h3>\n<p>&nbsp;<\/p>","protected":false},"featured_media":2995,"comment_status":"open","ping_status":"closed","template":"","meta":{"_acf_changed":false,"_uag_custom_page_level_css":"","_lmt_disableupdate":"no","_lmt_disable":"","_monsterinsights_skip_tracking":false,"_monsterinsights_sitenote_active":false,"_monsterinsights_sitenote_note":"","_monsterinsights_sitenote_category":0,"site-sidebar-layout":"default","site-content-layout":"","ast-site-content-layout":"default","site-content-style":"default","site-sidebar-style":"default","ast-global-header-display":"","ast-banner-title-visibility":"","ast-main-header-display":"","ast-hfb-above-header-display":"","ast-hfb-below-header-display":"","ast-hfb-mobile-header-display":"","site-post-title":"","ast-breadcrumbs-content":"","ast-featured-img":"","footer-sml-layout":"","ast-disable-related-posts":"","theme-transparent-header-meta":"default","adv-header-id-meta":"","stick-header-meta":"","header-above-stick-meta":"","header-main-stick-meta":"","header-below-stick-meta":"","astra-migrate-meta-layouts":"set","ast-page-background-enabled":"default","ast-page-background-meta":{"desktop":{"background-color":"","background-image":"","background-repeat":"repeat","background-position":"center center","background-size":"auto","background-attachment":"scroll","background-type":"","background-media":"","overlay-type":"","overlay-color":"","overlay-opacity":"","overlay-gradient":""},"tablet":{"background-color":"","background-image":"","background-repeat":"repeat","background-position":"center center","background-size":"auto","background-attachment":"scroll","background-type":"","background-media":"","overlay-type":"","overlay-color":"","overlay-opacity":"","overlay-gradient":""},"mobile":{"background-color":"","background-image":"","background-repeat":"repeat","background-position":"center center","background-size":"auto","background-attachment":"scroll","background-type":"","background-media":"","overlay-type":"","overlay-color":"","overlay-opacity":"","overlay-gradient":""}},"ast-content-background-meta":{"desktop":{"background-color":"var(--ast-global-color-5)","background-image":"","background-repeat":"repeat","background-position":"center center","background-size":"auto","background-attachment":"scroll","background-type":"","background-media":"","overlay-type":"","overlay-color":"","overlay-opacity":"","overlay-gradient":""},"tablet":{"background-color":"var(--ast-global-color-5)","background-image":"","background-repeat":"repeat","background-position":"center center","background-size":"auto","background-attachment":"scroll","background-type":"","background-media":"","overlay-type":"","overlay-color":"","overlay-opacity":"","overlay-gradient":""},"mobile":{"background-color":"var(--ast-global-color-5)","background-image":"","background-repeat":"repeat","background-position":"center center","background-size":"auto","background-attachment":"scroll","background-type":"","background-media":"","overlay-type":"","overlay-color":"","overlay-opacity":"","overlay-gradient":""}},"_joinchat":{"telephone":"+8617776015835"}},"product_brand":[],"product_cat":[68,151,158,159,144,60],"product_tag":[105,100,103,104],"class_list":{"0":"post-3000","1":"product","2":"type-product","3":"status-publish","4":"has-post-thumbnail","6":"product_cat-25000-puff","7":"product_cat-buy-disposable-vapes-in-france","8":"product_cat-buy-disposable-vapes-in-spain","9":"product_cat-buy-disposable-vapes-in-sweden","10":"product_cat-low-nicotine-disposable-vapes","11":"product_cat-waspe-fihp-vape","12":"product_tag-digital-disposable-vape","13":"product_tag-wasoe-vape","14":"product_tag-waspe-25000","15":"product_tag-waspe-25k","16":"desktop-align-left","17":"tablet-align-left","18":"mobile-align-left","20":"first","21":"instock","22":"sale","23":"shipping-taxable","24":"purchasable","25":"product-type-simple"},"acf":[],"uagb_featured_image_src":{"full":["https:\/\/vapestornado.com\/wp-content\/uploads\/2024\/12\/WASPE-25000-Puffs-Disposable-Vape-Wholesale-Price.jpg",1126,1137,false],"thumbnail":["https:\/\/vapestornado.com\/wp-content\/uploads\/2024\/12\/WASPE-25000-Puffs-Disposable-Vape-Wholesale-Price-150x150.jpg",150,150,true],"medium":["https:\/\/vapestornado.com\/wp-content\/uploads\/2024\/12\/WASPE-25000-Puffs-Disposable-Vape-Wholesale-Price-297x300.jpg",297,300,true],"medium_large":["https:\/\/vapestornado.com\/wp-content\/uploads\/2024\/12\/WASPE-25000-Puffs-Disposable-Vape-Wholesale-Price-768x776.jpg",768,776,true],"large":["https:\/\/vapestornado.com\/wp-content\/uploads\/2024\/12\/WASPE-25000-Puffs-Disposable-Vape-Wholesale-Price-1014x1024.jpg",1014,1024,true],"1536x1536":["https:\/\/vapestornado.com\/wp-content\/uploads\/2024\/12\/WASPE-25000-Puffs-Disposable-Vape-Wholesale-Price.jpg",1126,1137,false],"2048x2048":["https:\/\/vapestornado.com\/wp-content\/uploads\/2024\/12\/WASPE-25000-Puffs-Disposable-Vape-Wholesale-Price.jpg",1126,1137,false],"trp-custom-language-flag":["https:\/\/vapestornado.com\/wp-content\/uploads\/2024\/12\/WASPE-25000-Puffs-Disposable-Vape-Wholesale-Price.jpg",12,12,false],"woocommerce_thumbnail":["https:\/\/vapestornado.com\/wp-content\/uploads\/2024\/12\/WASPE-25000-Puffs-Disposable-Vape-Wholesale-Price-300x300.jpg",300,300,true],"woocommerce_single":["https:\/\/vapestornado.com\/wp-content\/uploads\/2024\/12\/WASPE-25000-Puffs-Disposable-Vape-Wholesale-Price-600x606.jpg",600,606,true],"woocommerce_gallery_thumbnail":["https:\/\/vapestornado.com\/wp-content\/uploads\/2024\/12\/WASPE-25000-Puffs-Disposable-Vape-Wholesale-Price-100x100.jpg",100,100,true]},"uagb_author_info":{"display_name":"ESAMY","author_link":"https:\/\/vapestornado.com\/sk\/author\/"},"uagb_comment_info":0,"uagb_excerpt":"The Waspe 25000 Puffs Disposable Vape offers dual flavors, LED display, and up to 25K puffs. Perfect for wholesale buyers in Poland, combining capacity, flavor variety, and competitive bulk pricing. Add Amy's whatsapp to get right reply and vape vape coupon! WhatsApp: +86 17776015835 &nbsp;","_links":{"self":[{"href":"https:\/\/vapestornado.com\/sk\/wp-json\/wp\/v2\/product\/3000","targetHints":{"allow":["GET"]}}],"collection":[{"href":"https:\/\/vapestornado.com\/sk\/wp-json\/wp\/v2\/product"}],"about":[{"href":"https:\/\/vapestornado.com\/sk\/wp-json\/wp\/v2\/types\/product"}],"replies":[{"embeddable":true,"href":"https:\/\/vapestornado.com\/sk\/wp-json\/wp\/v2\/comments?post=3000"}],"wp:featuredmedia":[{"embeddable":true,"href":"https:\/\/vapestornado.com\/sk\/wp-json\/wp\/v2\/media\/2995"}],"wp:attachment":[{"href":"https:\/\/vapestornado.com\/sk\/wp-json\/wp\/v2\/media?parent=3000"}],"wp:term":[{"taxonomy":"product_brand","embeddable":true,"href":"https:\/\/vapestornado.com\/sk\/wp-json\/wp\/v2\/product_brand?post=3000"},{"taxonomy":"product_cat","embeddable":true,"href":"https:\/\/vapestornado.com\/sk\/wp-json\/wp\/v2\/product_cat?post=3000"},{"taxonomy":"product_tag","embeddable":true,"href":"https:\/\/vapestornado.com\/sk\/wp-json\/wp\/v2\/product_tag?post=3000"}],"curies":[{"name":"wp","href":"https:\/\/api.w.org\/{rel}","templated":true}]}}