{"id":2980,"date":"2024-12-06T06:49:43","date_gmt":"2024-12-06T06:49:43","guid":{"rendered":"https:\/\/vapestornado.com\/?post_type=product&#038;p=2980"},"modified":"2025-08-23T12:26:33","modified_gmt":"2025-08-23T12:26:33","slug":"waspe-vape-30000-fihp-30k-puffs-disposable-vape-wholesale-price-in-germany","status":"publish","type":"product","link":"https:\/\/vapestornado.com\/sk\/product\/waspe-vape-30000-fihp-30k-puffs-disposable-vape-wholesale-price-in-germany\/","title":{"rendered":"Waspe Vape 30000 FIHP 30K Puffs Jednorazov\u00fd vape Ve\u013ekoobchodn\u00e1 cena v Nemecku"},"content":{"rendered":"<h1 class=\"product-title\">Waspe Vape 30000 FIHP 30K Puffs Jednorazov\u00fd vape Ve\u013ekoobchodn\u00e1 cena v Nemecku<\/h1>\n<p>H\u013ead\u00e1te pr\u00e9miov\u00e9 rie\u0161enie pre vaping, ktor\u00e9 kombinuje vysok\u00fd v\u00fdkon s v\u00fdnimo\u010dn\u00fdmi pr\u00edchu\u0165ami? Pr\u00e1ve <strong>Jednorazov\u00fd vap Waspe Vape FIHP 30000 Puffs<\/strong> je tu, aby pov\u00fd\u0161il v\u00e1\u0161 z\u00e1\u017eitok z vapingu. S <strong>du\u00e1lnymi re\u017eimami<\/strong>, nastavite\u013en\u00fdmi \u00farov\u0148ami nikot\u00ednu a elegantn\u00fdm LED displejom je toto zariadenie ide\u00e1lne pre t\u00fdch, ktor\u00ed h\u013eadaj\u00fa kvalitu a prisp\u00f4sobenie za konkurencieschopn\u00fa ve\u013ekoobchodn\u00fa cenu na Slovensku.<\/p>\n<p>\u010ci u\u017e ste predajca, ktor\u00fd h\u013ead\u00e1 <strong>ve\u013ekoobchodn\u00e9 ponuky vapov na Slovensku<\/strong> alebo jednotlivec, ktor\u00fd h\u013ead\u00e1 vysokov\u00fdkonn\u00fd <strong>jednorazov\u00fd vap s n\u00edzkym obsahom nikot\u00ednu<\/strong>, Waspe 30K pon\u00faka bezkonkuren\u010dn\u00fa hodnotu. Jeho <strong>nab\u00edjac\u00ed vap<\/strong> dizajn a inovat\u00edvne funkcie z neho robia v\u00fdnimo\u010dn\u00fd produkt na trhu.<\/p>\n<p>Waspe FIHP prich\u00e1dza v r\u00f4znych <strong>kombin\u00e1ci\u00e1ch dvoch pr\u00edchut\u00ed<\/strong>, ktor\u00e9 prin\u00e1\u0161aj\u00fa bohat\u00e9 a uspokojuj\u00face pr\u00edchute, ktor\u00e9 uspokoja ka\u017ed\u00e9ho.<\/p>\n<p>Vyu\u017eite t\u00fato <strong>Waspe Vape 30000 FIHP 30K Puffs Jednorazov\u00fd vape Ve\u013ekoobchodn\u00e1 cena v Nemecku<\/strong> a prineste tento \u0161pi\u010dkov\u00fd produkt svojim z\u00e1kazn\u00edkom e\u0161te dnes!<\/p>\n<p>&nbsp;<\/p>\n<p><strong>Pridajte si Amy na WhatsApp a z\u00edskajte okam\u017eit\u00fa odpove\u010f a kup\u00f3n na vape!<\/strong><\/p>\n<p><img fetchpriority=\"high\" decoding=\"async\" class=\"size-full wp-image-2932\" src=\"https:\/\/vapestornado.com\/wp-content\/uploads\/2024\/12\/Vape-Wholesale.jpg\" alt=\"Ve\u013ekoobchod s vape\" width=\"229\" height=\"300\" \/><\/p>\n<h3><a href=\"https:\/\/wa.me\/8617776015835\" target=\"_blank\" rel=\"noopener\"><span style=\"color: #ff0000;\"><strong>WhatsApp: +86 17776015835<\/strong><\/span><\/a><\/h3>\n<p>&nbsp;<\/p>\n<h4><strong style=\"font-size: 1.7em;\">Vlastnosti produktu Waspe Vape 30000<\/strong><\/h4>\n<h4><\/h4>\n<ul>\n<li><strong>30000 \u0165ahov s du\u00e1lnymi re\u017eimami<\/strong>:<br \/>\nU\u017eite si a\u017e <strong>30 000 \u0165ahov<\/strong> v \u0161tandardnom re\u017eime pre dlhotrvaj\u00face sedenia, alebo prejdite do <strong>pulzn\u00e9ho re\u017eimu<\/strong> pre intenz\u00edvnej\u0161\u00ed z\u00e1\u017eitok, ktor\u00fd poskytuje 15 000 \u0165ahov. Ide\u00e1lne pre pou\u017e\u00edvate\u013eov, ktor\u00ed si cenia flexibilitu.<\/li>\n<li><strong>Viacer\u00e9 mo\u017enosti nikot\u00ednu<\/strong>:<br \/>\nPrisp\u00f4sobte si svoj z\u00e1\u017eitok z vapovania pomocou <strong>0%, 2% alebo 5% hlad\u00edn nikot\u00ednu<\/strong>, ktor\u00e9 uspokoja nad\u0161encov s n\u00edzkym obsahom nikot\u00ednu aj t\u00fdch, ktor\u00ed uprednost\u0148uj\u00fa silnej\u0161\u00ed hit.<\/li>\n<li><strong>Kapacita e-liquidu 28 ml<\/strong>:<br \/>\nToto zariadenie pojme ve\u013ekorys\u00fdch <strong>28 ml e-liquidu<\/strong>, \u010do zni\u017euje potrebu \u010dast\u00e9ho dop\u013a\u0148ania a zais\u0165uje dlh\u0161ie pou\u017e\u00edvanie.<\/li>\n<li><strong>Technol\u00f3gia du\u00e1lnej sie\u0165ovej cievky<\/strong>:<br \/>\nVybaven\u00e9 pokro\u010dil\u00fdmi <strong>1ohm + 1ohm du\u00e1lnymi sie\u0165ov\u00fdmi cievkami<\/strong>, Waspe 30K poskytuje jemnej\u0161iu paru a konzistentne bohat\u00fa chu\u0165.<\/li>\n<li><strong>Dob\u00edjate\u013en\u00e9 a efekt\u00edvne<\/strong>:<br \/>\nS <strong>850mAh dob\u00edjate\u013enou bat\u00e9riou<\/strong> s <strong>r\u00fdchleho nab\u00edjania typu C<\/strong>, tento vape zais\u0165uje, \u017ee zostanete v prev\u00e1dzke po cel\u00fd de\u0148 s minim\u00e1lnym \u010dasom prestoja.<\/li>\n<li><strong>LED displej pre \u013eahk\u00e9 monitorovanie<\/strong>:<br \/>\nVstavan\u00fd <strong>LED displej<\/strong> ukazuje po\u010det po\u0165ahov a v\u00fddr\u017e bat\u00e9rie v re\u00e1lnom \u010dase, \u010do v\u00e1m d\u00e1va pln\u00fa kontrolu nad va\u0161im vapovan\u00edm.<\/li>\n<li><strong>Nastavite\u013en\u00fd pr\u00edvod vzduchu pre prisp\u00f4sobenie<\/strong>:<br \/>\nS <strong>nastavite\u013en\u00e9ho pr\u00fadenia vzduchu<\/strong>, m\u00f4\u017eete upravi\u0165 intenzitu svojho \u0165ahu pre vapovanie presne na mieru.<\/li>\n<\/ul>\n<h2 class=\"product-title\"><strong>Zoznam pr\u00edchut\u00ed WASPE 30000<\/strong><\/h2>\n<p>1.Jahoda Mango<br \/>\n2.Zmes Bob\u00fa\u013e<br \/>\n3.Mel\u00f3n \u013dad<br \/>\n4.Jahoda Mel\u00f3n<br \/>\n5.Jahoda Red Bull<br \/>\n6.Kiwi Mu\u010denka Guava<br \/>\n7.Hrozno \u013dad<br \/>\n8.Dvojit\u00e9 Jablko \u013dad<br \/>\n9.\u010cu\u010doriedka Malina<br \/>\n10.Mel\u00f3n Mango \u013dad<br \/>\n11.\u010cu\u010doriedka \u013dad<br \/>\n12.Brosky\u0148a Bobule<br \/>\n13.Jahoda Kiwi<br \/>\n14.\u010cere\u0161\u0148ov\u00fd \u013ead<br \/>\n15.Jahodov\u00e1 supererupcia s \u010dere\u0161\u0148ou<br \/>\n16.Vodov\u00fd mel\u00f3n s bublinkovou \u017euva\u010dkou<\/p>\n<h3>Pre\u010do si vybra\u0165 vapestornado pre WASPE 30k Vape Ve\u013ekoobchod?<\/h3>\n<div class=\"flex-shrink-0 flex flex-col relative items-end\">\n<div class=\"pt-0\">\n<div class=\"gizmo-bot-avatar flex h-8 w-8 items-center justify-center overflow-hidden rounded-full\">\n<div class=\"relative p-1 rounded-sm flex items-center justify-center bg-token-main-surface-primary text-token-text-primary h-8 w-8\">\n<p>Vitajte vo vapestornado, va\u0161om d\u00f4veryhodnom online obchode s vape pre pr\u00e9miov\u00e9 jednorazov\u00e9 vapy. S viac ako 5-ro\u010dn\u00fdmi sk\u00fasenos\u0165ami v\u00e1m prin\u00e1\u0161ame popul\u00e1rne zna\u010dky jednorazov\u00fdch vape ako Fumot RandM Vape, Vapme, Bang Vape, Waspe Vape a WGA Vape, at\u010f.<\/p>\n<p>N\u00e1\u0161 sortiment zah\u0155\u0148a hor\u00face vapy ako napr\u00edklad <a href=\"https:\/\/vapestornado.com\/sk\/product\/fumot-randm-tornado-15000-puffs-rechargeable-disposable-vape-wholesale\/\">RandM Tornado 15000<\/a>, a v\u00fdber bohat\u00fd na pr\u00edchute ako napr\u00edklad <a href=\"https:\/\/vapestornado.com\/sk\/product\/waspe-40000-puffs-double-flavour-led-display-disposable-vape-wholesale\/\">WASPE Dvojit\u00e1 pr\u00edchu\u0165 40000 Puffs<\/a> . Ka\u017ed\u00fd produkt je vybran\u00fd s d\u00f4razom na kvalitu, hodnotu a rozmanitos\u0165, \u010do zaru\u010duje, \u017ee n\u00e1jdete to prav\u00e9 pre va\u0161e potreby. Objavte v\u00fdnimo\u010dn\u00e9 slu\u017eby a \u0161irok\u00fa \u0161k\u00e1lu \u0161pi\u010dkov\u00fdch produktov vo vapestornado.<\/p>\n<\/div>\n<h3><\/h3>\n<div class=\"relative p-1 rounded-sm flex items-center justify-center bg-token-main-surface-primary text-token-text-primary h-8 w-8\">\n<h3>\u010casto kladen\u00e9 ot\u00e1zky pre WASPE 40k Nab\u00edjate\u013en\u00fd jednorazov\u00fd vape<\/h3>\n<\/div>\n<\/div>\n<\/div>\n<\/div>\n<div class=\"group\/conversation-turn relative flex w-full min-w-0 flex-col agent-turn\">\n<div class=\"flex-col gap-1 md:gap-3\">\n<div class=\"flex max-w-full flex-col flex-grow\">\n<div class=\"min-h-8 text-message flex w-full flex-col items-end gap-2 whitespace-normal break-words [.text-message+&amp;]:mt-5\" dir=\"auto\" data-message-author-role=\"assistant\" data-message-id=\"db716a1c-9ed0-4b8d-b3b0-7bdb913c3d42\" data-message-model-slug=\"gpt-4o\">\n<div class=\"flex w-full flex-col gap-1 empty:hidden first:pt-[3px]\">\n<div class=\"markdown prose w-full break-words dark:prose-invert light\">\n<ul>\n<li><strong>Kde k\u00fapi\u0165 jednorazov\u00fd vape WASPE FIHP 30000 Puffs za ve\u013ekoobchodn\u00fa cenu na Slovensku?<\/strong><br \/>\nJednorazov\u00fd vape WASPE FIHP 30000 Puffs si m\u00f4\u017eete zak\u00fapi\u0165 za ve\u013ekoobchodn\u00e9 ceny na Slovensku prostredn\u00edctvom d\u00f4veryhodn\u00fdch <strong>ve\u013ekoobchodn\u00fdch dod\u00e1vate\u013eov vape<\/strong> alebo online ve\u013ekoobchodn\u00fdch platforiem, ako je vapestornado, ktor\u00e9 sa \u0161pecializuj\u00fa na produkty na vaping.<\/li>\n<li><strong>Ko\u013eko potiahnut\u00ed poskytuje WASPE FIHP 30k Puffs?<\/strong><br \/>\nWASPE FIHP 30K pon\u00faka <strong>30 000 \u0165ahov<\/strong> v norm\u00e1lnom re\u017eime, alebo <strong>15 000 potiahnut\u00ed<\/strong> v pulznom re\u017eime pre intenz\u00edvnej\u0161\u00ed z\u00e1\u017eitok z vapovania.<\/li>\n<li><strong>Ako dlho vydr\u017e\u00ed ob\u013e\u00faben\u00fd WASPE vape 30000 puffs Ultra jednorazov\u00fd vape box?<\/strong><br \/>\n\u017divotnos\u0165 zariadenia z\u00e1vis\u00ed od frekvencie pou\u017e\u00edvania. Pre miernych vaperov je <strong>30 000 \u0165ahov<\/strong> m\u00f4\u017ee vydr\u017ea\u0165 nieko\u013eko t\u00fd\u017ed\u0148ov, \u010do z neho rob\u00ed ide\u00e1lnu vo\u013ebu pre dlhodob\u00e9 pou\u017eitie.<\/li>\n<li><strong>Ak\u00e9 s\u00fa popul\u00e1rne pr\u00edchute pre WASPE 30000 digital box vape?<\/strong><br \/>\nWASPE 30000 digital box vape m\u00e1 <strong>dvojit\u00fd z\u00e1\u017eitok z pr\u00edchute<\/strong>, ktor\u00fd pon\u00faka rozmanit\u00e9 a uspokojiv\u00e9 kombin\u00e1cie. Popul\u00e1rne vo\u013eby sa l\u00ed\u0161ia, ale \u010dasto zah\u0155\u0148aj\u00fa ovocn\u00e9, m\u00e4tov\u00e9 a dezertn\u00e9 zmesi, ktor\u00e9 vyhovuj\u00fa r\u00f4znym preferenci\u00e1m.<\/li>\n<li><strong>Ako dlho trv\u00e1 nab\u00edjanie jednorazov\u00fdch vapiek WASPE FIHP 30k?<\/strong><br \/>\nAhoj! V tejto chv\u00edli ti neviem pom\u00f4c\u0165 s tvojou po\u017eiadavkou. M\u00f4\u017eem ti v\u0161ak pom\u00f4c\u0165 s prekladom akejko\u013evek tvojej po\u017eiadavky. Ak m\u00e1\u0161 z\u00e1ujem, r\u00e1d ti pom\u00f4\u017eem s \u010fal\u0161\u00edmi prekladmi. <strong>850mAh dob\u00edjate\u013enou bat\u00e9riou<\/strong> sa r\u00fdchlo nab\u00edja prostredn\u00edctvom <strong>nab\u00edjac\u00ed port Type-C<\/strong>, zvy\u010dajne to trv\u00e1 asi <strong>1 a\u017e 1,5 hodiny<\/strong> na \u00fapln\u00e9 nabitie.<\/li>\n<li><strong>Ko\u013eko nikot\u00ednu je v jednorazov\u00fdch vapoch WASPE 30000 s digit\u00e1lnou obrazovkou?<\/strong><br \/>\nWASPE 30000 pon\u00faka <strong>mo\u017enosti nikot\u00ednu 0 %, 2 % alebo 5 %<\/strong>, \u010do umo\u017e\u0148uje pou\u017e\u00edvate\u013eom vybra\u0165 si silu nikot\u00ednu, ktor\u00e1 najlep\u0161ie vyhovuje ich preferenci\u00e1m.<\/li>\n<\/ul>\n<\/div>\n<\/div>\n<\/div>\n<\/div>\n<\/div>\n<\/div>","protected":false},"excerpt":{"rendered":"<p>Jednorazov\u00fd vap WASPE FIHP 30000 Puffs s LED displejom<br \/>\nElektronick\u00e1 cigareta Waspe 30000 Puffs FIHP Vape 30k<br \/>\nWASPE Vape 30000 Puffs s du\u00e1lnou sie\u0165kou 0.1% 2% 5% nikot\u00edn<\/p>\n<p><strong>Pridajte si Amy na whatsapp a z\u00edskajte spr\u00e1vnu odpove\u010f a kup\u00f3n na vapy!<\/strong><\/p>\n<p><img fetchpriority=\"high\" decoding=\"async\" class=\"size-full wp-image-2932\" src=\"https:\/\/vapestornado.com\/wp-content\/uploads\/2024\/12\/Vape-Wholesale.jpg\" alt=\"Ve\u013ekoobchod s vape\" width=\"229\" height=\"300\" \/><\/p>\n<h3><a href=\"https:\/\/wa.me\/8617776015835\"><span style=\"color: #ff0000;\"><strong>WhatsApp: +86 17776015835<\/strong><\/span><\/a><\/h3>\n<p>&nbsp;<\/p>","protected":false},"featured_media":2977,"comment_status":"open","ping_status":"closed","template":"","meta":{"_acf_changed":false,"_uag_custom_page_level_css":"","_lmt_disableupdate":"no","_lmt_disable":"","_monsterinsights_skip_tracking":false,"_monsterinsights_sitenote_active":false,"_monsterinsights_sitenote_note":"","_monsterinsights_sitenote_category":0,"site-sidebar-layout":"default","site-content-layout":"","ast-site-content-layout":"default","site-content-style":"default","site-sidebar-style":"default","ast-global-header-display":"","ast-banner-title-visibility":"","ast-main-header-display":"","ast-hfb-above-header-display":"","ast-hfb-below-header-display":"","ast-hfb-mobile-header-display":"","site-post-title":"","ast-breadcrumbs-content":"","ast-featured-img":"","footer-sml-layout":"","ast-disable-related-posts":"","theme-transparent-header-meta":"default","adv-header-id-meta":"","stick-header-meta":"","header-above-stick-meta":"","header-main-stick-meta":"","header-below-stick-meta":"","astra-migrate-meta-layouts":"set","ast-page-background-enabled":"default","ast-page-background-meta":{"desktop":{"background-color":"","background-image":"","background-repeat":"repeat","background-position":"center center","background-size":"auto","background-attachment":"scroll","background-type":"","background-media":"","overlay-type":"","overlay-color":"","overlay-opacity":"","overlay-gradient":""},"tablet":{"background-color":"","background-image":"","background-repeat":"repeat","background-position":"center center","background-size":"auto","background-attachment":"scroll","background-type":"","background-media":"","overlay-type":"","overlay-color":"","overlay-opacity":"","overlay-gradient":""},"mobile":{"background-color":"","background-image":"","background-repeat":"repeat","background-position":"center center","background-size":"auto","background-attachment":"scroll","background-type":"","background-media":"","overlay-type":"","overlay-color":"","overlay-opacity":"","overlay-gradient":""}},"ast-content-background-meta":{"desktop":{"background-color":"var(--ast-global-color-5)","background-image":"","background-repeat":"repeat","background-position":"center center","background-size":"auto","background-attachment":"scroll","background-type":"","background-media":"","overlay-type":"","overlay-color":"","overlay-opacity":"","overlay-gradient":""},"tablet":{"background-color":"var(--ast-global-color-5)","background-image":"","background-repeat":"repeat","background-position":"center center","background-size":"auto","background-attachment":"scroll","background-type":"","background-media":"","overlay-type":"","overlay-color":"","overlay-opacity":"","overlay-gradient":""},"mobile":{"background-color":"var(--ast-global-color-5)","background-image":"","background-repeat":"repeat","background-position":"center center","background-size":"auto","background-attachment":"scroll","background-type":"","background-media":"","overlay-type":"","overlay-color":"","overlay-opacity":"","overlay-gradient":""}},"_joinchat":{"telephone":"+8617776015835"}},"product_brand":[],"product_cat":[67,152,157,158,142,146,60],"product_tag":[100,99,101],"class_list":{"0":"post-2980","1":"product","2":"type-product","3":"status-publish","4":"has-post-thumbnail","6":"product_cat-30000-puff","7":"product_cat-buy-disposable-vapes-in-cermany","8":"product_cat-buy-disposable-vapes-in-portugal","9":"product_cat-buy-disposable-vapes-in-spain","10":"product_cat-digital-box-disposable-vapes","11":"product_cat-rechargeable-disposable-vapes","12":"product_cat-waspe-fihp-vape","13":"product_tag-wasoe-vape","14":"product_tag-waspe-30000-puffs","15":"product_tag-waspe-30k","16":"desktop-align-left","17":"tablet-align-left","18":"mobile-align-left","20":"first","21":"instock","22":"sale","23":"shipping-taxable","24":"purchasable","25":"product-type-simple"},"acf":[],"uagb_featured_image_src":{"full":["https:\/\/vapestornado.com\/wp-content\/uploads\/2024\/12\/Waspe-FIHP-30000-30K-Puffs-Disposable-Vape.jpg",800,800,false],"thumbnail":["https:\/\/vapestornado.com\/wp-content\/uploads\/2024\/12\/Waspe-FIHP-30000-30K-Puffs-Disposable-Vape-150x150.jpg",150,150,true],"medium":["https:\/\/vapestornado.com\/wp-content\/uploads\/2024\/12\/Waspe-FIHP-30000-30K-Puffs-Disposable-Vape-300x300.jpg",300,300,true],"medium_large":["https:\/\/vapestornado.com\/wp-content\/uploads\/2024\/12\/Waspe-FIHP-30000-30K-Puffs-Disposable-Vape-768x768.jpg",768,768,true],"large":["https:\/\/vapestornado.com\/wp-content\/uploads\/2024\/12\/Waspe-FIHP-30000-30K-Puffs-Disposable-Vape.jpg",800,800,false],"1536x1536":["https:\/\/vapestornado.com\/wp-content\/uploads\/2024\/12\/Waspe-FIHP-30000-30K-Puffs-Disposable-Vape.jpg",800,800,false],"2048x2048":["https:\/\/vapestornado.com\/wp-content\/uploads\/2024\/12\/Waspe-FIHP-30000-30K-Puffs-Disposable-Vape.jpg",800,800,false],"trp-custom-language-flag":["https:\/\/vapestornado.com\/wp-content\/uploads\/2024\/12\/Waspe-FIHP-30000-30K-Puffs-Disposable-Vape.jpg",12,12,false],"woocommerce_thumbnail":["https:\/\/vapestornado.com\/wp-content\/uploads\/2024\/12\/Waspe-FIHP-30000-30K-Puffs-Disposable-Vape-300x300.jpg",300,300,true],"woocommerce_single":["https:\/\/vapestornado.com\/wp-content\/uploads\/2024\/12\/Waspe-FIHP-30000-30K-Puffs-Disposable-Vape-600x600.jpg",600,600,true],"woocommerce_gallery_thumbnail":["https:\/\/vapestornado.com\/wp-content\/uploads\/2024\/12\/Waspe-FIHP-30000-30K-Puffs-Disposable-Vape-100x100.jpg",100,100,true]},"uagb_author_info":{"display_name":"ESAMY","author_link":"https:\/\/vapestornado.com\/sk\/author\/"},"uagb_comment_info":0,"uagb_excerpt":"WASPE FIHP 30000 Puffs LED Display Disposable Vape Waspe 30000 Puffs FIHP Vape Electric Cigarette 30k WASPE Vape 30000 Puffs Dual Mesh 0% 2% 5% Nicotine Add Amy's whatsapp to get right reply and vape vape coupon! WhatsApp: +86 17776015835 &nbsp;","_links":{"self":[{"href":"https:\/\/vapestornado.com\/sk\/wp-json\/wp\/v2\/product\/2980","targetHints":{"allow":["GET"]}}],"collection":[{"href":"https:\/\/vapestornado.com\/sk\/wp-json\/wp\/v2\/product"}],"about":[{"href":"https:\/\/vapestornado.com\/sk\/wp-json\/wp\/v2\/types\/product"}],"replies":[{"embeddable":true,"href":"https:\/\/vapestornado.com\/sk\/wp-json\/wp\/v2\/comments?post=2980"}],"wp:featuredmedia":[{"embeddable":true,"href":"https:\/\/vapestornado.com\/sk\/wp-json\/wp\/v2\/media\/2977"}],"wp:attachment":[{"href":"https:\/\/vapestornado.com\/sk\/wp-json\/wp\/v2\/media?parent=2980"}],"wp:term":[{"taxonomy":"product_brand","embeddable":true,"href":"https:\/\/vapestornado.com\/sk\/wp-json\/wp\/v2\/product_brand?post=2980"},{"taxonomy":"product_cat","embeddable":true,"href":"https:\/\/vapestornado.com\/sk\/wp-json\/wp\/v2\/product_cat?post=2980"},{"taxonomy":"product_tag","embeddable":true,"href":"https:\/\/vapestornado.com\/sk\/wp-json\/wp\/v2\/product_tag?post=2980"}],"curies":[{"name":"wp","href":"https:\/\/api.w.org\/{rel}","templated":true}]}}