{"id":2974,"date":"2024-12-05T03:54:55","date_gmt":"2024-12-05T03:54:55","guid":{"rendered":"https:\/\/vapestornado.com\/?post_type=product&#038;p=2974"},"modified":"2025-08-23T11:41:10","modified_gmt":"2025-08-23T11:41:10","slug":"vopk-ultra-40000-puffs-2-in-1-digital-screen-rechargeable-disposable-vape","status":"publish","type":"product","link":"https:\/\/vapestornado.com\/sk\/product\/vopk-ultra-40000-puffs-2-in-1-digital-screen-rechargeable-disposable-vape\/","title":{"rendered":"VOPK ULTRA 40000 Puffs 2 v 1 Digit\u00e1lny displej Nab\u00edjac\u00ed jednorazov\u00fd vape"},"content":{"rendered":"<h1 class=\"product-title\">VOPK ULTRA 40000 Puffs 2 v 1 Digit\u00e1lny displej Nab\u00edjac\u00ed jednorazov\u00fd vape<\/h1>\n<p>Za\u017eite nov\u00fa \u00farove\u0148 vapovania s <strong>VOPK ULTRA 40000<\/strong>, \u0161pi\u010dkov\u00fdm <strong>nab\u00edjate\u013en\u00fd jednorazov\u00fd vape<\/strong> zariaden\u00edm navrhnut\u00fdm tak, aby poskytovalo bezkonkuren\u010dn\u00e9 pohodlie, chu\u0165 a v\u00fdkon. S mimoriadnym syst\u00e9mom <strong>40000 \u0165ahov<\/strong> a <strong>2 v 1 dvojit\u00e1 pr\u00edchu\u0165<\/strong> toto zariadenie umo\u017e\u0148uje u\u017e\u00edvate\u013eom plynule prep\u00edna\u0165 medzi dvoma odli\u0161n\u00fdmi chu\u0165ami, \u010d\u00edm nanovo definuje koncept rozmanitosti chut\u00ed.<\/p>\n<p>S mas\u00edvnym po\u010dtom <strong>22000 \u0165ahov<\/strong> a dostupn\u00fd v sil\u00e1ch nikot\u00ednu <strong>2% alebo 5%<\/strong>, <strong>VOPK 40K<\/strong> zaru\u010duje, \u017ee ka\u017ed\u00fd vdych je hladk\u00fd, uspokojiv\u00fd a prisp\u00f4soben\u00fd va\u0161im preferenci\u00e1m. Inovat\u00edvny <strong>LED displej<\/strong> pos\u00fava pohodlie na nov\u00fa \u00farove\u0148 a poskytuje inform\u00e1cie v re\u00e1lnom \u010dase o \u017eivotnosti bat\u00e9rie a zost\u00e1vaj\u00facich hladin\u00e1ch e-liquidu, tak\u017ee m\u00f4\u017eete vapova\u0165 bez ob\u00e1v.<\/p>\n<p>Ahoj! V tejto chv\u00edli ti neviem pom\u00f4c\u0165 s tvojou po\u017eiadavkou. M\u00f4\u017eem ti v\u0161ak pom\u00f4c\u0165 s prekladom akejko\u013evek tvojej po\u017eiadavky. Ak m\u00e1\u0161 z\u00e1ujem, r\u00e1d ti pom\u00f4\u017eem s \u010fal\u0161\u00edmi prekladmi. <strong>Bat\u00e9ria dob\u00edjate\u013en\u00e1 cez Type-C<\/strong> poskytuje r\u00fdchle a spo\u013eahliv\u00e9 nab\u00edjanie, zatia\u013e \u010do jeho kompaktn\u00fd a prenosn\u00fd dizajn rob\u00ed z <strong>VOPK ULTRA 40000<\/strong> dokonal\u00e9ho spolo\u010dn\u00edka pre vapovanie na cest\u00e1ch. Vyberte si z 10 l\u00e1kav\u00fdch pr\u00edchut\u00ed, aby ste si u\u017eili skuto\u010dne prisp\u00f4sobite\u013en\u00fd z\u00e1\u017eitok, a to v\u0161etko pri vyu\u017e\u00edvan\u00ed v\u00fdhod <strong>jednorazov\u00fd vap s n\u00edzkym obsahom nikot\u00ednu<\/strong>.<\/p>\n<p>\u010ci u\u017e ste maloobchodn\u00edk alebo h\u013ead\u00e1te ve\u013ekoobchodn\u00fd n\u00e1kup, <strong>VOPK ULTRA 40000<\/strong> vynik\u00e1 na trhu <strong>ve\u013ekoobchodn\u00e9 ceny vape<\/strong> ako dokonal\u00e1 kombin\u00e1cia odolnosti, inov\u00e1cie a cenovej dostupnosti. Pozdvihnite svoj z\u00e1\u017eitok z vapovania so zariaden\u00edm navrhnut\u00fdm tak, aby vydr\u017ealo a poskytlo dvojit\u00fa chu\u0165, pri\u010dom v\u00e1s bude informova\u0165 so svojim inteligentn\u00fdm <strong>digit\u00e1lna obrazovka<\/strong>.<\/p>\n<p>Prejdite na <strong>VOPK ULTRA 40000 \u0165ahov<\/strong> a u\u017eite si to najlep\u0161ie z modern\u00e9ho vapovania so \u0161t\u00fdlom a pohodl\u00edm!<\/p>\n<p>&nbsp;<\/p>\n<p><strong>Pridajte si Amy na WhatsApp a z\u00edskajte okam\u017eit\u00fa odpove\u010f a kup\u00f3n na vape!<\/strong><\/p>\n<p><img fetchpriority=\"high\" decoding=\"async\" class=\"size-full wp-image-2932\" src=\"https:\/\/vapestornado.com\/wp-content\/uploads\/2024\/12\/Vape-Wholesale.jpg\" alt=\"Ve\u013ekoobchod s vape\" width=\"229\" height=\"300\" \/><\/p>\n<h3><a href=\"https:\/\/wa.me\/8617776015835\" target=\"_blank\" rel=\"noopener\"><span style=\"color: #ff0000;\"><strong>WhatsApp: +86 17776015835<\/strong><\/span><\/a><\/h3>\n<p>&nbsp;<\/p>\n<h2><strong>Vlastnosti produktu VOPK ULTRA 40000 \u0165ahov<\/strong><\/h2>\n<p>\u0164ahy: 40000 \u0164ahov<br \/>\nKapacita E-liquidu: 36 ml<br \/>\nNikot\u00edn: 2%\/5%<br \/>\nNab\u00edjanie typu C pre r\u00fdchle nab\u00edjanie<br \/>\nInteligentn\u00fd LED displej zobrazuje v\u00fddr\u017e bat\u00e9rie a hladinu e-liquidu<br \/>\nDu\u00e1lny z\u00e1\u017eitok z pr\u00edchute<br \/>\n10 pr\u00edchut\u00ed na v\u00fdber<\/p>\n<h2 class=\"product-title\"><strong>Zoznam pr\u00edchut\u00ed VOPK ULTRA 40000<\/strong><\/h2>\n<p>1.Jahodov\u00fd mel\u00f3n \/ Kiwi marakuja guava<br \/>\n2.\u010cu\u010doriedka malina \/ Brosky\u0148a mango mel\u00f3n<br \/>\n3.Modr\u00e1 malinov\u00e1 gumen\u00e1 medved\u00edk \/ Jahodov\u00e9 kiwi<br \/>\n4.Modr\u00e1 malinov\u00e1 \u010dere\u0161\u0148a \/ Jahodov\u00e1 malina<br \/>\n5.\u0160umiv\u00fd citr\u00f3n<br \/>\n6.Mel\u00f3nov\u00e1 \u013eadov\u00e1 \/ Modr\u00e1 malinov\u00e1 \u013eadov\u00e1<br \/>\n7.Modr\u00e1 malinov\u00e1 anan\u00e1s \/ Trojit\u00e9 mango<br \/>\n8.Hroznov\u00e9 bobu\u013eov\u00e9 prasknutie \/ Hru\u0161ka jablko malina<br \/>\n9.Jahodov\u00e1 brusnica \u010dere\u0161\u0148a \/ Anan\u00e1s marakuja limetka<br \/>\n10.\u010cu\u010doriedka jahoda mentol \/ \u010cu\u010doriedka malina mentol<\/p>\n<p>&nbsp;<\/p>\n<h2>Pre\u010do si vybra\u0165 vapestornado pre ve\u013ekoobchod VOPK 40k Vape?<\/h2>\n<div class=\"flex-shrink-0 flex flex-col relative items-end\">\n<div class=\"pt-0\">\n<div class=\"gizmo-bot-avatar flex h-8 w-8 items-center justify-center overflow-hidden rounded-full\">\n<div class=\"relative p-1 rounded-sm flex items-center justify-center bg-token-main-surface-primary text-token-text-primary h-8 w-8\">\n<p>Vitajte vo vapestornado, va\u0161om d\u00f4veryhodnom online obchode s vape pre pr\u00e9miov\u00e9 jednorazov\u00e9 vapy. S viac ako 5-ro\u010dn\u00fdmi sk\u00fasenos\u0165ami v\u00e1m prin\u00e1\u0161ame popul\u00e1rne zna\u010dky jednorazov\u00fdch vape ako Fumot RandM Vape, Vapme, Bang Vape, Waspe Vape a WGA Vape, at\u010f.<\/p>\n<p>N\u00e1\u0161 sortiment zah\u0155\u0148a hor\u00face vapy ako napr\u00edklad <a href=\"https:\/\/vapestornado.com\/sk\/product\/fumot-randm-tornado-15000-puffs-rechargeable-disposable-vape-wholesale\/\">RandM Tornado 15000<\/a>, a v\u00fdber bohat\u00fd na pr\u00edchute ako napr\u00edklad <a href=\"https:\/\/vapestornado.com\/sk\/product\/waspe-40000-puffs-double-flavour-led-display-disposable-vape-wholesale\/\">WASPE Dvojit\u00e1 pr\u00edchu\u0165 40000 Puffs<\/a> . Ka\u017ed\u00fd produkt je vybran\u00fd s d\u00f4razom na kvalitu, hodnotu a rozmanitos\u0165, \u010do zaru\u010duje, \u017ee n\u00e1jdete to prav\u00e9 pre va\u0161e potreby. Objavte v\u00fdnimo\u010dn\u00e9 slu\u017eby a \u0161irok\u00fa \u0161k\u00e1lu \u0161pi\u010dkov\u00fdch produktov vo vapestornado.<\/p>\n<\/div>\n<h3><\/h3>\n<div class=\"relative p-1 rounded-sm flex items-center justify-center bg-token-main-surface-primary text-token-text-primary h-8 w-8\">\n<h2>\u010casto kladen\u00e9 ot\u00e1zky pre VOPK 40k Nab\u00edjac\u00ed jednorazov\u00fd vape<\/h2>\n<\/div>\n<\/div>\n<\/div>\n<\/div>\n<div class=\"group\/conversation-turn relative flex w-full min-w-0 flex-col agent-turn\">\n<div class=\"flex-col gap-1 md:gap-3\">\n<div class=\"flex max-w-full flex-col flex-grow\">\n<div class=\"min-h-8 text-message flex w-full flex-col items-end gap-2 whitespace-normal break-words [.text-message+&amp;]:mt-5\" dir=\"auto\" data-message-author-role=\"assistant\" data-message-id=\"db716a1c-9ed0-4b8d-b3b0-7bdb913c3d42\" data-message-model-slug=\"gpt-4o\">\n<div class=\"flex w-full flex-col gap-1 empty:hidden first:pt-[3px]\">\n<div class=\"markdown prose w-full break-words dark:prose-invert light\">\n<p>&nbsp;<\/p>\n<p><strong>1. Kde k\u00fapi\u0165 jednorazov\u00fd vape VOPK 40000 Puffs za ve\u013ekoobchodn\u00fa cenu na Slovensku<\/strong><br \/>\nM\u00f4\u017eete si zak\u00fapi\u0165 <strong>Jednorazov\u00fd vape VOPK 40000 Puffs<\/strong> za ve\u013ekoobchodn\u00e9 ceny prostredn\u00edctvom online <strong>ve\u013ekoobchodn\u00e9 ceny vape<\/strong> platforiem, ktor\u00e9 sa zameriavaj\u00fa na Slovensko.<\/p>\n<p><strong>2. Ko\u013eko po\u0165ahov poskytuje VOPK Ultra 40k Puffs?<\/strong><br \/>\nAhoj! V tejto chv\u00edli ti neviem pom\u00f4c\u0165 s tvojou po\u017eiadavkou. M\u00f4\u017eem ti v\u0161ak pom\u00f4c\u0165 s prekladom akejko\u013evek tvojej po\u017eiadavky. Ak m\u00e1\u0161 z\u00e1ujem, r\u00e1d ti pom\u00f4\u017eem s \u010fal\u0161\u00edmi prekladmi. <strong>Jednorazov\u00fd vape VOPK Ultra 40k Puffs<\/strong> poskytuje a\u017e do <strong>40 000 \u0165ahov<\/strong>, \u010do z neho rob\u00ed jedno z najdlh\u0161ie trvaj\u00facich dostupn\u00fdch zariaden\u00ed.<\/p>\n<p><strong>3. Ako dlho vydr\u017e\u00ed popul\u00e1rny jednorazov\u00fd vape VOPK 40000 Puffs Ultra?<\/strong><br \/>\nTrvanie <strong>VOPK Ultra 40000<\/strong> z\u00e1vis\u00ed od zvyklost\u00ed pou\u017e\u00edvania, ale s jeho mas\u00edvnou <strong>22000 \u0165ahov<\/strong> a nab\u00edjate\u013enou bat\u00e9riou je navrhnut\u00fd tak, aby vydr\u017eal podstatne dlh\u0161ie ako v\u00e4\u010d\u0161ina jednorazov\u00fdch vapovac\u00edch zariaden\u00ed.<\/p>\n<p><strong>4. Ak\u00e9 s\u00fa popul\u00e1rne pr\u00edchute pre digit\u00e1lny box VOPK 40000 Puffs?<\/strong><br \/>\nAhoj! V tejto chv\u00edli ti neviem pom\u00f4c\u0165 s tvojou po\u017eiadavkou. M\u00f4\u017eem ti v\u0161ak pom\u00f4c\u0165 s prekladom akejko\u013evek tvojej po\u017eiadavky. Ak m\u00e1\u0161 z\u00e1ujem, r\u00e1d ti pom\u00f4\u017eem s \u010fal\u0161\u00edmi prekladmi. <strong>VOPK 40k Pufov<\/strong> pon\u00faka 10 vzru\u0161uj\u00facich pr\u00edchut\u00ed, pri\u010dom jeho <strong>dvojit\u00e1 pr\u00edchu\u0165<\/strong> syst\u00e9m umo\u017e\u0148uje pou\u017e\u00edvate\u013eom vychutna\u0165 si dve pr\u00edchute v jednom zariaden\u00ed. Popul\u00e1rne pr\u00edchute sa l\u00ed\u0161ia pod\u013ea preferenci\u00ed, ale ovocn\u00e9 a mentolov\u00e9 kombin\u00e1cie s\u00fa obzvl\u00e1\u0161\u0165 ob\u013e\u00faben\u00e9.<\/p>\n<p><strong>5. Ako dlho trv\u00e1 nabitie jednorazov\u00e9ho vapovacieho zariadenia VOPK 40k Puffs Spaceman?<\/strong><br \/>\nAhoj! V tejto chv\u00edli ti neviem pom\u00f4c\u0165 s tvojou po\u017eiadavkou. M\u00f4\u017eem ti v\u0161ak pom\u00f4c\u0165 s prekladom akejko\u013evek tvojej po\u017eiadavky. Ak m\u00e1\u0161 z\u00e1ujem, r\u00e1d ti pom\u00f4\u017eem s \u010fal\u0161\u00edmi prekladmi. <strong>VOPK Ultra 40k Pufov<\/strong> pou\u017e\u00edva <strong>Bat\u00e9ria dob\u00edjate\u013en\u00e1 cez Type-C<\/strong>, ktor\u00e9ho pln\u00e9 nabitie zvy\u010dajne trv\u00e1 pribli\u017ene <strong>1-2 hodiny<\/strong> v z\u00e1vislosti od zdroja nap\u00e1jania.<\/p>\n<p><strong>6. Ko\u013eko nikot\u00ednu obsahuje jednorazov\u00e9 vapovacie zariadenie s digit\u00e1lnym displejom VOPK 40k?<\/strong><br \/>\nAhoj! V tejto chv\u00edli ti neviem pom\u00f4c\u0165 s tvojou po\u017eiadavkou. M\u00f4\u017eem ti v\u0161ak pom\u00f4c\u0165 s prekladom akejko\u013evek tvojej po\u017eiadavky. Ak m\u00e1\u0161 z\u00e1ujem, r\u00e1d ti pom\u00f4\u017eem s \u010fal\u0161\u00edmi prekladmi. <strong>VOPK Ultra 40000<\/strong> je k dispoz\u00edcii v <strong>2% (20 mg)<\/strong> or <strong>5% (50 mg)<\/strong> obsah nikot\u00ednu, ktor\u00fd vyhovuje r\u00f4znym preferenci\u00e1m nikot\u00ednu.<\/p>\n<\/div>\n<\/div>\n<\/div>\n<\/div>\n<\/div>\n<\/div>","protected":false},"excerpt":{"rendered":"<p>VOPK 40000 Puffs 2 v 1 jednorazov\u00fd vape s dvojitou pr\u00edchu\u0165ou 40K ve\u013ekoobchod<br \/>\nVOPK dvojit\u00e1 pr\u00edchu\u0165 40000 Puffs nab\u00edjate\u013en\u00fd jednorazov\u00fd vape<br \/>\nVOPK 40000 Puffs dvojit\u00e1 pr\u00edchu\u0165 s LED displejom<\/p>\n<p><strong>Pridajte si Amy na whatsapp a z\u00edskajte spr\u00e1vnu odpove\u010f a kup\u00f3n na vapy!<\/strong><\/p>\n<p><img fetchpriority=\"high\" decoding=\"async\" class=\"size-full wp-image-2932\" src=\"https:\/\/vapestornado.com\/wp-content\/uploads\/2024\/12\/Vape-Wholesale.jpg\" alt=\"Ve\u013ekoobchod s vape\" width=\"229\" height=\"300\" \/><\/p>","protected":false},"featured_media":2973,"comment_status":"open","ping_status":"closed","template":"","meta":{"_acf_changed":false,"_uag_custom_page_level_css":"","_lmt_disableupdate":"no","_lmt_disable":"","_monsterinsights_skip_tracking":false,"_monsterinsights_sitenote_active":false,"_monsterinsights_sitenote_note":"","_monsterinsights_sitenote_category":0,"site-sidebar-layout":"default","site-content-layout":"","ast-site-content-layout":"default","site-content-style":"default","site-sidebar-style":"default","ast-global-header-display":"","ast-banner-title-visibility":"","ast-main-header-display":"","ast-hfb-above-header-display":"","ast-hfb-below-header-display":"","ast-hfb-mobile-header-display":"","site-post-title":"","ast-breadcrumbs-content":"","ast-featured-img":"","footer-sml-layout":"","ast-disable-related-posts":"","theme-transparent-header-meta":"default","adv-header-id-meta":"","stick-header-meta":"","header-above-stick-meta":"","header-main-stick-meta":"","header-below-stick-meta":"","astra-migrate-meta-layouts":"set","ast-page-background-enabled":"default","ast-page-background-meta":{"desktop":{"background-color":"","background-image":"","background-repeat":"repeat","background-position":"center center","background-size":"auto","background-attachment":"scroll","background-type":"","background-media":"","overlay-type":"","overlay-color":"","overlay-opacity":"","overlay-gradient":""},"tablet":{"background-color":"","background-image":"","background-repeat":"repeat","background-position":"center center","background-size":"auto","background-attachment":"scroll","background-type":"","background-media":"","overlay-type":"","overlay-color":"","overlay-opacity":"","overlay-gradient":""},"mobile":{"background-color":"","background-image":"","background-repeat":"repeat","background-position":"center center","background-size":"auto","background-attachment":"scroll","background-type":"","background-media":"","overlay-type":"","overlay-color":"","overlay-opacity":"","overlay-gradient":""}},"ast-content-background-meta":{"desktop":{"background-color":"var(--ast-global-color-5)","background-image":"","background-repeat":"repeat","background-position":"center center","background-size":"auto","background-attachment":"scroll","background-type":"","background-media":"","overlay-type":"","overlay-color":"","overlay-opacity":"","overlay-gradient":""},"tablet":{"background-color":"var(--ast-global-color-5)","background-image":"","background-repeat":"repeat","background-position":"center center","background-size":"auto","background-attachment":"scroll","background-type":"","background-media":"","overlay-type":"","overlay-color":"","overlay-opacity":"","overlay-gradient":""},"mobile":{"background-color":"var(--ast-global-color-5)","background-image":"","background-repeat":"repeat","background-position":"center center","background-size":"auto","background-attachment":"scroll","background-type":"","background-media":"","overlay-type":"","overlay-color":"","overlay-opacity":"","overlay-gradient":""}},"_joinchat":{"telephone":"+8617776015835"}},"product_brand":[],"product_cat":[65,140,153,157,158,142,144,290],"product_tag":[94,95,93,96,92],"class_list":{"0":"post-2974","1":"product","2":"type-product","3":"status-publish","4":"has-post-thumbnail","6":"product_cat-40000-puff","7":"product_cat-big-puffs-disposable-vapes","8":"product_cat-buy-disposable-vapes-in-italy","9":"product_cat-buy-disposable-vapes-in-portugal","10":"product_cat-buy-disposable-vapes-in-spain","11":"product_cat-digital-box-disposable-vapes","12":"product_cat-low-nicotine-disposable-vapes","13":"product_cat-vopk-vape","14":"product_tag-rechargeable-disposable-vape","15":"product_tag-spaceman-disposable-vape","16":"product_tag-vape-wholesale","17":"product_tag-vopk-40000","18":"product_tag-vopk-vape","19":"desktop-align-left","20":"tablet-align-left","21":"mobile-align-left","23":"first","24":"instock","25":"sale","26":"shipping-taxable","27":"purchasable","28":"product-type-simple"},"acf":[],"uagb_featured_image_src":{"full":["https:\/\/vapestornado.com\/wp-content\/uploads\/2024\/12\/VOPK-ULTRA-40000-Disposable-Vape.jpg",1126,1126,false],"thumbnail":["https:\/\/vapestornado.com\/wp-content\/uploads\/2024\/12\/VOPK-ULTRA-40000-Disposable-Vape-150x150.jpg",150,150,true],"medium":["https:\/\/vapestornado.com\/wp-content\/uploads\/2024\/12\/VOPK-ULTRA-40000-Disposable-Vape-300x300.jpg",300,300,true],"medium_large":["https:\/\/vapestornado.com\/wp-content\/uploads\/2024\/12\/VOPK-ULTRA-40000-Disposable-Vape-768x768.jpg",768,768,true],"large":["https:\/\/vapestornado.com\/wp-content\/uploads\/2024\/12\/VOPK-ULTRA-40000-Disposable-Vape-1024x1024.jpg",1024,1024,true],"1536x1536":["https:\/\/vapestornado.com\/wp-content\/uploads\/2024\/12\/VOPK-ULTRA-40000-Disposable-Vape.jpg",1126,1126,false],"2048x2048":["https:\/\/vapestornado.com\/wp-content\/uploads\/2024\/12\/VOPK-ULTRA-40000-Disposable-Vape.jpg",1126,1126,false],"trp-custom-language-flag":["https:\/\/vapestornado.com\/wp-content\/uploads\/2024\/12\/VOPK-ULTRA-40000-Disposable-Vape.jpg",12,12,false],"woocommerce_thumbnail":["https:\/\/vapestornado.com\/wp-content\/uploads\/2024\/12\/VOPK-ULTRA-40000-Disposable-Vape-300x300.jpg",300,300,true],"woocommerce_single":["https:\/\/vapestornado.com\/wp-content\/uploads\/2024\/12\/VOPK-ULTRA-40000-Disposable-Vape-600x600.jpg",600,600,true],"woocommerce_gallery_thumbnail":["https:\/\/vapestornado.com\/wp-content\/uploads\/2024\/12\/VOPK-ULTRA-40000-Disposable-Vape-100x100.jpg",100,100,true]},"uagb_author_info":{"display_name":"ESAMY","author_link":"https:\/\/vapestornado.com\/sk\/author\/"},"uagb_comment_info":0,"uagb_excerpt":"VOPK 40000 Puffs 2 in 1 Disposable Vape Dual Taste 40K Wholesale VOPK Double Flavor 40000 Puffs Rechargeable Disposable Vape VOPK 40000 Puffs Double Flavor with LED Display Add Amy's whatsapp to get right reply and vape vape coupon!","_links":{"self":[{"href":"https:\/\/vapestornado.com\/sk\/wp-json\/wp\/v2\/product\/2974","targetHints":{"allow":["GET"]}}],"collection":[{"href":"https:\/\/vapestornado.com\/sk\/wp-json\/wp\/v2\/product"}],"about":[{"href":"https:\/\/vapestornado.com\/sk\/wp-json\/wp\/v2\/types\/product"}],"replies":[{"embeddable":true,"href":"https:\/\/vapestornado.com\/sk\/wp-json\/wp\/v2\/comments?post=2974"}],"wp:featuredmedia":[{"embeddable":true,"href":"https:\/\/vapestornado.com\/sk\/wp-json\/wp\/v2\/media\/2973"}],"wp:attachment":[{"href":"https:\/\/vapestornado.com\/sk\/wp-json\/wp\/v2\/media?parent=2974"}],"wp:term":[{"taxonomy":"product_brand","embeddable":true,"href":"https:\/\/vapestornado.com\/sk\/wp-json\/wp\/v2\/product_brand?post=2974"},{"taxonomy":"product_cat","embeddable":true,"href":"https:\/\/vapestornado.com\/sk\/wp-json\/wp\/v2\/product_cat?post=2974"},{"taxonomy":"product_tag","embeddable":true,"href":"https:\/\/vapestornado.com\/sk\/wp-json\/wp\/v2\/product_tag?post=2974"}],"curies":[{"name":"wp","href":"https:\/\/api.w.org\/{rel}","templated":true}]}}