{"id":2958,"date":"2024-12-05T08:16:37","date_gmt":"2024-12-05T08:16:37","guid":{"rendered":"https:\/\/vapestornado.com\/?post_type=product&#038;p=2958"},"modified":"2025-08-23T10:27:04","modified_gmt":"2025-08-23T10:27:04","slug":"randm-vape-tornado-15k-puffs-disposable-vapes-wholesale-price-2-5-nicotine","status":"publish","type":"product","link":"https:\/\/vapestornado.com\/sk\/product\/randm-vape-tornado-15k-puffs-disposable-vapes-wholesale-price-2-5-nicotine\/","title":{"rendered":"Randm Vape Tornado 15k \u0164ahov Jednorazov\u00e9 Vapes Ve\u013ekoobchodn\u00e1 Cena 2% 5% Nikot\u00edn"},"content":{"rendered":"<h1>Randm Vape Tornado 15k Puffs Jednorazov\u00e9 vapy \u2013 ve\u013ekoobchodn\u00e1 cena 2% 5% Nikot\u00edn<\/h1>\n<p>&nbsp;<\/p>\n<p data-start=\"206\" data-end=\"513\">Ahoj! V tejto chv\u00edli ti neviem pom\u00f4c\u0165 s tvojou po\u017eiadavkou. M\u00f4\u017eem ti v\u0161ak pom\u00f4c\u0165 s prekladom akejko\u013evek tvojej po\u017eiadavky. Ak m\u00e1\u0161 z\u00e1ujem, r\u00e1d ti pom\u00f4\u017eem s \u010fal\u0161\u00edmi prekladmi. <strong data-start=\"210\" data-end=\"247\">RandM Tornado 15K Jednorazov\u00e1 Vape<\/strong> je navrhnut\u00e1 tak, aby poskytovala maloobchodn\u00edkom a distrib\u00fatorom spo\u013eahliv\u00fa mo\u017enos\u0165 ve\u013ek\u00e9ho objemu pre ich reg\u00e1ly. Ka\u017ed\u00e1 jednotka je predplnen\u00e1 s <strong data-start=\"383\" data-end=\"403\">25ml e-liquidu<\/strong> a je nap\u00e1jan\u00e1 <strong data-start=\"425\" data-end=\"456\">850mAh dob\u00edjate\u013enou bat\u00e9riou<\/strong>, s v\u00fddr\u017eou a\u017e do <strong data-start=\"473\" data-end=\"489\">15 000 potiahnut\u00ed<\/strong> bez preru\u0161enia.<\/p>\n<p data-start=\"515\" data-end=\"845\">Navrhnut\u00e9 s <strong data-start=\"533\" data-end=\"553\">syst\u00e9mom mesh cievky<\/strong>, zariadenie poskytuje stabiln\u00fa produkciu pary a pln\u00fa chu\u0165. Pou\u017e\u00edvatelia m\u00f4\u017eu \u013eahko sledova\u0165 v\u00fdkon prostredn\u00edctvom <strong data-start=\"672\" data-end=\"691\">du\u00e1lnych indik\u00e1torov<\/strong> pre \u00farove\u0148 bat\u00e9rie aj kvapaliny. Jeho <strong data-start=\"732\" data-end=\"767\">mechanizmus aktiv\u00e1cie \u0165ahom<\/strong> zais\u0165uje jednoduch\u00e9 pou\u017e\u00edvanie bez tla\u010didiel, v\u010faka \u010domu je vhodn\u00fd pre ka\u017edodenn\u00fdch z\u00e1kazn\u00edkov.<\/p>\n<p data-start=\"847\" data-end=\"1119\">Ahoj! V tejto chv\u00edli ti neviem pom\u00f4c\u0165 s tvojou po\u017eiadavkou. M\u00f4\u017eem ti v\u0161ak pom\u00f4c\u0165 s prekladom akejko\u013evek tvojej po\u017eiadavky. Ak m\u00e1\u0161 z\u00e1ujem, r\u00e1d ti pom\u00f4\u017eem s \u010fal\u0161\u00edmi prekladmi. <strong data-start=\"851\" data-end=\"875\">r\u00fdchleho nab\u00edjania typu C<\/strong> port zni\u017euje prestoje medzi rel\u00e1ciami a \u013eahk\u00fd <strong data-start=\"936\" data-end=\"950\">103g r\u00e1m<\/strong> u\u013eah\u010duje pren\u00e1\u0161anie na cest\u00e1ch. S <strong data-start=\"990\" data-end=\"1022\">2% a 5% sil\u00e1ch nikot\u00ednu<\/strong>, <strong data-start=\"1028\" data-end=\"1041\">RandM 15K<\/strong> vyhovuje \u013eah\u0161\u00edm pou\u017e\u00edvate\u013eom aj t\u00fdm, ktor\u00ed uprednost\u0148uj\u00fa silnej\u0161\u00ed z\u00e1sah do hrdla.<\/p>\n<p data-start=\"1121\" data-end=\"1311\">Navrhnut\u00e9 s oh\u013eadom na ve\u013ekoobchod, the <strong data-start=\"1158\" data-end=\"1193\">RandM Tornado 15 000 \u0164ahov Vape<\/strong> vyva\u017euje kapacitu, pou\u017eite\u013enos\u0165 a konkurencieschopn\u00e9 hromadn\u00e9 ceny \u2013 \u010do z neho rob\u00ed inteligentn\u00fd doplnok do eur\u00f3pskych z\u00e1sob vape.<\/p>\n<p><img fetchpriority=\"high\" decoding=\"async\" class=\"size-medium wp-image-2951\" src=\"https:\/\/vapestornado.com\/wp-content\/uploads\/2024\/12\/Wholesale-Disposable-Vape-265x300.jpg\" alt=\"Ve\u013ekoobchodn\u00fd Jednorazov\u00fd Vape\" width=\"265\" height=\"300\" srcset=\"https:\/\/vapestornado.com\/wp-content\/uploads\/2024\/12\/Wholesale-Disposable-Vape-265x300.jpg 265w, https:\/\/vapestornado.com\/wp-content\/uploads\/2024\/12\/Wholesale-Disposable-Vape-768x871.jpg 768w, https:\/\/vapestornado.com\/wp-content\/uploads\/2024\/12\/Wholesale-Disposable-Vape-600x680.jpg 600w, https:\/\/vapestornado.com\/wp-content\/uploads\/2024\/12\/Wholesale-Disposable-Vape.jpg 823w\" sizes=\"(max-width: 265px) 100vw, 265px\" \/><\/p>\n<h6>Pre z\u013eavnen\u00fa cenu kontaktujte Mandy na WhatsApp<a href=\"https:\/\/wa.me\/8618077105796\" target=\"_blank\" rel=\"noopener\">+8618077105796<\/a><\/h6>\n<p>&nbsp;<\/p>\n<h2><strong>RandM Tornado Vape 15000 Puffs \u2013 Hlavn\u00e9 vlastnosti produktu<\/strong><\/h2>\n<ul>\n<li><strong>Pred\u013a\u017een\u00e9 pou\u017e\u00edvanie<\/strong>: Poskytuje p\u00f4sobiv\u00fdch 15 000 potiahnut\u00ed, \u010do zais\u0165uje dlhotrvaj\u00faci v\u00fdkon pre \u010dast\u00fdch pou\u017e\u00edvate\u013eov.<\/li>\n<li><strong>Inteligentn\u00e9 indik\u00e1tory<\/strong>: Vybaven\u00e9 indik\u00e1tormi \u00farovne bat\u00e9rie a e-liquidu, ktor\u00e9 poskytuj\u00fa aktu\u00e1lne inform\u00e1cie, aby sa predi\u0161lo neo\u010dak\u00e1van\u00fdm preru\u0161eniam.<\/li>\n<li><strong>Jednoduch\u00e1 obsluha<\/strong>: Aktivuje sa jednoduch\u00fdm vdychovan\u00edm, \u010d\u00edm eliminuje potrebu tla\u010didiel a pon\u00faka bezprobl\u00e9mov\u00fd z\u00e1\u017eitok z vapovania.<\/li>\n<li><strong>Jednoduch\u00e9 nab\u00edjanie<\/strong>: Poh\u00e1\u0148an\u00e9 850 mAh nab\u00edjate\u013enou bat\u00e9riou s nab\u00edjac\u00edm portom Type-C pre r\u00fdchle a efekt\u00edvne nab\u00edjanie.<\/li>\n<li><strong>Vynikaj\u00faci syst\u00e9m cievok<\/strong>: Vyu\u017e\u00edva pokro\u010dil\u00fa technol\u00f3giu mesh cievok pre konzistentn\u00e9, bohat\u00e9 chute a hust\u00e9 oblaky pary.<\/li>\n<li><strong>Pripraven\u00e9 na ve\u013ekoobchod<\/strong>: Balenie 200 kusov v kart\u00f3ne je vhodn\u00e9 pre ve\u013ekoobchodn\u00edkov a maloobchodn\u00fdch distrib\u00fatorov v Slovenskej republike.<\/li>\n<li><strong>Prenosn\u00e1 kon\u0161trukcia<\/strong>: S hmotnos\u0165ou len 103 g je tento \u013eahk\u00fd dizajn ide\u00e1lny pre \u017eivotn\u00fd \u0161t\u00fdl na cest\u00e1ch.<\/li>\n<\/ul>\n<p>&nbsp;<\/p>\n<h2><strong>RandM Tornado 15000 Puff \u2013 Podrobn\u00e9 popisy pr\u00edchut\u00ed<\/strong><\/h2>\n<p>1.Limon\u00e1da z modr\u00fdch mal\u00edn<br \/>\n2.Brosky\u0148ov\u00fd \u013ead<br \/>\n3.Kysl\u00e9 jablko<br \/>\n4. Mel\u00f3nov\u00fd \u013ead<br \/>\n5.\u010cu\u010doriedky na \u013eade<br \/>\n6. \u010cu\u010doriedka Malina<br \/>\n7.Anan\u00e1sov\u00fd \u013ead<br \/>\n8.\u010cere\u0161\u0148a<br \/>\n9. Jahoda s \u013eadom<br \/>\n10. Vimto<br \/>\n11.Hrozno \u013dad<br \/>\n12.Kolov\u00fd \u013ead<br \/>\n13. Jahoda Mel\u00f3n<br \/>\n14.Ru\u017eov\u00e1 limon\u00e1da<br \/>\n15.Zmie\u0161an\u00e9 bobule<br \/>\n16.Brosky\u0148a Mango<br \/>\n17.Dra\u010die ovocie<br \/>\n18.Jahodov\u00e9 hrozno<br \/>\n19.P\u00e1n Modr\u00fd<br \/>\n20.Svie\u017ei \u013ead<br \/>\n21.\u013dadov\u00fd nanuk<br \/>\n22.Jahoda Kiwi<br \/>\n23.Kiwi Marakuja Guava<br \/>\n24.Trojit\u00e9 bobu\u013eov\u00e9 ovocie<br \/>\n25.Bananov\u00fd \u013ead<br \/>\n26.Brosky\u0148a \u010du\u010doriedka cukr\u00edk<br \/>\n27.Jablko Brosky\u0148a Hru\u0161ka<br \/>\n28.Bobu\u013eov\u00e1 limon\u00e1da<br \/>\n29.Modr\u00e1 Malina \u010cere\u0161\u0148a<br \/>\n30.\u010cu\u010doriedkov\u00e1 \u017euva\u010dka<br \/>\n31.\u010cu\u010doriedka \u010cere\u0161\u0148a Brusnica<br \/>\n32.\u010cu\u010doriedka Gran\u00e1tov\u00e9 jablko<br \/>\n33.Modro-kysl\u00e1 malina<br \/>\n34.\u010cere\u0161\u0148ov\u00e1 Cola<br \/>\n35.Gumov\u00fd medved\u00edk<br \/>\n36.Citr\u00f3n<br \/>\n37.Mango na \u013eade<br \/>\n38.\u010cerven\u00e1 energia \u013ead<br \/>\n39.Jahoda Ban\u00e1n<br \/>\n40.Jahoda Red Bull<br \/>\n41.Jahodov\u00e1 mel\u00f3nov\u00e1 limon\u00e1da<br \/>\n42.\u013dadov\u00fd \u010daj Citr\u00f3nov\u00fd \u013ead<br \/>\n43.\u013dadov\u00fd \u010daj Brosky\u0148ov\u00fd \u013ead<br \/>\n44.\u0160umiv\u00e1 \u010dere\u0161\u0148a<br \/>\n45. Skittles<\/p>\n<h3><strong>Pre\u010do si vybra\u0165 RandM Tornado 15000 Puffs?<\/strong><\/h3>\n<ul>\n<li><strong>Bezkonkuren\u010dn\u00e1 \u017eivotnos\u0165<\/strong><br \/>\nU\u017eite si a\u017e 15 000 po\u0165ahov na jedno zariadenie, \u010do zais\u0165uje dlhodob\u00e9 pou\u017e\u00edvanie bez \u010dast\u00fdch v\u00fdmien \u2014 ide\u00e1lna vo\u013eba pre pravideln\u00fdch vaperov.<\/li>\n<li><strong>Pokro\u010dil\u00e1 technol\u00f3gia<\/strong><br \/>\nV\u010faka technol\u00f3gii mesh coil poskytuje RandM Tornado vynikaj\u00face chu\u0165ov\u00e9 profily a hust\u00e9 oblaky pary, \u010d\u00edm zvy\u0161uje v\u00e1\u0161 z\u00e1\u017eitok z vapovania.<\/li>\n<li><strong>Pohodlie na novej \u00farovni<\/strong><br \/>\nV\u010faka syst\u00e9mu aktiv\u00e1cie potiahnut\u00edm je vapovanie jednoduch\u00e9 ako vdychovanie \u2014 \u017eiadne tla\u010didl\u00e1, \u017eiadne probl\u00e9my, len jednoduch\u00fd p\u00f4\u017eitok.<\/li>\n<li><strong>Nab\u00edjate\u013en\u00e1 bat\u00e9ria<\/strong><br \/>\n850 mAh nab\u00edjate\u013en\u00e1 bat\u00e9ria spolu s nab\u00edjac\u00edm portom typu C umo\u017e\u0148uje r\u00fdchle dob\u00edjanie, tak\u017ee ste pripraven\u00ed vapova\u0165 kedyko\u013evek.<\/li>\n<li><strong>Monitorovanie v re\u00e1lnom \u010dase<\/strong><br \/>\nV\u010faka indik\u00e1torom bat\u00e9rie a e-liquidu m\u00f4\u017eete zosta\u0165 informovan\u00ed o stave v\u00e1\u0161ho zariadenia a vyhn\u00fa\u0165 sa ne\u010dakan\u00fdm preru\u0161eniam.<\/li>\n<\/ul>\n<h3><strong>N\u00e1kup RandM Tornado 15000 Puffs vo ve\u013ekom<\/strong><\/h3>\n<p><strong>Cenovo dostupn\u00e1 kvalita<\/strong><br \/>\nN\u00e1kup RandM Tornado 15000 Puffs vo ve\u013ekom je n\u00e1kladovo efekt\u00edvny sp\u00f4sob, ako si u\u017ei\u0165 vapovanie pr\u00e9miovej kvality za ni\u017e\u0161iu cenu na jednotku. T\u00e1to mo\u017enos\u0165 je ide\u00e1lna pre maloobchodn\u00edkov a individu\u00e1lnych kupuj\u00facich, ktor\u00ed h\u013eadaj\u00fa maxim\u00e1lnu hodnotu bez kompromisov v kvalite.<\/p>\n<p><strong>Kon\u0161tantn\u00e1 dostupnos\u0165<\/strong><br \/>\nUistite sa, \u017ee v\u00e1m nikdy ned\u00f4jde v\u00e1\u0161 ob\u013e\u00faben\u00fd jednorazov\u00fd vape v\u010faka n\u00e1kupom vo ve\u013ekom. \u010ci u\u017e ste maloobchodn\u00edk alebo v\u00e1\u0161niv\u00fd vaper, st\u00e1la z\u00e1soba t\u00fdchto zariaden\u00ed s dlhou \u017eivotnos\u0165ou zaru\u010duje nepreru\u0161ovan\u00fa spokojnos\u0165.<\/p>\n<p><strong>Ide\u00e1lne pre podniky<\/strong><br \/>\nMaloobchodn\u00edci a majitelia obchodov s vape m\u00f4\u017eu v\u00fdrazne profitova\u0165 zo zaradenia RandM Tornado 15000 do svojej ponuky. Jeho poves\u0165 v\u010faka vysok\u00e9mu v\u00fdkonu, nab\u00edjate\u013enej funkcionalite a p\u00f4sobiv\u00e9mu po\u010dtu po\u0165ahov z neho rob\u00ed najpred\u00e1vanej\u0161\u00ed produkt, ktor\u00fd pri\u0165ahuje \u0161irok\u00fa z\u00e1kazn\u00edcku z\u00e1klad\u0148u.<\/p>\n<p><strong>Prisp\u00f4sobite\u013en\u00fd v\u00fdber pr\u00edchut\u00ed<\/strong><br \/>\nV\u010faka \u0161irokej \u0161k\u00e1le pr\u00edchut\u00ed, od sladk\u00fdch a ovocn\u00fdch po klasick\u00e9 a mentolov\u00e9, m\u00f4\u017eu by\u0165 ve\u013ekoobchodn\u00e9 objedn\u00e1vky prisp\u00f4soben\u00e9 tak, aby obsahovali r\u00f4znorod\u00e9 mo\u017enosti, ktor\u00e9 uspokoja r\u00f4zne preferencie. T\u00e1to flexibilita zaru\u010duje, \u017ee ka\u017ed\u00fd z\u00e1kazn\u00edk n\u00e1jde svoj ide\u00e1lny z\u00e1\u017eitok z vapovania.<\/p>\n<h3><\/h3>\n<h3><strong>Pre\u010do si vybra\u0165 ve\u013ekoobchodn\u00fd n\u00e1kup vape RandM 15k puff od vapestornado?<\/strong><\/h3>\n<ul>\n<li><strong>V\u00fdhody ve\u013ekoobchodu<\/strong>: Ve\u013ek\u00e9 objedn\u00e1vky maj\u00fa z\u013eavnen\u00e9 ceny, \u010do z nich rob\u00ed inteligentn\u00fa vo\u013ebu pre podniky.<\/li>\n<li><strong>Ekologick\u00fd dizajn<\/strong>: Nab\u00edjate\u013en\u00e1 technol\u00f3gia zni\u017euje mno\u017estvo odpadu v porovnan\u00ed s jednorazov\u00fdmi zariadeniami.<\/li>\n<li><strong>Zv\u00fd\u0161en\u00e9 ziskov\u00e9 mar\u017ee<\/strong>: Maloobchodn\u00edci m\u00f4\u017eu \u0165a\u017ei\u0165 z popularity tohto produktu s vysok\u00fdm dopytom.<\/li>\n<\/ul>\n<h3><strong>Presk\u00famajte svet vapingu RandM<\/strong><\/h3>\n<p>Ponorte sa do rozsiahleho v\u00fdberu vzru\u0161uj\u00facich pr\u00edchut\u00ed, ako napr\u00edklad <strong>\u010cu\u010doriedkov\u00fd \u013ead<\/strong>, <strong>Mango Brosky\u0148a<\/strong>, <strong>Chladn\u00e1 m\u00e4ta<\/strong>, a \u010fal\u0161ie. Ka\u017ed\u00e1 pr\u00edchu\u0165 je vytvoren\u00e1 tak, aby poskytovala jedine\u010dn\u00fa a konzistentn\u00fa chu\u0165, v\u010faka \u010domu je ka\u017ed\u00fd \u0165ah tak\u00fd pr\u00edjemn\u00fd ako ten prv\u00fd. Objavte maxim\u00e1lnu spokojnos\u0165 s vapingom s RandM Tornado 15000 Puffs. Hromadn\u00e9 mo\u017enosti s\u00fa teraz k dispoz\u00edcii na <a href=\"https:\/\/vapestornado.com\/sk\/\"><strong>vapestornado<\/strong><\/a>, va\u0161om d\u00f4veryhodnom zdroji pr\u00e9miov\u00fdch jednorazov\u00fdch vapovac\u00edch zariaden\u00ed. Nakupujte e\u0161te dnes a posu\u0148te svoju cestu vapingu na vy\u0161\u0161iu \u00farove\u0148!<\/p>","protected":false},"excerpt":{"rendered":"<p>Ahoj! V tejto chv\u00edli ti neviem pom\u00f4c\u0165 s tvojou po\u017eiadavkou. M\u00f4\u017eem ti v\u0161ak pom\u00f4c\u0165 s prekladom akejko\u013evek tvojej po\u017eiadavky. Ak m\u00e1\u0161 z\u00e1ujem, r\u00e1d ti pom\u00f4\u017eem s \u010fal\u0161\u00edmi prekladmi. <strong data-start=\"1355\" data-end=\"1381\">RandM Tornado 15K Vaporiz\u00e9r<\/strong> pon\u00faka kapacitu 25 ml, 15 000 potiahnut\u00ed a du\u00e1lne indik\u00e1tory. \u013dahk\u00e1, nab\u00edjate\u013en\u00e1 mo\u017enos\u0165 prisp\u00f4soben\u00e1 pre <strong data-start=\"1487\" data-end=\"1523\">ve\u013ekoobchodn\u00e9 trhy s vape v Eur\u00f3pe<\/strong>.<\/p>\n<figure id=\"attachment_2951\" aria-describedby=\"caption-attachment-2951\" style=\"width: 265px\" class=\"wp-caption alignnone\"><img fetchpriority=\"high\" decoding=\"async\" class=\"size-medium wp-image-2951\" src=\"https:\/\/vapestornado.com\/wp-content\/uploads\/2024\/12\/Wholesale-Disposable-Vape-265x300.jpg\" alt=\"Ve\u013ekoobchodn\u00fd Jednorazov\u00fd Vape\" width=\"265\" height=\"300\" srcset=\"https:\/\/vapestornado.com\/wp-content\/uploads\/2024\/12\/Wholesale-Disposable-Vape-265x300.jpg 265w, https:\/\/vapestornado.com\/wp-content\/uploads\/2024\/12\/Wholesale-Disposable-Vape-768x871.jpg 768w, https:\/\/vapestornado.com\/wp-content\/uploads\/2024\/12\/Wholesale-Disposable-Vape-600x680.jpg 600w, https:\/\/vapestornado.com\/wp-content\/uploads\/2024\/12\/Wholesale-Disposable-Vape.jpg 823w\" sizes=\"(max-width: 265px) 100vw, 265px\" \/><figcaption id=\"caption-attachment-2951\" class=\"wp-caption-text\">Pre z\u013eavnen\u00fa cenu kontaktujte Mandy na WhatsApp<a href=\"https:\/\/wa.me\/8618077105796\">+8618077105796<\/a><\/figcaption><\/figure>\n<p>&nbsp;<\/p>","protected":false},"featured_media":2933,"comment_status":"open","ping_status":"closed","template":"","meta":{"_acf_changed":false,"_uag_custom_page_level_css":"","_lmt_disableupdate":"no","_lmt_disable":"","_monsterinsights_skip_tracking":false,"_monsterinsights_sitenote_active":false,"_monsterinsights_sitenote_note":"","_monsterinsights_sitenote_category":0,"site-sidebar-layout":"default","site-content-layout":"","ast-site-content-layout":"default","site-content-style":"default","site-sidebar-style":"default","ast-global-header-display":"","ast-banner-title-visibility":"","ast-main-header-display":"","ast-hfb-above-header-display":"","ast-hfb-below-header-display":"","ast-hfb-mobile-header-display":"","site-post-title":"","ast-breadcrumbs-content":"","ast-featured-img":"","footer-sml-layout":"","ast-disable-related-posts":"","theme-transparent-header-meta":"default","adv-header-id-meta":"","stick-header-meta":"","header-above-stick-meta":"","header-main-stick-meta":"","header-below-stick-meta":"","astra-migrate-meta-layouts":"set","ast-page-background-enabled":"default","ast-page-background-meta":{"desktop":{"background-color":"","background-image":"","background-repeat":"repeat","background-position":"center center","background-size":"auto","background-attachment":"scroll","background-type":"","background-media":"","overlay-type":"","overlay-color":"","overlay-opacity":"","overlay-gradient":""},"tablet":{"background-color":"","background-image":"","background-repeat":"repeat","background-position":"center center","background-size":"auto","background-attachment":"scroll","background-type":"","background-media":"","overlay-type":"","overlay-color":"","overlay-opacity":"","overlay-gradient":""},"mobile":{"background-color":"","background-image":"","background-repeat":"repeat","background-position":"center center","background-size":"auto","background-attachment":"scroll","background-type":"","background-media":"","overlay-type":"","overlay-color":"","overlay-opacity":"","overlay-gradient":""}},"ast-content-background-meta":{"desktop":{"background-color":"var(--ast-global-color-5)","background-image":"","background-repeat":"repeat","background-position":"center center","background-size":"auto","background-attachment":"scroll","background-type":"","background-media":"","overlay-type":"","overlay-color":"","overlay-opacity":"","overlay-gradient":""},"tablet":{"background-color":"var(--ast-global-color-5)","background-image":"","background-repeat":"repeat","background-position":"center center","background-size":"auto","background-attachment":"scroll","background-type":"","background-media":"","overlay-type":"","overlay-color":"","overlay-opacity":"","overlay-gradient":""},"mobile":{"background-color":"var(--ast-global-color-5)","background-image":"","background-repeat":"repeat","background-position":"center center","background-size":"auto","background-attachment":"scroll","background-type":"","background-media":"","overlay-type":"","overlay-color":"","overlay-opacity":"","overlay-gradient":""}},"_joinchat":{"telephone":"+8618077105796"}},"product_brand":[],"product_cat":[71,154,157,58,148],"product_tag":[97,80],"class_list":{"0":"post-2958","1":"product","2":"type-product","3":"status-publish","4":"has-post-thumbnail","6":"product_cat-15000-puff","7":"product_cat-buy-disposable-vapes-in-netherlands","8":"product_cat-buy-disposable-vapes-in-portugal","9":"product_cat-fumot-vape","10":"product_cat-tornado-disposable-vapes","11":"product_tag-hot-sale-disposable-vape","12":"product_tag-randm-15k","13":"desktop-align-left","14":"tablet-align-left","15":"mobile-align-left","17":"first","18":"instock","19":"sale","20":"shipping-taxable","21":"purchasable","22":"product-type-simple"},"acf":[],"uagb_featured_image_src":{"full":["https:\/\/vapestornado.com\/wp-content\/uploads\/2024\/12\/Discount-Price-Randm-Vape-Tornado-15000-Puffs-Apple-Peach-Pear.jpg",800,800,false],"thumbnail":["https:\/\/vapestornado.com\/wp-content\/uploads\/2024\/12\/Discount-Price-Randm-Vape-Tornado-15000-Puffs-Apple-Peach-Pear-150x150.jpg",150,150,true],"medium":["https:\/\/vapestornado.com\/wp-content\/uploads\/2024\/12\/Discount-Price-Randm-Vape-Tornado-15000-Puffs-Apple-Peach-Pear-300x300.jpg",300,300,true],"medium_large":["https:\/\/vapestornado.com\/wp-content\/uploads\/2024\/12\/Discount-Price-Randm-Vape-Tornado-15000-Puffs-Apple-Peach-Pear-768x768.jpg",768,768,true],"large":["https:\/\/vapestornado.com\/wp-content\/uploads\/2024\/12\/Discount-Price-Randm-Vape-Tornado-15000-Puffs-Apple-Peach-Pear.jpg",800,800,false],"1536x1536":["https:\/\/vapestornado.com\/wp-content\/uploads\/2024\/12\/Discount-Price-Randm-Vape-Tornado-15000-Puffs-Apple-Peach-Pear.jpg",800,800,false],"2048x2048":["https:\/\/vapestornado.com\/wp-content\/uploads\/2024\/12\/Discount-Price-Randm-Vape-Tornado-15000-Puffs-Apple-Peach-Pear.jpg",800,800,false],"trp-custom-language-flag":["https:\/\/vapestornado.com\/wp-content\/uploads\/2024\/12\/Discount-Price-Randm-Vape-Tornado-15000-Puffs-Apple-Peach-Pear.jpg",12,12,false],"woocommerce_thumbnail":["https:\/\/vapestornado.com\/wp-content\/uploads\/2024\/12\/Discount-Price-Randm-Vape-Tornado-15000-Puffs-Apple-Peach-Pear-300x300.jpg",300,300,true],"woocommerce_single":["https:\/\/vapestornado.com\/wp-content\/uploads\/2024\/12\/Discount-Price-Randm-Vape-Tornado-15000-Puffs-Apple-Peach-Pear-600x600.jpg",600,600,true],"woocommerce_gallery_thumbnail":["https:\/\/vapestornado.com\/wp-content\/uploads\/2024\/12\/Discount-Price-Randm-Vape-Tornado-15000-Puffs-Apple-Peach-Pear-100x100.jpg",100,100,true]},"uagb_author_info":{"display_name":"ESMANDY","author_link":"https:\/\/vapestornado.com\/sk\/author\/"},"uagb_comment_info":0,"uagb_excerpt":"The RandM Tornado 15K Vape offers 25ml capacity, 15,000 puffs, and dual indicators. A lightweight, rechargeable option tailored for wholesale vape markets in Europe. [caption id=\"attachment_2951\" align=\"alignnone\" width=\"265\"] Pls Contact Mandy's WhatsApp For Discount Price+8618077105796[\/caption] &nbsp;","_links":{"self":[{"href":"https:\/\/vapestornado.com\/sk\/wp-json\/wp\/v2\/product\/2958","targetHints":{"allow":["GET"]}}],"collection":[{"href":"https:\/\/vapestornado.com\/sk\/wp-json\/wp\/v2\/product"}],"about":[{"href":"https:\/\/vapestornado.com\/sk\/wp-json\/wp\/v2\/types\/product"}],"replies":[{"embeddable":true,"href":"https:\/\/vapestornado.com\/sk\/wp-json\/wp\/v2\/comments?post=2958"}],"wp:featuredmedia":[{"embeddable":true,"href":"https:\/\/vapestornado.com\/sk\/wp-json\/wp\/v2\/media\/2933"}],"wp:attachment":[{"href":"https:\/\/vapestornado.com\/sk\/wp-json\/wp\/v2\/media?parent=2958"}],"wp:term":[{"taxonomy":"product_brand","embeddable":true,"href":"https:\/\/vapestornado.com\/sk\/wp-json\/wp\/v2\/product_brand?post=2958"},{"taxonomy":"product_cat","embeddable":true,"href":"https:\/\/vapestornado.com\/sk\/wp-json\/wp\/v2\/product_cat?post=2958"},{"taxonomy":"product_tag","embeddable":true,"href":"https:\/\/vapestornado.com\/sk\/wp-json\/wp\/v2\/product_tag?post=2958"}],"curies":[{"name":"wp","href":"https:\/\/api.w.org\/{rel}","templated":true}]}}