{"id":2926,"date":"2024-12-03T08:03:07","date_gmt":"2024-12-03T08:03:07","guid":{"rendered":"https:\/\/vapestornado.com\/?post_type=product&#038;p=2926"},"modified":"2025-08-23T10:05:34","modified_gmt":"2025-08-23T10:05:34","slug":"fumot-digital-box-12000-puffs-cheap-price-disposable-vape","status":"publish","type":"product","link":"https:\/\/vapestornado.com\/sk\/product\/fumot-digital-box-12000-puffs-cheap-price-disposable-vape\/","title":{"rendered":"Fumot Digital Box 12000 Puffs Lacn\u00e1 cena Jednorazov\u00e1 Vape"},"content":{"rendered":"<h1>Fumot Digital Box 12000 Puffs Lacn\u00e1 cena Jednorazov\u00e1 Vape<\/h1>\n<p>&nbsp;<\/p>\n<p data-start=\"298\" data-end=\"609\">Ahoj! V tejto chv\u00edli ti neviem pom\u00f4c\u0165 s tvojou po\u017eiadavkou. M\u00f4\u017eem ti v\u0161ak pom\u00f4c\u0165 s prekladom akejko\u013evek tvojej po\u017eiadavky. Ak m\u00e1\u0161 z\u00e1ujem, r\u00e1d ti pom\u00f4\u017eem s \u010fal\u0161\u00edmi prekladmi. <strong data-start=\"302\" data-end=\"351\">Fumot Digital Box 12000 Puffs Jednorazov\u00fd vape<\/strong> pon\u00faka dlhotrvaj\u00faci v\u00fdkon a siln\u00fa ve\u013ekoobchodn\u00fa pr\u00ed\u0165a\u017elivos\u0165. S <strong data-start=\"420\" data-end=\"453\">20 ml predplnenou n\u00e1dr\u017ekou na e-liquid<\/strong> a a\u017e <strong data-start=\"464\" data-end=\"491\">12 000 potiahnut\u00ed na jedno zariadenie<\/strong>, poskytuje pred\u013a\u017een\u00e9 pou\u017e\u00edvanie a konzistentn\u00fa chu\u0165, \u010do z neho rob\u00ed atrakt\u00edvnu vo\u013ebu pre maloobchodn\u00edkov aj hromadn\u00fdch kupuj\u00facich.<\/p>\n<p data-start=\"611\" data-end=\"868\">Poh\u00e1\u0148an\u00fd <strong data-start=\"624\" data-end=\"655\">550mAh nab\u00edjate\u013en\u00e1 bat\u00e9ria<\/strong> s <strong data-start=\"661\" data-end=\"685\">r\u00fdchleho nab\u00edjania typu C<\/strong>, t\u00e1to vape minimalizuje prestoje a z\u00e1rove\u0148 poskytuje spo\u013eahliv\u00fd v\u00fdkon. Jeho <strong data-start=\"759\" data-end=\"789\">nastavite\u013enej regul\u00e1cie pr\u00fadenia vzduchu<\/strong> umo\u017e\u0148uje z\u00e1kazn\u00edkom prisp\u00f4sobi\u0165 si v\u00fdstup pary, \u010do oslovuje \u0161irok\u00fa \u0161k\u00e1lu pou\u017e\u00edvate\u013eov.<\/p>\n<p data-start=\"870\" data-end=\"1111\">Jedine\u010dn\u00e1 vlastnos\u0165 <strong data-start=\"894\" data-end=\"919\">Fumot 12K Digit\u00e1lna Krabica<\/strong> je <strong data-start=\"927\" data-end=\"943\">6 RGB svetiel<\/strong>, ktor\u00e9 sa aktivuj\u00fa po\u010das pou\u017e\u00edvania, aby pridali vizu\u00e1lnu pr\u00ed\u0165a\u017elivos\u0165 \u2013 popul\u00e1rne medzi mlad\u0161\u00edmi eur\u00f3pskymi spotrebite\u013emi. Kompaktn\u00fd, odoln\u00fd a \u013eahko prenosn\u00fd, vhodn\u00fd na ka\u017edodenn\u00e9 aj spolo\u010densk\u00e9 pou\u017eitie.<\/p>\n<p data-start=\"1113\" data-end=\"1315\">V\u010faka rovnov\u00e1he vysokej kapacity \u0165ahov, prisp\u00f4sobite\u013en\u00fdm funkci\u00e1m a <strong data-start=\"1180\" data-end=\"1213\">konkuren\u010dn\u00e9 ve\u013ekoobchodn\u00e9 ceny<\/strong>, <strong data-start=\"1219\" data-end=\"1246\">Fumot Digit\u00e1lna Krabica 12000<\/strong> je inteligentn\u00fd doplnok pre vape obchody a distrib\u00fatorov v celej Eur\u00f3pe.<\/p>\n<p><img fetchpriority=\"high\" decoding=\"async\" class=\"size-medium wp-image-2951\" src=\"https:\/\/vapestornado.com\/wp-content\/uploads\/2024\/12\/Wholesale-Disposable-Vape-265x300.jpg\" alt=\"Ve\u013ekoobchodn\u00fd Jednorazov\u00fd Vape\" width=\"265\" height=\"300\" srcset=\"https:\/\/vapestornado.com\/wp-content\/uploads\/2024\/12\/Wholesale-Disposable-Vape-265x300.jpg 265w, https:\/\/vapestornado.com\/wp-content\/uploads\/2024\/12\/Wholesale-Disposable-Vape-768x871.jpg 768w, https:\/\/vapestornado.com\/wp-content\/uploads\/2024\/12\/Wholesale-Disposable-Vape-600x680.jpg 600w, https:\/\/vapestornado.com\/wp-content\/uploads\/2024\/12\/Wholesale-Disposable-Vape.jpg 823w\" sizes=\"(max-width: 265px) 100vw, 265px\" \/><\/p>\n<h6>Pre z\u013eavnen\u00fa cenu kontaktujte Mandy na WhatsApp<a href=\"https:\/\/wa.me\/8618077105796\" target=\"_blank\" rel=\"noopener\">+8618077105796<\/a><\/h6>\n<p>&nbsp;<\/p>\n<h3>Vlastnosti produktu<\/h3>\n<ul>\n<li><strong>20 ml e-liquidom<\/strong>: Poskytuje v\u00fdnimo\u010dn\u00fa chu\u0165 a a\u017e 12 000 potiahnut\u00ed.<\/li>\n<li><strong>550mAh nab\u00edjate\u013en\u00e1 bat\u00e9ria<\/strong>: Zais\u0165uje dlhotrvaj\u00facu energiu s r\u00fdchlym nab\u00edjan\u00edm typu C.<\/li>\n<li><strong>6 RGB svetiel<\/strong>: Vylep\u0161uje v\u00e1\u0161 z\u00e1\u017eitok z vapovania chladnou a \u0161t\u00fdlovou \u017eiarou.<\/li>\n<li><strong>Prep\u00edna\u010d na regul\u00e1ciu pr\u00fadenia vzduchu<\/strong>: Upravte intenzitu pary pod\u013ea svojich preferenci\u00ed bez n\u00e1mahy.<\/li>\n<li><strong>Kompaktn\u00fd a odoln\u00fd<\/strong>: Ide\u00e1lne na pou\u017eitie na cest\u00e1ch s elegantn\u00fdm, \u0161pi\u010dkov\u00fdm dizajnom.<\/li>\n<\/ul>\n<h4><strong>Pr\u00edchute Fumot 12000<\/strong><\/h4>\n<p>1 Chladiv\u00e1 m\u00e4ta<br \/>\n2 Vodn\u00fd mel\u00f3n \u013ead<br \/>\n3 Hroznov\u00fd \u013ead<br \/>\n4 \u010cu\u010doriedka Malina<br \/>\n5 Jahoda Vodn\u00fd mel\u00f3n<br \/>\n6 Jahoda Ban\u00e1n<br \/>\n7 Svie\u017ei \u013ead<br \/>\n8 \u010cere\u0161\u0148a<br \/>\n9 Jahodov\u00fd \u013ead<br \/>\n10 \u013dadov\u00e1 l\u00edzanka<br \/>\n11 Ru\u017eov\u00e1 limon\u00e1da<br \/>\n12 Mango \u013eadov\u00e9<br \/>\n13 Zmie\u0161an\u00e9 bobule<br \/>\n14 Jahodov\u00e1 \u0161i\u0161ka<br \/>\n15 Jahodov\u00e9 hrozno<br \/>\n16 \u010cere\u0161\u0148ov\u00e1 kola<br \/>\n17 Dr. modr\u00fd<br \/>\n18 \u010cu\u010doriedky \u013eadov\u00e9<br \/>\n19 Kiwi mu\u010denka guava<br \/>\n20 Jahodov\u00e9 kiwi<br \/>\n21 Brosky\u0148ov\u00e9 mango<br \/>\n22 Brosky\u0148ov\u00fd \u013ead<br \/>\n23 \u010cerven\u00e9 jablko \u013ead<br \/>\n24 \u010cu\u010doriedkov\u00e1 \u017euva\u010dka<br \/>\n25 Bobu\u013eov\u00e1 limon\u00e1da<br \/>\n26 Modr\u00e1 malinov\u00e1 limon\u00e1da<br \/>\n27 Modr\u00e1 kysl\u00e1 malina<br \/>\n28 Jahodov\u00fd Red bull<br \/>\n29 Jablkovo-bobu\u013eov\u00e1 expl\u00f3zia<br \/>\n30 Vodn\u00e1 mel\u00f3nov\u00e1 \u017euva\u010dka<br \/>\n31 Malina vodn\u00fd mel\u00f3n<br \/>\n32 \u010cierny \u013ead<br \/>\n33 \u010cu\u010doriedka \u010dere\u0161\u0148a brusnica<br \/>\n34 Jahodov\u00e9 jablko (gran\u00e1tov\u00e9 jablko)<br \/>\n35 Vimto<br \/>\n36 \u010cere\u0161\u0148ov\u00e9 bobule<br \/>\n37 Citr\u00f3n<br \/>\n38 Bingo Crush<br \/>\n39 \u010cu\u010doriedka kiwi<br \/>\n40 Jablkov\u00e1 \u0161korica<\/p>\n<p>&nbsp;<\/p>\n<h3>\u010casto kladen\u00e9 ot\u00e1zky o jednorazovej e-cigarete Fumot Digital Box 12000 Puffs<\/h3>\n<p><strong>Ot\u00e1zka: S\u00fa e-cigarety Fumot vysoko kvalitn\u00e9?<\/strong><br \/>\n<strong>A:<\/strong> \u00c1no, e-cigarety Fumot s\u00fa zn\u00e1me svojou prvotriednou kvalitou a v\u00fdnimo\u010dn\u00fdm v\u00fdkonom. S\u00fa vybaven\u00e9 pokro\u010dilou technol\u00f3giou, ktor\u00e1 poskytuje konzistentn\u00fa chu\u0165, uspokojuj\u00faci z\u00e1\u017eitok z vapovania a p\u00f4sobiv\u00fd po\u010det potiahnut\u00ed, \u010do z nich rob\u00ed spo\u013eahliv\u00fa vo\u013ebu pre nad\u0161encov vapovania.<\/p>\n<p><strong>Ot\u00e1zka: Ako dlho vydr\u017e\u00ed e-cigareta RandM s 12 000 potiahnutiami?<\/strong><br \/>\n<strong>A:<\/strong> Trvanie z\u00e1vis\u00ed od individu\u00e1lnych n\u00e1vykov pou\u017e\u00edvania. N\u00e1ru\u017eiv\u00fdm pou\u017e\u00edvate\u013eom m\u00f4\u017ee vydr\u017ea\u0165 nieko\u013eko t\u00fd\u017ed\u0148ov, zatia\u013e \u010do mierni pou\u017e\u00edvatelia ju m\u00f4\u017eu pova\u017eova\u0165 za posta\u010duj\u00facu na jeden a\u017e dva mesiace. Mierni pou\u017e\u00edvatelia si m\u00f4\u017eu svoje zariadenie potenci\u00e1lne u\u017e\u00edva\u0165 a\u017e tri mesiace, \u010do ho rob\u00ed ide\u00e1lnym pre t\u00fdch, ktor\u00ed uprednost\u0148uj\u00fa dlhotrvaj\u00facu mo\u017enos\u0165 vapovania bez \u010dast\u00fdch v\u00fdmen.<\/p>\n<p><strong>Ot\u00e1zka: Ak\u00e1 je cena 12 000 potiahnut\u00ed e-cigarety Fumot?<\/strong><br \/>\n<strong>A:<\/strong> Cena 12 000-potiahnut\u00ed e-cigarety sa l\u00ed\u0161i v z\u00e1vislosti od zna\u010dky, vlastnost\u00ed a predajcu. Typicky sa v Slovenskej republike pohybuje medzi 15 a 30 EUR. Sez\u00f3nne z\u013eavy, dostupnos\u0165 a vari\u00e1cie modelu m\u00f4\u017eu tie\u017e ovplyvni\u0165 cenu.<\/p>\n<p><strong>Q: Ko\u013eko nikot\u00ednu je vo vape s 12 000 \u0165ahmi?<\/strong><br \/>\n<strong>A:<\/strong> Fumot Digital Box pon\u00faka viacero mo\u017enost\u00ed sily nikot\u00ednu, vr\u00e1tane 0%, 2%, 3% a 5%. T\u00e1to rozmanitos\u0165 umo\u017e\u0148uje pou\u017e\u00edvate\u013eom vybra\u0165 si \u00farove\u0148, ktor\u00e1 zodpoved\u00e1 ich preferenci\u00e1m a zvyklostiam s vapovan\u00edm.<\/p>\n<p><strong>Q: Ako dlho trv\u00e1 nab\u00edjanie Fumot vape?<\/strong><br \/>\n<strong>A:<\/strong> \u010cas nab\u00edjania Fumot vape je pribli\u017ene 1 a\u017e 2 hodiny, v z\u00e1vislosti od kapacity bat\u00e9rie a typu nab\u00edja\u010dky zariadenia. Funkcia r\u00fdchleho nab\u00edjania zais\u0165uje minim\u00e1lne prestoje, tak\u017ee pou\u017e\u00edvatelia m\u00f4\u017eu r\u00fdchlo pokra\u010dova\u0165 vo vapovan\u00ed.<\/p>\n<p>&nbsp;<\/p>\n<h3>D\u00f4vody, pre\u010do si vybra\u0165 ve\u013ekoobchodn\u00fa cenu <a href=\"https:\/\/vapestornado.com\/sk\/product\/fumot-digital-box-12000-puffs-cheap-price-disposable-vape\/\">Fumot Digital Box 12000 \u0165ahov<\/a> Jednorazov\u00e1 vape za <a href=\"https:\/\/vapestornado.com\/sk\/store\/\">vapestornado<\/a><\/h3>\n<ol>\n<li><strong>Vysok\u00fd po\u010det \u0165ahov pre dlh\u00fa \u017eivotnos\u0165<\/strong><br \/>\nS p\u00f4sobivou kapacitou 12 000 \u0165ahov toto zariadenie zais\u0165uje dlhodob\u00e9 pou\u017e\u00edvanie, ide\u00e1lne pre t\u00fdch, ktor\u00ed h\u013eadaj\u00fa dlhotrvaj\u00facu vape bez \u010dast\u00fdch v\u00fdmen.<\/li>\n<li><strong>Prisp\u00f4sobite\u013en\u00e9 mo\u017enosti nikot\u00ednu<\/strong><br \/>\nFumot Digital Box je k dispoz\u00edcii v sil\u00e1ch nikot\u00ednu 0%, 2%, 3% a 5%, a preto vyhovuje \u0161irokej \u0161k\u00e1le preferenci\u00ed, \u010di u\u017e h\u013ead\u00e1te z\u00e1\u017eitok bez nikot\u00ednu alebo silnej\u0161\u00ed.<\/li>\n<li><strong>Kompaktn\u00fd dizajn s pokro\u010dil\u00fdmi funkciami<\/strong><br \/>\nElegantn\u00fd, \u013eahk\u00fd dizajn je sp\u00e1rovan\u00fd s modern\u00fdmi funkciami, ako je regul\u00e1cia pr\u00fadenia vzduchu a 6 RGB svetiel, \u010do poskytuje funk\u010dnos\u0165 aj \u0161t\u00fdl.<\/li>\n<li><strong>Pohodln\u00e1 nab\u00edjate\u013en\u00e1 bat\u00e9ria<\/strong><br \/>\nJe vybaven\u00e1 550mAh nab\u00edjate\u013enou bat\u00e9riou a nab\u00edjac\u00edm portom typu C, pon\u00faka r\u00fdchle nab\u00edjanie, \u010d\u00edm sa minimalizuj\u00fa prestoje.<\/li>\n<li><strong>Dostupn\u00e9 ceny<\/strong><br \/>\nFumot Digital Box, ktor\u00fd pon\u00faka pr\u00e9miov\u00e9 funkcie za konkurencieschopn\u00fa cenu, prin\u00e1\u0161a vynikaj\u00facu hodnotu pre t\u00fdch, ktor\u00ed h\u013eadaj\u00fa cenovo v\u00fdhodn\u00e9 a vysokov\u00fdkonn\u00e9 rie\u0161enie na vapovanie.<\/li>\n<\/ol>","protected":false},"excerpt":{"rendered":"<p>Objavte bezkonkuren\u010dn\u00e9 ponuky na jednorazov\u00fa nab\u00edjate\u013en\u00fa e-cigaretu Fumot Digital Box 12000 potiahnut\u00ed. Kontaktujte n\u00e1s e\u0161te dnes a zabezpe\u010dte si \u0161peci\u00e1lnu z\u013eavu!<strong>(Minim\u00e1lny odber je 50 ks)<\/strong><\/p>\n<figure id=\"attachment_2951\" aria-describedby=\"caption-attachment-2951\" style=\"width: 265px\" class=\"wp-caption alignnone\"><img fetchpriority=\"high\" decoding=\"async\" class=\"size-medium wp-image-2951\" src=\"https:\/\/vapestornado.com\/wp-content\/uploads\/2024\/12\/Wholesale-Disposable-Vape-265x300.jpg\" alt=\"Ve\u013ekoobchodn\u00fd Jednorazov\u00fd Vape\" width=\"265\" height=\"300\" srcset=\"https:\/\/vapestornado.com\/wp-content\/uploads\/2024\/12\/Wholesale-Disposable-Vape-265x300.jpg 265w, https:\/\/vapestornado.com\/wp-content\/uploads\/2024\/12\/Wholesale-Disposable-Vape-768x871.jpg 768w, https:\/\/vapestornado.com\/wp-content\/uploads\/2024\/12\/Wholesale-Disposable-Vape-600x680.jpg 600w, https:\/\/vapestornado.com\/wp-content\/uploads\/2024\/12\/Wholesale-Disposable-Vape.jpg 823w\" sizes=\"(max-width: 265px) 100vw, 265px\" \/><figcaption id=\"caption-attachment-2951\" class=\"wp-caption-text\">Pre z\u013eavnen\u00fa cenu kontaktujte Mandy na WhatsApp<a href=\"https:\/\/wa.me\/8618077105796\">+8618077105796<\/a><\/figcaption><\/figure>","protected":false},"featured_media":2943,"comment_status":"open","ping_status":"closed","template":"","meta":{"_acf_changed":false,"_uag_custom_page_level_css":"","_lmt_disableupdate":"no","_lmt_disable":"","_monsterinsights_skip_tracking":false,"_monsterinsights_sitenote_active":false,"_monsterinsights_sitenote_note":"","_monsterinsights_sitenote_category":0,"site-sidebar-layout":"default","site-content-layout":"","ast-site-content-layout":"default","site-content-style":"default","site-sidebar-style":"default","ast-global-header-display":"","ast-banner-title-visibility":"","ast-main-header-display":"","ast-hfb-above-header-display":"","ast-hfb-below-header-display":"","ast-hfb-mobile-header-display":"","site-post-title":"","ast-breadcrumbs-content":"","ast-featured-img":"","footer-sml-layout":"","ast-disable-related-posts":"","theme-transparent-header-meta":"default","adv-header-id-meta":"","stick-header-meta":"","header-above-stick-meta":"","header-main-stick-meta":"","header-below-stick-meta":"","astra-migrate-meta-layouts":"set","ast-page-background-enabled":"default","ast-page-background-meta":{"desktop":{"background-color":"","background-image":"","background-repeat":"repeat","background-position":"center center","background-size":"auto","background-attachment":"scroll","background-type":"","background-media":"","overlay-type":"","overlay-color":"","overlay-opacity":"","overlay-gradient":""},"tablet":{"background-color":"","background-image":"","background-repeat":"repeat","background-position":"center center","background-size":"auto","background-attachment":"scroll","background-type":"","background-media":"","overlay-type":"","overlay-color":"","overlay-opacity":"","overlay-gradient":""},"mobile":{"background-color":"","background-image":"","background-repeat":"repeat","background-position":"center center","background-size":"auto","background-attachment":"scroll","background-type":"","background-media":"","overlay-type":"","overlay-color":"","overlay-opacity":"","overlay-gradient":""}},"ast-content-background-meta":{"desktop":{"background-color":"var(--ast-global-color-5)","background-image":"","background-repeat":"repeat","background-position":"center center","background-size":"auto","background-attachment":"scroll","background-type":"","background-media":"","overlay-type":"","overlay-color":"","overlay-opacity":"","overlay-gradient":""},"tablet":{"background-color":"var(--ast-global-color-5)","background-image":"","background-repeat":"repeat","background-position":"center center","background-size":"auto","background-attachment":"scroll","background-type":"","background-media":"","overlay-type":"","overlay-color":"","overlay-opacity":"","overlay-gradient":""},"mobile":{"background-color":"var(--ast-global-color-5)","background-image":"","background-repeat":"repeat","background-position":"center center","background-size":"auto","background-attachment":"scroll","background-type":"","background-media":"","overlay-type":"","overlay-color":"","overlay-opacity":"","overlay-gradient":""}},"_joinchat":{"telephone":"+8618077105796"}},"product_brand":[],"product_cat":[72,154,155,142,58],"product_tag":[82,98],"class_list":{"0":"post-2926","1":"product","2":"type-product","3":"status-publish","4":"has-post-thumbnail","6":"product_cat-12000-puff","7":"product_cat-buy-disposable-vapes-in-netherlands","8":"product_cat-buy-disposable-vapes-in-norway","9":"product_cat-digital-box-disposable-vapes","10":"product_cat-fumot-vape","11":"product_tag-fumot-digital-box-12000-puffs","12":"product_tag-wholesale-price-disposable-vape","13":"desktop-align-left","14":"tablet-align-left","15":"mobile-align-left","17":"first","18":"instock","19":"sale","20":"shipping-taxable","21":"purchasable","22":"product-type-simple"},"acf":[],"uagb_featured_image_src":{"full":["https:\/\/vapestornado.com\/wp-content\/uploads\/2024\/12\/Fumot-Digital-Box-12000-Puffs-Grape-Ice.jpg",800,800,false],"thumbnail":["https:\/\/vapestornado.com\/wp-content\/uploads\/2024\/12\/Fumot-Digital-Box-12000-Puffs-Grape-Ice-150x150.jpg",150,150,true],"medium":["https:\/\/vapestornado.com\/wp-content\/uploads\/2024\/12\/Fumot-Digital-Box-12000-Puffs-Grape-Ice-300x300.jpg",300,300,true],"medium_large":["https:\/\/vapestornado.com\/wp-content\/uploads\/2024\/12\/Fumot-Digital-Box-12000-Puffs-Grape-Ice-768x768.jpg",768,768,true],"large":["https:\/\/vapestornado.com\/wp-content\/uploads\/2024\/12\/Fumot-Digital-Box-12000-Puffs-Grape-Ice.jpg",800,800,false],"1536x1536":["https:\/\/vapestornado.com\/wp-content\/uploads\/2024\/12\/Fumot-Digital-Box-12000-Puffs-Grape-Ice.jpg",800,800,false],"2048x2048":["https:\/\/vapestornado.com\/wp-content\/uploads\/2024\/12\/Fumot-Digital-Box-12000-Puffs-Grape-Ice.jpg",800,800,false],"trp-custom-language-flag":["https:\/\/vapestornado.com\/wp-content\/uploads\/2024\/12\/Fumot-Digital-Box-12000-Puffs-Grape-Ice.jpg",12,12,false],"woocommerce_thumbnail":["https:\/\/vapestornado.com\/wp-content\/uploads\/2024\/12\/Fumot-Digital-Box-12000-Puffs-Grape-Ice-300x300.jpg",300,300,true],"woocommerce_single":["https:\/\/vapestornado.com\/wp-content\/uploads\/2024\/12\/Fumot-Digital-Box-12000-Puffs-Grape-Ice-600x600.jpg",600,600,true],"woocommerce_gallery_thumbnail":["https:\/\/vapestornado.com\/wp-content\/uploads\/2024\/12\/Fumot-Digital-Box-12000-Puffs-Grape-Ice-100x100.jpg",100,100,true]},"uagb_author_info":{"display_name":"ESMANDY","author_link":"https:\/\/vapestornado.com\/sk\/author\/"},"uagb_comment_info":0,"uagb_excerpt":"Discover unbeatable deals on the Fumot Digital Box 12000 puff Rechargeable Vape. Reach out today to secure your special discount!(MOQ is 50pcs) [caption id=\"attachment_2951\" align=\"alignnone\" width=\"265\"] Pls Contact Mandy's WhatsApp For Discount Price+8618077105796[\/caption]","_links":{"self":[{"href":"https:\/\/vapestornado.com\/sk\/wp-json\/wp\/v2\/product\/2926","targetHints":{"allow":["GET"]}}],"collection":[{"href":"https:\/\/vapestornado.com\/sk\/wp-json\/wp\/v2\/product"}],"about":[{"href":"https:\/\/vapestornado.com\/sk\/wp-json\/wp\/v2\/types\/product"}],"replies":[{"embeddable":true,"href":"https:\/\/vapestornado.com\/sk\/wp-json\/wp\/v2\/comments?post=2926"}],"wp:featuredmedia":[{"embeddable":true,"href":"https:\/\/vapestornado.com\/sk\/wp-json\/wp\/v2\/media\/2943"}],"wp:attachment":[{"href":"https:\/\/vapestornado.com\/sk\/wp-json\/wp\/v2\/media?parent=2926"}],"wp:term":[{"taxonomy":"product_brand","embeddable":true,"href":"https:\/\/vapestornado.com\/sk\/wp-json\/wp\/v2\/product_brand?post=2926"},{"taxonomy":"product_cat","embeddable":true,"href":"https:\/\/vapestornado.com\/sk\/wp-json\/wp\/v2\/product_cat?post=2926"},{"taxonomy":"product_tag","embeddable":true,"href":"https:\/\/vapestornado.com\/sk\/wp-json\/wp\/v2\/product_tag?post=2926"}],"curies":[{"name":"wp","href":"https:\/\/api.w.org\/{rel}","templated":true}]}}