{"id":2922,"date":"2024-12-02T03:41:29","date_gmt":"2024-12-02T03:41:29","guid":{"rendered":"https:\/\/vapestornado.com\/?post_type=product&#038;p=2922"},"modified":"2025-10-31T09:41:30","modified_gmt":"2025-10-31T09:41:30","slug":"fumot-randm-tornado-15000-puffs-rechargeable-disposable-vape-wholesale","status":"publish","type":"product","link":"https:\/\/vapestornado.com\/sk\/product\/fumot-randm-tornado-15000-puffs-rechargeable-disposable-vape-wholesale\/","title":{"rendered":"Fumot RandM Tornado 15000 \u0165ahov Dob\u00edjate\u013en\u00e1 jednorazov\u00e1 e-cigareta Ve\u013ekoobchod"},"content":{"rendered":"<h1 class=\"product-title\">Fumot RandM Tornado 15000 \u0165ahov Dob\u00edjate\u013en\u00e1 jednorazov\u00e1 e-cigareta Ve\u013ekoobchod<\/h1>\n<p data-start=\"0\" data-end=\"528\">Ahoj! V tejto chv\u00edli ti neviem pom\u00f4c\u0165 s tvojou po\u017eiadavkou. M\u00f4\u017eem ti v\u0161ak pom\u00f4c\u0165 s prekladom akejko\u013evek tvojej po\u017eiadavky. Ak m\u00e1\u0161 z\u00e1ujem, r\u00e1d ti pom\u00f4\u017eem s \u010fal\u0161\u00edmi prekladmi. <strong data-start=\"4\" data-end=\"55\">Fumot RandM Tornado 15000 \u0164ahov Jednorazov\u00e1 Vape<\/strong> je v\u00fdkonn\u00fd <strong data-start=\"70\" data-end=\"82\">15K vaporiz\u00e9r<\/strong> vyvinut\u00fd pre v\u00fdkon, spo\u013eahlivos\u0165 a hodnotu. Ka\u017ed\u00e1 <strong data-start=\"135\" data-end=\"158\">RandM Tornado 15000<\/strong> jednotka poskytuje a\u017e <strong data-start=\"179\" data-end=\"195\">15 000 potiahnut\u00ed<\/strong> s obrovskou <strong data-start=\"211\" data-end=\"235\">22ml predplnen\u00e1 n\u00e1dr\u017eka<\/strong>, pon\u00fakaj\u00fac v\u00fdnimo\u010dn\u00fa \u017eivotnos\u0165 pre predajcov a ve\u013ekoobchodn\u00edkov h\u013eadaj\u00facich vysoko \u017eiadan\u00fd sklad. Navrhnut\u00fd s presnos\u0165ou, tento <strong data-start=\"355\" data-end=\"375\">15K Tornado vaporiz\u00e9r<\/strong> zabezpe\u010duje konzistentn\u00fa produkciu pary a bohat\u00e9 dodanie chuti, \u010d\u00edm patr\u00ed medzi najob\u013e\u00fabenej\u0161ie <strong data-start=\"473\" data-end=\"495\">tornado vaporiz\u00e9r 15000<\/strong> modely na eur\u00f3pskom trhu.<\/p>\n<p data-start=\"530\" data-end=\"866\">Vybaven\u00e9 <strong data-start=\"547\" data-end=\"578\">850mAh dob\u00edjate\u013enou bat\u00e9riou<\/strong> a <strong data-start=\"583\" data-end=\"607\">r\u00fdchleho nab\u00edjania typu C<\/strong>, zariadenie minimalizuje prestoje a z\u00e1rove\u0148 udr\u017eiava stabiln\u00fd v\u00fdkon po\u010das ka\u017edej rel\u00e1cie. The <strong data-start=\"700\" data-end=\"720\">syst\u00e9mom mesh cievky<\/strong> zv\u00fdraz\u0148uje intenzitu chuti a hladkos\u0165 pary, zatia\u013e \u010do <strong data-start=\"779\" data-end=\"797\">LED indik\u00e1tory<\/strong> informuje pou\u017e\u00edvate\u013eov o stave e-liquidu a bat\u00e9rie na prv\u00fd poh\u013ead.<\/p>\n<p data-start=\"868\" data-end=\"1247\" data-is-last-node=\"\" data-is-only-node=\"\">Dostupn\u00e9 v <strong data-start=\"881\" data-end=\"910\">2% a 5% nikot\u00ednov\u00fdch mo\u017enostiach<\/strong> s viac ako <strong data-start=\"926\" data-end=\"940\">45 pr\u00edchut\u00ed<\/strong>, <strong data-start=\"946\" data-end=\"966\">Fumot vaporiz\u00e9r 15000<\/strong> vyhovuje ako pr\u00edle\u017eitostn\u00fdm pou\u017e\u00edvate\u013eom, tak aj v\u00e1\u0161niv\u00fdm vapovan\u00edm. Kompaktn\u00fd, \u0161t\u00fdlov\u00fd a \u013eahko prenosn\u00fd, je ide\u00e1lnym doplnkom do ak\u00e9hoko\u013evek ve\u013ekoobchodn\u00e9ho katal\u00f3gu. Pre distrib\u00fatorov po celom Slovensku, <strong data-start=\"1132\" data-end=\"1166\">RandM Tornado 15000 Pufov Vap<\/strong> pon\u00faka \u0161pi\u010dkov\u00fd v\u00fdkon, rozmanitos\u0165 chut\u00ed a neporazite\u013en\u00e9 ve\u013ekoobchodn\u00e9 ceny.<\/p>\n<p>&nbsp;<\/p>\n<p><strong>Pridajte si Amy na Whatsapp, z\u00edskajte okam\u017eit\u00fa odpove\u010f a kup\u00f3n na vape!<\/strong><\/p>\n<p><img fetchpriority=\"high\" decoding=\"async\" class=\"size-full wp-image-2932\" src=\"https:\/\/vapestornado.com\/wp-content\/uploads\/2024\/12\/Vape-Wholesale.jpg\" alt=\"Ve\u013ekoobchod s vape\" width=\"229\" height=\"300\" \/><\/p>\n<h3><a href=\"https:\/\/wa.me\/8617776015835\" target=\"_blank\" rel=\"noopener\"><span style=\"color: #ff0000;\"><strong>WhatsApp: +86 17776015835<\/strong><\/span><\/a><\/h3>\n<p>&nbsp;<\/p>\n<h2><strong>Funkcie produktu RandM Tornado 15000<\/strong><\/h2>\n<p>Po\u010det \u0165ahov: A\u017e 15000 \u0165ahov.<br \/>\nKapacita bat\u00e9rie: 850mAh nab\u00edjate\u013en\u00e1 bat\u00e9ria<br \/>\nR\u00fdchle nab\u00edjanie: USB TyeC<br \/>\nLED indik\u00e1tor stavu bat\u00e9rie a oleja.<br \/>\nSie\u0165ov\u00e1 cievka<br \/>\nK dispoz\u00edcii je 45 pr\u00edchut\u00ed.<br \/>\nNikot\u00edn: 2% 5%<br \/>\nKompaktn\u00e9<\/p>\n<h2 class=\"product-title\"><strong>Zoznam pr\u00edchut\u00ed vaporiz\u00e9rov RandM 15k<\/strong><\/h2>\n<p>1.Limon\u00e1da z modr\u00fdch mal\u00edn<br \/>\n2.Brosky\u0148ov\u00fd \u013ead<br \/>\n3.Kysl\u00e9 jablko<br \/>\n4. Mel\u00f3nov\u00fd \u013ead<br \/>\n5.\u010cu\u010doriedky na \u013eade<br \/>\n6. \u010cu\u010doriedka Malina<br \/>\n7.Anan\u00e1sov\u00fd \u013ead<br \/>\n8.\u010cere\u0161\u0148a<br \/>\n9. Jahoda s \u013eadom<br \/>\n10. Vimto<br \/>\n11.Hrozno \u013dad<br \/>\n12.Kolov\u00fd \u013ead<br \/>\n13. Jahoda Mel\u00f3n<br \/>\n14.Ru\u017eov\u00e1 limon\u00e1da<br \/>\n15.Zmie\u0161an\u00e9 bobule<br \/>\n16.Brosky\u0148a Mango<br \/>\n17.Dra\u010die ovocie<br \/>\n18.Jahodov\u00e9 hrozno<br \/>\n19.P\u00e1n Modr\u00fd<br \/>\n20.Svie\u017ei \u013ead<br \/>\n21.\u013dadov\u00fd nanuk<br \/>\n22.Jahoda Kiwi<br \/>\n23.Kiwi Marakuja Guava<br \/>\n24.Trojit\u00e9 bobu\u013eov\u00e9 ovocie<br \/>\n25.Bananov\u00fd \u013ead<br \/>\n26.Brosky\u0148a \u010du\u010doriedka cukr\u00edk<br \/>\n27.Jablko Brosky\u0148a Hru\u0161ka<br \/>\n28.Bobu\u013eov\u00e1 limon\u00e1da<br \/>\n29.Modr\u00e1 Malina \u010cere\u0161\u0148a<br \/>\n30.\u010cu\u010doriedkov\u00e1 \u017euva\u010dka<br \/>\n31.\u010cu\u010doriedka \u010cere\u0161\u0148a Brusnica<br \/>\n32.\u010cu\u010doriedka Gran\u00e1tov\u00e9 jablko<br \/>\n33.Modro-kysl\u00e1 malina<br \/>\n34.\u010cere\u0161\u0148ov\u00e1 Cola<br \/>\n35.Gumov\u00fd medved\u00edk<br \/>\n36.Citr\u00f3n<br \/>\n37.Mango na \u013eade<br \/>\n38.\u010cerven\u00e1 energia \u013ead<br \/>\n39.Jahoda Ban\u00e1n<br \/>\n40.Jahoda Red Bull<br \/>\n41.Jahodov\u00e1 mel\u00f3nov\u00e1 limon\u00e1da<br \/>\n42.\u013dadov\u00fd \u010daj Citr\u00f3nov\u00fd \u013ead<br \/>\n43.\u013dadov\u00fd \u010daj Brosky\u0148ov\u00fd \u013ead<br \/>\n44.\u0160umiv\u00e1 \u010dere\u0161\u0148a<br \/>\n45. Skittles<\/p>\n<h3>Pre\u010do si vybra\u0165 vapestornado pre ve\u013ekoobchod Fumot 15k Tornado Vape?<\/h3>\n<div class=\"flex-shrink-0 flex flex-col relative items-end\">\n<div class=\"pt-0\">\n<div class=\"gizmo-bot-avatar flex h-8 w-8 items-center justify-center overflow-hidden rounded-full\">\n<div class=\"relative p-1 rounded-sm flex items-center justify-center bg-token-main-surface-primary text-token-text-primary h-8 w-8\">\n<p>Vitajte na vapestornado, va\u0161om d\u00f4veryhodnom online obchode s vape produktmi pr\u00e9miovej kvality na jedno pou\u017eitie. S viac ako 5 rokmi sk\u00fasenost\u00ed v\u00e1m prin\u00e1\u0161ame popul\u00e1rne zna\u010dky vaporiz\u00e9rov na jedno pou\u017eitie ako <a href=\"https:\/\/vapestornado.com\/sk\/product\/jnr-ragegorilla-55000-puffs-55k-vape-disposables-42ml-2-nicotine-wholesale-price\/\">JNR Vape<\/a>, Vapme, Bang Vape, Waspe Vape, a <a href=\"https:\/\/vapestornado.com\/sk\/product\/original-wga-ultra-35k-35000-puff-rechargeable-crystal-disposable-nicotine-vape-best-discount-price\/\">WGA Vape<\/a>, at\u010f.<\/p>\n<p>N\u00e1\u0161 sortiment zah\u0155\u0148a hor\u00face predajn\u00e9 vapky ako RandM Tornado 15000, a vo\u0148av\u00e9 a bohat\u00e9 vo\u013eby ako WASPE Double Flavor 40000 Puffs. Ka\u017ed\u00fd produkt je vybran\u00fd so zameran\u00edm na kvalitu, hodnotu a rozmanitos\u0165, \u010do zaru\u010duje, \u017ee n\u00e1jdete presne to, \u010do potrebujete. Objavte v\u00fdnimo\u010dn\u00fd servis a \u0161irok\u00fa ponuku \u0161pi\u010dkov\u00fdch produktov v vapestornado.<\/p>\n<\/div>\n<h3><\/h3>\n<div class=\"relative p-1 rounded-sm flex items-center justify-center bg-token-main-surface-primary text-token-text-primary h-8 w-8\">\n<h3>\u010cast\u00e9 ot\u00e1zky pre jednorazov\u00fa vapku RandM 15k<\/h3>\n<\/div>\n<\/div>\n<\/div>\n<\/div>\n<div class=\"flex-shrink-0 flex flex-col relative items-end\">\n<div class=\"pt-0\">\n<div class=\"gizmo-bot-avatar flex h-8 w-8 items-center justify-center overflow-hidden rounded-full\">\n<div class=\"relative p-1 rounded-sm flex items-center justify-center bg-token-main-surface-primary text-token-text-primary h-8 w-8\"><\/div>\n<\/div>\n<\/div>\n<\/div>\n<div class=\"group\/conversation-turn relative flex w-full min-w-0 flex-col agent-turn\">\n<div class=\"flex-col gap-1 md:gap-3\">\n<div class=\"flex max-w-full flex-col flex-grow\">\n<div class=\"min-h-8 text-message flex w-full flex-col items-end gap-2 whitespace-normal break-words [.text-message+&amp;]:mt-5\" dir=\"auto\" data-message-author-role=\"assistant\" data-message-id=\"db716a1c-9ed0-4b8d-b3b0-7bdb913c3d42\" data-message-model-slug=\"gpt-4o\">\n<div class=\"flex w-full flex-col gap-1 empty:hidden first:pt-[3px]\">\n<div class=\"markdown prose w-full break-words dark:prose-invert light\">\n<p><strong>Kde k\u00fapi\u0165 jednorazov\u00fa vapku RandM Tornado 15000 za ve\u013ekoobchodn\u00fa cenu na Slovensku<\/strong><br \/>\nAk chcete zak\u00fapi\u0165 vapku RandM Tornado 15000 za ve\u013ekoobchodn\u00e9 ceny na Slovensku, obr\u00e1\u0165te sa na autorizovan\u00fdch ve\u013ekoobchodn\u00fdch distrib\u00fatorov alebo online dod\u00e1vate\u013eov, ktor\u00ed sa \u0161pecializuj\u00fa na produkty RandM Vape. Uistite sa, \u017ee dodr\u017eiavaj\u00fa miestne predpisy a pon\u00fakaj\u00fa origin\u00e1lne produkty.<\/p>\n<p><strong>Ko\u013eko potiahnut\u00ed poskytuje Fumot Vape 15k?<\/strong><br \/>\nFumot Vape 15k pon\u00faka a\u017e 15 000 potiahnut\u00ed, \u010do prin\u00e1\u0161a mimoriadnu \u017eivotnos\u0165 pre dlhodob\u00e9 vapingov\u00e9 sedenia.<\/p>\n<p><strong>Ako dlho vydr\u017e\u00ed ob\u013e\u00faben\u00e1 jednorazov\u00e1 vapka RandM 15000?<\/strong><br \/>\nTrvanie RandM 15000 z\u00e1vis\u00ed od u\u017e\u00edvate\u013esk\u00fdch n\u00e1vykov. Pre miernych vaperov zvy\u010dajne vydr\u017e\u00ed dva a\u017e tri t\u00fd\u017edne, v\u010faka svojej vysokej kapacite potiahnut\u00ed a nab\u00edjate\u013en\u00e9mu dizajnu.<\/p>\n<p><strong>Ak\u00e9 s\u00fa popul\u00e1rne pr\u00edchute pre jednorazov\u00e9 balenie Fumot 15k Puffs?<\/strong><br \/>\nPopul\u00e1rne pr\u00edchute pre Fumot 15k zah\u0155\u0148aj\u00fa ovocn\u00e9 mo\u017enosti ako Mango Ice, Strawberry Watermelon a Blueberry Raspberry, ako aj chladiv\u00e9 mentolov\u00e9 zmesi a dezertn\u00e9 profily.<\/p>\n<p><strong>Ako dlho trv\u00e1 nab\u00edjanie nab\u00edjate\u013enej vapky RandM 15k?<\/strong><br \/>\nNab\u00edjanie nab\u00edjate\u013enej vapky RandM 15k trv\u00e1 pribli\u017ene 1-2 hodiny pomocou jej r\u00fdchleho nab\u00edjania cez USB typu C, \u010do zaru\u010duje r\u00fdchle a efekt\u00edvne obnovenie energie.<\/p>\n<p><strong>Ko\u013eko nikot\u00ednu obsahuje jednorazov\u00e1 vapka RandM Tornado 15000 Puffs?<\/strong><br \/>\nRandM Tornado 15000 pon\u00faka prisp\u00f4sobite\u013en\u00fd z\u00e1\u017eitok s nikot\u00ednom, s obsahom a\u017e do 50 mg v z\u00e1vislosti od variantu, \u010do uspokoj\u00ed r\u00f4zne preferencie u\u017e\u00edvate\u013eov.<\/p>\n<\/div>\n<\/div>\n<\/div>\n<\/div>\n<\/div>\n<\/div>","protected":false},"excerpt":{"rendered":"<p>Najlep\u0161ie pr\u00edchute RandM Tornado 15000 Puffs Najni\u017e\u0161ia cena<br \/>\nFumot RandM 15000 Puffs Jednorazov\u00fd Vape Ve\u013ekoobchod<br \/>\nRandM Tornado 15000 Dob\u00edjate\u013en\u00fd jednorazov\u00fd Vape Cena za hromadn\u00fd n\u00e1kup<\/p>\n<p><strong>Pridajte si Amy na whatsapp a z\u00edskajte spr\u00e1vnu odpove\u010f a kup\u00f3n na vapy!<\/strong><\/p>\n<p><img fetchpriority=\"high\" decoding=\"async\" class=\"size-full wp-image-2932\" src=\"https:\/\/vapestornado.com\/wp-content\/uploads\/2024\/12\/Vape-Wholesale.jpg\" alt=\"Ve\u013ekoobchod s vape\" width=\"229\" height=\"300\" \/><\/p>\n<h3><a href=\"https:\/\/wa.me\/8617776015835\"><span style=\"color: #ff0000;\"><strong>WhatsApp: +86 17776015835<\/strong><\/span><\/a><\/h3>\n<p>&nbsp;<\/p>","protected":false},"featured_media":2929,"comment_status":"open","ping_status":"closed","template":"","meta":{"_acf_changed":false,"_uag_custom_page_level_css":"","_lmt_disableupdate":"no","_lmt_disable":"","_monsterinsights_skip_tracking":false,"_monsterinsights_sitenote_active":false,"_monsterinsights_sitenote_note":"","_monsterinsights_sitenote_category":0,"site-sidebar-layout":"default","site-content-layout":"","ast-site-content-layout":"default","site-content-style":"default","site-sidebar-style":"default","ast-global-header-display":"","ast-banner-title-visibility":"","ast-main-header-display":"","ast-hfb-above-header-display":"","ast-hfb-below-header-display":"","ast-hfb-mobile-header-display":"","site-post-title":"","ast-breadcrumbs-content":"","ast-featured-img":"","footer-sml-layout":"","ast-disable-related-posts":"","theme-transparent-header-meta":"default","adv-header-id-meta":"","stick-header-meta":"","header-above-stick-meta":"","header-main-stick-meta":"","header-below-stick-meta":"","astra-migrate-meta-layouts":"set","ast-page-background-enabled":"default","ast-page-background-meta":{"desktop":{"background-color":"","background-image":"","background-repeat":"repeat","background-position":"center center","background-size":"auto","background-attachment":"scroll","background-type":"","background-media":"","overlay-type":"","overlay-color":"","overlay-opacity":"","overlay-gradient":""},"tablet":{"background-color":"","background-image":"","background-repeat":"repeat","background-position":"center center","background-size":"auto","background-attachment":"scroll","background-type":"","background-media":"","overlay-type":"","overlay-color":"","overlay-opacity":"","overlay-gradient":""},"mobile":{"background-color":"","background-image":"","background-repeat":"repeat","background-position":"center center","background-size":"auto","background-attachment":"scroll","background-type":"","background-media":"","overlay-type":"","overlay-color":"","overlay-opacity":"","overlay-gradient":""}},"ast-content-background-meta":{"desktop":{"background-color":"var(--ast-global-color-5)","background-image":"","background-repeat":"repeat","background-position":"center center","background-size":"auto","background-attachment":"scroll","background-type":"","background-media":"","overlay-type":"","overlay-color":"","overlay-opacity":"","overlay-gradient":""},"tablet":{"background-color":"var(--ast-global-color-5)","background-image":"","background-repeat":"repeat","background-position":"center center","background-size":"auto","background-attachment":"scroll","background-type":"","background-media":"","overlay-type":"","overlay-color":"","overlay-opacity":"","overlay-gradient":""},"mobile":{"background-color":"var(--ast-global-color-5)","background-image":"","background-repeat":"repeat","background-position":"center center","background-size":"auto","background-attachment":"scroll","background-type":"","background-media":"","overlay-type":"","overlay-color":"","overlay-opacity":"","overlay-gradient":""}},"_joinchat":{"telephone":"+8617776015835"}},"product_brand":[],"product_cat":[71,140,149,150,152,157,58],"product_tag":[414,415,79,416,81,80,77,78,214],"class_list":{"0":"post-2922","1":"product","2":"type-product","3":"status-publish","4":"has-post-thumbnail","6":"product_cat-15000-puff","7":"product_cat-big-puffs-disposable-vapes","8":"product_cat-buy-disposable-vapes-in-austria","9":"product_cat-buy-disposable-vapes-in-belgium","10":"product_cat-buy-disposable-vapes-in-cermany","11":"product_cat-buy-disposable-vapes-in-portugal","12":"product_cat-fumot-vape","13":"product_tag-15k-tornado-vape","14":"product_tag-15k-vape","15":"product_tag-fumot-15k","16":"product_tag-fumot-vape-15000","17":"product_tag-randm-15000","18":"product_tag-randm-15k","19":"product_tag-randm-tornado-15000","20":"product_tag-randm-vape","21":"product_tag-tornado-vape-15000","22":"desktop-align-left","23":"tablet-align-left","24":"mobile-align-left","26":"first","27":"instock","28":"sale","29":"shipping-taxable","30":"purchasable","31":"product-type-simple"},"acf":[],"uagb_featured_image_src":{"full":["https:\/\/vapestornado.com\/wp-content\/uploads\/2024\/12\/RandM-15000-Tornado-Vape-Wholesale.jpg",1182,1182,false],"thumbnail":["https:\/\/vapestornado.com\/wp-content\/uploads\/2024\/12\/RandM-15000-Tornado-Vape-Wholesale-150x150.jpg",150,150,true],"medium":["https:\/\/vapestornado.com\/wp-content\/uploads\/2024\/12\/RandM-15000-Tornado-Vape-Wholesale-300x300.jpg",300,300,true],"medium_large":["https:\/\/vapestornado.com\/wp-content\/uploads\/2024\/12\/RandM-15000-Tornado-Vape-Wholesale-768x768.jpg",768,768,true],"large":["https:\/\/vapestornado.com\/wp-content\/uploads\/2024\/12\/RandM-15000-Tornado-Vape-Wholesale-1024x1024.jpg",1024,1024,true],"1536x1536":["https:\/\/vapestornado.com\/wp-content\/uploads\/2024\/12\/RandM-15000-Tornado-Vape-Wholesale.jpg",1182,1182,false],"2048x2048":["https:\/\/vapestornado.com\/wp-content\/uploads\/2024\/12\/RandM-15000-Tornado-Vape-Wholesale.jpg",1182,1182,false],"trp-custom-language-flag":["https:\/\/vapestornado.com\/wp-content\/uploads\/2024\/12\/RandM-15000-Tornado-Vape-Wholesale.jpg",12,12,false],"woocommerce_thumbnail":["https:\/\/vapestornado.com\/wp-content\/uploads\/2024\/12\/RandM-15000-Tornado-Vape-Wholesale-300x300.jpg",300,300,true],"woocommerce_single":["https:\/\/vapestornado.com\/wp-content\/uploads\/2024\/12\/RandM-15000-Tornado-Vape-Wholesale-600x600.jpg",600,600,true],"woocommerce_gallery_thumbnail":["https:\/\/vapestornado.com\/wp-content\/uploads\/2024\/12\/RandM-15000-Tornado-Vape-Wholesale-100x100.jpg",100,100,true]},"uagb_author_info":{"display_name":"ESAMY","author_link":"https:\/\/vapestornado.com\/sk\/author\/"},"uagb_comment_info":1,"uagb_excerpt":"Best RandM Tornado 15000 Puffs Flavours Lowest Price Fumot RandM 15000 Puffs Disposable Vape Wholesale RandM Tornado 15000 Rechargeable Disposable Vape Bulk Buy Price Add Amy's whatsapp get right reply and vape vape coupon! WhatsApp: +86 17776015835 &nbsp;","_links":{"self":[{"href":"https:\/\/vapestornado.com\/sk\/wp-json\/wp\/v2\/product\/2922","targetHints":{"allow":["GET"]}}],"collection":[{"href":"https:\/\/vapestornado.com\/sk\/wp-json\/wp\/v2\/product"}],"about":[{"href":"https:\/\/vapestornado.com\/sk\/wp-json\/wp\/v2\/types\/product"}],"replies":[{"embeddable":true,"href":"https:\/\/vapestornado.com\/sk\/wp-json\/wp\/v2\/comments?post=2922"}],"wp:featuredmedia":[{"embeddable":true,"href":"https:\/\/vapestornado.com\/sk\/wp-json\/wp\/v2\/media\/2929"}],"wp:attachment":[{"href":"https:\/\/vapestornado.com\/sk\/wp-json\/wp\/v2\/media?parent=2922"}],"wp:term":[{"taxonomy":"product_brand","embeddable":true,"href":"https:\/\/vapestornado.com\/sk\/wp-json\/wp\/v2\/product_brand?post=2922"},{"taxonomy":"product_cat","embeddable":true,"href":"https:\/\/vapestornado.com\/sk\/wp-json\/wp\/v2\/product_cat?post=2922"},{"taxonomy":"product_tag","embeddable":true,"href":"https:\/\/vapestornado.com\/sk\/wp-json\/wp\/v2\/product_tag?post=2922"}],"curies":[{"name":"wp","href":"https:\/\/api.w.org\/{rel}","templated":true}]}}