{"id":2784,"date":"2024-11-12T10:04:17","date_gmt":"2024-11-12T10:04:17","guid":{"rendered":"https:\/\/vapestornado.com\/?page_id=2784"},"modified":"2024-11-12T10:04:19","modified_gmt":"2024-11-12T10:04:19","slug":"payment-methods-at-vapestornado","status":"publish","type":"page","link":"https:\/\/vapestornado.com\/sk\/payment-methods-at-vapestornado\/","title":{"rendered":"Sp\u00f4soby platby na vapestornado"},"content":{"rendered":"<p>\u010eakujeme, \u017ee ste si vybrali <strong>vapestornado<\/strong>, v\u00e1\u0161 d\u00f4veryhodn\u00fd online obchod pre pr\u00e9miov\u00e9 jednorazov\u00e9 vape produkty. S dlhoro\u010dn\u00fdmi sk\u00fasenos\u0165ami v tomto odvetv\u00ed sme hrd\u00ed na to, \u017ee m\u00f4\u017eeme pon\u00faknu\u0165 \u0161irok\u00fd v\u00fdber popredn\u00fdch zna\u010diek a dod\u00e1va\u0165 na\u0161e produkty glob\u00e1lne do r\u00f4znych kraj\u00edn. Zaviazali sme sa poskytova\u0165 v\u00e1m bezpe\u010dn\u00fd, pohodln\u00fd a bezprobl\u00e9mov\u00fd z\u00e1\u017eitok z nakupovania.<\/p>\n\n\n\n<p>Akceptujeme nasleduj\u00face sp\u00f4soby platby:<\/p>\n\n\n\n<ol class=\"wp-block-list\">\n<li><strong>PayPal<\/strong>: U\u017eite si bezpe\u010dn\u00e9 a jednoduch\u00e9 platby prostredn\u00edctvom slu\u017eby PayPal pre va\u0161e objedn\u00e1vky. <em>(20 % DPH)<\/em><\/li>\n\n\n\n<li><strong>Kreditn\u00e1 karta<\/strong>: Akceptujeme hlavn\u00e9 kreditn\u00e9 karty, \u010d\u00edm zabezpe\u010dujeme bezprobl\u00e9mov\u00fd proces platby. <em>(20 % DPH)<\/em><\/li>\n\n\n\n<li><strong>Bankov\u00fd prevod<\/strong>: Pre tradi\u010dn\u00e9 platby s\u00fa k dispoz\u00edcii bankov\u00e9 prevody. <em>(Bez DPH)<\/em><\/li>\n\n\n\n<li><strong>Kryptomena<\/strong>: Pon\u00fakame platby kryptomenami pre modern\u00fa platobn\u00fa mo\u017enos\u0165 zameran\u00fa na bud\u00facnos\u0165. <em>(Bez DPH)<\/em><\/li>\n\n\n\n<li><strong>Wise Transfer<\/strong>: Pou\u017eite Wise pre efekt\u00edvne a cenovo v\u00fdhodn\u00e9 prevodn\u00e9 slu\u017eby. <em>(Bez DPH)<\/em><\/li>\n<\/ol>\n\n\n\n<p>Ak m\u00e1te ak\u00e9ko\u013evek konkr\u00e9tne ot\u00e1zky alebo po\u017eiadavky t\u00fdkaj\u00face sa platieb, n\u00e1\u0161 t\u00edm z\u00e1kazn\u00edckych slu\u017eieb je v\u017edy pripraven\u00fd v\u00e1m pom\u00f4c\u0165. Sme tu, aby sme zabezpe\u010dili, \u017ee v\u00e1\u0161 z\u00e1\u017eitok z nakupovania na vapestornado bude hladk\u00fd a bezpe\u010dn\u00fd!<\/p>\n\n\n\n<p><\/p>","protected":false},"excerpt":{"rendered":"<p>\u010eakujeme, \u017ee ste si vybrali vapestornado, v\u00e1\u0161ho d\u00f4veryhodn\u00e9ho online predajcu pr\u00e9miov\u00fdch jednorazov\u00fdch vape produktov. S dlhoro\u010dn\u00fdmi sk\u00fasenos\u0165ami v tomto odvetv\u00ed sme hrd\u00ed na to, \u017ee m\u00f4\u017eeme pon\u00faknu\u0165 \u0161irok\u00fd v\u00fdber popredn\u00fdch zna\u010diek a dod\u00e1va\u0165 na\u0161e produkty do r\u00f4znych kraj\u00edn sveta. Zaviazali sme sa poskytova\u0165 v\u00e1m bezpe\u010dn\u00fd, pohodln\u00fd a bezprobl\u00e9mov\u00fd z\u00e1\u017eitok z nakupovania.<\/p>","protected":false},"author":1,"featured_media":0,"parent":0,"menu_order":0,"comment_status":"closed","ping_status":"closed","template":"","meta":{"_acf_changed":false,"_uag_custom_page_level_css":"","_lmt_disableupdate":"","_lmt_disable":"","_monsterinsights_skip_tracking":false,"_monsterinsights_sitenote_active":false,"_monsterinsights_sitenote_note":"","_monsterinsights_sitenote_category":0,"site-sidebar-layout":"default","site-content-layout":"","ast-site-content-layout":"default","site-content-style":"default","site-sidebar-style":"default","ast-global-header-display":"","ast-banner-title-visibility":"","ast-main-header-display":"","ast-hfb-above-header-display":"","ast-hfb-below-header-display":"","ast-hfb-mobile-header-display":"","site-post-title":"","ast-breadcrumbs-content":"","ast-featured-img":"","footer-sml-layout":"","ast-disable-related-posts":"","theme-transparent-header-meta":"","adv-header-id-meta":"","stick-header-meta":"","header-above-stick-meta":"","header-main-stick-meta":"","header-below-stick-meta":"","astra-migrate-meta-layouts":"set","ast-page-background-enabled":"default","ast-page-background-meta":{"desktop":{"background-color":"","background-image":"","background-repeat":"repeat","background-position":"center center","background-size":"auto","background-attachment":"scroll","background-type":"","background-media":"","overlay-type":"","overlay-color":"","overlay-opacity":"","overlay-gradient":""},"tablet":{"background-color":"","background-image":"","background-repeat":"repeat","background-position":"center center","background-size":"auto","background-attachment":"scroll","background-type":"","background-media":"","overlay-type":"","overlay-color":"","overlay-opacity":"","overlay-gradient":""},"mobile":{"background-color":"","background-image":"","background-repeat":"repeat","background-position":"center center","background-size":"auto","background-attachment":"scroll","background-type":"","background-media":"","overlay-type":"","overlay-color":"","overlay-opacity":"","overlay-gradient":""}},"ast-content-background-meta":{"desktop":{"background-color":"var(--ast-global-color-5)","background-image":"","background-repeat":"repeat","background-position":"center center","background-size":"auto","background-attachment":"scroll","background-type":"","background-media":"","overlay-type":"","overlay-color":"","overlay-opacity":"","overlay-gradient":""},"tablet":{"background-color":"var(--ast-global-color-5)","background-image":"","background-repeat":"repeat","background-position":"center center","background-size":"auto","background-attachment":"scroll","background-type":"","background-media":"","overlay-type":"","overlay-color":"","overlay-opacity":"","overlay-gradient":""},"mobile":{"background-color":"var(--ast-global-color-5)","background-image":"","background-repeat":"repeat","background-position":"center center","background-size":"auto","background-attachment":"scroll","background-type":"","background-media":"","overlay-type":"","overlay-color":"","overlay-opacity":"","overlay-gradient":""}},"_joinchat":[],"footnotes":""},"class_list":["post-2784","page","type-page","status-publish","hentry"],"acf":[],"uagb_featured_image_src":{"full":false,"thumbnail":false,"medium":false,"medium_large":false,"large":false,"1536x1536":false,"2048x2048":false,"trp-custom-language-flag":false,"woocommerce_thumbnail":false,"woocommerce_single":false,"woocommerce_gallery_thumbnail":false},"uagb_author_info":{"display_name":"yannazhan@gmail.com","author_link":"https:\/\/vapestornado.com\/sk\/author\/yannazhangmail-com\/"},"uagb_comment_info":0,"uagb_excerpt":"Thank you for choosing vapestornado, your trusted online store for premium disposable vape products. With years of expertise in the industry, we are proud to offer a wide selection of top brands and ship our products globally to various countries. We are committed to providing you with a secure, convenient, and seamless shopping experience. We&hellip;","_links":{"self":[{"href":"https:\/\/vapestornado.com\/sk\/wp-json\/wp\/v2\/pages\/2784","targetHints":{"allow":["GET"]}}],"collection":[{"href":"https:\/\/vapestornado.com\/sk\/wp-json\/wp\/v2\/pages"}],"about":[{"href":"https:\/\/vapestornado.com\/sk\/wp-json\/wp\/v2\/types\/page"}],"author":[{"embeddable":true,"href":"https:\/\/vapestornado.com\/sk\/wp-json\/wp\/v2\/users\/1"}],"replies":[{"embeddable":true,"href":"https:\/\/vapestornado.com\/sk\/wp-json\/wp\/v2\/comments?post=2784"}],"version-history":[{"count":1,"href":"https:\/\/vapestornado.com\/sk\/wp-json\/wp\/v2\/pages\/2784\/revisions"}],"predecessor-version":[{"id":2785,"href":"https:\/\/vapestornado.com\/sk\/wp-json\/wp\/v2\/pages\/2784\/revisions\/2785"}],"wp:attachment":[{"href":"https:\/\/vapestornado.com\/sk\/wp-json\/wp\/v2\/media?parent=2784"}],"curies":[{"name":"wp","href":"https:\/\/api.w.org\/{rel}","templated":true}]}}