{"id":2781,"date":"2024-11-12T10:02:57","date_gmt":"2024-11-12T10:02:57","guid":{"rendered":"https:\/\/vapestornado.com\/?page_id=2781"},"modified":"2024-11-12T10:02:58","modified_gmt":"2024-11-12T10:02:58","slug":"age-verification-policy-for-vapestornado","status":"publish","type":"page","link":"https:\/\/vapestornado.com\/sk\/age-verification-policy-for-vapestornado\/","title":{"rendered":"Politika overenia veku pre vapestornado"},"content":{"rendered":"<p>V spolo\u010dnosti vapestornado sme odhodlan\u00ed dodr\u017eiava\u0165 zodpovedn\u00fd a leg\u00e1lny pr\u00edstup k predaju na\u0161ich vape produktov. Aby sme zaistili splnenie z\u00e1konn\u00fdch po\u017eiadaviek a podporovali zodpovedn\u00e9 vapovanie, zaviedli sme nasleduj\u00face z\u00e1sady overovania veku:<\/p>\n\n\n\n<h3 class=\"wp-block-heading\"><strong>Z\u00e1konn\u00e1 po\u017eiadavka veku pre faj\u010denie<\/strong><\/h3>\n\n\n\n<p>Z\u00e1kazn\u00edci musia ma\u0165 najmenej <strong>21 rokov<\/strong> (z\u00e1konn\u00fd vek pre faj\u010denie v Spojen\u00fdch \u0161t\u00e1toch) na n\u00e1kup vape produktov z na\u0161ej webovej str\u00e1nky vapestornado.com.<\/p>\n\n\n\n<h3 class=\"wp-block-heading\"><strong>Fal\u0161ovanie veku je nez\u00e1konn\u00e9<\/strong><\/h3>\n\n\n\n<p>Je to <strong>nez\u00e1konn\u00e9<\/strong> fal\u0161ova\u0165 svoj vek pri n\u00e1kupe na\u0161ich produktov. Poru\u0161enie tohto z\u00e1kona m\u00f4\u017ee vies\u0165 k pr\u00e1vnym sankci\u00e1m, vr\u00e1tane pok\u00fat a potenci\u00e1lnych trestn\u00fdch obvinen\u00ed.<\/p>\n\n\n\n<h3 class=\"wp-block-heading\"><strong>Z\u00e1kaz n\u00e1kupu pre malolet\u00fdch<\/strong><\/h3>\n\n\n\n<p>Kupovanie vape produktov od vapestornado pre <strong>malolet\u00fdch<\/strong> je pr\u00edsne zak\u00e1zan\u00e9. Ak\u00fdko\u013evek pokus o to m\u00f4\u017ee vies\u0165 k pr\u00e1vnym n\u00e1sledkom pre kupuj\u00faceho.<\/p>\n\n\n\n<h3 class=\"wp-block-heading\"><strong>Proces overovania veku<\/strong><\/h3>\n\n\n\n<p>M\u00e1me <strong>pr\u00edsny proces overovania veku<\/strong> na zabezpe\u010denie s\u00faladu so z\u00e1konn\u00fdmi po\u017eiadavkami na vek. Na dokon\u010denie overenia veku m\u00f4\u017eete by\u0165 po\u017eiadan\u00ed o poskytnutie osobn\u00fdch \u00fadajov, vr\u00e1tane v\u00e1\u0161ho mena, adresy, d\u00e1tumu narodenia a posledn\u00fdch \u0161tyroch \u010d\u00edslic v\u00e1\u0161ho rodn\u00e9ho \u010d\u00edsla. Tieto inform\u00e1cie bud\u00fa kr\u00ed\u017eovo kontrolovan\u00e9 s verejn\u00fdmi z\u00e1znamami. Ak je kr\u00ed\u017eov\u00e1 kontrola ne\u00faspe\u0161n\u00e1 alebo ak nem\u00f4\u017eete poskytn\u00fa\u0165 svoje rodn\u00e9 \u010d\u00edslo, budete musie\u0165 nahra\u0165 <strong>preukaz toto\u017enosti vydan\u00fd vl\u00e1dou<\/strong> na overenie.<\/p>\n\n\n\n<h3 class=\"wp-block-heading\"><strong>Pr\u00e1vo odmietnu\u0165 slu\u017ebu<\/strong><\/h3>\n\n\n\n<p>Vyhradzujeme si pr\u00e1vo <strong>odmietnu\u0165 alebo zru\u0161i\u0165 objedn\u00e1vku<\/strong> ak nem\u00f4\u017eeme overi\u0165 v\u00e1\u0161 vek alebo ak nie je mo\u017en\u00e9 bezodkladne poskytn\u00fa\u0165 riadny doklad toto\u017enosti.<\/p>\n\n\n\n<h3 class=\"wp-block-heading\"><strong>Z\u00e1v\u00e4zok k prevencii ml\u00e1de\u017ee<\/strong><\/h3>\n\n\n\n<p>vapestornado sa venuje prevencii predaja produktov osob\u00e1m mlad\u0161\u00edm ako plnolet\u00e9. Pou\u017e\u00edvame robustn\u00fd syst\u00e9m overovania veku, aby sme zabezpe\u010dili s\u00falad s pr\u00e1vnymi obmedzeniami veku a zabr\u00e1nili pr\u00edstupu mlad\u00fdch \u013eud\u00ed k produktom vape.<\/p>\n\n\n\n<h3 class=\"wp-block-heading\"><strong>Odmietnutie alebo obmedzenie slu\u017eby<\/strong><\/h3>\n\n\n\n<p>Vyhradzujeme si pr\u00e1vo <strong>odmietnu\u0165 slu\u017ebu<\/strong> osob\u00e1m, ktor\u00e9 nesp\u013a\u0148aj\u00fa vekov\u00e9 po\u017eiadavky alebo neposkytn\u00fa dostato\u010dn\u00fd d\u00f4kaz o veku. Ak sa domnievate, \u017ee v\u00e1m bola slu\u017eba nepr\u00e1vom odmietnut\u00e1, kontaktujte n\u00e1\u0161 t\u00edm z\u00e1kazn\u00edckej podpory pre pomoc.<\/p>\n\n\n\n<h3 class=\"wp-block-heading\"><strong>Upozornenie na obsah str\u00e1nky<\/strong><\/h3>\n\n\n\n<p>Zah\u0155\u0148ame <strong>v\u00fdstra\u017en\u00fa spr\u00e1vu<\/strong> na na\u0161ej webovej str\u00e1nke t\u00fdkaj\u00facu sa elektronick\u00fdch cigariet, ktor\u00e1 z\u00e1kazn\u00edkom pripom\u00edna, \u017ee musia ma\u0165 najmenej <strong>21 rokov<\/strong> v Slovenskej republike na uskuto\u010dnenie n\u00e1kupu.<\/p>\n\n\n\n<p>V spolo\u010dnosti vapestornado uprednost\u0148ujeme <strong>bezpe\u010dnos\u0165<\/strong> a <strong>blaho<\/strong> na\u0161ich z\u00e1kazn\u00edkov. Zabezpe\u010den\u00edm pr\u00edsneho dodr\u017eiavania protokolov overovania veku udr\u017eiavame zodpovedn\u00fd a leg\u00e1lny pr\u00edstup k predaju elektronick\u00fdch cigariet. N\u00e1\u0161 z\u00e1v\u00e4zok predch\u00e1dza\u0165 pr\u00edstupu malolet\u00fdch odr\u00e1\u017ea na\u0161e odhodlanie podporova\u0165 zdrav\u00fa a zodpovedn\u00fa komunitu vapingu.<\/p>\n\n\n\n<p>4o mini<\/p>","protected":false},"excerpt":{"rendered":"<p>V spolo\u010dnosti vapestornado sme odhodlan\u00ed udr\u017eiava\u0165 zodpovedn\u00fd a leg\u00e1lny pr\u00edstup k predaju na\u0161ich vape produktov. Aby sme zabezpe\u010dili splnenie z\u00e1konn\u00fdch po\u017eiadaviek a podporovali zodpovedn\u00e9 vapovanie, zaviedli sme nasleduj\u00face z\u00e1sady overovania veku: Po\u017eiadavka leg\u00e1lneho veku na faj\u010denie Z\u00e1kazn\u00edci musia ma\u0165 najmenej 18 rokov (z\u00e1konn\u00fd vek na faj\u010denie v [\u2026]<\/p>","protected":false},"author":1,"featured_media":0,"parent":0,"menu_order":0,"comment_status":"closed","ping_status":"closed","template":"","meta":{"_acf_changed":false,"_uag_custom_page_level_css":"","_lmt_disableupdate":"","_lmt_disable":"","_monsterinsights_skip_tracking":false,"_monsterinsights_sitenote_active":false,"_monsterinsights_sitenote_note":"","_monsterinsights_sitenote_category":0,"site-sidebar-layout":"default","site-content-layout":"","ast-site-content-layout":"default","site-content-style":"default","site-sidebar-style":"default","ast-global-header-display":"","ast-banner-title-visibility":"","ast-main-header-display":"","ast-hfb-above-header-display":"","ast-hfb-below-header-display":"","ast-hfb-mobile-header-display":"","site-post-title":"","ast-breadcrumbs-content":"","ast-featured-img":"","footer-sml-layout":"","ast-disable-related-posts":"","theme-transparent-header-meta":"","adv-header-id-meta":"","stick-header-meta":"","header-above-stick-meta":"","header-main-stick-meta":"","header-below-stick-meta":"","astra-migrate-meta-layouts":"set","ast-page-background-enabled":"default","ast-page-background-meta":{"desktop":{"background-color":"","background-image":"","background-repeat":"repeat","background-position":"center center","background-size":"auto","background-attachment":"scroll","background-type":"","background-media":"","overlay-type":"","overlay-color":"","overlay-opacity":"","overlay-gradient":""},"tablet":{"background-color":"","background-image":"","background-repeat":"repeat","background-position":"center center","background-size":"auto","background-attachment":"scroll","background-type":"","background-media":"","overlay-type":"","overlay-color":"","overlay-opacity":"","overlay-gradient":""},"mobile":{"background-color":"","background-image":"","background-repeat":"repeat","background-position":"center center","background-size":"auto","background-attachment":"scroll","background-type":"","background-media":"","overlay-type":"","overlay-color":"","overlay-opacity":"","overlay-gradient":""}},"ast-content-background-meta":{"desktop":{"background-color":"var(--ast-global-color-5)","background-image":"","background-repeat":"repeat","background-position":"center center","background-size":"auto","background-attachment":"scroll","background-type":"","background-media":"","overlay-type":"","overlay-color":"","overlay-opacity":"","overlay-gradient":""},"tablet":{"background-color":"var(--ast-global-color-5)","background-image":"","background-repeat":"repeat","background-position":"center center","background-size":"auto","background-attachment":"scroll","background-type":"","background-media":"","overlay-type":"","overlay-color":"","overlay-opacity":"","overlay-gradient":""},"mobile":{"background-color":"var(--ast-global-color-5)","background-image":"","background-repeat":"repeat","background-position":"center center","background-size":"auto","background-attachment":"scroll","background-type":"","background-media":"","overlay-type":"","overlay-color":"","overlay-opacity":"","overlay-gradient":""}},"_joinchat":[],"footnotes":""},"class_list":["post-2781","page","type-page","status-publish","hentry"],"acf":[],"uagb_featured_image_src":{"full":false,"thumbnail":false,"medium":false,"medium_large":false,"large":false,"1536x1536":false,"2048x2048":false,"trp-custom-language-flag":false,"woocommerce_thumbnail":false,"woocommerce_single":false,"woocommerce_gallery_thumbnail":false},"uagb_author_info":{"display_name":"yannazhan@gmail.com","author_link":"https:\/\/vapestornado.com\/sk\/author\/yannazhangmail-com\/"},"uagb_comment_info":0,"uagb_excerpt":"At vapestornado, we are committed to maintaining a responsible and legal approach to the sale of our vape products. To ensure we meet legal requirements and promote responsible vaping, we have implemented the following age verification policy: Legal Smoking Age Requirement Customers must be at least 21 years old (the legal smoking age in the&hellip;","_links":{"self":[{"href":"https:\/\/vapestornado.com\/sk\/wp-json\/wp\/v2\/pages\/2781","targetHints":{"allow":["GET"]}}],"collection":[{"href":"https:\/\/vapestornado.com\/sk\/wp-json\/wp\/v2\/pages"}],"about":[{"href":"https:\/\/vapestornado.com\/sk\/wp-json\/wp\/v2\/types\/page"}],"author":[{"embeddable":true,"href":"https:\/\/vapestornado.com\/sk\/wp-json\/wp\/v2\/users\/1"}],"replies":[{"embeddable":true,"href":"https:\/\/vapestornado.com\/sk\/wp-json\/wp\/v2\/comments?post=2781"}],"version-history":[{"count":1,"href":"https:\/\/vapestornado.com\/sk\/wp-json\/wp\/v2\/pages\/2781\/revisions"}],"predecessor-version":[{"id":2783,"href":"https:\/\/vapestornado.com\/sk\/wp-json\/wp\/v2\/pages\/2781\/revisions\/2783"}],"wp:attachment":[{"href":"https:\/\/vapestornado.com\/sk\/wp-json\/wp\/v2\/media?parent=2781"}],"curies":[{"name":"wp","href":"https:\/\/api.w.org\/{rel}","templated":true}]}}