{"id":2778,"date":"2024-11-12T09:59:42","date_gmt":"2024-11-12T09:59:42","guid":{"rendered":"https:\/\/vapestornado.com\/?page_id=2778"},"modified":"2024-11-12T09:59:43","modified_gmt":"2024-11-12T09:59:43","slug":"privacy-policy-for-vapestornado","status":"publish","type":"page","link":"https:\/\/vapestornado.com\/sk\/privacy-policy-for-vapestornado\/","title":{"rendered":"Z\u00e1sady ochrany osobn\u00fdch \u00fadajov pre vapestornado"},"content":{"rendered":"<p>Vo vapestornado uprednost\u0148ujeme ochranu a d\u00f4vernos\u0165 va\u0161ich osobn\u00fdch \u00fadajov. Tieto z\u00e1sady ochrany osobn\u00fdch \u00fadajov vysvet\u013euj\u00fa, ako zhroma\u017e\u010fujeme, pou\u017e\u00edvame a chr\u00e1nime inform\u00e1cie, ktor\u00e9 poskytujete pri pou\u017e\u00edvan\u00ed na\u0161ej webovej str\u00e1nky vapestornado.com.<\/p>\n\n\n\n<p><strong>Zhroma\u017e\u010fovanie inform\u00e1ci\u00ed<\/strong><\/p>\n\n\n\n<p>Ke\u010f nav\u0161t\u00edvite na\u0161u webov\u00fa str\u00e1nku, m\u00f4\u017eeme zhroma\u017e\u010fova\u0165 nasleduj\u00face typy inform\u00e1ci\u00ed:<\/p>\n\n\n\n<ul class=\"wp-block-list\">\n<li><strong>Osobn\u00e9 inform\u00e1cie<\/strong>: Patria sem podrobnosti ako va\u0161e meno, e-mailov\u00e1 adresa a kontaktn\u00e9 inform\u00e1cie, ktor\u00e9 poskytnete pri n\u00e1kupe alebo ke\u010f n\u00e1s kontaktujete.<\/li>\n\n\n\n<li><strong>Inform\u00e1cie o prehliadan\u00ed a zariaden\u00ed<\/strong>: Zhroma\u017e\u010fujeme inform\u00e1cie o va\u0161om spr\u00e1van\u00ed pri prehliadan\u00ed a zariaden\u00ed prostredn\u00edctvom s\u00faborov cookie a podobn\u00fdch technol\u00f3gi\u00ed, aby sme zlep\u0161ili va\u0161u pou\u017e\u00edvate\u013esk\u00fa sk\u00fasenos\u0165.<\/li>\n\n\n\n<li><strong>Ostatn\u00e9 inform\u00e1cie<\/strong>: Ak\u00e9ko\u013evek \u010fal\u0161ie podrobnosti, ktor\u00e9 s nami dobrovo\u013ene zdie\u013eate.<\/li>\n<\/ul>\n\n\n\n<p><strong>Pou\u017eitie inform\u00e1ci\u00ed<\/strong><\/p>\n\n\n\n<p>Inform\u00e1cie, ktor\u00e9 zhroma\u017e\u010fujeme, pou\u017e\u00edvame na \u00fa\u010dely, ktor\u00e9 zah\u0155\u0148aj\u00fa:<\/p>\n\n\n\n<ul class=\"wp-block-list\">\n<li><strong>Upozornenia na objedn\u00e1vky<\/strong>: Ke\u010f zad\u00e1te objedn\u00e1vku, pou\u017eijeme va\u0161u poskytnut\u00fa e-mailov\u00fa adresu na zasielanie d\u00f4le\u017eit\u00fdch aktualiz\u00e1ci\u00ed, ako s\u00fa potvrdenia objedn\u00e1vok, upozornenia na odoslanie a in\u00e9 ozn\u00e1menia t\u00fdkaj\u00face sa objedn\u00e1vky.<\/li>\n\n\n\n<li><strong>Marketingov\u00e1 komunik\u00e1cia<\/strong>: Zadan\u00edm objedn\u00e1vky na na\u0161ej str\u00e1nke s\u00fahlas\u00edte s prij\u00edman\u00edm pravideln\u00fdch marketingov\u00fdch e-mailov s inform\u00e1ciami o nov\u00fdch produktoch, \u0161peci\u00e1lnych ponuk\u00e1ch, akci\u00e1ch a udalostiach. Odber m\u00f4\u017eete kedyko\u013evek zru\u0161i\u0165 pod\u013ea pokynov uveden\u00fdch v ka\u017edom e-maile.<\/li>\n\n\n\n<li><strong>Z\u00e1kazn\u00edcka komunik\u00e1cia<\/strong>: M\u00f4\u017eeme v\u00e1s kontaktova\u0165 v s\u00favislosti s va\u0161imi objedn\u00e1vkami, ot\u00e1zkami a propaga\u010dn\u00fdmi aktualiz\u00e1ciami.<\/li>\n\n\n\n<li><strong>Vylep\u0161enie webovej str\u00e1nky<\/strong>: Pou\u017e\u00edvame \u00fadaje na zlep\u0161enie na\u0161ej webovej str\u00e1nky a slu\u017eieb na z\u00e1klade sp\u00e4tnej v\u00e4zby a interakci\u00ed pou\u017e\u00edvate\u013eov.<\/li>\n\n\n\n<li><strong>Bezpe\u010dnos\u0165 a prevencia podvodov<\/strong>: Va\u0161e inform\u00e1cie pou\u017e\u00edvame na zabezpe\u010denie na\u0161ej str\u00e1nky a na zabr\u00e1nenie podvodn\u00fdm aktivit\u00e1m.<\/li>\n<\/ul>\n\n\n\n<p><strong>Zdie\u013eanie inform\u00e1ci\u00ed<\/strong><\/p>\n\n\n\n<p>Va\u0161e osobn\u00e9 \u00fadaje nepred\u00e1vame ani nezdie\u013eame s tret\u00edmi stranami bez v\u00e1\u0161ho s\u00fahlasu, s v\u00fdnimkou pr\u00edpadov, ke\u010f je to potrebn\u00e9 na splnenie va\u0161ich po\u017eiadaviek (napr. zdie\u013eanie s prepravn\u00fdmi partnermi) alebo ako to vy\u017eaduje z\u00e1kon.<\/p>\n\n\n\n<p><strong>Zabezpe\u010denie \u00fadajov<\/strong><\/p>\n\n\n\n<p>Pou\u017e\u00edvame \u0161tandardn\u00e9 bezpe\u010dnostn\u00e9 opatrenia, vr\u00e1tane \u0161ifrovania, technol\u00f3gie Secure Socket Layer (SSL) a pravideln\u00fdch bezpe\u010dnostn\u00fdch hodnoten\u00ed, na ochranu va\u0161ich osobn\u00fdch \u00fadajov.<\/p>\n\n\n\n<p><strong>Va\u0161e pr\u00e1va<\/strong><\/p>\n\n\n\n<p>M\u00e1te pr\u00e1vo kedyko\u013evek pristupova\u0165, aktualizova\u0165 alebo vymaza\u0165 svoje osobn\u00e9 \u00fadaje. M\u00f4\u017eete sa tie\u017e odhl\u00e1si\u0165 z marketingovej komunik\u00e1cie kliknut\u00edm na odkaz \u201eodhl\u00e1si\u0165 sa\u201c v na\u0161ich e-mailoch.<\/p>\n\n\n\n<p><strong>Aktualiz\u00e1cie z\u00e1sad<\/strong><\/p>\n\n\n\n<p>Tieto Z\u00e1sady ochrany osobn\u00fdch \u00fadajov m\u00f4\u017eu by\u0165 pravidelne aktualizovan\u00e9, aby odr\u00e1\u017eali zmeny v na\u0161ich postupoch alebo z\u00e1konn\u00fdch po\u017eiadavk\u00e1ch. Odpor\u00fa\u010dame v\u00e1m pravidelne kontrolova\u0165 tieto z\u00e1sady.<\/p>\n\n\n\n<p>Pou\u017e\u00edvan\u00edm na\u0161ej webovej str\u00e1nky s\u00fahlas\u00edte s podmienkami uveden\u00fdmi v t\u00fdchto Z\u00e1sad\u00e1ch ochrany osobn\u00fdch \u00fadajov. V pr\u00edpade ak\u00fdchko\u013evek ot\u00e1zok alebo ob\u00e1v t\u00fdkaj\u00facich sa na\u0161ich postupov ochrany osobn\u00fdch \u00fadajov n\u00e1s kontaktujte na adrese <a>info@vapestornado.com<\/a>.<\/p>\n\n\n\n<p>\u010eakujeme, \u017ee ste si vybrali vapestornado pre va\u0161e potreby jednorazov\u00fdch vape.<\/p>","protected":false},"excerpt":{"rendered":"<p>V spolo\u010dnosti vapestornado uprednost\u0148ujeme ochranu a d\u00f4vernos\u0165 va\u0161ich osobn\u00fdch \u00fadajov. Tieto Z\u00e1sady ochrany osobn\u00fdch \u00fadajov vysvet\u013euj\u00fa, ako zhroma\u017e\u010fujeme, pou\u017e\u00edvame a chr\u00e1nime inform\u00e1cie, ktor\u00e9 poskytujete pri pou\u017e\u00edvan\u00ed na\u0161ej webovej str\u00e1nky vapestornado.com. Zhroma\u017e\u010fovanie inform\u00e1ci\u00ed Ke\u010f nav\u0161t\u00edvite na\u0161u webov\u00fa str\u00e1nku, m\u00f4\u017eeme zhroma\u017e\u010fova\u0165 nasleduj\u00face typy inform\u00e1ci\u00ed: Pou\u017eitie inform\u00e1ci\u00ed Inform\u00e1cie, ktor\u00e9 zhroma\u017e\u010fujeme, pou\u017e\u00edvame [\u2026]<\/p>","protected":false},"author":1,"featured_media":0,"parent":0,"menu_order":0,"comment_status":"closed","ping_status":"closed","template":"","meta":{"_acf_changed":false,"_uag_custom_page_level_css":"","_lmt_disableupdate":"","_lmt_disable":"","_monsterinsights_skip_tracking":false,"_monsterinsights_sitenote_active":false,"_monsterinsights_sitenote_note":"","_monsterinsights_sitenote_category":0,"site-sidebar-layout":"default","site-content-layout":"","ast-site-content-layout":"default","site-content-style":"default","site-sidebar-style":"default","ast-global-header-display":"","ast-banner-title-visibility":"","ast-main-header-display":"","ast-hfb-above-header-display":"","ast-hfb-below-header-display":"","ast-hfb-mobile-header-display":"","site-post-title":"","ast-breadcrumbs-content":"","ast-featured-img":"","footer-sml-layout":"","ast-disable-related-posts":"","theme-transparent-header-meta":"","adv-header-id-meta":"","stick-header-meta":"","header-above-stick-meta":"","header-main-stick-meta":"","header-below-stick-meta":"","astra-migrate-meta-layouts":"set","ast-page-background-enabled":"default","ast-page-background-meta":{"desktop":{"background-color":"","background-image":"","background-repeat":"repeat","background-position":"center center","background-size":"auto","background-attachment":"scroll","background-type":"","background-media":"","overlay-type":"","overlay-color":"","overlay-opacity":"","overlay-gradient":""},"tablet":{"background-color":"","background-image":"","background-repeat":"repeat","background-position":"center center","background-size":"auto","background-attachment":"scroll","background-type":"","background-media":"","overlay-type":"","overlay-color":"","overlay-opacity":"","overlay-gradient":""},"mobile":{"background-color":"","background-image":"","background-repeat":"repeat","background-position":"center center","background-size":"auto","background-attachment":"scroll","background-type":"","background-media":"","overlay-type":"","overlay-color":"","overlay-opacity":"","overlay-gradient":""}},"ast-content-background-meta":{"desktop":{"background-color":"var(--ast-global-color-5)","background-image":"","background-repeat":"repeat","background-position":"center center","background-size":"auto","background-attachment":"scroll","background-type":"","background-media":"","overlay-type":"","overlay-color":"","overlay-opacity":"","overlay-gradient":""},"tablet":{"background-color":"var(--ast-global-color-5)","background-image":"","background-repeat":"repeat","background-position":"center center","background-size":"auto","background-attachment":"scroll","background-type":"","background-media":"","overlay-type":"","overlay-color":"","overlay-opacity":"","overlay-gradient":""},"mobile":{"background-color":"var(--ast-global-color-5)","background-image":"","background-repeat":"repeat","background-position":"center center","background-size":"auto","background-attachment":"scroll","background-type":"","background-media":"","overlay-type":"","overlay-color":"","overlay-opacity":"","overlay-gradient":""}},"_joinchat":[],"footnotes":""},"class_list":["post-2778","page","type-page","status-publish","hentry"],"acf":[],"uagb_featured_image_src":{"full":false,"thumbnail":false,"medium":false,"medium_large":false,"large":false,"1536x1536":false,"2048x2048":false,"trp-custom-language-flag":false,"woocommerce_thumbnail":false,"woocommerce_single":false,"woocommerce_gallery_thumbnail":false},"uagb_author_info":{"display_name":"yannazhan@gmail.com","author_link":"https:\/\/vapestornado.com\/sk\/author\/yannazhangmail-com\/"},"uagb_comment_info":0,"uagb_excerpt":"At vapestornado, we prioritize the protection and confidentiality of your personal information. This Privacy Policy explains how we collect, use, and protect the information you provide while using our website, vapestornado.com. Information Collection When you visit our website, we may collect the following types of information: Use of Information We use the information we collect&hellip;","_links":{"self":[{"href":"https:\/\/vapestornado.com\/sk\/wp-json\/wp\/v2\/pages\/2778","targetHints":{"allow":["GET"]}}],"collection":[{"href":"https:\/\/vapestornado.com\/sk\/wp-json\/wp\/v2\/pages"}],"about":[{"href":"https:\/\/vapestornado.com\/sk\/wp-json\/wp\/v2\/types\/page"}],"author":[{"embeddable":true,"href":"https:\/\/vapestornado.com\/sk\/wp-json\/wp\/v2\/users\/1"}],"replies":[{"embeddable":true,"href":"https:\/\/vapestornado.com\/sk\/wp-json\/wp\/v2\/comments?post=2778"}],"version-history":[{"count":1,"href":"https:\/\/vapestornado.com\/sk\/wp-json\/wp\/v2\/pages\/2778\/revisions"}],"predecessor-version":[{"id":2779,"href":"https:\/\/vapestornado.com\/sk\/wp-json\/wp\/v2\/pages\/2778\/revisions\/2779"}],"wp:attachment":[{"href":"https:\/\/vapestornado.com\/sk\/wp-json\/wp\/v2\/media?parent=2778"}],"curies":[{"name":"wp","href":"https:\/\/api.w.org\/{rel}","templated":true}]}}