{"id":2776,"date":"2024-11-12T09:55:46","date_gmt":"2024-11-12T09:55:46","guid":{"rendered":"https:\/\/vapestornado.com\/?page_id=2776"},"modified":"2024-11-12T09:55:48","modified_gmt":"2024-11-12T09:55:48","slug":"terms-conditions","status":"publish","type":"page","link":"https:\/\/vapestornado.com\/sk\/terms-conditions\/","title":{"rendered":"Zmluvn\u00e9 podmienky"},"content":{"rendered":"<p>Vitajte na vapestornado! Vstupom a pou\u017e\u00edvan\u00edm na\u0161ej webovej str\u00e1nky s\u00fahlas\u00edte s dodr\u017eiavan\u00edm nasleduj\u00facich podmienok spolu s platn\u00fdmi z\u00e1konmi. Ak s t\u00fdmito podmienkami nes\u00fahlas\u00edte, nepou\u017e\u00edvajte na\u0161u str\u00e1nku. N\u00e1kupom na na\u0161ej webovej str\u00e1nke s\u00fahlas\u00edte s Podmienkami<\/p>\n\n\n\n<p><strong>Medzin\u00e1rodn\u00e9 objedn\u00e1vky<\/strong><\/p>\n\n\n\n<p>vapestornado s\u00eddli v Hongkongu a p\u00f4sob\u00ed glob\u00e1lne. Z\u00e1kazn\u00edci, ktor\u00ed u n\u00e1s nakupuj\u00fa a posielaj\u00fa tovar do kraj\u00edn mimo Hongkongu, bud\u00fa pova\u017eovan\u00ed za medzin\u00e1rodn\u00fdch z\u00e1kazn\u00edkov. Pred n\u00e1kupom sa uistite, \u017ee rozumiete predpisom va\u0161ej krajiny t\u00fdkaj\u00facim sa dr\u017eby, dovozu, v\u00fdvozu a pou\u017e\u00edvania vaporiza\u010dn\u00fdch produktov. \u010eal\u0161ie z\u00e1sady pre konkr\u00e9tne krajiny s\u00fa uveden\u00e9 v na\u0161ich z\u00e1sad\u00e1ch prepravy, vr\u00e1tenia tovaru a z\u00e1ruky.<\/p>\n\n\n\n<p><strong>Autorsk\u00e9 pr\u00e1va<\/strong><\/p>\n\n\n\n<p>Cel\u00fd obsah tejto str\u00e1nky, vr\u00e1tane textu, grafiky a k\u00f3du, je chr\u00e1nen\u00fd autorsk\u00fdm pr\u00e1vom ako kolekt\u00edvne dielo pod\u013ea z\u00e1konov o autorskom pr\u00e1ve. Toto kolekt\u00edvne dielo zah\u0155\u0148a diela licencovan\u00e9 spolo\u010dnosti vapestornado. Copyright 2022, vapestornado. V\u0161etky pr\u00e1va vyhraden\u00e9. M\u00f4\u017eete elektronicky kop\u00edrova\u0165 a tla\u010di\u0165 \u010dasti tejto str\u00e1nky v\u00fdhradne na \u00fa\u010dely zadania objedn\u00e1vky u spolo\u010dnosti vapestornado alebo n\u00e1kupu produktov vapestornado. Ak\u00e9ko\u013evek in\u00e9 pou\u017eitie, vr\u00e1tane reprodukcie, distrib\u00facie, zobrazovania alebo prenosu obsahu str\u00e1nky, je pr\u00edsne zak\u00e1zan\u00e9 bez v\u00fdslovn\u00e9ho povolenia spolo\u010dnosti vapestornado Inc.<\/p>\n\n\n\n<p><strong>Ochrann\u00e9 zn\u00e1mky<\/strong><\/p>\n\n\n\n<p>V\u0161etky ochrann\u00e9 zn\u00e1mky, servisn\u00e9 zn\u00e1mky a obchodn\u00e9 n\u00e1zvy pou\u017eit\u00e9 na str\u00e1nke s\u00fa ochrann\u00e9 zn\u00e1mky alebo registrovan\u00e9 ochrann\u00e9 zn\u00e1mky spolo\u010dnosti vapestornado.<\/p>\n\n\n\n<p><strong>Zrieknutie sa z\u00e1ruky<\/strong><\/p>\n\n\n\n<p>Na\u0161a str\u00e1nka a poskytovan\u00e9 materi\u00e1ly a produkty s\u00fa pon\u00fakan\u00e9 \u201etak ako s\u00fa\u201c bez z\u00e1ruk ak\u00e9hoko\u013evek druhu, \u010di u\u017e v\u00fdslovn\u00fdch alebo implicitn\u00fdch. vapestornado sa zrieka v\u0161etk\u00fdch z\u00e1ruk, vr\u00e1tane obchodovate\u013enosti, vhodnosti na konkr\u00e9tny \u00fa\u010del a neporu\u0161ovania pr\u00e1v. Nezaru\u010dujeme, \u017ee funkcie str\u00e1nky bud\u00fa nepreru\u0161ovan\u00e9 alebo bezchybn\u00e9, ani \u017ee bud\u00fa opraven\u00e9 ak\u00e9ko\u013evek chyby. Taktie\u017e nezaru\u010dujeme presnos\u0165, aktu\u00e1lnos\u0165 alebo spo\u013eahlivos\u0165 materi\u00e1lov na str\u00e1nke.<\/p>\n\n\n\n<p><strong>Obmedzenie zodpovednosti<\/strong><\/p>\n\n\n\n<p>Spolo\u010dnos\u0165 vapestornado nenesie zodpovednos\u0165 za \u017eiadne \u0161peci\u00e1lne alebo n\u00e1sledn\u00e9 \u0161kody vypl\u00fdvaj\u00face z pou\u017eitia materi\u00e1lov na tejto str\u00e1nke alebo z v\u00fdkonu produktov, a to ani v pr\u00edpade, \u017ee bola upozornen\u00e1 na mo\u017enos\u0165 vzniku tak\u00fdchto \u0161k\u00f4d. Niektor\u00e9 jurisdikcie nepovo\u013euj\u00fa obmedzenia z\u00e1ruk alebo vyl\u00fa\u010denie zodpovednosti za n\u00e1sledn\u00e9 \u0161kody, tak\u017ee tieto obmedzenia sa na v\u00e1s nemusia vz\u0165ahova\u0165.<\/p>\n\n\n\n<p><strong>Ukon\u010denie<\/strong><\/p>\n\n\n\n<p>Tieto podmienky platia pre v\u00e1s pri vstupe na str\u00e1nku alebo pri dokon\u010den\u00ed akejko\u013evek registr\u00e1cie alebo n\u00e1kupn\u00e9ho procesu. Spolo\u010dnos\u0165 vapestornado m\u00f4\u017ee tieto podmienky alebo ak\u00fako\u013evek ich \u010das\u0165 kedyko\u013evek a z ak\u00e9hoko\u013evek d\u00f4vodu ukon\u010di\u0165 bez predch\u00e1dzaj\u00faceho upozornenia. Niektor\u00e9 ustanovenia, vr\u00e1tane autorsk\u00fdch pr\u00e1v, ochrann\u00fdch zn\u00e1mok, vyl\u00fa\u010denia zodpovednosti, obmedzenia zodpovednosti, od\u0161kodnenia a r\u00f4zne, zost\u00e1vaj\u00fa v platnosti aj po ukon\u010den\u00ed.<\/p>\n\n\n\n<p><strong>Ozn\u00e1menie<\/strong><\/p>\n\n\n\n<p>Spolo\u010dnos\u0165 vapestornado v\u00e1m m\u00f4\u017ee zasla\u0165 upozornenie e-mailom, v\u0161eobecn\u00fdm upozornen\u00edm na str\u00e1nke alebo in\u00fdmi spo\u013eahliv\u00fdmi met\u00f3dami pomocou kontaktn\u00fdch inform\u00e1ci\u00ed, ktor\u00e9 ste poskytli.<\/p>\n\n\n\n<p><strong>R\u00f4zne<\/strong><\/p>\n\n\n\n<p>Va\u0161e pou\u017e\u00edvanie tejto str\u00e1nky sa riadi z\u00e1konmi Hongkongu bez oh\u013eadu na ustanovenia o vo\u013ebe z\u00e1kona. Ak\u00e9ko\u013evek pr\u00e1vne konanie s\u00favisiace s touto str\u00e1nkou sa bude kona\u0165 na s\u00fadoch v Hongkongu. Ak\u00e9ko\u013evek n\u00e1roky s\u00favisiace so str\u00e1nkou musia by\u0165 podan\u00e9 do jedn\u00e9ho roka od vzniku n\u00e1roku. Ak spolo\u010dnos\u0165 vapestornado neuplatn\u00ed ak\u00e9ko\u013evek ustanovenie t\u00fdchto podmienok, nezriekne sa t\u00fdm \u017eiadnych pr\u00e1v. Spolo\u010dnos\u0165 vapestornado m\u00f4\u017ee post\u00fapi\u0165 svoje pr\u00e1va a povinnosti vypl\u00fdvaj\u00face z tejto zmluvy bez upozornenia.<\/p>\n\n\n\n<p><strong>Pou\u017e\u00edvanie str\u00e1nky<\/strong><\/p>\n\n\n\n<p>Je zak\u00e1zan\u00e9 ak\u00e9ko\u013evek ob\u0165a\u017eovanie na str\u00e1nke. Nesmiete nahr\u00e1va\u0165 nevhodn\u00fd obsah ani \u017eiada\u0165 ostatn\u00fdch o komer\u010dn\u00e9 slu\u017eby. vapestornado si vyhradzuje pr\u00e1vo zablokova\u0165 alebo odstr\u00e1ni\u0165 nevhodn\u00fd obsah pod\u013ea vlastn\u00e9ho uv\u00e1\u017eenia.<\/p>\n\n\n\n<p><strong>Zrieknutie sa \u00fa\u010dasti<\/strong><\/p>\n\n\n\n<p>vapestornado nezodpoved\u00e1 za obsah vytvoren\u00fd pou\u017e\u00edvate\u013emi na str\u00e1nke. Fungujeme ako sprostredkovate\u013e distrib\u00facie a vyhradzujeme si pr\u00e1vo odstr\u00e1ni\u0165 ak\u00fdko\u013evek nevhodn\u00fd materi\u00e1l.<\/p>\n\n\n\n<p><strong>Pou\u017e\u00edvanie produktov<\/strong><\/p>\n\n\n\n<p>vapestornado neposkytuje \u017eiadne vyhl\u00e1senia t\u00fdkaj\u00face sa \u00fa\u010dinnosti na\u0161ich produktov na ak\u00e9ko\u013evek konkr\u00e9tne pou\u017eitie. Zak\u00fapen\u00edm na\u0161ich produktov s\u00fahlas\u00edte s t\u00fdm, \u017ee ich budete pou\u017e\u00edva\u0165 na vlastn\u00e9 riziko. Nikot\u00ednov\u00e9 produkty s\u00fa ur\u010den\u00e9 len pre dospel\u00fdch. Pred pou\u017eit\u00edm nikot\u00ednov\u00fdch produktov sa pora\u010fte s lek\u00e1rom.<\/p>\n\n\n\n<p><strong>Od\u0161kodnenie<\/strong><\/p>\n\n\n\n<p>S\u00fahlas\u00edte s t\u00fdm, \u017ee od\u0161kodn\u00edte vapestornado a jeho poskytovate\u013eov slu\u017eieb za ak\u00e9ko\u013evek straty, v\u00fddavky, zranenia, \u0161kody a n\u00e1klady vypl\u00fdvaj\u00face z ak\u00e9hoko\u013evek poru\u0161enia t\u00fdchto podmienok alebo aktiv\u00edt s\u00favisiacich s va\u0161\u00edm \u00fa\u010dtom.<\/p>\n\n\n\n<p><strong>Odkazy tret\u00edch str\u00e1n<\/strong><\/p>\n\n\n\n<p>vapestornado m\u00f4\u017ee odkazova\u0165 na str\u00e1nky tret\u00edch str\u00e1n pre pohodlie n\u00e1v\u0161tevn\u00edkov. Nem\u00e1me \u017eiadnu kontrolu nad t\u00fdmito str\u00e1nkami a nezodpoved\u00e1me za ich praktiky.<\/p>\n\n\n\n<p><strong>Vyl\u00fa\u010denie zodpovednosti za produkt<\/strong><\/p>\n\n\n\n<p>Niektor\u00e9 produkty m\u00f4\u017eu ma\u0165 \u0161pecifick\u00e9 vyl\u00fa\u010denia zodpovednosti t\u00fdkaj\u00face sa n\u00e1roku na v\u00fdmenu alebo vr\u00e1tenie pe\u0148az\u00ed. Pred zak\u00fapen\u00edm si pre\u010d\u00edtajte v\u0161etky vyl\u00fa\u010denia zodpovednosti za produkt. S\u00fahlasom s na\u0161imi Podmienkami pri pokladni potvrdzujete, \u017ee ste si pre\u010d\u00edtali a porozumeli v\u0161etk\u00fdm vyl\u00fa\u010deniam zodpovednosti za produkt.<\/p>\n\n\n\n<p>\u010eakujeme, \u017ee ste si vybrali vapestornado!<\/p>","protected":false},"excerpt":{"rendered":"<p>Vitajte na vapestornado! Vstupom a pou\u017e\u00edvan\u00edm na\u0161ej webovej str\u00e1nky s\u00fahlas\u00edte s dodr\u017eiavan\u00edm nasleduj\u00facich podmienok spolu s platn\u00fdmi z\u00e1konmi. Ak s t\u00fdmito podmienkami nes\u00fahlas\u00edte, nepou\u017e\u00edvajte na\u0161u str\u00e1nku. N\u00e1kupom na na\u0161ej webovej str\u00e1nke s\u00fahlas\u00edte s Podmienkami<\/p>","protected":false},"author":1,"featured_media":0,"parent":0,"menu_order":0,"comment_status":"closed","ping_status":"closed","template":"","meta":{"_acf_changed":false,"_uag_custom_page_level_css":"","_lmt_disableupdate":"","_lmt_disable":"","_monsterinsights_skip_tracking":false,"_monsterinsights_sitenote_active":false,"_monsterinsights_sitenote_note":"","_monsterinsights_sitenote_category":0,"site-sidebar-layout":"default","site-content-layout":"","ast-site-content-layout":"default","site-content-style":"default","site-sidebar-style":"default","ast-global-header-display":"","ast-banner-title-visibility":"","ast-main-header-display":"","ast-hfb-above-header-display":"","ast-hfb-below-header-display":"","ast-hfb-mobile-header-display":"","site-post-title":"","ast-breadcrumbs-content":"","ast-featured-img":"","footer-sml-layout":"","ast-disable-related-posts":"","theme-transparent-header-meta":"","adv-header-id-meta":"","stick-header-meta":"","header-above-stick-meta":"","header-main-stick-meta":"","header-below-stick-meta":"","astra-migrate-meta-layouts":"set","ast-page-background-enabled":"default","ast-page-background-meta":{"desktop":{"background-color":"","background-image":"","background-repeat":"repeat","background-position":"center center","background-size":"auto","background-attachment":"scroll","background-type":"","background-media":"","overlay-type":"","overlay-color":"","overlay-opacity":"","overlay-gradient":""},"tablet":{"background-color":"","background-image":"","background-repeat":"repeat","background-position":"center center","background-size":"auto","background-attachment":"scroll","background-type":"","background-media":"","overlay-type":"","overlay-color":"","overlay-opacity":"","overlay-gradient":""},"mobile":{"background-color":"","background-image":"","background-repeat":"repeat","background-position":"center center","background-size":"auto","background-attachment":"scroll","background-type":"","background-media":"","overlay-type":"","overlay-color":"","overlay-opacity":"","overlay-gradient":""}},"ast-content-background-meta":{"desktop":{"background-color":"var(--ast-global-color-5)","background-image":"","background-repeat":"repeat","background-position":"center center","background-size":"auto","background-attachment":"scroll","background-type":"","background-media":"","overlay-type":"","overlay-color":"","overlay-opacity":"","overlay-gradient":""},"tablet":{"background-color":"var(--ast-global-color-5)","background-image":"","background-repeat":"repeat","background-position":"center center","background-size":"auto","background-attachment":"scroll","background-type":"","background-media":"","overlay-type":"","overlay-color":"","overlay-opacity":"","overlay-gradient":""},"mobile":{"background-color":"var(--ast-global-color-5)","background-image":"","background-repeat":"repeat","background-position":"center center","background-size":"auto","background-attachment":"scroll","background-type":"","background-media":"","overlay-type":"","overlay-color":"","overlay-opacity":"","overlay-gradient":""}},"_joinchat":[],"footnotes":""},"class_list":["post-2776","page","type-page","status-publish","hentry"],"acf":[],"uagb_featured_image_src":{"full":false,"thumbnail":false,"medium":false,"medium_large":false,"large":false,"1536x1536":false,"2048x2048":false,"trp-custom-language-flag":false,"woocommerce_thumbnail":false,"woocommerce_single":false,"woocommerce_gallery_thumbnail":false},"uagb_author_info":{"display_name":"yannazhan@gmail.com","author_link":"https:\/\/vapestornado.com\/sk\/author\/yannazhangmail-com\/"},"uagb_comment_info":0,"uagb_excerpt":"Welcome to vapestornado! By accessing and using our website, you agree to comply with the following terms and conditions, along with applicable laws. If you do not agree with these terms, please do not use our site. By making a purchase on our website, you agree to the Terms &amp; Conditions below, as well as&hellip;","_links":{"self":[{"href":"https:\/\/vapestornado.com\/sk\/wp-json\/wp\/v2\/pages\/2776","targetHints":{"allow":["GET"]}}],"collection":[{"href":"https:\/\/vapestornado.com\/sk\/wp-json\/wp\/v2\/pages"}],"about":[{"href":"https:\/\/vapestornado.com\/sk\/wp-json\/wp\/v2\/types\/page"}],"author":[{"embeddable":true,"href":"https:\/\/vapestornado.com\/sk\/wp-json\/wp\/v2\/users\/1"}],"replies":[{"embeddable":true,"href":"https:\/\/vapestornado.com\/sk\/wp-json\/wp\/v2\/comments?post=2776"}],"version-history":[{"count":1,"href":"https:\/\/vapestornado.com\/sk\/wp-json\/wp\/v2\/pages\/2776\/revisions"}],"predecessor-version":[{"id":2777,"href":"https:\/\/vapestornado.com\/sk\/wp-json\/wp\/v2\/pages\/2776\/revisions\/2777"}],"wp:attachment":[{"href":"https:\/\/vapestornado.com\/sk\/wp-json\/wp\/v2\/media?parent=2776"}],"curies":[{"name":"wp","href":"https:\/\/api.w.org\/{rel}","templated":true}]}}