{"id":2772,"date":"2024-11-12T09:48:42","date_gmt":"2024-11-12T09:48:42","guid":{"rendered":"https:\/\/vapestornado.com\/?page_id=2772"},"modified":"2024-11-12T09:52:13","modified_gmt":"2024-11-12T09:52:13","slug":"vapestornado-shipping-policy","status":"publish","type":"page","link":"https:\/\/vapestornado.com\/sk\/vapestornado-shipping-policy\/","title":{"rendered":"Prepravn\u00e1 politika vapestornado"},"content":{"rendered":"<ol class=\"wp-block-list\">\n<li><strong>\u010casy spracovania a odoslania:<\/strong><br>Objedn\u00e1vky s\u00fa spracovan\u00e9 a odoslan\u00e9 do 1-3 pracovn\u00fdch dn\u00ed. Dodacie lehoty sa zvy\u010dajne pohybuj\u00fa od 7 do 15 pracovn\u00fdch dn\u00ed. Upozor\u0148ujeme, \u017ee cez v\u00edkendy neodosielame.<\/li>\n\n\n\n<li><strong>Inform\u00e1cie o sledovan\u00ed:<\/strong><br>Po odoslan\u00ed objedn\u00e1vky dostanete e-mail so sledovac\u00edmi inform\u00e1ciami. Svoju z\u00e1sielku m\u00f4\u017eete sledova\u0165 pomocou poskytnut\u00e9ho sledovacieho \u010d\u00edsla na <a href=\"https:\/\/www.17track.net\/en\" target=\"_blank\" rel=\"noopener\">https:\/\/www.17track.net\/en<\/a>. Po odoslan\u00ed po\u010dkajte 1-2 dni, k\u00fdm sa zobrazia aktualiz\u00e1cie sledovania.<\/li>\n\n\n\n<li><strong>Zru\u0161enie objedn\u00e1vky alebo zmeny adresy:<\/strong><br>Prepravn\u00fa adresu m\u00f4\u017eete zru\u0161i\u0165 alebo aktualizova\u0165 kedyko\u013evek pred odoslan\u00edm objedn\u00e1vky. Akon\u00e1hle v\u0161ak bola odoslan\u00e1, nem\u00f4\u017eeme spracova\u0165 vr\u00e1tenie pe\u0148az\u00ed ani zmeny adresy.<\/li>\n\n\n\n<li><strong>Doru\u010denie s uhraden\u00fdm clom (DDP):<\/strong><br>Pre vybran\u00e9 krajiny pon\u00fakame dopravu DDP, \u010do znamen\u00e1, \u017ee nebudete musie\u0165 rie\u0161i\u0165 coln\u00e9 odbavenie ani plati\u0165 cl\u00e1.<ul><li><strong>Slovensko<\/strong> \u2013 UPS Express<\/li><li><strong>UK<\/strong> \u2013 Lok\u00e1lna DPD Express<\/li><li><strong>Eur\u00f3pa<\/strong> \u2013 UPS Express\/DPD Express\/DHL Express<\/li><\/ul><strong>Krajiny opr\u00e1vnen\u00e9 na DDP v Eur\u00f3pe<\/strong> zah\u0155\u0148aj\u00fa: Nemecko, Belgicko, Luxembursko, Holandsko, \u010cesk\u00fa republiku, Po\u013esko, Chorv\u00e1tsko, Slovensko, Slovinsko, F\u00ednsko, D\u00e1nsko, \u0160v\u00e9dsko, Rak\u00fasko, Franc\u00fazsko, Taliansko, Ma\u010farsko, Bulharsko, Litvu, Est\u00f3nsko, Loty\u0161sko, Gr\u00e9cko, \u00cdrsko, Portugalsko a \u0160panielsko.<\/li>\n\n\n\n<li><strong>Pozn\u00e1mka:<\/strong> Pri z\u00e1sielkach do F\u00ednska, \u0160v\u00e9dska, D\u00e1nska, N\u00f3rska, Islandu, \u0160vaj\u010diarska a Srbska existuje riziko sekund\u00e1rneho coln\u00e9ho odbavenia. Ak miestne coln\u00e9 org\u00e1ny po\u010das kontroly tovar zadr\u017eia, poistenie coln\u00e9ho odbavenia nepokryje stratu.<\/li>\n<\/ol>\n\n\n\n<p>\u010eakujeme, \u017ee ste si pre svoje potreby vapingu vybrali vapestornado!<\/p>\n\n\n\n<hr class=\"wp-block-separator has-alpha-channel-opacity\"\/>\n\n\n\n<p><strong>\u010casy odoslania Puff pre konkr\u00e9tne krajiny<\/strong><\/p>\n\n\n\n<figure class=\"wp-block-table\"><table class=\"has-fixed-layout\"><thead><tr><th>Krajina<\/th><th>Sp\u00f4sob dopravy<\/th><th>\u010cas dodania<\/th><\/tr><\/thead><tbody><tr><td>Slovensko<\/td><td>Miestny UPS Ground<\/td><td>10-15 dn\u00ed<\/td><\/tr><tr><td>UK<\/td><td>Miestny DPD Express<\/td><td>7-12 dn\u00ed<\/td><\/tr><tr><td>Nemecka<\/td><td>UPS\/DPD\/DHL<\/td><td>8-13 dn\u00ed<\/td><\/tr><tr><td>Franc\u00fazska<\/td><td>UPS\/DPD\/DHL<\/td><td>8-13 dn\u00ed<\/td><\/tr><tr><td>Belgicko<\/td><td>UPS\/DPD\/DHL<\/td><td>8-13 dn\u00ed<\/td><\/tr><tr><td>Luxembursko<\/td><td>UPS\/DPD\/DHL<\/td><td>8-13 dn\u00ed<\/td><\/tr><tr><td>Holandsko<\/td><td>UPS\/DPD\/DHL<\/td><td>8-13 dn\u00ed<\/td><\/tr><tr><td>\u010cesk\u00e1 republika<\/td><td>UPS\/DPD\/DHL<\/td><td>8-13 dn\u00ed<\/td><\/tr><tr><td>Po\u013eska<\/td><td>UPS\/DPD\/DHL<\/td><td>8-13 dn\u00ed<\/td><\/tr><tr><td>Chorv\u00e1tsko<\/td><td>UPS\/DPD\/DHL<\/td><td>8-13 dn\u00ed<\/td><\/tr><tr><td>Slovensko<\/td><td>UPS\/DPD\/DHL<\/td><td>8-13 dn\u00ed<\/td><\/tr><tr><td>Slovinsko<\/td><td>UPS\/DPD\/DHL<\/td><td>8-13 dn\u00ed<\/td><\/tr><tr><td>F\u00ednska<\/td><td>UPS\/DPD\/DHL<\/td><td>8-13 dn\u00ed<\/td><\/tr><tr><td>D\u00e1nsko<\/td><td>UPS\/DPD\/DHL<\/td><td>8-13 dn\u00ed<\/td><\/tr><tr><td>\u0160v\u00e9dska<\/td><td>UPS\/DPD\/DHL<\/td><td>8-13 dn\u00ed<\/td><\/tr><tr><td>Rak\u00fasko<\/td><td>UPS\/DPD\/DHL<\/td><td>8-13 dn\u00ed<\/td><\/tr><tr><td>Talianska<\/td><td>UPS\/DPD\/DHL<\/td><td>8-13 dn\u00ed<\/td><\/tr><tr><td>Ma\u010farsko<\/td><td>UPS\/DPD\/DHL<\/td><td>8-13 dn\u00ed<\/td><\/tr><tr><td>Litva<\/td><td>UPS\/DPD\/DHL<\/td><td>8-13 dn\u00ed<\/td><\/tr><tr><td>Est\u00f3nsko<\/td><td>UPS\/DPD\/DHL<\/td><td>8-13 dn\u00ed<\/td><\/tr><tr><td>Loty\u0161sko<\/td><td>UPS\/DPD\/DHL<\/td><td>8-13 dn\u00ed<\/td><\/tr><tr><td>Gr\u00e9cko<\/td><td>UPS\/DPD\/DHL<\/td><td>8-13 dn\u00ed<\/td><\/tr><tr><td>\u00cdrsko<\/td><td>UPS\/DPD\/DHL<\/td><td>8-13 dn\u00ed<\/td><\/tr><tr><td>Portugalsko<\/td><td>UPS\/DPD\/DHL<\/td><td>8-13 dn\u00ed<\/td><\/tr><tr><td>\u0160panielska<\/td><td>UPS\/DPD\/DHL<\/td><td>8-13 dn\u00ed<\/td><\/tr><tr><td>SAE (Dubaj)<\/td><td>Vyhraden\u00e1 linka Dubaj<\/td><td>12-18 dn\u00ed<\/td><\/tr><tr><td>Ju\u017en\u00e1 Afrika<\/td><td>Vyhraden\u00e1 linka Ju\u017en\u00e1 Afrika<\/td><td>15-25 dn\u00ed<\/td><\/tr><tr><td>Vietnam<\/td><td>\u0160pecializovan\u00e1 linka pre Vietnam<\/td><td>3-5 dn\u00ed<\/td><\/tr><tr><td>Z\u00e1padn\u00e1 Malajzia<\/td><td>\u0160pecializovan\u00e1 linka pre Malajziu<\/td><td>4-8 dn\u00ed<\/td><\/tr><\/tbody><\/table><\/figure>\n\n\n\n<p><\/p>","protected":false},"excerpt":{"rendered":"<p>\u010eakujeme, \u017ee ste si vybrali vapestornado pre va\u0161e potreby vapovania! \u010casy doru\u010denia Puff pre konkr\u00e9tne krajiny Krajina Sp\u00f4sob dopravy \u010cas doru\u010denia Slovensk\u00e1 republika Lok\u00e1lna UPS Ground 10-15 dn\u00ed Spojen\u00e9 kr\u00e1\u013eovstvo Lok\u00e1lna DPD Express 7-12 dn\u00ed Nemecko UPS\/DPD\/DHL 8-13 dn\u00ed Franc\u00fazsko UPS\/DPD\/DHL 8-13 dn\u00ed Belgicko UPS\/DPD\/DHL 8-13 dn\u00ed Luxembursko UPS\/DPD\/DHL 8-13 dn\u00ed Holandsko UPS\/DPD\/DHL 8-13 dn\u00ed \u010cesk\u00e1 republika UPS\/DPD\/DHL [\u2026]<\/p>","protected":false},"author":1,"featured_media":0,"parent":0,"menu_order":0,"comment_status":"closed","ping_status":"closed","template":"","meta":{"_acf_changed":false,"_uag_custom_page_level_css":"","_lmt_disableupdate":"","_lmt_disable":"","_monsterinsights_skip_tracking":false,"_monsterinsights_sitenote_active":false,"_monsterinsights_sitenote_note":"","_monsterinsights_sitenote_category":0,"site-sidebar-layout":"default","site-content-layout":"","ast-site-content-layout":"default","site-content-style":"default","site-sidebar-style":"default","ast-global-header-display":"","ast-banner-title-visibility":"","ast-main-header-display":"","ast-hfb-above-header-display":"","ast-hfb-below-header-display":"","ast-hfb-mobile-header-display":"","site-post-title":"","ast-breadcrumbs-content":"","ast-featured-img":"","footer-sml-layout":"","ast-disable-related-posts":"","theme-transparent-header-meta":"","adv-header-id-meta":"","stick-header-meta":"","header-above-stick-meta":"","header-main-stick-meta":"","header-below-stick-meta":"","astra-migrate-meta-layouts":"set","ast-page-background-enabled":"default","ast-page-background-meta":{"desktop":{"background-color":"","background-image":"","background-repeat":"repeat","background-position":"center center","background-size":"auto","background-attachment":"scroll","background-type":"","background-media":"","overlay-type":"","overlay-color":"","overlay-opacity":"","overlay-gradient":""},"tablet":{"background-color":"","background-image":"","background-repeat":"repeat","background-position":"center center","background-size":"auto","background-attachment":"scroll","background-type":"","background-media":"","overlay-type":"","overlay-color":"","overlay-opacity":"","overlay-gradient":""},"mobile":{"background-color":"","background-image":"","background-repeat":"repeat","background-position":"center center","background-size":"auto","background-attachment":"scroll","background-type":"","background-media":"","overlay-type":"","overlay-color":"","overlay-opacity":"","overlay-gradient":""}},"ast-content-background-meta":{"desktop":{"background-color":"var(--ast-global-color-5)","background-image":"","background-repeat":"repeat","background-position":"center center","background-size":"auto","background-attachment":"scroll","background-type":"","background-media":"","overlay-type":"","overlay-color":"","overlay-opacity":"","overlay-gradient":""},"tablet":{"background-color":"var(--ast-global-color-5)","background-image":"","background-repeat":"repeat","background-position":"center center","background-size":"auto","background-attachment":"scroll","background-type":"","background-media":"","overlay-type":"","overlay-color":"","overlay-opacity":"","overlay-gradient":""},"mobile":{"background-color":"var(--ast-global-color-5)","background-image":"","background-repeat":"repeat","background-position":"center center","background-size":"auto","background-attachment":"scroll","background-type":"","background-media":"","overlay-type":"","overlay-color":"","overlay-opacity":"","overlay-gradient":""}},"_joinchat":[],"footnotes":""},"class_list":["post-2772","page","type-page","status-publish","hentry"],"acf":[],"uagb_featured_image_src":{"full":false,"thumbnail":false,"medium":false,"medium_large":false,"large":false,"1536x1536":false,"2048x2048":false,"trp-custom-language-flag":false,"woocommerce_thumbnail":false,"woocommerce_single":false,"woocommerce_gallery_thumbnail":false},"uagb_author_info":{"display_name":"yannazhan@gmail.com","author_link":"https:\/\/vapestornado.com\/sk\/author\/yannazhangmail-com\/"},"uagb_comment_info":0,"uagb_excerpt":"Thank you for choosing vapestornado for your vaping needs! Puff Shipping Times for Specific Countries Country Shipping Method Shipping Time USA Local UPS Ground 10-15 Days UK Local DPD Express 7-12 Days Germany UPS\/DPD\/DHL 8-13 Days France UPS\/DPD\/DHL 8-13 Days Belgium UPS\/DPD\/DHL 8-13 Days Luxembourg UPS\/DPD\/DHL 8-13 Days Netherlands UPS\/DPD\/DHL 8-13 Days Czech Republic UPS\/DPD\/DHL&hellip;","_links":{"self":[{"href":"https:\/\/vapestornado.com\/sk\/wp-json\/wp\/v2\/pages\/2772","targetHints":{"allow":["GET"]}}],"collection":[{"href":"https:\/\/vapestornado.com\/sk\/wp-json\/wp\/v2\/pages"}],"about":[{"href":"https:\/\/vapestornado.com\/sk\/wp-json\/wp\/v2\/types\/page"}],"author":[{"embeddable":true,"href":"https:\/\/vapestornado.com\/sk\/wp-json\/wp\/v2\/users\/1"}],"replies":[{"embeddable":true,"href":"https:\/\/vapestornado.com\/sk\/wp-json\/wp\/v2\/comments?post=2772"}],"version-history":[{"count":3,"href":"https:\/\/vapestornado.com\/sk\/wp-json\/wp\/v2\/pages\/2772\/revisions"}],"predecessor-version":[{"id":2775,"href":"https:\/\/vapestornado.com\/sk\/wp-json\/wp\/v2\/pages\/2772\/revisions\/2775"}],"wp:attachment":[{"href":"https:\/\/vapestornado.com\/sk\/wp-json\/wp\/v2\/media?parent=2772"}],"curies":[{"name":"wp","href":"https:\/\/api.w.org\/{rel}","templated":true}]}}