{"id":2769,"date":"2024-11-12T09:44:18","date_gmt":"2024-11-12T09:44:18","guid":{"rendered":"https:\/\/vapestornado.com\/?page_id=2769"},"modified":"2024-11-12T09:45:01","modified_gmt":"2024-11-12T09:45:01","slug":"refund-policy","status":"publish","type":"page","link":"https:\/\/vapestornado.com\/sk\/refund-policy\/","title":{"rendered":"Politika vr\u00e1tenia pe\u0148az\u00ed"},"content":{"rendered":"<p>\u010eakujeme v\u00e1m za n\u00e1kup v vapestornado. Pozorne si pre\u010d\u00edtajte na\u0161e z\u00e1sady vr\u00e1tenia pe\u0148az\u00ed:<\/p>\n\n\n\n<p><strong>\u017diadosti o vr\u00e1tenie pe\u0148az\u00ed do 24 hod\u00edn:<\/strong><br>M\u00f4\u017eete po\u017eiada\u0165 o vr\u00e1tenie pe\u0148az\u00ed do 24 hod\u00edn od zadania objedn\u00e1vky. Kontaktujte n\u00e1s bezodkladne, aby ste dostali pln\u00fa n\u00e1hradu.<\/p>\n\n\n\n<p><strong>\u017diadosti o vr\u00e1tenie pe\u0148az\u00ed po 24 hodin\u00e1ch:<\/strong><br>Pri objedn\u00e1vkach zadan\u00fdch pred viac ako 24 hodinami nemus\u00ed by\u0165 mo\u017en\u00e9 vr\u00e1tenie celej sumy, preto\u017ee objedn\u00e1vky sa zvy\u010dajne pripravuj\u00fa na coln\u00e9 konanie. V t\u00fdchto pr\u00edpadoch m\u00f4\u017eeme poskytn\u00fa\u0165 \u010diasto\u010dn\u00e9 vr\u00e1tenie pe\u0148az\u00ed a\u017e do v\u00fd\u0161ky 50 % z hodnoty objedn\u00e1vky z d\u00f4vodu n\u00e1kladov na stiahnutie bal\u00edka.<\/p>\n\n\n\n<p><strong>\u017diadne vr\u00e1tenie pe\u0148az\u00ed po odoslan\u00ed:<\/strong><br>Po odoslan\u00ed v\u00e1\u0161ho bal\u00edka a vydan\u00ed sledovacieho \u010d\u00edsla u\u017e nebudete ma\u0165 n\u00e1rok na vr\u00e1tenie pe\u0148az\u00ed.<\/p>\n\n\n\n<p><strong>Poistenie a coln\u00e9 probl\u00e9my:<\/strong><br>V\u0161etky bal\u00edky s\u00fa poisten\u00e9. Ak je v\u00e1\u0161 bal\u00edk zadr\u017ean\u00fd coln\u00fdmi org\u00e1nmi a neuvo\u013enen\u00fd, vr\u00e1time v\u00e1m cel\u00fa sumu.<\/p>\n\n\n\n<p><strong>Nespr\u00e1vna adresa alebo probl\u00e9my s doru\u010den\u00edm:<\/strong><br>Ak bal\u00edk nie je mo\u017en\u00e9 doru\u010di\u0165 z d\u00f4vodu nespr\u00e1vnej adresy alebo in\u00fdch probl\u00e9mov s\u00favisiacich so z\u00e1kazn\u00edkom, z\u00e1kazn\u00edk je zodpovedn\u00fd za n\u00e1klady na op\u00e4tovn\u00e9 odoslanie.<\/p>\n\n\n\n<p>V pr\u00edpade ak\u00fdchko\u013evek ot\u00e1zok alebo ob\u00e1v t\u00fdkaj\u00facich sa na\u0161ich z\u00e1sad vr\u00e1tenia pe\u0148az\u00ed kontaktujte n\u00e1\u0161 t\u00edm z\u00e1kazn\u00edckej podpory na vapestornado.<\/p>\n\n\n\n<p><\/p>","protected":false},"excerpt":{"rendered":"<p>\u010eakujeme, \u017ee nakupujete u vapestornado. Pozorne si pre\u010d\u00edtajte na\u0161e z\u00e1sady vr\u00e1tenia pe\u0148az\u00ed: \u017diadosti o vr\u00e1tenie pe\u0148az\u00ed do 24 hod\u00edn: M\u00f4\u017eete po\u017eiada\u0165 o vr\u00e1tenie pe\u0148az\u00ed do 24 hod\u00edn od zadania objedn\u00e1vky. Kontaktujte n\u00e1s bezodkladne, aby ste dostali pln\u00fa n\u00e1hradu. \u017diadosti o vr\u00e1tenie pe\u0148az\u00ed po 24 hodin\u00e1ch: Pri objedn\u00e1vkach zadan\u00fdch pred viac ako 24 hodinami nemus\u00ed by\u0165 mo\u017en\u00e9 vr\u00e1tenie celej sumy [\u2026]<\/p>","protected":false},"author":1,"featured_media":0,"parent":0,"menu_order":0,"comment_status":"closed","ping_status":"closed","template":"","meta":{"_acf_changed":false,"_uag_custom_page_level_css":"","_lmt_disableupdate":"","_lmt_disable":"","_monsterinsights_skip_tracking":false,"_monsterinsights_sitenote_active":false,"_monsterinsights_sitenote_note":"","_monsterinsights_sitenote_category":0,"site-sidebar-layout":"default","site-content-layout":"","ast-site-content-layout":"default","site-content-style":"default","site-sidebar-style":"default","ast-global-header-display":"","ast-banner-title-visibility":"","ast-main-header-display":"","ast-hfb-above-header-display":"","ast-hfb-below-header-display":"","ast-hfb-mobile-header-display":"","site-post-title":"","ast-breadcrumbs-content":"","ast-featured-img":"","footer-sml-layout":"","ast-disable-related-posts":"","theme-transparent-header-meta":"","adv-header-id-meta":"","stick-header-meta":"","header-above-stick-meta":"","header-main-stick-meta":"","header-below-stick-meta":"","astra-migrate-meta-layouts":"set","ast-page-background-enabled":"default","ast-page-background-meta":{"desktop":{"background-color":"","background-image":"","background-repeat":"repeat","background-position":"center center","background-size":"auto","background-attachment":"scroll","background-type":"","background-media":"","overlay-type":"","overlay-color":"","overlay-opacity":"","overlay-gradient":""},"tablet":{"background-color":"","background-image":"","background-repeat":"repeat","background-position":"center center","background-size":"auto","background-attachment":"scroll","background-type":"","background-media":"","overlay-type":"","overlay-color":"","overlay-opacity":"","overlay-gradient":""},"mobile":{"background-color":"","background-image":"","background-repeat":"repeat","background-position":"center center","background-size":"auto","background-attachment":"scroll","background-type":"","background-media":"","overlay-type":"","overlay-color":"","overlay-opacity":"","overlay-gradient":""}},"ast-content-background-meta":{"desktop":{"background-color":"var(--ast-global-color-5)","background-image":"","background-repeat":"repeat","background-position":"center center","background-size":"auto","background-attachment":"scroll","background-type":"","background-media":"","overlay-type":"","overlay-color":"","overlay-opacity":"","overlay-gradient":""},"tablet":{"background-color":"var(--ast-global-color-5)","background-image":"","background-repeat":"repeat","background-position":"center center","background-size":"auto","background-attachment":"scroll","background-type":"","background-media":"","overlay-type":"","overlay-color":"","overlay-opacity":"","overlay-gradient":""},"mobile":{"background-color":"var(--ast-global-color-5)","background-image":"","background-repeat":"repeat","background-position":"center center","background-size":"auto","background-attachment":"scroll","background-type":"","background-media":"","overlay-type":"","overlay-color":"","overlay-opacity":"","overlay-gradient":""}},"_joinchat":[],"footnotes":""},"class_list":["post-2769","page","type-page","status-publish","hentry"],"acf":[],"uagb_featured_image_src":{"full":false,"thumbnail":false,"medium":false,"medium_large":false,"large":false,"1536x1536":false,"2048x2048":false,"trp-custom-language-flag":false,"woocommerce_thumbnail":false,"woocommerce_single":false,"woocommerce_gallery_thumbnail":false},"uagb_author_info":{"display_name":"yannazhan@gmail.com","author_link":"https:\/\/vapestornado.com\/sk\/author\/yannazhangmail-com\/"},"uagb_comment_info":0,"uagb_excerpt":"Thank you for shopping with vapestornado. Please review our refund policy carefully: Refund Requests Within 24 Hours:You may request a refund within 24 hours of placing your order. Contact us promptly to receive a full refund. Refund Requests After 24 Hours:For orders placed more than 24 hours ago, a full refund may not be possible&hellip;","_links":{"self":[{"href":"https:\/\/vapestornado.com\/sk\/wp-json\/wp\/v2\/pages\/2769","targetHints":{"allow":["GET"]}}],"collection":[{"href":"https:\/\/vapestornado.com\/sk\/wp-json\/wp\/v2\/pages"}],"about":[{"href":"https:\/\/vapestornado.com\/sk\/wp-json\/wp\/v2\/types\/page"}],"author":[{"embeddable":true,"href":"https:\/\/vapestornado.com\/sk\/wp-json\/wp\/v2\/users\/1"}],"replies":[{"embeddable":true,"href":"https:\/\/vapestornado.com\/sk\/wp-json\/wp\/v2\/comments?post=2769"}],"version-history":[{"count":2,"href":"https:\/\/vapestornado.com\/sk\/wp-json\/wp\/v2\/pages\/2769\/revisions"}],"predecessor-version":[{"id":2771,"href":"https:\/\/vapestornado.com\/sk\/wp-json\/wp\/v2\/pages\/2769\/revisions\/2771"}],"wp:attachment":[{"href":"https:\/\/vapestornado.com\/sk\/wp-json\/wp\/v2\/media?parent=2769"}],"curies":[{"name":"wp","href":"https:\/\/api.w.org\/{rel}","templated":true}]}}