{"id":4858,"date":"2026-02-04T08:09:21","date_gmt":"2026-02-04T08:09:21","guid":{"rendered":"https:\/\/vapestornado.com\/?post_type=product&#038;p=4858"},"modified":"2026-02-04T08:17:33","modified_gmt":"2026-02-04T08:17:33","slug":"bang-box-160k-puff-160000-new-long-lasting-disposable-vaper-4-in-1-flavor","status":"publish","type":"product","link":"https:\/\/vapestornado.com\/ro\/product\/bang-box-160k-puff-160000-new-long-lasting-disposable-vaper-4-in-1-flavor\/","title":{"rendered":"BANG BOX 160k Puff 160000 Nou Vaper de Durat\u0103 Lung\u0103, Dispozitiv de unic\u0103 folosin\u021b\u0103 4 \u00een 1 Flavor"},"content":{"rendered":"<h1 data-start=\"0\" data-end=\"87\">BANG BOX 160k Puff 160000 Nou Vaper de Durat\u0103 Lung\u0103, Dispozitiv de unic\u0103 folosin\u021b\u0103 4 \u00een 1 Flavor<\/h1>\n<p data-start=\"246\" data-end=\"609\">Sistemul <strong data-start=\"250\" data-end=\"267\">BANG BOX 160k<\/strong> este construit pentru cump\u0103r\u0103tori care doresc scalare, vitez\u0103 \u0219i valoare clar\u0103. Cu o <strong data-start=\"340\" data-end=\"364\">BANG BOX 160000 pufuri<\/strong> ie\u0219ire real\u0103, aceasta <strong data-start=\"378\" data-end=\"392\">vaper 160k<\/strong> folose\u0219te un sistem de 4\u00d720ml e-lichid \u0219i o bobin\u0103 de plas\u0103 stabil\u0103 pentru a men\u021bine consisten\u021ba aromei de la prima tragere p\u00e2n\u0103 la ultima. Este un <strong data-start=\"511\" data-end=\"543\">Vape de unic\u0103 folosin\u021b\u0103 cu durat\u0103 lung\u0103<\/strong> proiectat pentru rafturi cu rota\u021bie rapid\u0103 \u00een orice <strong data-start=\"586\" data-end=\"608\">magazin de \u021big\u0103ri electronice<\/strong>.<\/p>\n<p data-start=\"611\" data-end=\"1063\">Un afi\u0219aj digital arat\u0103 nivelul de ulei \u0219i starea bateriei \u00een timp real, reduc\u00e2nd gre\u0219elile de utilizare \u0219i problemele post-v\u00e2nzare. The <strong data-start=\"720\" data-end=\"758\">Baterie re\u00eenc\u0103rcabil\u0103 de 650mAh Type-C<\/strong> este adaptat volumului de lichid, astfel \u00eenc\u00e2t utilizatorii s\u0103 termine uleiul f\u0103r\u0103 sc\u0103dere de putere. The <strong data-start=\"840\" data-end=\"868\">comutator de arom\u0103 ajustabil 4 \u00een 1<\/strong> permite clien\u021bilor s\u0103 schimbe profilurile la cerere, f\u0103c\u00e2nd din acesta un adev\u0103rat <strong data-start=\"937\" data-end=\"970\">vape de unic\u0103 folosin\u021b\u0103 cu comutator de arome<\/strong> care stimuleaz\u0103 achizi\u021biile repetate\u2014\u00een timp ce p\u0103streaz\u0103 un <strong data-start=\"1016\" data-end=\"1036\">pre\u021b ieftin la vape<\/strong> avantaj pentru en-gros.<\/p>\n<p data-start=\"1065\" data-end=\"1271\">Acest model vizeaz\u0103 utilizatorii zilnici cu v\u00e2rsta \u00eentre 25\u201335 de ani, care apreciaz\u0103 performan\u021ba, claritatea \u0219i alegerea. Dac\u0103 cau\u021bi un dispozitiv de unic\u0103 folosin\u021b\u0103 cu capacitate mare, care se vinde rapid \u0219i are un cost de returnare mai mic, <strong data-start=\"1240\" data-end=\"1257\">BANG BOX 160k<\/strong> se potrive\u0219te perfect pentru aceast\u0103 sarcin\u0103.<\/p>\n<p data-start=\"1273\" data-end=\"1375\">\u00a0<strong data-start=\"1299\" data-end=\"1375\">Contacteaz\u0103-ne acum pentru pre\u021buri en-gros BANG BOX 160k.<\/strong><\/p>\n<p><strong><span style=\"color: #ff0000;\">Adaug\u0103 whatsapp-ul lui Amy pentru a primi r\u0103spuns imediat \u0219i un cupon de vape!<\/span><\/strong><\/p>\n<p><img fetchpriority=\"high\" decoding=\"async\" class=\"size-full wp-image-2932\" src=\"https:\/\/vapestornado.com\/wp-content\/uploads\/2024\/12\/Vape-Wholesale.jpg\" alt=\"\u021aig\u0103ri electronice cu ridicata\" width=\"229\" height=\"300\" \/><\/p>\n<h3><a href=\"https:\/\/wa.me\/8617776015835\" target=\"_blank\" rel=\"noopener\"><span style=\"color: #ff0000;\"><strong>WhatsApp: +86 17776015835<\/strong><\/span><\/a><\/h3>\n<h2><strong>BANG BOX 160k Pufuri Caracteristici Cheie ale Produsului<\/strong><\/h2>\n<ul>\n<li data-start=\"1429\" data-end=\"1531\">\n<p data-start=\"1431\" data-end=\"1531\"><strong data-start=\"1431\" data-end=\"1455\">160000 Pufuri Output:<\/strong> Structur\u0103 de mare capacitate sus\u021bine cicluri lungi \u0219i reten\u021bie puternic\u0103 \u00een retail.<\/p>\n<\/li>\n<li data-start=\"1532\" data-end=\"1626\">\n<p data-start=\"1534\" data-end=\"1626\"><strong data-start=\"1534\" data-end=\"1560\">Sistem E-Juice 4\u00d720ml:<\/strong> Volum mare de lichid men\u021bine profunzimea aromei pe perioade extinse de utilizare.<\/p>\n<\/li>\n<li data-start=\"1627\" data-end=\"1697\">\n<p data-start=\"1629\" data-end=\"1697\"><strong data-start=\"1629\" data-end=\"1643\">Rezisten\u021b\u0103 Mesh:<\/strong> \u00cenc\u0103lzire uniform\u0103 ofer\u0103 vapori cura\u021bi \u0219i gust stabil.<\/p>\n<\/li>\n<li data-start=\"1698\" data-end=\"1774\">\n<p data-start=\"1700\" data-end=\"1774\"><strong data-start=\"1700\" data-end=\"1720\">Afi\u0219aj digital:<\/strong> Indicatori clari pentru ulei \u0219i baterie reduc erorile utilizatorului.<\/p>\n<\/li>\n<li data-start=\"1775\" data-end=\"1870\">\n<p data-start=\"1777\" data-end=\"1870\"><strong data-start=\"1777\" data-end=\"1808\">Re\u00eenc\u0103rcabil Type-C 650mAh:<\/strong> Sistem de alimentare proiectat s\u0103 termine lichidul, nu s\u0103 se defecteze devreme.<\/p>\n<\/li>\n<li data-start=\"1871\" data-end=\"1957\">\n<p data-start=\"1873\" data-end=\"1957\"><strong data-start=\"1873\" data-end=\"1902\">Arom\u0103 ajustabil\u0103 4-in-1:<\/strong> Comutare simpl\u0103 cre\u0219te utilizarea zilnic\u0103 \u0219i atractivitatea pe raft.<\/p>\n<\/li>\n<\/ul>\n<h2 class=\"product-title\"><strong>Lista de Arome BANG BOX 160k Pufuri<\/strong><\/h2>\n<h2 data-start=\"1964\" data-end=\"2014\"><\/h2>\n<ol data-start=\"2016\" data-end=\"2780\">\n<li data-start=\"2016\" data-end=\"2093\">\n<p data-start=\"2019\" data-end=\"2093\">Lemon Lime \/ Watermelon Ice \/ Black Ice Dragonfruit Strawberry \/ Love 66<\/p>\n<\/li>\n<li data-start=\"2094\" data-end=\"2171\">\n<p data-start=\"2097\" data-end=\"2171\">Vanilie Cola \/ L\u0103m\u00e2ie Piersic\u0103 \/ C\u0103p\u0219un\u0103 Zmeur\u0103 Cire\u0219e Ice \/ Strugure Ice<\/p>\n<\/li>\n<li data-start=\"2172\" data-end=\"2240\">\n<p data-start=\"2175\" data-end=\"2240\">Strugure Ice \/ Litchi Ice \/ Piersic\u0103 Fruct de P\u0103dure \/ Kiwi Fruct de Pasiune Guava<\/p>\n<\/li>\n<li data-start=\"2241\" data-end=\"2310\">\n<p data-start=\"2244\" data-end=\"2310\">Watermelon Ice \/ Mango C\u0103p\u0219un\u0103 \/ Blueberry Ice \/ Cire\u0219e Carbogazoase<\/p>\n<\/li>\n<li data-start=\"2311\" data-end=\"2389\">\n<p data-start=\"2314\" data-end=\"2389\">C\u0103p\u0219un\u0103 Watermelon \/ Red Bull \/ Piersic\u0103 Zemoas\u0103 Ice \/ R\u0103coritor de Grapefruit<\/p>\n<\/li>\n<li data-start=\"2390\" data-end=\"2459\">\n<p data-start=\"2393\" data-end=\"2459\">Lemon Lime \/ C\u0103p\u0219un\u0103 Ice \/ Zmeur\u0103 Watermelon \/ Mango Piersic\u0103<\/p>\n<\/li>\n<li data-start=\"2460\" data-end=\"2537\">\n<p data-start=\"2463\" data-end=\"2537\">Mango C\u0103p\u0219un\u0103 Ananas \/ Limonad\u0103 Cola Piersic\u0103 \/ Fruct de P\u0103dure Piersic\u0103 \/ Banane C\u0103p\u0219un\u0103<\/p>\n<\/li>\n<li data-start=\"2538\" data-end=\"2619\">\n<p data-start=\"2541\" data-end=\"2619\">Mango C\u0103p\u0219un\u0103 \/ Cola Vanilie C\u0103p\u0219un\u0103 \/ Blue Razz Ice \/ Kiwi C\u0103p\u0219un\u0103<\/p>\n<\/li>\n<li data-start=\"2620\" data-end=\"2699\">\n<p data-start=\"2623\" data-end=\"2699\">Cire\u0219e C\u0103p\u0219uni \/ Triple Berry \/ Strawberry Pitaya \/ Gum\u0103 de mestecat Pepene Verde<\/p>\n<\/li>\n<li data-start=\"2700\" data-end=\"2780\">\n<p data-start=\"2704\" data-end=\"2780\">C\u0103p\u0219uni Pepene Verde \/ Limonad\u0103 Roz \/ Triple Honeydew \/ Ghea\u021b\u0103 Dragon Negru<\/p>\n<\/li>\n<\/ol>\n<figure id=\"attachment_4853\" aria-describedby=\"caption-attachment-4853\" style=\"width: 300px\" class=\"wp-caption alignnone\"><img decoding=\"async\" class=\"size-medium wp-image-4853\" src=\"https:\/\/vapestornado.com\/wp-content\/uploads\/2026\/02\/Bang-Box-160K-Puffs-4-Flavor-Disposable-Vape-Wholesale-300x300.png\" alt=\"Cutie Bang 160K Pufuri Vape Dispozitiv de unic\u0103 folosin\u021b\u0103 4 Arome en-gros\" width=\"300\" height=\"300\" srcset=\"https:\/\/vapestornado.com\/wp-content\/uploads\/2026\/02\/Bang-Box-160K-Puffs-4-Flavor-Disposable-Vape-Wholesale-300x300.png 300w, https:\/\/vapestornado.com\/wp-content\/uploads\/2026\/02\/Bang-Box-160K-Puffs-4-Flavor-Disposable-Vape-Wholesale-150x150.png 150w, https:\/\/vapestornado.com\/wp-content\/uploads\/2026\/02\/Bang-Box-160K-Puffs-4-Flavor-Disposable-Vape-Wholesale-768x768.png 768w, https:\/\/vapestornado.com\/wp-content\/uploads\/2026\/02\/Bang-Box-160K-Puffs-4-Flavor-Disposable-Vape-Wholesale-12x12.png 12w, https:\/\/vapestornado.com\/wp-content\/uploads\/2026\/02\/Bang-Box-160K-Puffs-4-Flavor-Disposable-Vape-Wholesale-600x600.png 600w, https:\/\/vapestornado.com\/wp-content\/uploads\/2026\/02\/Bang-Box-160K-Puffs-4-Flavor-Disposable-Vape-Wholesale-100x100.png 100w, https:\/\/vapestornado.com\/wp-content\/uploads\/2026\/02\/Bang-Box-160K-Puffs-4-Flavor-Disposable-Vape-Wholesale.png 800w\" sizes=\"(max-width: 300px) 100vw, 300px\" \/><figcaption id=\"caption-attachment-4853\" class=\"wp-caption-text\">Cutie Bang 160K Pufuri Vape Dispozitiv de unic\u0103 folosin\u021b\u0103 4 Arome en-gros<\/figcaption><\/figure>\n<figure id=\"attachment_4854\" aria-describedby=\"caption-attachment-4854\" style=\"width: 300px\" class=\"wp-caption alignnone\"><img decoding=\"async\" class=\"size-medium wp-image-4854\" src=\"https:\/\/vapestornado.com\/wp-content\/uploads\/2026\/02\/Bang-Box-160K-Puffs-4-in-1-Disposable-Vape-Packing-300x300.png\" alt=\"Cutie Bang 160K Pufuri Vape Dispozitiv de unic\u0103 folosin\u021b\u0103 4 \u00een 1 Ambalare\" width=\"300\" height=\"300\" srcset=\"https:\/\/vapestornado.com\/wp-content\/uploads\/2026\/02\/Bang-Box-160K-Puffs-4-in-1-Disposable-Vape-Packing-300x300.png 300w, https:\/\/vapestornado.com\/wp-content\/uploads\/2026\/02\/Bang-Box-160K-Puffs-4-in-1-Disposable-Vape-Packing-150x150.png 150w, https:\/\/vapestornado.com\/wp-content\/uploads\/2026\/02\/Bang-Box-160K-Puffs-4-in-1-Disposable-Vape-Packing-768x768.png 768w, https:\/\/vapestornado.com\/wp-content\/uploads\/2026\/02\/Bang-Box-160K-Puffs-4-in-1-Disposable-Vape-Packing-12x12.png 12w, https:\/\/vapestornado.com\/wp-content\/uploads\/2026\/02\/Bang-Box-160K-Puffs-4-in-1-Disposable-Vape-Packing-600x600.png 600w, https:\/\/vapestornado.com\/wp-content\/uploads\/2026\/02\/Bang-Box-160K-Puffs-4-in-1-Disposable-Vape-Packing-100x100.png 100w, https:\/\/vapestornado.com\/wp-content\/uploads\/2026\/02\/Bang-Box-160K-Puffs-4-in-1-Disposable-Vape-Packing.png 800w\" sizes=\"(max-width: 300px) 100vw, 300px\" \/><figcaption id=\"caption-attachment-4854\" class=\"wp-caption-text\">Cutie Bang 160K Pufuri Vape Dispozitiv de unic\u0103 folosin\u021b\u0103 4 \u00een 1 Ambalare<\/figcaption><\/figure>\n<h2 data-start=\"2787\" data-end=\"2826\">De ce aleg angrosi\u0219tii BANG BOX 160k<\/h2>\n<ul data-start=\"2828\" data-end=\"3057\">\n<li data-start=\"2828\" data-end=\"2882\">\n<p data-start=\"2830\" data-end=\"2882\">Mai pu\u021bine \u00eenlocuiri datorit\u0103 designului cu durat\u0103 lung\u0103 de via\u021b\u0103 adev\u0103rat\u0103<\/p>\n<\/li>\n<li data-start=\"2883\" data-end=\"2940\">\n<p data-start=\"2885\" data-end=\"2940\">Conversie mai mare cu schimbarea aromelor \u00eentr-un singur dispozitiv<\/p>\n<\/li>\n<li data-start=\"2941\" data-end=\"3002\">\n<p data-start=\"2943\" data-end=\"3002\">Risc redus dup\u0103 v\u00e2nzare prin niveluri vizibile de ulei \u0219i baterie<\/p>\n<\/li>\n<li data-start=\"3003\" data-end=\"3057\">\n<p data-start=\"3005\" data-end=\"3057\">Sprijin puternic pentru marj\u0103 cu un cost unitar competitiv<\/p>\n<\/li>\n<\/ul>\n<div class=\"flex-shrink-0 flex flex-col relative items-end\">\n<div class=\"pt-0\">\n<div class=\"gizmo-bot-avatar flex h-8 w-8 items-center justify-center overflow-hidden rounded-full\">\n<div class=\"relative p-1 rounded-sm flex items-center justify-center bg-token-main-surface-primary text-token-text-primary h-8 w-8\">\n<h2 data-start=\"1200\" data-end=\"1487\">Vapes Tornado \u2013 Magazin online en gros pentru vaporizatoare populare<\/h2>\n<p data-start=\"72\" data-end=\"396\"><strong data-start=\"72\" data-end=\"89\">Vape Tornado<\/strong> este un magazin online en gros axat pe Europa, furniz\u00e2nd o gam\u0103 atent selectat\u0103 de <strong data-start=\"178\" data-end=\"195\">vaporizatoare populare<\/strong> pentru cump\u0103r\u0103tori profesioni\u0219ti. Lucr\u0103m cu comercian\u021bi cu am\u0103nuntul, distribuitori \u0219i magazine online din \u00eentreaga UE care au nevoie de aprovizionare stabil\u0103, informa\u021bii clare despre produse \u0219i m\u0103rci pe care clien\u021bii le recunosc \u0219i le au \u00eencredere.<\/p>\n<p data-start=\"398\" data-end=\"687\">Lucr\u0103m cu nume de \u00eencredere precum <strong data-start=\"247\" data-end=\"352\"><a href=\"https:\/\/vapestornado.com\/ro\/product\/randm-12000-puffs-fumot-digital-disposable-vape-wholesale-price\/\">Fumot VAPE<\/a>, <a href=\"https:\/\/vapestornado.com\/ro\/product\/original-wga-ultra-35k-35000-puff-rechargeable-crystal-disposable-nicotine-vape-best-discount-price\/\">WGA VAPE<\/a>, <a href=\"https:\/\/vapestornado.com\/ro\/product\/vozol-gear-shisha-25k-25000-puffs-best-dtl-disposable-vape-hookah-cheap-price\/\">VOZOL BAR VAPE<\/a>, <\/strong><strong data-start=\"247\" data-end=\"352\">Elf Bar Vape, WASPE Vape, <a href=\"https:\/\/vapestornado.com\/ro\/product\/uzy-150k-puffs-6-in-1-flavor-switch-disposable-vape-pen-wholesale\/\">Vape UZY<\/a>, Bang Vape, Razz Bar Vape, \u00a0\u0219i Stag Bar Vape<\/strong>, ale\u0219i pentru calitatea constant\u0103 \u0219i cererea puternic\u0103 pe pia\u021ba european\u0103.<\/p>\n<h4 data-start=\"1080\" data-end=\"1120\">Conceput pentru Vaperii din Europa en gros<\/h4>\n<p data-start=\"1121\" data-end=\"1189\">Vapes Tornado este structurat \u00een jurul nevoilor reale ale en gros-urilor din UE:<\/p>\n<ul data-start=\"1190\" data-end=\"1400\">\n<li data-start=\"1190\" data-end=\"1239\">\n<p data-start=\"1192\" data-end=\"1239\">Pre\u021buri competitive en gros pentru comenzi \u00een vrac<\/p>\n<\/li>\n<li data-start=\"1240\" data-end=\"1289\">\n<p data-start=\"1242\" data-end=\"1289\">Descrieri clare ale produselor \u0219i specifica\u021bii<\/p>\n<\/li>\n<li data-start=\"1290\" data-end=\"1330\">\n<p data-start=\"1292\" data-end=\"1330\">Logistic\u0103 rapid\u0103 \u0219i fiabil\u0103, orientat\u0103 spre UE<\/p>\n<\/li>\n<li data-start=\"1331\" data-end=\"1400\">\n<p data-start=\"1333\" data-end=\"1400\">Un catalog axat pe <strong data-start=\"1356\" data-end=\"1373\">vaporizatoare populare<\/strong>, nu pe SKU-uri supra-saturate<\/p>\n<\/li>\n<\/ul>\n<h2 data-start=\"2064\" data-end=\"2115\">\u00centreb\u0103ri frecvente despre BANG BOX 160k Vape Dispozitiv de unic\u0103 folosin\u021b\u0103<\/h2>\n<p data-start=\"3105\" data-end=\"3252\"><strong data-start=\"3105\" data-end=\"3163\">1. Este BANG BOX 160k potrivit pentru comenzi en-gros?<\/strong><br data-start=\"3163\" data-end=\"3166\" \/>Da, este proiectat pentru distribu\u021bie \u00een mas\u0103 cu performan\u021b\u0103 stabil\u0103 \u0219i rate sc\u0103zute de retur.<\/p>\n<p data-start=\"3254\" data-end=\"3377\"><strong data-start=\"3254\" data-end=\"3300\">2. Cum func\u021bioneaz\u0103 sistemul de arom\u0103 4-in-1?<\/strong><br data-start=\"3300\" data-end=\"3303\" \/>Utilizatorii pot comuta \u00eentre patru arome presetate \u00eentr-un singur dispozitiv f\u0103r\u0103 amestecare.<\/p>\n<p data-start=\"3379\" data-end=\"3502\"><strong data-start=\"3379\" data-end=\"3441\">3. Modelul BANG BOX 160000 pufuri suport\u0103 re\u00eenc\u0103rcare?<\/strong><br data-start=\"3441\" data-end=\"3444\" \/>Da, include un <strong data-start=\"3463\" data-end=\"3501\">Baterie re\u00eenc\u0103rcabil\u0103 de 650mAh Type-C<\/strong>.<\/p>\n<p data-start=\"3504\" data-end=\"3637\"><strong data-start=\"3504\" data-end=\"3558\">4. Ce face acest dispozitiv de unic\u0103 folosin\u021b\u0103 durabil?<\/strong><br data-start=\"3558\" data-end=\"3561\" \/>Bateria compatibil\u0103, volumul mare de e-lichid \u0219i bobina din plas\u0103 extind durata de utilizare.<\/p>\n<p data-start=\"3639\" data-end=\"3787\"><strong data-start=\"3639\" data-end=\"3707\">5. Este acest produs potrivit pentru un magazin de \u021big\u0103ri electronice \u00een Rom\u00e2nia?<\/strong><br data-start=\"3707\" data-end=\"3710\" \/>Da, afi\u0219ajul clar, capacitatea mare \u0219i gama de arome corespund cerin\u021belor de retail din Rom\u00e2nia.<\/p>\n<\/div>\n<\/div>\n<\/div>\n<\/div>","protected":false},"excerpt":{"rendered":"<div class=\"flex max-w-full flex-col grow\">\n<div class=\"min-h-8 text-message relative flex w-full flex-col items-end gap-2 text-start break-words whitespace-normal [.text-message+&amp;]:mt-1\" dir=\"auto\" data-message-author-role=\"assistant\" data-message-id=\"2a9d6edf-5b3a-41c0-afc9-caef2e4c2c3b\" data-message-model-slug=\"gpt-5-2\">\n<div class=\"flex w-full flex-col gap-1 empty:hidden first:pt-[1px]\">\n<div class=\"markdown prose dark:prose-invert w-full break-words light markdown-new-styling\">\n<p data-start=\"4300\" data-end=\"4384\">BANG BOX 160K Vape de unic\u0103 folosin\u021b\u0103 160000 Pufuri Comutator de Arome 4-in-1<br \/>\nBANG BOX 160000 Pufuri Vape de unic\u0103 folosin\u021b\u0103 de lung\u0103 durat\u0103 pentru en-gros<br \/>\nBANG BOX 160K Vape de unic\u0103 folosin\u021b\u0103 cu comutator de arome, pre\u021b ieftin, aprovizionare UE<\/p>\n<\/div>\n<\/div>\n<\/div>\n<\/div>\n<p><strong>Ad\u0103uga\u021bi-o pe Amy pe WhatsApp pentru a ob\u021bine un r\u0103spuns corect \u0219i un pre\u021b redus!<\/strong><\/p>\n<p><img fetchpriority=\"high\" decoding=\"async\" class=\"size-full wp-image-2932\" src=\"https:\/\/vapestornado.com\/wp-content\/uploads\/2024\/12\/Vape-Wholesale.jpg\" alt=\"\u021aig\u0103ri electronice cu ridicata\" width=\"229\" height=\"300\" \/><\/p>\n<h3><a href=\"https:\/\/wa.me\/8617776015835\"><span style=\"color: #ff0000;\"><strong>WhatsApp: +86 17776015835<\/strong><\/span><\/a><\/h3>","protected":false},"featured_media":4857,"comment_status":"open","ping_status":"closed","template":"","meta":{"_acf_changed":false,"_uag_custom_page_level_css":"","_lmt_disableupdate":"no","_lmt_disable":"","_monsterinsights_skip_tracking":false,"_monsterinsights_sitenote_active":false,"_monsterinsights_sitenote_note":"","_monsterinsights_sitenote_category":0,"site-sidebar-layout":"default","site-content-layout":"","ast-site-content-layout":"default","site-content-style":"default","site-sidebar-style":"default","ast-global-header-display":"","ast-banner-title-visibility":"","ast-main-header-display":"","ast-hfb-above-header-display":"","ast-hfb-below-header-display":"","ast-hfb-mobile-header-display":"","site-post-title":"","ast-breadcrumbs-content":"","ast-featured-img":"","footer-sml-layout":"","ast-disable-related-posts":"","theme-transparent-header-meta":"default","adv-header-id-meta":"","stick-header-meta":"","header-above-stick-meta":"","header-main-stick-meta":"","header-below-stick-meta":"","astra-migrate-meta-layouts":"set","ast-page-background-enabled":"default","ast-page-background-meta":{"desktop":{"background-color":"","background-image":"","background-repeat":"repeat","background-position":"center center","background-size":"auto","background-attachment":"scroll","background-type":"","background-media":"","overlay-type":"","overlay-color":"","overlay-opacity":"","overlay-gradient":""},"tablet":{"background-color":"","background-image":"","background-repeat":"repeat","background-position":"center center","background-size":"auto","background-attachment":"scroll","background-type":"","background-media":"","overlay-type":"","overlay-color":"","overlay-opacity":"","overlay-gradient":""},"mobile":{"background-color":"","background-image":"","background-repeat":"repeat","background-position":"center center","background-size":"auto","background-attachment":"scroll","background-type":"","background-media":"","overlay-type":"","overlay-color":"","overlay-opacity":"","overlay-gradient":""}},"ast-content-background-meta":{"desktop":{"background-color":"var(--ast-global-color-5)","background-image":"","background-repeat":"repeat","background-position":"center center","background-size":"auto","background-attachment":"scroll","background-type":"","background-media":"","overlay-type":"","overlay-color":"","overlay-opacity":"","overlay-gradient":""},"tablet":{"background-color":"var(--ast-global-color-5)","background-image":"","background-repeat":"repeat","background-position":"center center","background-size":"auto","background-attachment":"scroll","background-type":"","background-media":"","overlay-type":"","overlay-color":"","overlay-opacity":"","overlay-gradient":""},"mobile":{"background-color":"var(--ast-global-color-5)","background-image":"","background-repeat":"repeat","background-position":"center center","background-size":"auto","background-attachment":"scroll","background-type":"","background-media":"","overlay-type":"","overlay-color":"","overlay-opacity":"","overlay-gradient":""}},"_joinchat":[]},"product_brand":[],"product_cat":[64,152,153,154,156,158,141,492,357,144,146],"product_tag":[576,575,578,426,579,549,580,577],"class_list":{"0":"post-4858","1":"product","2":"type-product","3":"status-publish","4":"has-post-thumbnail","6":"product_cat-bangbox-vape","7":"product_cat-buy-disposable-vapes-in-cermany","8":"product_cat-buy-disposable-vapes-in-italy","9":"product_cat-buy-disposable-vapes-in-netherlands","10":"product_cat-buy-disposable-vapes-in-poland","11":"product_cat-buy-disposable-vapes-in-spain","12":"product_cat-crystal-disposable-vapes","13":"product_cat-eu-warehouse","14":"product_cat-flavor-adjustable-vape","15":"product_cat-low-nicotine-disposable-vapes","16":"product_cat-rechargeable-disposable-vapes","17":"product_tag-bang-box-160000-puff","18":"product_tag-bang-box-160k","19":"product_tag-e-cigarettes-store","20":"product_tag-flavor-switch-disposable-vape","21":"product_tag-long-lasting-disposable-vape","22":"product_tag-vape-cheap-price","23":"product_tag-vape-wholesale-spain","24":"product_tag-vaper-160k","25":"desktop-align-left","26":"tablet-align-left","27":"mobile-align-left","29":"first","30":"instock","31":"sale","32":"shipping-taxable","33":"purchasable","34":"product-type-simple"},"acf":[],"uagb_featured_image_src":{"full":["https:\/\/vapestornado.com\/wp-content\/uploads\/2026\/02\/Bang-Box-160K-Puffs-4-in-1.webp",1000,1000,false],"thumbnail":["https:\/\/vapestornado.com\/wp-content\/uploads\/2026\/02\/Bang-Box-160K-Puffs-4-in-1-150x150.webp",150,150,true],"medium":["https:\/\/vapestornado.com\/wp-content\/uploads\/2026\/02\/Bang-Box-160K-Puffs-4-in-1-300x300.webp",300,300,true],"medium_large":["https:\/\/vapestornado.com\/wp-content\/uploads\/2026\/02\/Bang-Box-160K-Puffs-4-in-1-768x768.webp",768,768,true],"large":["https:\/\/vapestornado.com\/wp-content\/uploads\/2026\/02\/Bang-Box-160K-Puffs-4-in-1.webp",1000,1000,false],"1536x1536":["https:\/\/vapestornado.com\/wp-content\/uploads\/2026\/02\/Bang-Box-160K-Puffs-4-in-1.webp",1000,1000,false],"2048x2048":["https:\/\/vapestornado.com\/wp-content\/uploads\/2026\/02\/Bang-Box-160K-Puffs-4-in-1.webp",1000,1000,false],"trp-custom-language-flag":["https:\/\/vapestornado.com\/wp-content\/uploads\/2026\/02\/Bang-Box-160K-Puffs-4-in-1-12x12.webp",12,12,true],"woocommerce_thumbnail":["https:\/\/vapestornado.com\/wp-content\/uploads\/2026\/02\/Bang-Box-160K-Puffs-4-in-1-300x300.webp",300,300,true],"woocommerce_single":["https:\/\/vapestornado.com\/wp-content\/uploads\/2026\/02\/Bang-Box-160K-Puffs-4-in-1-600x600.webp",600,600,true],"woocommerce_gallery_thumbnail":["https:\/\/vapestornado.com\/wp-content\/uploads\/2026\/02\/Bang-Box-160K-Puffs-4-in-1-100x100.webp",100,100,true]},"uagb_author_info":{"display_name":"ESAMY","author_link":"https:\/\/vapestornado.com\/ro\/author\/"},"uagb_comment_info":0,"uagb_excerpt":"BANG BOX 160K Disposable Vape 160000 Puffs 4-in-1 Flavor Switch BANG BOX 160000 Puff Long Lasting Disposable Vaper for Wholesale BANG BOX 160K Flavor Switch Disposable Vape Cheap Price EU Supply Add Amy's whatsapp to get right reply and discount price! WhatsApp: +86 17776015835","_links":{"self":[{"href":"https:\/\/vapestornado.com\/ro\/wp-json\/wp\/v2\/product\/4858","targetHints":{"allow":["GET"]}}],"collection":[{"href":"https:\/\/vapestornado.com\/ro\/wp-json\/wp\/v2\/product"}],"about":[{"href":"https:\/\/vapestornado.com\/ro\/wp-json\/wp\/v2\/types\/product"}],"replies":[{"embeddable":true,"href":"https:\/\/vapestornado.com\/ro\/wp-json\/wp\/v2\/comments?post=4858"}],"wp:featuredmedia":[{"embeddable":true,"href":"https:\/\/vapestornado.com\/ro\/wp-json\/wp\/v2\/media\/4857"}],"wp:attachment":[{"href":"https:\/\/vapestornado.com\/ro\/wp-json\/wp\/v2\/media?parent=4858"}],"wp:term":[{"taxonomy":"product_brand","embeddable":true,"href":"https:\/\/vapestornado.com\/ro\/wp-json\/wp\/v2\/product_brand?post=4858"},{"taxonomy":"product_cat","embeddable":true,"href":"https:\/\/vapestornado.com\/ro\/wp-json\/wp\/v2\/product_cat?post=4858"},{"taxonomy":"product_tag","embeddable":true,"href":"https:\/\/vapestornado.com\/ro\/wp-json\/wp\/v2\/product_tag?post=4858"}],"curies":[{"name":"wp","href":"https:\/\/api.w.org\/{rel}","templated":true}]}}