{"id":4850,"date":"2026-02-03T03:49:42","date_gmt":"2026-02-03T03:49:42","guid":{"rendered":"https:\/\/vapestornado.com\/?post_type=product&#038;p=4850"},"modified":"2026-02-03T03:57:51","modified_gmt":"2026-02-03T03:57:51","slug":"razz-bar-60k-vapes-wholesaler-60000-puffs-disposable-crystal-vape-eu-fast-shipping","status":"publish","type":"product","link":"https:\/\/vapestornado.com\/ro\/product\/razz-bar-60k-vapes-wholesaler-60000-puffs-disposable-crystal-vape-eu-fast-shipping\/","title":{"rendered":"RAZZ BAR 60K Vape-uri Angrosist 60000 Pufuri Vape Cristal de Unic\u0103 Folosin\u021b\u0103 Livrare Rapid\u0103 UE"},"content":{"rendered":"<h1 data-start=\"0\" data-end=\"87\">RAZZ BAR 60K Vape-uri Angrosist \u2013 60000 Pufuri Vape Cristal de Unic\u0103 Folosin\u021b\u0103 cu Livrare Rapid\u0103 UE<\/h1>\n<p data-start=\"283\" data-end=\"634\">Sistemul <strong data-start=\"287\" data-end=\"303\">RAZZ BAR 60K<\/strong> este de mare capacitate <strong data-start=\"323\" data-end=\"343\">vaporizator de unic\u0103 folosin\u021b\u0103<\/strong> conceput pentru angrosi\u0219ti \u0219i <strong data-start=\"370\" data-end=\"391\">magazin de \u021big\u0103ri electronice<\/strong> cump\u0103r\u0103tori care au nevoie de produse cu v\u00e2nzare rapid\u0103 la un <strong data-start=\"434\" data-end=\"449\">pre\u021bul mic<\/strong> cu aprovizionare stabil\u0103. Dispun\u00e2nd de un real <strong data-start=\"487\" data-end=\"509\">ie\u0219ire de 60.000 de pufuri<\/strong>, carcas\u0103 transparent\u0103 \u0219i sistem cu plas\u0103 cu rezervor dublu, acest model este proiectat s\u0103 func\u021bioneze constant pe tot parcursul ciclului s\u0103u de via\u021b\u0103.<\/p>\n<p data-start=\"636\" data-end=\"951\">Corpul transparent <strong data-start=\"652\" data-end=\"668\">Vaporizator Crystal<\/strong> permite utilizatorilor s\u0103 monitorizeze nivelurile de e-lichid dintr-o privire, reduc\u00e2nd utilizarea gre\u0219it\u0103 \u0219i return\u0103rile la nivel de v\u00e2nzare cu am\u0103nuntul. \u00cen interior, <strong data-start=\"784\" data-end=\"809\">rezervor dublu + bobin\u0103 mesh<\/strong> structura ofer\u0103 vapori cura\u021bi \u0219i arom\u0103 constant\u0103, chiar \u0219i \u00een timpul sesiunilor lungi, f\u0103c\u00e2nd <strong data-start=\"898\" data-end=\"916\">RAZZ BAR 60000<\/strong> potrivit pentru utilizatorii cu frecven\u021b\u0103 ridicat\u0103.<\/p>\n<p data-start=\"953\" data-end=\"1256\">A <strong data-start=\"955\" data-end=\"986\">baterie re\u00eenc\u0103rcabil\u0103 de 650mAh<\/strong> cu <strong data-start=\"992\" data-end=\"1011\">\u00eenc\u0103rcare de tip C<\/strong> asigur\u0103 ca dispozitivul dureaz\u0103 suficient pentru a consuma complet e-lichidul, evit\u00e2nd problema frecvent\u0103 a sc\u0103derii puterii \u00eent\u00e2lnit\u0103 la dispozitivele de unic\u0103 folosin\u021b\u0103 cu inhal\u0103ri mari. Disponibil \u00een <strong data-start=\"1162\" data-end=\"1184\">2% \u0219i 5% nicotin\u0103 s\u0103rat\u0103<\/strong>, acoper\u0103 cererea principal\u0103 din UE, men\u021bin\u00e2nd \u00een acela\u0219i timp competitivitatea pre\u021burilor.<\/p>\n<p data-start=\"1258\" data-end=\"1502\">Cu <strong data-start=\"1263\" data-end=\"1315\">Livrare rapid\u0103 \u00een UE din depozitul local (5\u20137 zile)<\/strong>, RAZZ BAR 60K ajut\u0103 angrosi\u0219tii s\u0103 scurteze ciclurile de livrare \u0219i s\u0103 reduc\u0103 riscul logistic. Este o alegere practic\u0103 pentru distribuitori care doresc s\u0103 creasc\u0103 volumul f\u0103r\u0103 a compromite fiabilitatea.<\/p>\n<p data-start=\"1504\" data-end=\"1586\"><strong data-start=\"1507\" data-end=\"1586\">Contacta\u021bi-ne acum pentru pre\u021buri en-gros RAZZ BAR 60K \u0219i disponibilitate din depozitul din UE.<\/strong><\/p>\n<p><strong><span style=\"color: #ff0000;\">Adaug\u0103 whatsapp-ul lui Amy pentru a primi r\u0103spuns imediat \u0219i un cupon de vape!<\/span><\/strong><\/p>\n<p><img fetchpriority=\"high\" decoding=\"async\" class=\"size-full wp-image-2932\" src=\"https:\/\/vapestornado.com\/wp-content\/uploads\/2024\/12\/Vape-Wholesale.jpg\" alt=\"\u021aig\u0103ri electronice cu ridicata\" width=\"229\" height=\"300\" \/><\/p>\n<h3><a href=\"https:\/\/wa.me\/8617776015835\" target=\"_blank\" rel=\"noopener\"><span style=\"color: #ff0000;\"><strong>WhatsApp: +86 17776015835<\/strong><\/span><\/a><\/h3>\n<h2><strong>Caracteristici principale ale produsului RAZZ BAR 60K Puffs<\/strong><\/h2>\n<ul>\n<li data-start=\"1651\" data-end=\"1751\">\n<p data-start=\"1653\" data-end=\"1751\"><strong data-start=\"1653\" data-end=\"1679\">Capacitate de 60.000 de inhal\u0103ri:<\/strong> Conceput pentru utilizare prelungit\u0103, cu un randament stabil de vapori de la \u00eenceput p\u00e2n\u0103 la sf\u00e2r\u0219it.<\/p>\n<\/li>\n<li data-start=\"1752\" data-end=\"1857\">\n<p data-start=\"1754\" data-end=\"1857\"><strong data-start=\"1754\" data-end=\"1785\">Design transparent de cristal:<\/strong> Carcasa clar\u0103 \u00eembun\u0103t\u0103\u021be\u0219te atractivitatea pe raft \u0219i permite verificarea u\u0219oar\u0103 a nivelului de ulei.<\/p>\n<\/li>\n<li data-start=\"1858\" data-end=\"1955\">\n<p data-start=\"1860\" data-end=\"1955\"><strong data-start=\"1860\" data-end=\"1884\">Rezervor dublu cu bobin\u0103 din plas\u0103:<\/strong> Asigur\u0103 vapori line \u0219i livrare consistent\u0103 de arom\u0103 pe durata utiliz\u0103rii \u00eendelungate.<\/p>\n<\/li>\n<li data-start=\"1956\" data-end=\"2066\">\n<p data-start=\"1958\" data-end=\"2066\"><strong data-start=\"1958\" data-end=\"1990\">Baterie re\u00eenc\u0103rcabil\u0103 de 650mAh:<\/strong> Sistem de alimentare cu energie compatibil, suport\u00e2nd consumul complet de ulei f\u0103r\u0103 defecte premature.<\/p>\n<\/li>\n<li data-start=\"2067\" data-end=\"2153\">\n<p data-start=\"2069\" data-end=\"2153\"><strong data-start=\"2069\" data-end=\"2090\">Livrare rapid\u0103 \u00een UE:<\/strong> Expediere din depozitul din UE \u00een 5\u20137 zile pentru rota\u021bie mai rapid\u0103.<\/p>\n<\/li>\n<\/ul>\n<h2 class=\"product-title\"><strong>Lista de arome RAZZ BAR 60K 60000Puff<\/strong><\/h2>\n<ol data-start=\"2189\" data-end=\"2540\">\n<li data-start=\"2189\" data-end=\"2211\">\n<p data-start=\"2192\" data-end=\"2211\">C\u0103p\u0219uni Banane<\/p>\n<\/li>\n<li data-start=\"2212\" data-end=\"2232\">\n<p data-start=\"2215\" data-end=\"2232\">Piersic\u0103 zemoas\u0103 cu ghea\u021b\u0103<\/p>\n<\/li>\n<li data-start=\"2233\" data-end=\"2247\">\n<p data-start=\"2236\" data-end=\"2247\">Coco Loco<\/p>\n<\/li>\n<li data-start=\"2248\" data-end=\"2272\">\n<p data-start=\"2251\" data-end=\"2272\">Sour Sour Raspberry<\/p>\n<\/li>\n<li data-start=\"2273\" data-end=\"2290\">\n<p data-start=\"2276\" data-end=\"2290\">Vat\u0103 de zah\u0103r<\/p>\n<\/li>\n<li data-start=\"2291\" data-end=\"2306\">\n<p data-start=\"2294\" data-end=\"2306\">Ursule\u021b de jeleu<\/p>\n<\/li>\n<li data-start=\"2307\" data-end=\"2332\">\n<p data-start=\"2310\" data-end=\"2332\">Afine \u0219i Pepene Ro\u0219u<\/p>\n<\/li>\n<li data-start=\"2333\" data-end=\"2363\">\n<p data-start=\"2336\" data-end=\"2363\">Lemon Peach Passion Fruit<\/p>\n<\/li>\n<li data-start=\"2364\" data-end=\"2402\">\n<p data-start=\"2367\" data-end=\"2402\">Dragon Fruit Strawberry Ice Negru<\/p>\n<\/li>\n<li data-start=\"2403\" data-end=\"2422\">\n<p data-start=\"2407\" data-end=\"2422\">Fructe de p\u0103dure amestecate<\/p>\n<\/li>\n<li data-start=\"2423\" data-end=\"2436\">\n<p data-start=\"2427\" data-end=\"2436\">Dragoste 66<\/p>\n<\/li>\n<li data-start=\"2437\" data-end=\"2458\">\n<p data-start=\"2441\" data-end=\"2458\">C\u0103p\u0219uni Kiwi<\/p>\n<\/li>\n<li data-start=\"2459\" data-end=\"2479\">\n<p data-start=\"2463\" data-end=\"2479\">Fruct Tropical<\/p>\n<\/li>\n<li data-start=\"2480\" data-end=\"2509\">\n<p data-start=\"2484\" data-end=\"2509\">Coca-Cola cu c\u0103p\u0219uni \u0219i vanilie<\/p>\n<\/li>\n<li data-start=\"2510\" data-end=\"2521\">\n<p data-start=\"2514\" data-end=\"2521\">Mango<\/p>\n<\/li>\n<li data-start=\"2522\" data-end=\"2540\">\n<p data-start=\"2526\" data-end=\"2540\">Vis de var\u0103<\/p>\n<\/li>\n<\/ol>\n<figure id=\"attachment_4848\" aria-describedby=\"caption-attachment-4848\" style=\"width: 228px\" class=\"wp-caption alignnone\"><img decoding=\"async\" class=\"size-medium wp-image-4848\" src=\"https:\/\/vapestornado.com\/wp-content\/uploads\/2026\/01\/RAZZ-BAR-60000-Puffs-Crystal-60K-Mesh-Coil-Disposable-Vape-228x300.webp\" alt=\"RAZZ BAR 60000 Pufuri Vape de unic\u0103 folosin\u021b\u0103 Crystal 60K Mesh Coil\" width=\"228\" height=\"300\" srcset=\"https:\/\/vapestornado.com\/wp-content\/uploads\/2026\/01\/RAZZ-BAR-60000-Puffs-Crystal-60K-Mesh-Coil-Disposable-Vape-228x300.webp 228w, https:\/\/vapestornado.com\/wp-content\/uploads\/2026\/01\/RAZZ-BAR-60000-Puffs-Crystal-60K-Mesh-Coil-Disposable-Vape-777x1024.webp 777w, https:\/\/vapestornado.com\/wp-content\/uploads\/2026\/01\/RAZZ-BAR-60000-Puffs-Crystal-60K-Mesh-Coil-Disposable-Vape-768x1013.webp 768w, https:\/\/vapestornado.com\/wp-content\/uploads\/2026\/01\/RAZZ-BAR-60000-Puffs-Crystal-60K-Mesh-Coil-Disposable-Vape-9x12.webp 9w, https:\/\/vapestornado.com\/wp-content\/uploads\/2026\/01\/RAZZ-BAR-60000-Puffs-Crystal-60K-Mesh-Coil-Disposable-Vape-600x791.webp 600w, https:\/\/vapestornado.com\/wp-content\/uploads\/2026\/01\/RAZZ-BAR-60000-Puffs-Crystal-60K-Mesh-Coil-Disposable-Vape.webp 910w\" sizes=\"(max-width: 228px) 100vw, 228px\" \/><figcaption id=\"caption-attachment-4848\" class=\"wp-caption-text\">RAZZ BAR 60000 Pufuri Vape de unic\u0103 folosin\u021b\u0103 Crystal 60K Mesh Coil<\/figcaption><\/figure>\n<h2 data-start=\"2547\" data-end=\"2587\">De ce distribuitorii aleg RAZZBAR 60000<\/h2>\n<ul data-start=\"2589\" data-end=\"2800\">\n<li data-start=\"2589\" data-end=\"2637\">\n<p data-start=\"2591\" data-end=\"2637\">Num\u0103rul mare de pufuri cre\u0219te reten\u021bia clien\u021bilor<\/p>\n<\/li>\n<li data-start=\"2638\" data-end=\"2689\">\n<p data-start=\"2640\" data-end=\"2689\">Designul Crystal cre\u0219te valoarea perceput\u0103 la retail<\/p>\n<\/li>\n<li data-start=\"2690\" data-end=\"2750\">\n<p data-start=\"2692\" data-end=\"2750\">Stocul din depozitul UE reduce presiunea asupra livr\u0103rii \u0219i vamale<\/p>\n<\/li>\n<li data-start=\"2751\" data-end=\"2800\">\n<p data-start=\"2753\" data-end=\"2800\">Costul competitiv sus\u021bine marjele de profit en gros<\/p>\n<\/li>\n<\/ul>\n<p>&nbsp;<\/p>\n<div class=\"flex-shrink-0 flex flex-col relative items-end\">\n<div class=\"pt-0\">\n<div class=\"gizmo-bot-avatar flex h-8 w-8 items-center justify-center overflow-hidden rounded-full\">\n<div class=\"relative p-1 rounded-sm flex items-center justify-center bg-token-main-surface-primary text-token-text-primary h-8 w-8\">\n<h2 data-start=\"1200\" data-end=\"1487\">Vapes Tornado \u2013 Magazin online en gros pentru vaporizatoare populare<\/h2>\n<p data-start=\"72\" data-end=\"396\"><strong data-start=\"72\" data-end=\"89\">Vape Tornado<\/strong> este un magazin online en gros axat pe Europa, furniz\u00e2nd o gam\u0103 atent selectat\u0103 de <strong data-start=\"178\" data-end=\"195\">vaporizatoare populare<\/strong> pentru cump\u0103r\u0103tori profesioni\u0219ti. Lucr\u0103m cu comercian\u021bi cu am\u0103nuntul, distribuitori \u0219i magazine online din \u00eentreaga UE care au nevoie de aprovizionare stabil\u0103, informa\u021bii clare despre produse \u0219i m\u0103rci pe care clien\u021bii le recunosc \u0219i le au \u00eencredere.<\/p>\n<p data-start=\"398\" data-end=\"687\">Lucr\u0103m cu nume de \u00eencredere precum <strong data-start=\"247\" data-end=\"352\"><a href=\"https:\/\/vapestornado.com\/ro\/product\/randm-12000-puffs-fumot-digital-disposable-vape-wholesale-price\/\">Fumot VAPE<\/a>, <a href=\"https:\/\/vapestornado.com\/ro\/product\/original-wga-ultra-35k-35000-puff-rechargeable-crystal-disposable-nicotine-vape-best-discount-price\/\">WGA VAPE<\/a>, <a href=\"https:\/\/vapestornado.com\/ro\/product\/vozol-gear-shisha-25k-25000-puffs-best-dtl-disposable-vape-hookah-cheap-price\/\">VOZOL BAR VAPE<\/a>, <\/strong><strong data-start=\"247\" data-end=\"352\">Elf Bar Vape, WASPE Vape, <a href=\"https:\/\/vapestornado.com\/ro\/product\/uzy-150k-puffs-6-in-1-flavor-switch-disposable-vape-pen-wholesale\/\">Vape UZY<\/a>, Bang Vape, Razz Bar Vape, \u00a0\u0219i Stag Bar Vape<\/strong>, ale\u0219i pentru calitatea constant\u0103 \u0219i cererea puternic\u0103 pe pia\u021ba european\u0103.<\/p>\n<h4 data-start=\"1080\" data-end=\"1120\">Conceput pentru Vaperii din Europa en gros<\/h4>\n<p data-start=\"1121\" data-end=\"1189\">Vapes Tornado este structurat \u00een jurul nevoilor reale ale en gros-urilor din UE:<\/p>\n<ul data-start=\"1190\" data-end=\"1400\">\n<li data-start=\"1190\" data-end=\"1239\">\n<p data-start=\"1192\" data-end=\"1239\">Pre\u021buri competitive en gros pentru comenzi \u00een vrac<\/p>\n<\/li>\n<li data-start=\"1240\" data-end=\"1289\">\n<p data-start=\"1242\" data-end=\"1289\">Descrieri clare ale produselor \u0219i specifica\u021bii<\/p>\n<\/li>\n<li data-start=\"1290\" data-end=\"1330\">\n<p data-start=\"1292\" data-end=\"1330\">Logistic\u0103 rapid\u0103 \u0219i fiabil\u0103, orientat\u0103 spre UE<\/p>\n<\/li>\n<li data-start=\"1331\" data-end=\"1400\">\n<p data-start=\"1333\" data-end=\"1400\">Un catalog axat pe <strong data-start=\"1356\" data-end=\"1373\">vaporizatoare populare<\/strong>, nu pe SKU-uri supra-saturate<\/p>\n<\/li>\n<\/ul>\n<h2 data-start=\"2064\" data-end=\"2115\">\u00centreb\u0103ri frecvente despre RAZZ BAR 60K 60000 Pufuri Vape de unic\u0103 folosin\u021b\u0103<\/h2>\n<p data-start=\"2847\" data-end=\"2992\"><strong data-start=\"2847\" data-end=\"2910\">1. Este RAZZ BAR 60K potrivit pentru distribu\u021bie en gros?<\/strong><br data-start=\"2910\" data-end=\"2913\" \/>Da, este ambalat la <strong data-start=\"2934\" data-end=\"2956\">200 buc\u0103\u021bi pe carton<\/strong> \u0219i conceput pentru v\u00e2nz\u0103ri de volum mare.<\/p>\n<p data-start=\"2994\" data-end=\"3119\"><strong data-start=\"2994\" data-end=\"3044\">2. Suport\u0103 RAZZ BAR 60000 re\u00eenc\u0103rcarea?<\/strong><br data-start=\"3044\" data-end=\"3047\" \/>Da, are un <strong data-start=\"3066\" data-end=\"3097\">baterie re\u00eenc\u0103rcabil\u0103 de 650mAh<\/strong> cu \u00eenc\u0103rcare Type-C.<\/p>\n<p data-start=\"3121\" data-end=\"3218\"><strong data-start=\"3121\" data-end=\"3166\">3. Ce concentra\u021bii de nicotin\u0103 sunt disponibile?<\/strong><br data-start=\"3166\" data-end=\"3169\" \/>Disponibil \u00een <strong data-start=\"3182\" data-end=\"3209\">nicotine s\u0103rat\u0103 2% \u0219i 5%<\/strong> op\u021biuni.<\/p>\n<p data-start=\"3220\" data-end=\"3312\"><strong data-start=\"3220\" data-end=\"3251\">4. C\u00e2t de rapid este livrarea \u00een UE?<\/strong><br data-start=\"3251\" data-end=\"3254\" \/>Comenzile sunt expediate din depozitul UE \u00een termen de <strong data-start=\"3291\" data-end=\"3311\">5\u20137 zile lucr\u0103toare<\/strong>.<\/p>\n<p data-start=\"3314\" data-end=\"3479\"><strong data-start=\"3314\" data-end=\"3369\">5. Este acest model potrivit pentru un magazin de \u021big\u0103ri electronice?<\/strong><br data-start=\"3369\" data-end=\"3372\" \/>Da, designul s\u0103u de cristal, durata lung\u0103 de via\u021b\u0103 \u0219i gama de arome \u00eel fac ideal pentru afi\u0219aj retail \u0219i v\u00e2nz\u0103ri repetate.<\/p>\n<\/div>\n<\/div>\n<\/div>\n<\/div>","protected":false},"excerpt":{"rendered":"<div class=\"flex max-w-full flex-col grow\">\n<div class=\"min-h-8 text-message relative flex w-full flex-col items-end gap-2 text-start break-words whitespace-normal [.text-message+&amp;]:mt-1\" dir=\"auto\" data-message-author-role=\"assistant\" data-message-id=\"2a9d6edf-5b3a-41c0-afc9-caef2e4c2c3b\" data-message-model-slug=\"gpt-5-2\">\n<div class=\"flex w-full flex-col gap-1 empty:hidden first:pt-[1px]\">\n<div class=\"markdown prose dark:prose-invert w-full break-words light markdown-new-styling\">\n<p data-start=\"4300\" data-end=\"4384\">RAZZ BAR 60K Vape Cristal de Unic\u0103 Folosin\u021b\u0103 60000 Pufuri Livrare Rapid\u0103 UE<br \/>\nRAZZ BAR 60000 Vaporizator de Unic\u0103 Folosin\u021b\u0103 Pre\u021b Ieftin pentru Angrosi\u0219ti<br \/>\nRAZZ BAR 60K \u021aig\u0103ri Electronice Livrare \u00een Vrac din Depozitul UE<\/p>\n<\/div>\n<\/div>\n<\/div>\n<\/div>\n<p><strong>Ad\u0103uga\u021bi-o pe Amy pe WhatsApp pentru a ob\u021bine un r\u0103spuns corect \u0219i un pre\u021b redus!<\/strong><\/p>\n<p><img fetchpriority=\"high\" decoding=\"async\" class=\"size-full wp-image-2932\" src=\"https:\/\/vapestornado.com\/wp-content\/uploads\/2024\/12\/Vape-Wholesale.jpg\" alt=\"\u021aig\u0103ri electronice cu ridicata\" width=\"229\" height=\"300\" \/><\/p>\n<h3><a href=\"https:\/\/wa.me\/8617776015835\"><span style=\"color: #ff0000;\"><strong>WhatsApp: +86 17776015835<\/strong><\/span><\/a><\/h3>","protected":false},"featured_media":4849,"comment_status":"open","ping_status":"closed","template":"","meta":{"_acf_changed":false,"_uag_custom_page_level_css":"","_lmt_disableupdate":"no","_lmt_disable":"","_monsterinsights_skip_tracking":false,"_monsterinsights_sitenote_active":false,"_monsterinsights_sitenote_note":"","_monsterinsights_sitenote_category":0,"site-sidebar-layout":"default","site-content-layout":"","ast-site-content-layout":"default","site-content-style":"default","site-sidebar-style":"default","ast-global-header-display":"","ast-banner-title-visibility":"","ast-main-header-display":"","ast-hfb-above-header-display":"","ast-hfb-below-header-display":"","ast-hfb-mobile-header-display":"","site-post-title":"","ast-breadcrumbs-content":"","ast-featured-img":"","footer-sml-layout":"","ast-disable-related-posts":"","theme-transparent-header-meta":"default","adv-header-id-meta":"","stick-header-meta":"","header-above-stick-meta":"","header-main-stick-meta":"","header-below-stick-meta":"","astra-migrate-meta-layouts":"set","ast-page-background-enabled":"default","ast-page-background-meta":{"desktop":{"background-color":"","background-image":"","background-repeat":"repeat","background-position":"center center","background-size":"auto","background-attachment":"scroll","background-type":"","background-media":"","overlay-type":"","overlay-color":"","overlay-opacity":"","overlay-gradient":""},"tablet":{"background-color":"","background-image":"","background-repeat":"repeat","background-position":"center center","background-size":"auto","background-attachment":"scroll","background-type":"","background-media":"","overlay-type":"","overlay-color":"","overlay-opacity":"","overlay-gradient":""},"mobile":{"background-color":"","background-image":"","background-repeat":"repeat","background-position":"center center","background-size":"auto","background-attachment":"scroll","background-type":"","background-media":"","overlay-type":"","overlay-color":"","overlay-opacity":"","overlay-gradient":""}},"ast-content-background-meta":{"desktop":{"background-color":"var(--ast-global-color-5)","background-image":"","background-repeat":"repeat","background-position":"center center","background-size":"auto","background-attachment":"scroll","background-type":"","background-media":"","overlay-type":"","overlay-color":"","overlay-opacity":"","overlay-gradient":""},"tablet":{"background-color":"var(--ast-global-color-5)","background-image":"","background-repeat":"repeat","background-position":"center center","background-size":"auto","background-attachment":"scroll","background-type":"","background-media":"","overlay-type":"","overlay-color":"","overlay-opacity":"","overlay-gradient":""},"mobile":{"background-color":"var(--ast-global-color-5)","background-image":"","background-repeat":"repeat","background-position":"center center","background-size":"auto","background-attachment":"scroll","background-type":"","background-media":"","overlay-type":"","overlay-color":"","overlay-opacity":"","overlay-gradient":""}},"_joinchat":[]},"product_brand":[],"product_cat":[343,149,152,153,154,156,141,492,144,146],"product_tag":[572,120,368,571,573,570,569,568,574],"class_list":{"0":"post-4850","1":"product","2":"type-product","3":"status-publish","4":"has-post-thumbnail","6":"product_cat-60000-puff","7":"product_cat-buy-disposable-vapes-in-austria","8":"product_cat-buy-disposable-vapes-in-cermany","9":"product_cat-buy-disposable-vapes-in-italy","10":"product_cat-buy-disposable-vapes-in-netherlands","11":"product_cat-buy-disposable-vapes-in-poland","12":"product_cat-crystal-disposable-vapes","13":"product_cat-eu-warehouse","14":"product_cat-low-nicotine-disposable-vapes","15":"product_cat-rechargeable-disposable-vapes","16":"product_tag-cheap-price","17":"product_tag-crystal-vape","18":"product_tag-disposable-vapor","19":"product_tag-e-cigarette","20":"product_tag-e-cigarette-store","21":"product_tag-eu-fast-shipping","22":"product_tag-razz-bar-60000","23":"product_tag-razz-bar-60k","24":"product_tag-vape-wholesale-germany","25":"desktop-align-left","26":"tablet-align-left","27":"mobile-align-left","29":"first","30":"instock","31":"sale","32":"shipping-taxable","33":"purchasable","34":"product-type-simple"},"acf":[],"uagb_featured_image_src":{"full":["https:\/\/vapestornado.com\/wp-content\/uploads\/2026\/01\/RAZZ-BAR-Crystal-60k-Disposable-Vape-Wholesale.webp",800,800,false],"thumbnail":["https:\/\/vapestornado.com\/wp-content\/uploads\/2026\/01\/RAZZ-BAR-Crystal-60k-Disposable-Vape-Wholesale-150x150.webp",150,150,true],"medium":["https:\/\/vapestornado.com\/wp-content\/uploads\/2026\/01\/RAZZ-BAR-Crystal-60k-Disposable-Vape-Wholesale-300x300.webp",300,300,true],"medium_large":["https:\/\/vapestornado.com\/wp-content\/uploads\/2026\/01\/RAZZ-BAR-Crystal-60k-Disposable-Vape-Wholesale-768x768.webp",768,768,true],"large":["https:\/\/vapestornado.com\/wp-content\/uploads\/2026\/01\/RAZZ-BAR-Crystal-60k-Disposable-Vape-Wholesale.webp",800,800,false],"1536x1536":["https:\/\/vapestornado.com\/wp-content\/uploads\/2026\/01\/RAZZ-BAR-Crystal-60k-Disposable-Vape-Wholesale.webp",800,800,false],"2048x2048":["https:\/\/vapestornado.com\/wp-content\/uploads\/2026\/01\/RAZZ-BAR-Crystal-60k-Disposable-Vape-Wholesale.webp",800,800,false],"trp-custom-language-flag":["https:\/\/vapestornado.com\/wp-content\/uploads\/2026\/01\/RAZZ-BAR-Crystal-60k-Disposable-Vape-Wholesale-12x12.webp",12,12,true],"woocommerce_thumbnail":["https:\/\/vapestornado.com\/wp-content\/uploads\/2026\/01\/RAZZ-BAR-Crystal-60k-Disposable-Vape-Wholesale-300x300.webp",300,300,true],"woocommerce_single":["https:\/\/vapestornado.com\/wp-content\/uploads\/2026\/01\/RAZZ-BAR-Crystal-60k-Disposable-Vape-Wholesale-600x600.webp",600,600,true],"woocommerce_gallery_thumbnail":["https:\/\/vapestornado.com\/wp-content\/uploads\/2026\/01\/RAZZ-BAR-Crystal-60k-Disposable-Vape-Wholesale-100x100.webp",100,100,true]},"uagb_author_info":{"display_name":"ESAMY","author_link":"https:\/\/vapestornado.com\/ro\/author\/"},"uagb_comment_info":0,"uagb_excerpt":"RAZZ BAR 60K Crystal Disposable Vape 60000 Puffs EU Fast Shipping RAZZ BAR 60000 Disposable Vapor Cheap Price for Wholesalers RAZZ BAR 60K E-cigarette Bulk Supply from EU Warehouse Add Amy's whatsapp to get right reply and discount price! WhatsApp: +86 17776015835","_links":{"self":[{"href":"https:\/\/vapestornado.com\/ro\/wp-json\/wp\/v2\/product\/4850","targetHints":{"allow":["GET"]}}],"collection":[{"href":"https:\/\/vapestornado.com\/ro\/wp-json\/wp\/v2\/product"}],"about":[{"href":"https:\/\/vapestornado.com\/ro\/wp-json\/wp\/v2\/types\/product"}],"replies":[{"embeddable":true,"href":"https:\/\/vapestornado.com\/ro\/wp-json\/wp\/v2\/comments?post=4850"}],"wp:featuredmedia":[{"embeddable":true,"href":"https:\/\/vapestornado.com\/ro\/wp-json\/wp\/v2\/media\/4849"}],"wp:attachment":[{"href":"https:\/\/vapestornado.com\/ro\/wp-json\/wp\/v2\/media?parent=4850"}],"wp:term":[{"taxonomy":"product_brand","embeddable":true,"href":"https:\/\/vapestornado.com\/ro\/wp-json\/wp\/v2\/product_brand?post=4850"},{"taxonomy":"product_cat","embeddable":true,"href":"https:\/\/vapestornado.com\/ro\/wp-json\/wp\/v2\/product_cat?post=4850"},{"taxonomy":"product_tag","embeddable":true,"href":"https:\/\/vapestornado.com\/ro\/wp-json\/wp\/v2\/product_tag?post=4850"}],"curies":[{"name":"wp","href":"https:\/\/api.w.org\/{rel}","templated":true}]}}