{"id":4803,"date":"2026-01-14T07:52:29","date_gmt":"2026-01-14T07:52:29","guid":{"rendered":"https:\/\/vapestornado.com\/?post_type=product&#038;p=4803"},"modified":"2026-01-14T07:59:53","modified_gmt":"2026-01-14T07:59:53","slug":"runchunfu-200k-puffs-3-flavor-disposable-vape-wholesale-2-nic","status":"publish","type":"product","link":"https:\/\/vapestornado.com\/ro\/product\/runchunfu-200k-puffs-3-flavor-disposable-vape-wholesale-2-nic\/","title":{"rendered":"RUNCHUNFU 200k Pufuri 3 Arome Vape de unic\u0103 folosin\u021b\u0103 en gros 2% Nic"},"content":{"rendered":"<h1 data-start=\"0\" data-end=\"87\">RUNCHUNFU 200k Pufuri 3 Arome Vape de unic\u0103 folosin\u021b\u0103 en gros 2% Nic<\/h1>\n<p data-start=\"102\" data-end=\"545\">Sistemul <strong data-start=\"106\" data-end=\"130\">RUNCHUNFU 200k Pufuri<\/strong> este construit pentru en-grosisti care au nevoie de o <strong data-start=\"167\" data-end=\"184\">vape cu puf mare<\/strong> cu un aspect puternic pe raft \u0219i fiabilitate pe termen lung. Conceput ca un <strong data-start=\"251\" data-end=\"279\">Vape de Unic\u0103 Folosin\u021b\u0103 cu 3 Arome<\/strong>, permite utilizatorilor s\u0103 comute \u00eentre trei arome \u00eentr-un singur dispozitiv, oferind mai mult\u0103 varietate \u0219i reduc\u00e2nd presiunea inventarului pentru comercian\u021bi. Acest <strong data-start=\"418\" data-end=\"444\">vape cu arom\u0103 reglabil\u0103<\/strong> format s-a dovedit a cre\u0219te achizi\u021biile repetate \u0219i satisfac\u021bia clien\u021bilor pe pia\u021ba de vape de unic\u0103 folosin\u021b\u0103 din UE.<\/p>\n<p data-start=\"547\" data-end=\"889\">Cu o capacitate masiv\u0103 de <strong data-start=\"562\" data-end=\"585\">Rating de 200.000 de pufuri<\/strong>, un <strong data-start=\"589\" data-end=\"615\">Capacitate de 58ml lichid e<\/strong>, \u0219i un <strong data-start=\"623\" data-end=\"646\">Rezisten\u021b\u0103 dual\u0103 din plas\u0103 de 0.8\u03a9<\/strong>, modelul <strong data-start=\"652\" data-end=\"676\">RUNCHUNFU 200k Pufuri<\/strong> ofer\u0103 vapori netezi \u0219i arom\u0103 stabil\u0103 de la prima inhalare p\u00e2n\u0103 la ultima. Alimentat de o <strong data-start=\"763\" data-end=\"817\">Baterie de vape de unic\u0103 folosin\u021b\u0103 re\u00eenc\u0103rcabil\u0103 Type-C de 650mAh<\/strong>, men\u021bine un randament constant \u00een timp ce \u00eenc\u0103rcarea este simpl\u0103 \u0219i rapid\u0103.<\/p>\n<p data-start=\"891\" data-end=\"1195\">Un <strong data-start=\"899\" data-end=\"913\">LED<\/strong> at\u00e2t starea bateriei, c\u00e2t \u0219i a lichidului <strong data-start=\"925\" data-end=\"962\">nivelul bateriei \u0219i starea e-lichidului<\/strong>, reduc\u00e2nd retururile de dispozitive \u0219i \u00eembun\u0103t\u0103\u021bind \u00eencrederea utilizatorilor. Disponibil \u00een <strong data-start=\"1032\" data-end=\"1042\">2% nic<\/strong> \u0219i alte puncte forte, acest dispozitiv se potrive\u0219te at\u00e2t utilizatorilor u\u0219ori, c\u00e2t \u0219i celor obi\u0219nui\u021bi, fiind ideal pentru <strong data-start=\"1131\" data-end=\"1149\">\u021aig\u0103ri electronice cu ridicata<\/strong> cump\u0103r\u0103tori care vizeaz\u0103 diferite segmente de clien\u021bi.<\/p>\n<p data-start=\"1197\" data-end=\"1397\">Dac\u0103 c\u0103uta\u021bi un <strong data-start=\"1222\" data-end=\"1245\">pre\u021b de reducere pentru vape<\/strong> produs care \u00eenc\u0103 ofer\u0103 performan\u021b\u0103 premium \u0219i o capacitate ultra-\u00eenalt\u0103 de pufuri, <strong data-start=\"1326\" data-end=\"1350\">RUNCHUNFU 200k Pufuri<\/strong> este o alegere inteligent\u0103 pentru orice gam\u0103 en gros din Rom\u00e2nia.<\/p>\n<p><strong><span style=\"color: #ff0000;\">Adaug\u0103 whatsapp-ul lui Amy pentru a primi r\u0103spuns imediat \u0219i un cupon de vape!<\/span><\/strong><\/p>\n<p><img fetchpriority=\"high\" decoding=\"async\" class=\"size-full wp-image-2932\" src=\"https:\/\/vapestornado.com\/wp-content\/uploads\/2024\/12\/Vape-Wholesale.jpg\" alt=\"\u021aig\u0103ri electronice cu ridicata\" width=\"229\" height=\"300\" \/><\/p>\n<h3><a href=\"https:\/\/wa.me\/8617776015835\" target=\"_blank\" rel=\"noopener\"><span style=\"color: #ff0000;\"><strong>WhatsApp: +86 17776015835<\/strong><\/span><\/a><\/h3>\n<p>&nbsp;<\/p>\n<h2><strong>Caracteristici ale produsului RUNCHUNFU 200k Pufuri<\/strong><\/h2>\n<ul>\n<li data-start=\"1453\" data-end=\"1538\">\n<p data-start=\"1455\" data-end=\"1538\"><strong data-start=\"1455\" data-end=\"1472\">200.000 de pufuri<\/strong> \u2013 Conceput pentru utilizare ultra-lung\u0103, cu mai pu\u021bine \u00eenlocuiri ale dispozitivului.<\/p>\n<\/li>\n<li data-start=\"1539\" data-end=\"1631\">\n<p data-start=\"1541\" data-end=\"1631\"><strong data-start=\"1541\" data-end=\"1558\">58ml E-Lichid<\/strong> \u2013 Capacitate mare de ulei sus\u021bine un gust constant pe perioade extinse.<\/p>\n<\/li>\n<li data-start=\"1632\" data-end=\"1715\">\n<p data-start=\"1634\" data-end=\"1715\"><strong data-start=\"1634\" data-end=\"1657\">Rezisten\u021b\u0103 Dual Mesh de 0.8\u03a9<\/strong> \u2013 Ofer\u0103 vapori netezi \u0219i gust stabil la fiecare inhalare.<\/p>\n<\/li>\n<li data-start=\"1716\" data-end=\"1804\">\n<p data-start=\"1718\" data-end=\"1804\"><strong data-start=\"1718\" data-end=\"1740\">Schimbare a a trei arome<\/strong> \u2013 Permite utilizatorilor s\u0103 roteasc\u0103 \u00eentre trei arome \u00eentr-un singur dispozitiv.<\/p>\n<\/li>\n<li data-start=\"1805\" data-end=\"1891\">\n<p data-start=\"1807\" data-end=\"1891\"><strong data-start=\"1807\" data-end=\"1825\">Baterie de 650mAh<\/strong> \u2013 Asigur\u0103 o putere fiabil\u0103 pe \u00eentreaga durat\u0103 de via\u021b\u0103 a dispozitivului.<\/p>\n<\/li>\n<li data-start=\"1892\" data-end=\"1972\">\n<p data-start=\"1894\" data-end=\"1972\"><strong data-start=\"1894\" data-end=\"1913\">\u00cenc\u0103rcare Type-C<\/strong> \u2013 Permite o re\u00eenc\u0103rcare rapid\u0103 \u0219i modern\u0103 pentru confort zilnic.<\/p>\n<\/li>\n<li data-start=\"1973\" data-end=\"2037\">\n<p data-start=\"1975\" data-end=\"2037\"><strong data-start=\"1975\" data-end=\"1990\">Afi\u0219aj LED<\/strong> \u2013 Afi\u0219eaz\u0103 clar nivelurile bateriei \u0219i ale lichidului pentru vaporizator.<\/p>\n<\/li>\n<li data-start=\"2038\" data-end=\"2125\">\n<p data-start=\"2040\" data-end=\"2125\"><strong data-start=\"2040\" data-end=\"2068\">Sistem de arom\u0103 reglabil<\/strong> \u2013 \u00cembun\u0103t\u0103\u021be\u0219te controlul utilizatorului \u0219i poten\u021bialul de repetare a achizi\u021biei.<\/p>\n<\/li>\n<\/ul>\n<div class=\"mceTemp\"><\/div>\n<div>\n<div class=\"mceTemp\"><\/div>\n<figure id=\"attachment_4798\" aria-describedby=\"caption-attachment-4798\" style=\"width: 300px\" class=\"wp-caption alignnone\"><img decoding=\"async\" class=\"size-medium wp-image-4798\" src=\"https:\/\/vapestornado.com\/wp-content\/uploads\/2026\/01\/Runchunfu-200K-Puffs-3-in-1-Vape-Disposable-300x300.webp\" alt=\"Runchunfu 200K Pufuri Vape de unic\u0103 folosin\u021b\u0103 3 \u00een 1\" width=\"300\" height=\"300\" srcset=\"https:\/\/vapestornado.com\/wp-content\/uploads\/2026\/01\/Runchunfu-200K-Puffs-3-in-1-Vape-Disposable-300x300.webp 300w, https:\/\/vapestornado.com\/wp-content\/uploads\/2026\/01\/Runchunfu-200K-Puffs-3-in-1-Vape-Disposable-150x150.webp 150w, https:\/\/vapestornado.com\/wp-content\/uploads\/2026\/01\/Runchunfu-200K-Puffs-3-in-1-Vape-Disposable-768x768.webp 768w, https:\/\/vapestornado.com\/wp-content\/uploads\/2026\/01\/Runchunfu-200K-Puffs-3-in-1-Vape-Disposable-12x12.webp 12w, https:\/\/vapestornado.com\/wp-content\/uploads\/2026\/01\/Runchunfu-200K-Puffs-3-in-1-Vape-Disposable-600x600.webp 600w, https:\/\/vapestornado.com\/wp-content\/uploads\/2026\/01\/Runchunfu-200K-Puffs-3-in-1-Vape-Disposable-100x100.webp 100w, https:\/\/vapestornado.com\/wp-content\/uploads\/2026\/01\/Runchunfu-200K-Puffs-3-in-1-Vape-Disposable.webp 800w\" sizes=\"(max-width: 300px) 100vw, 300px\" \/><figcaption id=\"caption-attachment-4798\" class=\"wp-caption-text\">Runchunfu 200K Pufuri Vape de unic\u0103 folosin\u021b\u0103 3 \u00een 1<\/figcaption><\/figure>\n<\/div>\n<h2 class=\"product-title\"><strong>Lista de arome RUNCHUNFU 200k Pufuri<\/strong><\/h2>\n<p data-start=\"3215\" data-end=\"3339\">1. Pepene verde cu ghea\u021b\u0103<br \/>\n2. C\u0103p\u0219uni Pepene Verde &amp; C\u0103p\u0219uni Zmeur\u0103 &amp; Blue Razz<br \/>\n3. Afine cu ghea\u021b\u0103<br \/>\n4. C\u0103p\u0219uni, zmeur\u0103 \u0219i cire\u0219e<br \/>\n5. Piersici cu ghea\u021b\u0103<br \/>\n6. Red Bull cu ghea\u021b\u0103<br \/>\n7. Fructe de p\u0103dure mixte &amp; Ment\u0103 &amp; Dulce\u021buri curcubeu<br \/>\n8. Strugure Ghea\u021b\u0103 &amp; C\u0103p\u0219uni &amp; Ananas Ghea\u021b\u0103<br \/>\n9. C\u0103p\u0219uni Banane &amp; Ananas Cocos Ghea\u021b\u0103 &amp; Mango Ghea\u021b\u0103<br \/>\n10. Cherry Cola Ghea\u021b\u0103 &amp; C\u0103p\u0219uni Cola &amp; Cola<\/p>\n<p>&nbsp;<\/p>\n<div class=\"flex-shrink-0 flex flex-col relative items-end\">\n<div class=\"pt-0\">\n<div class=\"gizmo-bot-avatar flex h-8 w-8 items-center justify-center overflow-hidden rounded-full\">\n<div class=\"relative p-1 rounded-sm flex items-center justify-center bg-token-main-surface-primary text-token-text-primary h-8 w-8\">\n<h2 data-start=\"1200\" data-end=\"1487\">Vapes Tornado \u2013 Magazin online en gros pentru vaporizatoare populare<\/h2>\n<p data-start=\"72\" data-end=\"396\"><strong data-start=\"72\" data-end=\"89\">Vape Tornado<\/strong> este un magazin online en gros axat pe Europa, furniz\u00e2nd o gam\u0103 atent selectat\u0103 de <strong data-start=\"178\" data-end=\"195\">vaporizatoare populare<\/strong> pentru cump\u0103r\u0103tori profesioni\u0219ti. Lucr\u0103m cu comercian\u021bi cu am\u0103nuntul, distribuitori \u0219i magazine online din \u00eentreaga UE care au nevoie de aprovizionare stabil\u0103, informa\u021bii clare despre produse \u0219i m\u0103rci pe care clien\u021bii le recunosc \u0219i le au \u00eencredere.<\/p>\n<p data-start=\"398\" data-end=\"687\">Lucr\u0103m cu nume de \u00eencredere precum <strong data-start=\"247\" data-end=\"352\">Elf Bar Vape, WASPE Vape, <a href=\"https:\/\/vapestornado.com\/ro\/product\/uzy-150k-puffs-6-in-1-flavor-switch-disposable-vape-pen-wholesale\/\">Vape UZY<\/a>, Bang Vape, Razz Bar Vape, <a href=\"https:\/\/vapestornado.com\/ro\/product\/randm-12000-puffs-fumot-digital-disposable-vape-wholesale-price\/\">Fumot VAPE<\/a>, <a href=\"https:\/\/vapestornado.com\/ro\/product\/original-wga-ultra-35k-35000-puff-rechargeable-crystal-disposable-nicotine-vape-best-discount-price\/\">WGA VAPE<\/a>, <a href=\"https:\/\/vapestornado.com\/ro\/product\/vozol-gear-shisha-25k-25000-puffs-best-dtl-disposable-vape-hookah-cheap-price\/\">VOZOL BAR VAPE<\/a>, \u0219i Stag Bar Vape<\/strong>, ale\u0219i pentru calitatea constant\u0103 \u0219i cererea puternic\u0103 pe pia\u021ba european\u0103.<\/p>\n<h4 data-start=\"1080\" data-end=\"1120\">Conceput pentru cump\u0103r\u0103torii en gros din Europa<\/h4>\n<p data-start=\"1121\" data-end=\"1189\">Vapes Tornado este structurat \u00een jurul nevoilor reale ale en gros-urilor din UE:<\/p>\n<ul data-start=\"1190\" data-end=\"1400\">\n<li data-start=\"1190\" data-end=\"1239\">\n<p data-start=\"1192\" data-end=\"1239\">Pre\u021buri competitive en gros pentru comenzi \u00een vrac<\/p>\n<\/li>\n<li data-start=\"1240\" data-end=\"1289\">\n<p data-start=\"1242\" data-end=\"1289\">Descrieri clare ale produselor \u0219i specifica\u021bii<\/p>\n<\/li>\n<li data-start=\"1290\" data-end=\"1330\">\n<p data-start=\"1292\" data-end=\"1330\">Logistic\u0103 rapid\u0103 \u0219i fiabil\u0103, orientat\u0103 spre UE<\/p>\n<\/li>\n<li data-start=\"1331\" data-end=\"1400\">\n<p data-start=\"1333\" data-end=\"1400\">Un catalog axat pe <strong data-start=\"1356\" data-end=\"1373\">vaporizatoare populare<\/strong>, nu pe SKU-uri supra-saturate<\/p>\n<\/li>\n<\/ul>\n<h2 data-start=\"2064\" data-end=\"2115\">\u00centreb\u0103ri frecvente despre RUNCHUNFU 200k Pufuri Vape de unic\u0103 folosin\u021b\u0103<\/h2>\n<p data-start=\"2710\" data-end=\"2843\"><strong data-start=\"2710\" data-end=\"2761\">1. C\u00e2t timp dureaz\u0103 RUNCHUNFU 200k Pufuri?<\/strong><br data-start=\"2761\" data-end=\"2764\" \/>Cu p\u00e2n\u0103 la 200.000 de pufuri, poate dura s\u0103pt\u0103m\u00e2ni sau mai mult, \u00een func\u021bie de obiceiurile utilizatorului.<\/p>\n<p data-start=\"2845\" data-end=\"2953\"><strong data-start=\"2845\" data-end=\"2888\">2. Pot utilizatorii s\u0103 schimbe aromele \u00een timpul utiliz\u0103rii?<\/strong><br data-start=\"2888\" data-end=\"2891\" \/>Da, dispozitivul suport\u0103 trei arome comutabile \u00eentr-un singur aparat.<\/p>\n<p data-start=\"2955\" data-end=\"3043\"><strong data-start=\"2955\" data-end=\"2990\">3. Este bateria re\u00eenc\u0103rcabil\u0103?<\/strong><br data-start=\"2990\" data-end=\"2993\" \/>Da, are o baterie de 650mAh cu \u00eenc\u0103rcare Type-C.<\/p>\n<p data-start=\"3045\" data-end=\"3143\"><strong data-start=\"3045\" data-end=\"3090\">4. Ce concentra\u021bii de nicotin\u0103 sunt disponibile?<\/strong><br data-start=\"3090\" data-end=\"3093\" \/>Este disponibil \u00een op\u021biunile nic 0%, 2%, 3% \u0219i 5%.<\/p>\n<p data-start=\"3145\" data-end=\"3283\"><strong data-start=\"3145\" data-end=\"3191\">5. Este potrivit pentru v\u00e2nzarea en gros de vape-uri \u00een Rom\u00e2nia?<\/strong><br data-start=\"3191\" data-end=\"3194\" \/>Da, este conceput pentru <strong data-start=\"3218\" data-end=\"3236\">\u021aig\u0103ri electronice cu ridicata<\/strong> cu un num\u0103r mare de pufuri \u0219i un atractiv puternic pentru retail.<\/p>\n<\/div>\n<\/div>\n<\/div>\n<\/div>","protected":false},"excerpt":{"rendered":"<div class=\"flex max-w-full flex-col grow\">\n<div class=\"min-h-8 text-message relative flex w-full flex-col items-end gap-2 text-start break-words whitespace-normal [.text-message+&amp;]:mt-1\" dir=\"auto\" data-message-author-role=\"assistant\" data-message-id=\"2a9d6edf-5b3a-41c0-afc9-caef2e4c2c3b\" data-message-model-slug=\"gpt-5-2\">\n<div class=\"flex w-full flex-col gap-1 empty:hidden first:pt-[1px]\">\n<div class=\"markdown prose dark:prose-invert w-full break-words light markdown-new-styling\">\n<p data-start=\"3689\" data-end=\"3768\"><strong data-start=\"3689\" data-end=\"3766\">RUNCHUNFU 200k Pufuri 3 Arome Vape de Unic\u0103 Folosin\u021b\u0103 \u2013 Dispozitiv Big Puff en-gros<\/strong><\/p>\n<p data-start=\"3772\" data-end=\"3847\"><strong data-start=\"3772\" data-end=\"3845\">RUNCHUNFU 200.000 Pufuri Vape Re\u00eenc\u0103rcabil de Unic\u0103 Folosin\u021b\u0103 la Pre\u021b Redus<\/strong><\/p>\n<p data-start=\"3851\" data-end=\"3925\" data-is-last-node=\"\"><strong data-start=\"3851\" data-end=\"3925\" data-is-last-node=\"\">Vape de Unic\u0103 Folosin\u021b\u0103 cu Arom\u0103 Reglabil\u0103 RUNCHUNFU 200k \u2013 Furnizare en-gros pentru Wholesalerii din UE<\/strong><\/p>\n<\/div>\n<\/div>\n<\/div>\n<\/div>\n<p><strong>Ad\u0103uga\u021bi-o pe Amy pe WhatsApp pentru a ob\u021bine un r\u0103spuns corect \u0219i un pre\u021b redus!<\/strong><\/p>\n<p><img fetchpriority=\"high\" decoding=\"async\" class=\"size-full wp-image-2932\" src=\"https:\/\/vapestornado.com\/wp-content\/uploads\/2024\/12\/Vape-Wholesale.jpg\" alt=\"\u021aig\u0103ri electronice cu ridicata\" width=\"229\" height=\"300\" \/><\/p>\n<h3><a href=\"https:\/\/wa.me\/8617776015835\"><span style=\"color: #ff0000;\"><strong>WhatsApp: +86 17776015835<\/strong><\/span><\/a><\/h3>","protected":false},"featured_media":4800,"comment_status":"open","ping_status":"closed","template":"","meta":{"_acf_changed":false,"_uag_custom_page_level_css":"","_lmt_disableupdate":"no","_lmt_disable":"","_monsterinsights_skip_tracking":false,"_monsterinsights_sitenote_active":false,"_monsterinsights_sitenote_note":"","_monsterinsights_sitenote_category":0,"site-sidebar-layout":"default","site-content-layout":"","ast-site-content-layout":"default","site-content-style":"default","site-sidebar-style":"default","ast-global-header-display":"","ast-banner-title-visibility":"","ast-main-header-display":"","ast-hfb-above-header-display":"","ast-hfb-below-header-display":"","ast-hfb-mobile-header-display":"","site-post-title":"","ast-breadcrumbs-content":"","ast-featured-img":"","footer-sml-layout":"","ast-disable-related-posts":"","theme-transparent-header-meta":"default","adv-header-id-meta":"","stick-header-meta":"","header-above-stick-meta":"","header-main-stick-meta":"","header-below-stick-meta":"","astra-migrate-meta-layouts":"set","ast-page-background-enabled":"default","ast-page-background-meta":{"desktop":{"background-color":"","background-image":"","background-repeat":"repeat","background-position":"center center","background-size":"auto","background-attachment":"scroll","background-type":"","background-media":"","overlay-type":"","overlay-color":"","overlay-opacity":"","overlay-gradient":""},"tablet":{"background-color":"","background-image":"","background-repeat":"repeat","background-position":"center center","background-size":"auto","background-attachment":"scroll","background-type":"","background-media":"","overlay-type":"","overlay-color":"","overlay-opacity":"","overlay-gradient":""},"mobile":{"background-color":"","background-image":"","background-repeat":"repeat","background-position":"center center","background-size":"auto","background-attachment":"scroll","background-type":"","background-media":"","overlay-type":"","overlay-color":"","overlay-opacity":"","overlay-gradient":""}},"ast-content-background-meta":{"desktop":{"background-color":"var(--ast-global-color-5)","background-image":"","background-repeat":"repeat","background-position":"center center","background-size":"auto","background-attachment":"scroll","background-type":"","background-media":"","overlay-type":"","overlay-color":"","overlay-opacity":"","overlay-gradient":""},"tablet":{"background-color":"var(--ast-global-color-5)","background-image":"","background-repeat":"repeat","background-position":"center center","background-size":"auto","background-attachment":"scroll","background-type":"","background-media":"","overlay-type":"","overlay-color":"","overlay-opacity":"","overlay-gradient":""},"mobile":{"background-color":"var(--ast-global-color-5)","background-image":"","background-repeat":"repeat","background-position":"center center","background-size":"auto","background-attachment":"scroll","background-type":"","background-media":"","overlay-type":"","overlay-color":"","overlay-opacity":"","overlay-gradient":""}},"_joinchat":[]},"product_brand":[],"product_cat":[526,140,149,152,153,156,142,146],"product_tag":[355,354,545,94,544,543,513,93,512],"class_list":{"0":"post-4803","1":"product","2":"type-product","3":"status-publish","4":"has-post-thumbnail","6":"product_cat-200k-puff","7":"product_cat-big-puffs-disposable-vapes","8":"product_cat-buy-disposable-vapes-in-austria","9":"product_cat-buy-disposable-vapes-in-cermany","10":"product_cat-buy-disposable-vapes-in-italy","11":"product_cat-buy-disposable-vapes-in-poland","12":"product_cat-digital-box-disposable-vapes","13":"product_cat-rechargeable-disposable-vapes","14":"product_tag-big-puff-vape","15":"product_tag-flavor-adjustable-vape","16":"product_tag-flavor-disposable-vape","17":"product_tag-rechargeable-disposable-vape","18":"product_tag-runchunfu-200k","19":"product_tag-runchunfu-200k-puff","20":"product_tag-vape-discount-price","21":"product_tag-vape-wholesale","22":"product_tag-vape-wholesale-distributor","23":"desktop-align-left","24":"tablet-align-left","25":"mobile-align-left","27":"first","28":"instock","29":"sale","30":"shipping-taxable","31":"purchasable","32":"product-type-simple"},"acf":[],"uagb_featured_image_src":{"full":["https:\/\/vapestornado.com\/wp-content\/uploads\/2026\/01\/RUNCHUNFU-Triple-200k-Big-Puff-Disposable-Vapes.webp",800,800,false],"thumbnail":["https:\/\/vapestornado.com\/wp-content\/uploads\/2026\/01\/RUNCHUNFU-Triple-200k-Big-Puff-Disposable-Vapes-150x150.webp",150,150,true],"medium":["https:\/\/vapestornado.com\/wp-content\/uploads\/2026\/01\/RUNCHUNFU-Triple-200k-Big-Puff-Disposable-Vapes-300x300.webp",300,300,true],"medium_large":["https:\/\/vapestornado.com\/wp-content\/uploads\/2026\/01\/RUNCHUNFU-Triple-200k-Big-Puff-Disposable-Vapes-768x768.webp",768,768,true],"large":["https:\/\/vapestornado.com\/wp-content\/uploads\/2026\/01\/RUNCHUNFU-Triple-200k-Big-Puff-Disposable-Vapes.webp",800,800,false],"1536x1536":["https:\/\/vapestornado.com\/wp-content\/uploads\/2026\/01\/RUNCHUNFU-Triple-200k-Big-Puff-Disposable-Vapes.webp",800,800,false],"2048x2048":["https:\/\/vapestornado.com\/wp-content\/uploads\/2026\/01\/RUNCHUNFU-Triple-200k-Big-Puff-Disposable-Vapes.webp",800,800,false],"trp-custom-language-flag":["https:\/\/vapestornado.com\/wp-content\/uploads\/2026\/01\/RUNCHUNFU-Triple-200k-Big-Puff-Disposable-Vapes-12x12.webp",12,12,true],"woocommerce_thumbnail":["https:\/\/vapestornado.com\/wp-content\/uploads\/2026\/01\/RUNCHUNFU-Triple-200k-Big-Puff-Disposable-Vapes-300x300.webp",300,300,true],"woocommerce_single":["https:\/\/vapestornado.com\/wp-content\/uploads\/2026\/01\/RUNCHUNFU-Triple-200k-Big-Puff-Disposable-Vapes-600x600.webp",600,600,true],"woocommerce_gallery_thumbnail":["https:\/\/vapestornado.com\/wp-content\/uploads\/2026\/01\/RUNCHUNFU-Triple-200k-Big-Puff-Disposable-Vapes-100x100.webp",100,100,true]},"uagb_author_info":{"display_name":"ESAMY","author_link":"https:\/\/vapestornado.com\/ro\/author\/"},"uagb_comment_info":0,"uagb_excerpt":"RUNCHUNFU 200k Puffs 3 Flavor Disposable Vape \u2013 Wholesale Big Puff Device RUNCHUNFU 200,000 Puff Rechargeable Disposable Vape at Discount Price Flavor Adjustable RUNCHUNFU 200k Vape \u2013 Bulk Supply for EU Wholesalers Add Amy's whatsapp to get right reply and discount price! WhatsApp: +86 17776015835","_links":{"self":[{"href":"https:\/\/vapestornado.com\/ro\/wp-json\/wp\/v2\/product\/4803","targetHints":{"allow":["GET"]}}],"collection":[{"href":"https:\/\/vapestornado.com\/ro\/wp-json\/wp\/v2\/product"}],"about":[{"href":"https:\/\/vapestornado.com\/ro\/wp-json\/wp\/v2\/types\/product"}],"replies":[{"embeddable":true,"href":"https:\/\/vapestornado.com\/ro\/wp-json\/wp\/v2\/comments?post=4803"}],"wp:featuredmedia":[{"embeddable":true,"href":"https:\/\/vapestornado.com\/ro\/wp-json\/wp\/v2\/media\/4800"}],"wp:attachment":[{"href":"https:\/\/vapestornado.com\/ro\/wp-json\/wp\/v2\/media?parent=4803"}],"wp:term":[{"taxonomy":"product_brand","embeddable":true,"href":"https:\/\/vapestornado.com\/ro\/wp-json\/wp\/v2\/product_brand?post=4803"},{"taxonomy":"product_cat","embeddable":true,"href":"https:\/\/vapestornado.com\/ro\/wp-json\/wp\/v2\/product_cat?post=4803"},{"taxonomy":"product_tag","embeddable":true,"href":"https:\/\/vapestornado.com\/ro\/wp-json\/wp\/v2\/product_tag?post=4803"}],"curies":[{"name":"wp","href":"https:\/\/api.w.org\/{rel}","templated":true}]}}