{"id":4795,"date":"2026-01-13T03:09:18","date_gmt":"2026-01-13T03:09:18","guid":{"rendered":"https:\/\/vapestornado.com\/?post_type=product&#038;p=4795"},"modified":"2026-01-13T03:17:55","modified_gmt":"2026-01-13T03:17:55","slug":"al-fakher-crown-bar-15k-ice-adjust-disposable-shisha-hookah-wholesale-netherlands","status":"publish","type":"product","link":"https:\/\/vapestornado.com\/ro\/product\/al-fakher-crown-bar-15k-ice-adjust-disposable-shisha-hookah-wholesale-netherlands\/","title":{"rendered":"Al Fakher Crown Bar 15K Ice Adjust Disposable Shisha Hookah en gros Olanda"},"content":{"rendered":"<h1 data-start=\"0\" data-end=\"87\">Al Fakher Mega Max 40K Pufuri Bar\u0103 Coroan\u0103 E-Shisha Dispozitiv de Unic\u0103 Folosin\u021b\u0103 Vape cu Flux de Aer Reglabil<\/h1>\n<p data-start=\"107\" data-end=\"502\">Crown Bar 15K Ice Adjust de la Al Fakher este conceput pentru pia\u021ba en gros din Europa, care solicit\u0103 controlul aromei, durat\u0103 lung\u0103 de via\u021b\u0103 \u0219i calitate fiabil\u0103 la un <strong data-start=\"259\" data-end=\"274\">pre\u021bul mic<\/strong>. Conceput pentru <strong data-start=\"289\" data-end=\"316\">\u021aigarette electronice de unic\u0103 folosin\u021b\u0103<\/strong> retaileri \u0219i <strong data-start=\"331\" data-end=\"368\">Vape-uri de unic\u0103 folosin\u021b\u0103 en gros Fran\u021ba<\/strong> distribuitori, acest model ofer\u0103 p\u00e2n\u0103 la <strong data-start=\"409\" data-end=\"440\">15.000 de pufuri line \u0219i stabile<\/strong> cu acurate\u021bea de arom\u0103 \u0219i construc\u021bia premium caracteristice Al Fakher.<\/p>\n<p data-start=\"504\" data-end=\"842\">Spre deosebire de cele standard, <strong data-start=\"537\" data-end=\"568\">sistemul Crown Bar Ice Adjust<\/strong> permite utilizatorilor s\u0103 controleze intensitatea r\u0103cirii, permi\u021b\u00e2nd fiec\u0103rui client s\u0103 aleag\u0103 o lovitur\u0103 rece puternic\u0103 sau o tragere mai moale, mai cald\u0103. Acest lucru face ca <strong data-start=\"703\" data-end=\"730\">Al Fakher Crown Bar 15K<\/strong> mai u\u0219or de v\u00e2ndut \u00een func\u021bie de preferin\u021bele diferite ale utilizatorilor, cresc\u00e2nd achizi\u021biile repetate \u0219i reduc\u00e2nd aromele cu v\u00e2nzare lent\u0103.<\/p>\n<p data-start=\"844\" data-end=\"1140\">Alimentat de un <strong data-start=\"858\" data-end=\"889\">baterie re\u00eenc\u0103rcabil\u0103 de 850mAh<\/strong> \u0219i umplut cu <strong data-start=\"906\" data-end=\"926\">22ml de e-lichid<\/strong>, modelul <strong data-start=\"932\" data-end=\"960\">AL Fakher Ice Adjust 15K<\/strong> men\u021bine un randament constant de la primul puf p\u00e2n\u0103 la ultimul. Sistemul <strong data-start=\"1026\" data-end=\"1044\">Rezisten\u021b\u0103 mesh de 0.6\u03a9<\/strong> asigur\u0103 vapori cura\u021bi, claritate puternic\u0103 a aromei \u0219i performan\u021b\u0103 stabil\u0103, chiar \u0219i \u00een timpul utiliz\u0103rii zilnice \u00eendelungate.<\/p>\n<p data-start=\"1142\" data-end=\"1446\">Un ecran \u00eencorporat <strong data-start=\"1153\" data-end=\"1171\">ecran digital<\/strong> arat\u0103 at\u00e2t nivelul bateriei, c\u00e2t \u0219i cel al lichidului, oferind \u00eencredere clien\u021bilor \u0219i reduc\u00e2nd return\u0103rile dispozitivelor. Cu <strong data-start=\"1272\" data-end=\"1293\">45 arome dovedite<\/strong>, modelul <strong data-start=\"1299\" data-end=\"1312\">Baronul Coroanei<\/strong> linia sus\u021bine o rota\u021bie puternic\u0103 \u00een retail \u0219i ajut\u0103 magazinele s\u0103 construiasc\u0103 o categorie de cele mai v\u00e2ndute produse de \u00eencredere \u00een <strong data-start=\"1411\" data-end=\"1438\">\u021aigarette electronice de unic\u0103 folosin\u021b\u0103<\/strong> .<\/p>\n<p data-start=\"1448\" data-end=\"1645\">Dac\u0103 achizi\u021biona\u021bi <strong data-start=\"1468\" data-end=\"1505\">Vape-uri de unic\u0103 folosin\u021b\u0103 en gros Olanda<\/strong>\u00a0la un pre\u021b competitiv cu arome cu mi\u0219care rapid\u0103, <strong data-start=\"1559\" data-end=\"1597\">Al Fakher Crown Bar 15K Ice Ajustare<\/strong> este o alegere sigur\u0103, cu un rulaj ridicat pentru magazinul dvs.<\/p>\n<p><strong><span style=\"color: #ff0000;\">Adaug\u0103 whatsapp-ul lui Amy pentru a primi r\u0103spuns imediat \u0219i un cupon de vape!<\/span><\/strong><\/p>\n<p><img fetchpriority=\"high\" decoding=\"async\" class=\"size-full wp-image-2932\" src=\"https:\/\/vapestornado.com\/wp-content\/uploads\/2024\/12\/Vape-Wholesale.jpg\" alt=\"\u021aig\u0103ri electronice cu ridicata\" width=\"229\" height=\"300\" \/><\/p>\n<h3><a href=\"https:\/\/wa.me\/8617776015835\" target=\"_blank\" rel=\"noopener\"><span style=\"color: #ff0000;\"><strong>WhatsApp: +86 17776015835<\/strong><\/span><\/a><\/h3>\n<p>&nbsp;<\/p>\n<h2><strong>Caracteristici ale produsului Al Fakher Crown Bar 15K<\/strong><\/h2>\n<ul>\n<li data-start=\"1701\" data-end=\"1810\">\n<p data-start=\"1703\" data-end=\"1810\"><strong data-start=\"1703\" data-end=\"1719\">15.000 de pufuri<\/strong> \u2013 Ofer\u0103 performan\u021b\u0103 de durat\u0103 lung\u0103 care men\u021bine clien\u021bii vaping timp de s\u0103pt\u0103m\u00e2ni pe un singur dispozitiv.<\/p>\n<\/li>\n<li data-start=\"1811\" data-end=\"1909\">\n<p data-start=\"1813\" data-end=\"1909\"><strong data-start=\"1813\" data-end=\"1830\">E-Lichid de 22ml<\/strong> \u2013 Capacitatea mare de lichid asigur\u0103 un gust stabil f\u0103r\u0103 \u00eenlocuiri frecvente.<\/p>\n<\/li>\n<li data-start=\"1910\" data-end=\"1991\">\n<p data-start=\"1912\" data-end=\"1991\"><strong data-start=\"1912\" data-end=\"1930\">Rezisten\u021b\u0103 Mesh de 0.6\u03a9<\/strong> \u2013 Produce vapori netezi \u0219i arom\u0103 precis\u0103 la fiecare tragere.<\/p>\n<\/li>\n<li data-start=\"1992\" data-end=\"2075\">\n<p data-start=\"1994\" data-end=\"2075\"><strong data-start=\"1994\" data-end=\"2011\">0.5% Nicotin\u0103<\/strong> \u2013 Ofer\u0103 o senza\u021bie u\u0219oar\u0103 \u0219i lin\u0103 de nicotin\u0103, potrivit\u0103 pentru utilizarea zilnic\u0103.<\/p>\n<\/li>\n<li data-start=\"2076\" data-end=\"2164\">\n<p data-start=\"2078\" data-end=\"2164\"><strong data-start=\"2078\" data-end=\"2096\">Baterie de 850mAh<\/strong> \u2013 Asigur\u0103 o putere fiabil\u0103 pe \u00eentreaga durat\u0103 de via\u021b\u0103 a dispozitivului.<\/p>\n<\/li>\n<li data-start=\"2165\" data-end=\"2229\">\n<p data-start=\"2167\" data-end=\"2229\"><strong data-start=\"2167\" data-end=\"2185\">\u00cenc\u0103rcare USB-C<\/strong> \u2013 Permite o \u00eenc\u0103rcare mai rapid\u0103 \u0219i mai stabil\u0103.<\/p>\n<\/li>\n<li data-start=\"2230\" data-end=\"2319\">\n<p data-start=\"2232\" data-end=\"2319\"><strong data-start=\"2232\" data-end=\"2254\">Control Ajustare Ghea\u021b\u0103<\/strong> \u2013 Permite utilizatorilor s\u0103 seteze nivelul de r\u0103cire preferat pentru fiecare inhalare.<\/p>\n<\/li>\n<li data-start=\"2320\" data-end=\"2395\">\n<p data-start=\"2322\" data-end=\"2395\"><strong data-start=\"2322\" data-end=\"2340\">Ecran Digital<\/strong> \u2013 Afi\u0219eaz\u0103 nivelurile bateriei \u0219i ale lichidului \u00een timp real.<\/p>\n<\/li>\n<li data-start=\"2396\" data-end=\"2474\">\n<p data-start=\"2398\" data-end=\"2474\"><strong data-start=\"2398\" data-end=\"2417\">Construc\u021bie Bar Crown<\/strong> \u2013 Design premium al corpului care \u00eembun\u0103t\u0103\u021be\u0219te durabilitatea \u0219i fluxul de aer.<\/p>\n<\/li>\n<li data-start=\"2475\" data-end=\"2543\">\n<p data-start=\"2477\" data-end=\"2543\"><strong data-start=\"2477\" data-end=\"2491\">45 Arome<\/strong> \u2013 Sus\u021bine rota\u021bia puternic\u0103 \u00een retail \u0219i v\u00e2nz\u0103ri repetate.<\/p>\n<\/li>\n<\/ul>\n<figure id=\"attachment_4791\" aria-describedby=\"caption-attachment-4791\" style=\"width: 300px\" class=\"wp-caption alignnone\"><img decoding=\"async\" class=\"size-medium wp-image-4791\" src=\"https:\/\/vapestornado.com\/wp-content\/uploads\/2026\/01\/Al-Fakher-Crown-Bar-Ice-Adjust-15K-15000-Puff-300x300.webp\" alt=\"Al Fakher Crown Bar Ice Adjust 15K 15000 Pufuri\" width=\"300\" height=\"300\" srcset=\"https:\/\/vapestornado.com\/wp-content\/uploads\/2026\/01\/Al-Fakher-Crown-Bar-Ice-Adjust-15K-15000-Puff-300x300.webp 300w, https:\/\/vapestornado.com\/wp-content\/uploads\/2026\/01\/Al-Fakher-Crown-Bar-Ice-Adjust-15K-15000-Puff-150x150.webp 150w, https:\/\/vapestornado.com\/wp-content\/uploads\/2026\/01\/Al-Fakher-Crown-Bar-Ice-Adjust-15K-15000-Puff-768x768.webp 768w, https:\/\/vapestornado.com\/wp-content\/uploads\/2026\/01\/Al-Fakher-Crown-Bar-Ice-Adjust-15K-15000-Puff-12x12.webp 12w, https:\/\/vapestornado.com\/wp-content\/uploads\/2026\/01\/Al-Fakher-Crown-Bar-Ice-Adjust-15K-15000-Puff-600x600.webp 600w, https:\/\/vapestornado.com\/wp-content\/uploads\/2026\/01\/Al-Fakher-Crown-Bar-Ice-Adjust-15K-15000-Puff-100x100.webp 100w, https:\/\/vapestornado.com\/wp-content\/uploads\/2026\/01\/Al-Fakher-Crown-Bar-Ice-Adjust-15K-15000-Puff.webp 800w\" sizes=\"(max-width: 300px) 100vw, 300px\" \/><figcaption id=\"caption-attachment-4791\" class=\"wp-caption-text\">Al Fakher Crown Bar Ice Adjust 15K 15000 Pufuri<\/figcaption><\/figure>\n<div>\n<div class=\"mceTemp\"><\/div>\n<\/div>\n<h2 class=\"product-title\"><strong>Lista de Arome pentru Al Fakher Crown Bar 15K Pufuri<\/strong><\/h2>\n<p>1 Afine Albastru<br \/>\n2 Ghea\u021b\u0103 de Afine<br \/>\n3 Ghea\u021b\u0103 de Coac\u0103ze Negre<br \/>\n4 Menta de Coac\u0103ze Negre<br \/>\n5 Explozie de Blue Razz<br \/>\n6 Limonad\u0103 Blue Razz<br \/>\n7 Cire\u0219e cu Afine<br \/>\n8 Gum\u0103 de Afine<br \/>\n9 Limonad\u0103 cu Afine<br \/>\n10 Menta cu Afine<br \/>\n11 Zmeur\u0103 cu Afine<br \/>\n12 Zmeur\u0103 Acr\u0103 cu Afine<br \/>\n13 Fiesta de Cire\u0219e<br \/>\n14 Fizz de Cire\u0219e<br \/>\n15 Ghea\u021b\u0103 de Cire\u0219e<br \/>\n16 Mango R\u0103coros<br \/>\n17 Fusion Pop<br \/>\n18 Strugure<br \/>\n19 Fruct de p\u0103dure cu strugure<br \/>\n20 Ment\u0103 cu strugure<br \/>\n21 Gum\u0103 Ment\u0103<br \/>\n22 Hubba<br \/>\n23 Ghea\u021b\u0103 Albastr\u0103<br \/>\n24 L\u0103m\u00e2ie Lime<br \/>\n25 Fizz de l\u0103m\u00e2ie lime cu cire\u0219e<br \/>\n26 L\u0103m\u00e2ie Ment\u0103<br \/>\n27 Ghea\u021b\u0103 Lush<br \/>\n28 Dragoste Magic\u0103<br \/>\n29 Mango Ananas<br \/>\n30 Mentol<br \/>\n31 Ment\u0103<br \/>\n32 Fructe de p\u0103dure mixte<br \/>\n33 Portocal\u0103 Ment\u0103<br \/>\n34 Piure de piersici cu ghea\u021b\u0103<br \/>\n35 Ghea\u021b\u0103 de ananas<br \/>\n36 Vis Spa\u021bial<br \/>\n37 Spearmint<br \/>\n38 Cire\u0219e de c\u0103p\u0219uni<br \/>\n39 Punch de c\u0103p\u0219uni<br \/>\n40 Vis de var\u0103<br \/>\n41 Dou\u0103 mere<br \/>\n42 Cire\u0219e de pepene galben<br \/>\n43 Kiwi de pepene galben<br \/>\n44 Lime de pepene galben<br \/>\n45 Ananas de pepene galben<\/p>\n<h2 data-start=\"2951\" data-end=\"2994\"><strong data-start=\"2954\" data-end=\"2994\">De ce aleg angrosi\u0219tii Crown Bar 15K<\/strong><\/h2>\n<p data-start=\"2996\" data-end=\"3213\">Sistemul <strong data-start=\"3000\" data-end=\"3028\">AL Fakher Ice Adjust 15K<\/strong> combin\u0103 <strong data-start=\"3038\" data-end=\"3086\">durat\u0103 lung\u0103 de via\u021b\u0103 a inhal\u0103rii, controlul ghe\u021bii \u0219i \u00eencrederea \u00een brand<\/strong> \u00eentr-un singur dispozitiv de unic\u0103 folosin\u021b\u0103, oferind comercian\u021bilor un produs care se vinde rapid, ofer\u0103 calitate constant\u0103 \u0219i men\u021bine clien\u021bii fideli.<\/p>\n<p data-start=\"3215\" data-end=\"3339\">Comand\u0103 acum \u0219i asigur\u0103-\u021bi o <strong data-start=\"3238\" data-end=\"3253\">pre\u021bul mic<\/strong> on <strong data-start=\"3257\" data-end=\"3284\">Al Fakher Crown Bar 15K<\/strong> pentru <strong data-start=\"3294\" data-end=\"3331\">Vape-uri de unic\u0103 folosin\u021b\u0103 en gros Fran\u021ba<\/strong> aprovizionare.<\/p>\n<p>&nbsp;<\/p>\n<div class=\"flex-shrink-0 flex flex-col relative items-end\">\n<div class=\"pt-0\">\n<div class=\"gizmo-bot-avatar flex h-8 w-8 items-center justify-center overflow-hidden rounded-full\">\n<div class=\"relative p-1 rounded-sm flex items-center justify-center bg-token-main-surface-primary text-token-text-primary h-8 w-8\">\n<h2 data-start=\"1200\" data-end=\"1487\">Vapes Tornado \u2013 Magazin online en gros pentru vaporizatoare populare<\/h2>\n<p data-start=\"72\" data-end=\"396\"><strong data-start=\"72\" data-end=\"89\">Vape Tornado<\/strong> este un magazin online en gros axat pe Europa, furniz\u00e2nd o gam\u0103 atent selectat\u0103 de <strong data-start=\"178\" data-end=\"195\">vaporizatoare populare<\/strong> pentru cump\u0103r\u0103tori profesioni\u0219ti. Lucr\u0103m cu comercian\u021bi cu am\u0103nuntul, distribuitori \u0219i magazine online din \u00eentreaga UE care au nevoie de aprovizionare stabil\u0103, informa\u021bii clare despre produse \u0219i m\u0103rci pe care clien\u021bii le recunosc \u0219i le au \u00eencredere.<\/p>\n<p data-start=\"398\" data-end=\"687\">Lucr\u0103m cu nume de \u00eencredere precum <strong data-start=\"247\" data-end=\"352\">Elf Bar Vape, WASPE Vape, <a href=\"https:\/\/vapestornado.com\/ro\/product\/uzy-150k-puffs-6-in-1-flavor-switch-disposable-vape-pen-wholesale\/\">Vape UZY<\/a>, Bang Vape, Razz Bar Vape, <a href=\"https:\/\/vapestornado.com\/ro\/product\/randm-12000-puffs-fumot-digital-disposable-vape-wholesale-price\/\">Fumot VAPE<\/a>, <a href=\"https:\/\/vapestornado.com\/ro\/product\/original-wga-ultra-35k-35000-puff-rechargeable-crystal-disposable-nicotine-vape-best-discount-price\/\">WGA VAPE<\/a>, <a href=\"https:\/\/vapestornado.com\/ro\/product\/vozol-gear-shisha-25k-25000-puffs-best-dtl-disposable-vape-hookah-cheap-price\/\">VOZOL BAR VAPE<\/a>, \u0219i Stag Bar Vape<\/strong>, ale\u0219i pentru calitatea constant\u0103 \u0219i cererea puternic\u0103 pe pia\u021ba european\u0103.<\/p>\n<h4 data-start=\"1080\" data-end=\"1120\">Conceput pentru cump\u0103r\u0103torii en gros din Europa<\/h4>\n<p data-start=\"1121\" data-end=\"1189\">Vapes Tornado este structurat \u00een jurul nevoilor reale ale en gros-urilor din UE:<\/p>\n<ul data-start=\"1190\" data-end=\"1400\">\n<li data-start=\"1190\" data-end=\"1239\">\n<p data-start=\"1192\" data-end=\"1239\">Pre\u021buri competitive en gros pentru comenzi \u00een vrac<\/p>\n<\/li>\n<li data-start=\"1240\" data-end=\"1289\">\n<p data-start=\"1242\" data-end=\"1289\">Descrieri clare ale produselor \u0219i specifica\u021bii<\/p>\n<\/li>\n<li data-start=\"1290\" data-end=\"1330\">\n<p data-start=\"1292\" data-end=\"1330\">Logistic\u0103 rapid\u0103 \u0219i fiabil\u0103, orientat\u0103 spre UE<\/p>\n<\/li>\n<li data-start=\"1331\" data-end=\"1400\">\n<p data-start=\"1333\" data-end=\"1400\">Un catalog axat pe <strong data-start=\"1356\" data-end=\"1373\">vaporizatoare populare<\/strong>, nu pe SKU-uri supra-saturate<\/p>\n<\/li>\n<\/ul>\n<h2 data-start=\"2064\" data-end=\"2115\">\u00centreb\u0103ri frecvente despre Al Fakher Crown Bar 15K Vape de unic\u0103 folosin\u021b\u0103<\/h2>\n<p data-start=\"3359\" data-end=\"3484\"><strong data-start=\"3359\" data-end=\"3413\">1. C\u00e2t dureaz\u0103 Al Fakher Crown Bar 15K?<\/strong><br data-start=\"3413\" data-end=\"3416\" \/>Cu p\u00e2n\u0103 la 15.000 de inhal\u0103ri, poate dura s\u0103pt\u0103m\u00e2ni, \u00een func\u021bie de utilizarea zilnic\u0103.<\/p>\n<p data-start=\"3486\" data-end=\"3605\"><strong data-start=\"3486\" data-end=\"3532\">2. Pot clien\u021bii s\u0103 ajusteze nivelul de r\u0103cire?<\/strong><br data-start=\"3532\" data-end=\"3535\" \/>Da, sistemul Ice Adjust permite utilizatorilor s\u0103 aleag\u0103 c\u00e2t de rece se simte fiecare inhalare.<\/p>\n<p data-start=\"3607\" data-end=\"3700\"><strong data-start=\"3607\" data-end=\"3642\">3. Este bateria re\u00eenc\u0103rcabil\u0103?<\/strong><br data-start=\"3642\" data-end=\"3645\" \/>Da, are o baterie de 850mAh cu \u00eenc\u0103rcare rapid\u0103 USB-C.<\/p>\n<p data-start=\"3702\" data-end=\"3807\"><strong data-start=\"3702\" data-end=\"3744\">4. Ce concentra\u021bie de nicotin\u0103 folose\u0219te?<\/strong><br data-start=\"3744\" data-end=\"3747\" \/>Dispozitivul vine cu nicotin\u0103 0.5% pentru o senza\u021bie lin\u0103 \u0219i delicat\u0103.<\/p>\n<p data-start=\"3809\" data-end=\"3972\"><strong data-start=\"3809\" data-end=\"3857\">5. Este potrivit pentru v\u00e2nzare en gros \u00een Rom\u00e2nia?<\/strong><br data-start=\"3857\" data-end=\"3860\" \/>Da, este conceput pentru <strong data-start=\"3884\" data-end=\"3921\">Vape-uri de unic\u0103 folosin\u021b\u0103 en gros Fran\u021ba<\/strong> cu un puternic apetit pentru retail \u0219i arome cu vitez\u0103 mare de v\u00e2nzare.<\/p>\n<\/div>\n<\/div>\n<\/div>\n<\/div>","protected":false},"excerpt":{"rendered":"<p data-start=\"4393\" data-end=\"4476\"><strong data-start=\"4393\" data-end=\"4474\">AL Fakher Crown Bar 15K Ice Adjust \u2013 \u021aigarette electronice de unic\u0103 folosin\u021b\u0103 en gros Fran\u021ba<\/strong><\/p>\n<p data-start=\"4480\" data-end=\"4550\"><strong data-start=\"4480\" data-end=\"4548\">Al Fakher Ice Adjust 15K Crown Bar | 15.000 de pufuri la pre\u021b ieftin<\/strong><\/p>\n<p data-start=\"4554\" data-end=\"4622\" data-is-last-node=\"\"><strong data-start=\"4554\" data-end=\"4622\" data-is-last-node=\"\">Crown Bar 15K Vape de unic\u0103 folosin\u021b\u0103 \u2013 Controlul ghe\u021bii \u0219i aprovizionare en gros Europa<\/strong><\/p>\n<p><strong>Ad\u0103uga\u021bi-o pe Amy pe WhatsApp pentru a ob\u021bine un r\u0103spuns corect \u0219i un pre\u021b redus!<\/strong><\/p>\n<p><img fetchpriority=\"high\" decoding=\"async\" class=\"size-full wp-image-2932\" src=\"https:\/\/vapestornado.com\/wp-content\/uploads\/2024\/12\/Vape-Wholesale.jpg\" alt=\"\u021aig\u0103ri electronice cu ridicata\" width=\"229\" height=\"300\" \/><\/p>\n<h3><a href=\"https:\/\/wa.me\/8617776015835\"><span style=\"color: #ff0000;\"><strong>WhatsApp: +86 17776015835<\/strong><\/span><\/a><\/h3>","protected":false},"featured_media":4790,"comment_status":"open","ping_status":"closed","template":"","meta":{"_acf_changed":false,"_uag_custom_page_level_css":"","_lmt_disableupdate":"no","_lmt_disable":"","_monsterinsights_skip_tracking":false,"_monsterinsights_sitenote_active":false,"_monsterinsights_sitenote_note":"","_monsterinsights_sitenote_category":0,"site-sidebar-layout":"default","site-content-layout":"","ast-site-content-layout":"default","site-content-style":"default","site-sidebar-style":"default","ast-global-header-display":"","ast-banner-title-visibility":"","ast-main-header-display":"","ast-hfb-above-header-display":"","ast-hfb-below-header-display":"","ast-hfb-mobile-header-display":"","site-post-title":"","ast-breadcrumbs-content":"","ast-featured-img":"","footer-sml-layout":"","ast-disable-related-posts":"","theme-transparent-header-meta":"default","adv-header-id-meta":"","stick-header-meta":"","header-above-stick-meta":"","header-main-stick-meta":"","header-below-stick-meta":"","astra-migrate-meta-layouts":"set","ast-page-background-enabled":"default","ast-page-background-meta":{"desktop":{"background-color":"","background-image":"","background-repeat":"repeat","background-position":"center center","background-size":"auto","background-attachment":"scroll","background-type":"","background-media":"","overlay-type":"","overlay-color":"","overlay-opacity":"","overlay-gradient":""},"tablet":{"background-color":"","background-image":"","background-repeat":"repeat","background-position":"center center","background-size":"auto","background-attachment":"scroll","background-type":"","background-media":"","overlay-type":"","overlay-color":"","overlay-opacity":"","overlay-gradient":""},"mobile":{"background-color":"","background-image":"","background-repeat":"repeat","background-position":"center center","background-size":"auto","background-attachment":"scroll","background-type":"","background-media":"","overlay-type":"","overlay-color":"","overlay-opacity":"","overlay-gradient":""}},"ast-content-background-meta":{"desktop":{"background-color":"var(--ast-global-color-5)","background-image":"","background-repeat":"repeat","background-position":"center center","background-size":"auto","background-attachment":"scroll","background-type":"","background-media":"","overlay-type":"","overlay-color":"","overlay-opacity":"","overlay-gradient":""},"tablet":{"background-color":"var(--ast-global-color-5)","background-image":"","background-repeat":"repeat","background-position":"center center","background-size":"auto","background-attachment":"scroll","background-type":"","background-media":"","overlay-type":"","overlay-color":"","overlay-opacity":"","overlay-gradient":""},"mobile":{"background-color":"var(--ast-global-color-5)","background-image":"","background-repeat":"repeat","background-position":"center center","background-size":"auto","background-attachment":"scroll","background-type":"","background-media":"","overlay-type":"","overlay-color":"","overlay-opacity":"","overlay-gradient":""}},"_joinchat":[]},"product_brand":[],"product_cat":[71,531,140,150,152,156,158,142,146,147],"product_tag":[541,542,317,540,538,291,539,513,512],"class_list":{"0":"post-4795","1":"product","2":"type-product","3":"status-publish","4":"has-post-thumbnail","6":"product_cat-15000-puff","7":"product_cat-al-fakher-crown-bar","8":"product_cat-big-puffs-disposable-vapes","9":"product_cat-buy-disposable-vapes-in-belgium","10":"product_cat-buy-disposable-vapes-in-cermany","11":"product_cat-buy-disposable-vapes-in-poland","12":"product_cat-buy-disposable-vapes-in-spain","13":"product_cat-digital-box-disposable-vapes","14":"product_cat-rechargeable-disposable-vapes","15":"product_cat-shisha-hookah-disposable-vapes","16":"product_tag-al-fakher-15k-ice-adjust","17":"product_tag-al-fakher-15k-sound-adjust","18":"product_tag-al-fakher-crown-bar","19":"product_tag-al-fakher-crown-bar-15k","20":"product_tag-disposable-e-shisha","21":"product_tag-disposable-shisha-hookah","22":"product_tag-hookah-shisha","23":"product_tag-vape-discount-price","24":"product_tag-vape-wholesale-distributor","25":"desktop-align-left","26":"tablet-align-left","27":"mobile-align-left","29":"first","30":"instock","31":"sale","32":"shipping-taxable","33":"purchasable","34":"product-type-simple"},"acf":[],"uagb_featured_image_src":{"full":["https:\/\/vapestornado.com\/wp-content\/uploads\/2026\/01\/Al-Fakher-Crown-Bar-15K-Ice-Adjust-Disposable-Vape-Wholesale.webp",800,800,false],"thumbnail":["https:\/\/vapestornado.com\/wp-content\/uploads\/2026\/01\/Al-Fakher-Crown-Bar-15K-Ice-Adjust-Disposable-Vape-Wholesale-150x150.webp",150,150,true],"medium":["https:\/\/vapestornado.com\/wp-content\/uploads\/2026\/01\/Al-Fakher-Crown-Bar-15K-Ice-Adjust-Disposable-Vape-Wholesale-300x300.webp",300,300,true],"medium_large":["https:\/\/vapestornado.com\/wp-content\/uploads\/2026\/01\/Al-Fakher-Crown-Bar-15K-Ice-Adjust-Disposable-Vape-Wholesale-768x768.webp",768,768,true],"large":["https:\/\/vapestornado.com\/wp-content\/uploads\/2026\/01\/Al-Fakher-Crown-Bar-15K-Ice-Adjust-Disposable-Vape-Wholesale.webp",800,800,false],"1536x1536":["https:\/\/vapestornado.com\/wp-content\/uploads\/2026\/01\/Al-Fakher-Crown-Bar-15K-Ice-Adjust-Disposable-Vape-Wholesale.webp",800,800,false],"2048x2048":["https:\/\/vapestornado.com\/wp-content\/uploads\/2026\/01\/Al-Fakher-Crown-Bar-15K-Ice-Adjust-Disposable-Vape-Wholesale.webp",800,800,false],"trp-custom-language-flag":["https:\/\/vapestornado.com\/wp-content\/uploads\/2026\/01\/Al-Fakher-Crown-Bar-15K-Ice-Adjust-Disposable-Vape-Wholesale-12x12.webp",12,12,true],"woocommerce_thumbnail":["https:\/\/vapestornado.com\/wp-content\/uploads\/2026\/01\/Al-Fakher-Crown-Bar-15K-Ice-Adjust-Disposable-Vape-Wholesale-300x300.webp",300,300,true],"woocommerce_single":["https:\/\/vapestornado.com\/wp-content\/uploads\/2026\/01\/Al-Fakher-Crown-Bar-15K-Ice-Adjust-Disposable-Vape-Wholesale-600x600.webp",600,600,true],"woocommerce_gallery_thumbnail":["https:\/\/vapestornado.com\/wp-content\/uploads\/2026\/01\/Al-Fakher-Crown-Bar-15K-Ice-Adjust-Disposable-Vape-Wholesale-100x100.webp",100,100,true]},"uagb_author_info":{"display_name":"ESAMY","author_link":"https:\/\/vapestornado.com\/ro\/author\/"},"uagb_comment_info":0,"uagb_excerpt":"AL Fakher Crown Bar 15K Ice Adjust \u2013 Wholesale Disposable E Cigarettes France Al Fakher Ice Adjust 15K Crown Bar | 15,000 Puffs at Cheap Price Crown Bar 15K Disposable Vape \u2013 Ice Control &amp; Bulk Supply Europe Add Amy's whatsapp to get right reply and discount price! WhatsApp: +86 17776015835","_links":{"self":[{"href":"https:\/\/vapestornado.com\/ro\/wp-json\/wp\/v2\/product\/4795","targetHints":{"allow":["GET"]}}],"collection":[{"href":"https:\/\/vapestornado.com\/ro\/wp-json\/wp\/v2\/product"}],"about":[{"href":"https:\/\/vapestornado.com\/ro\/wp-json\/wp\/v2\/types\/product"}],"replies":[{"embeddable":true,"href":"https:\/\/vapestornado.com\/ro\/wp-json\/wp\/v2\/comments?post=4795"}],"wp:featuredmedia":[{"embeddable":true,"href":"https:\/\/vapestornado.com\/ro\/wp-json\/wp\/v2\/media\/4790"}],"wp:attachment":[{"href":"https:\/\/vapestornado.com\/ro\/wp-json\/wp\/v2\/media?parent=4795"}],"wp:term":[{"taxonomy":"product_brand","embeddable":true,"href":"https:\/\/vapestornado.com\/ro\/wp-json\/wp\/v2\/product_brand?post=4795"},{"taxonomy":"product_cat","embeddable":true,"href":"https:\/\/vapestornado.com\/ro\/wp-json\/wp\/v2\/product_cat?post=4795"},{"taxonomy":"product_tag","embeddable":true,"href":"https:\/\/vapestornado.com\/ro\/wp-json\/wp\/v2\/product_tag?post=4795"}],"curies":[{"name":"wp","href":"https:\/\/api.w.org\/{rel}","templated":true}]}}