{"id":4788,"date":"2026-01-09T08:31:41","date_gmt":"2026-01-09T08:31:41","guid":{"rendered":"https:\/\/vapestornado.com\/?post_type=product&#038;p=4788"},"modified":"2026-01-09T08:59:59","modified_gmt":"2026-01-09T08:59:59","slug":"al-fakher-60k-ehose-x-disposable-vape-crown-bar-60000-puffs-shisha-hookah-low-price","status":"publish","type":"product","link":"https:\/\/vapestornado.com\/ro\/product\/al-fakher-60k-ehose-x-disposable-vape-crown-bar-60000-puffs-shisha-hookah-low-price\/","title":{"rendered":"Al Fakher 60k EHose X Vape de unic\u0103 folosin\u021b\u0103 Crown Bar 60000 Pufuri Shisha Narghilea Pre\u021b Mic"},"content":{"rendered":"<h1 data-start=\"0\" data-end=\"87\">Al Fakher Mega Max 40K Pufuri Bar\u0103 Coroan\u0103 E-Shisha Dispozitiv de Unic\u0103 Folosin\u021b\u0103 Vape cu Flux de Aer Reglabil<\/h1>\n<p data-start=\"233\" data-end=\"642\">Sistemul <strong data-start=\"237\" data-end=\"289\">Al Fakher 60K E-Hose X Vape de unic\u0103 folosin\u021b\u0103 Crown Bar<\/strong> este proiectat pentru cump\u0103r\u0103tori care solicit\u0103 fiabilitate pe termen lung, un randament puternic al aromei \u0219i vapori de nivel shisha \u00eentr-un format de unic\u0103 folosin\u021b\u0103. Conceput pentru <strong data-start=\"431\" data-end=\"480\">distribu\u021bie cu volum mare \u00een retail \u0219i en gros<\/strong>, acest model ofer\u0103 p\u00e2n\u0103 la <strong data-start=\"508\" data-end=\"524\">60.000 de pufuri<\/strong> cu performan\u021b\u0103 stabil\u0103, fiind unul dintre cele mai eficiente din punct de vedere al costurilor <strong data-start=\"591\" data-end=\"627\">vape de unic\u0103 folosin\u021b\u0103 cu mari pufuri<\/strong> de pe pia\u021b\u0103.<\/p>\n<p data-start=\"644\" data-end=\"998\">Construit \u00een jurul unui <strong data-start=\"667\" data-end=\"694\">rezervor de 50ml pentru e-lichid<\/strong> \u0219i o <strong data-start=\"701\" data-end=\"736\">bobin\u0103 de plas\u0103 de \u00eenalt\u0103 performan\u021b\u0103 0.6\u03a9<\/strong>, modelul <strong data-start=\"742\" data-end=\"769\">Al Fakher CRYSTAL 60000<\/strong> men\u021bine vapori densi \u0219i arom\u0103 curat\u0103 de la prima inhalare p\u00e2n\u0103 la ultima. Spre deosebire de dispozitivele de unic\u0103 folosin\u021b\u0103 cu durat\u0103 scurt\u0103 de via\u021b\u0103, care se estompeaz\u0103 rapid, acest sistem este ajustat pentru livrare constant\u0103, ceea ce este esen\u021bial pentru v\u00e2nz\u0103ri repetate \u0219i reten\u021bia clien\u021bilor.<\/p>\n<p data-start=\"1000\" data-end=\"1348\">Dispozitivul accept\u0103 <strong data-start=\"1020\" data-end=\"1040\">mod dual de vapat<\/strong>, permi\u021b\u00e2nd utilizatorilor s\u0103 comute \u00eentre <strong data-start=\"1075\" data-end=\"1099\">DTL (direct c\u0103tre pl\u0103m\u00e2n)<\/strong> pentru sesiuni de shisha cu mult fum \u0219i <strong data-start=\"1136\" data-end=\"1159\">MTL (gur\u0103 c\u0103tre pl\u0103m\u00e2n)<\/strong> pentru o tragere mai controlat\u0103. Aceast\u0103 flexibilitate face ca <strong data-start=\"1215\" data-end=\"1250\">Al Fakher Crown Bar Crystal 60K<\/strong> s\u0103 fie potrivit at\u00e2t pentru fanii de hookah, c\u00e2t \u0219i pentru utilizatorii obi\u0219nui\u021bi de vape de unic\u0103 folosin\u021b\u0103, sporindu-i acoperirea comercial\u0103.<\/p>\n<p data-start=\"1350\" data-end=\"1704\">A <strong data-start=\"1352\" data-end=\"1384\">Baterie re\u00eenc\u0103rcabil\u0103 de 1000 mAh<\/strong> \u00eempreun\u0103 cu <strong data-start=\"1397\" data-end=\"1421\">\u00eenc\u0103rcare rapid\u0103 de tip C<\/strong> men\u021bine dispozitivul func\u021bional f\u0103r\u0103 \u00eentreruperi. <strong data-start=\"1478\" data-end=\"1503\">afisajul digital inteligent<\/strong> afi\u0219eaz\u0103 nivelul real de baterie \u0219i e-lichid, reduc\u00e2nd frustrarea utilizatorului \u0219i \u00eembun\u0103t\u0103\u021bind calitatea perceput\u0103 a produsului \u2014 un factor important \u00een competi\u021bie <strong data-start=\"1652\" data-end=\"1688\">Vape de unic\u0103 folosin\u021b\u0103 en gros Rom\u00e2nia<\/strong> \u0219i pie\u021bele UE.<\/p>\n<p data-start=\"1706\" data-end=\"1900\">Pentru angrosi care caut\u0103 <strong data-start=\"1734\" data-end=\"1787\">pre\u021b sc\u0103zut, num\u0103r mare de pufuri \u0219i o putere de brand puternic\u0103<\/strong>, modelul <strong data-start=\"1793\" data-end=\"1819\">Al Fakher 60K E-Hose X<\/strong> ofer\u0103 o combina\u021bie echilibrat\u0103 \u00eentre performan\u021b\u0103, durabilitate \u0219i stabilitate \u00een v\u00e2nz\u0103ri.<\/p>\n<p><strong><span style=\"color: #ff0000;\">Adaug\u0103 whatsapp-ul lui Amy pentru a primi r\u0103spuns imediat \u0219i un cupon de vape!<\/span><\/strong><\/p>\n<p><img fetchpriority=\"high\" decoding=\"async\" class=\"size-full wp-image-2932\" src=\"https:\/\/vapestornado.com\/wp-content\/uploads\/2024\/12\/Vape-Wholesale.jpg\" alt=\"\u021aig\u0103ri electronice cu ridicata\" width=\"229\" height=\"300\" \/><\/p>\n<h3><a href=\"https:\/\/wa.me\/8617776015835\" target=\"_blank\" rel=\"noopener\"><span style=\"color: #ff0000;\"><strong>WhatsApp: +86 17776015835<\/strong><\/span><\/a><\/h3>\n<p>&nbsp;<\/p>\n<h2><strong>Caracteristici ale produsului Al Fakher 60k Puffs<\/strong><\/h2>\n<ul>\n<li data-start=\"1956\" data-end=\"2043\">\n<p data-start=\"1958\" data-end=\"2043\"><strong data-start=\"1958\" data-end=\"1975\">60.000 Pufuri:<\/strong> Conceput pentru utilizare prelungit\u0103 f\u0103r\u0103 sc\u0103deri timpurii ale vaporului sau aromei.<\/p>\n<\/li>\n<li data-start=\"2044\" data-end=\"2151\">\n<p data-start=\"2046\" data-end=\"2151\"><strong data-start=\"2046\" data-end=\"2073\">Capacitate de 50ml E-Lichid:<\/strong> Rezervor intern mare reduce frecven\u021ba de \u00eenlocuire \u0219i cre\u0219te valoarea pentru utilizator.<\/p>\n<\/li>\n<li data-start=\"2152\" data-end=\"2230\">\n<p data-start=\"2154\" data-end=\"2230\"><strong data-start=\"2154\" data-end=\"2175\">Mod dual de inhalare:<\/strong> Suport\u0103 at\u00e2t DTL, c\u00e2t \u0219i MTL pentru o atrac\u021bie mai larg\u0103 a clien\u021bilor.<\/p>\n<\/li>\n<li data-start=\"2231\" data-end=\"2323\">\n<p data-start=\"2233\" data-end=\"2323\"><strong data-start=\"2233\" data-end=\"2252\">Rezisten\u021b\u0103 Mesh de 0.6\u03a9:<\/strong> Ofer\u0103 un flux de aer lin, nori gro\u0219i \u0219i o arom\u0103 consistent\u0103.<\/p>\n<\/li>\n<li data-start=\"2324\" data-end=\"2406\">\n<p data-start=\"2326\" data-end=\"2406\"><strong data-start=\"2326\" data-end=\"2346\">Baterie de 1000mAh:<\/strong> Sistem de alimentare re\u00eenc\u0103rcabil proiectat pentru utilizare intens\u0103 zilnic\u0103.<\/p>\n<\/li>\n<li data-start=\"2407\" data-end=\"2492\">\n<p data-start=\"2409\" data-end=\"2492\"><strong data-start=\"2409\" data-end=\"2429\">\u00cenc\u0103rcare Type-C:<\/strong> \u00cenc\u0103rcare mai rapid\u0103 \u0219i mai stabil\u0103 cu compatibilitate modern\u0103.<\/p>\n<\/li>\n<li data-start=\"2493\" data-end=\"2582\">\n<p data-start=\"2495\" data-end=\"2582\"><strong data-start=\"2495\" data-end=\"2521\">Display digital inteligent:<\/strong> Afi\u0219eaz\u0103 nivelul bateriei \u0219i al lichidului pentru o utilizare de \u00eencredere \u00een fiecare zi.<\/p>\n<\/li>\n<li data-start=\"2583\" data-end=\"2666\">\n<p data-start=\"2585\" data-end=\"2666\"><strong data-start=\"2585\" data-end=\"2614\">Putere de nicotin\u0103 de 6mg\/ml:<\/strong> Livrare echilibrat\u0103 conceput\u0103 pentru vaping de tip shisha.<\/p>\n<\/li>\n<\/ul>\n<div>\n<figure id=\"attachment_4783\" aria-describedby=\"caption-attachment-4783\" style=\"width: 300px\" class=\"wp-caption alignnone\"><img decoding=\"async\" class=\"size-medium wp-image-4783\" src=\"https:\/\/vapestornado.com\/wp-content\/uploads\/2026\/01\/AL-Fakher-60k-Crown-Bar-EHOSE-X-60000-Puff-Disposable-Vape-300x300.webp\" alt=\"AL Fakher 60k Crown Bar EHOSE X 60000 Puf Vape de unic\u0103 folosin\u021b\u0103\" width=\"300\" height=\"300\" srcset=\"https:\/\/vapestornado.com\/wp-content\/uploads\/2026\/01\/AL-Fakher-60k-Crown-Bar-EHOSE-X-60000-Puff-Disposable-Vape-300x300.webp 300w, https:\/\/vapestornado.com\/wp-content\/uploads\/2026\/01\/AL-Fakher-60k-Crown-Bar-EHOSE-X-60000-Puff-Disposable-Vape-150x150.webp 150w, https:\/\/vapestornado.com\/wp-content\/uploads\/2026\/01\/AL-Fakher-60k-Crown-Bar-EHOSE-X-60000-Puff-Disposable-Vape-768x768.webp 768w, https:\/\/vapestornado.com\/wp-content\/uploads\/2026\/01\/AL-Fakher-60k-Crown-Bar-EHOSE-X-60000-Puff-Disposable-Vape-12x12.webp 12w, https:\/\/vapestornado.com\/wp-content\/uploads\/2026\/01\/AL-Fakher-60k-Crown-Bar-EHOSE-X-60000-Puff-Disposable-Vape-600x600.webp 600w, https:\/\/vapestornado.com\/wp-content\/uploads\/2026\/01\/AL-Fakher-60k-Crown-Bar-EHOSE-X-60000-Puff-Disposable-Vape-100x100.webp 100w, https:\/\/vapestornado.com\/wp-content\/uploads\/2026\/01\/AL-Fakher-60k-Crown-Bar-EHOSE-X-60000-Puff-Disposable-Vape.webp 800w\" sizes=\"(max-width: 300px) 100vw, 300px\" \/><figcaption id=\"caption-attachment-4783\" class=\"wp-caption-text\">AL Fakher 60k Crown Bar EHOSE X 60000 Puf Vape de unic\u0103 folosin\u021b\u0103<\/figcaption><\/figure>\n<\/div>\n<h2 class=\"product-title\"><strong>Al Fakher 60k EHose X List\u0103 de arome pentru Puf<\/strong><\/h2>\n<p>1 Afine Albastru<br \/>\n2 Ghea\u021b\u0103 de Afine<br \/>\n3 Ghea\u021b\u0103 de Coac\u0103ze Negre<br \/>\n4 Menta de Coac\u0103ze Negre<br \/>\n5 Explozie de Blue Razz<br \/>\n6 Limonad\u0103 Blue Razz<br \/>\n7 Cire\u0219e cu Afine<br \/>\n8 Gum\u0103 de Afine<br \/>\n9 Limonad\u0103 cu Afine<br \/>\n10 Menta cu Afine<br \/>\n11 Zmeur\u0103 cu Afine<br \/>\n12 Zmeur\u0103 Acr\u0103 cu Afine<br \/>\n13 Fiesta de Cire\u0219e<br \/>\n14 Fizz de Cire\u0219e<br \/>\n15 Ghea\u021b\u0103 de Cire\u0219e<br \/>\n16 Mango R\u0103coros<br \/>\n17 Fusion Pop<br \/>\n18 Strugure<br \/>\n19 Fruct de p\u0103dure cu strugure<br \/>\n20 Ment\u0103 cu strugure<br \/>\n21 Gum\u0103 Ment\u0103<br \/>\n22 Hubba<br \/>\n23 Ghea\u021b\u0103 Albastr\u0103<br \/>\n24 L\u0103m\u00e2ie Lime<br \/>\n25 Fizz de l\u0103m\u00e2ie lime cu cire\u0219e<br \/>\n26 L\u0103m\u00e2ie Ment\u0103<br \/>\n27 Ghea\u021b\u0103 Lush<br \/>\n28 Dragoste Magic\u0103<br \/>\n29 Mango Ananas<br \/>\n30 Mentol<br \/>\n31 Ment\u0103<br \/>\n32 Fructe de p\u0103dure mixte<br \/>\n33 Portocal\u0103 Ment\u0103<br \/>\n34 Piure de piersici cu ghea\u021b\u0103<br \/>\n35 Ghea\u021b\u0103 de ananas<br \/>\n36 Vis Spa\u021bial<br \/>\n37 Spearmint<br \/>\n38 Cire\u0219e de c\u0103p\u0219uni<br \/>\n39 Punch de c\u0103p\u0219uni<br \/>\n40 Vis de var\u0103<br \/>\n41 Dou\u0103 mere<br \/>\n42 Cire\u0219e de pepene galben<br \/>\n43 Kiwi de pepene galben<br \/>\n44 Lime de pepene galben<br \/>\n45 Ananas de pepene galben<\/p>\n<div class=\"flex-shrink-0 flex flex-col relative items-end\">\n<div class=\"pt-0\">\n<div class=\"gizmo-bot-avatar flex h-8 w-8 items-center justify-center overflow-hidden rounded-full\">\n<div class=\"relative p-1 rounded-sm flex items-center justify-center bg-token-main-surface-primary text-token-text-primary h-8 w-8\">\n<h2 data-start=\"1200\" data-end=\"1487\">Vapes Tornado \u2013 Magazin online en gros pentru vaporizatoare populare<\/h2>\n<p data-start=\"72\" data-end=\"396\"><strong data-start=\"72\" data-end=\"89\">Vape Tornado<\/strong> este un magazin online en gros axat pe Europa, furniz\u00e2nd o gam\u0103 atent selectat\u0103 de <strong data-start=\"178\" data-end=\"195\">vaporizatoare populare<\/strong> pentru cump\u0103r\u0103tori profesioni\u0219ti. Lucr\u0103m cu comercian\u021bi cu am\u0103nuntul, distribuitori \u0219i magazine online din \u00eentreaga UE care au nevoie de aprovizionare stabil\u0103, informa\u021bii clare despre produse \u0219i m\u0103rci pe care clien\u021bii le recunosc \u0219i le au \u00eencredere.<\/p>\n<p data-start=\"398\" data-end=\"687\">Lucr\u0103m cu nume de \u00eencredere precum <strong data-start=\"247\" data-end=\"352\">Elf Bar Vape, WASPE Vape, <a href=\"https:\/\/vapestornado.com\/ro\/product\/uzy-150k-puffs-6-in-1-flavor-switch-disposable-vape-pen-wholesale\/\">Vape UZY<\/a>, Bang Vape, Razz Bar Vape, <a href=\"https:\/\/vapestornado.com\/ro\/product\/randm-12000-puffs-fumot-digital-disposable-vape-wholesale-price\/\">Fumot VAPE<\/a>, <a href=\"https:\/\/vapestornado.com\/ro\/product\/original-wga-ultra-35k-35000-puff-rechargeable-crystal-disposable-nicotine-vape-best-discount-price\/\">WGA VAPE<\/a>, <a href=\"https:\/\/vapestornado.com\/ro\/product\/vozol-gear-shisha-25k-25000-puffs-best-dtl-disposable-vape-hookah-cheap-price\/\">VOZOL BAR VAPE<\/a>, \u0219i Stag Bar Vape<\/strong>, ale\u0219i pentru calitatea constant\u0103 \u0219i cererea puternic\u0103 pe pia\u021ba european\u0103.<\/p>\n<h4 data-start=\"1080\" data-end=\"1120\">Conceput pentru cump\u0103r\u0103torii en gros din Europa<\/h4>\n<p data-start=\"1121\" data-end=\"1189\">Vapes Tornado este structurat \u00een jurul nevoilor reale ale en gros-urilor din UE:<\/p>\n<ul data-start=\"1190\" data-end=\"1400\">\n<li data-start=\"1190\" data-end=\"1239\">\n<p data-start=\"1192\" data-end=\"1239\">Pre\u021buri competitive en gros pentru comenzi \u00een vrac<\/p>\n<\/li>\n<li data-start=\"1240\" data-end=\"1289\">\n<p data-start=\"1242\" data-end=\"1289\">Descrieri clare ale produselor \u0219i specifica\u021bii<\/p>\n<\/li>\n<li data-start=\"1290\" data-end=\"1330\">\n<p data-start=\"1292\" data-end=\"1330\">Logistic\u0103 rapid\u0103 \u0219i fiabil\u0103, orientat\u0103 spre UE<\/p>\n<\/li>\n<li data-start=\"1331\" data-end=\"1400\">\n<p data-start=\"1333\" data-end=\"1400\">Un catalog axat pe <strong data-start=\"1356\" data-end=\"1373\">vaporizatoare populare<\/strong>, nu pe SKU-uri supra-saturate<\/p>\n<\/li>\n<\/ul>\n<h2 data-start=\"2064\" data-end=\"2115\">\u00centreb\u0103ri frecvente despre Al Fakher 60k EHose X Vape de unic\u0103 folosin\u021b\u0103<\/h2>\n<p data-start=\"3387\" data-end=\"3541\"><strong data-start=\"3387\" data-end=\"3441\">1. Pentru cine este conceput Al Fakher 60K E-Hose X?<\/strong><br data-start=\"3441\" data-end=\"3444\" \/>Este construit pentru iubitorii de shisha \u0219i utilizatorii de dispozitive de unic\u0103 folosin\u021b\u0103 cu volum mare, care doresc performan\u021b\u0103 de durat\u0103.<\/p>\n<p data-start=\"3543\" data-end=\"3668\"><strong data-start=\"3543\" data-end=\"3587\">2. Pot utilizatorii s\u0103 comute \u00eentre DTL \u0219i MTL?<\/strong><br data-start=\"3587\" data-end=\"3590\" \/>Da, modul dual de vaping permite stiluri at\u00e2t direct la pl\u0103m\u00e2ni, c\u00e2t \u0219i gur\u0103 la pl\u0103m\u00e2ni.<\/p>\n<p data-start=\"3670\" data-end=\"3796\"><strong data-start=\"3670\" data-end=\"3708\">3. C\u00e2t dureaz\u0103 bateria?<\/strong><br data-start=\"3708\" data-end=\"3711\" \/>Bateria de 1000mAh suport\u0103 utilizare zilnic\u0103 \u00eendelungat\u0103 \u0219i poate fi re\u00eenc\u0103rcat\u0103 rapid cu Type-C.<\/p>\n<p data-start=\"3798\" data-end=\"3944\"><strong data-start=\"3798\" data-end=\"3857\">4. R\u0103m\u00e2ne aroma constant\u0103 pe tot parcursul a 60.000 de pufuri?<\/strong><br data-start=\"3857\" data-end=\"3860\" \/>Bobina din plas\u0103 \u0219i sistemul de 50ml e-lichid ajut\u0103 la men\u021binerea unui gust \u0219i a unui vapori stabili.<\/p>\n<p data-start=\"3946\" data-end=\"4135\"><strong data-start=\"3946\" data-end=\"4028\">5. Este acest model potrivit pentru v\u00e2nzarea en gros de vape-uri de unic\u0103 folosin\u021b\u0103 pe pie\u021bele din Rom\u00e2nia \u0219i UE?<\/strong><br data-start=\"4028\" data-end=\"4031\" \/>Da, este conceput pentru distribu\u021bie la scar\u0103 larg\u0103, cu performan\u021b\u0103 fiabil\u0103 \u0219i recunoa\u0219tere puternic\u0103 a brandului.<\/p>\n<\/div>\n<\/div>\n<\/div>\n<\/div>","protected":false},"excerpt":{"rendered":"<p data-start=\"4645\" data-end=\"4728\"><strong data-start=\"0\" data-end=\"26\" data-is-only-node=\"\">Al Fakher 60K E-Hose X<\/strong> ofer\u0103 p\u00e2n\u0103 la <strong data-start=\"42\" data-end=\"58\">60.000 de pufuri<\/strong> cu vapori neted de tip shisha, <strong data-start=\"91\" data-end=\"111\">mod dual de vapat<\/strong>, \u0219i o <strong data-start=\"128\" data-end=\"160\">Baterie re\u00eenc\u0103rcabil\u0103 de 1000 mAh<\/strong>. Construit pentru v\u00e2nz\u0103ri de volum mare, acesta <strong data-start=\"196\" data-end=\"223\">Crown Bar Crystal 60000<\/strong> ofer\u0103 arom\u0103 intens\u0103, durat\u0103 lung\u0103 \u0219i <strong data-start=\"261\" data-end=\"300\">vape de unic\u0103 folosin\u021b\u0103 la pre\u021b redus en-gros<\/strong> \u00een toat\u0103 Europa.<\/p>\n<p><strong>Ad\u0103uga\u021bi-o pe Amy pe WhatsApp pentru a ob\u021bine un r\u0103spuns corect \u0219i un pre\u021b redus!<\/strong><\/p>\n<p><img fetchpriority=\"high\" decoding=\"async\" class=\"size-full wp-image-2932\" src=\"https:\/\/vapestornado.com\/wp-content\/uploads\/2024\/12\/Vape-Wholesale.jpg\" alt=\"\u021aig\u0103ri electronice cu ridicata\" width=\"229\" height=\"300\" \/><\/p>\n<h3><a href=\"https:\/\/wa.me\/8617776015835\"><span style=\"color: #ff0000;\"><strong>WhatsApp: +86 17776015835<\/strong><\/span><\/a><\/h3>","protected":false},"featured_media":4784,"comment_status":"open","ping_status":"closed","template":"","meta":{"_acf_changed":false,"_uag_custom_page_level_css":"","_lmt_disableupdate":"no","_lmt_disable":"","_monsterinsights_skip_tracking":false,"_monsterinsights_sitenote_active":false,"_monsterinsights_sitenote_note":"","_monsterinsights_sitenote_category":0,"site-sidebar-layout":"default","site-content-layout":"","ast-site-content-layout":"default","site-content-style":"default","site-sidebar-style":"default","ast-global-header-display":"","ast-banner-title-visibility":"","ast-main-header-display":"","ast-hfb-above-header-display":"","ast-hfb-below-header-display":"","ast-hfb-mobile-header-display":"","site-post-title":"","ast-breadcrumbs-content":"","ast-featured-img":"","footer-sml-layout":"","ast-disable-related-posts":"","theme-transparent-header-meta":"default","adv-header-id-meta":"","stick-header-meta":"","header-above-stick-meta":"","header-main-stick-meta":"","header-below-stick-meta":"","astra-migrate-meta-layouts":"set","ast-page-background-enabled":"default","ast-page-background-meta":{"desktop":{"background-color":"","background-image":"","background-repeat":"repeat","background-position":"center center","background-size":"auto","background-attachment":"scroll","background-type":"","background-media":"","overlay-type":"","overlay-color":"","overlay-opacity":"","overlay-gradient":""},"tablet":{"background-color":"","background-image":"","background-repeat":"repeat","background-position":"center center","background-size":"auto","background-attachment":"scroll","background-type":"","background-media":"","overlay-type":"","overlay-color":"","overlay-opacity":"","overlay-gradient":""},"mobile":{"background-color":"","background-image":"","background-repeat":"repeat","background-position":"center center","background-size":"auto","background-attachment":"scroll","background-type":"","background-media":"","overlay-type":"","overlay-color":"","overlay-opacity":"","overlay-gradient":""}},"ast-content-background-meta":{"desktop":{"background-color":"var(--ast-global-color-5)","background-image":"","background-repeat":"repeat","background-position":"center center","background-size":"auto","background-attachment":"scroll","background-type":"","background-media":"","overlay-type":"","overlay-color":"","overlay-opacity":"","overlay-gradient":""},"tablet":{"background-color":"var(--ast-global-color-5)","background-image":"","background-repeat":"repeat","background-position":"center center","background-size":"auto","background-attachment":"scroll","background-type":"","background-media":"","overlay-type":"","overlay-color":"","overlay-opacity":"","overlay-gradient":""},"mobile":{"background-color":"var(--ast-global-color-5)","background-image":"","background-repeat":"repeat","background-position":"center center","background-size":"auto","background-attachment":"scroll","background-type":"","background-media":"","overlay-type":"","overlay-color":"","overlay-opacity":"","overlay-gradient":""}},"_joinchat":[]},"product_brand":[],"product_cat":[343,531,140,150,152,156,158,142,146,147],"product_tag":[537,536,317,538,291,539,513,512],"class_list":{"0":"post-4788","1":"product","2":"type-product","3":"status-publish","4":"has-post-thumbnail","6":"product_cat-60000-puff","7":"product_cat-al-fakher-crown-bar","8":"product_cat-big-puffs-disposable-vapes","9":"product_cat-buy-disposable-vapes-in-belgium","10":"product_cat-buy-disposable-vapes-in-cermany","11":"product_cat-buy-disposable-vapes-in-poland","12":"product_cat-buy-disposable-vapes-in-spain","13":"product_cat-digital-box-disposable-vapes","14":"product_cat-rechargeable-disposable-vapes","15":"product_cat-shisha-hookah-disposable-vapes","16":"product_tag-al-fakher-60000","17":"product_tag-al-fakher-60k-ehose-x","18":"product_tag-al-fakher-crown-bar","19":"product_tag-disposable-e-shisha","20":"product_tag-disposable-shisha-hookah","21":"product_tag-hookah-shisha","22":"product_tag-vape-discount-price","23":"product_tag-vape-wholesale-distributor","24":"desktop-align-left","25":"tablet-align-left","26":"mobile-align-left","28":"first","29":"instock","30":"sale","31":"shipping-taxable","32":"purchasable","33":"product-type-simple"},"acf":[],"uagb_featured_image_src":{"full":["https:\/\/vapestornado.com\/wp-content\/uploads\/2026\/01\/AL-Fakher-Crown-Bar-EHOSE-X-60K-Disposable-Vape.webp",800,800,false],"thumbnail":["https:\/\/vapestornado.com\/wp-content\/uploads\/2026\/01\/AL-Fakher-Crown-Bar-EHOSE-X-60K-Disposable-Vape-150x150.webp",150,150,true],"medium":["https:\/\/vapestornado.com\/wp-content\/uploads\/2026\/01\/AL-Fakher-Crown-Bar-EHOSE-X-60K-Disposable-Vape-300x300.webp",300,300,true],"medium_large":["https:\/\/vapestornado.com\/wp-content\/uploads\/2026\/01\/AL-Fakher-Crown-Bar-EHOSE-X-60K-Disposable-Vape-768x768.webp",768,768,true],"large":["https:\/\/vapestornado.com\/wp-content\/uploads\/2026\/01\/AL-Fakher-Crown-Bar-EHOSE-X-60K-Disposable-Vape.webp",800,800,false],"1536x1536":["https:\/\/vapestornado.com\/wp-content\/uploads\/2026\/01\/AL-Fakher-Crown-Bar-EHOSE-X-60K-Disposable-Vape.webp",800,800,false],"2048x2048":["https:\/\/vapestornado.com\/wp-content\/uploads\/2026\/01\/AL-Fakher-Crown-Bar-EHOSE-X-60K-Disposable-Vape.webp",800,800,false],"trp-custom-language-flag":["https:\/\/vapestornado.com\/wp-content\/uploads\/2026\/01\/AL-Fakher-Crown-Bar-EHOSE-X-60K-Disposable-Vape-12x12.webp",12,12,true],"woocommerce_thumbnail":["https:\/\/vapestornado.com\/wp-content\/uploads\/2026\/01\/AL-Fakher-Crown-Bar-EHOSE-X-60K-Disposable-Vape-300x300.webp",300,300,true],"woocommerce_single":["https:\/\/vapestornado.com\/wp-content\/uploads\/2026\/01\/AL-Fakher-Crown-Bar-EHOSE-X-60K-Disposable-Vape-600x600.webp",600,600,true],"woocommerce_gallery_thumbnail":["https:\/\/vapestornado.com\/wp-content\/uploads\/2026\/01\/AL-Fakher-Crown-Bar-EHOSE-X-60K-Disposable-Vape-100x100.webp",100,100,true]},"uagb_author_info":{"display_name":"ESAMY","author_link":"https:\/\/vapestornado.com\/ro\/author\/"},"uagb_comment_info":0,"uagb_excerpt":"Al Fakher 60K E-Hose X delivers up to 60,000 puffs with smooth shisha-style vapor, dual vaping mode, and a powerful 1000mAh rechargeable battery. Built for high-volume sales, this Crown Bar Crystal 60000 offers strong flavor, long life, and low-price disposable vape wholesale across Europe. Add Amy's whatsapp to get right reply and discount price! WhatsApp:&hellip;","_links":{"self":[{"href":"https:\/\/vapestornado.com\/ro\/wp-json\/wp\/v2\/product\/4788","targetHints":{"allow":["GET"]}}],"collection":[{"href":"https:\/\/vapestornado.com\/ro\/wp-json\/wp\/v2\/product"}],"about":[{"href":"https:\/\/vapestornado.com\/ro\/wp-json\/wp\/v2\/types\/product"}],"replies":[{"embeddable":true,"href":"https:\/\/vapestornado.com\/ro\/wp-json\/wp\/v2\/comments?post=4788"}],"wp:featuredmedia":[{"embeddable":true,"href":"https:\/\/vapestornado.com\/ro\/wp-json\/wp\/v2\/media\/4784"}],"wp:attachment":[{"href":"https:\/\/vapestornado.com\/ro\/wp-json\/wp\/v2\/media?parent=4788"}],"wp:term":[{"taxonomy":"product_brand","embeddable":true,"href":"https:\/\/vapestornado.com\/ro\/wp-json\/wp\/v2\/product_brand?post=4788"},{"taxonomy":"product_cat","embeddable":true,"href":"https:\/\/vapestornado.com\/ro\/wp-json\/wp\/v2\/product_cat?post=4788"},{"taxonomy":"product_tag","embeddable":true,"href":"https:\/\/vapestornado.com\/ro\/wp-json\/wp\/v2\/product_tag?post=4788"}],"curies":[{"name":"wp","href":"https:\/\/api.w.org\/{rel}","templated":true}]}}