{"id":4781,"date":"2026-01-07T09:28:57","date_gmt":"2026-01-07T09:28:57","guid":{"rendered":"https:\/\/vapestornado.com\/?post_type=product&#038;p=4781"},"modified":"2026-01-07T09:59:16","modified_gmt":"2026-01-07T09:59:16","slug":"al-fakher-mega-max-40k-puffs-crown-bar-disposable-e-shisha-hookah-vape-adjustable-airflow","status":"publish","type":"product","link":"https:\/\/vapestornado.com\/ro\/product\/al-fakher-mega-max-40k-puffs-crown-bar-disposable-e-shisha-hookah-vape-adjustable-airflow\/","title":{"rendered":"Al Fakher Mega Max 40K Pufuri Bar\u0103 Coroan\u0103 E-Shisha Dispozitiv de Unic\u0103 Folosin\u021b\u0103 Vape Flux de Aer Reglabil"},"content":{"rendered":"<h1 data-start=\"0\" data-end=\"87\">Al Fakher Mega Max 40K Pufuri Bar\u0103 Coroan\u0103 E-Shisha Dispozitiv de Unic\u0103 Folosin\u021b\u0103 Vape cu Flux de Aer Reglabil<\/h1>\n<p data-start=\"207\" data-end=\"581\">Conceput pentru utilizatori cu volum mare \u0219i pie\u021be en gros, <strong data-start=\"262\" data-end=\"288\">Al Fakher Mega Max 40K<\/strong> reprezint\u0103 urm\u0103toarea evolu\u021bie a performan\u021bei e-shisha de unic\u0103 folosin\u021b\u0103. Cu p\u00e2n\u0103 la <strong data-start=\"366\" data-end=\"382\">40.000 de pufuri<\/strong>, flux de aer reglabil, \u0219i ingineria de arom\u0103 semnat\u0103 Al Fakher, acest dispozitiv este pozi\u021bionat ca o solu\u021bie premium, dar practic\u0103, pentru distribuitorii din UE care caut\u0103 un volum stabil \u0219i o cerere repetat\u0103 puternic\u0103.<\/p>\n<p data-start=\"583\" data-end=\"1045\">Ca parte a liniei <strong data-start=\"598\" data-end=\"621\">Bar\u0103 de tutun Al Fakher Crown<\/strong> , Mega Max 40000 este proiectat pentru a oferi o performan\u021b\u0103 constant\u0103 pe \u00eentreaga durat\u0103 de via\u021b\u0103. Combina\u021bia de <strong data-start=\"738\" data-end=\"756\">rezisten\u021ba dubl\u0103 tip mesh<\/strong>, <strong data-start=\"758\" data-end=\"785\">20ml de lichid electronic preumplut<\/strong>, \u0219i un <strong data-start=\"793\" data-end=\"824\">baterie re\u00eenc\u0103rcabil\u0103 de 850mAh<\/strong> asigur\u0103 o densitate fiabil\u0103 a vaporilor \u0219i claritate a aromei de la prima inhalare p\u00e2n\u0103 la ultima. Acest lucru \u00eel face deosebit de potrivit pentru clien\u021bii care trec de la sistemele tradi\u021bionale de hookah sau e-shisha reutilizabile la formate de unic\u0103 folosin\u021b\u0103.<\/p>\n<p data-start=\"1047\" data-end=\"1332\">Sistemul <strong data-start=\"1051\" data-end=\"1080\">sistemul de flux de aer reglabil<\/strong> permite utilizatorilor s\u0103 ajusteze fin inhalarea, trec\u00e2nd de la o inhalare mai str\u00e2ns\u0103, \u00een stil hookah, la o inhalare mai deschis\u0103 \u0219i aerisit\u0103. Aceast\u0103 flexibilitate \u00eei m\u0103re\u0219te atractivitatea pentru diferite preferin\u021be de vaping, ajut\u00e2nd comercian\u021bii cu am\u0103nuntul s\u0103 acopere mai multe profiluri de clien\u021bi cu un singur SKU.<\/p>\n<p data-start=\"1334\" data-end=\"1686\">Pentru cump\u0103r\u0103torii en gros, Al Fakher Mega Max 40K ofer\u0103 ceea ce conteaz\u0103 cel mai mult: branding recognoscibil, controlul puterii nicotinice, \u00eenc\u0103rcare modern\u0103 Type-C \u0219i o calitate de construc\u021bie care reflect\u0103 fiabilitatea pe termen lung, nu noutatea pe termen scurt. Pozi\u021bionat ca un <strong data-start=\"1589\" data-end=\"1620\">pre\u021b en gros competitiv<\/strong>, este un performer puternic \u00een categoria e-shisha de unic\u0103 folosin\u021b\u0103 din UE.<\/p>\n<h2 data-start=\"2768\" data-end=\"2821\">De ce s\u0103 alegi Al Fakher Mega Max 40000 pentru en gros?<\/h2>\n<p data-start=\"2823\" data-end=\"3237\">Sistemul <strong data-start=\"2827\" data-end=\"2855\">Al Fakher Mega Max 40000<\/strong> este proiectat pentru consisten\u021b\u0103, nu pentru trucuri. Valorific\u0103 \u00eencrederea \u00een brandul global Al Fakher, \u00een timp ce r\u0103spunde a\u0219tept\u0103rilor distribuitorilor din Rom\u00e2nia care prioritizeaz\u0103 fiabilitatea, pozi\u021bionarea legal\u0103 \u0219i v\u00e2nz\u0103rile previzibile. Formatul s\u0103u de e-shisha de unic\u0103 folosin\u021b\u0103, fluxul de aer ajustabil \u0219i durata lung\u0103 a inhal\u0103rilor \u00eel fac o ad\u0103ugare puternic\u0103 at\u00e2t pentru canalele de retail axate pe vape, c\u00e2t \u0219i pentru cele orientate spre narghilea.<\/p>\n<p><strong><span style=\"color: #ff0000;\">Adaug\u0103 whatsapp-ul lui Amy pentru a primi r\u0103spuns imediat \u0219i un cupon de vape!<\/span><\/strong><\/p>\n<p><img fetchpriority=\"high\" decoding=\"async\" class=\"size-full wp-image-2932\" src=\"https:\/\/vapestornado.com\/wp-content\/uploads\/2024\/12\/Vape-Wholesale.jpg\" alt=\"\u021aig\u0103ri electronice cu ridicata\" width=\"229\" height=\"300\" \/><\/p>\n<h3><a href=\"https:\/\/wa.me\/8617776015835\" target=\"_blank\" rel=\"noopener\"><span style=\"color: #ff0000;\"><strong>WhatsApp: +86 17776015835<\/strong><\/span><\/a><\/h3>\n<p>&nbsp;<\/p>\n<h2><strong>Caracteristici ale produsului Al Fakher Mega Max 40K Puffs<\/strong><\/h2>\n<ul>\n<li data-start=\"113\" data-end=\"228\">\n<p data-start=\"115\" data-end=\"228\"><strong data-start=\"115\" data-end=\"139\">Capacitate de 40.000 de inhal\u0103ri<\/strong> \u2013 Ofer\u0103 performan\u021b\u0103 extins\u0103 de vaping DTL, conceput\u0103 pentru utilizare pe termen lung \u0219i frecvent\u0103.<\/p>\n<\/li>\n<li data-start=\"229\" data-end=\"361\">\n<p data-start=\"231\" data-end=\"361\"><strong data-start=\"231\" data-end=\"258\">Stil narghilea DTL<\/strong> \u2013 Optimizat pentru inhal\u0103ri directe \u00een pl\u0103m\u00e2ni, produc\u00e2nd nori densi similari cu sesiunile tradi\u021bionale de narghilea.<\/p>\n<\/li>\n<li data-start=\"362\" data-end=\"476\">\n<p data-start=\"364\" data-end=\"476\"><strong data-start=\"364\" data-end=\"393\">Tehnologie cu bobin\u0103 dubl\u0103 tip plas\u0103<\/strong> \u2013 Asigur\u0103 o \u00eenc\u0103lzire uniform\u0103 \u0219i un randament stabil al aromei de la prima inhalare p\u00e2n\u0103 la ultima.<\/p>\n<\/li>\n<li data-start=\"477\" data-end=\"605\">\n<p data-start=\"479\" data-end=\"605\"><strong data-start=\"479\" data-end=\"508\">Sistem de flux de aer ajustabil<\/strong> \u2013 Permite utilizatorilor s\u0103 ajusteze rezisten\u021ba la inhalare pentru o experien\u021b\u0103 personalizat\u0103 DTL sau stil narghilea.<\/p>\n<\/li>\n<li data-start=\"606\" data-end=\"729\">\n<p data-start=\"608\" data-end=\"729\"><strong data-start=\"608\" data-end=\"636\">E-liquid pre-umplut de 20ml<\/strong> \u2013 Capacitatea mare de e-liquid reduce frecven\u021ba de \u00eenlocuire \u0219i sus\u021bine sesiuni lungi de vaping.<\/p>\n<\/li>\n<li data-start=\"730\" data-end=\"841\">\n<p data-start=\"732\" data-end=\"841\"><strong data-start=\"732\" data-end=\"757\">Putere de nicotin\u0103 0.6%<\/strong> \u2013 Ofer\u0103 o livrare lin\u0103 \u0219i controlat\u0103 de nicotin\u0103, potrivit\u0103 pentru utilizare zilnic\u0103 extins\u0103.<\/p>\n<\/li>\n<li data-start=\"842\" data-end=\"945\">\n<p data-start=\"844\" data-end=\"945\"><strong data-start=\"844\" data-end=\"875\">Baterie re\u00eenc\u0103rcabil\u0103 de 850mAh<\/strong> \u2013 Asigur\u0103 o putere constant\u0103 pe \u00eentreaga durat\u0103 a celor 40K inhal\u0103ri.<\/p>\n<\/li>\n<li data-start=\"946\" data-end=\"1051\">\n<p data-start=\"948\" data-end=\"1051\"><strong data-start=\"948\" data-end=\"976\">\u00cenc\u0103rcare rapid\u0103 USB Type-C<\/strong> \u2013 Permite re\u00eenc\u0103rcare rapid\u0103 \u0219i convenabil\u0103, compatibil\u0103 cu dispozitive moderne.<\/p>\n<\/li>\n<li data-start=\"1052\" data-end=\"1148\">\n<p data-start=\"1054\" data-end=\"1148\"><strong data-start=\"1054\" data-end=\"1076\">Ecran de Afi\u0219are LED<\/strong> \u2013 Afi\u0219eaz\u0103 clar nivelul bateriei \u0219i al e-liquidului pentru un control mai bun al utiliz\u0103rii.<\/p>\n<\/li>\n<li data-start=\"1149\" data-end=\"1259\">\n<p data-start=\"1151\" data-end=\"1259\"><strong data-start=\"1151\" data-end=\"1176\">Carcas\u0103 din aluminiu premium<\/strong> \u2013 Combin\u0103 durabilitatea cu un finisaj ergonomic \u0219i de \u00eenalt\u0103 calitate pentru portabilitate zilnic\u0103.<\/p>\n<\/li>\n<\/ul>\n<figure id=\"attachment_4777\" aria-describedby=\"caption-attachment-4777\" style=\"width: 300px\" class=\"wp-caption alignnone\"><img decoding=\"async\" class=\"size-medium wp-image-4777\" src=\"https:\/\/vapestornado.com\/wp-content\/uploads\/2026\/01\/Al-Fakher-Mega-Max-40K-40000-Puff-Vape-Wholesale-Spain-300x300.webp\" alt=\"Al Fakher Mega Max 40K 40000 Pufuri Vape en-gros \u00een Rom\u00e2nia\" width=\"300\" height=\"300\" srcset=\"https:\/\/vapestornado.com\/wp-content\/uploads\/2026\/01\/Al-Fakher-Mega-Max-40K-40000-Puff-Vape-Wholesale-Spain-300x300.webp 300w, https:\/\/vapestornado.com\/wp-content\/uploads\/2026\/01\/Al-Fakher-Mega-Max-40K-40000-Puff-Vape-Wholesale-Spain-150x150.webp 150w, https:\/\/vapestornado.com\/wp-content\/uploads\/2026\/01\/Al-Fakher-Mega-Max-40K-40000-Puff-Vape-Wholesale-Spain-768x768.webp 768w, https:\/\/vapestornado.com\/wp-content\/uploads\/2026\/01\/Al-Fakher-Mega-Max-40K-40000-Puff-Vape-Wholesale-Spain-12x12.webp 12w, https:\/\/vapestornado.com\/wp-content\/uploads\/2026\/01\/Al-Fakher-Mega-Max-40K-40000-Puff-Vape-Wholesale-Spain-600x600.webp 600w, https:\/\/vapestornado.com\/wp-content\/uploads\/2026\/01\/Al-Fakher-Mega-Max-40K-40000-Puff-Vape-Wholesale-Spain-100x100.webp 100w, https:\/\/vapestornado.com\/wp-content\/uploads\/2026\/01\/Al-Fakher-Mega-Max-40K-40000-Puff-Vape-Wholesale-Spain.webp 800w\" sizes=\"(max-width: 300px) 100vw, 300px\" \/><figcaption id=\"caption-attachment-4777\" class=\"wp-caption-text\">Al Fakher Mega Max 40K 40000 Pufuri Vape en-gros \u00een Rom\u00e2nia<\/figcaption><\/figure>\n<p>&nbsp;<\/p>\n<div><\/div>\n<h2 class=\"product-title\"><strong>Lista de arome pentru Al Fakher Mega Max 40K Pufuri<\/strong><\/h2>\n<p>1 Afine Albastru<br \/>\n2 Ghea\u021b\u0103 de Afine<br \/>\n3 Ghea\u021b\u0103 de Coac\u0103ze Negre<br \/>\n4 Menta de Coac\u0103ze Negre<br \/>\n5 Explozie de Blue Razz<br \/>\n6 Limonad\u0103 Blue Razz<br \/>\n7 Cire\u0219e cu Afine<br \/>\n8 Gum\u0103 de Afine<br \/>\n9 Limonad\u0103 cu Afine<br \/>\n10 Menta cu Afine<br \/>\n11 Zmeur\u0103 cu Afine<br \/>\n12 Zmeur\u0103 Acr\u0103 cu Afine<br \/>\n13 Fiesta de Cire\u0219e<br \/>\n14 Fizz de Cire\u0219e<br \/>\n15 Ghea\u021b\u0103 de Cire\u0219e<br \/>\n16 Mango R\u0103coros<br \/>\n17 Fusion Pop<br \/>\n18 Strugure<br \/>\n19 Fruct de p\u0103dure cu strugure<br \/>\n20 Ment\u0103 cu strugure<br \/>\n21 Gum\u0103 Ment\u0103<br \/>\n22 Hubba<br \/>\n23 Ghea\u021b\u0103 Albastr\u0103<br \/>\n24 L\u0103m\u00e2ie Lime<br \/>\n25 Fizz de l\u0103m\u00e2ie lime cu cire\u0219e<br \/>\n26 L\u0103m\u00e2ie Ment\u0103<br \/>\n27 Ghea\u021b\u0103 Lush<br \/>\n28 Dragoste Magic\u0103<br \/>\n29 Mango Ananas<br \/>\n30 Mentol<br \/>\n31 Ment\u0103<br \/>\n32 Fructe de p\u0103dure mixte<br \/>\n33 Portocal\u0103 Ment\u0103<br \/>\n34 Piure de piersici cu ghea\u021b\u0103<br \/>\n35 Ghea\u021b\u0103 de ananas<br \/>\n36 Vis Spa\u021bial<br \/>\n37 Spearmint<br \/>\n38 Cire\u0219e de c\u0103p\u0219uni<br \/>\n39 Punch de c\u0103p\u0219uni<br \/>\n40 Vis de var\u0103<br \/>\n41 Dou\u0103 mere<br \/>\n42 Cire\u0219e de pepene galben<br \/>\n43 Kiwi de pepene galben<br \/>\n44 Lime de pepene galben<br \/>\n45 Ananas de pepene galben<\/p>\n<div class=\"flex-shrink-0 flex flex-col relative items-end\">\n<div class=\"pt-0\">\n<div class=\"gizmo-bot-avatar flex h-8 w-8 items-center justify-center overflow-hidden rounded-full\">\n<div class=\"relative p-1 rounded-sm flex items-center justify-center bg-token-main-surface-primary text-token-text-primary h-8 w-8\">\n<h2 data-start=\"1200\" data-end=\"1487\">Vapes Tornado \u2013 Magazin online en gros pentru vaporizatoare populare<\/h2>\n<p data-start=\"72\" data-end=\"396\"><strong data-start=\"72\" data-end=\"89\">Vape Tornado<\/strong> este un magazin online en gros axat pe Europa, furniz\u00e2nd o gam\u0103 atent selectat\u0103 de <strong data-start=\"178\" data-end=\"195\">vaporizatoare populare<\/strong> pentru cump\u0103r\u0103tori profesioni\u0219ti. Lucr\u0103m cu comercian\u021bi cu am\u0103nuntul, distribuitori \u0219i magazine online din \u00eentreaga UE care au nevoie de aprovizionare stabil\u0103, informa\u021bii clare despre produse \u0219i m\u0103rci pe care clien\u021bii le recunosc \u0219i le au \u00eencredere.<\/p>\n<p data-start=\"398\" data-end=\"687\">Lucr\u0103m cu nume de \u00eencredere precum <strong data-start=\"307\" data-end=\"362\"><a href=\"https:\/\/vapestornado.com\/ro\/product\/randm-12000-puffs-fumot-digital-disposable-vape-wholesale-price\/\">Fumot VAPE<\/a>, <a href=\"https:\/\/vapestornado.com\/ro\/product\/original-wga-ultra-35k-35000-puff-rechargeable-crystal-disposable-nicotine-vape-best-discount-price\/\">WGA VAPE<\/a>, <\/strong><strong data-start=\"307\" data-end=\"362\"><a href=\"https:\/\/vapestornado.com\/ro\/product\/vozol-gear-shisha-25k-25000-puffs-best-dtl-disposable-vape-hookah-cheap-price\/\">VOZOL BAR VAPE<\/a>,<\/strong><strong data-start=\"247\" data-end=\"352\">\u00a0Elf Bar Vape, WASPE Vape, <a href=\"https:\/\/vapestornado.com\/ro\/product\/uzy-150k-puffs-6-in-1-flavor-switch-disposable-vape-pen-wholesale\/\">Vape UZY<\/a>, Bang Vape, Razz Bar Vape, \u0219i Stag Bar Vape<\/strong>, ale\u0219i pentru calitatea constant\u0103 \u0219i cererea puternic\u0103 pe pia\u021ba european\u0103.<\/p>\n<h4 data-start=\"1080\" data-end=\"1120\">Conceput pentru cump\u0103r\u0103torii en gros din Europa<\/h4>\n<p data-start=\"1121\" data-end=\"1189\">Vapes Tornado este structurat \u00een jurul nevoilor reale ale en gros-urilor din UE:<\/p>\n<ul data-start=\"1190\" data-end=\"1400\">\n<li data-start=\"1190\" data-end=\"1239\">\n<p data-start=\"1192\" data-end=\"1239\">Pre\u021buri competitive en gros pentru comenzi \u00een vrac<\/p>\n<\/li>\n<li data-start=\"1240\" data-end=\"1289\">\n<p data-start=\"1242\" data-end=\"1289\">Descrieri clare ale produselor \u0219i specifica\u021bii<\/p>\n<\/li>\n<li data-start=\"1290\" data-end=\"1330\">\n<p data-start=\"1292\" data-end=\"1330\">Logistic\u0103 rapid\u0103 \u0219i fiabil\u0103, orientat\u0103 spre UE<\/p>\n<\/li>\n<li data-start=\"1331\" data-end=\"1400\">\n<p data-start=\"1333\" data-end=\"1400\">Un catalog axat pe <strong data-start=\"1356\" data-end=\"1373\">vaporizatoare populare<\/strong>, nu pe SKU-uri supra-saturate<\/p>\n<\/li>\n<\/ul>\n<h2 data-start=\"2064\" data-end=\"2115\">\u00centreb\u0103ri frecvente despre Al Fakher Mega Max 40000 Vape de unic\u0103 folosin\u021b\u0103<\/h2>\n<p data-start=\"3278\" data-end=\"3451\"><strong data-start=\"3278\" data-end=\"3343\">1. C\u00e2t timp dureaz\u0103 Al Fakher Mega Max 40K \u00een utilizare real\u0103?<\/strong><br data-start=\"3343\" data-end=\"3346\" \/>Utilizarea depinde de obiceiurile individuale, dar majoritatea utilizatorilor raporteaz\u0103 performan\u021b\u0103 de c\u00e2teva s\u0103pt\u0103m\u00e2ni \u00een condi\u021bii de utilizare zilnic\u0103 regulat\u0103.<\/p>\n<p data-start=\"3453\" data-end=\"3579\"><strong data-start=\"3453\" data-end=\"3497\">2. Este fluxul de aer ajustabil \u00een timpul utiliz\u0103rii?<\/strong><br data-start=\"3497\" data-end=\"3500\" \/>Da, fluxul de aer ajustabil permite utilizatorilor s\u0103 modifice rezisten\u021ba la inhalare oric\u00e2nd.<\/p>\n<p data-start=\"3581\" data-end=\"3678\"><strong data-start=\"3581\" data-end=\"3615\">3. Este dispozitivul re\u00eenc\u0103rcabil?<\/strong><br data-start=\"3615\" data-end=\"3618\" \/>Da, are o baterie de 850mAh cu \u00eenc\u0103rcare USB Type-C.<\/p>\n<p data-start=\"3680\" data-end=\"3856\"><strong data-start=\"3680\" data-end=\"3744\">4. Ce face ca acesta s\u0103 fie diferit de vape-urile de unic\u0103 folosin\u021b\u0103 standard?<\/strong><br data-start=\"3744\" data-end=\"3747\" \/>Designul s\u0103u de shisha electronic\u0103, capacitatea mare de lichid \u0219i controlul fluxului de aer \u00eel diferen\u021biaz\u0103 de cele simple de unic\u0103 folosin\u021b\u0103.<\/p>\n<p data-start=\"3858\" data-end=\"4007\"><strong data-start=\"3858\" data-end=\"3912\">5. Este potrivit pentru distribu\u021bie en-gros \u00een Rom\u00e2nia?<\/strong><br data-start=\"3912\" data-end=\"3915\" \/>Da, este conceput pentru pie\u021bele din Rom\u00e2nia \u0219i este furnizat \u00een mod obi\u0219nuit la pre\u021b en-gros pentru comenzi mari.<\/p>\n<\/div>\n<\/div>\n<\/div>\n<\/div>","protected":false},"excerpt":{"rendered":"<p data-start=\"4472\" data-end=\"4562\"><strong data-start=\"4472\" data-end=\"4560\">Al Fakher Mega Max 40K E-Shisha de Unic\u0103 Folosin\u021b\u0103 cu Flux de Aer Reglabil \u2013 Preg\u0103tit pentru Comer\u021b en gros<\/strong><\/p>\n<p data-start=\"4566\" data-end=\"4641\"><strong data-start=\"4566\" data-end=\"4639\">Al Fakher Crown Bar Mega Max 40000 Pufuri Vape Hookah pentru Comer\u021b en gros \u00een UE<\/strong><\/p>\n<p data-start=\"4645\" data-end=\"4728\"><strong data-start=\"4645\" data-end=\"4728\">Mega Max 40K de Al Fakher \u2013 E-Shisha de Unic\u0103 Folosin\u021b\u0103 cu Durat\u0103 Lung\u0103 la Pre\u021b en gros<\/strong><\/p>\n<p><strong>Ad\u0103uga\u021bi-o pe Amy pe WhatsApp pentru a ob\u021bine un r\u0103spuns corect \u0219i un pre\u021b redus!<\/strong><\/p>\n<p><img fetchpriority=\"high\" decoding=\"async\" class=\"size-full wp-image-2932\" src=\"https:\/\/vapestornado.com\/wp-content\/uploads\/2024\/12\/Vape-Wholesale.jpg\" alt=\"\u021aig\u0103ri electronice cu ridicata\" width=\"229\" height=\"300\" \/><\/p>\n<h3><a href=\"https:\/\/wa.me\/8617776015835\"><span style=\"color: #ff0000;\"><strong>WhatsApp: +86 17776015835<\/strong><\/span><\/a><\/h3>","protected":false},"featured_media":4776,"comment_status":"open","ping_status":"closed","template":"","meta":{"_acf_changed":false,"_uag_custom_page_level_css":"","_lmt_disableupdate":"no","_lmt_disable":"","_monsterinsights_skip_tracking":false,"_monsterinsights_sitenote_active":false,"_monsterinsights_sitenote_note":"","_monsterinsights_sitenote_category":0,"site-sidebar-layout":"default","site-content-layout":"","ast-site-content-layout":"default","site-content-style":"default","site-sidebar-style":"default","ast-global-header-display":"","ast-banner-title-visibility":"","ast-main-header-display":"","ast-hfb-above-header-display":"","ast-hfb-below-header-display":"","ast-hfb-mobile-header-display":"","site-post-title":"","ast-breadcrumbs-content":"","ast-featured-img":"","footer-sml-layout":"","ast-disable-related-posts":"","theme-transparent-header-meta":"default","adv-header-id-meta":"","stick-header-meta":"","header-above-stick-meta":"","header-main-stick-meta":"","header-below-stick-meta":"","astra-migrate-meta-layouts":"set","ast-page-background-enabled":"default","ast-page-background-meta":{"desktop":{"background-color":"","background-image":"","background-repeat":"repeat","background-position":"center center","background-size":"auto","background-attachment":"scroll","background-type":"","background-media":"","overlay-type":"","overlay-color":"","overlay-opacity":"","overlay-gradient":""},"tablet":{"background-color":"","background-image":"","background-repeat":"repeat","background-position":"center center","background-size":"auto","background-attachment":"scroll","background-type":"","background-media":"","overlay-type":"","overlay-color":"","overlay-opacity":"","overlay-gradient":""},"mobile":{"background-color":"","background-image":"","background-repeat":"repeat","background-position":"center center","background-size":"auto","background-attachment":"scroll","background-type":"","background-media":"","overlay-type":"","overlay-color":"","overlay-opacity":"","overlay-gradient":""}},"ast-content-background-meta":{"desktop":{"background-color":"var(--ast-global-color-5)","background-image":"","background-repeat":"repeat","background-position":"center center","background-size":"auto","background-attachment":"scroll","background-type":"","background-media":"","overlay-type":"","overlay-color":"","overlay-opacity":"","overlay-gradient":""},"tablet":{"background-color":"var(--ast-global-color-5)","background-image":"","background-repeat":"repeat","background-position":"center center","background-size":"auto","background-attachment":"scroll","background-type":"","background-media":"","overlay-type":"","overlay-color":"","overlay-opacity":"","overlay-gradient":""},"mobile":{"background-color":"var(--ast-global-color-5)","background-image":"","background-repeat":"repeat","background-position":"center center","background-size":"auto","background-attachment":"scroll","background-type":"","background-media":"","overlay-type":"","overlay-color":"","overlay-opacity":"","overlay-gradient":""}},"_joinchat":[]},"product_brand":[],"product_cat":[65,531,140,150,156,158,141,142,146,147],"product_tag":[533,534,535,532,355,287,513,512],"class_list":{"0":"post-4781","1":"product","2":"type-product","3":"status-publish","4":"has-post-thumbnail","6":"product_cat-40000-puff","7":"product_cat-al-fakher-crown-bar","8":"product_cat-big-puffs-disposable-vapes","9":"product_cat-buy-disposable-vapes-in-belgium","10":"product_cat-buy-disposable-vapes-in-poland","11":"product_cat-buy-disposable-vapes-in-spain","12":"product_cat-crystal-disposable-vapes","13":"product_cat-digital-box-disposable-vapes","14":"product_cat-rechargeable-disposable-vapes","15":"product_cat-shisha-hookah-disposable-vapes","16":"product_tag-al-fakher-crown-bar-mega-max","17":"product_tag-al-fakher-crown-bar-mega-max-40000-puffs","18":"product_tag-al-fakher-crown-bar-mega-max-40k","19":"product_tag-al-fakher-mega-max-40k","20":"product_tag-big-puff-vape","21":"product_tag-disposable-vape-pen","22":"product_tag-vape-discount-price","23":"product_tag-vape-wholesale-distributor","24":"desktop-align-left","25":"tablet-align-left","26":"mobile-align-left","28":"first","29":"instock","30":"sale","31":"shipping-taxable","32":"purchasable","33":"product-type-simple"},"acf":[],"uagb_featured_image_src":{"full":["https:\/\/vapestornado.com\/wp-content\/uploads\/2026\/01\/Al-Fakher-Mega-Max-40K-40000-Puff-Disposable-Vapor.webp",800,800,false],"thumbnail":["https:\/\/vapestornado.com\/wp-content\/uploads\/2026\/01\/Al-Fakher-Mega-Max-40K-40000-Puff-Disposable-Vapor-150x150.webp",150,150,true],"medium":["https:\/\/vapestornado.com\/wp-content\/uploads\/2026\/01\/Al-Fakher-Mega-Max-40K-40000-Puff-Disposable-Vapor-300x300.webp",300,300,true],"medium_large":["https:\/\/vapestornado.com\/wp-content\/uploads\/2026\/01\/Al-Fakher-Mega-Max-40K-40000-Puff-Disposable-Vapor-768x768.webp",768,768,true],"large":["https:\/\/vapestornado.com\/wp-content\/uploads\/2026\/01\/Al-Fakher-Mega-Max-40K-40000-Puff-Disposable-Vapor.webp",800,800,false],"1536x1536":["https:\/\/vapestornado.com\/wp-content\/uploads\/2026\/01\/Al-Fakher-Mega-Max-40K-40000-Puff-Disposable-Vapor.webp",800,800,false],"2048x2048":["https:\/\/vapestornado.com\/wp-content\/uploads\/2026\/01\/Al-Fakher-Mega-Max-40K-40000-Puff-Disposable-Vapor.webp",800,800,false],"trp-custom-language-flag":["https:\/\/vapestornado.com\/wp-content\/uploads\/2026\/01\/Al-Fakher-Mega-Max-40K-40000-Puff-Disposable-Vapor-12x12.webp",12,12,true],"woocommerce_thumbnail":["https:\/\/vapestornado.com\/wp-content\/uploads\/2026\/01\/Al-Fakher-Mega-Max-40K-40000-Puff-Disposable-Vapor-300x300.webp",300,300,true],"woocommerce_single":["https:\/\/vapestornado.com\/wp-content\/uploads\/2026\/01\/Al-Fakher-Mega-Max-40K-40000-Puff-Disposable-Vapor-600x600.webp",600,600,true],"woocommerce_gallery_thumbnail":["https:\/\/vapestornado.com\/wp-content\/uploads\/2026\/01\/Al-Fakher-Mega-Max-40K-40000-Puff-Disposable-Vapor-100x100.webp",100,100,true]},"uagb_author_info":{"display_name":"ESAMY","author_link":"https:\/\/vapestornado.com\/ro\/author\/"},"uagb_comment_info":0,"uagb_excerpt":"Al Fakher Mega Max 40K Disposable E Shisha with Adjustable Airflow \u2013 Wholesale Ready Al Fakher Crown Bar Mega Max 40000 Puffs Hookah Vape for EU Wholesale Mega Max 40K by Al Fakher \u2013 Long-Lasting Disposable E Shisha at Wholesale Price Add Amy's whatsapp to get right reply and discount price! WhatsApp: +86 17776015835","_links":{"self":[{"href":"https:\/\/vapestornado.com\/ro\/wp-json\/wp\/v2\/product\/4781","targetHints":{"allow":["GET"]}}],"collection":[{"href":"https:\/\/vapestornado.com\/ro\/wp-json\/wp\/v2\/product"}],"about":[{"href":"https:\/\/vapestornado.com\/ro\/wp-json\/wp\/v2\/types\/product"}],"replies":[{"embeddable":true,"href":"https:\/\/vapestornado.com\/ro\/wp-json\/wp\/v2\/comments?post=4781"}],"wp:featuredmedia":[{"embeddable":true,"href":"https:\/\/vapestornado.com\/ro\/wp-json\/wp\/v2\/media\/4776"}],"wp:attachment":[{"href":"https:\/\/vapestornado.com\/ro\/wp-json\/wp\/v2\/media?parent=4781"}],"wp:term":[{"taxonomy":"product_brand","embeddable":true,"href":"https:\/\/vapestornado.com\/ro\/wp-json\/wp\/v2\/product_brand?post=4781"},{"taxonomy":"product_cat","embeddable":true,"href":"https:\/\/vapestornado.com\/ro\/wp-json\/wp\/v2\/product_cat?post=4781"},{"taxonomy":"product_tag","embeddable":true,"href":"https:\/\/vapestornado.com\/ro\/wp-json\/wp\/v2\/product_tag?post=4781"}],"curies":[{"name":"wp","href":"https:\/\/api.w.org\/{rel}","templated":true}]}}