{"id":4772,"date":"2026-01-06T07:32:26","date_gmt":"2026-01-06T07:32:26","guid":{"rendered":"https:\/\/vapestornado.com\/?post_type=product&#038;p=4772"},"modified":"2026-01-06T08:25:40","modified_gmt":"2026-01-06T08:25:40","slug":"al-fakher-crystal-8k-v2-8000-puffs-disposable-vape-dual-vaping-mode","status":"publish","type":"product","link":"https:\/\/vapestornado.com\/ro\/product\/al-fakher-crystal-8k-v2-8000-puffs-disposable-vape-dual-vaping-mode\/","title":{"rendered":"Al Fakher CRYSTAL 8K V2 8000 Pufuri Vape de Unic\u0103 Folosin\u021b\u0103 \u2013 Mod de Vaping Dual"},"content":{"rendered":"<h1 data-start=\"0\" data-end=\"87\">Al Fakher CRYSTAL 8K V2 8000 Pufuri Vape de Unic\u0103 Folosin\u021b\u0103 \u2013 Mod de Vaping Dual<\/h1>\n<p data-start=\"249\" data-end=\"723\">Sistemul <strong data-start=\"253\" data-end=\"280\">Al Fakher CRYSTAL 8K V2<\/strong> este proiectat pentru angrosi\u0219ti care apreciaz\u0103 credibilitatea brandului, livrarea constant\u0103 a aromei \u0219i un turnover fiabil. Ca parte a <strong data-start=\"409\" data-end=\"432\">Bar\u0103 de tutun Al Fakher Crown<\/strong> gama, acest model se concentreaz\u0103 pe stabilitate mai degrab\u0103 dec\u00e2t pe gimmick-uri, fiind o op\u021biune sigur\u0103 \u0219i dovedit\u0103 pentru pia\u021ba de unic\u0103 folosin\u021b\u0103 din UE. Cu un corp rafinat \u00een stil cristal, \u00eenc\u0103lzire cu bobin\u0103 din plas\u0103 \u0219i <strong data-start=\"618\" data-end=\"638\">mod dual de vapat<\/strong>, ofer\u0103 o experien\u021b\u0103 controlat\u0103 \u0219i repetabil\u0103 de la primul puf p\u00e2n\u0103 la ultimul.<\/p>\n<p data-start=\"725\" data-end=\"1103\">Spre deosebire de modelele de mari dimensiuni cu mul\u021bi pufuri, precum <strong data-start=\"767\" data-end=\"787\">Airmez Fox 80000<\/strong>, modelul <strong data-start=\"793\" data-end=\"830\">Al Fakher Crown Bar Crystal 8000 V2<\/strong> vizeaz\u0103 utilizatorii care prefer\u0103 o inhalare mai u\u0219oar\u0103 \u0219i fiabilitate zilnic\u0103. Puterea sc\u0103zut\u0103 <strong data-start=\"902\" data-end=\"939\">0.5% (0,5mg\/ml) de nicotin\u0103<\/strong> \u00eendepline\u0219te cerin\u021bele clien\u021bilor care caut\u0103 satisfac\u021bie lin\u0103 f\u0103r\u0103 asprime, \u00een timp ce capacitatea de <strong data-start=\"1025\" data-end=\"1051\">18ml de lichid electronic<\/strong> sus\u021bine utilizarea prelungit\u0103 f\u0103r\u0103 \u00eenlocuiri frecvente.<\/p>\n<p data-start=\"1105\" data-end=\"1509\">Performan\u021ba aromei r\u0103m\u00e2ne constant\u0103 datorit\u0103 unui sistem \u00eembun\u0103t\u0103\u021bit de bobin\u0103 din plas\u0103, produc\u00e2nd o \u00eenc\u0103lzire uniform\u0103 \u0219i o inhalare lin\u0103 at\u00e2t \u00een set\u0103rile MTL, c\u00e2t \u0219i DTL. Sistemul <strong data-start=\"1263\" data-end=\"1283\">mod dual de vapat<\/strong> permite utilizatorilor s\u0103 schimbe stilurile de inhalare \u00een func\u021bie de preferin\u021b\u0103, extinz\u00e2nd atractivitatea pentru diferite obiceiuri de utilizare. Alimentat de un <strong data-start=\"1401\" data-end=\"1432\">baterie re\u00eenc\u0103rcabil\u0103 de 850mAh<\/strong> si <strong data-start=\"1437\" data-end=\"1456\">\u00eenc\u0103rcare de tip C<\/strong>, dispozitivul men\u021bine un output stabil p\u00e2n\u0103 la epuizare.<\/p>\n<p data-start=\"1511\" data-end=\"1833\">Cu <strong data-start=\"1516\" data-end=\"1538\">45 de op\u021biuni de arom\u0103<\/strong>, modelul <strong data-start=\"1544\" data-end=\"1571\">Al Fakher CRYSTAL 8k V2<\/strong> este ideal pentru rota\u021bia aromelor, vizibilitatea pe raft \u0219i repetarea achizi\u021biilor. Livrat \u00een vrac cu <strong data-start=\"1666\" data-end=\"1688\">200 buc\u0103\u021bi pe carton<\/strong>, este foarte potrivit pentru <strong data-start=\"1712\" data-end=\"1750\">Vape-uri de Unic\u0103 Folosin\u021b\u0103 en gros Rom\u00e2nia<\/strong> cump\u0103r\u0103tori \u00een c\u0103utarea unui brand puternic la un <strong data-start=\"1790\" data-end=\"1805\">pre\u021bul mic<\/strong> cu fiabilitate pe termen lung.<\/p>\n<p><strong><span style=\"color: #ff0000;\">Adaug\u0103 whatsapp-ul lui Amy pentru a primi r\u0103spuns imediat \u0219i un cupon de vape!<\/span><\/strong><\/p>\n<p><img fetchpriority=\"high\" decoding=\"async\" class=\"size-full wp-image-2932\" src=\"https:\/\/vapestornado.com\/wp-content\/uploads\/2024\/12\/Vape-Wholesale.jpg\" alt=\"\u021aig\u0103ri electronice cu ridicata\" width=\"229\" height=\"300\" \/><\/p>\n<h3><a href=\"https:\/\/wa.me\/8617776015835\" target=\"_blank\" rel=\"noopener\"><span style=\"color: #ff0000;\"><strong>WhatsApp: +86 17776015835<\/strong><\/span><\/a><\/h3>\n<p>&nbsp;<\/p>\n<h2><strong>Al Fakher CRYSTAL 8k V2 Puffs Caracteristici ale produsului<\/strong><\/h2>\n<div>\n<ul>\n<li data-start=\"0\" data-end=\"138\">\n<p data-start=\"2\" data-end=\"138\"><strong data-start=\"2\" data-end=\"31\" data-is-only-node=\"\">P\u00e2n\u0103 la 8.000\u201312.000 de pufuri:<\/strong> Proiectat pentru a oferi performan\u021b\u0103 de durat\u0103, reduc\u00e2nd necesitatea \u00eenlocuirilor frecvente pentru utilizatori finali.<\/p>\n<\/li>\n<li data-start=\"140\" data-end=\"263\">\n<p data-start=\"142\" data-end=\"263\"><strong data-start=\"142\" data-end=\"163\" data-is-only-node=\"\">Mod dual de inhalare:<\/strong> Suport\u0103 stilurile MTL \u0219i DTL, permi\u021b\u00e2nd utilizatorilor s\u0103 ajusteze trac\u021biunea conform preferin\u021belor personale.<\/p>\n<\/li>\n<li data-start=\"265\" data-end=\"392\">\n<p data-start=\"267\" data-end=\"392\"><strong data-start=\"267\" data-end=\"298\" data-is-only-node=\"\">0.5% Putere sc\u0103zut\u0103 de nicotin\u0103:<\/strong> Ofer\u0103 o experien\u021b\u0103 mai u\u0219oar\u0103 \u0219i mai lin\u0103, potrivit\u0103 pentru clien\u021bii care doresc un control mai bun al aportului de nicotin\u0103.<\/p>\n<\/li>\n<li data-start=\"394\" data-end=\"502\">\n<p data-start=\"396\" data-end=\"502\"><strong data-start=\"396\" data-end=\"423\" data-is-only-node=\"\">Capacitate de 18ml pentru lichid:<\/strong> Asigur\u0103 o eliberare constant\u0103 de arom\u0103 pe \u00eentreaga durat\u0103 de via\u021b\u0103 a dispozitivului.<\/p>\n<\/li>\n<li data-start=\"504\" data-end=\"615\">\n<p data-start=\"506\" data-end=\"615\"><strong data-start=\"506\" data-end=\"535\" data-is-only-node=\"\">Sistem de \u00eenc\u0103lzire cu bobin\u0103 din plas\u0103:<\/strong> Ofer\u0103 \u00eenc\u0103lzire uniform\u0103 pentru produc\u021bie stabil\u0103 de vapori \u0219i arom\u0103 clar\u0103 \u0219i precis\u0103.<\/p>\n<\/li>\n<li data-start=\"617\" data-end=\"737\">\n<p data-start=\"619\" data-end=\"737\"><strong data-start=\"619\" data-end=\"651\" data-is-only-node=\"\">Baterie re\u00eenc\u0103rcabil\u0103 de 850mAh:<\/strong> Ofer\u0103 energie fiabil\u0103 de la primul puf p\u00e2n\u0103 la ultimul, f\u0103r\u0103 sc\u0103deri de performan\u021b\u0103.<\/p>\n<\/li>\n<li data-start=\"739\" data-end=\"828\">\n<p data-start=\"741\" data-end=\"828\"><strong data-start=\"741\" data-end=\"766\" data-is-only-node=\"\">Port de \u00eenc\u0103rcare Type-C:<\/strong> Permite \u00eenc\u0103rcare rapid\u0103, convenabil\u0103 \u0219i compatibil\u0103 pe scar\u0103 larg\u0103.<\/p>\n<\/li>\n<li data-start=\"830\" data-end=\"942\">\n<p data-start=\"832\" data-end=\"942\"><strong data-start=\"832\" data-end=\"854\" data-is-only-node=\"\">45 de op\u021biuni de arom\u0103:<\/strong> Sus\u021bine rota\u021bia intens\u0103 a aromelor \u0219i achizi\u021bii repetate \u00een pie\u021bele cu am\u0103nuntul \u0219i en gros.<\/p>\n<\/li>\n<li data-start=\"944\" data-end=\"1050\">\n<p data-start=\"946\" data-end=\"1050\"><strong data-start=\"946\" data-end=\"976\" data-is-only-node=\"\">Design de corp \u00een stil cristal:<\/strong> Combin\u0103 estetic\u0103 premium cu durabilitate practic\u0103 pentru utilizare zilnic\u0103.<\/p>\n<\/li>\n<li data-start=\"1052\" data-end=\"1160\" data-is-last-node=\"\">\n<p data-start=\"1054\" data-end=\"1160\" data-is-last-node=\"\"><strong data-start=\"1054\" data-end=\"1095\" data-is-only-node=\"\">Ambalaj de carton en gros (200 buc.):<\/strong> Optimizat pentru distribu\u021bie \u0219i logistic\u0103 eficient\u0103 en gros \u00een UE.<\/p>\n<\/li>\n<\/ul>\n<\/div>\n<div>\n<figure id=\"attachment_4766\" aria-describedby=\"caption-attachment-4766\" style=\"width: 300px\" class=\"wp-caption alignnone\"><img decoding=\"async\" class=\"size-medium wp-image-4766\" src=\"https:\/\/vapestornado.com\/wp-content\/uploads\/2026\/01\/Al-Fakher-Crown-Bar-Crystal-8000-Disposable-Wholesale-Price-300x300.webp\" alt=\"Pre\u021b en gros pentru Al Fakher Crown Bar Crystal 8000 Disposable\" width=\"300\" height=\"300\" srcset=\"https:\/\/vapestornado.com\/wp-content\/uploads\/2026\/01\/Al-Fakher-Crown-Bar-Crystal-8000-Disposable-Wholesale-Price-300x300.webp 300w, https:\/\/vapestornado.com\/wp-content\/uploads\/2026\/01\/Al-Fakher-Crown-Bar-Crystal-8000-Disposable-Wholesale-Price-150x150.webp 150w, https:\/\/vapestornado.com\/wp-content\/uploads\/2026\/01\/Al-Fakher-Crown-Bar-Crystal-8000-Disposable-Wholesale-Price-768x768.webp 768w, https:\/\/vapestornado.com\/wp-content\/uploads\/2026\/01\/Al-Fakher-Crown-Bar-Crystal-8000-Disposable-Wholesale-Price-12x12.webp 12w, https:\/\/vapestornado.com\/wp-content\/uploads\/2026\/01\/Al-Fakher-Crown-Bar-Crystal-8000-Disposable-Wholesale-Price-600x600.webp 600w, https:\/\/vapestornado.com\/wp-content\/uploads\/2026\/01\/Al-Fakher-Crown-Bar-Crystal-8000-Disposable-Wholesale-Price-100x100.webp 100w, https:\/\/vapestornado.com\/wp-content\/uploads\/2026\/01\/Al-Fakher-Crown-Bar-Crystal-8000-Disposable-Wholesale-Price.webp 800w\" sizes=\"(max-width: 300px) 100vw, 300px\" \/><figcaption id=\"caption-attachment-4766\" class=\"wp-caption-text\">Pre\u021b en gros pentru Al Fakher Crown Bar Crystal 8000 Disposable<\/figcaption><\/figure>\n<\/div>\n<div>\n<figure id=\"attachment_4771\" aria-describedby=\"caption-attachment-4771\" style=\"width: 289px\" class=\"wp-caption alignnone\"><img decoding=\"async\" class=\"size-medium wp-image-4771\" src=\"https:\/\/vapestornado.com\/wp-content\/uploads\/2026\/01\/Al-Fakher-Crystal-8k-Disposable-Vapes-289x300.jpg\" alt=\"Vape de unic\u0103 folosin\u021b\u0103 Crystal 8k V2 de la Al Fakher\" width=\"289\" height=\"300\" srcset=\"https:\/\/vapestornado.com\/wp-content\/uploads\/2026\/01\/Al-Fakher-Crystal-8k-Disposable-Vapes-289x300.jpg 289w, https:\/\/vapestornado.com\/wp-content\/uploads\/2026\/01\/Al-Fakher-Crystal-8k-Disposable-Vapes-987x1024.jpg 987w, https:\/\/vapestornado.com\/wp-content\/uploads\/2026\/01\/Al-Fakher-Crystal-8k-Disposable-Vapes-768x797.jpg 768w, https:\/\/vapestornado.com\/wp-content\/uploads\/2026\/01\/Al-Fakher-Crystal-8k-Disposable-Vapes-12x12.jpg 12w, https:\/\/vapestornado.com\/wp-content\/uploads\/2026\/01\/Al-Fakher-Crystal-8k-Disposable-Vapes-600x623.jpg 600w, https:\/\/vapestornado.com\/wp-content\/uploads\/2026\/01\/Al-Fakher-Crystal-8k-Disposable-Vapes.jpg 1411w\" sizes=\"(max-width: 289px) 100vw, 289px\" \/><figcaption id=\"caption-attachment-4771\" class=\"wp-caption-text\">Vape de unic\u0103 folosin\u021b\u0103 Crystal 8k V2 de la Al Fakher<\/figcaption><\/figure>\n<\/div>\n<h2 class=\"product-title\"><strong>Lista de arome pentru Al Fakher CRYSTAL 8k V2Puff<\/strong><\/h2>\n<p>1 Afine Albastru<br \/>\n2 Ghea\u021b\u0103 de Afine<br \/>\n3 Ghea\u021b\u0103 de Coac\u0103ze Negre<br \/>\n4 Menta de Coac\u0103ze Negre<br \/>\n5 Explozie de Blue Razz<br \/>\n6 Limonad\u0103 Blue Razz<br \/>\n7 Cire\u0219e cu Afine<br \/>\n8 Gum\u0103 de Afine<br \/>\n9 Limonad\u0103 cu Afine<br \/>\n10 Menta cu Afine<br \/>\n11 Zmeur\u0103 cu Afine<br \/>\n12 Zmeur\u0103 Acr\u0103 cu Afine<br \/>\n13 Fiesta de Cire\u0219e<br \/>\n14 Fizz de Cire\u0219e<br \/>\n15 Ghea\u021b\u0103 de Cire\u0219e<br \/>\n16 Mango R\u0103coros<br \/>\n17 Fusion Pop<br \/>\n18 Strugure<br \/>\n19 Fruct de p\u0103dure cu strugure<br \/>\n20 Ment\u0103 cu strugure<br \/>\n21 Gum\u0103 Ment\u0103<br \/>\n22 Hubba<br \/>\n23 Ghea\u021b\u0103 Albastr\u0103<br \/>\n24 L\u0103m\u00e2ie Lime<br \/>\n25 Fizz de l\u0103m\u00e2ie lime cu cire\u0219e<br \/>\n26 L\u0103m\u00e2ie Ment\u0103<br \/>\n27 Ghea\u021b\u0103 Lush<br \/>\n28 Dragoste Magic\u0103<br \/>\n29 Mango Ananas<br \/>\n30 Mentol<br \/>\n31 Ment\u0103<br \/>\n32 Fructe de p\u0103dure mixte<br \/>\n33 Portocal\u0103 Ment\u0103<br \/>\n34 Piure de piersici cu ghea\u021b\u0103<br \/>\n35 Ghea\u021b\u0103 de ananas<br \/>\n36 Vis Spa\u021bial<br \/>\n37 Spearmint<br \/>\n38 Cire\u0219e de c\u0103p\u0219uni<br \/>\n39 Punch de c\u0103p\u0219uni<br \/>\n40 Vis de var\u0103<br \/>\n41 Dou\u0103 mere<br \/>\n42 Cire\u0219e de pepene galben<br \/>\n43 Kiwi de pepene galben<br \/>\n44 Lime de pepene galben<br \/>\n45 Ananas de pepene galben<\/p>\n<div class=\"flex-shrink-0 flex flex-col relative items-end\">\n<div class=\"pt-0\">\n<div class=\"gizmo-bot-avatar flex h-8 w-8 items-center justify-center overflow-hidden rounded-full\">\n<div class=\"relative p-1 rounded-sm flex items-center justify-center bg-token-main-surface-primary text-token-text-primary h-8 w-8\">\n<h2 data-start=\"1200\" data-end=\"1487\">Vapes Tornado \u2013 Magazin online en gros pentru vaporizatoare populare<\/h2>\n<p data-start=\"72\" data-end=\"396\"><strong data-start=\"72\" data-end=\"89\">Vape Tornado<\/strong> este un magazin online en gros axat pe Europa, furniz\u00e2nd o gam\u0103 atent selectat\u0103 de <strong data-start=\"178\" data-end=\"195\">vaporizatoare populare<\/strong> pentru cump\u0103r\u0103tori profesioni\u0219ti. Lucr\u0103m cu comercian\u021bi cu am\u0103nuntul, distribuitori \u0219i magazine online din \u00eentreaga UE care au nevoie de aprovizionare stabil\u0103, informa\u021bii clare despre produse \u0219i m\u0103rci pe care clien\u021bii le recunosc \u0219i le au \u00eencredere.<\/p>\n<p data-start=\"398\" data-end=\"687\">Lucr\u0103m cu nume de \u00eencredere precum <strong data-start=\"307\" data-end=\"362\"><a href=\"https:\/\/vapestornado.com\/ro\/product\/randm-12000-puffs-fumot-digital-disposable-vape-wholesale-price\/\">Fumot VAPE<\/a>, <a href=\"https:\/\/vapestornado.com\/ro\/product\/original-wga-ultra-35k-35000-puff-rechargeable-crystal-disposable-nicotine-vape-best-discount-price\/\">WGA VAPE<\/a>, <\/strong><strong data-start=\"307\" data-end=\"362\"><a href=\"https:\/\/vapestornado.com\/ro\/product\/vozol-gear-shisha-25k-25000-puffs-best-dtl-disposable-vape-hookah-cheap-price\/\">VOZOL BAR VAPE<\/a>,<\/strong><strong data-start=\"247\" data-end=\"352\">\u00a0Elf Bar Vape, WASPE Vape, <a href=\"https:\/\/vapestornado.com\/ro\/product\/uzy-150k-puffs-6-in-1-flavor-switch-disposable-vape-pen-wholesale\/\">Vape UZY<\/a>, Bang Vape, Razz Bar Vape, \u0219i Stag Bar Vape<\/strong>, ale\u0219i pentru calitatea constant\u0103 \u0219i cererea puternic\u0103 pe pia\u021ba european\u0103.<\/p>\n<h4 data-start=\"1080\" data-end=\"1120\">Conceput pentru cump\u0103r\u0103torii en gros din Europa<\/h4>\n<p data-start=\"1121\" data-end=\"1189\">Vapes Tornado este structurat \u00een jurul nevoilor reale ale en gros-urilor din UE:<\/p>\n<ul data-start=\"1190\" data-end=\"1400\">\n<li data-start=\"1190\" data-end=\"1239\">\n<p data-start=\"1192\" data-end=\"1239\">Pre\u021buri competitive en gros pentru comenzi \u00een vrac<\/p>\n<\/li>\n<li data-start=\"1240\" data-end=\"1289\">\n<p data-start=\"1242\" data-end=\"1289\">Descrieri clare ale produselor \u0219i specifica\u021bii<\/p>\n<\/li>\n<li data-start=\"1290\" data-end=\"1330\">\n<p data-start=\"1292\" data-end=\"1330\">Logistic\u0103 rapid\u0103 \u0219i fiabil\u0103, orientat\u0103 spre UE<\/p>\n<\/li>\n<li data-start=\"1331\" data-end=\"1400\">\n<p data-start=\"1333\" data-end=\"1400\">Un catalog axat pe <strong data-start=\"1356\" data-end=\"1373\">vaporizatoare populare<\/strong>, nu pe SKU-uri supra-saturate<\/p>\n<\/li>\n<\/ul>\n<h2 data-start=\"2064\" data-end=\"2115\">\u00centreb\u0103ri frecvente despre vape-ul de unic\u0103 folosin\u021b\u0103 Al Fakher CRYSTAL 8000 V2<\/h2>\n<p data-start=\"3467\" data-end=\"3658\"><strong data-start=\"3467\" data-end=\"3546\">1. Ce face ca Al Fakher CRYSTAL 8K V2 s\u0103 fie diferit de alte dispozitive de unic\u0103 folosin\u021b\u0103?<\/strong><br data-start=\"3546\" data-end=\"3549\" \/>Se concentreaz\u0103 pe stabilitatea aromei, puterea sc\u0103zut\u0103 a nicotinei \u0219i modul dual de vapare, mai degrab\u0103 dec\u00e2t pe num\u0103rul extrem de mare de pufuri.<\/p>\n<p data-start=\"3660\" data-end=\"3780\"><strong data-start=\"3660\" data-end=\"3721\">2. Este Al Fakher Crown Bar Crystal 8K V2 re\u00eenc\u0103rcabil?<\/strong><br data-start=\"3721\" data-end=\"3724\" \/>Da, are o baterie de 850mAh cu \u00eenc\u0103rcare Type-C.<\/p>\n<p data-start=\"3782\" data-end=\"3917\"><strong data-start=\"3782\" data-end=\"3825\">3. Pentru cine este cel mai potrivit acest produs?<\/strong><br data-start=\"3825\" data-end=\"3828\" \/>Utilizatorilor care doresc o arom\u0103 lin\u0103, o absorb\u021bie mai mic\u0103 de nicotin\u0103 \u0219i performan\u021b\u0103 constant\u0103 zilnic.<\/p>\n<p data-start=\"3919\" data-end=\"4102\"><strong data-start=\"3919\" data-end=\"3989\">4. Cum se compar\u0103 cu dispozitivele cu un num\u0103r mare de pufuri, precum Airmez Fox 80000?<\/strong><br data-start=\"3989\" data-end=\"3992\" \/>Crystal 8K V2 prioritizeaz\u0103 controlul \u0219i acurate\u021bea aromei, \u00een timp ce modelele cu multe pufuri se concentreaz\u0103 pe durat\u0103 de via\u021b\u0103 extins\u0103.<\/p>\n<p data-start=\"4104\" data-end=\"4265\"><strong data-start=\"4104\" data-end=\"4166\">5. Este acest produs potrivit pentru distribu\u021bie en gros \u00een Rom\u00e2nia?<\/strong><br data-start=\"4166\" data-end=\"4169\" \/>Da, este ambalat \u00een cutii en gros \u0219i este popular pentru <strong data-start=\"4219\" data-end=\"4257\">Vape-uri de Unic\u0103 Folosin\u021b\u0103 en gros Rom\u00e2nia<\/strong> aprovizionare.<\/p>\n<\/div>\n<\/div>\n<\/div>\n<\/div>","protected":false},"excerpt":{"rendered":"<p data-start=\"1873\" data-end=\"1964\"><strong data-start=\"1873\" data-end=\"1964\">Al Fakher Crown Bar Crystal 8K V2 \u2013 Vape de unic\u0103 folosin\u021b\u0103 cu performan\u021b\u0103 stabil\u0103 pentru en-gros \u00een UE<\/strong><\/p>\n<p data-start=\"1968\" data-end=\"2039\"><strong data-start=\"1968\" data-end=\"2039\">Al Fakher CRYSTAL 8K V2 cu mod dual de vapare \u0219i ie\u0219ire sc\u0103zut\u0103 de nicotin\u0103<\/strong><\/p>\n<p data-start=\"2043\" data-end=\"2136\"><strong data-start=\"2043\" data-end=\"2136\">Crystal 8K V2 de la Al Fakher \u2013 Vape de unic\u0103 folosin\u021b\u0103 fiabil\u0103 cu 8000 de pufuri la pre\u021b competitiv en-gros<\/strong><\/p>\n<p><strong>Ad\u0103uga\u021bi-o pe Amy pe WhatsApp pentru a ob\u021bine un r\u0103spuns corect \u0219i un pre\u021b redus!<\/strong><\/p>\n<p><img fetchpriority=\"high\" decoding=\"async\" class=\"size-full wp-image-2932\" src=\"https:\/\/vapestornado.com\/wp-content\/uploads\/2024\/12\/Vape-Wholesale.jpg\" alt=\"\u021aig\u0103ri electronice cu ridicata\" width=\"229\" height=\"300\" \/><\/p>\n<h3><a href=\"https:\/\/wa.me\/8617776015835\"><span style=\"color: #ff0000;\"><strong>WhatsApp: +86 17776015835<\/strong><\/span><\/a><\/h3>","protected":false},"featured_media":4770,"comment_status":"open","ping_status":"closed","template":"","meta":{"_acf_changed":false,"_uag_custom_page_level_css":"","_lmt_disableupdate":"no","_lmt_disable":"","_monsterinsights_skip_tracking":false,"_monsterinsights_sitenote_active":false,"_monsterinsights_sitenote_note":"","_monsterinsights_sitenote_category":0,"site-sidebar-layout":"default","site-content-layout":"","ast-site-content-layout":"default","site-content-style":"default","site-sidebar-style":"default","ast-global-header-display":"","ast-banner-title-visibility":"","ast-main-header-display":"","ast-hfb-above-header-display":"","ast-hfb-below-header-display":"","ast-hfb-mobile-header-display":"","site-post-title":"","ast-breadcrumbs-content":"","ast-featured-img":"","footer-sml-layout":"","ast-disable-related-posts":"","theme-transparent-header-meta":"default","adv-header-id-meta":"","stick-header-meta":"","header-above-stick-meta":"","header-main-stick-meta":"","header-below-stick-meta":"","astra-migrate-meta-layouts":"set","ast-page-background-enabled":"default","ast-page-background-meta":{"desktop":{"background-color":"","background-image":"","background-repeat":"repeat","background-position":"center center","background-size":"auto","background-attachment":"scroll","background-type":"","background-media":"","overlay-type":"","overlay-color":"","overlay-opacity":"","overlay-gradient":""},"tablet":{"background-color":"","background-image":"","background-repeat":"repeat","background-position":"center center","background-size":"auto","background-attachment":"scroll","background-type":"","background-media":"","overlay-type":"","overlay-color":"","overlay-opacity":"","overlay-gradient":""},"mobile":{"background-color":"","background-image":"","background-repeat":"repeat","background-position":"center center","background-size":"auto","background-attachment":"scroll","background-type":"","background-media":"","overlay-type":"","overlay-color":"","overlay-opacity":"","overlay-gradient":""}},"ast-content-background-meta":{"desktop":{"background-color":"var(--ast-global-color-5)","background-image":"","background-repeat":"repeat","background-position":"center center","background-size":"auto","background-attachment":"scroll","background-type":"","background-media":"","overlay-type":"","overlay-color":"","overlay-opacity":"","overlay-gradient":""},"tablet":{"background-color":"var(--ast-global-color-5)","background-image":"","background-repeat":"repeat","background-position":"center center","background-size":"auto","background-attachment":"scroll","background-type":"","background-media":"","overlay-type":"","overlay-color":"","overlay-opacity":"","overlay-gradient":""},"mobile":{"background-color":"var(--ast-global-color-5)","background-image":"","background-repeat":"repeat","background-position":"center center","background-size":"auto","background-attachment":"scroll","background-type":"","background-media":"","overlay-type":"","overlay-color":"","overlay-opacity":"","overlay-gradient":""}},"_joinchat":[]},"product_brand":[],"product_cat":[140,149,156,158,141,142,146,147],"product_tag":[529,530,528,355,287,513,512],"class_list":{"0":"post-4772","1":"product","2":"type-product","3":"status-publish","4":"has-post-thumbnail","6":"product_cat-big-puffs-disposable-vapes","7":"product_cat-buy-disposable-vapes-in-austria","8":"product_cat-buy-disposable-vapes-in-poland","9":"product_cat-buy-disposable-vapes-in-spain","10":"product_cat-crystal-disposable-vapes","11":"product_cat-digital-box-disposable-vapes","12":"product_cat-rechargeable-disposable-vapes","13":"product_cat-shisha-hookah-disposable-vapes","14":"product_tag-al-fakher-8k-v2","15":"product_tag-al-fakher-crystal-8000-v2","16":"product_tag-al-fakher-crystal-8k-v2","17":"product_tag-big-puff-vape","18":"product_tag-disposable-vape-pen","19":"product_tag-vape-discount-price","20":"product_tag-vape-wholesale-distributor","21":"desktop-align-left","22":"tablet-align-left","23":"mobile-align-left","25":"first","26":"instock","27":"sale","28":"shipping-taxable","29":"purchasable","30":"product-type-simple"},"acf":[],"uagb_featured_image_src":{"full":["https:\/\/vapestornado.com\/wp-content\/uploads\/2026\/01\/Al-Fakher-Disposable-Vapes-Best-Price.webp",800,800,false],"thumbnail":["https:\/\/vapestornado.com\/wp-content\/uploads\/2026\/01\/Al-Fakher-Disposable-Vapes-Best-Price-150x150.webp",150,150,true],"medium":["https:\/\/vapestornado.com\/wp-content\/uploads\/2026\/01\/Al-Fakher-Disposable-Vapes-Best-Price-300x300.webp",300,300,true],"medium_large":["https:\/\/vapestornado.com\/wp-content\/uploads\/2026\/01\/Al-Fakher-Disposable-Vapes-Best-Price-768x768.webp",768,768,true],"large":["https:\/\/vapestornado.com\/wp-content\/uploads\/2026\/01\/Al-Fakher-Disposable-Vapes-Best-Price.webp",800,800,false],"1536x1536":["https:\/\/vapestornado.com\/wp-content\/uploads\/2026\/01\/Al-Fakher-Disposable-Vapes-Best-Price.webp",800,800,false],"2048x2048":["https:\/\/vapestornado.com\/wp-content\/uploads\/2026\/01\/Al-Fakher-Disposable-Vapes-Best-Price.webp",800,800,false],"trp-custom-language-flag":["https:\/\/vapestornado.com\/wp-content\/uploads\/2026\/01\/Al-Fakher-Disposable-Vapes-Best-Price-12x12.webp",12,12,true],"woocommerce_thumbnail":["https:\/\/vapestornado.com\/wp-content\/uploads\/2026\/01\/Al-Fakher-Disposable-Vapes-Best-Price-300x300.webp",300,300,true],"woocommerce_single":["https:\/\/vapestornado.com\/wp-content\/uploads\/2026\/01\/Al-Fakher-Disposable-Vapes-Best-Price-600x600.webp",600,600,true],"woocommerce_gallery_thumbnail":["https:\/\/vapestornado.com\/wp-content\/uploads\/2026\/01\/Al-Fakher-Disposable-Vapes-Best-Price-100x100.webp",100,100,true]},"uagb_author_info":{"display_name":"ESAMY","author_link":"https:\/\/vapestornado.com\/ro\/author\/"},"uagb_comment_info":0,"uagb_excerpt":"Al Fakher Crown Bar Crystal 8K V2 \u2013 Stable Performance Disposable Vape for EU Wholesale Al Fakher CRYSTAL 8K V2 with Dual Vaping Mode &amp; Low Nicotine Output Crystal 8K V2 by Al Fakher \u2013 Reliable 8000 Puff Disposable at Competitive Wholesale Price Add Amy's whatsapp to get right reply and discount price! WhatsApp: +86&hellip;","_links":{"self":[{"href":"https:\/\/vapestornado.com\/ro\/wp-json\/wp\/v2\/product\/4772","targetHints":{"allow":["GET"]}}],"collection":[{"href":"https:\/\/vapestornado.com\/ro\/wp-json\/wp\/v2\/product"}],"about":[{"href":"https:\/\/vapestornado.com\/ro\/wp-json\/wp\/v2\/types\/product"}],"replies":[{"embeddable":true,"href":"https:\/\/vapestornado.com\/ro\/wp-json\/wp\/v2\/comments?post=4772"}],"wp:featuredmedia":[{"embeddable":true,"href":"https:\/\/vapestornado.com\/ro\/wp-json\/wp\/v2\/media\/4770"}],"wp:attachment":[{"href":"https:\/\/vapestornado.com\/ro\/wp-json\/wp\/v2\/media?parent=4772"}],"wp:term":[{"taxonomy":"product_brand","embeddable":true,"href":"https:\/\/vapestornado.com\/ro\/wp-json\/wp\/v2\/product_brand?post=4772"},{"taxonomy":"product_cat","embeddable":true,"href":"https:\/\/vapestornado.com\/ro\/wp-json\/wp\/v2\/product_cat?post=4772"},{"taxonomy":"product_tag","embeddable":true,"href":"https:\/\/vapestornado.com\/ro\/wp-json\/wp\/v2\/product_tag?post=4772"}],"curies":[{"name":"wp","href":"https:\/\/api.w.org\/{rel}","templated":true}]}}