{"id":4716,"date":"2025-12-24T03:47:14","date_gmt":"2025-12-24T03:47:14","guid":{"rendered":"https:\/\/vapestornado.com\/?post_type=product&#038;p=4716"},"modified":"2025-12-24T06:53:12","modified_gmt":"2025-12-24T06:53:12","slug":"fihp-90k-puffs-90000-3-in-1-triple-flavors-crystal-vape-shop-wholesale-disposable-e-cigarette","status":"publish","type":"product","link":"https:\/\/vapestornado.com\/ro\/product\/fihp-90k-puffs-90000-3-in-1-triple-flavors-crystal-vape-shop-wholesale-disposable-e-cigarette\/","title":{"rendered":"FIHP 90K Pufuri 90000 3 \u00een 1 Triple Flavors Crystal Vape Magazin en gros \u021bigar\u0103 electronic\u0103 de unic\u0103 folosin\u021b\u0103"},"content":{"rendered":"<h2 data-pm-slice=\"1 1 []\">FIHP 90K Pufuri 90000 3 \u00een 1 Arome Triple \u021aigar\u0103 Electronic\u0103 de Unic\u0103 Folosin\u021b\u0103 Cristal, V\u00e2nzare cu Ridicata<\/h2>\n<p data-start=\"90\" data-end=\"562\">Sistemul <strong data-start=\"94\" data-end=\"112\">FIHP 90K Puffs<\/strong> este construit pentru adul\u021bii care doresc un dispozitiv de lung\u0103 durat\u0103, care s\u0103 r\u0103m\u00e2n\u0103 interesant. Specifica\u021bia principal\u0103 este evident\u0103 -<strong data-start=\"213\" data-end=\"229\">90.000 de pufuri<\/strong>\u2014dar ceea ce \u00eel face utilizabil zi dup\u0103 zi este combina\u021bia dintre un <strong data-start=\"293\" data-end=\"324\">sistem de arome triple 3 \u00een 1<\/strong>, un <strong data-start=\"328\" data-end=\"344\">ecran inteligent<\/strong>\u0219i hardware-ul rezisten\u021bei conceput pentru o produc\u021bie stabil\u0103 de arom\u0103. Acesta este tipul de <strong data-start=\"420\" data-end=\"446\">\u021aigar\u0103 Electronic\u0103 de Unic\u0103 Folosin\u021b\u0103<\/strong> care se potrive\u0219te at\u00e2t uzului personal, c\u00e2t \u0219i aprovizion\u0103rii magazinelor de vape cu ridicata, deoarece este u\u0219or de explicat \u0219i u\u0219or de avut \u00eencredere \u00een m\u00e2n\u0103.<\/p>\n<p data-start=\"564\" data-end=\"847\">Corpul transparent \u201ede cristal\u201d nu este doar pentru stil; de asemenea, face ca produsul s\u0103 se simt\u0103 modern \u0219i simplu - ceea ce vezi este ceea ce prime\u0219ti. Pentru mul\u021bi cump\u0103r\u0103tori din Europa, acest lucru conteaz\u0103: un aspect curat, feedback clar de pe ecran \u0219i niciun mister cu privire la faptul dac\u0103 dispozitivul este pe cale s\u0103 se descarce.<\/p>\n<p data-start=\"876\" data-end=\"1116\">Dispozitivele de unic\u0103 folosin\u021b\u0103 de mare capacitate e\u0219ueaz\u0103 adesea \u00een moduri previzibile: aroma devine fad\u0103, produc\u021bia devine inconsistent\u0103 sau utilizatorii nu \u00ee\u0219i pot da seama dac\u0103 dispozitivul este gol sau pur \u0219i simplu trebuie \u00eenc\u0103rcat. FIHP 90000 pufuri abordeaz\u0103 aceste puncte slabe cu alegeri practice de hardware.<\/p>\n<p data-start=\"1118\" data-end=\"1588\">Sistemul <strong data-start=\"1122\" data-end=\"1138\">ecran inteligent<\/strong> afi\u0219eaz\u0103 <strong data-start=\"1145\" data-end=\"1181\">nivelul bateriei \u0219i nivelul e-lichidului<\/strong>, astfel \u00eenc\u00e2t nu trebuie s\u0103 ghici\u021bi. Acest lucru reduce frustrarea \u0219i reduce momentele de genul \u201ea \u00eencetat s\u0103 func\u021bioneze\u201d, care sunt de fapt doar putere sc\u0103zut\u0103. Cele <strong data-start=\"1318\" data-end=\"1342\">Rezisten\u021be dual mesh de 0.9\u03a9<\/strong> sunt proiectate cu o suprafa\u021b\u0103 de \u00eenc\u0103lzire mai mare, ceea ce ajut\u0103 la men\u021binerea constant\u0103 a produc\u021biei de vapori \u0219i a aromei mai curate pe o utilizare \u00eendelungat\u0103. Ad\u0103uga\u021bi <strong data-start=\"1469\" data-end=\"1488\">\u00eenc\u0103rcare de tip C<\/strong> si <strong data-start=\"1493\" data-end=\"1511\">baterie de 650 mAh<\/strong>, iar dispozitivul se potrive\u0219te rutinelor zilnice reale - \u00eenc\u0103rca\u021bi rapid, utiliza\u021bi mai mult, repeta\u021bi.<\/p>\n<h3 data-start=\"1590\" data-end=\"1635\">De ce s\u0103 cump\u0103ra\u021bi stiloul vape de unic\u0103 folosin\u021b\u0103 FIHP 90K 90000 Pufuri<\/h3>\n<ul data-start=\"1636\" data-end=\"2259\">\n<li data-start=\"1636\" data-end=\"1764\">\n<p data-start=\"1638\" data-end=\"1764\"><strong data-start=\"1638\" data-end=\"1665\">Ciclu lung de \u00eenlocuire:<\/strong> the <strong data-start=\"1670\" data-end=\"1679\">90000<\/strong> designul puff reduce frecven\u021ba necesarului de a \u00eenlocui dispozitivul, \u00een special pentru utilizatorii obi\u0219nui\u021bi.<\/p>\n<\/li>\n<li data-start=\"1765\" data-end=\"1936\">\n<p data-start=\"1767\" data-end=\"1936\"><strong data-start=\"1767\" data-end=\"1801\">Varietate f\u0103r\u0103 dispozitive suplimentare:<\/strong> the <strong data-start=\"1806\" data-end=\"1824\">3 arome \u00eentr-un singur<\/strong> sistem este practic\u2014schimbarea profilurilor ajut\u0103 la evitarea oboselii de arom\u0103, comun\u0103 cu vape-urile de mare capacitate.<\/p>\n<\/li>\n<li data-start=\"1937\" data-end=\"2094\">\n<p data-start=\"1939\" data-end=\"2094\"><strong data-start=\"1939\" data-end=\"1968\">Stare clar\u0103 dintr-o privire:<\/strong> ecranul face dispozitivul mai previzibil, \u00een special pentru persoanele care vapeaz\u0103 pe tot parcursul zilei \u0219i nu doresc surprize.<\/p>\n<\/li>\n<li data-start=\"2095\" data-end=\"2259\">\n<p data-start=\"2097\" data-end=\"2259\"><strong data-start=\"2097\" data-end=\"2120\">Prietenos cu v\u00e2nzarea en gros:<\/strong> pentru o prezentare de tip magazin de vape-uri cu stil cristal, produsul arat\u0103 premium, p\u0103str\u00e2ndu-\u0219i simplitatea: 90K + triple arome + ecran + Type-C.<\/p>\n<\/li>\n<\/ul>\n<p><strong><span style=\"color: #ff0000;\">Adaug\u0103 whatsapp-ul lui Amy pentru a primi r\u0103spuns imediat \u0219i un cupon de vape!<\/span><\/strong><\/p>\n<p><img fetchpriority=\"high\" decoding=\"async\" class=\"size-full wp-image-2932\" src=\"https:\/\/vapestornado.com\/wp-content\/uploads\/2024\/12\/Vape-Wholesale.jpg\" alt=\"\u021aig\u0103ri electronice cu ridicata\" width=\"229\" height=\"300\" \/><\/p>\n<h3><a href=\"https:\/\/wa.me\/8617776015835\" target=\"_blank\" rel=\"noopener\"><span style=\"color: #ff0000;\"><strong>WhatsApp: +86 17776015835<\/strong><\/span><\/a><\/h3>\n<figure id=\"attachment_4711\" aria-describedby=\"caption-attachment-4711\" style=\"width: 300px\" class=\"wp-caption alignnone\"><img decoding=\"async\" class=\"size-medium wp-image-4711\" src=\"https:\/\/vapestornado.com\/wp-content\/uploads\/2025\/12\/FIHP-90K-90000-Puff-Bar-Disposables-Triple-Flavors-300x300.webp\" alt=\"FIHP 90K 90000 Pufuri Bar de Pufuri Dispozitive de unic\u0103 folosin\u021b\u0103 Tripla Arome\" width=\"300\" height=\"300\" srcset=\"https:\/\/vapestornado.com\/wp-content\/uploads\/2025\/12\/FIHP-90K-90000-Puff-Bar-Disposables-Triple-Flavors-300x300.webp 300w, https:\/\/vapestornado.com\/wp-content\/uploads\/2025\/12\/FIHP-90K-90000-Puff-Bar-Disposables-Triple-Flavors-150x150.webp 150w, https:\/\/vapestornado.com\/wp-content\/uploads\/2025\/12\/FIHP-90K-90000-Puff-Bar-Disposables-Triple-Flavors-768x768.webp 768w, https:\/\/vapestornado.com\/wp-content\/uploads\/2025\/12\/FIHP-90K-90000-Puff-Bar-Disposables-Triple-Flavors-12x12.webp 12w, https:\/\/vapestornado.com\/wp-content\/uploads\/2025\/12\/FIHP-90K-90000-Puff-Bar-Disposables-Triple-Flavors-600x600.webp 600w, https:\/\/vapestornado.com\/wp-content\/uploads\/2025\/12\/FIHP-90K-90000-Puff-Bar-Disposables-Triple-Flavors-100x100.webp 100w, https:\/\/vapestornado.com\/wp-content\/uploads\/2025\/12\/FIHP-90K-90000-Puff-Bar-Disposables-Triple-Flavors.webp 800w\" sizes=\"(max-width: 300px) 100vw, 300px\" \/><figcaption id=\"caption-attachment-4711\" class=\"wp-caption-text\">FIHP 90K 90000 Pufuri Bar Dispozitive de unic\u0103 folosin\u021b\u0103 Triple Arome<\/figcaption><\/figure>\n<p>&nbsp;<\/p>\n<h2><strong>FIHP 90K Pufuri Caracteristici ale produsului<\/strong><\/h2>\n<table>\n<thead>\n<tr>\n<th>Caracteristic\u0103<\/th>\n<th>Specifica\u021bii<\/th>\n<th>Ce \u00eenseamn\u0103 \u00een utilizare real\u0103<\/th>\n<\/tr>\n<\/thead>\n<tbody>\n<tr>\n<td>Capacitate Pufuri<\/td>\n<td>P\u00e2n\u0103 la 90.000 de pufuri<\/td>\n<td>Proiectat pentru utilizare prelungit\u0103; num\u0103rul real de pufuri depinde de lungimea inhal\u0103rii \u0219i obiceiurile de utilizare.<\/td>\n<\/tr>\n<tr>\n<td>Sistem de arome<\/td>\n<td>Triple arome 3 \u00een 1<\/td>\n<td>Schimb\u0103 \u00eentre trei arome \u00eentr-un singur dispozitiv pentru a reduce oboseala de arom\u0103 pe termen lung.<\/td>\n<\/tr>\n<tr>\n<td>Tip de bobin\u0103<\/td>\n<td>Rezisten\u021be Dual Mesh de 0.9\u03a9<\/td>\n<td>Suprafa\u021ba mai mare de \u00eenc\u0103lzire sus\u021bine vapori mai stabili \u0219i o livrare mai curat\u0103 a aromei \u00een timpul sesiunilor prelungite.<\/td>\n<\/tr>\n<tr>\n<td>Baterie<\/td>\n<td>650mAh re\u00eenc\u0103rcabil<\/td>\n<td>Conceput pentru utilizare zilnic\u0103; re\u00eencarc\u0103-l c\u00e2nd este nevoie, \u00een loc s\u0103-l arunci prematur.<\/td>\n<\/tr>\n<tr>\n<td>\u00cenc\u0103rcare<\/td>\n<td>Type-C (aproximativ 30 de minute men\u021bionat)<\/td>\n<td>\u00cenc\u0103rcare mai rapid\u0103 \u0219i mai convenabil\u0103 comparativ cu porturile mai vechi; timpul de \u00eenc\u0103rcare variaz\u0103 \u00een func\u021bie de \u00eenc\u0103rc\u0103tor \u0219i condi\u021bii.<\/td>\n<\/tr>\n<tr>\n<td>Afi\u0219aj<\/td>\n<td>Ecran inteligent (baterie + e-lichid)<\/td>\n<td>Reduce ghicitul prin afi\u0219area st\u0103rii dispozitivului dintr-o privire.<\/td>\n<\/tr>\n<tr>\n<td>Op\u021biuni de nicotin\u0103<\/td>\n<td>2% \/ 5%<\/td>\n<td>Dou\u0103 intensit\u0103\u021bi pentru preferin\u021be diferite ale adul\u021bilor (disponibilitatea pe pia\u021b\u0103 poate varia).<\/td>\n<\/tr>\n<tr>\n<td>Design<\/td>\n<td>Corp transparent \u00een stil cristal<\/td>\n<td>Aspect modern potrivit pentru afi\u0219ajul \u00een magazine \u0219i prezentarea u\u0219oar\u0103 a produsului.<\/td>\n<\/tr>\n<\/tbody>\n<\/table>\n<h2 class=\"product-title\"><strong>FIHP 90K Pufuri List\u0103 de arome Puff Puff<\/strong><\/h2>\n<h2 data-start=\"4164\" data-end=\"4193\"><\/h2>\n<ol data-start=\"4195\" data-end=\"4730\">\n<li data-start=\"4195\" data-end=\"4239\">\n<p data-start=\"4198\" data-end=\"4239\">Cire\u0219e efervescente &amp; Lady Killer &amp; Ursule\u021b de gum\u0103<\/p>\n<\/li>\n<li data-start=\"4240\" data-end=\"4287\">\n<p data-start=\"4243\" data-end=\"4287\">Afine zmeur\u0103 &amp; Love 666 &amp; Piersic\u0103 cu ghea\u021b\u0103<\/p>\n<\/li>\n<li data-start=\"4288\" data-end=\"4343\">\n<p data-start=\"4291\" data-end=\"4343\">Zmeur\u0103 pepene verde &amp; Fructe mixte &amp; Mango piersic\u0103<\/p>\n<\/li>\n<li data-start=\"4344\" data-end=\"4406\">\n<p data-start=\"4347\" data-end=\"4406\">Limonad\u0103 Blue Razz &amp; C\u0103p\u0219uni zmeur\u0103 &amp; Dulce de curcubeu<\/p>\n<\/li>\n<li data-start=\"4407\" data-end=\"4463\">\n<p data-start=\"4410\" data-end=\"4463\">Gum\u0103 de mestecat pepene verde &amp; Ghea\u021b\u0103 struguri &amp; Ghea\u021b\u0103 Dragon Negru<\/p>\n<\/li>\n<li data-start=\"4464\" data-end=\"4514\">\n<p data-start=\"4467\" data-end=\"4514\">Ananas cocos &amp; Fructe mixte &amp; L\u0103m\u00e2ie piersic\u0103<\/p>\n<\/li>\n<li data-start=\"4515\" data-end=\"4575\">\n<p data-start=\"4518\" data-end=\"4575\">Mere duble &amp; C\u0103p\u0219uni banane &amp; Zmeur\u0103 pepene verde<\/p>\n<\/li>\n<li data-start=\"4576\" data-end=\"4624\">\n<p data-start=\"4579\" data-end=\"4624\">Ghea\u021b\u0103 pepene verde &amp; Red Bull &amp; Kiwi c\u0103p\u0219uni<\/p>\n<\/li>\n<li data-start=\"4625\" data-end=\"4680\">\n<p data-start=\"4628\" data-end=\"4680\">Ghea\u021b\u0103 afine &amp; C\u0103p\u0219uni pepene verde &amp; L\u0103m\u00e2ie lime<\/p>\n<\/li>\n<li data-start=\"4681\" data-end=\"4730\">\n<p data-start=\"4685\" data-end=\"4730\">Piersic\u0103 fructe de p\u0103dure &amp; Triplu pepene &amp; Ghea\u021b\u0103 pepene verde<\/p>\n<\/li>\n<\/ol>\n<div class=\"flex-shrink-0 flex flex-col relative items-end\">\n<div class=\"pt-0\">\n<div class=\"gizmo-bot-avatar flex h-8 w-8 items-center justify-center overflow-hidden rounded-full\">\n<div class=\"relative p-1 rounded-sm flex items-center justify-center bg-token-main-surface-primary text-token-text-primary h-8 w-8\">\n<h2 data-start=\"1200\" data-end=\"1487\">Vapes Tornado \u2013 Magazin online en gros pentru vaporizatoare populare<\/h2>\n<p data-start=\"72\" data-end=\"396\"><strong data-start=\"72\" data-end=\"89\">Vape Tornado<\/strong> este un magazin online en gros axat pe Europa, furniz\u00e2nd o gam\u0103 atent selectat\u0103 de <strong data-start=\"178\" data-end=\"195\">vaporizatoare populare<\/strong> pentru cump\u0103r\u0103tori profesioni\u0219ti. Lucr\u0103m cu comercian\u021bi cu am\u0103nuntul, distribuitori \u0219i magazine online din \u00eentreaga UE care au nevoie de aprovizionare stabil\u0103, informa\u021bii clare despre produse \u0219i m\u0103rci pe care clien\u021bii le recunosc \u0219i le au \u00eencredere.<\/p>\n<p data-start=\"398\" data-end=\"687\">Lucr\u0103m cu nume de \u00eencredere precum <strong data-start=\"307\" data-end=\"362\"><a href=\"https:\/\/vapestornado.com\/ro\/product\/randm-12000-puffs-fumot-digital-disposable-vape-wholesale-price\/\">Fumot VAPE<\/a>, <a href=\"https:\/\/vapestornado.com\/ro\/product\/original-wga-ultra-35k-35000-puff-rechargeable-crystal-disposable-nicotine-vape-best-discount-price\/\">WGA VAPE<\/a>, <\/strong><strong data-start=\"307\" data-end=\"362\"><a href=\"https:\/\/vapestornado.com\/ro\/product\/vozol-gear-shisha-25k-25000-puffs-best-dtl-disposable-vape-hookah-cheap-price\/\">VOZOL BAR VAPE<\/a>,<\/strong><strong data-start=\"247\" data-end=\"352\">\u00a0Elf Bar Vape, WASPE Vape, <a href=\"https:\/\/vapestornado.com\/ro\/product\/uzy-150k-puffs-6-in-1-flavor-switch-disposable-vape-pen-wholesale\/\">Vape UZY<\/a>, Bang Vape, Razz Bar Vape, \u0219i Stag Bar Vape<\/strong>, ale\u0219i pentru calitatea constant\u0103 \u0219i cererea puternic\u0103 pe pia\u021ba european\u0103.<\/p>\n<h4 data-start=\"1080\" data-end=\"1120\">Conceput pentru cump\u0103r\u0103torii en gros din Europa<\/h4>\n<p data-start=\"1121\" data-end=\"1189\">Vapes Tornado este structurat \u00een jurul nevoilor reale ale en gros-urilor din UE:<\/p>\n<ul data-start=\"1190\" data-end=\"1400\">\n<li data-start=\"1190\" data-end=\"1239\">\n<p data-start=\"1192\" data-end=\"1239\">Pre\u021buri competitive en gros pentru comenzi \u00een vrac<\/p>\n<\/li>\n<li data-start=\"1240\" data-end=\"1289\">\n<p data-start=\"1242\" data-end=\"1289\">Descrieri clare ale produselor \u0219i specifica\u021bii<\/p>\n<\/li>\n<li data-start=\"1290\" data-end=\"1330\">\n<p data-start=\"1292\" data-end=\"1330\">Logistic\u0103 rapid\u0103 \u0219i fiabil\u0103, orientat\u0103 spre UE<\/p>\n<\/li>\n<li data-start=\"1331\" data-end=\"1400\">\n<p data-start=\"1333\" data-end=\"1400\">Un catalog axat pe <strong data-start=\"1356\" data-end=\"1373\">vaporizatoare populare<\/strong>, nu pe SKU-uri supra-saturate<\/p>\n<\/li>\n<\/ul>\n<p data-start=\"1200\" data-end=\"1487\">\n<h2 data-start=\"2064\" data-end=\"2115\">\u00centreb\u0103ri frecvente despre FIHP 90K Puffs Vape de unic\u0103 folosin\u021b\u0103<\/h2>\n<p data-start=\"5001\" data-end=\"5156\"><strong data-start=\"5001\" data-end=\"5050\">1) Este garantat 90.000 de pufuri pentru fiecare utilizator?<\/strong><br data-start=\"5050\" data-end=\"5053\" \/>Nu. Num\u0103rul de pufuri variaz\u0103 \u00een func\u021bie de lungimea inhal\u0103rii, frecven\u021b\u0103 \u0219i stilul de utilizare; 90K este o \u021bint\u0103 maxim\u0103 de proiectare.<\/p>\n<p data-start=\"5158\" data-end=\"5316\"><strong data-start=\"5158\" data-end=\"5211\">2) Cum func\u021bioneaz\u0103 sistemul triplu de arome 3 \u00een 1?<\/strong><br data-start=\"5211\" data-end=\"5214\" \/>Un dispozitiv include trei arome, permi\u021b\u00e2nd schimbarea ori de c\u00e2te ori dori\u021bi un gust diferit \u00een timpul utiliz\u0103rii.<\/p>\n<p data-start=\"5318\" data-end=\"5457\"><strong data-start=\"5318\" data-end=\"5357\">3) Ce afi\u0219eaz\u0103 ecranul inteligent?<\/strong><br data-start=\"5357\" data-end=\"5360\" \/>Este conceput pentru a afi\u0219a nivelul bateriei \u0219i nivelul lichidului, astfel \u00eenc\u00e2t utilizatorii s\u0103 poat\u0103 verifica starea dintr-o privire.<\/p>\n<p data-start=\"5459\" data-end=\"5633\"><strong data-start=\"5459\" data-end=\"5498\">4) De ce s\u0103 alege\u021bi bobine duale din plas\u0103 de 0,9\u03a9?<\/strong><br data-start=\"5498\" data-end=\"5501\" \/>Bobinele duale din plas\u0103 ofer\u0103 o suprafa\u021b\u0103 de \u00eenc\u0103lzire mai mare, ceea ce ajut\u0103 la men\u021binerea unui flux de vapori \u0219i a aromei mai consistente pe termen lung.<\/p>\n<p data-start=\"5635\" data-end=\"5802\" data-is-last-node=\"\" data-is-only-node=\"\"><strong data-start=\"5635\" data-end=\"5670\">5) C\u00e2t dureaz\u0103 \u00eenc\u0103rcarea?<\/strong><br data-start=\"5670\" data-end=\"5673\" \/>\u00cenc\u0103rcarea Type-C dureaz\u0103 aproximativ 30 de minute, de\u0219i timpul real de \u00eenc\u0103rcare poate varia \u00een func\u021bie de adaptorul de putere \u0219i condi\u021bii.<\/p>\n<\/div>\n<\/div>\n<\/div>\n<\/div>","protected":false},"excerpt":{"rendered":"<p data-start=\"5635\" data-end=\"5802\" data-is-last-node=\"\" data-is-only-node=\"\">Sistemul <strong data-start=\"37\" data-end=\"55\">FIHP 90K Puffs<\/strong> este construit pentru cei care a\u0219teapt\u0103 mai mult de la un dispozitiv de unic\u0103 folosin\u021b\u0103. Cu p\u00e2n\u0103 la <strong data-start=\"121\" data-end=\"137\">90.000 de pufuri<\/strong>, un <strong data-start=\"141\" data-end=\"172\">sistem triple arome 3-in-1<\/strong>, \u0219i un <strong data-start=\"180\" data-end=\"196\">ecran inteligent<\/strong> care men\u021bine bateria \u0219i e-lichidul la vedere, ofer\u0103 performan\u021be de lung\u0103 durat\u0103, f\u0103r\u0103 presupuneri obi\u0219nuite. Alimentat de o <strong data-start=\"323\" data-end=\"346\">rezisten\u021b\u0103 dual mesh de 0,9\u03a9<\/strong> si incarcare rapida <strong data-start=\"356\" data-end=\"375\">\u00eenc\u0103rcare de tip C<\/strong>, acest dispozitiv de unic\u0103 folosin\u021b\u0103 \u00een stil cristal ofer\u0103 o arom\u0103 fin\u0103, vapori solizi \u0219i fiabilitate de zi cu zi - ceea ce \u00eel face o alegere remarcabil\u0103 pentru uz personal \u0219i v\u00e2nzare cu ridicata \u00een magazinele de vape.<\/p>\n<p><strong>Ad\u0103uga\u021bi-o pe Amy pe WhatsApp pentru a ob\u021bine un r\u0103spuns corect \u0219i un pre\u021b redus!<\/strong><\/p>\n<p><img fetchpriority=\"high\" decoding=\"async\" class=\"size-full wp-image-2932\" src=\"https:\/\/vapestornado.com\/wp-content\/uploads\/2024\/12\/Vape-Wholesale.jpg\" alt=\"\u021aig\u0103ri electronice cu ridicata\" width=\"229\" height=\"300\" \/><\/p>\n<h3><a href=\"https:\/\/wa.me\/8617776015835\"><span style=\"color: #ff0000;\"><strong>WhatsApp: +86 17776015835<\/strong><\/span><\/a><\/h3>","protected":false},"featured_media":4715,"comment_status":"open","ping_status":"closed","template":"","meta":{"_acf_changed":false,"_uag_custom_page_level_css":"","_lmt_disableupdate":"no","_lmt_disable":"","_monsterinsights_skip_tracking":false,"_monsterinsights_sitenote_active":false,"_monsterinsights_sitenote_note":"","_monsterinsights_sitenote_category":0,"site-sidebar-layout":"default","site-content-layout":"","ast-site-content-layout":"default","site-content-style":"default","site-sidebar-style":"default","ast-global-header-display":"","ast-banner-title-visibility":"","ast-main-header-display":"","ast-hfb-above-header-display":"","ast-hfb-below-header-display":"","ast-hfb-mobile-header-display":"","site-post-title":"","ast-breadcrumbs-content":"","ast-featured-img":"","footer-sml-layout":"","ast-disable-related-posts":"","theme-transparent-header-meta":"default","adv-header-id-meta":"","stick-header-meta":"","header-above-stick-meta":"","header-main-stick-meta":"","header-below-stick-meta":"","astra-migrate-meta-layouts":"set","ast-page-background-enabled":"default","ast-page-background-meta":{"desktop":{"background-color":"","background-image":"","background-repeat":"repeat","background-position":"center center","background-size":"auto","background-attachment":"scroll","background-type":"","background-media":"","overlay-type":"","overlay-color":"","overlay-opacity":"","overlay-gradient":""},"tablet":{"background-color":"","background-image":"","background-repeat":"repeat","background-position":"center center","background-size":"auto","background-attachment":"scroll","background-type":"","background-media":"","overlay-type":"","overlay-color":"","overlay-opacity":"","overlay-gradient":""},"mobile":{"background-color":"","background-image":"","background-repeat":"repeat","background-position":"center center","background-size":"auto","background-attachment":"scroll","background-type":"","background-media":"","overlay-type":"","overlay-color":"","overlay-opacity":"","overlay-gradient":""}},"ast-content-background-meta":{"desktop":{"background-color":"var(--ast-global-color-5)","background-image":"","background-repeat":"repeat","background-position":"center center","background-size":"auto","background-attachment":"scroll","background-type":"","background-media":"","overlay-type":"","overlay-color":"","overlay-opacity":"","overlay-gradient":""},"tablet":{"background-color":"var(--ast-global-color-5)","background-image":"","background-repeat":"repeat","background-position":"center center","background-size":"auto","background-attachment":"scroll","background-type":"","background-media":"","overlay-type":"","overlay-color":"","overlay-opacity":"","overlay-gradient":""},"mobile":{"background-color":"var(--ast-global-color-5)","background-image":"","background-repeat":"repeat","background-position":"center center","background-size":"auto","background-attachment":"scroll","background-type":"","background-media":"","overlay-type":"","overlay-color":"","overlay-opacity":"","overlay-gradient":""}},"_joinchat":[]},"product_brand":[],"product_cat":[154,156,158,142,146,60],"product_tag":[387,120,287,505,504,503,393],"class_list":{"0":"post-4716","1":"product","2":"type-product","3":"status-publish","4":"has-post-thumbnail","6":"product_cat-buy-disposable-vapes-in-netherlands","7":"product_cat-buy-disposable-vapes-in-poland","8":"product_cat-buy-disposable-vapes-in-spain","9":"product_cat-digital-box-disposable-vapes","10":"product_cat-rechargeable-disposable-vapes","11":"product_cat-waspe-fihp-vape","12":"product_tag-cigarette-vapor","13":"product_tag-crystal-vape","14":"product_tag-disposable-vape-pen","15":"product_tag-fihp-90000-puff","16":"product_tag-fihp-90k-puffs","17":"product_tag-multi-flavor-disposable-vape","18":"product_tag-vape-cartridge","19":"desktop-align-left","20":"tablet-align-left","21":"mobile-align-left","23":"first","24":"instock","25":"sale","26":"shipping-taxable","27":"purchasable","28":"product-type-simple"},"acf":[],"uagb_featured_image_src":{"full":["https:\/\/vapestornado.com\/wp-content\/uploads\/2025\/12\/FIHP-90000-Puff-90k-Disposable-Vape-Pod.webp",800,800,false],"thumbnail":["https:\/\/vapestornado.com\/wp-content\/uploads\/2025\/12\/FIHP-90000-Puff-90k-Disposable-Vape-Pod-150x150.webp",150,150,true],"medium":["https:\/\/vapestornado.com\/wp-content\/uploads\/2025\/12\/FIHP-90000-Puff-90k-Disposable-Vape-Pod-300x300.webp",300,300,true],"medium_large":["https:\/\/vapestornado.com\/wp-content\/uploads\/2025\/12\/FIHP-90000-Puff-90k-Disposable-Vape-Pod-768x768.webp",768,768,true],"large":["https:\/\/vapestornado.com\/wp-content\/uploads\/2025\/12\/FIHP-90000-Puff-90k-Disposable-Vape-Pod.webp",800,800,false],"1536x1536":["https:\/\/vapestornado.com\/wp-content\/uploads\/2025\/12\/FIHP-90000-Puff-90k-Disposable-Vape-Pod.webp",800,800,false],"2048x2048":["https:\/\/vapestornado.com\/wp-content\/uploads\/2025\/12\/FIHP-90000-Puff-90k-Disposable-Vape-Pod.webp",800,800,false],"trp-custom-language-flag":["https:\/\/vapestornado.com\/wp-content\/uploads\/2025\/12\/FIHP-90000-Puff-90k-Disposable-Vape-Pod-12x12.webp",12,12,true],"woocommerce_thumbnail":["https:\/\/vapestornado.com\/wp-content\/uploads\/2025\/12\/FIHP-90000-Puff-90k-Disposable-Vape-Pod-300x300.webp",300,300,true],"woocommerce_single":["https:\/\/vapestornado.com\/wp-content\/uploads\/2025\/12\/FIHP-90000-Puff-90k-Disposable-Vape-Pod-600x600.webp",600,600,true],"woocommerce_gallery_thumbnail":["https:\/\/vapestornado.com\/wp-content\/uploads\/2025\/12\/FIHP-90000-Puff-90k-Disposable-Vape-Pod-100x100.webp",100,100,true]},"uagb_author_info":{"display_name":"ESAMY","author_link":"https:\/\/vapestornado.com\/ro\/author\/"},"uagb_comment_info":0,"uagb_excerpt":"The FIHP 90K Puffs is built for those who expect more from a disposable. With up to 90,000 puffs, a 3-in-1 triple flavor system, and a smart screen that keeps battery and e-liquid in clear view, it delivers long-lasting performance without the usual guesswork. Powered by a 0.9\u03a9 dual mesh coil and fast Type-C charging,&hellip;","_links":{"self":[{"href":"https:\/\/vapestornado.com\/ro\/wp-json\/wp\/v2\/product\/4716","targetHints":{"allow":["GET"]}}],"collection":[{"href":"https:\/\/vapestornado.com\/ro\/wp-json\/wp\/v2\/product"}],"about":[{"href":"https:\/\/vapestornado.com\/ro\/wp-json\/wp\/v2\/types\/product"}],"replies":[{"embeddable":true,"href":"https:\/\/vapestornado.com\/ro\/wp-json\/wp\/v2\/comments?post=4716"}],"wp:featuredmedia":[{"embeddable":true,"href":"https:\/\/vapestornado.com\/ro\/wp-json\/wp\/v2\/media\/4715"}],"wp:attachment":[{"href":"https:\/\/vapestornado.com\/ro\/wp-json\/wp\/v2\/media?parent=4716"}],"wp:term":[{"taxonomy":"product_brand","embeddable":true,"href":"https:\/\/vapestornado.com\/ro\/wp-json\/wp\/v2\/product_brand?post=4716"},{"taxonomy":"product_cat","embeddable":true,"href":"https:\/\/vapestornado.com\/ro\/wp-json\/wp\/v2\/product_cat?post=4716"},{"taxonomy":"product_tag","embeddable":true,"href":"https:\/\/vapestornado.com\/ro\/wp-json\/wp\/v2\/product_tag?post=4716"}],"curies":[{"name":"wp","href":"https:\/\/api.w.org\/{rel}","templated":true}]}}