{"id":4703,"date":"2025-12-19T06:50:39","date_gmt":"2025-12-19T06:50:39","guid":{"rendered":"https:\/\/vapestornado.com\/?post_type=product&#038;p=4703"},"modified":"2025-12-19T07:56:00","modified_gmt":"2025-12-19T07:56:00","slug":"bang-box-200k-200000-puff-disposable-vape-pen-wholesale-price-8-flavor-adjustable","status":"publish","type":"product","link":"https:\/\/vapestornado.com\/ro\/product\/bang-box-200k-200000-puff-disposable-vape-pen-wholesale-price-8-flavor-adjustable\/","title":{"rendered":"Bang Box 200k 200000 Puf Dispozitiv de Vape de unic\u0103 folosin\u021b\u0103 la pre\u021b en gros \u2014 8 arome ajustabile"},"content":{"rendered":"<h2 data-pm-slice=\"1 1 []\">Bang Box 200k 200000 Puf Dispozitiv de Vape de unic\u0103 folosin\u021b\u0103 la pre\u021b en gros \u2014 8 arome ajustabile<\/h2>\n<p data-start=\"88\" data-end=\"695\">Sistemul <strong data-start=\"92\" data-end=\"109\">Bang Box 200k<\/strong> (cunoscut \u0219i ca <strong data-start=\"128\" data-end=\"152\">Bang Box 200000 puf<\/strong>) este un dispozitiv de capacitate mare <strong data-start=\"173\" data-end=\"196\">stilou de vape de unic\u0103 folosin\u021b\u0103<\/strong> construit pentru adul\u021bi care doresc un singur dispozitiv ce poate func\u021biona pentru o perioad\u0103 extins\u0103 f\u0103r\u0103 cicluri constante de \u00eenlocuire. Combin\u0103 un \u021bintar foarte mare de puf cu un <strong data-start=\"358\" data-end=\"374\">rezervor de 40ml de e-lichid<\/strong> , un <strong data-start=\"388\" data-end=\"401\">rezisten\u021b\u0103 tip mesh<\/strong> miez pentru o ie\u0219ire stabil\u0103, \u0219i o <strong data-start=\"433\" data-end=\"443\">850mAh<\/strong> baterie proiectat\u0103 pentru a men\u021bine dispozitivul utilizabil pe sesiuni lungi. Diferen\u021biatorul principal, totu\u0219i, este sistemul de arom\u0103: \u00een loc s\u0103 cumpere mai multe dispozitive pentru a roti gusturile, acest model este v\u00e2ndut \u00een jur de <strong data-start=\"642\" data-end=\"665\">8 op\u021biuni de arom\u0103 ajustabile<\/strong> \u00een cadrul unei singure unit\u0103\u021bi.<\/p>\n<p data-start=\"697\" data-end=\"1165\">\u00cencrederea, \u00een aceast\u0103 categorie, provine din dac\u0103 hardware-ul corespunde promisiunii. O afirma\u021bie de \u201c200k\u201d f\u0103r\u0103 suficient lichid sau o bobin\u0103 proiectat\u0103 pentru utilizare \u00eendelungat\u0103 devine rapid o strategie de marketing. Aici, <strong data-start=\"884\" data-end=\"892\">capacitatea de 40ml<\/strong> este fundamentul real, iar <strong data-start=\"934\" data-end=\"947\">rezisten\u021b\u0103 tip mesh<\/strong> este alegerea practic\u0103 pentru o \u00eenc\u0103lzire uniform\u0103 \u0219i livrare constant\u0103 de arom\u0103. Dimensiunea bateriei conteaz\u0103 de asemenea: <strong data-start=\"1056\" data-end=\"1066\">850mAh<\/strong> este destinat\u0103 s\u0103 sus\u021bin\u0103 utilizarea extins\u0103, astfel \u00eenc\u00e2t experien\u021ba s\u0103 nu scad\u0103 prematur doar din cauza puterii.<\/p>\n<p data-start=\"1167\" data-end=\"1741\">Conceptul de arom\u0103 este, de asemenea, mai func\u021bional dec\u00e2t pare. Cu <strong data-start=\"1232\" data-end=\"1255\">8 op\u021biuni de arom\u0103 ajustabile<\/strong>, dispozitivul este pozi\u021bionat pentru persoanele care se plictisesc de un singur profil dup\u0103 o zi sau dou\u0103. \u00cen loc s\u0103 termine un \u00eentreg dispozitiv cu o singur\u0103 arom\u0103, utilizatorii pot trece \u00eentre profile \u00een func\u021bie de momentul zilei \u2014 ceva mai curat, precum ment\u0103, c\u00e2nd vrei s\u0103 fie crocant, sau un amestec de fructe\/dulciuri c\u00e2nd vrei mai mult\u0103 dulcea\u021b\u0103. Pentru comercian\u021bi en gros, acest lucru este mai u\u0219or de v\u00e2ndut deoarece reduce riscul de \u201carom\u0103 gre\u0219it\u0103\u201d: clien\u021bii au varietate \u00een interiorul unui singur dispozitiv, ceea ce poate \u00eembun\u0103t\u0103\u021bi satisfac\u021bia \u0219i comenzile repetate.<\/p>\n<p data-start=\"1743\" data-end=\"2146\">Din perspectiva en gros, <strong data-start=\"1777\" data-end=\"1796\">pre\u021b en-gros<\/strong> apela nu este doar despre costul unitar. Este despre ceea ce po\u021bi promite cu \u00eencredere la tejghea: durat\u0103 lung\u0103 de func\u021bionare, varietate puternic\u0103 de arome \u0219i un sistem de bobine construit pentru a men\u021bine performan\u021ba stabil\u0103. Acest lucru face ca Bang Box 200k s\u0103 fie o op\u021biune solid\u0103 pentru comercian\u021bi care doresc un produs de impact, care se simte premium \u00een utilizare, dar totodat\u0103 se potrive\u0219te unei achizi\u021bii bazate pe valoare.<\/p>\n<p><strong><span style=\"color: #ff0000;\">Adaug\u0103 whatsapp-ul lui Amy pentru a primi r\u0103spuns imediat \u0219i un cupon de vape!<\/span><\/strong><\/p>\n<p><img fetchpriority=\"high\" decoding=\"async\" class=\"size-full wp-image-2932\" src=\"https:\/\/vapestornado.com\/wp-content\/uploads\/2024\/12\/Vape-Wholesale.jpg\" alt=\"\u021aig\u0103ri electronice cu ridicata\" width=\"229\" height=\"300\" \/><\/p>\n<h3><a href=\"https:\/\/wa.me\/8617776015835\" target=\"_blank\" rel=\"noopener\"><span style=\"color: #ff0000;\"><strong>WhatsApp: +86 17776015835<\/strong><\/span><\/a><\/h3>\n<h2 class=\"product-title\"><strong>Lista de arome pentru 200000 de pufuri Bang Box<\/strong><\/h2>\n<ol data-start=\"2433\" data-end=\"3152\">\n<li data-start=\"2433\" data-end=\"2499\">\n<p data-start=\"2436\" data-end=\"2499\">Mere de p\u0103dure cu ghea\u021b\u0103 \/ Pepene verde cu ap\u0103 \/ Zmeur\u0103 \/ L\u0103m\u00e2ie Lime<\/p>\n<\/li>\n<li data-start=\"2500\" data-end=\"2567\">\n<p data-start=\"2503\" data-end=\"2567\">Pepene verde cu ghea\u021b\u0103 \/ Gum\u0103 de mestecat cu pepene verde \/ Ghea\u021b\u0103 de cire\u0219e \/ Gum\u0103 de mestecat<\/p>\n<\/li>\n<li data-start=\"2568\" data-end=\"2632\">\n<p data-start=\"2571\" data-end=\"2632\">Ment\u0103 cu ghea\u021b\u0103 \/ Ghea\u021b\u0103 de afine \u0219i zmeur\u0103 \/ Ghea\u021b\u0103 de struguri \/ Dulce de Nerd<\/p>\n<\/li>\n<li data-start=\"2633\" data-end=\"2703\">\n<p data-start=\"2636\" data-end=\"2703\">Triple Honeydew \/ Love 66 \/ Fruct de pasiune \/ Ananas cu cocos \u0219i ghea\u021b\u0103<\/p>\n<\/li>\n<li data-start=\"2704\" data-end=\"2779\">\n<p data-start=\"2707\" data-end=\"2779\">M\u0103r dublu \/ M\u0103r acru cu zmeur\u0103 \/ Ghea\u021b\u0103 de mure \/ Ananas cu piersic\u0103<\/p>\n<\/li>\n<li data-start=\"2780\" data-end=\"2854\">\n<p data-start=\"2783\" data-end=\"2854\">Ghea\u021b\u0103 de c\u0103p\u0219uni \/ C\u0103p\u0219uni cu kiwi \/ Ghea\u021b\u0103 de afine albastre \/ Limonad\u0103 roz<\/p>\n<\/li>\n<li data-start=\"2855\" data-end=\"2925\">\n<p data-start=\"2858\" data-end=\"2925\">Cola cu cire\u0219e \/ Cire\u0219e cu afine \/ Meri\u0219oare \/ C\u0103p\u0219uni cu zmeur\u0103<\/p>\n<\/li>\n<li data-start=\"2926\" data-end=\"3000\">\n<p data-start=\"2929\" data-end=\"3000\">Ananas cu ghea\u021b\u0103 \/ Mango acru cu ananas \/ Ghea\u021b\u0103 de piersici \/ Limonad\u0103 cu ananas<\/p>\n<\/li>\n<li data-start=\"3001\" data-end=\"3076\">\n<p data-start=\"3004\" data-end=\"3076\">Ghea\u021b\u0103 de dragon negru \/ Pitaya cu c\u0103p\u0219uni \/ Triple Berry \/ Cire\u0219e cu meri\u0219oare<\/p>\n<\/li>\n<li data-start=\"3077\" data-end=\"3152\">\n<p data-start=\"3081\" data-end=\"3152\">Triple Mango \/ Mango cu fruct de pasiune \/ Ananas cu ghea\u021b\u0103 \/ C\u0103p\u0219uni cu mango<\/p>\n<\/li>\n<\/ol>\n<p><strong>Aceste seturi acoper\u0103 preferin\u021bele principale ale pie\u021bei europene: ment\u0103 glaciar\u0103, fructe mixte, note dulci de bomboane \u0219i c\u00e2teva profile mai bogate precum cola \u0219i amestecuri de fructe de dragon.<\/strong><\/p>\n<div class=\"flex-shrink-0 flex flex-col relative items-end\">\n<div class=\"pt-0\">\n<div class=\"gizmo-bot-avatar flex h-8 w-8 items-center justify-center overflow-hidden rounded-full\">\n<div class=\"relative p-1 rounded-sm flex items-center justify-center bg-token-main-surface-primary text-token-text-primary h-8 w-8\">\n<p data-start=\"4971\" data-end=\"5180\">\n<\/div>\n<h2><strong>Caracteristici principale ale produsului Bang Box 200k Puff<\/strong><\/h2>\n<div class=\"relative p-1 rounded-sm flex items-center justify-center bg-token-main-surface-primary text-token-text-primary h-8 w-8\">\n<table>\n<thead>\n<tr>\n<th>Caracteristic\u0103<\/th>\n<th>Specifica\u021bii<\/th>\n<th>Explica\u021bie<\/th>\n<\/tr>\n<\/thead>\n<tbody>\n<tr>\n<td>Capacitate Pufuri<\/td>\n<td>200.000 de pufuri<\/td>\n<td>Proiectat pentru utilizare \u00eendelungat\u0103 pe o perioad\u0103 lung\u0103; num\u0103rul real de pufuri variaz\u0103 \u00een func\u021bie de lungimea inhal\u0103rii \u0219i frecven\u021ba utiliz\u0103rii.<\/td>\n<\/tr>\n<tr>\n<td>Capacitate Baterie<\/td>\n<td>850mAh<\/td>\n<td>Ofer\u0103 suficient\u0103 putere pentru a sus\u021bine cicluri lungi de utilizare \u0219i pentru a men\u021bine un randament stabil \u00een timpul sesiunilor extinse.<\/td>\n<\/tr>\n<tr>\n<td>Capacitate de e-lichid<\/td>\n<td>capacitatea de 40ml<\/td>\n<td>Volumul mare de e-lichid ajut\u0103 la asigurarea unei livr\u0103ri consistente arome pe toat\u0103 durata de via\u021b\u0103 a dispozitivului.<\/td>\n<\/tr>\n<tr>\n<td>Tip de bobin\u0103<\/td>\n<td>Rezisten\u021b\u0103 Mesh<\/td>\n<td>Structura din plas\u0103 permite o \u00eenc\u0103lzire mai uniform\u0103, sus\u021bin\u00e2nd o produc\u021bie mai lin\u0103 de vapori \u0219i o arom\u0103 constant\u0103 pe termen lung.<\/td>\n<\/tr>\n<tr>\n<td>Sistem de arome<\/td>\n<td>8 Arome Ajustabile<\/td>\n<td>Permite utilizatorilor s\u0103 comute \u00eentre mai multe profile de arom\u0103 \u00eentr-un singur dispozitiv, reduc\u00e2nd oboseala de arom\u0103 pe termen lung.<\/td>\n<\/tr>\n<tr>\n<td>Op\u021biuni de arom\u0103<\/td>\n<td>Seturi de 10 Arome (4 arome pe set)<\/td>\n<td>Fiecare set ofer\u0103 un amestec echilibrat de profile fructate, reci \u0219i dulci pentru a se potrivi preferin\u021belor de gust europene comune.<\/td>\n<\/tr>\n<tr>\n<td>Tipul dispozitivului<\/td>\n<td>Stilou Vape de unic\u0103 folosin\u021b\u0103<\/td>\n<td>Preumplut \u0219i gata de utilizare, f\u0103r\u0103 nevoie de reumplere sau \u00eenlocuire a bobinei.<\/td>\n<\/tr>\n<tr>\n<td>Stil de Utilizare<\/td>\n<td>Durabil<\/td>\n<td>Conceput pentru utilizatorii care prefer\u0103 mai pu\u021bine \u00eenlocuiri \u0219i intervale mai lungi \u00eentre schimb\u0103rile de dispozitiv.<\/td>\n<\/tr>\n<tr>\n<td>Pia\u021ba \u021bint\u0103<\/td>\n<td>Utilizatori adul\u021bi \u0219i aprovizionare en gros<\/td>\n<td>Potrivit pentru v\u00e2nzare cu am\u0103nuntul \u0219i achizi\u021bii en gros la nivel de pre\u021buri en gros.<\/td>\n<\/tr>\n<\/tbody>\n<\/table>\n<figure id=\"attachment_4699\" aria-describedby=\"caption-attachment-4699\" style=\"width: 263px\" class=\"wp-caption alignnone\"><img decoding=\"async\" class=\"size-medium wp-image-4699\" src=\"https:\/\/vapestornado.com\/wp-content\/uploads\/2025\/12\/Bang-Box-200k-200000-Puffs-Disposable-Vape-Shop-Online-263x300.webp\" alt=\"Bang Box 200k 200000 Pufuri Vape de unic\u0103 folosin\u021b\u0103 Magazin Online\" width=\"263\" height=\"300\" srcset=\"https:\/\/vapestornado.com\/wp-content\/uploads\/2025\/12\/Bang-Box-200k-200000-Puffs-Disposable-Vape-Shop-Online-263x300.webp 263w, https:\/\/vapestornado.com\/wp-content\/uploads\/2025\/12\/Bang-Box-200k-200000-Puffs-Disposable-Vape-Shop-Online-768x875.webp 768w, https:\/\/vapestornado.com\/wp-content\/uploads\/2025\/12\/Bang-Box-200k-200000-Puffs-Disposable-Vape-Shop-Online-11x12.webp 11w, https:\/\/vapestornado.com\/wp-content\/uploads\/2025\/12\/Bang-Box-200k-200000-Puffs-Disposable-Vape-Shop-Online-600x683.webp 600w, https:\/\/vapestornado.com\/wp-content\/uploads\/2025\/12\/Bang-Box-200k-200000-Puffs-Disposable-Vape-Shop-Online.webp 800w\" sizes=\"(max-width: 263px) 100vw, 263px\" \/><figcaption id=\"caption-attachment-4699\" class=\"wp-caption-text\">Bang Box 200k 200000 Pufuri Vape de unic\u0103 folosin\u021b\u0103 Magazin Online<\/figcaption><\/figure>\n<figure id=\"attachment_4697\" aria-describedby=\"caption-attachment-4697\" style=\"width: 300px\" class=\"wp-caption alignnone\"><img decoding=\"async\" class=\"size-medium wp-image-4697\" src=\"https:\/\/vapestornado.com\/wp-content\/uploads\/2025\/12\/Bang-Box-200k-200000-Puffs-Disposable-Vape-Long-Lasting-300x218.webp\" alt=\"Bang Box 200k 200000 Pufuri Vape de unic\u0103 folosin\u021b\u0103 Durabil\" width=\"300\" height=\"218\" srcset=\"https:\/\/vapestornado.com\/wp-content\/uploads\/2025\/12\/Bang-Box-200k-200000-Puffs-Disposable-Vape-Long-Lasting-300x218.webp 300w, https:\/\/vapestornado.com\/wp-content\/uploads\/2025\/12\/Bang-Box-200k-200000-Puffs-Disposable-Vape-Long-Lasting-1024x744.webp 1024w, https:\/\/vapestornado.com\/wp-content\/uploads\/2025\/12\/Bang-Box-200k-200000-Puffs-Disposable-Vape-Long-Lasting-768x558.webp 768w, https:\/\/vapestornado.com\/wp-content\/uploads\/2025\/12\/Bang-Box-200k-200000-Puffs-Disposable-Vape-Long-Lasting-1536x1117.webp 1536w, https:\/\/vapestornado.com\/wp-content\/uploads\/2025\/12\/Bang-Box-200k-200000-Puffs-Disposable-Vape-Long-Lasting-2048x1489.webp 2048w, https:\/\/vapestornado.com\/wp-content\/uploads\/2025\/12\/Bang-Box-200k-200000-Puffs-Disposable-Vape-Long-Lasting-18x12.webp 18w, https:\/\/vapestornado.com\/wp-content\/uploads\/2025\/12\/Bang-Box-200k-200000-Puffs-Disposable-Vape-Long-Lasting-600x436.webp 600w\" sizes=\"(max-width: 300px) 100vw, 300px\" \/><figcaption id=\"caption-attachment-4697\" class=\"wp-caption-text\">Bang Box 200k 200000 Pufuri Vape de unic\u0103 folosin\u021b\u0103 Durabil<\/figcaption><\/figure>\n<h2 data-start=\"1200\" data-end=\"1487\">Vapes Tornado \u2013 Magazinul t\u0103u online en gros pentru cele mai bune m\u0103rci de vape-uri<\/h2>\n<p data-start=\"1200\" data-end=\"1487\"><strong data-start=\"141\" data-end=\"177\">Magazinul online de fumat Vapes Tornado<\/strong> este sursa ta de \u00eencredere pentru <strong data-start=\"205\" data-end=\"270\">vape-uri premium de unic\u0103 folosin\u021b\u0103 \u0219i \u021bigarete electronice en-gros \u00een Europa<\/strong>. Oferim branduri de top precum <strong data-start=\"307\" data-end=\"362\"><a href=\"https:\/\/vapestornado.com\/ro\/product\/randm-12000-puffs-fumot-digital-disposable-vape-wholesale-price\/\">Fumot VAPE<\/a>, <a href=\"https:\/\/vapestornado.com\/ro\/product\/original-wga-ultra-35k-35000-puff-rechargeable-crystal-disposable-nicotine-vape-best-discount-price\/\">WGA VAPE<\/a>, <\/strong><strong data-start=\"307\" data-end=\"362\"><a href=\"https:\/\/vapestornado.com\/ro\/product\/vozol-gear-shisha-25k-25000-puffs-best-dtl-disposable-vape-hookah-cheap-price\/\">VOZOL BAR VAPE<\/a>, \u00a0 Bang Vape<\/strong>, \u0219i altele, asigur\u00e2nd calitate \u0219i varietate pentru fiecare client. Fie c\u0103 e\u0219ti un vaper individual sau un cump\u0103r\u0103tor en-gros, livr\u0103m <strong data-start=\"481\" data-end=\"550\">dispozitive performante, designuri elegante \u0219i pre\u021buri competitive<\/strong> pentru a-\u021bi satisface nevoile.<\/p>\n<h2 data-start=\"2064\" data-end=\"2115\">\u00centreb\u0103ri frecvente despre WASPE 150K 150000 Pufuri Vape de unic\u0103 folosin\u021b\u0103<\/h2>\n<p data-start=\"4211\" data-end=\"4399\"><strong data-start=\"4211\" data-end=\"4264\">1) Este \u201eBang Box 200000 pufuri\u201d un num\u0103r garantat?<\/strong><br data-start=\"4264\" data-end=\"4267\" \/>Nu. Num\u0103rul de pufuri depinde de lungimea inhal\u0103rii, frecven\u021ba utiliz\u0103rii \u0219i stilul de utilizare. Este o afirma\u021bie maxim\u0103, nu un rezultat fix pentru fiecare utilizator.<\/p>\n<p data-start=\"4401\" data-end=\"4622\"><strong data-start=\"4401\" data-end=\"4457\">2) Ce \u00eenseamn\u0103 \u00een practic\u0103 \u201e8 arome ajustabile\u201d?<\/strong><br data-start=\"4457\" data-end=\"4460\" \/>\u00censeamn\u0103 c\u0103 dispozitivul este construit pentru a permite utilizatorilor s\u0103 comute \u00eentre mai multe profile de arom\u0103 \u00eentr-un singur dispozitiv (v\u00e2ndut ca seturi de arome), reduc\u00e2nd oboseala de arom\u0103 pe termen lung.<\/p>\n<p data-start=\"4624\" data-end=\"4844\"><strong data-start=\"4624\" data-end=\"4688\">3) De ce conteaz\u0103 o bobin\u0103 din plas\u0103 pe un dispozitiv de unic\u0103 folosin\u021b\u0103 durabil?<\/strong><br data-start=\"4688\" data-end=\"4691\" \/>Bobinele din plas\u0103 sunt folosite pentru o \u00eenc\u0103lzire mai uniform\u0103, ceea ce ajut\u0103 la men\u021binerea constant\u0103 a aromei \u0219i a aburului pe o perioad\u0103 extins\u0103 comparativ cu structurile mai simple de bobine.<\/p>\n<p data-start=\"4846\" data-end=\"4969\"><strong data-start=\"4846\" data-end=\"4883\">4) C\u00e2t e-lichid poate con\u021bine?<\/strong><br data-start=\"4883\" data-end=\"4886\" \/>Este specificat ca <strong data-start=\"4904\" data-end=\"4912\">capacitatea de 40ml<\/strong>, care reprezint\u0103 baza practic\u0103 care sus\u021bine o durat\u0103 lung\u0103 de func\u021bionare.<\/p>\n<p data-start=\"4971\" data-end=\"5180\"><strong data-start=\"4971\" data-end=\"5030\">5) Este acesta \u00een principal pentru utilizatori retail sau cump\u0103r\u0103tori en gros?<\/strong><br data-start=\"5030\" data-end=\"5033\" \/>Ambele. Utilizatorii finali beneficiaz\u0103 de utilizare de durat\u0103 lung\u0103 \u0219i varietate; cump\u0103r\u0103torii en gros ob\u021bin un produs clar, u\u0219or de v\u00e2ndut, cu un titlu atractiv \u0219i competitiv <strong data-start=\"5160\" data-end=\"5179\">pre\u021b en-gros<\/strong>.<\/p>\n<\/div>\n<\/div>\n<\/div>\n<\/div>","protected":false},"excerpt":{"rendered":"<p data-start=\"3411\" data-end=\"3490\">Sistemul <strong data-start=\"35\" data-end=\"52\">Bang Box 200k<\/strong> este un stilou de vaporizare de unic\u0103 folosin\u021b\u0103, durabil, conceput pentru utilizare extins\u0103 \u0219i flexibilitate \u00een arome. Ofer\u0103 p\u00e2n\u0103 la <strong data-start=\"160\" data-end=\"176\">200000 pufuri<\/strong>, dispune de o <strong data-start=\"189\" data-end=\"214\">capacitate de 40ml e-lichid<\/strong>, un <strong data-start=\"219\" data-end=\"237\">baterie de 850mAh<\/strong>, \u0219i un <strong data-start=\"245\" data-end=\"258\">rezisten\u021b\u0103 tip mesh<\/strong> pentru un flux stabil de vapori. Cu <strong data-start=\"290\" data-end=\"313\">8 op\u021biuni de arom\u0103 ajustabile<\/strong> op\u021biuni \u00eentr-un singur dispozitiv, ofer\u0103 varietate f\u0103r\u0103 \u00eenlocuiri frecvente, fiind o alegere practic\u0103 pentru utilizatorii adul\u021bi \u0219i o op\u021biune puternic\u0103 pentru pozi\u021bionarea pre\u021bului en gros.<\/p>\n<p><strong>Ad\u0103uga\u021bi-o pe Amy pe WhatsApp pentru a ob\u021bine un r\u0103spuns corect \u0219i un pre\u021b redus!<\/strong><\/p>\n<p><img fetchpriority=\"high\" decoding=\"async\" class=\"size-full wp-image-2932\" src=\"https:\/\/vapestornado.com\/wp-content\/uploads\/2024\/12\/Vape-Wholesale.jpg\" alt=\"\u021aig\u0103ri electronice cu ridicata\" width=\"229\" height=\"300\" \/><\/p>\n<h3><a href=\"https:\/\/wa.me\/8617776015835\"><span style=\"color: #ff0000;\"><strong>WhatsApp: +86 17776015835<\/strong><\/span><\/a><\/h3>","protected":false},"featured_media":4696,"comment_status":"open","ping_status":"closed","template":"","meta":{"_acf_changed":false,"_uag_custom_page_level_css":"","_lmt_disableupdate":"no","_lmt_disable":"","_monsterinsights_skip_tracking":false,"_monsterinsights_sitenote_active":false,"_monsterinsights_sitenote_note":"","_monsterinsights_sitenote_category":0,"site-sidebar-layout":"default","site-content-layout":"","ast-site-content-layout":"default","site-content-style":"default","site-sidebar-style":"default","ast-global-header-display":"","ast-banner-title-visibility":"","ast-main-header-display":"","ast-hfb-above-header-display":"","ast-hfb-below-header-display":"","ast-hfb-mobile-header-display":"","site-post-title":"","ast-breadcrumbs-content":"","ast-featured-img":"","footer-sml-layout":"","ast-disable-related-posts":"","theme-transparent-header-meta":"default","adv-header-id-meta":"","stick-header-meta":"","header-above-stick-meta":"","header-main-stick-meta":"","header-below-stick-meta":"","astra-migrate-meta-layouts":"set","ast-page-background-enabled":"default","ast-page-background-meta":{"desktop":{"background-color":"","background-image":"","background-repeat":"repeat","background-position":"center center","background-size":"auto","background-attachment":"scroll","background-type":"","background-media":"","overlay-type":"","overlay-color":"","overlay-opacity":"","overlay-gradient":""},"tablet":{"background-color":"","background-image":"","background-repeat":"repeat","background-position":"center center","background-size":"auto","background-attachment":"scroll","background-type":"","background-media":"","overlay-type":"","overlay-color":"","overlay-opacity":"","overlay-gradient":""},"mobile":{"background-color":"","background-image":"","background-repeat":"repeat","background-position":"center center","background-size":"auto","background-attachment":"scroll","background-type":"","background-media":"","overlay-type":"","overlay-color":"","overlay-opacity":"","overlay-gradient":""}},"ast-content-background-meta":{"desktop":{"background-color":"var(--ast-global-color-5)","background-image":"","background-repeat":"repeat","background-position":"center center","background-size":"auto","background-attachment":"scroll","background-type":"","background-media":"","overlay-type":"","overlay-color":"","overlay-opacity":"","overlay-gradient":""},"tablet":{"background-color":"var(--ast-global-color-5)","background-image":"","background-repeat":"repeat","background-position":"center center","background-size":"auto","background-attachment":"scroll","background-type":"","background-media":"","overlay-type":"","overlay-color":"","overlay-opacity":"","overlay-gradient":""},"mobile":{"background-color":"var(--ast-global-color-5)","background-image":"","background-repeat":"repeat","background-position":"center center","background-size":"auto","background-attachment":"scroll","background-type":"","background-media":"","overlay-type":"","overlay-color":"","overlay-opacity":"","overlay-gradient":""}},"_joinchat":[]},"product_brand":[],"product_cat":[64,151,152,153,154,142,144,146],"product_tag":[500,499,387,287,498,390,393,386],"class_list":{"0":"post-4703","1":"product","2":"type-product","3":"status-publish","4":"has-post-thumbnail","6":"product_cat-bangbox-vape","7":"product_cat-buy-disposable-vapes-in-france","8":"product_cat-buy-disposable-vapes-in-cermany","9":"product_cat-buy-disposable-vapes-in-italy","10":"product_cat-buy-disposable-vapes-in-netherlands","11":"product_cat-digital-box-disposable-vapes","12":"product_cat-low-nicotine-disposable-vapes","13":"product_cat-rechargeable-disposable-vapes","14":"product_tag-200k-puff-vape","15":"product_tag-bang-box-200k","16":"product_tag-cigarette-vapor","17":"product_tag-disposable-vape-pen","18":"product_tag-long-lasting-vape","19":"product_tag-online-vape-shop","20":"product_tag-vape-cartridge","21":"product_tag-vape-pen","22":"desktop-align-left","23":"tablet-align-left","24":"mobile-align-left","26":"first","27":"instock","28":"sale","29":"shipping-taxable","30":"purchasable","31":"product-type-simple"},"acf":[],"uagb_featured_image_src":{"full":["https:\/\/vapestornado.com\/wp-content\/uploads\/2025\/12\/Bang-Box-200k-200000-Puffs-Disposable-Vape-Box-Wholesale-Price.webp",1000,1000,false],"thumbnail":["https:\/\/vapestornado.com\/wp-content\/uploads\/2025\/12\/Bang-Box-200k-200000-Puffs-Disposable-Vape-Box-Wholesale-Price-150x150.webp",150,150,true],"medium":["https:\/\/vapestornado.com\/wp-content\/uploads\/2025\/12\/Bang-Box-200k-200000-Puffs-Disposable-Vape-Box-Wholesale-Price-300x300.webp",300,300,true],"medium_large":["https:\/\/vapestornado.com\/wp-content\/uploads\/2025\/12\/Bang-Box-200k-200000-Puffs-Disposable-Vape-Box-Wholesale-Price-768x768.webp",768,768,true],"large":["https:\/\/vapestornado.com\/wp-content\/uploads\/2025\/12\/Bang-Box-200k-200000-Puffs-Disposable-Vape-Box-Wholesale-Price.webp",1000,1000,false],"1536x1536":["https:\/\/vapestornado.com\/wp-content\/uploads\/2025\/12\/Bang-Box-200k-200000-Puffs-Disposable-Vape-Box-Wholesale-Price.webp",1000,1000,false],"2048x2048":["https:\/\/vapestornado.com\/wp-content\/uploads\/2025\/12\/Bang-Box-200k-200000-Puffs-Disposable-Vape-Box-Wholesale-Price.webp",1000,1000,false],"trp-custom-language-flag":["https:\/\/vapestornado.com\/wp-content\/uploads\/2025\/12\/Bang-Box-200k-200000-Puffs-Disposable-Vape-Box-Wholesale-Price-12x12.webp",12,12,true],"woocommerce_thumbnail":["https:\/\/vapestornado.com\/wp-content\/uploads\/2025\/12\/Bang-Box-200k-200000-Puffs-Disposable-Vape-Box-Wholesale-Price-300x300.webp",300,300,true],"woocommerce_single":["https:\/\/vapestornado.com\/wp-content\/uploads\/2025\/12\/Bang-Box-200k-200000-Puffs-Disposable-Vape-Box-Wholesale-Price-600x600.webp",600,600,true],"woocommerce_gallery_thumbnail":["https:\/\/vapestornado.com\/wp-content\/uploads\/2025\/12\/Bang-Box-200k-200000-Puffs-Disposable-Vape-Box-Wholesale-Price-100x100.webp",100,100,true]},"uagb_author_info":{"display_name":"ESAMY","author_link":"https:\/\/vapestornado.com\/ro\/author\/"},"uagb_comment_info":0,"uagb_excerpt":"The Bang Box 200k is a long lasting disposable vape pen designed for extended use and flavour flexibility. It delivers up to 200000 puffs, features a 40ml e-juice capacity, an 850mAh battery, and a mesh coil for stable vapour output. With 8 adjustable flavor options in one device, it offers variety without frequent replacements, making&hellip;","_links":{"self":[{"href":"https:\/\/vapestornado.com\/ro\/wp-json\/wp\/v2\/product\/4703","targetHints":{"allow":["GET"]}}],"collection":[{"href":"https:\/\/vapestornado.com\/ro\/wp-json\/wp\/v2\/product"}],"about":[{"href":"https:\/\/vapestornado.com\/ro\/wp-json\/wp\/v2\/types\/product"}],"replies":[{"embeddable":true,"href":"https:\/\/vapestornado.com\/ro\/wp-json\/wp\/v2\/comments?post=4703"}],"wp:featuredmedia":[{"embeddable":true,"href":"https:\/\/vapestornado.com\/ro\/wp-json\/wp\/v2\/media\/4696"}],"wp:attachment":[{"href":"https:\/\/vapestornado.com\/ro\/wp-json\/wp\/v2\/media?parent=4703"}],"wp:term":[{"taxonomy":"product_brand","embeddable":true,"href":"https:\/\/vapestornado.com\/ro\/wp-json\/wp\/v2\/product_brand?post=4703"},{"taxonomy":"product_cat","embeddable":true,"href":"https:\/\/vapestornado.com\/ro\/wp-json\/wp\/v2\/product_cat?post=4703"},{"taxonomy":"product_tag","embeddable":true,"href":"https:\/\/vapestornado.com\/ro\/wp-json\/wp\/v2\/product_tag?post=4703"}],"curies":[{"name":"wp","href":"https:\/\/api.w.org\/{rel}","templated":true}]}}