{"id":4702,"date":"2025-12-19T06:49:15","date_gmt":"2025-12-19T06:49:15","guid":{"rendered":"https:\/\/vapestornado.com\/?post_type=product&#038;p=4702"},"modified":"2025-12-22T09:50:48","modified_gmt":"2025-12-22T09:50:48","slug":"okso-120k-120000-puffs-6-in-1-multiple-flavors-screen-digital-display-disposable-vaper","status":"publish","type":"product","link":"https:\/\/vapestornado.com\/ro\/product\/okso-120k-120000-puffs-6-in-1-multiple-flavors-screen-digital-display-disposable-vaper\/","title":{"rendered":"OKSO 120k 120000 Pufuri 6 \u00een 1 Arome Multiple Ecran Digital Vaporizator de unic\u0103 folosin\u021b\u0103"},"content":{"rendered":"<h2 data-pm-slice=\"1 1 []\">OKSO 120k 120000 Pufuri 6 \u00een 1 Arome Multiple Ecran Digital Vaporizator de unic\u0103 folosin\u021b\u0103<\/h2>\n<p data-start=\"84\" data-end=\"483\">Sistemul <strong data-start=\"88\" data-end=\"106\">OKSO 120k Puf<\/strong> (cunoscut si ca <strong data-start=\"122\" data-end=\"143\">OKSO 120000 Pufuri<\/strong>) este un dispozitiv de capacitate mare <strong data-start=\"164\" data-end=\"184\">Vaporizar de unic\u0103 folosin\u021b\u0103<\/strong> conceput pentru utilizatori adul\u021bi care doresc un timp lung de utilizare, feedback clar al dispozitivului \u0219i flexibilitate \u00een arom\u0103 \u00eentr-un singur dispozitiv solid. Acest model este construit \u00een jurul unui <strong data-start=\"331\" data-end=\"364\">sistem de multiple arome 6 \u00een 1<\/strong>, un <strong data-start=\"368\" data-end=\"387\">afi\u0219aj digital<\/strong>, \u0219i o configura\u021bie intern\u0103 structurat\u0103 care sus\u021bine utilizarea extins\u0103 f\u0103r\u0103 a se baza pe promisiuni vagi.<\/p>\n<p data-start=\"485\" data-end=\"734\">\u00cen loc s\u0103 se concentreze pe aspect sau tendin\u021be, OKSO 120k este proiectat \u00een jurul modului \u00een care oamenii folosesc efectiv un dispozitiv cu mul\u021bi pufuri \u00een timp: utilizare frecvent\u0103 zilnic, preferin\u021be de arom\u0103 \u00een schimbare \u0219i nevoia de a \u00een\u021belege ce face dispozitivul \u00een orice moment.<\/p>\n<h3 data-start=\"741\" data-end=\"772\">De ce acest dispozitiv de vapare OKSO 120K devine popular?<\/h3>\n<p data-start=\"774\" data-end=\"930\">\u00a0Un dispozitiv evaluat la <strong data-start=\"871\" data-end=\"887\">120000 de pufuri<\/strong> are nevoie de mai mult dec\u00e2t un num\u0103r mare pe cutie. Okso 120000 puff vape face elementele s\u0103 lucreze \u00eempreun\u0103 pentru a face performan\u021ba mai previzibil\u0103, ceea ce reprezint\u0103 baza \u00eencrederii pe termen lung a utilizatorului.<\/p>\n<ul data-start=\"932\" data-end=\"1451\">\n<li data-start=\"932\" data-end=\"1111\">\n<p data-start=\"934\" data-end=\"1111\"><strong data-start=\"934\" data-end=\"977\">Sistem de bobine cu plas\u0103 tripl\u0103 (Bobin\u0103 din plas\u0103 \u00d73):<\/strong> mai multe miezuri de plas\u0103 ajut\u0103 la distribuirea mai uniform\u0103 a c\u0103ldurii pe m\u0103sur\u0103 ce lichidul este consumat, ceea ce sus\u021bine o produc\u021bie de vapori mai constant\u0103 pe termen lung.<\/p>\n<\/li>\n<li data-start=\"1112\" data-end=\"1258\">\n<p data-start=\"1114\" data-end=\"1258\"><strong data-start=\"1114\" data-end=\"1152\">Trei camere pentru lichid (20ml \u00d73):<\/strong> volumul de lichid este \u00eemp\u0103r\u021bit pentru a sus\u021bine o livrare constant\u0103, \u00een loc s\u0103 se bazeze pe un singur rezervor mare.<\/p>\n<\/li>\n<li data-start=\"1259\" data-end=\"1451\">\n<p data-start=\"1261\" data-end=\"1451\"><strong data-start=\"1261\" data-end=\"1301\">Baterie de 850mAh cu afi\u0219aj digital:<\/strong> capacitatea bateriei este adaptat\u0103 pentru utilizarea zilnic\u0103 obi\u0219nuit\u0103, \u00een timp ce <strong data-start=\"1366\" data-end=\"1385\">Afi\u0219aj Digital<\/strong> arat\u0103 starea dispozitivului \u00een timp real, reduc\u00e2nd incertitudinea pentru utilizator.<\/p>\n<\/li>\n<li data-start=\"1696\" data-end=\"1852\">\n<p data-start=\"1698\" data-end=\"1852\"><strong data-start=\"1698\" data-end=\"1733\">Sistem de arom\u0103 reglabil 6 \u00een 1<\/strong> permite utilizatorilor s\u0103 comute \u00eentre op\u021biunile de arom\u0103 dintr-un singur dispozitiv, ajut\u00e2nd la evitarea oboselii de arom\u0103 \u00een timpul utiliz\u0103rii prelungite.<\/p>\n<\/li>\n<li data-start=\"1853\" data-end=\"1964\">\n<p data-start=\"1855\" data-end=\"1964\"><strong data-start=\"1855\" data-end=\"1874\">Afi\u0219aj Digital<\/strong> ofer\u0103 feedback vizibil \u00een loc s\u0103 se bazeze pe presupuneri atunci c\u00e2nd intensitatea vaporiilor se schimb\u0103.<\/p>\n<\/li>\n<li data-start=\"1965\" data-end=\"2065\">\n<p data-start=\"1967\" data-end=\"2065\"><strong data-start=\"1967\" data-end=\"1989\">Capacitate mare de puff-uri<\/strong> reduce frecven\u021ba \u00eenlocuirii, ceea ce conteaz\u0103 pentru utilizatorii obi\u0219nui\u021bi.<\/p>\n<\/li>\n<\/ul>\n<p>Pentru comercian\u021bi cu am\u0103nuntul \u0219i distribuitori, acelea\u0219i puncte fac ca dispozitivul s\u0103 fie mai u\u0219or de explicat, mai u\u0219or de suportat \u0219i potrivit pentru <strong data-start=\"2188\" data-end=\"2210\">Furnizor en gros<\/strong> canale care concureaz\u0103 pe <strong data-start=\"2236\" data-end=\"2251\">Pre\u021b Mic<\/strong> f\u0103r\u0103 a compromite credibilitatea.<\/p>\n<p><strong><span style=\"color: #ff0000;\">Adaug\u0103 whatsapp-ul lui Amy pentru a primi r\u0103spuns imediat \u0219i un cupon de vape!<\/span><\/strong><\/p>\n<p><img fetchpriority=\"high\" decoding=\"async\" class=\"size-full wp-image-2932\" src=\"https:\/\/vapestornado.com\/wp-content\/uploads\/2024\/12\/Vape-Wholesale.jpg\" alt=\"\u021aig\u0103ri electronice cu ridicata\" width=\"229\" height=\"300\" \/><\/p>\n<h3><a href=\"https:\/\/wa.me\/8617776015835\" target=\"_blank\" rel=\"noopener\"><span style=\"color: #ff0000;\"><strong>WhatsApp: +86 17776015835<\/strong><\/span><\/a><\/h3>\n<p>&nbsp;<\/p>\n<h2><strong>Caracteristici ale produsului OKSO 120k 120000 Puff<\/strong><\/h2>\n<table>\n<thead>\n<tr>\n<th>Caracteristic\u0103<\/th>\n<th>Specifica\u021bii<\/th>\n<th>Descriere<\/th>\n<\/tr>\n<\/thead>\n<tbody>\n<tr>\n<td>Brand<\/td>\n<td>OKSO<\/td>\n<td>Brand de vapare stabilit, concentrat pe dispozitive de unic\u0103 folosin\u021b\u0103 cu capacitate mare.<\/td>\n<\/tr>\n<tr>\n<td>Capacitate Pufuri<\/td>\n<td>P\u00e2n\u0103 la 120000 de pufuri<\/td>\n<td>Proiectat pentru utilizare extins\u0103; num\u0103rul real de pufuri variaz\u0103 \u00een func\u021bie de lungimea inhal\u0103rii \u0219i obiceiurile de utilizare.<\/td>\n<\/tr>\n<tr>\n<td>Structura rezisten\u021bei<\/td>\n<td>Rezisten\u021b\u0103 din plas\u0103 \u00d73<\/td>\n<td>Mai multe miezuri din plas\u0103 ajut\u0103 la distribuirea uniform\u0103 a c\u0103ldurii pentru o ie\u0219ire de vapori mai stabil\u0103 \u00een timp.<\/td>\n<\/tr>\n<tr>\n<td>Capacitate E-lichid<\/td>\n<td>20ml \u00d73<\/td>\n<td>Camerele de lichid divizate sus\u021bin o livrare constant\u0103 \u00een timpul ciclurilor lungi de utilizare.<\/td>\n<\/tr>\n<tr>\n<td>Op\u021biuni de nicotin\u0103<\/td>\n<td>2% \/ 5%<\/td>\n<td>Dou\u0103 op\u021biuni de intensitate pentru a se potrivi preferin\u021belor diferite ale adul\u021bilor (depinde de pia\u021b\u0103).<\/td>\n<\/tr>\n<tr>\n<td>Capacitate Baterie<\/td>\n<td>850mAh<\/td>\n<td>Sus\u021bine utilizarea zilnic\u0103 regulat\u0103 \u0219i o ie\u0219ire stabil\u0103 \u00een timpul sesiunilor extinse.<\/td>\n<\/tr>\n<tr>\n<td>Afi\u0219aj<\/td>\n<td>Afi\u0219aj Digital<\/td>\n<td>Arat\u0103 clar starea dispozitivului, reduc\u00e2nd incertitudinea \u00een timpul utiliz\u0103rii.<\/td>\n<\/tr>\n<tr>\n<td>Sistem de arome<\/td>\n<td>Ajustabil 6 \u00een 1 Arom\u0103<\/td>\n<td>Permite comutarea \u00eentre mai multe combina\u021bii de arome \u00eentr-un singur dispozitiv.<\/td>\n<\/tr>\n<tr>\n<td>Greutatea produsului<\/td>\n<td>166g<\/td>\n<td>Construc\u021bie solid\u0103, proiectat\u0103 pentru utilizare cu capacitate mare.<\/td>\n<\/tr>\n<tr>\n<td>Dimensiunea produsului<\/td>\n<td>51 \u00d7 51 \u00d7 131mm<\/td>\n<td>Compact pentru capacitatea sa, \u00een timp ce g\u0103zduie\u0219te structura intern\u0103.<\/td>\n<\/tr>\n<\/tbody>\n<\/table>\n<figure id=\"attachment_4705\" aria-describedby=\"caption-attachment-4705\" style=\"width: 300px\" class=\"wp-caption alignnone\"><img decoding=\"async\" class=\"size-medium wp-image-4705\" src=\"https:\/\/vapestornado.com\/wp-content\/uploads\/2025\/12\/OKSO-120K-120000-Puff-Disposable-Vape-POD-300x300.webp\" alt=\"OKSO 120K 120000 Puff Vape de unic\u0103 folosin\u021b\u0103 POD\" width=\"300\" height=\"300\" srcset=\"https:\/\/vapestornado.com\/wp-content\/uploads\/2025\/12\/OKSO-120K-120000-Puff-Disposable-Vape-POD-300x300.webp 300w, https:\/\/vapestornado.com\/wp-content\/uploads\/2025\/12\/OKSO-120K-120000-Puff-Disposable-Vape-POD-150x150.webp 150w, https:\/\/vapestornado.com\/wp-content\/uploads\/2025\/12\/OKSO-120K-120000-Puff-Disposable-Vape-POD-768x768.webp 768w, https:\/\/vapestornado.com\/wp-content\/uploads\/2025\/12\/OKSO-120K-120000-Puff-Disposable-Vape-POD-12x12.webp 12w, https:\/\/vapestornado.com\/wp-content\/uploads\/2025\/12\/OKSO-120K-120000-Puff-Disposable-Vape-POD-600x600.webp 600w, https:\/\/vapestornado.com\/wp-content\/uploads\/2025\/12\/OKSO-120K-120000-Puff-Disposable-Vape-POD-100x100.webp 100w, https:\/\/vapestornado.com\/wp-content\/uploads\/2025\/12\/OKSO-120K-120000-Puff-Disposable-Vape-POD.webp 800w\" sizes=\"(max-width: 300px) 100vw, 300px\" \/><figcaption id=\"caption-attachment-4705\" class=\"wp-caption-text\">OKSO 120K 120000 Puff Vape de unic\u0103 folosin\u021b\u0103 POD<\/figcaption><\/figure>\n<h2 class=\"product-title\"><strong>OKSO 120k 120000 Puff List\u0103 de arome Puff<\/strong><\/h2>\n<p data-start=\"2550\" data-end=\"2736\">Fiecare dispozitiv OKSO 120k include <strong data-start=\"4483\" data-end=\"4502\">10 seturi de arome<\/strong>, \u0219i fiecare set con\u021bine <strong data-start=\"4526\" data-end=\"4545\">3 arome de baz\u0103<\/strong> \u0219i 3 arome combinate care pot fi folosite individual sau ca combina\u021bii pereche. Aceast\u0103 structur\u0103 permite schimbarea aromelor f\u0103r\u0103 a schimba dispozitivele \u0219i acoper\u0103 profile de fructe, ghea\u021b\u0103, bomboane, b\u0103uturi \u0219i amestecuri, preferate \u00een mod obi\u0219nuit pe pie\u021bele europene.<\/p>\n<p data-start=\"238\" data-end=\"252\">1. C\u0103p\u0219un\u0103 Ghea\u021b\u0103 \/ Lush Ice \/ Mamba<br data-start=\"290\" data-end=\"293\" \/>C\u0103p\u0219un\u0103 Ghea\u021b\u0103 + Lush Ice \/ Mamba + C\u0103p\u0219un\u0103 Ghea\u021b\u0103 \/ Lush Ice + Mamba<\/p>\n<p data-start=\"369\" data-end=\"383\">2. Urs de gum\u0103 cu c\u0103p\u0219uni \/ Ananas Ghea\u021b\u0103 \/ Limonad\u0103 Blue Razz<br data-start=\"446\" data-end=\"449\" \/>Urs de gum\u0103 cu c\u0103p\u0219uni + Ananas Ghea\u021b\u0103 \/ Urs de gum\u0103 cu c\u0103p\u0219uni + Limonad\u0103 Blue Razz \/ Limonad\u0103 Blue Razz + Ananas Ghea\u021b\u0103<\/p>\n<p data-start=\"575\" data-end=\"589\">3. Blue Razz \/ L\u0103m\u00e2ie Lime \/ Cire\u0219e Ghea\u021b\u0103<br data-start=\"629\" data-end=\"632\" \/>Blue Razz + Cire\u0219e Ghea\u021b\u0103 \/ Blue Razz + L\u0103m\u00e2ie Lime \/ L\u0103m\u00e2ie Lime + Cire\u0219e Ghea\u021b\u0103<\/p>\n<p data-start=\"712\" data-end=\"726\">4. Kiwi Passion Fruit Guava \/ Fructul Dragonului Ghea\u021b\u0103 \/ Afine Ghea\u021b\u0103<br data-start=\"790\" data-end=\"793\" \/>Kiwi Passion Fruit Guava + Afine Ghea\u021b\u0103 \/ Kiwi Passion Fruit Guava + Fructul Dragonului Ghea\u021b\u0103 \/ Fructul Dragonului Ghea\u021b\u0103 + Afine Ghea\u021b\u0103<\/p>\n<p data-start=\"921\" data-end=\"935\">5. Dou\u0103 mere \/ Fanta \/ Red Bull<br data-start=\"968\" data-end=\"971\" \/>Dou\u0103 mere + Red Bull \/ Dou\u0103 mere + Fanta \/ Fanta + Red Bull<\/p>\n<p data-start=\"1037\" data-end=\"1051\">6. M\u0103r acru portocaliu \/ Coac\u0103ze negre \/ Strugure Ghea\u021b\u0103<br data-start=\"1101\" data-end=\"1104\" \/>M\u0103r acru portocaliu + Coac\u0103ze negre \/ M\u0103r acru portocaliu + Coac\u0103ze negre \/ Coac\u0103ze negre + Strugure Ghea\u021b\u0103<\/p>\n<p data-start=\"1204\" data-end=\"1218\">7. C\u0103p\u0219un\u0103 Pepene \/ Mango Ghea\u021b\u0103 \/ Piersic\u0103 Ghea\u021b\u0103<br data-start=\"1268\" data-end=\"1271\" \/>Pepene Verde cu C\u0103p\u0219uni + Ghea\u021b\u0103 de Piersici \/ Pepene Verde cu C\u0103p\u0219uni + Ghea\u021b\u0103 de Mango \/ Ghea\u021b\u0103 de Mango + Ghea\u021b\u0103 de Piersici<\/p>\n<p data-start=\"1371\" data-end=\"1385\">8. Zmeur\u0103 cu C\u0103p\u0219uni \/ Fruct Kiwi \/ Mango cu C\u0103p\u0219uni<br data-start=\"1442\" data-end=\"1445\" \/>Zmeur\u0103 cu C\u0103p\u0219uni + Mango cu C\u0103p\u0219uni \/ Zmeur\u0103 cu C\u0103p\u0219uni + Fruct Kiwi \/ Fruct Kiwi + Mango cu C\u0103p\u0219uni<\/p>\n<p data-start=\"1559\" data-end=\"1573\">9. Kiwi cu C\u0103p\u0219uni \/ Ment\u0103 Rece \/ Ghea\u021b\u0103 de Piersici cu Afine<br data-start=\"1627\" data-end=\"1630\" \/>Kiwi cu C\u0103p\u0219uni + Ghea\u021b\u0103 de Piersici cu Afine \/ Kiwi cu C\u0103p\u0219uni + Ment\u0103 Rece \/ Ment\u0103 Rece + Ghea\u021b\u0103 de Piersici cu Afine<\/p>\n<p data-start=\"1738\" data-end=\"1753\">10. Pere cu Mere \/ Fructe de P\u0103dure Mixte \/ Rodie cu C\u0103p\u0219uni<br data-start=\"1810\" data-end=\"1813\" \/>Pere cu Mere + Rodie cu C\u0103p\u0219uni \/ Pere cu Mere + Fructe de P\u0103dure Mixte \/ Fructe de P\u0103dure Mixte + Pere cu Mere<\/p>\n<div class=\"flex-shrink-0 flex flex-col relative items-end\">\n<div class=\"pt-0\">\n<div class=\"gizmo-bot-avatar flex h-8 w-8 items-center justify-center overflow-hidden rounded-full\">\n<div class=\"relative p-1 rounded-sm flex items-center justify-center bg-token-main-surface-primary text-token-text-primary h-8 w-8\">\n<h2 data-start=\"1200\" data-end=\"1487\">Vapes Tornado \u2013 Magazinul t\u0103u online en gros pentru cele mai bune m\u0103rci de vape-uri<\/h2>\n<p data-start=\"1200\" data-end=\"1487\"><strong data-start=\"141\" data-end=\"177\">Magazinul online de fumat Vapes Tornado<\/strong> este sursa ta de \u00eencredere pentru <strong data-start=\"205\" data-end=\"270\">vape-uri premium de unic\u0103 folosin\u021b\u0103 \u0219i \u021bigarete electronice en-gros \u00een Europa<\/strong>. Oferim branduri de top precum <strong data-start=\"307\" data-end=\"362\"><a href=\"https:\/\/vapestornado.com\/ro\/product\/randm-12000-puffs-fumot-digital-disposable-vape-wholesale-price\/\">Fumot VAPE<\/a>, <a href=\"https:\/\/vapestornado.com\/ro\/product\/original-wga-ultra-35k-35000-puff-rechargeable-crystal-disposable-nicotine-vape-best-discount-price\/\">WGA VAPE<\/a>, <\/strong><strong data-start=\"307\" data-end=\"362\"><a href=\"https:\/\/vapestornado.com\/ro\/product\/vozol-gear-shisha-25k-25000-puffs-best-dtl-disposable-vape-hookah-cheap-price\/\">VOZOL BAR VAPE<\/a>, \u00a0 Bang Vape<\/strong>, \u0219i altele, asigur\u00e2nd calitate \u0219i varietate pentru fiecare client. Fie c\u0103 e\u0219ti un vaper individual sau un cump\u0103r\u0103tor en-gros, livr\u0103m <strong data-start=\"481\" data-end=\"550\">dispozitive performante, designuri elegante \u0219i pre\u021buri competitive<\/strong> pentru a-\u021bi satisface nevoile.<\/p>\n<h2 data-start=\"2064\" data-end=\"2115\">\u00centreb\u0103ri frecvente despre OKSO 120k \u021aigar\u0103 Electronic\u0103 de Unic\u0103 Folosin\u021b\u0103 cu 120000 Puff-uri<\/h2>\n<p data-start=\"5010\" data-end=\"5178\"><strong data-start=\"5010\" data-end=\"5059\">1) Sunt garantate 120000 de puff-uri pentru fiecare utilizator?<\/strong><br data-start=\"5059\" data-end=\"5062\" \/>Nu. Num\u0103rul de puff-uri depinde de lungimea inhal\u0103rii, frecven\u021b\u0103 \u0219i stilul individual de utilizare. Reprezint\u0103 o \u021bint\u0103 maxim\u0103 de proiectare.<\/p>\n<p data-start=\"5180\" data-end=\"5363\"><strong data-start=\"5180\" data-end=\"5227\">2) Ce \u00eenseamn\u0103 arom\u0103 reglabil\u0103 6 \u00een 1?<\/strong><br data-start=\"5227\" data-end=\"5230\" \/>\u00censeamn\u0103 c\u0103 un dispozitiv permite comutarea \u00eentre mai multe op\u021biuni \u0219i combina\u021bii de arome, ajut\u00e2nd la reducerea oboselii gustative \u00een timpul utiliz\u0103rii prelungite.<\/p>\n<p data-start=\"5365\" data-end=\"5536\"><strong data-start=\"5365\" data-end=\"5414\">3) De ce acest dispozitiv folose\u0219te trei rezisten\u021be mesh?<\/strong><br data-start=\"5414\" data-end=\"5417\" \/>Utilizarea mai multor rezisten\u021be mesh ajut\u0103 la distribuirea mai uniform\u0103 a c\u0103ldurii, sus\u021bin\u00e2nd o produc\u021bie constant\u0103 de vapori \u00een timpul utiliz\u0103rii prelungite.<\/p>\n<p data-start=\"5538\" data-end=\"5709\"><strong data-start=\"5538\" data-end=\"5592\">4) Ce informa\u021bii afi\u0219eaz\u0103 ecranul digital?<\/strong><br data-start=\"5592\" data-end=\"5595\" \/>Afi\u0219ajul ofer\u0103 o stare vizibil\u0103 a dispozitivului, astfel \u00eenc\u00e2t utilizatorii s\u0103 poat\u0103 \u00een\u021belege mai bine modific\u0103rile de performan\u021b\u0103 \u00een loc s\u0103 ghiceasc\u0103.<\/p>\n<p data-start=\"5711\" data-end=\"5913\"><strong data-start=\"5711\" data-end=\"5766\">5) Este acest produs potrivit pentru achizi\u021bii en-gros?<\/strong><br data-start=\"5766\" data-end=\"5769\" \/>Da. Setul de caracteristici, designul stabil al performan\u021bei \u0219i structura pre\u021burilor \u00eel fac potrivit pentru <strong data-start=\"5861\" data-end=\"5883\">Furnizor en gros<\/strong> distribu\u021bie \u0219i comenzi \u00een vrac.<\/p>\n<p data-start=\"5915\" data-end=\"6067\" data-is-last-node=\"\" data-is-only-node=\"\">Dac\u0103 dori\u021bi, pot preg\u0103ti \u0219i un <strong data-start=\"5949\" data-end=\"5974\">list\u0103 B2B scurtat\u0103<\/strong>, un <strong data-start=\"5978\" data-end=\"6007\">fi\u0219\u0103 tehnic\u0103 doar cu specifica\u021bii<\/strong>, sau un <strong data-start=\"6014\" data-end=\"6041\">versiune specific\u0103 pie\u021bei<\/strong> pentru diferite regiuni UE.<\/p>\n<\/div>\n<\/div>\n<\/div>\n<\/div>","protected":false},"excerpt":{"rendered":"<p data-start=\"3411\" data-end=\"3490\">Sistemul <strong data-start=\"35\" data-end=\"53\">OKSO 120k Puf<\/strong> este de mare capacitate <strong data-start=\"73\" data-end=\"93\">Vaporizar de unic\u0103 folosin\u021b\u0103<\/strong> livrare p\u00e2n\u0103 la <strong data-start=\"111\" data-end=\"127\">120000 de pufuri<\/strong> cu un <strong data-start=\"135\" data-end=\"161\">6 \u00een 1 multiple arome<\/strong> sistem reglabil. Dispune de o <strong data-start=\"195\" data-end=\"214\">afi\u0219aj digital<\/strong>, <strong data-start=\"216\" data-end=\"237\">rezisten\u021be triple mesh<\/strong>, <strong data-start=\"239\" data-end=\"269\">capacitate de 20ml \u00d7 3 pentru lichid electronic<\/strong>, \u0219i un <strong data-start=\"278\" data-end=\"296\">baterie de 850mAh<\/strong> pentru performan\u021b\u0103 stabil\u0103 pe termen lung. Conceput pentru utilizatori adul\u021bi \u0219i aprovizionare en gros, <strong data-start=\"383\" data-end=\"427\">E-cig de unic\u0103 folosin\u021b\u0103 OKSO 120000 Pufuri<\/strong>\u00a0ofer\u0103 control practic al aromei la o <strong data-start=\"466\" data-end=\"481\">pre\u021bul mic<\/strong>, cu op\u021biunea de <strong data-start=\"502\" data-end=\"516\">cump\u0103rare online<\/strong> de la un furnizor en gros de \u00eencredere.<\/p>\n<p><strong>Ad\u0103uga\u021bi-o pe Amy pe WhatsApp pentru a ob\u021bine un r\u0103spuns corect \u0219i un pre\u021b redus!<\/strong><\/p>\n<p><img fetchpriority=\"high\" decoding=\"async\" class=\"size-full wp-image-2932\" src=\"https:\/\/vapestornado.com\/wp-content\/uploads\/2024\/12\/Vape-Wholesale.jpg\" alt=\"\u021aig\u0103ri electronice cu ridicata\" width=\"229\" height=\"300\" \/><\/p>\n<h3><a href=\"https:\/\/wa.me\/8617776015835\"><span style=\"color: #ff0000;\"><strong>WhatsApp: +86 17776015835<\/strong><\/span><\/a><\/h3>","protected":false},"featured_media":4707,"comment_status":"open","ping_status":"closed","template":"","meta":{"_acf_changed":false,"_uag_custom_page_level_css":"","_lmt_disableupdate":"no","_lmt_disable":"","_monsterinsights_skip_tracking":false,"_monsterinsights_sitenote_active":false,"_monsterinsights_sitenote_note":"","_monsterinsights_sitenote_category":0,"site-sidebar-layout":"default","site-content-layout":"","ast-site-content-layout":"default","site-content-style":"default","site-sidebar-style":"default","ast-global-header-display":"","ast-banner-title-visibility":"","ast-main-header-display":"","ast-hfb-above-header-display":"","ast-hfb-below-header-display":"","ast-hfb-mobile-header-display":"","site-post-title":"","ast-breadcrumbs-content":"","ast-featured-img":"","footer-sml-layout":"","ast-disable-related-posts":"","theme-transparent-header-meta":"default","adv-header-id-meta":"","stick-header-meta":"","header-above-stick-meta":"","header-main-stick-meta":"","header-below-stick-meta":"","astra-migrate-meta-layouts":"set","ast-page-background-enabled":"default","ast-page-background-meta":{"desktop":{"background-color":"","background-image":"","background-repeat":"repeat","background-position":"center center","background-size":"auto","background-attachment":"scroll","background-type":"","background-media":"","overlay-type":"","overlay-color":"","overlay-opacity":"","overlay-gradient":""},"tablet":{"background-color":"","background-image":"","background-repeat":"repeat","background-position":"center center","background-size":"auto","background-attachment":"scroll","background-type":"","background-media":"","overlay-type":"","overlay-color":"","overlay-opacity":"","overlay-gradient":""},"mobile":{"background-color":"","background-image":"","background-repeat":"repeat","background-position":"center center","background-size":"auto","background-attachment":"scroll","background-type":"","background-media":"","overlay-type":"","overlay-color":"","overlay-opacity":"","overlay-gradient":""}},"ast-content-background-meta":{"desktop":{"background-color":"var(--ast-global-color-5)","background-image":"","background-repeat":"repeat","background-position":"center center","background-size":"auto","background-attachment":"scroll","background-type":"","background-media":"","overlay-type":"","overlay-color":"","overlay-opacity":"","overlay-gradient":""},"tablet":{"background-color":"var(--ast-global-color-5)","background-image":"","background-repeat":"repeat","background-position":"center center","background-size":"auto","background-attachment":"scroll","background-type":"","background-media":"","overlay-type":"","overlay-color":"","overlay-opacity":"","overlay-gradient":""},"mobile":{"background-color":"var(--ast-global-color-5)","background-image":"","background-repeat":"repeat","background-position":"center center","background-size":"auto","background-attachment":"scroll","background-type":"","background-media":"","overlay-type":"","overlay-color":"","overlay-opacity":"","overlay-gradient":""}},"_joinchat":[]},"product_brand":[],"product_cat":[347,153,158,142,144,146,60],"product_tag":[387,287,503,502,501,393],"class_list":{"0":"post-4702","1":"product","2":"type-product","3":"status-publish","4":"has-post-thumbnail","6":"product_cat-120000-puff","7":"product_cat-buy-disposable-vapes-in-italy","8":"product_cat-buy-disposable-vapes-in-spain","9":"product_cat-digital-box-disposable-vapes","10":"product_cat-low-nicotine-disposable-vapes","11":"product_cat-rechargeable-disposable-vapes","12":"product_cat-waspe-fihp-vape","13":"product_tag-cigarette-vapor","14":"product_tag-disposable-vape-pen","15":"product_tag-multi-flavor-disposable-vape","16":"product_tag-okso-120000-puff","17":"product_tag-okso-120k","18":"product_tag-vape-cartridge","19":"desktop-align-left","20":"tablet-align-left","21":"mobile-align-left","23":"first","24":"instock","25":"sale","26":"shipping-taxable","27":"purchasable","28":"product-type-simple"},"acf":[],"uagb_featured_image_src":{"full":["https:\/\/vapestornado.com\/wp-content\/uploads\/2025\/12\/OKSO-120K-120000-Puff-Disposable-Vaper.webp",800,800,false],"thumbnail":["https:\/\/vapestornado.com\/wp-content\/uploads\/2025\/12\/OKSO-120K-120000-Puff-Disposable-Vaper-150x150.webp",150,150,true],"medium":["https:\/\/vapestornado.com\/wp-content\/uploads\/2025\/12\/OKSO-120K-120000-Puff-Disposable-Vaper-300x300.webp",300,300,true],"medium_large":["https:\/\/vapestornado.com\/wp-content\/uploads\/2025\/12\/OKSO-120K-120000-Puff-Disposable-Vaper-768x768.webp",768,768,true],"large":["https:\/\/vapestornado.com\/wp-content\/uploads\/2025\/12\/OKSO-120K-120000-Puff-Disposable-Vaper.webp",800,800,false],"1536x1536":["https:\/\/vapestornado.com\/wp-content\/uploads\/2025\/12\/OKSO-120K-120000-Puff-Disposable-Vaper.webp",800,800,false],"2048x2048":["https:\/\/vapestornado.com\/wp-content\/uploads\/2025\/12\/OKSO-120K-120000-Puff-Disposable-Vaper.webp",800,800,false],"trp-custom-language-flag":["https:\/\/vapestornado.com\/wp-content\/uploads\/2025\/12\/OKSO-120K-120000-Puff-Disposable-Vaper-12x12.webp",12,12,true],"woocommerce_thumbnail":["https:\/\/vapestornado.com\/wp-content\/uploads\/2025\/12\/OKSO-120K-120000-Puff-Disposable-Vaper-300x300.webp",300,300,true],"woocommerce_single":["https:\/\/vapestornado.com\/wp-content\/uploads\/2025\/12\/OKSO-120K-120000-Puff-Disposable-Vaper-600x600.webp",600,600,true],"woocommerce_gallery_thumbnail":["https:\/\/vapestornado.com\/wp-content\/uploads\/2025\/12\/OKSO-120K-120000-Puff-Disposable-Vaper-100x100.webp",100,100,true]},"uagb_author_info":{"display_name":"ESAMY","author_link":"https:\/\/vapestornado.com\/ro\/author\/"},"uagb_comment_info":0,"uagb_excerpt":"The OKSO 120k Puff is a high-capacity Disposable Vaper delivering up to 120000 puffs with a 6 in 1 multiple flavor adjustable system. It features a digital display, triple mesh coils, 20ml \u00d7 3 e-liquid capacity, and an 850mAh battery for stable, long-term performance. Designed for adult users and wholesale supply, the OKSO 120000 Puffs&hellip;","_links":{"self":[{"href":"https:\/\/vapestornado.com\/ro\/wp-json\/wp\/v2\/product\/4702","targetHints":{"allow":["GET"]}}],"collection":[{"href":"https:\/\/vapestornado.com\/ro\/wp-json\/wp\/v2\/product"}],"about":[{"href":"https:\/\/vapestornado.com\/ro\/wp-json\/wp\/v2\/types\/product"}],"replies":[{"embeddable":true,"href":"https:\/\/vapestornado.com\/ro\/wp-json\/wp\/v2\/comments?post=4702"}],"wp:featuredmedia":[{"embeddable":true,"href":"https:\/\/vapestornado.com\/ro\/wp-json\/wp\/v2\/media\/4707"}],"wp:attachment":[{"href":"https:\/\/vapestornado.com\/ro\/wp-json\/wp\/v2\/media?parent=4702"}],"wp:term":[{"taxonomy":"product_brand","embeddable":true,"href":"https:\/\/vapestornado.com\/ro\/wp-json\/wp\/v2\/product_brand?post=4702"},{"taxonomy":"product_cat","embeddable":true,"href":"https:\/\/vapestornado.com\/ro\/wp-json\/wp\/v2\/product_cat?post=4702"},{"taxonomy":"product_tag","embeddable":true,"href":"https:\/\/vapestornado.com\/ro\/wp-json\/wp\/v2\/product_tag?post=4702"}],"curies":[{"name":"wp","href":"https:\/\/api.w.org\/{rel}","templated":true}]}}