{"id":4683,"date":"2025-12-13T07:01:25","date_gmt":"2025-12-13T07:01:25","guid":{"rendered":"https:\/\/vapestornado.com\/?post_type=product&#038;p=4683"},"modified":"2025-12-13T07:24:55","modified_gmt":"2025-12-13T07:24:55","slug":"hifancy-legend-20000-puff-disposable-vape-wholesale-e-cigarette-online","status":"publish","type":"product","link":"https:\/\/vapestornado.com\/ro\/product\/hifancy-legend-20000-puff-disposable-vape-wholesale-e-cigarette-online\/","title":{"rendered":"HIFANCY Legend 20000 Pufuri Vape de unic\u0103 folosin\u021b\u0103 en-gros E-cigaret\u0103 online"},"content":{"rendered":"<h2 data-start=\"0\" data-end=\"73\">HIFANCY Legend 20000 Pufuri Vape de unic\u0103 folosin\u021b\u0103 en-gros E-cigaret\u0103 online<\/h2>\n<p data-start=\"75\" data-end=\"474\">Sistemul <strong data-start=\"79\" data-end=\"108\">HIFANCY Legend 20000 Pufuri<\/strong> este construit pentru adul\u021bi care doresc o e-cigaret\u0103 de unic\u0103 folosin\u021b\u0103 cu capacitate mare, baterie re\u00eenc\u0103rcabil\u0103, livrare puternic\u0103 de arom\u0103 \u0219i op\u021biunea de a ajusta stilul de inhalare. Pentru comercian\u021bi \u0219i distribuitori, <strong data-start=\"122\" data-end=\"144\">HIFANCY Legend 20k este<\/strong>\u00a0pozi\u021bionat ca un SKU simplu: num\u0103r mare de pufuri, capacitate mare de lichid \u0219i un sistem de bobine proiectat pentru a men\u021bine aroma constant\u0103 pe durata utiliz\u0103rii.<\/p>\n<h2 data-start=\"615\" data-end=\"666\">Ce cump\u0103ra\u021bi de fapt<\/h2>\n<ul data-start=\"668\" data-end=\"1165\">\n<li data-start=\"668\" data-end=\"756\">\n<p data-start=\"670\" data-end=\"756\"><strong data-start=\"670\" data-end=\"692\">Utilizare cu capacitate mare:<\/strong> p\u00e2n\u0103 la <strong data-start=\"699\" data-end=\"715\">20.000 de pufuri<\/strong> pentru o durat\u0103 lung\u0103 \u00eentre \u00eenlocuiri<\/p>\n<\/li>\n<li data-start=\"757\" data-end=\"813\">\n<p data-start=\"759\" data-end=\"813\"><strong data-start=\"759\" data-end=\"784\">Stocare mare de lichid:<\/strong> <strong data-start=\"785\" data-end=\"811\">Capacitate 30ml e-lichid<\/strong><\/p>\n<\/li>\n<li data-start=\"814\" data-end=\"891\">\n<p data-start=\"816\" data-end=\"891\"><strong data-start=\"816\" data-end=\"839\">Putere re\u00eenc\u0103rcabil\u0103:<\/strong> <strong data-start=\"840\" data-end=\"858\">Baterie de 750mAh<\/strong> pentru a sus\u021bine num\u0103rul mare de pufuri<\/p>\n<\/li>\n<li data-start=\"892\" data-end=\"990\">\n<p data-start=\"894\" data-end=\"990\"><strong data-start=\"894\" data-end=\"919\">Bobin\u0103 axat\u0103 pe arom\u0103:<\/strong> <strong data-start=\"920\" data-end=\"940\">Dubl\u0103 bobin\u0103 mesh<\/strong> pentru o livrare mai puternic\u0103 de arom\u0103 \u0219i vapori mai stabili<\/p>\n<\/li>\n<li data-start=\"991\" data-end=\"1079\">\n<p data-start=\"993\" data-end=\"1079\"><strong data-start=\"993\" data-end=\"1013\">Sim\u021bire ajustabil\u0103:<\/strong> <strong data-start=\"1014\" data-end=\"1035\">dou\u0103 moduri de \u00eenc\u0103lzire<\/strong> a\u0219adar, vaporizatorul poate fi mai moale sau mai intens<\/p>\n<\/li>\n<li data-start=\"1080\" data-end=\"1165\">\n<p data-start=\"1082\" data-end=\"1165\"><strong data-start=\"1082\" data-end=\"1103\">Op\u021biuni de nicotin\u0103:<\/strong> <strong data-start=\"1104\" data-end=\"1121\">2%, 3% sau 5%<\/strong> (disponibilitatea depinde de comanda\/marketul t\u0103u)<\/p>\n<\/li>\n<\/ul>\n<h2 data-start=\"1476\" data-end=\"1518\">De ce clien\u021bii au \u00eencredere \u00een acest dispozitiv HIFANCY Legend 20k<\/h2>\n<p data-start=\"1520\" data-end=\"1616\">\u00cencredere \u00eentr-un <strong data-start=\"1532\" data-end=\"1547\">\u021bigar\u0103 electronic\u0103<\/strong> nu este despre hype\u2014este despre performan\u021b\u0103 previzibil\u0103 \u0219i specifica\u021bii clare.<\/p>\n<p data-start=\"1618\" data-end=\"1650\"><strong data-start=\"1618\" data-end=\"1650\">Ce construie\u0219te \u00eencrederea aici:<\/strong><\/p>\n<ul data-start=\"1651\" data-end=\"2107\">\n<li data-start=\"1651\" data-end=\"1794\">\n<p data-start=\"1653\" data-end=\"1794\"><strong data-start=\"1653\" data-end=\"1695\">List\u0103 transparent\u0103 de capacitate \u0219i hardware<\/strong> (dimensiunea bateriei, volumul lichidului, tipul de bobin\u0103, modurile de \u00eenc\u0103lzire) astfel \u00eenc\u00e2t a\u0219tept\u0103rile s\u0103 fie stabilite \u00eenainte de achizi\u021bie.<\/p>\n<\/li>\n<li data-start=\"1795\" data-end=\"1950\">\n<p data-start=\"1797\" data-end=\"1950\"><strong data-start=\"1797\" data-end=\"1850\">Baterie re\u00eenc\u0103rcabil\u0103 compatibil\u0103 cu volumul de lichid<\/strong>, ceea ce conteaz\u0103: un dispozitiv cu foarte multe pufuri f\u0103r\u0103 re\u00eenc\u0103rcare tinde s\u0103 \u00ee\u0219i piard\u0103 performan\u021ba \u00eenainte ca lichidul s\u0103 fie consumat.<\/p>\n<\/li>\n<li data-start=\"1951\" data-end=\"2107\">\n<p data-start=\"1953\" data-end=\"2107\"><strong data-start=\"1953\" data-end=\"1980\">Design cu bobin\u0103 dubl\u0103 din plas\u0103<\/strong>, ales special pentru a men\u021bine consisten\u021ba aromei \u0219i a vaporilor pe o perioad\u0103 mai lung\u0103 de utilizare, mai degrab\u0103 dec\u00e2t s\u0103 ating\u0103 un v\u00e2rf precoce \u0219i s\u0103 scad\u0103.<\/p>\n<\/li>\n<\/ul>\n<h2 data-start=\"4583\" data-end=\"4628\">Livrare din depozitul din UE (viteza care conteaz\u0103)<\/h2>\n<p data-start=\"4630\" data-end=\"4837\">HIFANCY livreaz\u0103 dintr-un <strong data-start=\"4651\" data-end=\"4673\">depozitul nostru european<\/strong> cu o livrare tipic\u0103 de <strong data-start=\"4706\" data-end=\"4726\">3\u20137 zile lucr\u0103toare<\/strong>. Este practic pentru reaprovizionare \u0219i reduce incertitudinea asociat\u0103 cu timpii lungi de tranzit interna\u021bional.<\/p>\n<p><strong><span style=\"color: #ff0000;\">Adaug\u0103 whatsapp-ul lui Amy pentru a primi r\u0103spuns imediat \u0219i un cupon de vape!<\/span><\/strong><\/p>\n<p><img fetchpriority=\"high\" decoding=\"async\" class=\"size-full wp-image-2932\" src=\"https:\/\/vapestornado.com\/wp-content\/uploads\/2024\/12\/Vape-Wholesale.jpg\" alt=\"\u021aig\u0103ri electronice cu ridicata\" width=\"229\" height=\"300\" \/><\/p>\n<h3><a href=\"https:\/\/wa.me\/8617776015835\" target=\"_blank\" rel=\"noopener\"><span style=\"color: #ff0000;\"><strong>WhatsApp: +86 17776015835<\/strong><\/span><\/a><\/h3>\n<p>&nbsp;<\/p>\n<h2><strong>Caracteristici ale produsului HIFANCY Legend 20000 Puff<\/strong><\/h2>\n<ul data-start=\"1195\" data-end=\"1469\">\n<li data-start=\"1195\" data-end=\"1242\">\n<p data-start=\"1197\" data-end=\"1242\"><strong data-start=\"1197\" data-end=\"1214\">Numele produsului:<\/strong> HIFANCY Legend 20000 Pufuri<\/p>\n<\/li>\n<li data-start=\"1243\" data-end=\"1303\">\n<p data-start=\"1245\" data-end=\"1303\"><strong data-start=\"1245\" data-end=\"1255\">Pufuri:<\/strong> 20.000 (utilizare variaz\u0103 \u00een func\u021bie de lungimea \u0219i modul de tragere)<\/p>\n<\/li>\n<li data-start=\"1304\" data-end=\"1340\">\n<p data-start=\"1306\" data-end=\"1340\"><strong data-start=\"1306\" data-end=\"1318\">Baterie:<\/strong> Re\u00eenc\u0103rcabil\u0103 de 750mAh<\/p>\n<\/li>\n<li data-start=\"1341\" data-end=\"1372\">\n<p data-start=\"1343\" data-end=\"1372\"><strong data-start=\"1343\" data-end=\"1365\">Capacitate lichid electronic:<\/strong> 30ml<\/p>\n<\/li>\n<li data-start=\"1373\" data-end=\"1403\">\n<p data-start=\"1375\" data-end=\"1403\"><strong data-start=\"1375\" data-end=\"1384\">Rezisten\u021b\u0103:<\/strong> Dubl\u0103 bobin\u0103 mesh<\/p>\n<\/li>\n<li data-start=\"1404\" data-end=\"1430\">\n<p data-start=\"1406\" data-end=\"1430\"><strong data-start=\"1406\" data-end=\"1418\">\u00cenc\u0103lzire:<\/strong> Dou\u0103 moduri<\/p>\n<\/li>\n<li data-start=\"1431\" data-end=\"1469\">\n<p data-start=\"1433\" data-end=\"1469\"><strong data-start=\"1433\" data-end=\"1456\">Niveluri de nicotin\u0103:<\/strong> 2% \/ 3% \/ 5%<\/p>\n<\/li>\n<\/ul>\n<figure id=\"attachment_4678\" aria-describedby=\"caption-attachment-4678\" style=\"width: 300px\" class=\"wp-caption alignnone\"><img decoding=\"async\" class=\"size-medium wp-image-4678\" src=\"https:\/\/vapestornado.com\/wp-content\/uploads\/2025\/12\/HIFANCY-Legend-20k-20000-Disposable-Vape-with-Screen-300x300.webp\" alt=\"HIFANCY Legend 20k 20000 Vape de unic\u0103 folosin\u021b\u0103 cu ecran\" width=\"300\" height=\"300\" srcset=\"https:\/\/vapestornado.com\/wp-content\/uploads\/2025\/12\/HIFANCY-Legend-20k-20000-Disposable-Vape-with-Screen-300x300.webp 300w, https:\/\/vapestornado.com\/wp-content\/uploads\/2025\/12\/HIFANCY-Legend-20k-20000-Disposable-Vape-with-Screen-150x150.webp 150w, https:\/\/vapestornado.com\/wp-content\/uploads\/2025\/12\/HIFANCY-Legend-20k-20000-Disposable-Vape-with-Screen-768x768.webp 768w, https:\/\/vapestornado.com\/wp-content\/uploads\/2025\/12\/HIFANCY-Legend-20k-20000-Disposable-Vape-with-Screen-12x12.webp 12w, https:\/\/vapestornado.com\/wp-content\/uploads\/2025\/12\/HIFANCY-Legend-20k-20000-Disposable-Vape-with-Screen-600x600.webp 600w, https:\/\/vapestornado.com\/wp-content\/uploads\/2025\/12\/HIFANCY-Legend-20k-20000-Disposable-Vape-with-Screen-100x100.webp 100w, https:\/\/vapestornado.com\/wp-content\/uploads\/2025\/12\/HIFANCY-Legend-20k-20000-Disposable-Vape-with-Screen.webp 800w\" sizes=\"(max-width: 300px) 100vw, 300px\" \/><figcaption id=\"caption-attachment-4678\" class=\"wp-caption-text\">HIFANCY Legend 20k 20000 Vape de unic\u0103 folosin\u021b\u0103 cu ecran<\/figcaption><\/figure>\n<h2 class=\"product-title\"><strong>Lista de arome pentru Vape-ul HIFANCY 20000 Puff<\/strong><\/h2>\n<p>1. C\u0103p\u0219un\u0103 Mango<br \/>\n2. C\u0103p\u0219uni \u0219i pepene verde<br \/>\n3. B\u0103utur\u0103 energizant\u0103<br \/>\n4. Suc de c\u0103p\u0219un\u0103<br \/>\n5. Afine zmeur\u0103 strugure<br \/>\n6. Raz\u0103 albastr\u0103 cire\u0219<br \/>\n7. Kiwi fruct de pasiune guava<br \/>\n8. Zmeur\u0103 ap\u0103 de pepene galben<br \/>\n9. Gum\u0103 de mestecat cu pepene ro\u0219u<br \/>\n10. Piersic\u0103 fruct de p\u0103dure ghea\u021b\u0103<\/p>\n<div class=\"flex-shrink-0 flex flex-col relative items-end\">\n<div class=\"pt-0\">\n<div class=\"gizmo-bot-avatar flex h-8 w-8 items-center justify-center overflow-hidden rounded-full\">\n<h2 data-start=\"4844\" data-end=\"4888\">De ce s\u0103 cump\u0103ra\u021bi de la Vapes Tornado \u2013 Distribuitorul dvs. en-gros de vape-uri de unic\u0103 folosin\u021b\u0103<\/h2>\n<p data-start=\"4890\" data-end=\"4958\">Achizi\u021bionare printr-un <strong data-start=\"4903\" data-end=\"4933\">Distribuitor en-gros de vape de unic\u0103 folosin\u021b\u0103<\/strong> se refer\u0103 \u00een principal la control:<\/p>\n<ul data-start=\"4959\" data-end=\"5183\">\n<li data-start=\"4959\" data-end=\"5012\">\n<p data-start=\"4961\" data-end=\"5012\">Po\u021bi planifica inventarul \u00een jurul unor timpi de livrare fiabili<\/p>\n<\/li>\n<li data-start=\"5013\" data-end=\"5097\">\n<p data-start=\"5015\" data-end=\"5097\">Po\u021bi standardiza variantele cele mai v\u00e2ndute (niveluri de nicotin\u0103, arome populare)<\/p>\n<\/li>\n<li data-start=\"5098\" data-end=\"5183\">\n<p data-start=\"5100\" data-end=\"5183\">Evi\u021bi achizi\u021biile din \u201eloturi mixte\u201d care adesea cauzeaz\u0103 experien\u021be inconsistente pentru clien\u021bi<\/p>\n<\/li>\n<\/ul>\n<p data-start=\"5185\" data-end=\"5250\">Dac\u0103 magazinul t\u0103u depinde de cump\u0103r\u0103tori care revin, consisten\u021ba dep\u0103\u0219e\u0219te noutatea.<\/p>\n<\/div>\n<p data-start=\"5185\" data-end=\"5250\"><strong data-start=\"141\" data-end=\"177\">Magazinul online de fumat Vapes Tornado<\/strong> este sursa ta de \u00eencredere pentru <strong data-start=\"205\" data-end=\"270\">vape-uri premium de unic\u0103 folosin\u021b\u0103 \u0219i \u021bigarete electronice en-gros \u00een Europa<\/strong>. Oferim branduri de top precum <strong data-start=\"307\" data-end=\"362\"><a href=\"https:\/\/vapestornado.com\/ro\/product\/randm-12000-puffs-fumot-digital-disposable-vape-wholesale-price\/\">Fumot VAPE<\/a>, <a href=\"https:\/\/vapestornado.com\/ro\/product\/waspe-150k-150000-puff-6-in-1-disposable-vape-pen-cartridge-best-wholesale-price-in-poland\/\">\u021aIGAR\u0102 ELECTRONIC\u0102 WASPE<\/a>, <\/strong><strong data-start=\"307\" data-end=\"362\"><a href=\"https:\/\/vapestornado.com\/ro\/product\/vozol-gear-shisha-25k-25000-puffs-best-dtl-disposable-vape-hookah-cheap-price\/\">VOZOL BAR VAPE<\/a>, \u00a0 Bang Vape<\/strong>, \u0219i altele, asigur\u00e2nd calitate \u0219i varietate pentru fiecare client. Fie c\u0103 e\u0219ti un vaper individual sau un cump\u0103r\u0103tor en-gros, livr\u0103m <strong data-start=\"481\" data-end=\"550\">dispozitive performante, designuri elegante \u0219i pre\u021buri competitive<\/strong> pentru a-\u021bi satisface nevoile.<\/p>\n<div class=\"gizmo-bot-avatar flex h-8 w-8 items-center justify-center overflow-hidden rounded-full\">\n<div class=\"relative p-1 rounded-sm flex items-center justify-center bg-token-main-surface-primary text-token-text-primary h-8 w-8\">\n<h2 data-start=\"2064\" data-end=\"2115\">\u00centreb\u0103ri frecvente despre HIFANCY Legend 20k Puff Vape<\/h2>\n<p data-start=\"5721\" data-end=\"5865\"><strong data-start=\"5721\" data-end=\"5779\">Ofer\u0103 20.000 de pufuri \u00eenseamn\u0103 c\u0103 dureaz\u0103 la fel pentru to\u021bi?<\/strong><br data-start=\"5779\" data-end=\"5782\" \/>Nu. Num\u0103rul de pufuri depinde de lungimea inhal\u0103rii, modul de \u00eenc\u0103lzire \u0219i frecven\u021ba utiliz\u0103rii.<\/p>\n<p data-start=\"5867\" data-end=\"6086\"><strong data-start=\"5867\" data-end=\"5904\">V\u0103 va r\u0103m\u00e2ne aroma constant\u0103?<\/strong><br data-start=\"5904\" data-end=\"5907\" \/>Cilindrul cu plas\u0103 dubl\u0103 este conceput pentru a \u00eembun\u0103t\u0103\u021bi livrarea \u0219i stabilitatea aromei pe o perioad\u0103 mai lung\u0103 de utilizare comparativ cu configura\u021biile mai simple de bobine, dar rezultatele din lumea real\u0103 depind \u00eenc\u0103 de stilul de utilizare.<\/p>\n<p data-start=\"6088\" data-end=\"6253\"><strong data-start=\"6088\" data-end=\"6109\">Este re\u00eenc\u0103rcabil?<\/strong><br data-start=\"6109\" data-end=\"6112\" \/>Este pozi\u021bionat ca un dispozitiv de unic\u0103 folosin\u021b\u0103 cu capacitate mare, cu <strong data-start=\"6163\" data-end=\"6171\">30ml<\/strong> lichid electronic pre-umplut; \u00eencarci bateria, dar nu este destinat s\u0103 fie reumplut.<\/p>\n<\/div>\n<\/div>\n<\/div>\n<\/div>","protected":false},"excerpt":{"rendered":"<div class=\"flex flex-col text-sm @w-xl\/main:pt-header-height pb-25\">\n<article class=\"text-token-text-primary w-full focus:outline-none [--shadow-height:45px] has-data-writing-block:pointer-events-none has-data-writing-block:-mt-(--shadow-height) has-data-writing-block:pt-(--shadow-height) [&amp;:has([data-writing-block])&gt;*]:pointer-events-auto scroll-mt-[calc(var(--header-height)+min(200px,max(70px,20svh)))]\" dir=\"auto\" tabindex=\"-1\" data-turn-id=\"a4553bcb-7aea-49d6-9fac-81ba76f7aa52\" data-testid=\"conversation-turn-52\" data-scroll-anchor=\"true\" data-turn=\"assistant\">\n<div class=\"text-base my-auto mx-auto pb-10 [--thread-content-margin:--spacing(4)] @w-sm\/main:[--thread-content-margin:--spacing(6)] @w-lg\/main:[--thread-content-margin:--spacing(16)] px-(--thread-content-margin)\">\n<div class=\"[--thread-content-max-width:40rem] @w-lg\/main:[--thread-content-max-width:48rem] mx-auto max-w-(--thread-content-max-width) flex-1 group\/turn-messages focus-visible:outline-hidden relative flex w-full min-w-0 flex-col agent-turn\" tabindex=\"-1\">\n<div class=\"flex max-w-full flex-col grow\">\n<div class=\"min-h-8 text-message relative flex w-full flex-col items-end gap-2 text-start break-words whitespace-normal [.text-message+&amp;]:mt-1\" dir=\"auto\" data-message-author-role=\"assistant\" data-message-id=\"337d04d0-1322-4696-922d-486732393dc5\" data-message-model-slug=\"gpt-5-2-thinking\">\n<div class=\"flex w-full flex-col gap-1 empty:hidden first:pt-[1px]\">\n<div class=\"markdown prose dark:prose-invert w-full break-words light markdown-new-styling\">\n<p data-start=\"4468\" data-end=\"4743\" data-is-last-node=\"\" data-is-only-node=\"\">Sistemul <strong data-start=\"289\" data-end=\"318\" data-is-only-node=\"\">HIFANCY Legend 20000 Pufuri<\/strong> este o e-cigaret\u0103 de unic\u0103 folosin\u021b\u0103 cu capacitate mare, proiectat\u0103 pentru utilizare de durat\u0103 \u0219i arom\u0103 consistent\u0103. Are p\u00e2n\u0103 la 20.000 de pufuri, o capacitate de 30ml pentru lichid, o baterie re\u00eenc\u0103rcabil\u0103 de 750mAh \u0219i o bobin\u0103 cu plas\u0103 dubl\u0103 pentru un vapori stabili. Cu dou\u0103 moduri de \u00eenc\u0103lzire \u0219i multiple op\u021biuni de nicotin\u0103, se potrive\u0219te utilizatorilor adul\u021bi care doresc un produs durabil \u0219i fiabil la un pre\u021b en-gros competitiv.<\/p>\n<\/div>\n<\/div>\n<\/div>\n<\/div>\n<div class=\"z-0 flex min-h-[46px] justify-start\"><\/div>\n<\/div>\n<\/div>\n<\/article>\n<\/div>\n<p><strong>Ad\u0103uga\u021bi-o pe Amy pe WhatsApp pentru a ob\u021bine un r\u0103spuns corect \u0219i un pre\u021b redus!<\/strong><\/p>\n<p><img fetchpriority=\"high\" decoding=\"async\" class=\"size-full wp-image-2932\" src=\"https:\/\/vapestornado.com\/wp-content\/uploads\/2024\/12\/Vape-Wholesale.jpg\" alt=\"\u021aig\u0103ri electronice cu ridicata\" width=\"229\" height=\"300\" \/><\/p>\n<h3><a href=\"https:\/\/wa.me\/8617776015835\"><span style=\"color: #ff0000;\"><strong>WhatsApp: +86 17776015835<\/strong><\/span><\/a><\/h3>","protected":false},"featured_media":4682,"comment_status":"open","ping_status":"closed","template":"","meta":{"_acf_changed":false,"_uag_custom_page_level_css":"","_lmt_disableupdate":"no","_lmt_disable":"","_monsterinsights_skip_tracking":false,"_monsterinsights_sitenote_active":false,"_monsterinsights_sitenote_note":"","_monsterinsights_sitenote_category":0,"site-sidebar-layout":"default","site-content-layout":"","ast-site-content-layout":"default","site-content-style":"default","site-sidebar-style":"default","ast-global-header-display":"","ast-banner-title-visibility":"","ast-main-header-display":"","ast-hfb-above-header-display":"","ast-hfb-below-header-display":"","ast-hfb-mobile-header-display":"","site-post-title":"","ast-breadcrumbs-content":"","ast-featured-img":"","footer-sml-layout":"","ast-disable-related-posts":"","theme-transparent-header-meta":"default","adv-header-id-meta":"","stick-header-meta":"","header-above-stick-meta":"","header-main-stick-meta":"","header-below-stick-meta":"","astra-migrate-meta-layouts":"set","ast-page-background-enabled":"default","ast-page-background-meta":{"desktop":{"background-color":"","background-image":"","background-repeat":"repeat","background-position":"center center","background-size":"auto","background-attachment":"scroll","background-type":"","background-media":"","overlay-type":"","overlay-color":"","overlay-opacity":"","overlay-gradient":""},"tablet":{"background-color":"","background-image":"","background-repeat":"repeat","background-position":"center center","background-size":"auto","background-attachment":"scroll","background-type":"","background-media":"","overlay-type":"","overlay-color":"","overlay-opacity":"","overlay-gradient":""},"mobile":{"background-color":"","background-image":"","background-repeat":"repeat","background-position":"center center","background-size":"auto","background-attachment":"scroll","background-type":"","background-media":"","overlay-type":"","overlay-color":"","overlay-opacity":"","overlay-gradient":""}},"ast-content-background-meta":{"desktop":{"background-color":"var(--ast-global-color-5)","background-image":"","background-repeat":"repeat","background-position":"center center","background-size":"auto","background-attachment":"scroll","background-type":"","background-media":"","overlay-type":"","overlay-color":"","overlay-opacity":"","overlay-gradient":""},"tablet":{"background-color":"var(--ast-global-color-5)","background-image":"","background-repeat":"repeat","background-position":"center center","background-size":"auto","background-attachment":"scroll","background-type":"","background-media":"","overlay-type":"","overlay-color":"","overlay-opacity":"","overlay-gradient":""},"mobile":{"background-color":"var(--ast-global-color-5)","background-image":"","background-repeat":"repeat","background-position":"center center","background-size":"auto","background-attachment":"scroll","background-type":"","background-media":"","overlay-type":"","overlay-color":"","overlay-opacity":"","overlay-gradient":""}},"_joinchat":[]},"product_brand":[],"product_cat":[69,152,156,142,492,357,146],"product_tag":[396,497,368,495,496,390,397],"class_list":{"0":"post-4683","1":"product","2":"type-product","3":"status-publish","4":"has-post-thumbnail","6":"product_cat-20000-puff","7":"product_cat-buy-disposable-vapes-in-cermany","8":"product_cat-buy-disposable-vapes-in-poland","9":"product_cat-digital-box-disposable-vapes","10":"product_cat-eu-warehouse","11":"product_cat-flavor-adjustable-vape","12":"product_cat-rechargeable-disposable-vapes","13":"product_tag-disposable-cigarette","14":"product_tag-disposable-vape-wholesaler","15":"product_tag-disposable-vapor","16":"product_tag-hifancy-legend-20000-puff","17":"product_tag-hifancy-legend-20k","18":"product_tag-online-vape-shop","19":"product_tag-vapor","20":"desktop-align-left","21":"tablet-align-left","22":"mobile-align-left","24":"first","25":"instock","26":"sale","27":"shipping-taxable","28":"purchasable","29":"product-type-simple"},"acf":[],"uagb_featured_image_src":{"full":["https:\/\/vapestornado.com\/wp-content\/uploads\/2025\/12\/HIFANCY-LEGEND-20000-Vape-Factory-Price.webp",800,800,false],"thumbnail":["https:\/\/vapestornado.com\/wp-content\/uploads\/2025\/12\/HIFANCY-LEGEND-20000-Vape-Factory-Price-150x150.webp",150,150,true],"medium":["https:\/\/vapestornado.com\/wp-content\/uploads\/2025\/12\/HIFANCY-LEGEND-20000-Vape-Factory-Price-300x300.webp",300,300,true],"medium_large":["https:\/\/vapestornado.com\/wp-content\/uploads\/2025\/12\/HIFANCY-LEGEND-20000-Vape-Factory-Price-768x768.webp",768,768,true],"large":["https:\/\/vapestornado.com\/wp-content\/uploads\/2025\/12\/HIFANCY-LEGEND-20000-Vape-Factory-Price.webp",800,800,false],"1536x1536":["https:\/\/vapestornado.com\/wp-content\/uploads\/2025\/12\/HIFANCY-LEGEND-20000-Vape-Factory-Price.webp",800,800,false],"2048x2048":["https:\/\/vapestornado.com\/wp-content\/uploads\/2025\/12\/HIFANCY-LEGEND-20000-Vape-Factory-Price.webp",800,800,false],"trp-custom-language-flag":["https:\/\/vapestornado.com\/wp-content\/uploads\/2025\/12\/HIFANCY-LEGEND-20000-Vape-Factory-Price-12x12.webp",12,12,true],"woocommerce_thumbnail":["https:\/\/vapestornado.com\/wp-content\/uploads\/2025\/12\/HIFANCY-LEGEND-20000-Vape-Factory-Price-300x300.webp",300,300,true],"woocommerce_single":["https:\/\/vapestornado.com\/wp-content\/uploads\/2025\/12\/HIFANCY-LEGEND-20000-Vape-Factory-Price-600x600.webp",600,600,true],"woocommerce_gallery_thumbnail":["https:\/\/vapestornado.com\/wp-content\/uploads\/2025\/12\/HIFANCY-LEGEND-20000-Vape-Factory-Price-100x100.webp",100,100,true]},"uagb_author_info":{"display_name":"ESAMY","author_link":"https:\/\/vapestornado.com\/ro\/author\/"},"uagb_comment_info":0,"uagb_excerpt":"The HIFANCY Legend 20000 Puff is a high-capacity disposable E-cigarette designed for long-lasting use and consistent flavour. It features up to 20,000 puffs, a 30ml e-liquid capacity, a 750mAh rechargeable battery, and a double mesh coil for stable vapour output. With two heating modes and multiple nicotine options, it suits adult users who want a&hellip;","_links":{"self":[{"href":"https:\/\/vapestornado.com\/ro\/wp-json\/wp\/v2\/product\/4683","targetHints":{"allow":["GET"]}}],"collection":[{"href":"https:\/\/vapestornado.com\/ro\/wp-json\/wp\/v2\/product"}],"about":[{"href":"https:\/\/vapestornado.com\/ro\/wp-json\/wp\/v2\/types\/product"}],"replies":[{"embeddable":true,"href":"https:\/\/vapestornado.com\/ro\/wp-json\/wp\/v2\/comments?post=4683"}],"wp:featuredmedia":[{"embeddable":true,"href":"https:\/\/vapestornado.com\/ro\/wp-json\/wp\/v2\/media\/4682"}],"wp:attachment":[{"href":"https:\/\/vapestornado.com\/ro\/wp-json\/wp\/v2\/media?parent=4683"}],"wp:term":[{"taxonomy":"product_brand","embeddable":true,"href":"https:\/\/vapestornado.com\/ro\/wp-json\/wp\/v2\/product_brand?post=4683"},{"taxonomy":"product_cat","embeddable":true,"href":"https:\/\/vapestornado.com\/ro\/wp-json\/wp\/v2\/product_cat?post=4683"},{"taxonomy":"product_tag","embeddable":true,"href":"https:\/\/vapestornado.com\/ro\/wp-json\/wp\/v2\/product_tag?post=4683"}],"curies":[{"name":"wp","href":"https:\/\/api.w.org\/{rel}","templated":true}]}}