{"id":4603,"date":"2025-11-28T07:57:59","date_gmt":"2025-11-28T07:57:59","guid":{"rendered":"https:\/\/vapestornado.com\/?post_type=product&#038;p=4603"},"modified":"2025-11-28T08:20:23","modified_gmt":"2025-11-28T08:20:23","slug":"airmez-fox-80000-puffs-2-in-1-best-80k-vape-wholesale-eu-warehouse","status":"publish","type":"product","link":"https:\/\/vapestornado.com\/ro\/product\/airmez-fox-80000-puffs-2-in-1-best-80k-vape-wholesale-eu-warehouse\/","title":{"rendered":"Airmez Fox 80000 Pufuri 2 \u00cen 1 Cel Mai Bun 80k Vape en-gros depozit din Rom\u00e2nia"},"content":{"rendered":"<h2 data-pm-slice=\"1 1 []\">Airmez Fox 80000 Pufuri Vaporizator Crystal 2-in-1 en-gros din depozitul UE<\/h2>\n<p data-start=\"663\" data-end=\"1062\">Sistemul <strong data-start=\"667\" data-end=\"693\">Airmez Fox 80000 Pufuri<\/strong> este un dispozitiv compact, cu capacitate mare <strong data-start=\"722\" data-end=\"755\">Arom\u0103 dubl\u0103 vape de unic\u0103 folosin\u021b\u0103<\/strong> conceput pentru comercian\u021bii din Europa care caut\u0103 un dispozitiv fiabil, cu durat\u0103 lung\u0103 de func\u021bionare \u0219i cu un gust intens. Acest sistem 2-in-1 ofer\u0103 utilizatorilor acces instantaneu la dou\u0103 profile de arom\u0103 diferite \u00een interiorul unui singur dispozitiv, f\u0103c\u00e2ndu-l <strong data-start=\"966\" data-end=\"984\">Airmez Fox 80k<\/strong> o alegere excelent\u0103 pentru clien\u021bii care doresc varietate f\u0103r\u0103 a schimba dispozitivele.<\/p>\n<p data-start=\"1064\" data-end=\"1435\">Fiecare dispozitiv este preumplut cu <strong data-start=\"1094\" data-end=\"1114\">30 ml de e-lichid<\/strong> (15ml pe arom\u0103) \u0219i alimentat de un <strong data-start=\"1151\" data-end=\"1189\">Baterie re\u00eenc\u0103rcabil\u0103 de 650mAh Type-C<\/strong>, oferind un randament constant potrivit pentru \u00eentregul ciclu de 80.000 de pufuri. Dispozitivul <strong data-start=\"1267\" data-end=\"1285\">de tip mesh de 1.0\u03a9<\/strong> produce vapori netezi, o senza\u021bie de g\u00e2t stabil\u0103 \u0219i performan\u021b\u0103 fiabil\u0103 a aromelor, care se aliniaz\u0103 bine cu preferin\u021bele consumatorilor din pie\u021bele cheie ale UE.<\/p>\n<p data-start=\"1437\" data-end=\"1897\">Un afi\u0219aj LED luminos ofer\u0103 \u00een timp real starea bateriei \u0219i a lichidului, reduc\u00e2nd incertitudinea \u0219i \u00eembun\u0103t\u0103\u021bind satisfac\u021bia utilizatorului. Comercian\u021bii beneficiaz\u0103 de v\u00e2nz\u0103ri repetate constante \u0219i de gestionare simplificat\u0103 a stocurilor, mai ales cu mi\u0219care rapid\u0103 din partea noastr\u0103 <strong data-start=\"1680\" data-end=\"1701\">Vape depozit UE<\/strong>. Datorit\u0103 finisajului s\u0103u \u00een stil cristal, Airmez Fox 80000 iese \u00een eviden\u021b\u0103 vizual, atr\u0103g\u00e2nd cump\u0103r\u0103torii tineri adul\u021bi cu v\u00e2rste \u00eentre 25\u201335 de ani, care caut\u0103 un dispozitiv de aspect premium \u00een categoria de 80k pufuri.<\/p>\n<p data-start=\"1899\" data-end=\"2203\">Pentru distribuitori en-gros, Airmez Fox 80k se potrive\u0219te perfect \u00een gamele existente de produse cu un num\u0103r mare de pufuri \u0219i serve\u0219te ca un SKU puternic mid-premium \u00een segmentul <strong data-start=\"2032\" data-end=\"2048\">vaporizatoare cristal<\/strong> Formatul dual de arom\u0103, capacitatea mare a rezervorului \u0219i durata lung\u0103 de via\u021b\u0103 \u00eel fac una dintre cele mai practice op\u021biuni de achizi\u021bie en-gros din clasa de 80.000 de pufuri.<\/p>\n<p data-start=\"666\" data-end=\"1235\"><strong style=\"font-size: 16px;\"><span style=\"color: #ff0000;\">Adaug\u0103-o pe Amy pe WhatsApp pentru a ob\u021bine un r\u0103spuns rapid \u0219i un pre\u021b redus!<\/span><\/strong><\/p>\n<p><img fetchpriority=\"high\" decoding=\"async\" class=\"size-full wp-image-2932\" src=\"https:\/\/vapestornado.com\/wp-content\/uploads\/2024\/12\/Vape-Wholesale.jpg\" alt=\"\u021aig\u0103ri electronice cu ridicata\" width=\"229\" height=\"300\" \/><\/p>\n<h3><a href=\"https:\/\/wa.me\/8617776015835\" target=\"_blank\" rel=\"noopener\"><span style=\"color: #ff0000;\"><strong>WhatsApp: +86 17776015835<\/strong><\/span><\/a><\/h3>\n<p>&nbsp;<\/p>\n<h2><strong>Lista de arome pentru AIRMEZ FOX 120000 Pufuri Dispozitive de unic\u0103 folosin\u021b\u0103<\/strong><\/h2>\n<ul>\n<li data-start=\"2691\" data-end=\"2752\">\n<p data-start=\"2693\" data-end=\"2752\"><strong data-start=\"2693\" data-end=\"2715\">Comutator dual de arome<\/strong> cu dou\u0103 arome \u00een fiecare dispozitiv.<\/p>\n<\/li>\n<li data-start=\"2753\" data-end=\"2814\">\n<p data-start=\"2755\" data-end=\"2814\"><strong data-start=\"2755\" data-end=\"2777\">P\u00e2n\u0103 la 80.000 de pufuri<\/strong> pentru utilizare extins\u0103, cu \u00eentre\u021binere redus\u0103.<\/p>\n<\/li>\n<li data-start=\"2815\" data-end=\"2862\">\n<p data-start=\"2817\" data-end=\"2862\"><strong data-start=\"2817\" data-end=\"2840\">Capacitate total\u0103 de 30ml<\/strong> (15ml pe arom\u0103).<\/p>\n<\/li>\n<li data-start=\"2863\" data-end=\"2926\">\n<p data-start=\"2865\" data-end=\"2926\"><strong data-start=\"2865\" data-end=\"2883\">de tip mesh de 1.0\u03a9<\/strong> pentru livrare puternic\u0103 \u0219i constant\u0103 de arom\u0103.<\/p>\n<\/li>\n<li data-start=\"2927\" data-end=\"2984\">\n<p data-start=\"2929\" data-end=\"2984\"><strong data-start=\"2929\" data-end=\"2955\">\u00cenc\u0103rcare de 650mAh Type-C<\/strong> pentru men\u021binerea unui output stabil.<\/p>\n<\/li>\n<li data-start=\"2985\" data-end=\"3040\">\n<p data-start=\"2987\" data-end=\"3040\"><strong data-start=\"2987\" data-end=\"3012\">Indicatore LED pe ecran<\/strong> pentru baterie \u0219i e-lichid.<\/p>\n<\/li>\n<li data-start=\"3041\" data-end=\"3100\">\n<p data-start=\"3043\" data-end=\"3100\"><strong data-start=\"3043\" data-end=\"3072\">Design de corp \u00een stil cristal<\/strong> pentru atractivitate premium pe raft.<\/p>\n<\/li>\n<li data-start=\"3101\" data-end=\"3165\">\n<p data-start=\"3103\" data-end=\"3165\"><strong data-start=\"3103\" data-end=\"3132\">Disponibilitate \u00een depozitul din Rom\u00e2nia<\/strong> pentru \u00eendeplinirea rapid\u0103 a comenzilor en gros.<\/p>\n<\/li>\n<\/ul>\n<figure id=\"attachment_4605\" aria-describedby=\"caption-attachment-4605\" style=\"width: 800px\" class=\"wp-caption alignnone\"><img decoding=\"async\" class=\"wp-image-4605 size-full\" src=\"https:\/\/vapestornado.com\/wp-content\/uploads\/2025\/11\/Airmez-FOX-2IN1-80K-Dual-Flavors-Disposable-Vapor.webp\" alt=\"Airmez FOX 2IN1 80K Dispozitiv de vaporizare de unic\u0103 folosin\u021b\u0103 cu arome duale\" width=\"800\" height=\"800\" srcset=\"https:\/\/vapestornado.com\/wp-content\/uploads\/2025\/11\/Airmez-FOX-2IN1-80K-Dual-Flavors-Disposable-Vapor.webp 800w, https:\/\/vapestornado.com\/wp-content\/uploads\/2025\/11\/Airmez-FOX-2IN1-80K-Dual-Flavors-Disposable-Vapor-300x300.webp 300w, https:\/\/vapestornado.com\/wp-content\/uploads\/2025\/11\/Airmez-FOX-2IN1-80K-Dual-Flavors-Disposable-Vapor-150x150.webp 150w, https:\/\/vapestornado.com\/wp-content\/uploads\/2025\/11\/Airmez-FOX-2IN1-80K-Dual-Flavors-Disposable-Vapor-768x768.webp 768w, https:\/\/vapestornado.com\/wp-content\/uploads\/2025\/11\/Airmez-FOX-2IN1-80K-Dual-Flavors-Disposable-Vapor-12x12.webp 12w, https:\/\/vapestornado.com\/wp-content\/uploads\/2025\/11\/Airmez-FOX-2IN1-80K-Dual-Flavors-Disposable-Vapor-600x600.webp 600w, https:\/\/vapestornado.com\/wp-content\/uploads\/2025\/11\/Airmez-FOX-2IN1-80K-Dual-Flavors-Disposable-Vapor-100x100.webp 100w\" sizes=\"(max-width: 800px) 100vw, 800px\" \/><figcaption id=\"caption-attachment-4605\" class=\"wp-caption-text\">Airmez FOX 2IN1 80K Dispozitiv de vaporizare de unic\u0103 folosin\u021b\u0103 cu arome duale<\/figcaption><\/figure>\n<h2><strong>Ce face ca Airmez Fox 80000 Puffs Dispozitiv de vaporizare de unic\u0103 folosin\u021b\u0103 s\u0103 ias\u0103 \u00een eviden\u021b\u0103?<\/strong><\/h2>\n<ol data-start=\"2243\" data-end=\"2640\">\n<li data-start=\"2243\" data-end=\"2296\">\n<p data-start=\"2246\" data-end=\"2296\"><strong data-start=\"2246\" data-end=\"2294\">C\u0103p\u0219uni Pepene \/ C\u0103p\u0219uni Zmeur\u0103<\/strong><\/p>\n<\/li>\n<li data-start=\"2297\" data-end=\"2336\">\n<p data-start=\"2300\" data-end=\"2336\"><strong data-start=\"2300\" data-end=\"2334\">Limonad\u0103 Blue Razz \/ Blue Razz<\/strong><\/p>\n<\/li>\n<li data-start=\"2337\" data-end=\"2384\">\n<p data-start=\"2340\" data-end=\"2384\"><strong data-start=\"2340\" data-end=\"2382\">Afine pe ghea\u021b\u0103 \/ Afine Zmeur\u0103<\/strong><\/p>\n<\/li>\n<li data-start=\"2385\" data-end=\"2426\">\n<p data-start=\"2388\" data-end=\"2426\"><strong data-start=\"2388\" data-end=\"2424\">C\u0103p\u0219uni Kiwi \/ Ghea\u021b\u0103 de c\u0103p\u0219uni<\/strong><\/p>\n<\/li>\n<li data-start=\"2427\" data-end=\"2473\">\n<p data-start=\"2430\" data-end=\"2473\"><strong data-start=\"2430\" data-end=\"2471\">Ghea\u021b\u0103 de pepene galben \/ Zmeur\u0103 pepene galben<\/strong><\/p>\n<\/li>\n<li data-start=\"2474\" data-end=\"2510\">\n<p data-start=\"2477\" data-end=\"2510\"><strong data-start=\"2477\" data-end=\"2508\">Limonad\u0103 de fructe de p\u0103dure \/ Limonad\u0103 de l\u0103m\u00e2ie \u0219i lime<\/strong><\/p>\n<\/li>\n<li data-start=\"2511\" data-end=\"2544\">\n<p data-start=\"2514\" data-end=\"2544\"><strong data-start=\"2514\" data-end=\"2542\">Fruct tropical \/ Love 66<\/strong><\/p>\n<\/li>\n<li data-start=\"2545\" data-end=\"2577\">\n<p data-start=\"2548\" data-end=\"2577\"><strong data-start=\"2548\" data-end=\"2575\">Piersic\u0103 Ghea\u021b\u0103 \/ Mango Piersic\u0103<\/strong><\/p>\n<\/li>\n<li data-start=\"2578\" data-end=\"2610\">\n<p data-start=\"2581\" data-end=\"2610\"><strong data-start=\"2581\" data-end=\"2608\">Fructe de p\u0103dure mixte \/ Dr Blue<\/strong><\/p>\n<\/li>\n<li data-start=\"2611\" data-end=\"2640\">\n<p data-start=\"2615\" data-end=\"2640\"><strong data-start=\"2615\" data-end=\"2640\">Ghea\u021b\u0103 de struguri \/ Ghea\u021b\u0103 neagr\u0103<\/strong><\/p>\n<\/li>\n<\/ol>\n<h3 data-start=\"168\" data-end=\"239\"><strong data-start=\"172\" data-end=\"239\">Airmez Fox 80K vs Airmez Fox 120K \u2014 Care se potrive\u0219te mai bine pie\u021bei tale?<\/strong><\/h3>\n<p data-start=\"241\" data-end=\"1149\">C\u00e2nd compari <strong data-start=\"260\" data-end=\"278\">Airmez Fox 80K<\/strong> cu <strong data-start=\"288\" data-end=\"307\">Airmez Fox 120K<\/strong>, diferen\u021ba principal\u0103 const\u0103 \u00een capacitatea de inhalare \u0219i flexibilitatea aromelor. <strong data-start=\"380\" data-end=\"398\">Airmez Fox 80K<\/strong> este construit pentru cump\u0103r\u0103tori care doresc un <em data-start=\"430\" data-end=\"470\">vapor de unic\u0103 folosin\u021b\u0103 compact, cu dubl\u0103 arom\u0103<\/em> cu 30ml de e-lichid total \u0219i un gust clar de plas\u0103 de bobine, fiind ideal pentru comenzi en-gros cu rota\u021bie rapid\u0103, destinate magazinelor de proximitate cu v\u00e2nz\u0103ri rapide. Pe de alt\u0103 parte, <strong data-start=\"636\" data-end=\"655\">Airmez Fox 120K<\/strong> ofer\u0103 un num\u0103r mult mai mare de inhal\u0103ri cu o configura\u021bie multi-arom\u0103 \u0219i un compartiment mai mare pentru e-lichid, oferind utilizatorilor de sesiuni lungi mai mult\u0103 varietate \u0219i rezisten\u021b\u0103. Ambele utilizeaz\u0103 un sistem de \u00eenc\u0103rcare Type-C \u0219i afi\u0219aj LED, dar <strong data-start=\"862\" data-end=\"912\">80K se concentreaz\u0103 pe performan\u021b\u0103 eficient\u0103, de zi cu zi<\/strong>, \u00een timp ce <strong data-start=\"924\" data-end=\"1019\">120K este conceput pentru clien\u021bi care doresc o sesiune extins\u0103, premium, cu mai mult\u0103 profunzime a aromelor<\/strong>. Pentru cump\u0103r\u0103torii en-gros, alegerea este simpl\u0103: <strong data-start=\"1065\" data-end=\"1100\">Airmez Fox 80K pentru v\u00e2nz\u0103ri \u00een volum<\/strong>, <strong data-start=\"1102\" data-end=\"1148\"><a href=\"https:\/\/vapestornado.com\/ro\/product\/airmez-fox-120000-puffs-4-flavour-big-puff-disposable-vape-pen-shop-eu-warehouse\/\">Airmez Fox 120K<\/a> pentru marjele de v\u00e2nzare \u00een sus premium<\/strong>.<\/p>\n<h2>De ce s\u0103 alegi Vapestornado pentru cump\u0103rarea de vape-uri de unic\u0103 folosin\u021b\u0103 online?<\/h2>\n<div class=\"flex-shrink-0 flex flex-col relative items-end\">\n<div class=\"pt-0\">\n<div class=\"gizmo-bot-avatar flex h-8 w-8 items-center justify-center overflow-hidden rounded-full\">\n<div class=\"relative p-1 rounded-sm flex items-center justify-center bg-token-main-surface-primary text-token-text-primary h-8 w-8\">\n<p data-start=\"136\" data-end=\"686\">Alegerea <strong data-start=\"145\" data-end=\"161\">Vapestornado<\/strong> ca sursa ta de \u00eencredere pentru <strong data-start=\"193\" data-end=\"227\">Elf Bar Moon Night 40000 Pufuri<\/strong> \u00eenseamn\u0103 parteneriat cu un furnizor care \u00een\u021belege cu adev\u0103rat cerin\u021bele distribuitorilor \u0219i comercian\u021bilor din Rom\u00e2nia. Prioritiz\u0103m <strong data-start=\"343\" data-end=\"409\">expedierea rapid\u0103, inventarul verificat \u0219i furnizarea stabil\u0103 pe termen lung<\/strong>, asigur\u00e2ndu-v\u0103 c\u0103 nu ve\u021bi \u00eent\u00e2mpina \u00eentreruperi de stoc\u2014mai ales pentru articole de volum mare precum <a href=\"https:\/\/vapestornado.com\/ro\/product\/airmez-140k-puff-6-in-1-flavor-disposable-vape-wholesale-disposable-vape-pen-eu-warehouse\/\">Airmez 140k 6 \u00een 1 ,<\/a>\u00a0<a href=\"https:\/\/vapestornado.com\/ro\/product\/bang-legend-150000-puffs-6-in-1-flavor-newest-disposable-vape\/\">HiFancy Space 50000, Bang Legend 150k <\/a>Toate produsele sunt achizi\u021bionate din canale certificate, oferindu-v\u0103 <strong data-start=\"582\" data-end=\"651\">calitate autentic\u0103, performan\u021b\u0103 constant\u0103 a aromei \u0219i fiabilitate<\/strong> care \u00eendepline\u0219te a\u0219tept\u0103rile pie\u021bei din UE.<\/p>\n<\/div>\n<h2>\u00ceNTREB\u0102RI frecvente despre Airmez Fox 80000 Puff Bar<\/h2>\n<div class=\"relative p-1 rounded-sm flex items-center justify-center bg-token-main-surface-primary text-token-text-primary h-8 w-8\">\n<p data-start=\"3200\" data-end=\"3383\"><strong data-start=\"3200\" data-end=\"3262\">1. Cum schimb arome pe Airmez Fox 80000 Puffs?<\/strong><br data-start=\"3262\" data-end=\"3265\" \/>Dispozitivul folose\u0219te un sistem simplu cu dou\u0103 canale\u2014utilizatorii schimb\u0103 aromele prin selectorul de sus f\u0103r\u0103 a reporni dispozitivul.<\/p>\n<p data-start=\"3385\" data-end=\"3533\"><strong data-start=\"3385\" data-end=\"3438\">2. C\u00e2t timp dureaz\u0103 de obicei Airmez Fox 80k?<\/strong><br data-start=\"3438\" data-end=\"3441\" \/>Capacitatea sa de 80.000 de pufuri ofer\u0103 un ciclu lung de utilizare, \u00een func\u021bie de obiceiurile individuale de vaping.<\/p>\n<p data-start=\"3535\" data-end=\"3651\"><strong data-start=\"3535\" data-end=\"3587\">3. Suport\u0103 Airmez Fox 80000 re\u00eenc\u0103rcarea?<\/strong><br data-start=\"3587\" data-end=\"3590\" \/>Da, include un port de \u00eenc\u0103rcare Type-C \u0219i o baterie de 650mAh.<\/p>\n<p data-start=\"3653\" data-end=\"3769\"><strong data-start=\"3653\" data-end=\"3703\">4. Ce informa\u021bii afi\u0219eaz\u0103 ecranul LED?<\/strong><br data-start=\"3703\" data-end=\"3706\" \/>Nivelul bateriei \u0219i lichidul r\u0103mas pentru ambele camere de arom\u0103.<\/p>\n<p data-start=\"3771\" data-end=\"3934\"><strong data-start=\"3771\" data-end=\"3834\">5. Poate fi livrat Airmez Fox 80k din depozitul din UE?<\/strong><br data-start=\"3834\" data-end=\"3837\" \/>Da, angrosi\u0219tii pot primi o livrare rapid\u0103 \u0219i fiscal\u0103 eficient\u0103 prin intermediul nostru <strong data-start=\"3912\" data-end=\"3933\">Vape depozit UE<\/strong>.<\/p>\n<\/div>\n<\/div>\n<\/div>\n<\/div>","protected":false},"excerpt":{"rendered":"<article class=\"text-token-text-primary w-full focus:outline-none [--shadow-height:45px] has-data-writing-block:pointer-events-none has-data-writing-block:-mt-(--shadow-height) has-data-writing-block:pt-(--shadow-height) [&amp;:has([data-writing-block])&gt;*]:pointer-events-auto [content-visibility:auto] supports-[content-visibility:auto]:[contain-intrinsic-size:auto_100lvh] scroll-mt-[calc(var(--header-height)+min(200px,max(70px,20svh)))]\" dir=\"auto\" tabindex=\"-1\" data-turn-id=\"86ca9d92-7a10-4e6b-bda0-15f9df36adca\" data-testid=\"conversation-turn-120\" data-scroll-anchor=\"true\" data-turn=\"assistant\">\n<div class=\"text-base my-auto mx-auto pb-10 [--thread-content-margin:--spacing(4)] thread-sm:[--thread-content-margin:--spacing(6)] thread-lg:[--thread-content-margin:--spacing(16)] px-(--thread-content-margin)\">\n<div class=\"[--thread-content-max-width:40rem] thread-lg:[--thread-content-max-width:48rem] mx-auto max-w-(--thread-content-max-width) flex-1 group\/turn-messages focus-visible:outline-hidden relative flex w-full min-w-0 flex-col agent-turn\" tabindex=\"-1\">\n<div class=\"flex max-w-full flex-col grow\">\n<div class=\"min-h-8 text-message relative flex w-full flex-col items-end gap-2 text-start break-words whitespace-normal [.text-message+&amp;]:mt-1\" dir=\"auto\" data-message-author-role=\"assistant\" data-message-id=\"43b070d6-bf28-4fbe-8049-1032a61ea3ac\" data-message-model-slug=\"gpt-5\">\n<div class=\"flex w-full flex-col gap-1 empty:hidden first:pt-[1px]\">\n<div class=\"markdown prose dark:prose-invert w-full break-words light markdown-new-styling\">\n<article class=\"text-token-text-primary w-full focus:outline-none [--shadow-height:45px] has-data-writing-block:pointer-events-none has-data-writing-block:-mt-(--shadow-height) has-data-writing-block:pt-(--shadow-height) [&amp;:has([data-writing-block])&gt;*]:pointer-events-auto [content-visibility:auto] supports-[content-visibility:auto]:[contain-intrinsic-size:auto_100lvh] scroll-mt-[calc(var(--header-height)+min(200px,max(70px,20svh)))]\" dir=\"auto\" tabindex=\"-1\" data-turn-id=\"4d6f00b8-d41a-438b-8912-05a895842882\" data-testid=\"conversation-turn-130\" data-scroll-anchor=\"true\" data-turn=\"assistant\">\n<div class=\"text-base my-auto mx-auto pb-10 [--thread-content-margin:--spacing(4)] thread-sm:[--thread-content-margin:--spacing(6)] thread-lg:[--thread-content-margin:--spacing(16)] px-(--thread-content-margin)\">\n<div class=\"[--thread-content-max-width:40rem] thread-lg:[--thread-content-max-width:48rem] mx-auto max-w-(--thread-content-max-width) flex-1 group\/turn-messages focus-visible:outline-hidden relative flex w-full min-w-0 flex-col agent-turn\" tabindex=\"-1\">\n<div class=\"flex max-w-full flex-col grow\">\n<div class=\"min-h-8 text-message relative flex w-full flex-col items-end gap-2 text-start break-words whitespace-normal [.text-message+&amp;]:mt-1\" dir=\"auto\" data-message-author-role=\"assistant\" data-message-id=\"f3c520bf-c043-4392-87ea-b3bf1b3ae6d3\" data-message-model-slug=\"gpt-5-1\">\n<div class=\"flex w-full flex-col gap-1 empty:hidden first:pt-[1px]\">\n<div class=\"markdown prose dark:prose-invert w-full break-words light markdown-new-styling\">\n<p>Airmez Fox 80000 Pufuri Vaporizator Crystal 2-in-1 \u2013 Cel mai bun wholesale de 80k din depozitul UE<br \/>\nAirmez Fox 80k Dual Flavor Vaporizator de unic\u0103 folosin\u021b\u0103 \u2013 Achizi\u021bie en-gros preg\u0103tit\u0103 \u00een Europa<br \/>\nAirmez Fox 80000 Pufuri Dual Flavor Pix Crystal \u2013 Stoc \u00een depozitul UE<\/p>\n<\/div>\n<\/div>\n<\/div>\n<\/div>\n<\/div>\n<\/div>\n<\/article>\n<\/div>\n<\/div>\n<\/div>\n<\/div>\n<\/div>\n<\/div>\n<\/article>\n<p><img fetchpriority=\"high\" decoding=\"async\" class=\"size-full wp-image-2932\" src=\"https:\/\/vapestornado.com\/wp-content\/uploads\/2024\/12\/Vape-Wholesale.jpg\" alt=\"\u021aig\u0103ri electronice cu ridicata\" width=\"229\" height=\"300\" \/><\/p>\n<h3><a href=\"https:\/\/wa.me\/8617776015835\"><span style=\"color: #ff0000;\"><strong>WhatsApp: +86 17776015835<\/strong><\/span><\/a><\/h3>\n<p>&nbsp;<\/p>","protected":false},"featured_media":4604,"comment_status":"open","ping_status":"closed","template":"","meta":{"_acf_changed":false,"_uag_custom_page_level_css":"","_lmt_disableupdate":"no","_lmt_disable":"","_monsterinsights_skip_tracking":false,"_monsterinsights_sitenote_active":false,"_monsterinsights_sitenote_note":"","_monsterinsights_sitenote_category":0,"site-sidebar-layout":"default","site-content-layout":"","ast-site-content-layout":"default","site-content-style":"default","site-sidebar-style":"default","ast-global-header-display":"","ast-banner-title-visibility":"","ast-main-header-display":"","ast-hfb-above-header-display":"","ast-hfb-below-header-display":"","ast-hfb-mobile-header-display":"","site-post-title":"","ast-breadcrumbs-content":"","ast-featured-img":"","footer-sml-layout":"","ast-disable-related-posts":"","theme-transparent-header-meta":"default","adv-header-id-meta":"","stick-header-meta":"","header-above-stick-meta":"","header-main-stick-meta":"","header-below-stick-meta":"","astra-migrate-meta-layouts":"set","ast-page-background-enabled":"default","ast-page-background-meta":{"desktop":{"background-color":"","background-image":"","background-repeat":"repeat","background-position":"center center","background-size":"auto","background-attachment":"scroll","background-type":"","background-media":"","overlay-type":"","overlay-color":"","overlay-opacity":"","overlay-gradient":""},"tablet":{"background-color":"","background-image":"","background-repeat":"repeat","background-position":"center center","background-size":"auto","background-attachment":"scroll","background-type":"","background-media":"","overlay-type":"","overlay-color":"","overlay-opacity":"","overlay-gradient":""},"mobile":{"background-color":"","background-image":"","background-repeat":"repeat","background-position":"center center","background-size":"auto","background-attachment":"scroll","background-type":"","background-media":"","overlay-type":"","overlay-color":"","overlay-opacity":"","overlay-gradient":""}},"ast-content-background-meta":{"desktop":{"background-color":"var(--ast-global-color-5)","background-image":"","background-repeat":"repeat","background-position":"center center","background-size":"auto","background-attachment":"scroll","background-type":"","background-media":"","overlay-type":"","overlay-color":"","overlay-opacity":"","overlay-gradient":""},"tablet":{"background-color":"var(--ast-global-color-5)","background-image":"","background-repeat":"repeat","background-position":"center center","background-size":"auto","background-attachment":"scroll","background-type":"","background-media":"","overlay-type":"","overlay-color":"","overlay-opacity":"","overlay-gradient":""},"mobile":{"background-color":"var(--ast-global-color-5)","background-image":"","background-repeat":"repeat","background-position":"center center","background-size":"auto","background-attachment":"scroll","background-type":"","background-media":"","overlay-type":"","overlay-color":"","overlay-opacity":"","overlay-gradient":""}},"_joinchat":{"telephone":"17776015835"}},"product_brand":[],"product_cat":[149,150,151,152,144],"product_tag":[460,458,459,105,446,436,451,455],"class_list":{"0":"post-4603","1":"product","2":"type-product","3":"status-publish","4":"has-post-thumbnail","6":"product_cat-buy-disposable-vapes-in-austria","7":"product_cat-buy-disposable-vapes-in-belgium","8":"product_cat-buy-disposable-vapes-in-france","9":"product_cat-buy-disposable-vapes-in-cermany","10":"product_cat-low-nicotine-disposable-vapes","11":"product_tag-80k-puff-vape","12":"product_tag-airmez-fox-80000","13":"product_tag-airmez-fox-80k","14":"product_tag-digital-disposable-vape","15":"product_tag-disposable-vape-kit","16":"product_tag-shop-vape-online","17":"product_tag-vape-free-shipping","18":"product_tag-vape-pen-eu-warehouse","19":"desktop-align-left","20":"tablet-align-left","21":"mobile-align-left","23":"first","24":"instock","25":"sale","26":"shipping-taxable","27":"purchasable","28":"product-type-simple"},"acf":[],"uagb_featured_image_src":{"full":["https:\/\/vapestornado.com\/wp-content\/uploads\/2025\/11\/80K-Puffs-Double-Taste-LED-Display-Disposable-Vape-Airmez.webp",800,800,false],"thumbnail":["https:\/\/vapestornado.com\/wp-content\/uploads\/2025\/11\/80K-Puffs-Double-Taste-LED-Display-Disposable-Vape-Airmez-150x150.webp",150,150,true],"medium":["https:\/\/vapestornado.com\/wp-content\/uploads\/2025\/11\/80K-Puffs-Double-Taste-LED-Display-Disposable-Vape-Airmez-300x300.webp",300,300,true],"medium_large":["https:\/\/vapestornado.com\/wp-content\/uploads\/2025\/11\/80K-Puffs-Double-Taste-LED-Display-Disposable-Vape-Airmez-768x768.webp",768,768,true],"large":["https:\/\/vapestornado.com\/wp-content\/uploads\/2025\/11\/80K-Puffs-Double-Taste-LED-Display-Disposable-Vape-Airmez.webp",800,800,false],"1536x1536":["https:\/\/vapestornado.com\/wp-content\/uploads\/2025\/11\/80K-Puffs-Double-Taste-LED-Display-Disposable-Vape-Airmez.webp",800,800,false],"2048x2048":["https:\/\/vapestornado.com\/wp-content\/uploads\/2025\/11\/80K-Puffs-Double-Taste-LED-Display-Disposable-Vape-Airmez.webp",800,800,false],"trp-custom-language-flag":["https:\/\/vapestornado.com\/wp-content\/uploads\/2025\/11\/80K-Puffs-Double-Taste-LED-Display-Disposable-Vape-Airmez-12x12.webp",12,12,true],"woocommerce_thumbnail":["https:\/\/vapestornado.com\/wp-content\/uploads\/2025\/11\/80K-Puffs-Double-Taste-LED-Display-Disposable-Vape-Airmez-300x300.webp",300,300,true],"woocommerce_single":["https:\/\/vapestornado.com\/wp-content\/uploads\/2025\/11\/80K-Puffs-Double-Taste-LED-Display-Disposable-Vape-Airmez-600x600.webp",600,600,true],"woocommerce_gallery_thumbnail":["https:\/\/vapestornado.com\/wp-content\/uploads\/2025\/11\/80K-Puffs-Double-Taste-LED-Display-Disposable-Vape-Airmez-100x100.webp",100,100,true]},"uagb_author_info":{"display_name":"ESAMY","author_link":"https:\/\/vapestornado.com\/ro\/author\/"},"uagb_comment_info":0,"uagb_excerpt":"Airmez Fox 80000 Puffs 2-in-1 Crystal Vape \u2013 Best 80k Wholesale from EU Warehouse Airmez Fox 80k Dual Flavor Disposable Vape \u2013 Bulk Buy Ready in Europe Airmez Fox 80000 Puffs Double Flavor Crystal Disposable Pen \u2013 EU Warehouse Stock WhatsApp: +86 17776015835 &nbsp;","_links":{"self":[{"href":"https:\/\/vapestornado.com\/ro\/wp-json\/wp\/v2\/product\/4603","targetHints":{"allow":["GET"]}}],"collection":[{"href":"https:\/\/vapestornado.com\/ro\/wp-json\/wp\/v2\/product"}],"about":[{"href":"https:\/\/vapestornado.com\/ro\/wp-json\/wp\/v2\/types\/product"}],"replies":[{"embeddable":true,"href":"https:\/\/vapestornado.com\/ro\/wp-json\/wp\/v2\/comments?post=4603"}],"wp:featuredmedia":[{"embeddable":true,"href":"https:\/\/vapestornado.com\/ro\/wp-json\/wp\/v2\/media\/4604"}],"wp:attachment":[{"href":"https:\/\/vapestornado.com\/ro\/wp-json\/wp\/v2\/media?parent=4603"}],"wp:term":[{"taxonomy":"product_brand","embeddable":true,"href":"https:\/\/vapestornado.com\/ro\/wp-json\/wp\/v2\/product_brand?post=4603"},{"taxonomy":"product_cat","embeddable":true,"href":"https:\/\/vapestornado.com\/ro\/wp-json\/wp\/v2\/product_cat?post=4603"},{"taxonomy":"product_tag","embeddable":true,"href":"https:\/\/vapestornado.com\/ro\/wp-json\/wp\/v2\/product_tag?post=4603"}],"curies":[{"name":"wp","href":"https:\/\/api.w.org\/{rel}","templated":true}]}}