{"id":4602,"date":"2025-11-26T09:30:42","date_gmt":"2025-11-26T09:30:42","guid":{"rendered":"https:\/\/vapestornado.com\/?post_type=product&#038;p=4602"},"modified":"2025-11-26T09:38:13","modified_gmt":"2025-11-26T09:38:13","slug":"airmez-140k-puff-6-in-1-flavor-disposable-vape-wholesale-disposable-vape-pen-eu-warehouse","status":"publish","type":"product","link":"https:\/\/vapestornado.com\/ro\/product\/airmez-140k-puff-6-in-1-flavor-disposable-vape-wholesale-disposable-vape-pen-eu-warehouse\/","title":{"rendered":"Airmez 140k Puff 6 \u00een 1 Arom\u0103 Vape de unic\u0103 folosin\u021b\u0103 en-gros Vape Pen EU Warehouse"},"content":{"rendered":"<h2 data-pm-slice=\"1 1 []\">Airmez 140k Puff \u2013 Vape de unic\u0103 folosin\u021b\u0103 cu 6 \u00een 1 Big Puff, depozit EU<\/h2>\n<p data-start=\"636\" data-end=\"1125\">Sistemul <strong data-start=\"640\" data-end=\"660\">Airmez 140k Puff<\/strong> este conceput pentru cump\u0103r\u0103torii en-gros care doresc un produs de \u00eenalt\u0103 calitate <strong data-start=\"711\" data-end=\"739\">Vape de unic\u0103 folosin\u021b\u0103 Big Puff<\/strong> cu adev\u0103rat\u0103 flexibilitate multi-arom\u0103 \u0219i performan\u021b\u0103 fiabil\u0103. Acest dispozitiv integreaz\u0103 <strong data-start=\"824\" data-end=\"852\">\u0219ase arome mixte de fructe<\/strong> pe <strong data-start=\"860\" data-end=\"880\">trei rezervoare de 15ml<\/strong>, oferind utilizatorilor o capacitate total\u0103 <strong data-start=\"903\" data-end=\"920\">45ml<\/strong> sus\u021binut de <strong data-start=\"934\" data-end=\"953\">rezisten\u021be mesh de 1.0\u03a9<\/strong> pentru livrare de gust curat \u0219i consistent. Cu o ie\u0219ire proiectat\u0103 pentru utilizare pe termen lung, <strong data-start=\"1039\" data-end=\"1061\">Airmez 140000 Puff<\/strong> iese \u00een eviden\u021b\u0103 pe pie\u021bele care solicit\u0103 durabilitate \u0219i varietate de arome.<\/p>\n<p data-start=\"1127\" data-end=\"1481\">Un mu\u0219tiuc rotativ permite utilizatorilor s\u0103 schimbe aromele instantaneu, pozi\u021bion\u00e2nd Airmez 140k Puff ca fiind unul dintre cele mai practice <strong data-start=\"1249\" data-end=\"1276\">vape ajustabile cu arom\u0103<\/strong> din categoria sa. Ecranul LED mare prezint\u0103 num\u0103rul de pufuri, nivelul bateriei \u0219i liniile de arome active, f\u0103c\u00e2nd dispozitivul mai u\u0219or de gestionat pentru utilizatorii zilnici, reduc\u00e2nd \u00een acela\u0219i timp problemele de servicii pentru clien\u021bi pentru comercian\u021bii cu am\u0103nuntul.<\/p>\n<p data-start=\"1483\" data-end=\"1941\">Alimentat de o <strong data-start=\"1496\" data-end=\"1534\">Baterie re\u00eenc\u0103rcabil\u0103 de 650mAh Type-C<\/strong>, Airmez 140k Puff men\u021bine o performan\u021b\u0103 stabil\u0103 \u00een timpul sesiunilor prelungite. Pentru distribuitori \u0219i comercian\u021bi cu am\u0103nuntul, capacitatea de a <strong data-start=\"1659\" data-end=\"1680\">Cump\u0103r\u0103 din depozitul UE<\/strong> \u00eenseamn\u0103 o onorare mai rapid\u0103, circula\u021bie f\u0103r\u0103 taxe \u00een UE \u0219i disponibilitate fiabil\u0103 a stocurilor. Acest model are performan\u021be bune \u00een r\u00e2ndul grupurilor de consumatori b\u0103rba\u021bi cu v\u00e2rste cuprinse \u00eentre 25 \u0219i 35 de ani din Europa, datorit\u0103 ratingului s\u0103u puternic de pufuri, amestecurilor \u00eendr\u0103zne\u021be de arome \u0219i designului robust, prietenos pentru c\u0103l\u0103torii.<\/p>\n<p data-start=\"1943\" data-end=\"2251\">Sistemul <strong data-start=\"1947\" data-end=\"1969\">Airmez 140000 Puff<\/strong> este potrivit pentru comercian\u021bii cu am\u0103nuntul care au nevoie de un stilou de unic\u0103 folosin\u021b\u0103 premium, cu rate mari de returnare a clien\u021bilor, \u00een special cei care se concentreaz\u0103 pe amestecuri de fructe \u0219i dispozitive cu arome multiple. Ambalajul en-gros asigur\u0103 o depozitare u\u0219oar\u0103 \u0219i o distribu\u021bie eficient\u0103, f\u0103c\u00e2ndu-l un SKU ideal pentru magazinele de vape din UE.<\/p>\n<p data-start=\"666\" data-end=\"1235\"><strong style=\"font-size: 16px;\"><span style=\"color: #ff0000;\">Adaug\u0103-o pe Amy pe WhatsApp pentru a ob\u021bine un r\u0103spuns rapid \u0219i un pre\u021b redus!<\/span><\/strong><\/p>\n<p><img fetchpriority=\"high\" decoding=\"async\" class=\"size-full wp-image-2932\" src=\"https:\/\/vapestornado.com\/wp-content\/uploads\/2024\/12\/Vape-Wholesale.jpg\" alt=\"\u021aig\u0103ri electronice cu ridicata\" width=\"229\" height=\"300\" \/><\/p>\n<h3><a href=\"https:\/\/wa.me\/8617776015835\" target=\"_blank\" rel=\"noopener\"><span style=\"color: #ff0000;\"><strong>WhatsApp: +86 17776015835<\/strong><\/span><\/a><\/h3>\n<p>&nbsp;<\/p>\n<h2><strong>Lista de arome Airmez 140k Puff Disposables Vapes<\/strong><\/h2>\n<ol data-start=\"2293\" data-end=\"2788\">\n<li data-start=\"2293\" data-end=\"2327\">\n<p data-start=\"2296\" data-end=\"2327\">Cire\u0219e \/ Cola Ice \/ Mango Ice<\/p>\n<\/li>\n<li data-start=\"2328\" data-end=\"2387\">\n<p data-start=\"2331\" data-end=\"2387\">Dragonfruit Ice \/ Fruity Fusion \/ Raspberry Watermelon<\/p>\n<\/li>\n<li data-start=\"2388\" data-end=\"2432\">\n<p data-start=\"2391\" data-end=\"2432\">Love 66 \/ Berry Lemonade \/ Fizzy Cherry<\/p>\n<\/li>\n<li data-start=\"2433\" data-end=\"2487\">\n<p data-start=\"2436\" data-end=\"2487\">Mixed Berries \/ Blue Razz Lemonade \/ Cherry Berry<\/p>\n<\/li>\n<li data-start=\"2488\" data-end=\"2532\">\n<p data-start=\"2491\" data-end=\"2532\">Love 66 \/ Strawberry Kiwi \/ Peach Mango<\/p>\n<\/li>\n<li data-start=\"2533\" data-end=\"2569\">\n<p data-start=\"2536\" data-end=\"2569\">Peach Ice \/ Mango Ice \/ Dr Blue<\/p>\n<\/li>\n<li data-start=\"2570\" data-end=\"2629\">\n<p data-start=\"2573\" data-end=\"2629\">Strawberry Banana \/ Vimto \/ Blueberry Cherry Cranberry<\/p>\n<\/li>\n<li data-start=\"2630\" data-end=\"2679\">\n<p data-start=\"2633\" data-end=\"2679\">Strawberry Ice \/ Pink Lemonade \/ Bingo Crush<\/p>\n<\/li>\n<li data-start=\"2680\" data-end=\"2737\">\n<p data-start=\"2683\" data-end=\"2737\">Strawberry Watermelon \/ Triple Melon \/ Blue Razz Ice<\/p>\n<\/li>\n<li data-start=\"2738\" data-end=\"2788\">\n<p data-start=\"2742\" data-end=\"2788\">Watermelon Ice \/ Bingo Crush \/ Mixed Berries<\/p>\n<\/li>\n<\/ol>\n<figure id=\"attachment_4599\" aria-describedby=\"caption-attachment-4599\" style=\"width: 800px\" class=\"wp-caption alignnone\"><img decoding=\"async\" class=\"wp-image-4599 size-full\" src=\"https:\/\/vapestornado.com\/wp-content\/uploads\/2025\/11\/Airmez-Fox-6-in-1-140K-Puffs-Vapes-Bulk-Buy-Price.webp\" alt=\"Airmez Fox 6 \u00een 1 140K Puffs Vapes Pre\u021b de cump\u0103rare \u00een vrac\" width=\"800\" height=\"800\" srcset=\"https:\/\/vapestornado.com\/wp-content\/uploads\/2025\/11\/Airmez-Fox-6-in-1-140K-Puffs-Vapes-Bulk-Buy-Price.webp 800w, https:\/\/vapestornado.com\/wp-content\/uploads\/2025\/11\/Airmez-Fox-6-in-1-140K-Puffs-Vapes-Bulk-Buy-Price-300x300.webp 300w, https:\/\/vapestornado.com\/wp-content\/uploads\/2025\/11\/Airmez-Fox-6-in-1-140K-Puffs-Vapes-Bulk-Buy-Price-150x150.webp 150w, https:\/\/vapestornado.com\/wp-content\/uploads\/2025\/11\/Airmez-Fox-6-in-1-140K-Puffs-Vapes-Bulk-Buy-Price-768x768.webp 768w, https:\/\/vapestornado.com\/wp-content\/uploads\/2025\/11\/Airmez-Fox-6-in-1-140K-Puffs-Vapes-Bulk-Buy-Price-12x12.webp 12w, https:\/\/vapestornado.com\/wp-content\/uploads\/2025\/11\/Airmez-Fox-6-in-1-140K-Puffs-Vapes-Bulk-Buy-Price-600x600.webp 600w, https:\/\/vapestornado.com\/wp-content\/uploads\/2025\/11\/Airmez-Fox-6-in-1-140K-Puffs-Vapes-Bulk-Buy-Price-100x100.webp 100w\" sizes=\"(max-width: 800px) 100vw, 800px\" \/><figcaption id=\"caption-attachment-4599\" class=\"wp-caption-text\">Airmez Fox 6 \u00een 1 140K Puffs Vapes Pre\u021b de cump\u0103rare \u00een vrac<\/figcaption><\/figure>\n<h2><strong>Ce face ca Airmez 140k Puff Disposable Vape Pen s\u0103 ias\u0103 \u00een eviden\u021b\u0103?<\/strong><\/h2>\n<ul data-start=\"2835\" data-end=\"3319\">\n<li data-start=\"2835\" data-end=\"2886\">\n<p data-start=\"2837\" data-end=\"2886\"><strong data-start=\"2837\" data-end=\"2863\">Rezisten\u021b\u0103 de 140.000 de pufuri<\/strong> pentru utilizare pe termen lung.<\/p>\n<\/li>\n<li data-start=\"2887\" data-end=\"2945\">\n<p data-start=\"2889\" data-end=\"2945\"><strong data-start=\"2889\" data-end=\"2910\">\u0218ase moduri de arom\u0103<\/strong> ghidat de un cap de gur\u0103 rotativ.<\/p>\n<\/li>\n<li data-start=\"2946\" data-end=\"2990\">\n<p data-start=\"2948\" data-end=\"2990\"><strong data-start=\"2948\" data-end=\"2965\">45ml<\/strong> din trei rezervoare de 15ml.<\/p>\n<\/li>\n<li data-start=\"2991\" data-end=\"3051\">\n<p data-start=\"2993\" data-end=\"3051\"><strong data-start=\"2993\" data-end=\"3011\">de tip mesh de 1.0\u03a9<\/strong> pentru arom\u0103 lin\u0103 \u0219i densitate a vaporului.<\/p>\n<\/li>\n<li data-start=\"3052\" data-end=\"3118\">\n<p data-start=\"3054\" data-end=\"3118\"><strong data-start=\"3054\" data-end=\"3069\">u\u0219or de utilizat<\/strong> afi\u0219eaz\u0103 num\u0103rul de pufuri, zona de arom\u0103 \u0219i nivelul bateriei.<\/p>\n<\/li>\n<li data-start=\"3119\" data-end=\"3190\">\n<p data-start=\"3121\" data-end=\"3190\"><strong data-start=\"3121\" data-end=\"3159\">Baterie re\u00eenc\u0103rcabil\u0103 de 650mAh Type-C<\/strong> construit pentru o performan\u021b\u0103 constant\u0103.<\/p>\n<\/li>\n<li data-start=\"3191\" data-end=\"3248\">\n<p data-start=\"3193\" data-end=\"3248\"><strong data-start=\"3193\" data-end=\"3222\">Accent pe arom\u0103 de fructe mixte<\/strong> pentru un apel larg pe pia\u021b\u0103.<\/p>\n<\/li>\n<li data-start=\"3249\" data-end=\"3319\">\n<p data-start=\"3251\" data-end=\"3319\"><strong data-start=\"3251\" data-end=\"3282\">Pix de vape de unic\u0103 folosin\u021b\u0103 compact<\/strong> ideal pentru opera\u021biuni en-gros \u00een UE.<\/p>\n<\/li>\n<\/ul>\n<h2>De ce s\u0103 alegi Vapestornado pentru cump\u0103rarea de vape-uri de unic\u0103 folosin\u021b\u0103 online?<\/h2>\n<div class=\"flex-shrink-0 flex flex-col relative items-end\">\n<div class=\"pt-0\">\n<div class=\"gizmo-bot-avatar flex h-8 w-8 items-center justify-center overflow-hidden rounded-full\">\n<div class=\"relative p-1 rounded-sm flex items-center justify-center bg-token-main-surface-primary text-token-text-primary h-8 w-8\">\n<p data-start=\"648\" data-end=\"799\">Alegerea <strong data-start=\"189\" data-end=\"205\">Vapestornado<\/strong> ca furnizor pentru <strong data-start=\"227\" data-end=\"261\">Elf Bar Moon Night 40000 Pufuri<\/strong> \u00eenseamn\u0103 asigurarea unui partener care \u00een\u021belege nevoile distribuitorilor \u0219i comercian\u021bilor cu am\u0103nuntul din Rom\u00e2nia. Ne concentr\u0103m pe livrare rapid\u0103, stoc verificat \u0219i aprovizionare stabil\u0103 pe termen lung \u2014 factori cheie pentru afaceri care v\u00e2nd produse de volum mare precum <strong data-start=\"489\" data-end=\"515\">Elf Bar Moon Night 40K<\/strong>. Fiecare lot este achizi\u021bionat direct din canale certificate, asigur\u00e2nd produse autentice, o consisten\u021b\u0103 puternic\u0103 a aromei \u0219i o calitate fiabil\u0103 care \u00eendepline\u0219te a\u0219tept\u0103rile cump\u0103r\u0103torilor din Rom\u00e2nia.<\/p>\n<p data-start=\"559\" data-end=\"933\" data-is-last-node=\"\" data-is-only-node=\"\">Avem, de asemenea, alte vape-uri populare de unic\u0103 folosin\u021b\u0103 cu ecran, cum ar fi <a href=\"https:\/\/vapestornado.com\/ro\/product\/hifancy-dream-45k-45000-puffs-disposable-vape-kit-fast-shipping-from-eu-warehouse\/\">Hifancy Dream 45k vape<\/a>, <a href=\"https:\/\/vapestornado.com\/ro\/product\/elf-bar-moon-night-40000-puffs-disposable-vape-germany-wholesale\/\">ELF BAR Moon Night 40000 Vape<\/a>, <a href=\"https:\/\/vapestornado.com\/ro\/product\/uor-120000-puff-120k-4-flavors-rechargeable-disposable-vape-shop-online\/\">UOR 120000 PUFF 4 \u00een 1<\/a>, \u0219i altele.<\/p>\n<p data-start=\"559\" data-end=\"933\" data-is-last-node=\"\" data-is-only-node=\"\">\n<\/div>\n<h2>\u00ceNTREB\u0102RI frecvente despre Airmez 140k Puff<\/h2>\n<div class=\"relative p-1 rounded-sm flex items-center justify-center bg-token-main-surface-primary text-token-text-primary h-8 w-8\">\n<p data-start=\"3356\" data-end=\"3475\"><strong data-start=\"3356\" data-end=\"3412\">1. Cum schimb aromele pe Airmez 140k Puff?<\/strong><br data-start=\"3412\" data-end=\"3415\" \/>Rote\u0219te capul de gur\u0103 pentru a trece \u00eentre cele \u0219ase moduri de arom\u0103.<\/p>\n<p data-start=\"3477\" data-end=\"3641\"><strong data-start=\"3477\" data-end=\"3536\">2. C\u00e2t timp dureaz\u0103 \u00een mod obi\u0219nuit dispozitivul cu 140000 de pufuri?<\/strong><br data-start=\"3536\" data-end=\"3539\" \/>Utilizarea variaz\u0103, dar majoritatea utilizatorilor beneficiaz\u0103 de o durat\u0103 de via\u021b\u0103 semnificativ extins\u0103 datorit\u0103 ratingului s\u0103u ridicat de pufuri.<\/p>\n<p data-start=\"3643\" data-end=\"3754\"><strong data-start=\"3643\" data-end=\"3689\">3. Este Airmez 140000 Puff re\u00eenc\u0103rcabil?<\/strong><br data-start=\"3689\" data-end=\"3692\" \/>Da, are un port de \u00eenc\u0103rcare Type-C cu o baterie de 650mAh.<\/p>\n<p data-start=\"3756\" data-end=\"3905\"><strong data-start=\"3756\" data-end=\"3814\">4. Afi\u0219ajul arat\u0103 num\u0103rul de pufuri \u0219i starea bateriei?<\/strong><br data-start=\"3814\" data-end=\"3817\" \/>Display-ul LED ofer\u0103 urm\u0103rire \u00een timp real a pufurilor, nivelul bateriei \u0219i indica\u021bia de arom\u0103.<\/p>\n<p data-start=\"3907\" data-end=\"4052\"><strong data-start=\"3907\" data-end=\"3963\">5. Pot comanda unit\u0103\u021bi Airmez 140k Puff din stocul UE?<\/strong><br data-start=\"3963\" data-end=\"3966\" \/>Da, dealerul nostru <strong data-start=\"3975\" data-end=\"3996\">Cump\u0103r\u0103 din depozitul UE<\/strong> serviciul suport\u0103 livrare rapid\u0103, f\u0103r\u0103 taxe, \u00een toat\u0103 Europa.<\/p>\n<\/div>\n<\/div>\n<\/div>\n<\/div>","protected":false},"excerpt":{"rendered":"<article class=\"text-token-text-primary w-full focus:outline-none [--shadow-height:45px] has-data-writing-block:pointer-events-none has-data-writing-block:-mt-(--shadow-height) has-data-writing-block:pt-(--shadow-height) [&amp;:has([data-writing-block])&gt;*]:pointer-events-auto [content-visibility:auto] supports-[content-visibility:auto]:[contain-intrinsic-size:auto_100lvh] scroll-mt-[calc(var(--header-height)+min(200px,max(70px,20svh)))]\" dir=\"auto\" tabindex=\"-1\" data-turn-id=\"86ca9d92-7a10-4e6b-bda0-15f9df36adca\" data-testid=\"conversation-turn-120\" data-scroll-anchor=\"true\" data-turn=\"assistant\">\n<div class=\"text-base my-auto mx-auto pb-10 [--thread-content-margin:--spacing(4)] thread-sm:[--thread-content-margin:--spacing(6)] thread-lg:[--thread-content-margin:--spacing(16)] px-(--thread-content-margin)\">\n<div class=\"[--thread-content-max-width:40rem] thread-lg:[--thread-content-max-width:48rem] mx-auto max-w-(--thread-content-max-width) flex-1 group\/turn-messages focus-visible:outline-hidden relative flex w-full min-w-0 flex-col agent-turn\" tabindex=\"-1\">\n<div class=\"flex max-w-full flex-col grow\">\n<div class=\"min-h-8 text-message relative flex w-full flex-col items-end gap-2 text-start break-words whitespace-normal [.text-message+&amp;]:mt-1\" dir=\"auto\" data-message-author-role=\"assistant\" data-message-id=\"43b070d6-bf28-4fbe-8049-1032a61ea3ac\" data-message-model-slug=\"gpt-5\">\n<div class=\"flex w-full flex-col gap-1 empty:hidden first:pt-[1px]\">\n<div class=\"markdown prose dark:prose-invert w-full break-words light markdown-new-styling\">\n<article class=\"text-token-text-primary w-full focus:outline-none [--shadow-height:45px] has-data-writing-block:pointer-events-none has-data-writing-block:-mt-(--shadow-height) has-data-writing-block:pt-(--shadow-height) [&amp;:has([data-writing-block])&gt;*]:pointer-events-auto [content-visibility:auto] supports-[content-visibility:auto]:[contain-intrinsic-size:auto_100lvh] scroll-mt-[calc(var(--header-height)+min(200px,max(70px,20svh)))]\" dir=\"auto\" tabindex=\"-1\" data-turn-id=\"4d6f00b8-d41a-438b-8912-05a895842882\" data-testid=\"conversation-turn-130\" data-scroll-anchor=\"true\" data-turn=\"assistant\">\n<div class=\"text-base my-auto mx-auto pb-10 [--thread-content-margin:--spacing(4)] thread-sm:[--thread-content-margin:--spacing(6)] thread-lg:[--thread-content-margin:--spacing(16)] px-(--thread-content-margin)\">\n<div class=\"[--thread-content-max-width:40rem] thread-lg:[--thread-content-max-width:48rem] mx-auto max-w-(--thread-content-max-width) flex-1 group\/turn-messages focus-visible:outline-hidden relative flex w-full min-w-0 flex-col agent-turn\" tabindex=\"-1\">\n<div class=\"flex max-w-full flex-col grow\">\n<div class=\"min-h-8 text-message relative flex w-full flex-col items-end gap-2 text-start break-words whitespace-normal [.text-message+&amp;]:mt-1\" dir=\"auto\" data-message-author-role=\"assistant\" data-message-id=\"f3c520bf-c043-4392-87ea-b3bf1b3ae6d3\" data-message-model-slug=\"gpt-5-1\">\n<div class=\"flex w-full flex-col gap-1 empty:hidden first:pt-[1px]\">\n<div class=\"markdown prose dark:prose-invert w-full break-words light markdown-new-styling\">\n<p>Airmez 140k Puff 6-in-1 Vape de unic\u0103 folosin\u021b\u0103 \u2013 Dispozitiv Big Puff cu stoc \u00een depozitul EU<br \/>\nAirmez 140000 Puff Vape cu arom\u0103 ajustabil\u0103 \u2013 Disponibil en-gros \u00een toat\u0103 Europa<br \/>\nAirmez 140k Puff Pen de unic\u0103 folosin\u021b\u0103 cu 6 arome \u2013 Achizi\u021bie en-gros din depozitul EU<\/p>\n<\/div>\n<\/div>\n<\/div>\n<\/div>\n<\/div>\n<\/div>\n<\/article>\n<\/div>\n<\/div>\n<\/div>\n<\/div>\n<\/div>\n<\/div>\n<\/article>\n<p><img fetchpriority=\"high\" decoding=\"async\" class=\"size-full wp-image-2932\" src=\"https:\/\/vapestornado.com\/wp-content\/uploads\/2024\/12\/Vape-Wholesale.jpg\" alt=\"\u021aig\u0103ri electronice cu ridicata\" width=\"229\" height=\"300\" \/><\/p>\n<h3><a href=\"https:\/\/wa.me\/8617776015835\"><span style=\"color: #ff0000;\"><strong>WhatsApp: +86 17776015835<\/strong><\/span><\/a><\/h3>\n<p>&nbsp;<\/p>","protected":false},"featured_media":4598,"comment_status":"open","ping_status":"closed","template":"","meta":{"_acf_changed":false,"_uag_custom_page_level_css":"","_lmt_disableupdate":"no","_lmt_disable":"","_monsterinsights_skip_tracking":false,"_monsterinsights_sitenote_active":false,"_monsterinsights_sitenote_note":"","_monsterinsights_sitenote_category":0,"site-sidebar-layout":"default","site-content-layout":"","ast-site-content-layout":"default","site-content-style":"default","site-sidebar-style":"default","ast-global-header-display":"","ast-banner-title-visibility":"","ast-main-header-display":"","ast-hfb-above-header-display":"","ast-hfb-below-header-display":"","ast-hfb-mobile-header-display":"","site-post-title":"","ast-breadcrumbs-content":"","ast-featured-img":"","footer-sml-layout":"","ast-disable-related-posts":"","theme-transparent-header-meta":"default","adv-header-id-meta":"","stick-header-meta":"","header-above-stick-meta":"","header-main-stick-meta":"","header-below-stick-meta":"","astra-migrate-meta-layouts":"set","ast-page-background-enabled":"default","ast-page-background-meta":{"desktop":{"background-color":"","background-image":"","background-repeat":"repeat","background-position":"center center","background-size":"auto","background-attachment":"scroll","background-type":"","background-media":"","overlay-type":"","overlay-color":"","overlay-opacity":"","overlay-gradient":""},"tablet":{"background-color":"","background-image":"","background-repeat":"repeat","background-position":"center center","background-size":"auto","background-attachment":"scroll","background-type":"","background-media":"","overlay-type":"","overlay-color":"","overlay-opacity":"","overlay-gradient":""},"mobile":{"background-color":"","background-image":"","background-repeat":"repeat","background-position":"center center","background-size":"auto","background-attachment":"scroll","background-type":"","background-media":"","overlay-type":"","overlay-color":"","overlay-opacity":"","overlay-gradient":""}},"ast-content-background-meta":{"desktop":{"background-color":"var(--ast-global-color-5)","background-image":"","background-repeat":"repeat","background-position":"center center","background-size":"auto","background-attachment":"scroll","background-type":"","background-media":"","overlay-type":"","overlay-color":"","overlay-opacity":"","overlay-gradient":""},"tablet":{"background-color":"var(--ast-global-color-5)","background-image":"","background-repeat":"repeat","background-position":"center center","background-size":"auto","background-attachment":"scroll","background-type":"","background-media":"","overlay-type":"","overlay-color":"","overlay-opacity":"","overlay-gradient":""},"mobile":{"background-color":"var(--ast-global-color-5)","background-image":"","background-repeat":"repeat","background-position":"center center","background-size":"auto","background-attachment":"scroll","background-type":"","background-media":"","overlay-type":"","overlay-color":"","overlay-opacity":"","overlay-gradient":""}},"_joinchat":{"telephone":"17776015835"}},"product_brand":[],"product_cat":[149,150,151,152,144],"product_tag":[456,454,453,105,446,436,450,451,455],"class_list":{"0":"post-4602","1":"product","2":"type-product","3":"status-publish","4":"has-post-thumbnail","6":"product_cat-buy-disposable-vapes-in-austria","7":"product_cat-buy-disposable-vapes-in-belgium","8":"product_cat-buy-disposable-vapes-in-france","9":"product_cat-buy-disposable-vapes-in-cermany","10":"product_cat-low-nicotine-disposable-vapes","11":"product_tag-6-in-1-flavor-disposable-vape","12":"product_tag-airmez-140000-puff","13":"product_tag-airmez-140k-puff","14":"product_tag-digital-disposable-vape","15":"product_tag-disposable-vape-kit","16":"product_tag-shop-vape-online","17":"product_tag-vape-fast-shipping","18":"product_tag-vape-free-shipping","19":"product_tag-vape-pen-eu-warehouse","20":"desktop-align-left","21":"tablet-align-left","22":"mobile-align-left","24":"first","25":"instock","26":"sale","27":"shipping-taxable","28":"purchasable","29":"product-type-simple"},"acf":[],"uagb_featured_image_src":{"full":["https:\/\/vapestornado.com\/wp-content\/uploads\/2025\/11\/Airmez-Brand-140k-Puff-Disposable-Vape-Wholesale-Vape-Pen.webp",800,800,false],"thumbnail":["https:\/\/vapestornado.com\/wp-content\/uploads\/2025\/11\/Airmez-Brand-140k-Puff-Disposable-Vape-Wholesale-Vape-Pen-150x150.webp",150,150,true],"medium":["https:\/\/vapestornado.com\/wp-content\/uploads\/2025\/11\/Airmez-Brand-140k-Puff-Disposable-Vape-Wholesale-Vape-Pen-300x300.webp",300,300,true],"medium_large":["https:\/\/vapestornado.com\/wp-content\/uploads\/2025\/11\/Airmez-Brand-140k-Puff-Disposable-Vape-Wholesale-Vape-Pen-768x768.webp",768,768,true],"large":["https:\/\/vapestornado.com\/wp-content\/uploads\/2025\/11\/Airmez-Brand-140k-Puff-Disposable-Vape-Wholesale-Vape-Pen.webp",800,800,false],"1536x1536":["https:\/\/vapestornado.com\/wp-content\/uploads\/2025\/11\/Airmez-Brand-140k-Puff-Disposable-Vape-Wholesale-Vape-Pen.webp",800,800,false],"2048x2048":["https:\/\/vapestornado.com\/wp-content\/uploads\/2025\/11\/Airmez-Brand-140k-Puff-Disposable-Vape-Wholesale-Vape-Pen.webp",800,800,false],"trp-custom-language-flag":["https:\/\/vapestornado.com\/wp-content\/uploads\/2025\/11\/Airmez-Brand-140k-Puff-Disposable-Vape-Wholesale-Vape-Pen-12x12.webp",12,12,true],"woocommerce_thumbnail":["https:\/\/vapestornado.com\/wp-content\/uploads\/2025\/11\/Airmez-Brand-140k-Puff-Disposable-Vape-Wholesale-Vape-Pen-300x300.webp",300,300,true],"woocommerce_single":["https:\/\/vapestornado.com\/wp-content\/uploads\/2025\/11\/Airmez-Brand-140k-Puff-Disposable-Vape-Wholesale-Vape-Pen-600x600.webp",600,600,true],"woocommerce_gallery_thumbnail":["https:\/\/vapestornado.com\/wp-content\/uploads\/2025\/11\/Airmez-Brand-140k-Puff-Disposable-Vape-Wholesale-Vape-Pen-100x100.webp",100,100,true]},"uagb_author_info":{"display_name":"ESAMY","author_link":"https:\/\/vapestornado.com\/ro\/author\/"},"uagb_comment_info":0,"uagb_excerpt":"Airmez 140k Puff 6-in-1 Disposable Vape Pen \u2013 Big Puff Device with EU Warehouse Stock Airmez 140000 Puff Adjustable Flavor Vape \u2013 Wholesale Ready Across Europe Airmez 140k Puff 6-Flavor Disposable Pen \u2013 Bulk Buy from EU Warehouse WhatsApp: +86 17776015835 &nbsp;","_links":{"self":[{"href":"https:\/\/vapestornado.com\/ro\/wp-json\/wp\/v2\/product\/4602","targetHints":{"allow":["GET"]}}],"collection":[{"href":"https:\/\/vapestornado.com\/ro\/wp-json\/wp\/v2\/product"}],"about":[{"href":"https:\/\/vapestornado.com\/ro\/wp-json\/wp\/v2\/types\/product"}],"replies":[{"embeddable":true,"href":"https:\/\/vapestornado.com\/ro\/wp-json\/wp\/v2\/comments?post=4602"}],"wp:featuredmedia":[{"embeddable":true,"href":"https:\/\/vapestornado.com\/ro\/wp-json\/wp\/v2\/media\/4598"}],"wp:attachment":[{"href":"https:\/\/vapestornado.com\/ro\/wp-json\/wp\/v2\/media?parent=4602"}],"wp:term":[{"taxonomy":"product_brand","embeddable":true,"href":"https:\/\/vapestornado.com\/ro\/wp-json\/wp\/v2\/product_brand?post=4602"},{"taxonomy":"product_cat","embeddable":true,"href":"https:\/\/vapestornado.com\/ro\/wp-json\/wp\/v2\/product_cat?post=4602"},{"taxonomy":"product_tag","embeddable":true,"href":"https:\/\/vapestornado.com\/ro\/wp-json\/wp\/v2\/product_tag?post=4602"}],"curies":[{"name":"wp","href":"https:\/\/api.w.org\/{rel}","templated":true}]}}