{"id":4566,"date":"2025-11-18T08:50:18","date_gmt":"2025-11-18T08:50:18","guid":{"rendered":"https:\/\/vapestornado.com\/?post_type=product&#038;p=4566"},"modified":"2025-11-18T09:04:54","modified_gmt":"2025-11-18T09:04:54","slug":"bang-legend-150000-puffs-6-in-1-flavor-newest-disposable-vape","status":"publish","type":"product","link":"https:\/\/vapestornado.com\/ro\/product\/bang-legend-150000-puffs-6-in-1-flavor-newest-disposable-vape\/","title":{"rendered":"Bang Legend 150000 Pufuri 6 \u00een 1 Arom\u0103 Cel Mai Nou Vape De Unic\u0103 Folosin\u021b\u0103"},"content":{"rendered":"<h2 data-pm-slice=\"1 1 []\">Bang Legend 150000 Pufuri 6 \u00een 1 Arom\u0103 Cel Mai Nou Vape De Unic\u0103 Folosin\u021b\u0103 \u2014 Cel Mai Bun V\u00e2nz\u0103tor En Gros de Vape din Italia<\/h2>\n<p data-start=\"419\" data-end=\"845\">Sistemul <strong data-start=\"423\" data-end=\"451\">Bang Legend 150000 Pufuri<\/strong> modeleaz\u0103 pia\u021ba vapingului din UE \u00een 2025 cu un format construit pentru angrosi\u0219ti \u0219i tinerii consumatori de sex masculin care caut\u0103 putere, profunzime a aromei \u0219i performan\u021b\u0103 de lung\u0103 durat\u0103. Acest <strong data-start=\"614\" data-end=\"640\">Cel Mai Nou Vape De Unic\u0103 Folosin\u021b\u0103<\/strong> aduce un sistem <strong data-start=\"660\" data-end=\"682\">vape cu 6 arome \u00een 1<\/strong> modernizat, care permite utilizatorilor s\u0103 comute \u00eentre \u0219ase amestecuri premium \u00eentr-un singur dispozitiv, simplific\u00e2nd inventarul pentru comercian\u021bi \u0219i oferind o experien\u021b\u0103 versatil\u0103 pentru utilizatorii finali.<\/p>\n<p data-start=\"847\" data-end=\"1062\">Conceput cu distribu\u021bia en gros \u00een minte, Bang Legend 150K combin\u0103 durabilitatea, produc\u021bia stabil\u0103 de vapori \u0219i tehnologia de \u00eenc\u0103lzire de top, f\u0103c\u00e2ndu-l o alegere obligatorie pentru <strong data-start=\"1023\" data-end=\"1052\">Cele Mai Bune Canale En Gros de Vape din Italia<\/strong> canale.<\/p>\n<p data-start=\"1064\" data-end=\"1568\">Alimentat de o baterie re\u00eenc\u0103rcabil\u0103 de 850mAh \u0219i o bobin\u0103 mesh de 1.0*3, dispozitivul ofer\u0103 vapori fini \u0219i gust \u00eendr\u0103zne\u021b de la prima inhalare p\u00e2n\u0103 la ultimul puf. Cu \u00eenc\u0103rcare rapid\u0103 Type-C \u0219i un masiv <strong data-start=\"1256\" data-end=\"1271\">150000 de pufuri<\/strong> capacitate, acest model r\u0103spunde cererii pie\u021bei UE pentru vape-uri de unic\u0103 folosin\u021b\u0103 de lung\u0103 durat\u0103, care reduc timpul de nefunc\u021bionare \u0219i sporesc confortul utilizatorului.<\/p>\n<p data-start=\"1570\" data-end=\"1827\">Acesta este tipul de dispozitiv pe care magazinele din UE \u00eel apreciaz\u0103: fiabil, aromat, de mare capacitate \u0219i gata pentru achizi\u021bii en gros. Cel <strong data-start=\"1682\" data-end=\"1710\">Bang Legend 150000 Pufuri<\/strong> nu este doar un alt de\u0219eu de unic\u0103 folosin\u021b\u0103 \u2014 este un lider de categorie conceput pentru comercian\u021bi cu am\u0103nuntul \u0219i distribuitori serio\u0219i din Europa.<\/p>\n<p data-start=\"666\" data-end=\"1235\"><strong style=\"font-size: 16px;\"><span style=\"color: #ff0000;\">Adaug\u0103-o pe Amy pe WhatsApp pentru a ob\u021bine un r\u0103spuns rapid \u0219i un pre\u021b redus!<\/span><\/strong><\/p>\n<p><img fetchpriority=\"high\" decoding=\"async\" class=\"size-full wp-image-2932\" src=\"https:\/\/vapestornado.com\/wp-content\/uploads\/2024\/12\/Vape-Wholesale.jpg\" alt=\"\u021aig\u0103ri electronice cu ridicata\" width=\"229\" height=\"300\" \/><\/p>\n<h3><a href=\"https:\/\/wa.me\/8617776015835\" target=\"_blank\" rel=\"noopener\"><span style=\"color: #ff0000;\"><strong>WhatsApp: +86 17776015835<\/strong><\/span><\/a><\/h3>\n<p>&nbsp;<\/p>\n<h2><strong>Ce face ca Bang Legend 150000 Pufuri De\u0219eu Vape Pen s\u0103 ias\u0103 \u00een eviden\u021b\u0103?<\/strong><\/h2>\n<ul>\n<li data-start=\"3944\" data-end=\"3990\">\n<p data-start=\"3946\" data-end=\"3990\"><strong data-start=\"3946\" data-end=\"3970\">capacitate de 150000 de pufuri<\/strong> pentru utilizare pe termen lung<\/p>\n<\/li>\n<li data-start=\"3991\" data-end=\"4055\">\n<p data-start=\"3993\" data-end=\"4055\"><strong data-start=\"3993\" data-end=\"4019\">Rota\u021bie de arome 6-\u00een-1<\/strong> conceput pentru preferin\u021bele tinerilor din UE<\/p>\n<\/li>\n<li data-start=\"4056\" data-end=\"4109\">\n<p data-start=\"4058\" data-end=\"4109\"><strong data-start=\"4058\" data-end=\"4077\">bobin\u0103 mesh 1.0*3<\/strong> livr\u00e2nd vapori cura\u021bi \u0219i dens<\/p>\n<\/li>\n<li data-start=\"4110\" data-end=\"4151\">\n<p data-start=\"4112\" data-end=\"4151\"><strong data-start=\"4112\" data-end=\"4130\">baterie de 850mAh<\/strong> cu ie\u0219ire stabil\u0103<\/p>\n<\/li>\n<li data-start=\"4152\" data-end=\"4201\">\n<p data-start=\"4154\" data-end=\"4201\"><strong data-start=\"4154\" data-end=\"4178\">\u00eenc\u0103rcare rapid\u0103 de tip C<\/strong> pentru timp de func\u021bionare minim<\/p>\n<\/li>\n<li data-start=\"4202\" data-end=\"4272\">\n<p data-start=\"4204\" data-end=\"4272\"><strong data-start=\"4204\" data-end=\"4229\">personalizare OEM\/ODM<\/strong> pentru angrosi\u0219ti \u0219i m\u0103rci cu etichet\u0103 privat\u0103<\/p>\n<\/li>\n<\/ul>\n<figure id=\"attachment_4561\" aria-describedby=\"caption-attachment-4561\" style=\"width: 300px\" class=\"wp-caption alignnone\"><img decoding=\"async\" class=\"size-medium wp-image-4561\" src=\"https:\/\/vapestornado.com\/wp-content\/uploads\/2025\/11\/Bang-Legend-150K-Puff-Multi-Flavor-Disposable-Vape-300x300.webp\" alt=\"Bang Legend 150K Pufuri Vape de Unic\u0103 Folosin\u021b\u0103 Multi Arome\" width=\"300\" height=\"300\" srcset=\"https:\/\/vapestornado.com\/wp-content\/uploads\/2025\/11\/Bang-Legend-150K-Puff-Multi-Flavor-Disposable-Vape-300x300.webp 300w, https:\/\/vapestornado.com\/wp-content\/uploads\/2025\/11\/Bang-Legend-150K-Puff-Multi-Flavor-Disposable-Vape-150x150.webp 150w, https:\/\/vapestornado.com\/wp-content\/uploads\/2025\/11\/Bang-Legend-150K-Puff-Multi-Flavor-Disposable-Vape-768x768.webp 768w, https:\/\/vapestornado.com\/wp-content\/uploads\/2025\/11\/Bang-Legend-150K-Puff-Multi-Flavor-Disposable-Vape-12x12.webp 12w, https:\/\/vapestornado.com\/wp-content\/uploads\/2025\/11\/Bang-Legend-150K-Puff-Multi-Flavor-Disposable-Vape-600x600.webp 600w, https:\/\/vapestornado.com\/wp-content\/uploads\/2025\/11\/Bang-Legend-150K-Puff-Multi-Flavor-Disposable-Vape-100x100.webp 100w, https:\/\/vapestornado.com\/wp-content\/uploads\/2025\/11\/Bang-Legend-150K-Puff-Multi-Flavor-Disposable-Vape.webp 800w\" sizes=\"(max-width: 300px) 100vw, 300px\" \/><figcaption id=\"caption-attachment-4561\" class=\"wp-caption-text\">Bang Legend 150K Pufuri Vape de Unic\u0103 Folosin\u021b\u0103 Multi Arome<\/figcaption><\/figure>\n<h2 class=\"product-title\"><strong>Lista de Arome pentru Vape-uri De Unic\u0103 Folosin\u021b\u0103 Bang Legend 150000 Pufuri<\/strong><\/h2>\n<h2 data-start=\"1834\" data-end=\"1884\"><\/h2>\n<ol>\n<li style=\"list-style-type: none;\">\n<ol data-start=\"1886\" data-end=\"3879\">\n<li data-start=\"1886\" data-end=\"2027\">\n<p data-start=\"1889\" data-end=\"2027\"><strong data-start=\"1889\" data-end=\"1934\">Piersic\u0103 Ghea\u021b\u0103 \/ Mango Piersic\u0103 \/ Piersic\u0103 Afine<\/strong><br data-start=\"1934\" data-end=\"1937\" \/>Piersic\u0103 Ghea\u021b\u0103 + Mango Piersic\u0103 \/ Piersic\u0103 Ghea\u021b\u0103 + Piersic\u0103 Afine \/ Mango Piersic\u0103 + Piersic\u0103 Afine<\/p>\n<\/li>\n<li data-start=\"2028\" data-end=\"2214\">\n<p data-start=\"2031\" data-end=\"2214\"><strong data-start=\"2031\" data-end=\"2091\">Ananas Ghea\u021b\u0103 \/ Ananas Cocos \/ Kiwi Ananas<\/strong><br data-start=\"2091\" data-end=\"2094\" \/>Ananas Ghea\u021b\u0103 + Ananas Cocos \/ Ananas Ghea\u021b\u0103 + Kiwi Ananas \/ Cocos Ananas + Kiwi Ananas<\/p>\n<\/li>\n<li data-start=\"2215\" data-end=\"2371\">\n<p data-start=\"2218\" data-end=\"2371\"><strong data-start=\"2218\" data-end=\"2268\">Strugure Ghea\u021b\u0103 \/ Gum\u0103 de mestecat cu arom\u0103 de Strugure \/ Zmeur\u0103 Strugure<\/strong><br data-start=\"2268\" data-end=\"2271\" \/>Strugure Ghea\u021b\u0103 + Gum\u0103 de mestecat cu arom\u0103 de Strugure \/ Ghea\u021b\u0103 de Strugure + Zmeur\u0103 Strugure \/ Gum\u0103 de mestecat cu arom\u0103 de Zmeur\u0103 Strugure<\/p>\n<\/li>\n<li data-start=\"2372\" data-end=\"2567\">\n<p data-start=\"2375\" data-end=\"2567\"><strong data-start=\"2375\" data-end=\"2438\">Pepene Verde Ghea\u021b\u0103 \/ Fructe de p\u0103dure Pepene Verde \/ C\u0103p\u0219un\u0103 Pepene Verde<\/strong><br data-start=\"2438\" data-end=\"2441\" \/>Ice Pepene Verde + Fructe de P\u0103dure \/ Ice Pepene Verde + C\u0103p\u0219uni Pepene Verde \/ Fructe de P\u0103dure + C\u0103p\u0219uni Pepene Verde<\/p>\n<\/li>\n<li data-start=\"2568\" data-end=\"2778\">\n<p data-start=\"2571\" data-end=\"2778\"><strong data-start=\"2571\" data-end=\"2639\">Ice Afine \/ Zmeur\u0103 Afine \/ Meri\u0219oare Cire\u0219e Afine<\/strong><br data-start=\"2639\" data-end=\"2642\" \/>Ice Afine + Zmeur\u0103 Afine \/ Ice Afine + Meri\u0219oare Cire\u0219e Afine \/ Zmeur\u0103 Afine + Meri\u0219oare Cire\u0219e Afine<\/p>\n<\/li>\n<li data-start=\"2779\" data-end=\"2950\">\n<p data-start=\"2782\" data-end=\"2950\"><strong data-start=\"2782\" data-end=\"2837\">Ice Banane \/ C\u0103p\u0219uni Banane \/ Acid Citric Portocal\u0103<\/strong><br data-start=\"2837\" data-end=\"2840\" \/>Ice Banane + C\u0103p\u0219uni Banane \/ Ice Banane + Acid Citric Portocal\u0103 \/ C\u0103p\u0219uni Banane + Acid Citric Portocal\u0103<\/p>\n<\/li>\n<li data-start=\"2951\" data-end=\"3092\">\n<p data-start=\"2954\" data-end=\"3092\"><strong data-start=\"2954\" data-end=\"2999\">Ice M\u0103r \/ Struguri M\u0103r \/ Struguri Afine<\/strong><br data-start=\"2999\" data-end=\"3002\" \/>Ice M\u0103r + Struguri M\u0103r \/ Ice M\u0103r + Struguri Afine \/ Struguri M\u0103r + Struguri Afine<\/p>\n<\/li>\n<li data-start=\"3093\" data-end=\"3252\">\n<p data-start=\"3096\" data-end=\"3252\"><strong data-start=\"3096\" data-end=\"3147\">Ice Mango \/ Piersici Mango Pepene Verde \/ Ursule\u021b Gelatin\u0103<\/strong><br data-start=\"3147\" data-end=\"3150\" \/>Ice Mango + Piersici Mango Pepene Verde \/ Ice Mango + Ursule\u021b Gelatin\u0103 \/ Piersici Mango Pepene Verde + Ursule\u021b Gelatin\u0103<\/p>\n<\/li>\n<li data-start=\"3253\" data-end=\"3382\">\n<p data-start=\"3256\" data-end=\"3382\"><strong data-start=\"3256\" data-end=\"3297\">Ice Cire\u0219e \/ Fructe de P\u0103dure Mixte \/ Cola Ro\u0219ie<\/strong><br data-start=\"3297\" data-end=\"3300\" \/>Ice Cire\u0219e + Fructe de P\u0103dure Mixte \/ Ice Cire\u0219e + Cola Ro\u0219ie \/ Fructe de P\u0103dure Mixte + Cola Ro\u0219ie<\/p>\n<\/li>\n<li data-start=\"3383\" data-end=\"3528\">\n<p data-start=\"3387\" data-end=\"3528\"><strong data-start=\"3387\" data-end=\"3433\">Red Bull \/ Gum\u0103 de mestecat Pepene Verde \/ Love 66<\/strong><br data-start=\"3433\" data-end=\"3436\" \/>Red Bull + Gum\u0103 de mestecat Pepene Verde \/ Red Bull + Love 66 \/ Gum\u0103 de mestecat Pepene Verde + Love 66<\/p>\n<\/li>\n<li data-start=\"3529\" data-end=\"3704\">\n<p data-start=\"3533\" data-end=\"3704\"><strong data-start=\"3533\" data-end=\"3589\">Ice C\u0103p\u0219uni \/ C\u0103p\u0219uni Kiwi \/ C\u0103p\u0219uni Litchi<\/strong><br data-start=\"3589\" data-end=\"3592\" \/>Ice C\u0103p\u0219uni + C\u0103p\u0219uni Kiwi \/ Ice C\u0103p\u0219uni + C\u0103p\u0219uni Litchi \/ C\u0103p\u0219uni Kiwi + C\u0103p\u0219uni Litchi<\/p>\n<\/li>\n<li data-start=\"3705\" data-end=\"3879\">\n<p data-start=\"3709\" data-end=\"3879\"><strong data-start=\"3709\" data-end=\"3772\">Fructul Pasiunii Passion \/ Guava Lime \/ Fructul Pasiunii L\u0103m\u00e2ie<\/strong><br data-start=\"3772\" data-end=\"3775\" \/>Fructul Pasiunii + Guava Lime \/ Fructul Pasiunii + Fructul Pasiunii L\u0103m\u00e2ie \/ Guava Lime + Fructul Pasiunii L\u0103m\u00e2ie<\/p>\n<\/li>\n<\/ol>\n<\/li>\n<\/ol>\n<p>&nbsp;<\/p>\n<h2>De ce s\u0103 alegi Vapestornado pentru Bang Legend 150000 Pufuri Achizi\u021bie en-gros?<\/h2>\n<div class=\"flex-shrink-0 flex flex-col relative items-end\">\n<div class=\"pt-0\">\n<div class=\"gizmo-bot-avatar flex h-8 w-8 items-center justify-center overflow-hidden rounded-full\">\n<div class=\"relative p-1 rounded-sm flex items-center justify-center bg-token-main-surface-primary text-token-text-primary h-8 w-8\">\n<p data-start=\"648\" data-end=\"799\">Alegerea <strong data-start=\"189\" data-end=\"205\">Vapestornado<\/strong> ca furnizor pentru <strong data-start=\"227\" data-end=\"261\">Elf Bar Moon Night 40000 Pufuri<\/strong> \u00eenseamn\u0103 asigurarea unui partener care \u00een\u021belege nevoile distribuitorilor \u0219i comercian\u021bilor cu am\u0103nuntul din Rom\u00e2nia. Ne concentr\u0103m pe livrare rapid\u0103, stoc verificat \u0219i aprovizionare stabil\u0103 pe termen lung \u2014 factori cheie pentru afaceri care v\u00e2nd produse de volum mare precum <strong data-start=\"489\" data-end=\"515\">Elf Bar Moon Night 40K<\/strong>. Fiecare lot este achizi\u021bionat direct din canale certificate, asigur\u00e2nd produse autentice, o consisten\u021b\u0103 puternic\u0103 a aromei \u0219i o calitate fiabil\u0103 care \u00eendepline\u0219te a\u0219tept\u0103rile cump\u0103r\u0103torilor din Rom\u00e2nia.<\/p>\n<p data-start=\"559\" data-end=\"933\" data-is-last-node=\"\" data-is-only-node=\"\">Avem, de asemenea, alte vape-uri populare de unic\u0103 folosin\u021b\u0103 cu ecran, cum ar fi <a href=\"https:\/\/vapestornado.com\/ro\/product\/uzy-150k-puffs-6-in-1-flavor-switch-disposable-vape-pen-wholesale\/\">Vape cu schimbare de arom\u0103 UZY 150K Puff<\/a>, <a href=\"https:\/\/vapestornado.com\/ro\/product\/vozol-rave-40k-40000-puffs-disposable-vape-smart-screen-5-nicotine\/\">VOZOL RAVE 40K Vape de unic\u0103 folosin\u021b\u0103<\/a>, <a href=\"https:\/\/vapestornado.com\/ro\/product\/waspe-150k-150000-puff-6-in-1-disposable-vape-pen-cartridge-best-wholesale-price-in-poland\/\">WASPE 150K Pufuri 6 \u00een 1<\/a>, \u0219i altele.<\/p>\n<\/div>\n<div class=\"relative p-1 rounded-sm flex items-center justify-center bg-token-main-surface-primary text-token-text-primary h-8 w-8\">\n<h2>\u00centreb\u0103ri frecvente despre Bang Legend 150000 Pufuri<\/h2>\n<p data-start=\"4658\" data-end=\"4815\"><strong data-start=\"4658\" data-end=\"4721\">1. C\u00e2t timp dureaz\u0103 de obicei Bang Legend 150000 Pufuri?<\/strong><br data-start=\"4721\" data-end=\"4724\" \/>Pentru utilizatorii obi\u0219nui\u021bi, dispozitivul poate dura c\u00e2teva s\u0103pt\u0103m\u00e2ni datorit\u0103 capacit\u0103\u021bii sale masive de 150K pufuri.<\/p>\n<p data-start=\"4817\" data-end=\"4927\"><strong data-start=\"4817\" data-end=\"4861\">2. Este Bang Legend 150K re\u00eenc\u0103rcabil?<\/strong><br data-start=\"4861\" data-end=\"4864\" \/>Da, include un port Type-C pentru \u00eenc\u0103rcare rapid\u0103 \u0219i eficient\u0103.<\/p>\n<p data-start=\"4929\" data-end=\"5084\"><strong data-start=\"4929\" data-end=\"4980\">3. Ce face sistemul de arome 6-in-1 special?<\/strong><br data-start=\"4980\" data-end=\"4983\" \/>Permite utilizatorilor s\u0103 comute \u00eentre \u0219ase arome instantaneu, reduc\u00e2nd necesitatea de a purta mai multe dispozitive.<\/p>\n<p data-start=\"5086\" data-end=\"5240\"><strong data-start=\"5086\" data-end=\"5146\">4. Este acest model potrivit pentru Romania Best Vape Wholesale?<\/strong><br data-start=\"5146\" data-end=\"5149\" \/>Da, este foarte recomandat pentru re\u021belele en-gros datorit\u0103 cererii \u0219i stabilit\u0103\u021bii ofertei.<\/p>\n<p data-start=\"5242\" data-end=\"5375\"><strong data-start=\"5242\" data-end=\"5287\">5. Folose\u0219te Bang Legend 150K o bobin\u0103 din plas\u0103?<\/strong><br data-start=\"5287\" data-end=\"5290\" \/>Dispune de o bobin\u0103 din plas\u0103 1.0*3, asigur\u00e2nd o \u00eenc\u0103lzire uniform\u0103 \u0219i un gust puternic \u0219i consistent.<\/p>\n<\/div>\n<\/div>\n<\/div>\n<\/div>","protected":false},"excerpt":{"rendered":"<article class=\"text-token-text-primary w-full focus:outline-none [--shadow-height:45px] has-data-writing-block:pointer-events-none has-data-writing-block:-mt-(--shadow-height) has-data-writing-block:pt-(--shadow-height) [&amp;:has([data-writing-block])&gt;*]:pointer-events-auto [content-visibility:auto] supports-[content-visibility:auto]:[contain-intrinsic-size:auto_100lvh] scroll-mt-[calc(var(--header-height)+min(200px,max(70px,20svh)))]\" dir=\"auto\" tabindex=\"-1\" data-turn-id=\"86ca9d92-7a10-4e6b-bda0-15f9df36adca\" data-testid=\"conversation-turn-120\" data-scroll-anchor=\"true\" data-turn=\"assistant\">\n<div class=\"text-base my-auto mx-auto pb-10 [--thread-content-margin:--spacing(4)] thread-sm:[--thread-content-margin:--spacing(6)] thread-lg:[--thread-content-margin:--spacing(16)] px-(--thread-content-margin)\">\n<div class=\"[--thread-content-max-width:40rem] thread-lg:[--thread-content-max-width:48rem] mx-auto max-w-(--thread-content-max-width) flex-1 group\/turn-messages focus-visible:outline-hidden relative flex w-full min-w-0 flex-col agent-turn\" tabindex=\"-1\">\n<div class=\"flex max-w-full flex-col grow\">\n<div class=\"min-h-8 text-message relative flex w-full flex-col items-end gap-2 text-start break-words whitespace-normal [.text-message+&amp;]:mt-1\" dir=\"auto\" data-message-author-role=\"assistant\" data-message-id=\"43b070d6-bf28-4fbe-8049-1032a61ea3ac\" data-message-model-slug=\"gpt-5\">\n<div class=\"flex w-full flex-col gap-1 empty:hidden first:pt-[1px]\">\n<div class=\"markdown prose dark:prose-invert w-full break-words light markdown-new-styling\">\n<article class=\"text-token-text-primary w-full focus:outline-none [--shadow-height:45px] has-data-writing-block:pointer-events-none has-data-writing-block:-mt-(--shadow-height) has-data-writing-block:pt-(--shadow-height) [&amp;:has([data-writing-block])&gt;*]:pointer-events-auto [content-visibility:auto] supports-[content-visibility:auto]:[contain-intrinsic-size:auto_100lvh] scroll-mt-[calc(var(--header-height)+min(200px,max(70px,20svh)))]\" dir=\"auto\" tabindex=\"-1\" data-turn-id=\"4d6f00b8-d41a-438b-8912-05a895842882\" data-testid=\"conversation-turn-130\" data-scroll-anchor=\"true\" data-turn=\"assistant\">\n<div class=\"text-base my-auto mx-auto pb-10 [--thread-content-margin:--spacing(4)] thread-sm:[--thread-content-margin:--spacing(6)] thread-lg:[--thread-content-margin:--spacing(16)] px-(--thread-content-margin)\">\n<div class=\"[--thread-content-max-width:40rem] thread-lg:[--thread-content-max-width:48rem] mx-auto max-w-(--thread-content-max-width) flex-1 group\/turn-messages focus-visible:outline-hidden relative flex w-full min-w-0 flex-col agent-turn\" tabindex=\"-1\">\n<div class=\"flex max-w-full flex-col grow\">\n<div class=\"min-h-8 text-message relative flex w-full flex-col items-end gap-2 text-start break-words whitespace-normal [.text-message+&amp;]:mt-1\" dir=\"auto\" data-message-author-role=\"assistant\" data-message-id=\"f3c520bf-c043-4392-87ea-b3bf1b3ae6d3\" data-message-model-slug=\"gpt-5-1\">\n<div class=\"flex w-full flex-col gap-1 empty:hidden first:pt-[1px]\">\n<div class=\"markdown prose dark:prose-invert w-full break-words light markdown-new-styling\">\n<p>Bang Legend 150000 Pufuri 6 \u00een 1 \u2014 Cel Mai Bine V\u00e2ndut Vape De Unic\u0103 Folosin\u021b\u0103 din Italia<\/p>\n<p>Bang Legend 150K 6 \u00een 1 Arom\u0103 Vape pentru Angrosi\u0219tii din UE \u2014 Puternic, De Lung\u0103 Durat\u0103, Gata pentru Comenzi En Gros<\/p>\n<p>Bang Legend 150000 Pufuri Vape De Unic\u0103 Folosin\u021b\u0103 \u2014 Rota\u021bie Premium cu 6 Arome pentru Pia\u021ba Vape din Europa<\/p>\n<\/div>\n<\/div>\n<\/div>\n<\/div>\n<\/div>\n<\/div>\n<\/article>\n<div class=\"pointer-events-none h-px w-px\" aria-hidden=\"true\" data-edge=\"true\"><\/div>\n<\/div>\n<\/div>\n<\/div>\n<\/div>\n<\/div>\n<\/div>\n<\/article>\n<p><img fetchpriority=\"high\" decoding=\"async\" class=\"size-full wp-image-2932\" src=\"https:\/\/vapestornado.com\/wp-content\/uploads\/2024\/12\/Vape-Wholesale.jpg\" alt=\"\u021aig\u0103ri electronice cu ridicata\" width=\"229\" height=\"300\" \/><\/p>\n<h3><a href=\"https:\/\/wa.me\/8617776015835\"><span style=\"color: #ff0000;\"><strong>WhatsApp: +86 17776015835<\/strong><\/span><\/a><\/h3>\n<p>&nbsp;<\/p>","protected":false},"featured_media":4560,"comment_status":"open","ping_status":"closed","template":"","meta":{"_acf_changed":false,"_uag_custom_page_level_css":"","_lmt_disableupdate":"no","_lmt_disable":"","_monsterinsights_skip_tracking":false,"_monsterinsights_sitenote_active":false,"_monsterinsights_sitenote_note":"","_monsterinsights_sitenote_category":0,"site-sidebar-layout":"default","site-content-layout":"","ast-site-content-layout":"default","site-content-style":"default","site-sidebar-style":"default","ast-global-header-display":"","ast-banner-title-visibility":"","ast-main-header-display":"","ast-hfb-above-header-display":"","ast-hfb-below-header-display":"","ast-hfb-mobile-header-display":"","site-post-title":"","ast-breadcrumbs-content":"","ast-featured-img":"","footer-sml-layout":"","ast-disable-related-posts":"","theme-transparent-header-meta":"default","adv-header-id-meta":"","stick-header-meta":"","header-above-stick-meta":"","header-main-stick-meta":"","header-below-stick-meta":"","astra-migrate-meta-layouts":"set","ast-page-background-enabled":"default","ast-page-background-meta":{"desktop":{"background-color":"","background-image":"","background-repeat":"repeat","background-position":"center center","background-size":"auto","background-attachment":"scroll","background-type":"","background-media":"","overlay-type":"","overlay-color":"","overlay-opacity":"","overlay-gradient":""},"tablet":{"background-color":"","background-image":"","background-repeat":"repeat","background-position":"center center","background-size":"auto","background-attachment":"scroll","background-type":"","background-media":"","overlay-type":"","overlay-color":"","overlay-opacity":"","overlay-gradient":""},"mobile":{"background-color":"","background-image":"","background-repeat":"repeat","background-position":"center center","background-size":"auto","background-attachment":"scroll","background-type":"","background-media":"","overlay-type":"","overlay-color":"","overlay-opacity":"","overlay-gradient":""}},"ast-content-background-meta":{"desktop":{"background-color":"var(--ast-global-color-5)","background-image":"","background-repeat":"repeat","background-position":"center center","background-size":"auto","background-attachment":"scroll","background-type":"","background-media":"","overlay-type":"","overlay-color":"","overlay-opacity":"","overlay-gradient":""},"tablet":{"background-color":"var(--ast-global-color-5)","background-image":"","background-repeat":"repeat","background-position":"center center","background-size":"auto","background-attachment":"scroll","background-type":"","background-media":"","overlay-type":"","overlay-color":"","overlay-opacity":"","overlay-gradient":""},"mobile":{"background-color":"var(--ast-global-color-5)","background-image":"","background-repeat":"repeat","background-position":"center center","background-size":"auto","background-attachment":"scroll","background-type":"","background-media":"","overlay-type":"","overlay-color":"","overlay-opacity":"","overlay-gradient":""}},"_joinchat":{"telephone":"17776015835"}},"product_brand":[],"product_cat":[394,62,149,150,156,357,146],"product_tag":[440,105,441,436,435,439,301],"class_list":{"0":"post-4566","1":"product","2":"type-product","3":"status-publish","4":"has-post-thumbnail","6":"product_cat-150000-puff","7":"product_cat-bang-vape","8":"product_cat-buy-disposable-vapes-in-austria","9":"product_cat-buy-disposable-vapes-in-belgium","10":"product_cat-buy-disposable-vapes-in-poland","11":"product_cat-flavor-adjustable-vape","12":"product_cat-rechargeable-disposable-vapes","13":"product_tag-bang-legend-150000","14":"product_tag-digital-disposable-vape","15":"product_tag-puff-150k","16":"product_tag-shop-vape-online","17":"product_tag-vape-eu-wholesale","18":"product_tag-vape-germany-wholesale","19":"product_tag-vapor-wholesale","20":"desktop-align-left","21":"tablet-align-left","22":"mobile-align-left","24":"first","25":"instock","26":"sale","27":"shipping-taxable","28":"purchasable","29":"product-type-simple"},"acf":[],"uagb_featured_image_src":{"full":["https:\/\/vapestornado.com\/wp-content\/uploads\/2025\/11\/Bang-Legend-150K-Puff-Disposable-Vape.webp",800,800,false],"thumbnail":["https:\/\/vapestornado.com\/wp-content\/uploads\/2025\/11\/Bang-Legend-150K-Puff-Disposable-Vape-150x150.webp",150,150,true],"medium":["https:\/\/vapestornado.com\/wp-content\/uploads\/2025\/11\/Bang-Legend-150K-Puff-Disposable-Vape-300x300.webp",300,300,true],"medium_large":["https:\/\/vapestornado.com\/wp-content\/uploads\/2025\/11\/Bang-Legend-150K-Puff-Disposable-Vape-768x768.webp",768,768,true],"large":["https:\/\/vapestornado.com\/wp-content\/uploads\/2025\/11\/Bang-Legend-150K-Puff-Disposable-Vape.webp",800,800,false],"1536x1536":["https:\/\/vapestornado.com\/wp-content\/uploads\/2025\/11\/Bang-Legend-150K-Puff-Disposable-Vape.webp",800,800,false],"2048x2048":["https:\/\/vapestornado.com\/wp-content\/uploads\/2025\/11\/Bang-Legend-150K-Puff-Disposable-Vape.webp",800,800,false],"trp-custom-language-flag":["https:\/\/vapestornado.com\/wp-content\/uploads\/2025\/11\/Bang-Legend-150K-Puff-Disposable-Vape-12x12.webp",12,12,true],"woocommerce_thumbnail":["https:\/\/vapestornado.com\/wp-content\/uploads\/2025\/11\/Bang-Legend-150K-Puff-Disposable-Vape-300x300.webp",300,300,true],"woocommerce_single":["https:\/\/vapestornado.com\/wp-content\/uploads\/2025\/11\/Bang-Legend-150K-Puff-Disposable-Vape-600x600.webp",600,600,true],"woocommerce_gallery_thumbnail":["https:\/\/vapestornado.com\/wp-content\/uploads\/2025\/11\/Bang-Legend-150K-Puff-Disposable-Vape-100x100.webp",100,100,true]},"uagb_author_info":{"display_name":"ESAMY","author_link":"https:\/\/vapestornado.com\/ro\/author\/"},"uagb_comment_info":0,"uagb_excerpt":"Bang Legend 150000 Puffs 6 in 1 \u2014 Italy\u2019s Best-Selling Newest Disposable Vape Bang Legend 150K 6 in 1 Flavor Vape for EU Wholesalers \u2014 Powerful, Long-Lasting, Ready for Bulk Orders Bang Legend 150000 Puffs Disposable Vape \u2014 Premium 6-Flavor Rotation for Europe\u2019s Vape Market WhatsApp: +86 17776015835 &nbsp;","_links":{"self":[{"href":"https:\/\/vapestornado.com\/ro\/wp-json\/wp\/v2\/product\/4566","targetHints":{"allow":["GET"]}}],"collection":[{"href":"https:\/\/vapestornado.com\/ro\/wp-json\/wp\/v2\/product"}],"about":[{"href":"https:\/\/vapestornado.com\/ro\/wp-json\/wp\/v2\/types\/product"}],"replies":[{"embeddable":true,"href":"https:\/\/vapestornado.com\/ro\/wp-json\/wp\/v2\/comments?post=4566"}],"wp:featuredmedia":[{"embeddable":true,"href":"https:\/\/vapestornado.com\/ro\/wp-json\/wp\/v2\/media\/4560"}],"wp:attachment":[{"href":"https:\/\/vapestornado.com\/ro\/wp-json\/wp\/v2\/media?parent=4566"}],"wp:term":[{"taxonomy":"product_brand","embeddable":true,"href":"https:\/\/vapestornado.com\/ro\/wp-json\/wp\/v2\/product_brand?post=4566"},{"taxonomy":"product_cat","embeddable":true,"href":"https:\/\/vapestornado.com\/ro\/wp-json\/wp\/v2\/product_cat?post=4566"},{"taxonomy":"product_tag","embeddable":true,"href":"https:\/\/vapestornado.com\/ro\/wp-json\/wp\/v2\/product_tag?post=4566"}],"curies":[{"name":"wp","href":"https:\/\/api.w.org\/{rel}","templated":true}]}}