{"id":4544,"date":"2025-11-14T09:07:41","date_gmt":"2025-11-14T09:07:41","guid":{"rendered":"https:\/\/vapestornado.com\/?post_type=product&#038;p=4544"},"modified":"2025-11-17T07:46:36","modified_gmt":"2025-11-17T07:46:36","slug":"uor-120000-puff-120k-4-flavors-rechargeable-disposable-vape-shop-online","status":"publish","type":"product","link":"https:\/\/vapestornado.com\/ro\/product\/uor-120000-puff-120k-4-flavors-rechargeable-disposable-vape-shop-online\/","title":{"rendered":"UOR 120000 Puff 120K 4 Arome Re\u00eenc\u0103rcabil Vape de Unic\u0103 Folosin\u021b\u0103 Magazin Online"},"content":{"rendered":"<h2 data-pm-slice=\"1 1 []\">UOR 120000 Puff \u2013 Vape de Unic\u0103 Folosin\u021b\u0103 cu Comutare 4-Arome pentru Cump\u0103r\u0103torii din UE<\/h2>\n<p data-start=\"78\" data-end=\"577\">Sistemul <strong data-start=\"82\" data-end=\"101\">UOR 120000 Puf<\/strong> este construit pentru angrosi\u0219tii din UE \u0219i vaperii adul\u021bi tineri care doresc rezisten\u021b\u0103 maxim\u0103, livrare puternic\u0103 a aromei \u0219i operare simpl\u0103. Acest <strong data-start=\"232\" data-end=\"249\">UOR 120k Puf<\/strong> dispozitiv dispune de un <strong data-start=\"268\" data-end=\"295\">sistem de comutare 4-\u00een-1<\/strong>, permi\u021b\u00e2nd utilizatorilor s\u0103 roteasc\u0103 instantaneu \u00eentre patru rezervoare de arom\u0103 premium - f\u0103r\u0103 reumplere, f\u0103r\u0103 mizerie, doar tranzi\u021bii curate la fiecare clic. Proiectat pentru <strong data-start=\"443\" data-end=\"464\">Vape UE V\u00e2nzare cu Ridicata<\/strong>, dispozitivul combin\u0103 durata lung\u0103 de via\u021b\u0103 \u0219i performan\u021ba stabil\u0103, potrivit\u0103 at\u00e2t pentru rafturile de v\u00e2nzare cu am\u0103nuntul, c\u00e2t \u0219i pentru magazinele online de vape.<\/p>\n<p data-start=\"579\" data-end=\"998\">Cu <strong data-start=\"584\" data-end=\"612\">Capacitate e-lichid 4\u00d716ml<\/strong>, fiecare pod con\u021bine suficient pentru utilizare prelungit\u0103, sus\u021binut de un <strong data-start=\"669\" data-end=\"707\">Baterie re\u00eenc\u0103rcabil\u0103 de 650mAh Type-C<\/strong>. Acesta <strong data-start=\"713\" data-end=\"731\">de tip mesh de 1.0\u03a9<\/strong> asigur\u0103 o densitate constant\u0103 a vaporilor \u0219i o separare curat\u0103 a aromei pentru fiecare dintre cele patru amestecuri \u00eencorporate. Ca un <strong data-start=\"836\" data-end=\"863\">Vape Digital de Unic\u0103 Folosin\u021b\u0103<\/strong>, ofer\u0103 o tragere lin\u0103 cu eficien\u021b\u0103 modern\u0103, f\u0103c\u00e2ndu-l o alegere popular\u0103 printre consumatorii din UE care caut\u0103 dispozitive multi-arom\u0103 cu multe pufuri.<\/p>\n<p data-start=\"1000\" data-end=\"1408\">Aceast\u0103 selec\u021bie de arome atent curated a modelului, \u00een special combina\u021biile precum <em data-start=\"1065\" data-end=\"1088\">C\u0103p\u0219uni \u0219i Pepene Verde<\/em>, <em data-start=\"1090\" data-end=\"1116\">Kiwi Fructul Pasiunii Guava<\/em>, <em data-start=\"1118\" data-end=\"1129\">Ghea\u021b\u0103 de Mango<\/em>\u0219i <em data-start=\"1135\" data-end=\"1158\">Pepene Verde Sour Piersic\u0103<\/em>, creeaz\u0103 o aventur\u0103 din \u201eTropical Frost\u201d din dulcea\u021ba fructelor luminoase p\u00e2n\u0103 la finisaje reci \u0219i r\u0103coritoare. Pentru distribuitorii din Rom\u00e2nia, <strong data-start=\"1288\" data-end=\"1307\">UOR 120000 Puf<\/strong> ofer\u0103 marje mari, aprovizionare fiabil\u0103 \u0219i cerere competitiv\u0103 pe pie\u021bele de var\u0103 \u0219i pe tot parcursul anului.<\/p>\n<p data-start=\"666\" data-end=\"1235\"><strong style=\"font-size: 16px;\"><span style=\"color: #ff0000;\">Adaug\u0103-o pe Amy pe WhatsApp pentru a ob\u021bine un r\u0103spuns rapid \u0219i un pre\u021b redus!<\/span><\/strong><\/p>\n<p><img fetchpriority=\"high\" decoding=\"async\" class=\"size-full wp-image-2932\" src=\"https:\/\/vapestornado.com\/wp-content\/uploads\/2024\/12\/Vape-Wholesale.jpg\" alt=\"\u021aig\u0103ri electronice cu ridicata\" width=\"229\" height=\"300\" \/><\/p>\n<h3><a href=\"https:\/\/wa.me\/8617776015835\" target=\"_blank\" rel=\"noopener\"><span style=\"color: #ff0000;\"><strong>WhatsApp: +86 17776015835<\/strong><\/span><\/a><\/h3>\n<p>&nbsp;<\/p>\n<h2><strong>Ce face ca UOR 120000 Puff Dispozitivul de Vape Standout?<\/strong><\/h2>\n<ul data-start=\"1447\" data-end=\"1657\">\n<li data-start=\"1447\" data-end=\"1482\">\n<p data-start=\"1449\" data-end=\"1482\"><strong data-start=\"1449\" data-end=\"1467\">Capacitate Puff-uri:<\/strong> 120000 de pufuri<\/p>\n<\/li>\n<li data-start=\"1483\" data-end=\"1512\">\n<p data-start=\"1485\" data-end=\"1512\"><strong data-start=\"1485\" data-end=\"1497\">E-Juice:<\/strong> Rezervor 4\u00d716ml<\/p>\n<\/li>\n<li data-start=\"1513\" data-end=\"1556\">\n<p data-start=\"1515\" data-end=\"1556\"><strong data-start=\"1515\" data-end=\"1533\">Schimbare de arom\u0103:<\/strong> 4 arome ajustabile<\/p>\n<\/li>\n<li data-start=\"1557\" data-end=\"1601\">\n<p data-start=\"1559\" data-end=\"1601\"><strong data-start=\"1559\" data-end=\"1571\">Baterie:<\/strong> 650mAh, re\u00eenc\u0103rcabil Type-C<\/p>\n<\/li>\n<li data-start=\"1602\" data-end=\"1625\">\n<p data-start=\"1604\" data-end=\"1625\"><strong data-start=\"1604\" data-end=\"1613\">Rezisten\u021b\u0103:<\/strong> mesh 1.0\u03a9<\/p>\n<\/li>\n<li data-start=\"1626\" data-end=\"1657\">\n<p data-start=\"1628\" data-end=\"1657\"><strong data-start=\"1628\" data-end=\"1639\">Greutate:<\/strong> 145g pe dispozitiv<\/p>\n<\/li>\n<\/ul>\n<h2 class=\"product-title\"><strong>Lista de arome pentru Vape-uri Dispozabile UOR 120k Puff<\/strong><\/h2>\n<h3 data-start=\"1664\" data-end=\"1692\"><\/h3>\n<ol data-start=\"1693\" data-end=\"2434\">\n<li data-start=\"1693\" data-end=\"1761\">\n<p data-start=\"1696\" data-end=\"1761\">Pepene Verde Ghea\u021b\u0103 \/ Afine Ment\u0103 \/ M\u0103r Fuji Ghea\u021b\u0103 \/ Lime Romance<\/p>\n<\/li>\n<li data-start=\"1762\" data-end=\"1837\">\n<p data-start=\"1765\" data-end=\"1837\">Pepene Verde Ghea\u021b\u0103 \/ Cire\u0219e Afine \/ Summer Time \/ Mango Sour Ananas<\/p>\n<\/li>\n<li data-start=\"1838\" data-end=\"1904\">\n<p data-start=\"1841\" data-end=\"1904\">Afine Ghea\u021b\u0103 \/ Piersic\u0103 Ghea\u021b\u0103 \/ Dulce de Bine \/ L\u0103m\u00e2ie Sour Portocaliu<\/p>\n<\/li>\n<li data-start=\"1905\" data-end=\"1977\">\n<p data-start=\"1908\" data-end=\"1977\">Afine Ghea\u021b\u0103 \/ Piersic\u0103 Mango Pepene Verde \/ S\u0103rut Passion \/ Melon M\u0103r<\/p>\n<\/li>\n<li data-start=\"1978\" data-end=\"2058\">\n<p data-start=\"1981\" data-end=\"2058\">Afine Zmeur\u0103 \/ Fructe Mixte \/ Cire\u0219e California \/ Mango Fruct Passion<\/p>\n<\/li>\n<li data-start=\"2059\" data-end=\"2126\">\n<p data-start=\"2062\" data-end=\"2126\">Zmeur\u0103 Afine \/ Strugure Ghea\u021b\u0103 \/ Fructe de P\u0103dure Ghea\u021b\u0103 \/ Aloe Mango Pepene Verde<\/p>\n<\/li>\n<li data-start=\"2127\" data-end=\"2203\">\n<p data-start=\"2130\" data-end=\"2203\">B\u0103utur\u0103 Energizant \/ Afine Pepene Verde \/ M\u0103r Sour Zmeur\u0103 \/ Urs de Gum\u0103<\/p>\n<\/li>\n<li data-start=\"2204\" data-end=\"2271\">\n<p data-start=\"2207\" data-end=\"2271\">C\u0103p\u0219uni Mango \/ Gum\u0103 de mestecat cu pepene verde \/ Mojito Ro\u0219u \/ LOVE66<\/p>\n<\/li>\n<li data-start=\"2272\" data-end=\"2343\">\n<p data-start=\"2275\" data-end=\"2343\">C\u0103p\u0219uni Pepene Verde \/ Ghea\u021b\u0103 Neagr\u0103 \/ Pepene Triplu \/ Afine Struguri<\/p>\n<\/li>\n<li data-start=\"2344\" data-end=\"2434\">\n<p data-start=\"2348\" data-end=\"2434\">C\u0103p\u0219uni Pepene Verde \/ Kiwi Fructul Pasiunii Guava \/ Mango cu Ghea\u021b\u0103 \/ Pepene Verde Piersic\u0103 Acr\u0103<\/p>\n<\/li>\n<\/ol>\n<figure id=\"attachment_4548\" aria-describedby=\"caption-attachment-4548\" style=\"width: 300px\" class=\"wp-caption alignnone\"><img decoding=\"async\" class=\"size-medium wp-image-4548\" src=\"https:\/\/vapestornado.com\/wp-content\/uploads\/2025\/11\/UOR-4-in-1-Flavors-120K-Puffs-4-Distinct-Flavors-Smart-Screen-Vape-300x300.webp\" alt=\"UOR 4 \u00een 1 Arome 120K Pufuri 4 Arome Distincte Vape cu Ecran Inteligent\" width=\"300\" height=\"300\" srcset=\"https:\/\/vapestornado.com\/wp-content\/uploads\/2025\/11\/UOR-4-in-1-Flavors-120K-Puffs-4-Distinct-Flavors-Smart-Screen-Vape-300x300.webp 300w, https:\/\/vapestornado.com\/wp-content\/uploads\/2025\/11\/UOR-4-in-1-Flavors-120K-Puffs-4-Distinct-Flavors-Smart-Screen-Vape-150x150.webp 150w, https:\/\/vapestornado.com\/wp-content\/uploads\/2025\/11\/UOR-4-in-1-Flavors-120K-Puffs-4-Distinct-Flavors-Smart-Screen-Vape-768x768.webp 768w, https:\/\/vapestornado.com\/wp-content\/uploads\/2025\/11\/UOR-4-in-1-Flavors-120K-Puffs-4-Distinct-Flavors-Smart-Screen-Vape-12x12.webp 12w, https:\/\/vapestornado.com\/wp-content\/uploads\/2025\/11\/UOR-4-in-1-Flavors-120K-Puffs-4-Distinct-Flavors-Smart-Screen-Vape-600x600.webp 600w, https:\/\/vapestornado.com\/wp-content\/uploads\/2025\/11\/UOR-4-in-1-Flavors-120K-Puffs-4-Distinct-Flavors-Smart-Screen-Vape-100x100.webp 100w, https:\/\/vapestornado.com\/wp-content\/uploads\/2025\/11\/UOR-4-in-1-Flavors-120K-Puffs-4-Distinct-Flavors-Smart-Screen-Vape.webp 800w\" sizes=\"(max-width: 300px) 100vw, 300px\" \/><figcaption id=\"caption-attachment-4548\" class=\"wp-caption-text\">UOR 4 \u00een 1 Arome 120K Pufuri 4 Arome Distincte Vape cu Ecran Inteligent<\/figcaption><\/figure>\n<h2>De ce s\u0103 alege\u021bi Vapestornado pentru achizi\u021bii en-gros UOR 120000 Pufuri?<\/h2>\n<div class=\"flex-shrink-0 flex flex-col relative items-end\">\n<div class=\"pt-0\">\n<div class=\"gizmo-bot-avatar flex h-8 w-8 items-center justify-center overflow-hidden rounded-full\">\n<div class=\"relative p-1 rounded-sm flex items-center justify-center bg-token-main-surface-primary text-token-text-primary h-8 w-8\">\n<p>At\u00a0<strong>Vape Tornado<\/strong>, ne m\u00e2ndrim cu furnizarea de\u00a0<strong>produse de vapat premium la pre\u021buri imbatabile<\/strong>\u00a0Iat\u0103 de ce ar trebui s\u0103 cumperi de la noi:<\/p>\n<p data-start=\"235\" data-end=\"360\"><strong data-start=\"235\" data-end=\"261\">Cele mai bune oferte en gros<\/strong> \u2013 Bucur\u0103-te <strong data-start=\"270\" data-end=\"297\">pre\u021buri en-gros cu marj\u0103 ridicat\u0103<\/strong> adaptate pentru rev\u00e2nz\u0103tori, distribuitori de vape-uri \u0219i magazine de v\u00e2nzare cu am\u0103nuntul.<\/p>\n<p data-start=\"362\" data-end=\"513\"><strong data-start=\"362\" data-end=\"400\">\u2714 Livrare Rapid\u0103 \u0219i Sigur\u0103 \u00een \u00centreaga Lume<\/strong> \u2013 Ne asigur\u0103m <strong data-start=\"413\" data-end=\"443\">livrare prompt\u0103, cu urm\u0103rire<\/strong> \u00een toat\u0103 Europa \u0219i nu numai, astfel \u00eenc\u00e2t stocul dumneavoastr\u0103 s\u0103 ajung\u0103 \u00een siguran\u021b\u0103 \u0219i la timp.<\/p>\n<p data-start=\"515\" data-end=\"646\"><strong data-start=\"515\" data-end=\"542\">\u2714 Produse Autentice 100%<\/strong> \u2013 Fiecare <strong data-start=\"551\" data-end=\"578\">vape WASPE Triple 60000<\/strong> pe care \u00eel vindem este <strong data-start=\"590\" data-end=\"625\">autentic \u0219i certificat de fabric\u0103<\/strong>, niciodat\u0103 imita\u021bii.<\/p>\n<p data-start=\"648\" data-end=\"799\"><strong data-start=\"648\" data-end=\"676\">\u2714 Echip\u0103 de Asisten\u021b\u0103 Dedicat\u0103<\/strong> \u2013 Ave\u021bi nevoie de ajutor? Speciali\u0219tii no\u0219tri \u00een <strong data-start=\"694\" data-end=\"733\">vape-uri sunt disponibili 24\/7<\/strong>, gata s\u0103 v\u0103 r\u0103spund\u0103 la \u00eentreb\u0103ri \u0219i s\u0103 v\u0103 ajute cu comenzile oric\u00e2nd.<\/p>\n<p>&nbsp;<\/p>\n<p data-start=\"559\" data-end=\"933\" data-is-last-node=\"\" data-is-only-node=\"\">Avem, de asemenea, alte vape-uri populare de unic\u0103 folosin\u021b\u0103 cu ecran, cum ar fi <a href=\"https:\/\/vapestornado.com\/ro\/product\/uzy-150k-puffs-6-in-1-flavor-switch-disposable-vape-pen-wholesale\/\">Vape cu schimbare de arom\u0103 UZY 150K Puff<\/a>, <a href=\"https:\/\/vapestornado.com\/ro\/product\/vozol-rave-40k-40000-puffs-disposable-vape-smart-screen-5-nicotine\/\">VOZOL RAVE 40K Vape de unic\u0103 folosin\u021b\u0103<\/a>, <a href=\"https:\/\/vapestornado.com\/ro\/product\/waspe-150k-150000-puff-6-in-1-disposable-vape-pen-cartridge-best-wholesale-price-in-poland\/\">WASPE 150K Pufuri 6 \u00een 1<\/a>, \u0219i altele.<\/p>\n<\/div>\n<div class=\"relative p-1 rounded-sm flex items-center justify-center bg-token-main-surface-primary text-token-text-primary h-8 w-8\">\n<h2>\u00centreb\u0103ri frecvente despre UOR 120000 Pufuri<\/h2>\n<p data-start=\"2474\" data-end=\"2646\"><strong data-start=\"2474\" data-end=\"2523\">1. Cum func\u021bioneaz\u0103 sistemul de comutare a aromei?<\/strong><br data-start=\"2523\" data-end=\"2526\" \/>Sistemul <strong data-start=\"2530\" data-end=\"2559\">Comutare Vape de Unic\u0103 Folosin\u021b\u0103<\/strong> designul folose\u0219te patru rezervoare separate de 16 ml. Roti\u021bi comutatorul pentru a schimba aromele instantaneu.<\/p>\n<p data-start=\"2648\" data-end=\"2797\"><strong data-start=\"2648\" data-end=\"2689\">2. UOR 120k Puf este re\u00eenc\u0103rcabil?<\/strong><br data-start=\"2689\" data-end=\"2692\" \/>Da, include un <strong data-start=\"2711\" data-end=\"2736\">Baterie de 650mAh Tip-C<\/strong>, oferind utilizatorilor o putere stabil\u0103 p\u00e2n\u0103 c\u00e2nd toate aromele sunt terminate.<\/p>\n<p data-start=\"2799\" data-end=\"2917\"><strong data-start=\"2799\" data-end=\"2836\">3. Ce bobin\u0103 folose\u0219te dispozitivul?<\/strong><br data-start=\"2836\" data-end=\"2839\" \/>Folose\u0219te un <strong data-start=\"2849\" data-end=\"2867\">de tip mesh de 1.0\u03a9<\/strong>, optimizat pentru vapori fini \u0219i gust precis.<\/p>\n<p data-start=\"2919\" data-end=\"3102\"><strong data-start=\"2919\" data-end=\"2967\">4. Este potrivit pentru comenzile angro din UE?<\/strong><br data-start=\"2967\" data-end=\"2970\" \/>Absolut \u2014 <strong data-start=\"2987\" data-end=\"3006\">UOR 120000 Puf<\/strong> este un performer puternic \u00een <strong data-start=\"3032\" data-end=\"3053\">Vape UE V\u00e2nzare cu Ridicata<\/strong>, cu un num\u0103r mare de pufuri \u0219i un apel multi-aroma.<\/p>\n<p data-start=\"3104\" data-end=\"3259\"><strong data-start=\"3104\" data-end=\"3145\">5. Este acest dispozitiv bun pentru utilizatorii noi?<\/strong><br data-start=\"3145\" data-end=\"3148\" \/>Da. Este un <strong data-start=\"3161\" data-end=\"3188\">Vape Digital de Unic\u0103 Folosin\u021b\u0103<\/strong> cu activare de retragere \u0219i comutare simpl\u0103, f\u0103r\u0103 nevoie de \u00eentre\u021binere.<\/p>\n<\/div>\n<\/div>\n<\/div>\n<\/div>","protected":false},"excerpt":{"rendered":"<article class=\"text-token-text-primary w-full focus:outline-none [--shadow-height:45px] has-data-writing-block:pointer-events-none has-data-writing-block:-mt-(--shadow-height) has-data-writing-block:pt-(--shadow-height) [&amp;:has([data-writing-block])&gt;*]:pointer-events-auto [content-visibility:auto] supports-[content-visibility:auto]:[contain-intrinsic-size:auto_100lvh] scroll-mt-[calc(var(--header-height)+min(200px,max(70px,20svh)))]\" dir=\"auto\" tabindex=\"-1\" data-turn-id=\"86ca9d92-7a10-4e6b-bda0-15f9df36adca\" data-testid=\"conversation-turn-120\" data-scroll-anchor=\"true\" data-turn=\"assistant\">\n<div class=\"text-base my-auto mx-auto pb-10 [--thread-content-margin:--spacing(4)] thread-sm:[--thread-content-margin:--spacing(6)] thread-lg:[--thread-content-margin:--spacing(16)] px-(--thread-content-margin)\">\n<div class=\"[--thread-content-max-width:40rem] thread-lg:[--thread-content-max-width:48rem] mx-auto max-w-(--thread-content-max-width) flex-1 group\/turn-messages focus-visible:outline-hidden relative flex w-full min-w-0 flex-col agent-turn\" tabindex=\"-1\">\n<div class=\"flex max-w-full flex-col grow\">\n<div class=\"min-h-8 text-message relative flex w-full flex-col items-end gap-2 text-start break-words whitespace-normal [.text-message+&amp;]:mt-1\" dir=\"auto\" data-message-author-role=\"assistant\" data-message-id=\"43b070d6-bf28-4fbe-8049-1032a61ea3ac\" data-message-model-slug=\"gpt-5\">\n<div class=\"flex w-full flex-col gap-1 empty:hidden first:pt-[1px]\">\n<div class=\"markdown prose dark:prose-invert w-full break-words light markdown-new-styling\">\n<article class=\"text-token-text-primary w-full focus:outline-none [--shadow-height:45px] has-data-writing-block:pointer-events-none has-data-writing-block:-mt-(--shadow-height) has-data-writing-block:pt-(--shadow-height) [&amp;:has([data-writing-block])&gt;*]:pointer-events-auto [content-visibility:auto] supports-[content-visibility:auto]:[contain-intrinsic-size:auto_100lvh] scroll-mt-[calc(var(--header-height)+min(200px,max(70px,20svh)))]\" dir=\"auto\" tabindex=\"-1\" data-turn-id=\"4d6f00b8-d41a-438b-8912-05a895842882\" data-testid=\"conversation-turn-130\" data-scroll-anchor=\"true\" data-turn=\"assistant\">\n<div class=\"text-base my-auto mx-auto pb-10 [--thread-content-margin:--spacing(4)] thread-sm:[--thread-content-margin:--spacing(6)] thread-lg:[--thread-content-margin:--spacing(16)] px-(--thread-content-margin)\">\n<div class=\"[--thread-content-max-width:40rem] thread-lg:[--thread-content-max-width:48rem] mx-auto max-w-(--thread-content-max-width) flex-1 group\/turn-messages focus-visible:outline-hidden relative flex w-full min-w-0 flex-col agent-turn\" tabindex=\"-1\">\n<div class=\"flex max-w-full flex-col grow\">\n<div class=\"min-h-8 text-message relative flex w-full flex-col items-end gap-2 text-start break-words whitespace-normal [.text-message+&amp;]:mt-1\" dir=\"auto\" data-message-author-role=\"assistant\" data-message-id=\"f3c520bf-c043-4392-87ea-b3bf1b3ae6d3\" data-message-model-slug=\"gpt-5-1\">\n<div class=\"flex w-full flex-col gap-1 empty:hidden first:pt-[1px]\">\n<div class=\"markdown prose dark:prose-invert w-full break-words light markdown-new-styling\">\n<p data-start=\"3562\" data-end=\"3657\"><strong data-start=\"3562\" data-end=\"3655\">UOR 120K Puff Vape cu Comutare 4-Arome \u2013 120000 Puff Re\u00eenc\u0103rcabil de Unic\u0103 Folosin\u021b\u0103 pentru V\u00e2nzare cu Ridicata \u00een UE<\/strong><\/p>\n<p data-start=\"3661\" data-end=\"3753\"><strong data-start=\"3661\" data-end=\"3751\">Cump\u0103r\u0103 UOR 120000 Puff Online \u2013 Vape Digital de Unic\u0103 Folosin\u021b\u0103 Multi-Arom\u0103 cu \u00cenc\u0103rcare Type-C<\/strong><\/p>\n<p data-start=\"3757\" data-end=\"3844\" data-is-last-node=\"\"><strong data-start=\"3757\" data-end=\"3844\" data-is-last-node=\"\">UOR 120K 4-\u00een-1 Vape \u2013 120000 Puff de Unic\u0103 Folosin\u021b\u0103 cu Durat\u0103 Lung\u0103 de Via\u021b\u0103 pentru V\u00e2nzare cu Am\u0103nuntul \u0219i Comenzi En-Gros \u00een UE<\/strong><\/p>\n<\/div>\n<\/div>\n<\/div>\n<\/div>\n<div class=\"z-0 flex min-h-[46px] justify-start\"><\/div>\n<div class=\"mt-3 w-full empty:hidden\">\n<div class=\"text-center\"><\/div>\n<\/div>\n<\/div>\n<\/div>\n<\/article>\n<div class=\"pointer-events-none h-px w-px\" aria-hidden=\"true\" data-edge=\"true\"><\/div>\n<\/div>\n<\/div>\n<\/div>\n<\/div>\n<\/div>\n<\/div>\n<\/article>\n<p><img fetchpriority=\"high\" decoding=\"async\" class=\"size-full wp-image-2932\" src=\"https:\/\/vapestornado.com\/wp-content\/uploads\/2024\/12\/Vape-Wholesale.jpg\" alt=\"\u021aig\u0103ri electronice cu ridicata\" width=\"229\" height=\"300\" \/><\/p>\n<h3><a href=\"https:\/\/wa.me\/8617776015835\"><span style=\"color: #ff0000;\"><strong>WhatsApp: +86 17776015835<\/strong><\/span><\/a><\/h3>\n<p>&nbsp;<\/p>","protected":false},"featured_media":4547,"comment_status":"open","ping_status":"closed","template":"","meta":{"_acf_changed":false,"_uag_custom_page_level_css":"","_lmt_disableupdate":"no","_lmt_disable":"","_monsterinsights_skip_tracking":false,"_monsterinsights_sitenote_active":false,"_monsterinsights_sitenote_note":"","_monsterinsights_sitenote_category":0,"site-sidebar-layout":"default","site-content-layout":"","ast-site-content-layout":"default","site-content-style":"default","site-sidebar-style":"default","ast-global-header-display":"","ast-banner-title-visibility":"","ast-main-header-display":"","ast-hfb-above-header-display":"","ast-hfb-below-header-display":"","ast-hfb-mobile-header-display":"","site-post-title":"","ast-breadcrumbs-content":"","ast-featured-img":"","footer-sml-layout":"","ast-disable-related-posts":"","theme-transparent-header-meta":"default","adv-header-id-meta":"","stick-header-meta":"","header-above-stick-meta":"","header-main-stick-meta":"","header-below-stick-meta":"","astra-migrate-meta-layouts":"set","ast-page-background-enabled":"default","ast-page-background-meta":{"desktop":{"background-color":"","background-image":"","background-repeat":"repeat","background-position":"center center","background-size":"auto","background-attachment":"scroll","background-type":"","background-media":"","overlay-type":"","overlay-color":"","overlay-opacity":"","overlay-gradient":""},"tablet":{"background-color":"","background-image":"","background-repeat":"repeat","background-position":"center center","background-size":"auto","background-attachment":"scroll","background-type":"","background-media":"","overlay-type":"","overlay-color":"","overlay-opacity":"","overlay-gradient":""},"mobile":{"background-color":"","background-image":"","background-repeat":"repeat","background-position":"center center","background-size":"auto","background-attachment":"scroll","background-type":"","background-media":"","overlay-type":"","overlay-color":"","overlay-opacity":"","overlay-gradient":""}},"ast-content-background-meta":{"desktop":{"background-color":"var(--ast-global-color-5)","background-image":"","background-repeat":"repeat","background-position":"center center","background-size":"auto","background-attachment":"scroll","background-type":"","background-media":"","overlay-type":"","overlay-color":"","overlay-opacity":"","overlay-gradient":""},"tablet":{"background-color":"var(--ast-global-color-5)","background-image":"","background-repeat":"repeat","background-position":"center center","background-size":"auto","background-attachment":"scroll","background-type":"","background-media":"","overlay-type":"","overlay-color":"","overlay-opacity":"","overlay-gradient":""},"mobile":{"background-color":"var(--ast-global-color-5)","background-image":"","background-repeat":"repeat","background-position":"center center","background-size":"auto","background-attachment":"scroll","background-type":"","background-media":"","overlay-type":"","overlay-color":"","overlay-opacity":"","overlay-gradient":""}},"_joinchat":{"telephone":"17776015835"}},"product_brand":[],"product_cat":[347,149,150,156,143,357,146],"product_tag":[105,427,94,436,434,433,435,301],"class_list":{"0":"post-4544","1":"product","2":"type-product","3":"status-publish","4":"has-post-thumbnail","6":"product_cat-120000-puff","7":"product_cat-buy-disposable-vapes-in-austria","8":"product_cat-buy-disposable-vapes-in-belgium","9":"product_cat-buy-disposable-vapes-in-poland","10":"product_cat-dual-mesh-disposable-vapes","11":"product_cat-flavor-adjustable-vape","12":"product_cat-rechargeable-disposable-vapes","13":"product_tag-digital-disposable-vape","14":"product_tag-multi-flaovr-vape","15":"product_tag-rechargeable-disposable-vape","16":"product_tag-shop-vape-online","17":"product_tag-uor-120000-puffs","18":"product_tag-uor-120k-puff","19":"product_tag-vape-eu-wholesale","20":"product_tag-vapor-wholesale","21":"desktop-align-left","22":"tablet-align-left","23":"mobile-align-left","25":"first","26":"instock","27":"sale","28":"shipping-taxable","29":"purchasable","30":"product-type-simple"},"acf":[],"uagb_featured_image_src":{"full":["https:\/\/vapestornado.com\/wp-content\/uploads\/2025\/11\/The-UOR-120K-is-very-popular-in-the-European-Disposable-Vape-Wholesale.webp",800,800,false],"thumbnail":["https:\/\/vapestornado.com\/wp-content\/uploads\/2025\/11\/The-UOR-120K-is-very-popular-in-the-European-Disposable-Vape-Wholesale-150x150.webp",150,150,true],"medium":["https:\/\/vapestornado.com\/wp-content\/uploads\/2025\/11\/The-UOR-120K-is-very-popular-in-the-European-Disposable-Vape-Wholesale-300x300.webp",300,300,true],"medium_large":["https:\/\/vapestornado.com\/wp-content\/uploads\/2025\/11\/The-UOR-120K-is-very-popular-in-the-European-Disposable-Vape-Wholesale-768x768.webp",768,768,true],"large":["https:\/\/vapestornado.com\/wp-content\/uploads\/2025\/11\/The-UOR-120K-is-very-popular-in-the-European-Disposable-Vape-Wholesale.webp",800,800,false],"1536x1536":["https:\/\/vapestornado.com\/wp-content\/uploads\/2025\/11\/The-UOR-120K-is-very-popular-in-the-European-Disposable-Vape-Wholesale.webp",800,800,false],"2048x2048":["https:\/\/vapestornado.com\/wp-content\/uploads\/2025\/11\/The-UOR-120K-is-very-popular-in-the-European-Disposable-Vape-Wholesale.webp",800,800,false],"trp-custom-language-flag":["https:\/\/vapestornado.com\/wp-content\/uploads\/2025\/11\/The-UOR-120K-is-very-popular-in-the-European-Disposable-Vape-Wholesale-12x12.webp",12,12,true],"woocommerce_thumbnail":["https:\/\/vapestornado.com\/wp-content\/uploads\/2025\/11\/The-UOR-120K-is-very-popular-in-the-European-Disposable-Vape-Wholesale-300x300.webp",300,300,true],"woocommerce_single":["https:\/\/vapestornado.com\/wp-content\/uploads\/2025\/11\/The-UOR-120K-is-very-popular-in-the-European-Disposable-Vape-Wholesale-600x600.webp",600,600,true],"woocommerce_gallery_thumbnail":["https:\/\/vapestornado.com\/wp-content\/uploads\/2025\/11\/The-UOR-120K-is-very-popular-in-the-European-Disposable-Vape-Wholesale-100x100.webp",100,100,true]},"uagb_author_info":{"display_name":"ESAMY","author_link":"https:\/\/vapestornado.com\/ro\/author\/"},"uagb_comment_info":1,"uagb_excerpt":"UOR 120K Puff 4-Flavor Switch Vape \u2013 120000 Puff Rechargeable Disposable for EU Wholesale Buy UOR 120000 Puff Online \u2013 Multi-Flavor Digital Disposable Vape with Type-C Charging UOR 120K 4-in-1 Vape \u2013 120000 Puff Long-Life Disposable for EU Retail &amp; Bulk Orders WhatsApp: +86 17776015835 &nbsp;","_links":{"self":[{"href":"https:\/\/vapestornado.com\/ro\/wp-json\/wp\/v2\/product\/4544","targetHints":{"allow":["GET"]}}],"collection":[{"href":"https:\/\/vapestornado.com\/ro\/wp-json\/wp\/v2\/product"}],"about":[{"href":"https:\/\/vapestornado.com\/ro\/wp-json\/wp\/v2\/types\/product"}],"replies":[{"embeddable":true,"href":"https:\/\/vapestornado.com\/ro\/wp-json\/wp\/v2\/comments?post=4544"}],"wp:featuredmedia":[{"embeddable":true,"href":"https:\/\/vapestornado.com\/ro\/wp-json\/wp\/v2\/media\/4547"}],"wp:attachment":[{"href":"https:\/\/vapestornado.com\/ro\/wp-json\/wp\/v2\/media?parent=4544"}],"wp:term":[{"taxonomy":"product_brand","embeddable":true,"href":"https:\/\/vapestornado.com\/ro\/wp-json\/wp\/v2\/product_brand?post=4544"},{"taxonomy":"product_cat","embeddable":true,"href":"https:\/\/vapestornado.com\/ro\/wp-json\/wp\/v2\/product_cat?post=4544"},{"taxonomy":"product_tag","embeddable":true,"href":"https:\/\/vapestornado.com\/ro\/wp-json\/wp\/v2\/product_tag?post=4544"}],"curies":[{"name":"wp","href":"https:\/\/api.w.org\/{rel}","templated":true}]}}